{"id":1058,"date":"2019-03-05T15:56:03","date_gmt":"2019-03-05T15:56:03","guid":{"rendered":"http:\/\/sonographycanada.ca\/?page_id=1058"},"modified":"2022-08-04T14:00:34","modified_gmt":"2022-08-04T14:00:34","slug":"video-library","status":"publish","type":"page","link":"https:\/\/sonographycanada.ca\/fr\/membres\/video-library","title":{"rendered":"Vid\u00e9oth\u00e8que"},"content":{"rendered":"<p class=\"has-medium-font-size\">Les certificats d\u2019ach\u00e8vement sont automatiquement enregistr\u00e9s dans votre compte de membre (&lt;&lt;Mon compte>>) et peuvent \u00eatre t\u00e9l\u00e9charg\u00e9s \u00e0 partir de celui-ci. <\/p><h2 class=\"has-text-align-center wp-block-heading\">SONOcon 2021<\/h2><h3 class=\"has-vivid-red-color has-text-color has-text-align-center wp-block-heading\">AVIS : Les sessions enregistr\u00e9es de SONOcon 2021 sont uniquement  accessibles aux participants inscrits \u00e0 la conf\u00e9rence.<\/h3><p>*** <em>Veuillez noter que le contenu des sessions est uniquement disponible en anglais.<\/em><\/p><ul class=\"wp-block-list\"><li><a href=\"https:\/\/sonographycanada.ca\/courses\/too-much-fibre-restrictive-cardiomyopathy\">Too Much Fibre? Restrictive Cardiomyopathy<\/a><\/li><li><a href=\"https:\/\/sonographycanada.ca\/courses\/hope-forward-steadying-our-steps-after-a-challenging-season\">Hope-Forward: Steadying Our Steps After a Challenging Season<\/a><\/li><li><a href=\"https:\/\/sonographycanada.ca\/courses\/state-of-the-heart-biopsy\">State of the Heart Biopsy<\/a><\/li><li><a href=\"https:\/\/sonographycanada.ca\/courses\/axillary-lymph-nodes-in-the-setting-of-breast-cancer-and-covid-19-vaccination\">Axillary Lymph Nodes in the Setting of Breast Cancer and COVID 19 Vaccination<\/a><\/li><li><a href=\"https:\/\/sonographycanada.ca\/courses\/sonography-canada-town-hall\">Sonography Canada Town Hall<\/a><\/li><li><a href=\"https:\/\/sonographycanada.ca\/courses\/the-toe-brachial-index-beyond-the-abi\">The Toe &#8212; Brachial Index Beyond the ABI<\/a><\/li><li><a href=\"https:\/\/sonographycanada.ca\/courses\/just-keep-scanning\">Just keep scanning &#8230;<\/a><\/li><li><a href=\"https:\/\/sonographycanada.ca\/courses\/making-a-difference\">Making a difference<\/a><\/li><li><a href=\"https:\/\/sonographycanada.ca\/courses\/deep-focus-on-safety-the-secret-to-hardiness\">Deep Focus on Safety &#8211; the Secret to Hardiness<\/a><\/li><li><a href=\"https:\/\/sonographycanada.ca\/courses\/3d-ultrasound-techniques-for-evaluation-of-synovitis-in-patients-with-osteoarthritis\">3D Ultrasound Techniques for Evaluation of Synovitis in Patients with Osteoarthritis<\/a><\/li><li><a href=\"https:\/\/sonographycanada.ca\/courses\/the-magic-behind-the-wand\">The Magic Behind the Wand<\/a><\/li><li><a href=\"https:\/\/sonographycanada.ca\/courses\/the-fine-art-of-the-carotid-ultrasound\">The Fine Art of the Carotid Ultrasound<\/a><\/li><li><a href=\"https:\/\/sonographycanada.ca\/courses\/regulatory-panel-discussion\">Regulatory Panel Discussion<\/a><\/li><li><a href=\"https:\/\/sonographycanada.ca\/courses\/ultrasound-of-the-appendix\">Ultrasound of the Appendix<\/a><\/li><li><a href=\"https:\/\/sonographycanada.ca\/courses\/hepatic-ultrasound-in-hereditary-hemorrhagic-telangiectasia\">Hepatic Ultrasound in Hereditary Hemorrhagic Telangiectasia<\/a><\/li><li><a href=\"https:\/\/sonographycanada.ca\/courses\/intro-to-lung-ultrasound-for-sonographers\">Intro to Lung Ultrasound for Sonographers<\/a><\/li><li><a href=\"https:\/\/sonographycanada.ca\/courses\/pediatric-ultrasound-for-the-generalist-sonographer-in-an-adult-acute-care-setting\">Pediatric Ultrasound for the Generalist Sonographer in an Adult Acute Care Setting<\/a><\/li><li><a href=\"https:\/\/sonographycanada.ca\/courses\/nuchal-translucency-quality-assurance-ntqa-updates-and-nt-crl-imaging-best-practices\">Nuchal Translucency Quality Assurance (NTQA) Updates and NT\/CRL Imaging Best Practices<\/a><\/li><li><a href=\"https:\/\/sonographycanada.ca\/courses\/collaborating-with-clinical-partners-to-enhance-student-success\">Collaborating with Clinical Partners to Enhance Student Success<\/a><\/li><li><a href=\"https:\/\/sonographycanada.ca\/courses\/scan-safe-best-practice-ergonomics-for-echocardiography\">Scan Safe &#8212; Best Practice Ergonomics for Echocardiography<\/a><\/li><li><a href=\"https:\/\/sonographycanada.ca\/courses\/sex-determination-by-sonography-beyond-the-womb\">Sex Determination by Sonography, Beyond the Womb<\/a><\/li><li><a href=\"https:\/\/sonographycanada.ca\/courses\/sonographer-roundtable-discussion\">Sonographer Roundtable Discussion<\/a><\/li><\/ul><h2 class=\"has-text-align-center wp-block-heading\">Journ\u00e9e p\u00e9dagogique &#8211; 29 mai 2021<\/h2><p>*** <em>Veuillez noter que le contenu des sessions est uniquement disponible en anglais.<\/em><\/p><ul class=\"wp-block-list\"><li><a href=\"https:\/\/sonographycanada.ca\/courses\/echo-assessment-of-prosthetic-valves\">Echo Assessment of Prosthetic Valves<\/a><\/li><li><a href=\"https:\/\/sonographycanada.ca\/courses\/the-spectrum-of-abdominal-doppler-why-do-we-do-it\">The Spectrum of Abdominal Doppler &#8230; why do we do it?<\/a><\/li><li><a href=\"https:\/\/sonographycanada.ca\/courses\/a-practical-guide-to-ankle-and-foot-sonography\">A Practical Guide to Ankle and Foot Sonography<\/a><\/li><li><a href=\"https:\/\/sonographycanada.ca\/courses\/preventing-injury-scanning-the-obese-patient-ergonomics\">Preventing Injury Scanning the Obese Patient &#8212; Ergonomics<\/a><\/li><li><a href=\"https:\/\/sonographycanada.ca\/courses\/keynote-framing-your-future-will-we-bounce-back\">Keynote &#8212; Framing YOUR Future: Will We Bounce Back?<\/a><\/li><\/ul><h2 class=\"has-text-align-center wp-block-heading\">Webinaires<\/h2><p class=\"has-text-color has-text-align-center has-vivid-cyan-blue-color\"><strong><a href=\"https:\/\/sonographycanada.ca\/professional-development\/video-library\/webinar-video-library\">Acc\u00e9dez \u00e0 la vid\u00e9oth\u00e8que des webinaires suivants:<\/a><\/strong><\/p><ul class=\"wp-block-list\"><li>Aortic Stenosis &#8212; Complex Scenarios (October 2021)<\/li><li>Find Your Voice &#8212; Campaigning for Positive Change with Your Employer (October 2021)<\/li><li>Rethinking Vaccine Hesitancy (June 2021)<\/li><li>Yes. You should have PLI! (April 2021)<\/li><li>Breast Cancer Screening Part 2 (March 2021) <\/li><li>Breast Cancer Screening Part 1 (February 2021)<\/li><li>Clinical Teaching for the DMS Educator\/Preceptor (December 2020)<\/li><li>Frontline Friday &#8212; Helping sonographers find their voice through a self-advocacy bootcamp! (October 2020)<\/li><li>Award Winner Wednesday &#8211; Case studies from 2 Sonography Canada award winners (October 2020)<\/li><li>Personal Perspectives &#8212; COVID-19 Changes, Challenges and the Sonography Community (2020)<\/li><li>Webinar: Sonography in a Changing Time (June 2020)<\/li><li>Best Practices in Infection Prevention and Control: COVID-19 and Beyond (May 2020)<\/li><li>Using Social Media to Foster a Positive and Engaged Workforce (March 2020)<\/li><li>Ultrasound of the Appendix (February 2020)<\/li><li>Providing Healthcare to LGBT2SQ Patients: Best practices for diagnostic medical imaging services (December 2019)<\/li><li>Renal Transplants (December 2019)<\/li><li>Quantitative Scheduling (October 2019)<\/li><li>Preceptors, PLI and the CCSA (September 2019)<\/li><li>Adventures of an Ultrasound Locum (August 2019) <\/li><li>Nuchal Translucency Quality Assurance (NTQA) (June 2019)<\/li><li>Ergonomic Best Practices in Ultrasound (April 2019) <\/li><li>Generational Diversity &amp; Customer Service &#8212; Are there different expectations across the generations? (March 2019)<\/li><li>PLI: Practice Guidelines and Your Protection (February 2019)<\/li><\/ul><h2 class=\"has-text-align-center wp-block-heading\">Cardiaque<\/h2><p class=\"has-text-color has-text-align-center has-vivid-cyan-blue-color\"><strong><a rel=\"noreferrer noopener\" aria-label=\"La vid\u00e9oth\u00e8que de la Cardiaque (opens in a new tab)\" href=\"https:\/\/sonographycanada.ca\/professional-development\/video-library\/cardiac-video-library\" target=\"_blank\">Acc\u00e9dez \u00e0 la vid\u00e9oth\u00e8que sur l&#8217;\u00e9chographie cardiaque<\/a><\/strong><\/p><h2 class=\"has-text-align-center wp-block-heading\">G\u00e9n\u00e9raliste<\/h2><p class=\"has-text-color has-text-align-center has-vivid-cyan-blue-color\"><strong><a rel=\"noreferrer noopener\" aria-label=\"de  (opens in a new tab)\" href=\"https:\/\/sonographycanada.ca\/professional-development\/video-library\/generalist-video-library\" target=\"_blank\">Acc\u00e9dez \u00e0 la vid\u00e9oth\u00e8que sur l&#8217;\u00e9chographie g\u00e9n\u00e9raliste<\/a><\/strong><\/p><h2 class=\"has-text-align-center wp-block-heading\">Vasculaire<\/h2><p class=\"has-text-color has-text-align-center has-vivid-cyan-blue-color\"><strong><a rel=\"noreferrer noopener\" aria-label=\"La vid\u00e9oth\u00e8que de la Vasculaire (opens in a new tab)\" href=\"https:\/\/sonographycanada.ca\/professional-development\/video-library\/vascular-video-library\" target=\"_blank\">Acc\u00e9dez \u00e0 la vid\u00e9oth\u00e8que sur l&#8217;\u00e9chographie vasculaire<\/a><\/strong><\/p><h2 class=\"has-text-align-center wp-block-heading\">Pertinent pour la pratique<\/h2><p class=\"has-text-color has-text-align-center has-vivid-cyan-blue-color\"><strong><a href=\"https:\/\/sonographycanada.ca\/professional-development\/video-library\/relevant-to-practice-video-library\">Acc\u00e9dez \u00e0 la vid\u00e9oth\u00e8que sur les sujets pertinents pour la pratique<\/a> <\/strong><\/p>","protected":false},"excerpt":{"rendered":"<p>Les certificats d\u2019ach\u00e8vement sont automatiquement enregistr\u00e9s dans votre compte de membre (&lt;&lt;Mon compte>>) et peuvent \u00eatre t\u00e9l\u00e9charg\u00e9s \u00e0 partir de celui-ci. SONOcon 2021 AVIS : Les sessions enregistr\u00e9es de SONOcon 2021 sont uniquement accessibles aux participants inscrits \u00e0 la conf\u00e9rence. *** Veuillez noter que le contenu des sessions est uniquement disponible en anglais. Too Much [&hellip;]<\/p>\n","protected":false},"author":1,"featured_media":139782,"parent":569,"menu_order":4,"comment_status":"closed","ping_status":"closed","template":"","meta":{"_acf_changed":false,"advgb_blocks_editor_width":"","advgb_blocks_columns_visual_guide":"","wicket_organization":"","_seat_count":"","_member_id":[],"_edit_last":"8557","_start_date":"","_end_date":"","footnotes":""},"class_list":["post-1058","page","type-page","status-publish","has-post-thumbnail","hentry"],"acf":[],"yoast_head":"<!-- This site is optimized with the Yoast SEO plugin v23.5 - https:\/\/yoast.com\/wordpress\/plugins\/seo\/ -->\n<title>Vid\u00e9oth\u00e8que - \u00c9chographie Canada<\/title>\n<meta name=\"robots\" content=\"index, follow, max-snippet:-1, max-image-preview:large, max-video-preview:-1\" \/>\n<link rel=\"canonical\" href=\"https:\/\/sonographycanada.ca\/fr\/membres\/video-library\" \/>\n<meta property=\"og:locale\" content=\"fr_FR\" \/>\n<meta property=\"og:type\" content=\"article\" \/>\n<meta property=\"og:title\" content=\"Vid\u00e9oth\u00e8que - \u00c9chographie Canada\" \/>\n<meta property=\"og:description\" content=\"Les certificats d\u2019ach\u00e8vement sont automatiquement enregistr\u00e9s dans votre compte de membre (&lt;&lt;Mon compte&gt;&gt;) et peuvent \u00eatre t\u00e9l\u00e9charg\u00e9s \u00e0 partir de celui-ci. SONOcon 2021 AVIS : Les sessions enregistr\u00e9es de SONOcon 2021 sont uniquement accessibles aux participants inscrits \u00e0 la conf\u00e9rence. *** Veuillez noter que le contenu des sessions est uniquement disponible en anglais. Too Much [&hellip;]\" \/>\n<meta property=\"og:url\" content=\"https:\/\/sonographycanada.ca\/fr\/membres\/video-library\" \/>\n<meta property=\"og:site_name\" content=\"\u00c9chographie Canada\" \/>\n<meta property=\"article:modified_time\" content=\"2022-08-04T14:00:34+00:00\" \/>\n<meta property=\"og:image\" content=\"https:\/\/sonographycanada.ca\/app\/uploads\/2021\/11\/SonoCon2021-Video-Library-FRE.png\" \/>\n\t<meta property=\"og:image:width\" content=\"390\" \/>\n\t<meta property=\"og:image:height\" content=\"172\" \/>\n\t<meta property=\"og:image:type\" content=\"image\/png\" \/>\n<meta name=\"twitter:card\" content=\"summary_large_image\" \/>\n<meta name=\"twitter:label1\" content=\"Est. reading time\" \/>\n\t<meta name=\"twitter:data1\" content=\"2 minutes\" \/>\n<script type=\"application\/ld+json\" class=\"yoast-schema-graph\">{\"@context\":\"https:\/\/schema.org\",\"@graph\":[{\"@type\":\"WebPage\",\"@id\":\"https:\/\/sonographycanada.ca\/fr\/membres\/video-library\",\"url\":\"https:\/\/sonographycanada.ca\/fr\/membres\/video-library\",\"name\":\"Vid\u00e9oth\u00e8que - \u00c9chographie Canada\",\"isPartOf\":{\"@id\":\"https:\/\/sonographycanada.ca\/#website\"},\"primaryImageOfPage\":{\"@id\":\"https:\/\/sonographycanada.ca\/fr\/membres\/video-library#primaryimage\"},\"image\":{\"@id\":\"https:\/\/sonographycanada.ca\/fr\/membres\/video-library#primaryimage\"},\"thumbnailUrl\":\"https:\/\/sonographycanada.ca\/app\/uploads\/2021\/11\/SonoCon2021-Video-Library-FRE.png\",\"datePublished\":\"2019-03-05T15:56:03+00:00\",\"dateModified\":\"2022-08-04T14:00:34+00:00\",\"breadcrumb\":{\"@id\":\"https:\/\/sonographycanada.ca\/fr\/membres\/video-library#breadcrumb\"},\"inLanguage\":\"fr-FR\",\"potentialAction\":[{\"@type\":\"ReadAction\",\"target\":[\"https:\/\/sonographycanada.ca\/fr\/membres\/video-library\"]}]},{\"@type\":\"ImageObject\",\"inLanguage\":\"fr-FR\",\"@id\":\"https:\/\/sonographycanada.ca\/fr\/membres\/video-library#primaryimage\",\"url\":\"https:\/\/sonographycanada.ca\/app\/uploads\/2021\/11\/SonoCon2021-Video-Library-FRE.png\",\"contentUrl\":\"https:\/\/sonographycanada.ca\/app\/uploads\/2021\/11\/SonoCon2021-Video-Library-FRE.png\",\"width\":390,\"height\":172},{\"@type\":\"BreadcrumbList\",\"@id\":\"https:\/\/sonographycanada.ca\/fr\/membres\/video-library#breadcrumb\",\"itemListElement\":[{\"@type\":\"ListItem\",\"position\":1,\"name\":\"Accueil\",\"item\":\"https:\/\/sonographycanada.ca\/fr\"},{\"@type\":\"ListItem\",\"position\":2,\"name\":\"Membres\",\"item\":\"https:\/\/sonographycanada.ca\/fr\/membres\"},{\"@type\":\"ListItem\",\"position\":3,\"name\":\"Vid\u00e9oth\u00e8que\"}]},{\"@type\":\"WebSite\",\"@id\":\"https:\/\/sonographycanada.ca\/#website\",\"url\":\"https:\/\/sonographycanada.ca\/\",\"name\":\"\u00c9chographie Canada\",\"description\":\"La voix des \u00e9chographistes m\u00e9dicaux diagnostiques au Canada\",\"potentialAction\":[{\"@type\":\"SearchAction\",\"target\":{\"@type\":\"EntryPoint\",\"urlTemplate\":\"https:\/\/sonographycanada.ca\/?s={search_term_string}\"},\"query-input\":{\"@type\":\"PropertyValueSpecification\",\"valueRequired\":true,\"valueName\":\"search_term_string\"}}],\"inLanguage\":\"fr-FR\"}]}<\/script>\n<!-- \/ Yoast SEO plugin. -->","yoast_head_json":{"title":"Vid\u00e9oth\u00e8que - \u00c9chographie Canada","robots":{"index":"index","follow":"follow","max-snippet":"max-snippet:-1","max-image-preview":"max-image-preview:large","max-video-preview":"max-video-preview:-1"},"canonical":"https:\/\/sonographycanada.ca\/fr\/membres\/video-library","og_locale":"fr_FR","og_type":"article","og_title":"Vid\u00e9oth\u00e8que - \u00c9chographie Canada","og_description":"Les certificats d\u2019ach\u00e8vement sont automatiquement enregistr\u00e9s dans votre compte de membre (&lt;&lt;Mon compte>>) et peuvent \u00eatre t\u00e9l\u00e9charg\u00e9s \u00e0 partir de celui-ci. SONOcon 2021 AVIS : Les sessions enregistr\u00e9es de SONOcon 2021 sont uniquement accessibles aux participants inscrits \u00e0 la conf\u00e9rence. *** Veuillez noter que le contenu des sessions est uniquement disponible en anglais. Too Much [&hellip;]","og_url":"https:\/\/sonographycanada.ca\/fr\/membres\/video-library","og_site_name":"\u00c9chographie Canada","article_modified_time":"2022-08-04T14:00:34+00:00","og_image":[{"width":390,"height":172,"url":"https:\/\/sonographycanada.ca\/app\/uploads\/2021\/11\/SonoCon2021-Video-Library-FRE.png","type":"image\/png"}],"twitter_card":"summary_large_image","twitter_misc":{"Est. reading time":"2 minutes"},"schema":{"@context":"https:\/\/schema.org","@graph":[{"@type":"WebPage","@id":"https:\/\/sonographycanada.ca\/fr\/membres\/video-library","url":"https:\/\/sonographycanada.ca\/fr\/membres\/video-library","name":"Vid\u00e9oth\u00e8que - \u00c9chographie Canada","isPartOf":{"@id":"https:\/\/sonographycanada.ca\/#website"},"primaryImageOfPage":{"@id":"https:\/\/sonographycanada.ca\/fr\/membres\/video-library#primaryimage"},"image":{"@id":"https:\/\/sonographycanada.ca\/fr\/membres\/video-library#primaryimage"},"thumbnailUrl":"https:\/\/sonographycanada.ca\/app\/uploads\/2021\/11\/SonoCon2021-Video-Library-FRE.png","datePublished":"2019-03-05T15:56:03+00:00","dateModified":"2022-08-04T14:00:34+00:00","breadcrumb":{"@id":"https:\/\/sonographycanada.ca\/fr\/membres\/video-library#breadcrumb"},"inLanguage":"fr-FR","potentialAction":[{"@type":"ReadAction","target":["https:\/\/sonographycanada.ca\/fr\/membres\/video-library"]}]},{"@type":"ImageObject","inLanguage":"fr-FR","@id":"https:\/\/sonographycanada.ca\/fr\/membres\/video-library#primaryimage","url":"https:\/\/sonographycanada.ca\/app\/uploads\/2021\/11\/SonoCon2021-Video-Library-FRE.png","contentUrl":"https:\/\/sonographycanada.ca\/app\/uploads\/2021\/11\/SonoCon2021-Video-Library-FRE.png","width":390,"height":172},{"@type":"BreadcrumbList","@id":"https:\/\/sonographycanada.ca\/fr\/membres\/video-library#breadcrumb","itemListElement":[{"@type":"ListItem","position":1,"name":"Accueil","item":"https:\/\/sonographycanada.ca\/fr"},{"@type":"ListItem","position":2,"name":"Membres","item":"https:\/\/sonographycanada.ca\/fr\/membres"},{"@type":"ListItem","position":3,"name":"Vid\u00e9oth\u00e8que"}]},{"@type":"WebSite","@id":"https:\/\/sonographycanada.ca\/#website","url":"https:\/\/sonographycanada.ca\/","name":"\u00c9chographie Canada","description":"La voix des \u00e9chographistes m\u00e9dicaux diagnostiques au Canada","potentialAction":[{"@type":"SearchAction","target":{"@type":"EntryPoint","urlTemplate":"https:\/\/sonographycanada.ca\/?s={search_term_string}"},"query-input":{"@type":"PropertyValueSpecification","valueRequired":true,"valueName":"search_term_string"}}],"inLanguage":"fr-FR"}]}},"coauthors":[],"author_meta":{"author_link":"https:\/\/sonographycanada.ca\/fr\/author\/admin","display_name":"Kevin Andrews"},"relative_dates":{"created":"Publi\u00e9 7 years il y a","modified":"Mis \u00e0 jour 4 years il y a"},"absolute_dates":{"created":"Publi\u00e9 le mars 5, 2019","modified":"Mise \u00e0 jour le ao\u00fbt 4, 2022"},"absolute_dates_time":{"created":"Publi\u00e9 le mars 5, 2019 3:56 pm","modified":"Mise \u00e0 jour le ao\u00fbt 4, 2022 2:00 pm"},"featured_img_caption":"","featured_img":"https:\/\/sonographycanada.ca\/app\/uploads\/2021\/11\/SonoCon2021-Video-Library-FRE.png","series_order":"","_links":{"self":[{"href":"https:\/\/sonographycanada.ca\/fr\/wp-json\/wp\/v2\/pages\/1058"}],"collection":[{"href":"https:\/\/sonographycanada.ca\/fr\/wp-json\/wp\/v2\/pages"}],"about":[{"href":"https:\/\/sonographycanada.ca\/fr\/wp-json\/wp\/v2\/types\/page"}],"author":[{"embeddable":true,"href":"https:\/\/sonographycanada.ca\/fr\/wp-json\/wp\/v2\/users\/1"}],"replies":[{"embeddable":true,"href":"https:\/\/sonographycanada.ca\/fr\/wp-json\/wp\/v2\/comments?post=1058"}],"version-history":[{"count":25,"href":"https:\/\/sonographycanada.ca\/fr\/wp-json\/wp\/v2\/pages\/1058\/revisions"}],"predecessor-version":[{"id":154949,"href":"https:\/\/sonographycanada.ca\/fr\/wp-json\/wp\/v2\/pages\/1058\/revisions\/154949"}],"up":[{"embeddable":true,"href":"https:\/\/sonographycanada.ca\/fr\/wp-json\/wp\/v2\/pages\/569"}],"wp:featuredmedia":[{"embeddable":true,"href":"https:\/\/sonographycanada.ca\/fr\/wp-json\/wp\/v2\/media\/139782"}],"wp:attachment":[{"href":"https:\/\/sonographycanada.ca\/fr\/wp-json\/wp\/v2\/media?parent=1058"}],"curies":[{"name":"wp","href":"https:\/\/api.w.org\/{rel}","templated":true}]}}