{"id":108974,"date":"2020-08-27T09:07:06","date_gmt":"2020-08-27T09:07:06","guid":{"rendered":"https:\/\/sonographycanada.ca\/?page_id=108974"},"modified":"2022-11-25T10:02:22","modified_gmt":"2022-11-25T10:02:22","slug":"plan-strategique","status":"publish","type":"page","link":"https:\/\/sonographycanada.ca\/fr\/adhesion\/plan-strategique","title":{"rendered":"Plan strat\u00e9gique"},"content":{"rendered":"<p> La planification strat\u00e9gique est un \u00e9l\u00e9ment essentiel d&#8217;une  administration judicieuse. Le plan strat\u00e9gique d&#8217;\u00c9chographie Canada a  pour objet de guider les priorit\u00e9s et les activit\u00e9s futures de  l&#8217;association afin de soutenir les \u00e9chographistes canadiens qui oeuvrent  dans un environnement de soins de la sant\u00e9 en constante \u00e9volution.<\/p><h3 class=\"wp-block-heading\"><strong>Mission<\/strong><\/h3><p>Nous  sommes la voix des \u00e9chographistes m\u00e9dicaux diagnostiques au Canada.  Nous favorisons les pratiques exemplaires et nous appuyons la poursuite  de l&#8217;excellence.<\/p><h3 class=\"wp-block-heading\"><strong>Vision<\/strong><\/h3><p>L&#8217;\u00e9chographie est pratiqu\u00e9e avec excellence \u00e0 travers le Canada.<\/p><h3 class=\"wp-block-heading\"><strong>Priorit\u00e9s strat\u00e9giques<\/strong><\/h3><p>Les strat\u00e9gies d&#8217;\u00c9chographie Canada pour 2023-2025 sont :<\/p><ol class=\"wp-block-list\"><li><strong>TRAVAILLER <\/strong>pour influencer le syst\u00e8me de soins de sant\u00e9 au nom des \u00e9chographistes.<\/li><li><strong>DIRIGER <\/strong>la progression continue des normes en mati\u00e8re d&#8217;\u00e9chographie m\u00e9dicale diagnostique afin d&#8217;assurer la viabilit\u00e9 de la profession.<\/li><li><strong>SOUTENIR <\/strong>les membres afin qu&#8217;ils puissent s&#8217;\u00e9panouir \u00e0 toutes les \u00e9tapes de leur pratique professionnelle.<\/li><li><strong>B\u00c2TIR <\/strong>en s&#8217;appuyant sur le d\u00e9veloppement organisationnel d&#8217;\u00c9chographie Canada pour favoriser l&#8217;efficacit\u00e9 et la croissance.<\/li><\/ol><h3 class=\"wp-block-heading\">Ressources<\/h3><ul class=\"wp-block-list\"><li><strong><a href=\"https:\/\/sonographycanada.ca\/app\/uploads\/2022\/11\/\u00c9chographie-Canada-Plan-strat\u00e9gique-2023-2025-Infographie-1.pdf\">Plan strat\u00e9gique 2023-2025 &#8211; Infographie<\/a><\/strong><\/li><li><strong><a href=\"https:\/\/sonographycanada.ca\/fr\/plan-strategique-2023-2025-rapport\">Plan strat\u00e9gique 2023-2025 &#8211; Rapport <\/a><\/strong>(r\u00e9serv\u00e9 aux membres)<\/li><li><strong><a rel=\"noreferrer noopener\" aria-label=\" (opens in a new tab)\" href=\"https:\/\/sonographycanada.ca\/app\/uploads\/2020\/08\/\u00c9C-Plan-strat\u00e9gique-infographie-v2.pdf\" target=\"_blank\">Plan strat\u00e9gique 2020-2022 &#8211; Infographie<\/a><\/strong><\/li><li><a href=\"https:\/\/sonographycanada.ca\/fr\/a-propos\/plan-strategique-2020-2022-rapport\"><strong>Plan strat\u00e9gique 2020-2022 &#8211; Rapport<\/strong><\/a> (r\u00e9serv\u00e9 aux membres) <\/li><\/ul>","protected":false},"excerpt":{"rendered":"<p>La planification strat\u00e9gique est un \u00e9l\u00e9ment essentiel d&#8217;une administration judicieuse. Le plan strat\u00e9gique d&#8217;\u00c9chographie Canada a pour objet de guider les priorit\u00e9s et les activit\u00e9s futures de l&#8217;association afin de soutenir les \u00e9chographistes canadiens qui oeuvrent dans un environnement de soins de la sant\u00e9 en constante \u00e9volution. Mission Nous sommes la voix des \u00e9chographistes m\u00e9dicaux [&hellip;]<\/p>\n","protected":false},"author":6718,"featured_media":161307,"parent":516,"menu_order":0,"comment_status":"closed","ping_status":"closed","template":"","meta":{"_acf_changed":false,"advgb_blocks_editor_width":"","advgb_blocks_columns_visual_guide":"","wicket_organization":"","_seat_count":"","_member_id":[],"_edit_last":"1307","_start_date":"","_end_date":"","footnotes":""},"class_list":["post-108974","page","type-page","status-publish","has-post-thumbnail","hentry"],"acf":[],"yoast_head":"<!-- This site is optimized with the Yoast SEO plugin v23.5 - https:\/\/yoast.com\/wordpress\/plugins\/seo\/ -->\n<title>Plan strat\u00e9gique - \u00c9chographie Canada<\/title>\n<meta name=\"robots\" content=\"index, follow, max-snippet:-1, max-image-preview:large, max-video-preview:-1\" \/>\n<link rel=\"canonical\" href=\"https:\/\/sonographycanada.ca\/fr\/adhesion\/plan-strategique\" \/>\n<meta property=\"og:locale\" content=\"fr_FR\" \/>\n<meta property=\"og:type\" content=\"article\" \/>\n<meta property=\"og:title\" content=\"Plan strat\u00e9gique - \u00c9chographie Canada\" \/>\n<meta property=\"og:description\" content=\"La planification strat\u00e9gique est un \u00e9l\u00e9ment essentiel d&#8217;une administration judicieuse. Le plan strat\u00e9gique d&#8217;\u00c9chographie Canada a pour objet de guider les priorit\u00e9s et les activit\u00e9s futures de l&#8217;association afin de soutenir les \u00e9chographistes canadiens qui oeuvrent dans un environnement de soins de la sant\u00e9 en constante \u00e9volution. Mission Nous sommes la voix des \u00e9chographistes m\u00e9dicaux [&hellip;]\" \/>\n<meta property=\"og:url\" content=\"https:\/\/sonographycanada.ca\/fr\/adhesion\/plan-strategique\" \/>\n<meta property=\"og:site_name\" content=\"\u00c9chographie Canada\" \/>\n<meta property=\"article:modified_time\" content=\"2022-11-25T10:02:22+00:00\" \/>\n<meta property=\"og:image\" content=\"https:\/\/sonographycanada.ca\/app\/uploads\/2022\/11\/Plan-strat\u00e9gique-2023-2025-website-banner-2.jpg\" \/>\n\t<meta property=\"og:image:width\" content=\"395\" \/>\n\t<meta property=\"og:image:height\" content=\"168\" \/>\n\t<meta property=\"og:image:type\" content=\"image\/jpeg\" \/>\n<meta name=\"twitter:card\" content=\"summary_large_image\" \/>\n<meta name=\"twitter:label1\" content=\"Est. reading time\" \/>\n\t<meta name=\"twitter:data1\" content=\"1 minute\" \/>\n<script type=\"application\/ld+json\" class=\"yoast-schema-graph\">{\"@context\":\"https:\/\/schema.org\",\"@graph\":[{\"@type\":\"WebPage\",\"@id\":\"https:\/\/sonographycanada.ca\/fr\/adhesion\/plan-strategique\",\"url\":\"https:\/\/sonographycanada.ca\/fr\/adhesion\/plan-strategique\",\"name\":\"Plan strat\u00e9gique - \u00c9chographie Canada\",\"isPartOf\":{\"@id\":\"https:\/\/sonographycanada.ca\/#website\"},\"primaryImageOfPage\":{\"@id\":\"https:\/\/sonographycanada.ca\/fr\/adhesion\/plan-strategique#primaryimage\"},\"image\":{\"@id\":\"https:\/\/sonographycanada.ca\/fr\/adhesion\/plan-strategique#primaryimage\"},\"thumbnailUrl\":\"https:\/\/sonographycanada.ca\/app\/uploads\/2022\/11\/Plan-strat\u00e9gique-2023-2025-website-banner-2.jpg\",\"datePublished\":\"2020-08-27T09:07:06+00:00\",\"dateModified\":\"2022-11-25T10:02:22+00:00\",\"breadcrumb\":{\"@id\":\"https:\/\/sonographycanada.ca\/fr\/adhesion\/plan-strategique#breadcrumb\"},\"inLanguage\":\"fr-FR\",\"potentialAction\":[{\"@type\":\"ReadAction\",\"target\":[\"https:\/\/sonographycanada.ca\/fr\/adhesion\/plan-strategique\"]}]},{\"@type\":\"ImageObject\",\"inLanguage\":\"fr-FR\",\"@id\":\"https:\/\/sonographycanada.ca\/fr\/adhesion\/plan-strategique#primaryimage\",\"url\":\"https:\/\/sonographycanada.ca\/app\/uploads\/2022\/11\/Plan-strat\u00e9gique-2023-2025-website-banner-2.jpg\",\"contentUrl\":\"https:\/\/sonographycanada.ca\/app\/uploads\/2022\/11\/Plan-strat\u00e9gique-2023-2025-website-banner-2.jpg\",\"width\":395,\"height\":168},{\"@type\":\"BreadcrumbList\",\"@id\":\"https:\/\/sonographycanada.ca\/fr\/adhesion\/plan-strategique#breadcrumb\",\"itemListElement\":[{\"@type\":\"ListItem\",\"position\":1,\"name\":\"Accueil\",\"item\":\"https:\/\/sonographycanada.ca\/fr\"},{\"@type\":\"ListItem\",\"position\":2,\"name\":\"Adh\u00e9sion\",\"item\":\"https:\/\/sonographycanada.ca\/fr\/adhesion\"},{\"@type\":\"ListItem\",\"position\":3,\"name\":\"Plan strat\u00e9gique\"}]},{\"@type\":\"WebSite\",\"@id\":\"https:\/\/sonographycanada.ca\/#website\",\"url\":\"https:\/\/sonographycanada.ca\/\",\"name\":\"\u00c9chographie Canada\",\"description\":\"La voix des \u00e9chographistes m\u00e9dicaux diagnostiques au Canada\",\"potentialAction\":[{\"@type\":\"SearchAction\",\"target\":{\"@type\":\"EntryPoint\",\"urlTemplate\":\"https:\/\/sonographycanada.ca\/?s={search_term_string}\"},\"query-input\":{\"@type\":\"PropertyValueSpecification\",\"valueRequired\":true,\"valueName\":\"search_term_string\"}}],\"inLanguage\":\"fr-FR\"}]}<\/script>\n<!-- \/ Yoast SEO plugin. -->","yoast_head_json":{"title":"Plan strat\u00e9gique - \u00c9chographie Canada","robots":{"index":"index","follow":"follow","max-snippet":"max-snippet:-1","max-image-preview":"max-image-preview:large","max-video-preview":"max-video-preview:-1"},"canonical":"https:\/\/sonographycanada.ca\/fr\/adhesion\/plan-strategique","og_locale":"fr_FR","og_type":"article","og_title":"Plan strat\u00e9gique - \u00c9chographie Canada","og_description":"La planification strat\u00e9gique est un \u00e9l\u00e9ment essentiel d&#8217;une administration judicieuse. Le plan strat\u00e9gique d&#8217;\u00c9chographie Canada a pour objet de guider les priorit\u00e9s et les activit\u00e9s futures de l&#8217;association afin de soutenir les \u00e9chographistes canadiens qui oeuvrent dans un environnement de soins de la sant\u00e9 en constante \u00e9volution. Mission Nous sommes la voix des \u00e9chographistes m\u00e9dicaux [&hellip;]","og_url":"https:\/\/sonographycanada.ca\/fr\/adhesion\/plan-strategique","og_site_name":"\u00c9chographie Canada","article_modified_time":"2022-11-25T10:02:22+00:00","og_image":[{"width":395,"height":168,"url":"https:\/\/sonographycanada.ca\/app\/uploads\/2022\/11\/Plan-strat\u00e9gique-2023-2025-website-banner-2.jpg","type":"image\/jpeg"}],"twitter_card":"summary_large_image","twitter_misc":{"Est. reading time":"1 minute"},"schema":{"@context":"https:\/\/schema.org","@graph":[{"@type":"WebPage","@id":"https:\/\/sonographycanada.ca\/fr\/adhesion\/plan-strategique","url":"https:\/\/sonographycanada.ca\/fr\/adhesion\/plan-strategique","name":"Plan strat\u00e9gique - \u00c9chographie Canada","isPartOf":{"@id":"https:\/\/sonographycanada.ca\/#website"},"primaryImageOfPage":{"@id":"https:\/\/sonographycanada.ca\/fr\/adhesion\/plan-strategique#primaryimage"},"image":{"@id":"https:\/\/sonographycanada.ca\/fr\/adhesion\/plan-strategique#primaryimage"},"thumbnailUrl":"https:\/\/sonographycanada.ca\/app\/uploads\/2022\/11\/Plan-strat\u00e9gique-2023-2025-website-banner-2.jpg","datePublished":"2020-08-27T09:07:06+00:00","dateModified":"2022-11-25T10:02:22+00:00","breadcrumb":{"@id":"https:\/\/sonographycanada.ca\/fr\/adhesion\/plan-strategique#breadcrumb"},"inLanguage":"fr-FR","potentialAction":[{"@type":"ReadAction","target":["https:\/\/sonographycanada.ca\/fr\/adhesion\/plan-strategique"]}]},{"@type":"ImageObject","inLanguage":"fr-FR","@id":"https:\/\/sonographycanada.ca\/fr\/adhesion\/plan-strategique#primaryimage","url":"https:\/\/sonographycanada.ca\/app\/uploads\/2022\/11\/Plan-strat\u00e9gique-2023-2025-website-banner-2.jpg","contentUrl":"https:\/\/sonographycanada.ca\/app\/uploads\/2022\/11\/Plan-strat\u00e9gique-2023-2025-website-banner-2.jpg","width":395,"height":168},{"@type":"BreadcrumbList","@id":"https:\/\/sonographycanada.ca\/fr\/adhesion\/plan-strategique#breadcrumb","itemListElement":[{"@type":"ListItem","position":1,"name":"Accueil","item":"https:\/\/sonographycanada.ca\/fr"},{"@type":"ListItem","position":2,"name":"Adh\u00e9sion","item":"https:\/\/sonographycanada.ca\/fr\/adhesion"},{"@type":"ListItem","position":3,"name":"Plan strat\u00e9gique"}]},{"@type":"WebSite","@id":"https:\/\/sonographycanada.ca\/#website","url":"https:\/\/sonographycanada.ca\/","name":"\u00c9chographie Canada","description":"La voix des \u00e9chographistes m\u00e9dicaux diagnostiques au Canada","potentialAction":[{"@type":"SearchAction","target":{"@type":"EntryPoint","urlTemplate":"https:\/\/sonographycanada.ca\/?s={search_term_string}"},"query-input":{"@type":"PropertyValueSpecification","valueRequired":true,"valueName":"search_term_string"}}],"inLanguage":"fr-FR"}]}},"coauthors":[],"author_meta":{"author_link":"https:\/\/sonographycanada.ca\/fr\/author\/263a58fd-0292-4830-a513-b6bccee25d5d","display_name":"Riad Kadi"},"relative_dates":{"created":"Publi\u00e9 6 years il y a","modified":"Mis \u00e0 jour 3 years il y a"},"absolute_dates":{"created":"Publi\u00e9 le ao\u00fbt 27, 2020","modified":"Mise \u00e0 jour le novembre 25, 2022"},"absolute_dates_time":{"created":"Publi\u00e9 le ao\u00fbt 27, 2020 9:07 am","modified":"Mise \u00e0 jour le novembre 25, 2022 10:02 am"},"featured_img_caption":"","featured_img":"https:\/\/sonographycanada.ca\/app\/uploads\/2022\/11\/Plan-strat\u00e9gique-2023-2025-website-banner-2-390x166.jpg","series_order":"","_links":{"self":[{"href":"https:\/\/sonographycanada.ca\/fr\/wp-json\/wp\/v2\/pages\/108974"}],"collection":[{"href":"https:\/\/sonographycanada.ca\/fr\/wp-json\/wp\/v2\/pages"}],"about":[{"href":"https:\/\/sonographycanada.ca\/fr\/wp-json\/wp\/v2\/types\/page"}],"author":[{"embeddable":true,"href":"https:\/\/sonographycanada.ca\/fr\/wp-json\/wp\/v2\/users\/6718"}],"replies":[{"embeddable":true,"href":"https:\/\/sonographycanada.ca\/fr\/wp-json\/wp\/v2\/comments?post=108974"}],"version-history":[{"count":8,"href":"https:\/\/sonographycanada.ca\/fr\/wp-json\/wp\/v2\/pages\/108974\/revisions"}],"predecessor-version":[{"id":161312,"href":"https:\/\/sonographycanada.ca\/fr\/wp-json\/wp\/v2\/pages\/108974\/revisions\/161312"}],"up":[{"embeddable":true,"href":"https:\/\/sonographycanada.ca\/fr\/wp-json\/wp\/v2\/pages\/516"}],"wp:featuredmedia":[{"embeddable":true,"href":"https:\/\/sonographycanada.ca\/fr\/wp-json\/wp\/v2\/media\/161307"}],"wp:attachment":[{"href":"https:\/\/sonographycanada.ca\/fr\/wp-json\/wp\/v2\/media?parent=108974"}],"curies":[{"name":"wp","href":"https:\/\/api.w.org\/{rel}","templated":true}]}}