{"id":117108,"date":"2020-12-06T00:07:17","date_gmt":"2020-12-06T00:07:17","guid":{"rendered":"https:\/\/sonographycanada.ca\/?page_id=117108"},"modified":"2020-12-10T14:45:14","modified_gmt":"2020-12-10T14:45:14","slug":"prix-ensemble-des-realisations","status":"publish","type":"page","link":"https:\/\/sonographycanada.ca\/fr\/adhesion\/prix-et-bourses\/prix-ensemble-des-realisations","title":{"rendered":"Prix pour l&#8217;ensemble des r\u00e9alisations"},"content":{"rendered":"<p>Le Prix pour l&#8217;ensemble des r\u00e9alisations souligne le leadership exceptionnel, le service, et la passion pour l&#8217;excellence d&#8217;un membre d&#8217;\u00c9chographie Canada. Nous tenons \u00e0 reconna\u00eetre les \u00e9chographistes qui continuent \u00e0 offrir leurs services exceptionnels \u00e0 la profession de l&#8217;\u00e9chographie et dont les r\u00e9alisations au cours de leur carri\u00e8re et dans la communaut\u00e9 m\u00e9ritent des honneurs.<\/p><p>Ce prix reconnait les contributions importantes r\u00e9alis\u00e9es par un individu au cours de leur carri\u00e8re qui ont favoris\u00e9 l&#8217;excellence professionnelle et inspir\u00e9 les autres au sein de leur collectivit\u00e9.<\/p><h4 class=\"wp-block-heading\"><strong>Admissibilit\u00e9 et crit\u00e8res de s\u00e9lection<\/strong><\/h4><ul class=\"wp-block-list\"><li>Tout candidat doit \u00eatre membre actif de l&#8217;associatione et d\u00e9tenir un titre de comp\u00e9tence d&#8217;\u00c9chographie Canada.<\/li><li>Les candidats doivent avoir acquis un minimum de 15 ann\u00e9es d&#8217;exp\u00e9rience dans le domaine de l&#8217;\u00e9chographie.<\/li><li>Les candidats doivent avoir accompli des r\u00e9alisations importantes et soutenues, contribu\u00e9 de fa\u00e7on significative et continue \u00e0 la progression et\/ou \u00e0 la reconnaissance de la profession. Ils doivent \u00e9galement \u00eatre reconnus \u00e0 titre de dirigeant exceptionnel et de contributeur fr\u00e9quent en mati\u00e8re d&#8217;\u00e9ducation et de leadership, et ils doivent ouvertement partager leur pr\u00e9cieuse exp\u00e9rience avec leurs coll\u00e8gues, leur communaut\u00e9 et \/ou les membres d&#8217;\u00c9chographie Canada.<\/li><li>Veuillez consulter le formulaire d&#8217;\u00e9valuation pour vous familiariser avec les param\u00e8tres en fonction desques les laur\u00e9ats seront s\u00e9lectionn\u00e9s.<\/li><\/ul><h4 class=\"wp-block-heading\">Processus de mise en candidature<\/h4><ul class=\"wp-block-list\"><li>Compl\u00e9tez le formulaire de mise en candidature<\/li><li>Soumettez une dissertation d&#8217;une longueur maximale de 1 000 mots qui d\u00e9crit comment le candidat rencontre les crit\u00e8res de s\u00e9lection en fournissant les renseignements suivants:<ol><li><strong>R\u00e9alisations : <\/strong>Fournissez une liste des r\u00e9alisations du candidat au cours de leur carri\u00e8re qui peut inclure des innovations, des pratiques cliniques, des pratiques de gestion, des pratiques professionnelles, des projets de recherche, des initiatives p\u00e9dagogiques, etc.<\/li><li><strong>Contribution et impact : <\/strong>Fournissez une description de l&#8217;incidence des contributions du candidat \u00e0 la profession de l&#8217;\u00e9chographie. Veuillez pr\u00e9ciser l&#8217;ampleur et la valeur ajout\u00e9e de leur contribution et son incidence sur la profession de l&#8217;\u00e9chographie au niveau communautaire, provincial, national et\/ou international.<\/li><li><strong>Leadership : <\/strong>D\u00e9crivez comment le candidat a d\u00e9montr\u00e9 ses comp\u00e9tences de leader exceptionnel et comment il parvient \u00e0 inspirer les autres \u00e0 poursuivre l&#8217;excellence.<\/li><li><strong>Documents contextuels : <\/strong>Cette \u00e9tape est facultative, mais les proposants sont invit\u00e9s \u00e0 acheminer des articles m\u00e9diatiques, des publications, des certificats et ou tout autre documentation de reconnaissance comme preuves \u00e0 l&#8217;appui de la candidature.<\/li><\/ol><\/li><li>Afin d&#8217;assurer l&#8217;impartialit\u00e9 du processus de s\u00e9lection, nous n&#8217;accepterons pas les dissertations\/soumissions qui contiennent le nom du candidat ou tout autre indicateur personnel.<\/li><li>Il n&#8217;y a aucune limite sur le nombre de mises en candidatures qui peuvent \u00eatre soumises.<\/li><li>Les mises en candidatures peuvent \u00eatre soumises en anglais ou en fran\u00e7ais.<\/li><\/ul><h4 class=\"wp-block-heading\">Processus de s\u00e9lection<\/h4><p>\u00c9chographie Canada acheminera les soumissions re\u00e7ues au Comit\u00e9 des prix et bourses aux fins d&#8217;\u00e9valuation.<\/p><h4 class=\"wp-block-heading\">\u00c9ch\u00e9anciers<\/h4><p><strong>Les soumissions doivent \u00eatre re\u00e7ues au plus tard le 15 f\u00e9vrier 2021.<\/strong><\/p><h4 class=\"wp-block-heading\">Prix<\/h4><ul class=\"wp-block-list\"><li>un certification de reconnaissance<\/li><li>participation \u00e0 la c\u00e9r\u00e9monie de remise des prix d&#8217;\u00c9chographie Canada.  Les d\u00e9penses de voyage pour participer \u00e0 la c\u00e9r\u00e9monie seront couverts conform\u00e9ment \u00e0 la politique sur les voyages d\u2019\u00c9chographie Canada, le cas \u00e9ch\u00e9ant. <\/li><\/ul><h4 class=\"wp-block-heading\">Questions<\/h4><p> Veuillez acheminer vos questions au sujet de ce prix \u00e0\u00a0<a rel=\"noreferrer noopener\" href=\"mailto:awards@sonographycanada.ca\" target=\"_blank\">awards@sonographycanada.ca<\/a>.<\/p>","protected":false},"excerpt":{"rendered":"<p>Le Prix pour l&#8217;ensemble des r\u00e9alisations souligne le leadership exceptionnel, le service, et la passion pour l&#8217;excellence d&#8217;un membre d&#8217;\u00c9chographie Canada. Nous tenons \u00e0 reconna\u00eetre les \u00e9chographistes qui continuent \u00e0 offrir leurs services exceptionnels \u00e0 la profession de l&#8217;\u00e9chographie et dont les r\u00e9alisations au cours de leur carri\u00e8re et dans la communaut\u00e9 m\u00e9ritent des honneurs. [&hellip;]<\/p>\n","protected":false},"author":1307,"featured_media":0,"parent":486,"menu_order":0,"comment_status":"closed","ping_status":"closed","template":"","meta":{"_acf_changed":false,"advgb_blocks_editor_width":"","advgb_blocks_columns_visual_guide":"","wicket_organization":"","_seat_count":"","_member_id":[],"_edit_last":"1307","_start_date":"","_end_date":"","footnotes":""},"class_list":["post-117108","page","type-page","status-publish","hentry"],"acf":[],"yoast_head":"<!-- This site is optimized with the Yoast SEO plugin v23.5 - https:\/\/yoast.com\/wordpress\/plugins\/seo\/ -->\n<title>Prix pour l&#039;ensemble des r\u00e9alisations - \u00c9chographie Canada<\/title>\n<meta name=\"robots\" content=\"index, follow, max-snippet:-1, max-image-preview:large, max-video-preview:-1\" \/>\n<link rel=\"canonical\" href=\"https:\/\/sonographycanada.ca\/fr\/adhesion\/prix-et-bourses\/prix-ensemble-des-realisations\" \/>\n<meta property=\"og:locale\" content=\"fr_FR\" \/>\n<meta property=\"og:type\" content=\"article\" \/>\n<meta property=\"og:title\" content=\"Prix pour l&#039;ensemble des r\u00e9alisations - \u00c9chographie Canada\" \/>\n<meta property=\"og:description\" content=\"Le Prix pour l&#8217;ensemble des r\u00e9alisations souligne le leadership exceptionnel, le service, et la passion pour l&#8217;excellence d&#8217;un membre d&#8217;\u00c9chographie Canada. Nous tenons \u00e0 reconna\u00eetre les \u00e9chographistes qui continuent \u00e0 offrir leurs services exceptionnels \u00e0 la profession de l&#8217;\u00e9chographie et dont les r\u00e9alisations au cours de leur carri\u00e8re et dans la communaut\u00e9 m\u00e9ritent des honneurs. [&hellip;]\" \/>\n<meta property=\"og:url\" content=\"https:\/\/sonographycanada.ca\/fr\/adhesion\/prix-et-bourses\/prix-ensemble-des-realisations\" \/>\n<meta property=\"og:site_name\" content=\"\u00c9chographie Canada\" \/>\n<meta property=\"article:modified_time\" content=\"2020-12-10T14:45:14+00:00\" \/>\n<meta name=\"twitter:card\" content=\"summary_large_image\" \/>\n<meta name=\"twitter:label1\" content=\"Est. reading time\" \/>\n\t<meta name=\"twitter:data1\" content=\"3 minutes\" \/>\n<script type=\"application\/ld+json\" class=\"yoast-schema-graph\">{\"@context\":\"https:\/\/schema.org\",\"@graph\":[{\"@type\":\"WebPage\",\"@id\":\"https:\/\/sonographycanada.ca\/fr\/adhesion\/prix-et-bourses\/prix-ensemble-des-realisations\",\"url\":\"https:\/\/sonographycanada.ca\/fr\/adhesion\/prix-et-bourses\/prix-ensemble-des-realisations\",\"name\":\"Prix pour l'ensemble des r\u00e9alisations - \u00c9chographie Canada\",\"isPartOf\":{\"@id\":\"https:\/\/sonographycanada.ca\/#website\"},\"datePublished\":\"2020-12-06T00:07:17+00:00\",\"dateModified\":\"2020-12-10T14:45:14+00:00\",\"breadcrumb\":{\"@id\":\"https:\/\/sonographycanada.ca\/fr\/adhesion\/prix-et-bourses\/prix-ensemble-des-realisations#breadcrumb\"},\"inLanguage\":\"fr-FR\",\"potentialAction\":[{\"@type\":\"ReadAction\",\"target\":[\"https:\/\/sonographycanada.ca\/fr\/adhesion\/prix-et-bourses\/prix-ensemble-des-realisations\"]}]},{\"@type\":\"BreadcrumbList\",\"@id\":\"https:\/\/sonographycanada.ca\/fr\/adhesion\/prix-et-bourses\/prix-ensemble-des-realisations#breadcrumb\",\"itemListElement\":[{\"@type\":\"ListItem\",\"position\":1,\"name\":\"Accueil\",\"item\":\"https:\/\/sonographycanada.ca\/fr\"},{\"@type\":\"ListItem\",\"position\":2,\"name\":\"Adh\u00e9sion\",\"item\":\"https:\/\/sonographycanada.ca\/fr\/adhesion\"},{\"@type\":\"ListItem\",\"position\":3,\"name\":\"Prix et bourses\",\"item\":\"https:\/\/sonographycanada.ca\/fr\/adhesion\/prix-et-bourses\"},{\"@type\":\"ListItem\",\"position\":4,\"name\":\"Prix pour l&#8217;ensemble des r\u00e9alisations\"}]},{\"@type\":\"WebSite\",\"@id\":\"https:\/\/sonographycanada.ca\/#website\",\"url\":\"https:\/\/sonographycanada.ca\/\",\"name\":\"\u00c9chographie Canada\",\"description\":\"La voix des \u00e9chographistes m\u00e9dicaux diagnostiques au Canada\",\"potentialAction\":[{\"@type\":\"SearchAction\",\"target\":{\"@type\":\"EntryPoint\",\"urlTemplate\":\"https:\/\/sonographycanada.ca\/?s={search_term_string}\"},\"query-input\":{\"@type\":\"PropertyValueSpecification\",\"valueRequired\":true,\"valueName\":\"search_term_string\"}}],\"inLanguage\":\"fr-FR\"}]}<\/script>\n<!-- \/ Yoast SEO plugin. -->","yoast_head_json":{"title":"Prix pour l'ensemble des r\u00e9alisations - \u00c9chographie Canada","robots":{"index":"index","follow":"follow","max-snippet":"max-snippet:-1","max-image-preview":"max-image-preview:large","max-video-preview":"max-video-preview:-1"},"canonical":"https:\/\/sonographycanada.ca\/fr\/adhesion\/prix-et-bourses\/prix-ensemble-des-realisations","og_locale":"fr_FR","og_type":"article","og_title":"Prix pour l'ensemble des r\u00e9alisations - \u00c9chographie Canada","og_description":"Le Prix pour l&#8217;ensemble des r\u00e9alisations souligne le leadership exceptionnel, le service, et la passion pour l&#8217;excellence d&#8217;un membre d&#8217;\u00c9chographie Canada. Nous tenons \u00e0 reconna\u00eetre les \u00e9chographistes qui continuent \u00e0 offrir leurs services exceptionnels \u00e0 la profession de l&#8217;\u00e9chographie et dont les r\u00e9alisations au cours de leur carri\u00e8re et dans la communaut\u00e9 m\u00e9ritent des honneurs. [&hellip;]","og_url":"https:\/\/sonographycanada.ca\/fr\/adhesion\/prix-et-bourses\/prix-ensemble-des-realisations","og_site_name":"\u00c9chographie Canada","article_modified_time":"2020-12-10T14:45:14+00:00","twitter_card":"summary_large_image","twitter_misc":{"Est. reading time":"3 minutes"},"schema":{"@context":"https:\/\/schema.org","@graph":[{"@type":"WebPage","@id":"https:\/\/sonographycanada.ca\/fr\/adhesion\/prix-et-bourses\/prix-ensemble-des-realisations","url":"https:\/\/sonographycanada.ca\/fr\/adhesion\/prix-et-bourses\/prix-ensemble-des-realisations","name":"Prix pour l'ensemble des r\u00e9alisations - \u00c9chographie Canada","isPartOf":{"@id":"https:\/\/sonographycanada.ca\/#website"},"datePublished":"2020-12-06T00:07:17+00:00","dateModified":"2020-12-10T14:45:14+00:00","breadcrumb":{"@id":"https:\/\/sonographycanada.ca\/fr\/adhesion\/prix-et-bourses\/prix-ensemble-des-realisations#breadcrumb"},"inLanguage":"fr-FR","potentialAction":[{"@type":"ReadAction","target":["https:\/\/sonographycanada.ca\/fr\/adhesion\/prix-et-bourses\/prix-ensemble-des-realisations"]}]},{"@type":"BreadcrumbList","@id":"https:\/\/sonographycanada.ca\/fr\/adhesion\/prix-et-bourses\/prix-ensemble-des-realisations#breadcrumb","itemListElement":[{"@type":"ListItem","position":1,"name":"Accueil","item":"https:\/\/sonographycanada.ca\/fr"},{"@type":"ListItem","position":2,"name":"Adh\u00e9sion","item":"https:\/\/sonographycanada.ca\/fr\/adhesion"},{"@type":"ListItem","position":3,"name":"Prix et bourses","item":"https:\/\/sonographycanada.ca\/fr\/adhesion\/prix-et-bourses"},{"@type":"ListItem","position":4,"name":"Prix pour l&#8217;ensemble des r\u00e9alisations"}]},{"@type":"WebSite","@id":"https:\/\/sonographycanada.ca\/#website","url":"https:\/\/sonographycanada.ca\/","name":"\u00c9chographie Canada","description":"La voix des \u00e9chographistes m\u00e9dicaux diagnostiques au Canada","potentialAction":[{"@type":"SearchAction","target":{"@type":"EntryPoint","urlTemplate":"https:\/\/sonographycanada.ca\/?s={search_term_string}"},"query-input":{"@type":"PropertyValueSpecification","valueRequired":true,"valueName":"search_term_string"}}],"inLanguage":"fr-FR"}]}},"coauthors":[],"author_meta":{"author_link":"https:\/\/sonographycanada.ca\/fr\/author\/d3ec179a-ede2-4f9f-a4d2-8551ac33d43f","display_name":"Natalie Wright"},"relative_dates":{"created":"Publi\u00e9 5 years il y a","modified":"Mis \u00e0 jour 5 years il y a"},"absolute_dates":{"created":"Publi\u00e9 le d\u00e9cembre 6, 2020","modified":"Mise \u00e0 jour le d\u00e9cembre 10, 2020"},"absolute_dates_time":{"created":"Publi\u00e9 le d\u00e9cembre 6, 2020 12:07 am","modified":"Mise \u00e0 jour le d\u00e9cembre 10, 2020 2:45 pm"},"featured_img_caption":"","featured_img":false,"series_order":"","_links":{"self":[{"href":"https:\/\/sonographycanada.ca\/fr\/wp-json\/wp\/v2\/pages\/117108"}],"collection":[{"href":"https:\/\/sonographycanada.ca\/fr\/wp-json\/wp\/v2\/pages"}],"about":[{"href":"https:\/\/sonographycanada.ca\/fr\/wp-json\/wp\/v2\/types\/page"}],"author":[{"embeddable":true,"href":"https:\/\/sonographycanada.ca\/fr\/wp-json\/wp\/v2\/users\/1307"}],"replies":[{"embeddable":true,"href":"https:\/\/sonographycanada.ca\/fr\/wp-json\/wp\/v2\/comments?post=117108"}],"version-history":[{"count":4,"href":"https:\/\/sonographycanada.ca\/fr\/wp-json\/wp\/v2\/pages\/117108\/revisions"}],"predecessor-version":[{"id":117854,"href":"https:\/\/sonographycanada.ca\/fr\/wp-json\/wp\/v2\/pages\/117108\/revisions\/117854"}],"up":[{"embeddable":true,"href":"https:\/\/sonographycanada.ca\/fr\/wp-json\/wp\/v2\/pages\/486"}],"wp:attachment":[{"href":"https:\/\/sonographycanada.ca\/fr\/wp-json\/wp\/v2\/media?parent=117108"}],"curies":[{"name":"wp","href":"https:\/\/api.w.org\/{rel}","templated":true}]}}