{"id":118305,"date":"2020-12-14T16:27:39","date_gmt":"2020-12-14T16:27:39","guid":{"rendered":"https:\/\/sonographycanada.ca\/?page_id=118305"},"modified":"2024-12-06T12:32:44","modified_gmt":"2024-12-06T17:32:44","slug":"bourse-detude-commemorative-peter-mclardie-echographiste","status":"publish","type":"page","link":"https:\/\/sonographycanada.ca\/fr\/bourse-detude-commemorative-peter-mclardie-echographiste","title":{"rendered":"Bourse d\u2019\u00e9tude comm\u00e9morative Peter McLardie \u2013 \u00c9chographiste"},"content":{"rendered":"<h4 class=\"wp-block-heading\"><strong>Admissibilit\u00e9\u00a0et crit\u00e8res de s\u00e9lection<\/strong><\/h4><ul class=\"wp-block-list\"><li>Tout  candidat doit \u00eatre un membre actif en r\u00e8gle d\u2019\u00c9chographie Canada.<\/li><li>Veuillez consulter le\u00a0<a href=\"https:\/\/sonographycanada.ca\/app\/uploads\/2019\/03\/Peter-McLardie-Bursary-rubric-SONOGRAPHER.pdf\">formulaire d\u2019\u00e9valuation<\/a>\u00a0(en anglais) pour vous familiariser avec les param\u00e8tres en fonction desquels le laur\u00e9at sera      s\u00e9lectionn\u00e9.<\/li><\/ul><h4 class=\"wp-block-heading\"><strong>Processus de mise en candidature<\/strong><\/h4><ul class=\"wp-block-list\"><li>Veuillez compl\u00e9ter le\u00a0<a rel=\"noreferrer noopener\" href=\"https:\/\/sonographycanada.ca\/about-us\/awards\/awards-nomination-application-form\" target=\"_blank\">Formulaire de mise en candidature<\/a>.<\/li><li>Veuillez r\u00e9diger une dissertation d\u2019une longueur maximale de 750 mots qui d\u00e9crit comment le professionnalisme et le d\u00e9vouement dont a fait preuve Peter      McLardie sont refl\u00e9t\u00e9s dans vos objectifs d\u2019apprentissage. De plus, vous      \u00eates invit\u00e9s \u00e0 d\u00e9crire comment vous pr\u00e9voyez utiliser le financement et      l\u2019incidence que la formation aura sur votre carri\u00e8re.<\/li><li>Les candidats sont encourag\u00e9s \u00e0 consulter la biographie de M. Peter McLardie en acc\u00e9dant \u00e0\u00a0<a rel=\"noreferrer noopener\" href=\"https:\/\/sonographycanada.ca\/app\/uploads\/2019\/08\/In-Memorial-and-Tribute.pdf\" target=\"_blank\">in Memoriam and Tribute<\/a>\u00a0(en anglais).<\/li><li>Les soumissions peuvent \u00eatre achemin\u00e9es en fran\u00e7ais ou en anglais.<\/li><li>Veuillez acheminer vos questions au sujet de cette bourse \u00e0\u00a0<a href=\"mailto:awards@sonographcanada.ca\">awards@sonographcanada.ca<\/a>.<\/li><\/ul><h4 class=\"wp-block-heading\"><strong>Processus de s\u00e9lection<\/strong><\/h4><p>Le bureau national d\u2019\u00c9chographie Canada acheminera les mises en candidature re\u00e7ues au comit\u00e9 des prix et bourses aux fins d\u2019\u00e9valuation.<\/p><h4 class=\"wp-block-heading\"><strong>\u00c9ch\u00e9anciers<\/strong><\/h4><p><strong>Les soumissions doivent \u00eatre re\u00e7ues au plus tard le 15 f\u00e9vrier 2021.<\/strong><\/p><h4 class=\"wp-block-heading\"><strong>Prix<\/strong><\/h4><ul class=\"wp-block-list\"><li>une somme de 1 000 $ sera vers\u00e9e pour d\u00e9bourser les frais rattach\u00e9s au      programme d\u2019\u00e9tude choisi.<\/li><li>le laur\u00e9at aura un (1) an pour explorer les occasions de perfectionnement      professionnel et de soumettre leurs d\u00e9penses \u00e0 \u00c9chographie Canada.<\/li><li>la participation \u00e0 la c\u00e9r\u00e9monie de remise des prix d\u2019\u00c9chographie Canada<\/li><\/ul>","protected":false},"excerpt":{"rendered":"<p>Admissibilit\u00e9\u00a0et crit\u00e8res de s\u00e9lection Tout candidat doit \u00eatre un membre actif en r\u00e8gle d\u2019\u00c9chographie Canada. Veuillez consulter le\u00a0formulaire d\u2019\u00e9valuation\u00a0(en anglais) pour vous familiariser avec les param\u00e8tres en fonction desquels le laur\u00e9at sera s\u00e9lectionn\u00e9. Processus de mise en candidature Veuillez compl\u00e9ter le\u00a0Formulaire de mise en candidature. Veuillez r\u00e9diger une dissertation d\u2019une longueur maximale de 750 mots [&hellip;]<\/p>\n","protected":false},"author":1307,"featured_media":0,"parent":0,"menu_order":80,"comment_status":"closed","ping_status":"closed","template":"","meta":{"_acf_changed":false,"advgb_blocks_editor_width":"","advgb_blocks_columns_visual_guide":"","wicket_organization":"","_seat_count":"","_member_id":[],"_edit_last":"1307","_start_date":"","_end_date":"","footnotes":""},"class_list":["post-118305","page","type-page","status-publish","hentry"],"acf":[],"yoast_head":"<!-- This site is optimized with the Yoast SEO plugin v23.5 - https:\/\/yoast.com\/wordpress\/plugins\/seo\/ -->\n<title>Bourse d\u2019\u00e9tude comm\u00e9morative Peter McLardie \u2013 \u00c9chographiste - \u00c9chographie Canada<\/title>\n<meta name=\"robots\" content=\"index, follow, max-snippet:-1, max-image-preview:large, max-video-preview:-1\" \/>\n<link rel=\"canonical\" href=\"https:\/\/sonographycanada.ca\/peter-mclardie-memorial-bursary-sonographer\" \/>\n<meta property=\"og:locale\" content=\"fr_FR\" \/>\n<meta property=\"og:type\" content=\"article\" \/>\n<meta property=\"og:title\" content=\"Bourse d\u2019\u00e9tude comm\u00e9morative Peter McLardie \u2013 \u00c9chographiste - \u00c9chographie Canada\" \/>\n<meta property=\"og:description\" content=\"Admissibilit\u00e9\u00a0et crit\u00e8res de s\u00e9lection Tout candidat doit \u00eatre un membre actif en r\u00e8gle d\u2019\u00c9chographie Canada. Veuillez consulter le\u00a0formulaire d\u2019\u00e9valuation\u00a0(en anglais) pour vous familiariser avec les param\u00e8tres en fonction desquels le laur\u00e9at sera s\u00e9lectionn\u00e9. Processus de mise en candidature Veuillez compl\u00e9ter le\u00a0Formulaire de mise en candidature. Veuillez r\u00e9diger une dissertation d\u2019une longueur maximale de 750 mots [&hellip;]\" \/>\n<meta property=\"og:url\" content=\"https:\/\/sonographycanada.ca\/peter-mclardie-memorial-bursary-sonographer\" \/>\n<meta property=\"og:site_name\" content=\"\u00c9chographie Canada\" \/>\n<meta property=\"article:modified_time\" content=\"2024-12-06T17:32:44+00:00\" \/>\n<meta name=\"twitter:card\" content=\"summary_large_image\" \/>\n<meta name=\"twitter:label1\" content=\"Est. reading time\" \/>\n\t<meta name=\"twitter:data1\" content=\"1 minute\" \/>\n<script type=\"application\/ld+json\" class=\"yoast-schema-graph\">{\"@context\":\"https:\/\/schema.org\",\"@graph\":[{\"@type\":\"WebPage\",\"@id\":\"https:\/\/sonographycanada.ca\/peter-mclardie-memorial-bursary-sonographer\",\"url\":\"https:\/\/sonographycanada.ca\/peter-mclardie-memorial-bursary-sonographer\",\"name\":\"Bourse d\u2019\u00e9tude comm\u00e9morative Peter McLardie \u2013 \u00c9chographiste - \u00c9chographie Canada\",\"isPartOf\":{\"@id\":\"https:\/\/sonographycanada.ca\/#website\"},\"datePublished\":\"2020-12-14T16:27:39+00:00\",\"dateModified\":\"2024-12-06T17:32:44+00:00\",\"breadcrumb\":{\"@id\":\"https:\/\/sonographycanada.ca\/peter-mclardie-memorial-bursary-sonographer#breadcrumb\"},\"inLanguage\":\"fr-FR\",\"potentialAction\":[{\"@type\":\"ReadAction\",\"target\":[\"https:\/\/sonographycanada.ca\/peter-mclardie-memorial-bursary-sonographer\"]}]},{\"@type\":\"BreadcrumbList\",\"@id\":\"https:\/\/sonographycanada.ca\/peter-mclardie-memorial-bursary-sonographer#breadcrumb\",\"itemListElement\":[{\"@type\":\"ListItem\",\"position\":1,\"name\":\"Accueil\",\"item\":\"https:\/\/sonographycanada.ca\/fr\"},{\"@type\":\"ListItem\",\"position\":2,\"name\":\"Bourse d\u2019\u00e9tude comm\u00e9morative Peter McLardie \u2013 \u00c9chographiste\"}]},{\"@type\":\"WebSite\",\"@id\":\"https:\/\/sonographycanada.ca\/#website\",\"url\":\"https:\/\/sonographycanada.ca\/\",\"name\":\"\u00c9chographie Canada\",\"description\":\"La voix des \u00e9chographistes m\u00e9dicaux diagnostiques au Canada\",\"potentialAction\":[{\"@type\":\"SearchAction\",\"target\":{\"@type\":\"EntryPoint\",\"urlTemplate\":\"https:\/\/sonographycanada.ca\/?s={search_term_string}\"},\"query-input\":{\"@type\":\"PropertyValueSpecification\",\"valueRequired\":true,\"valueName\":\"search_term_string\"}}],\"inLanguage\":\"fr-FR\"}]}<\/script>\n<!-- \/ Yoast SEO plugin. -->","yoast_head_json":{"title":"Bourse d\u2019\u00e9tude comm\u00e9morative Peter McLardie \u2013 \u00c9chographiste - \u00c9chographie Canada","robots":{"index":"index","follow":"follow","max-snippet":"max-snippet:-1","max-image-preview":"max-image-preview:large","max-video-preview":"max-video-preview:-1"},"canonical":"https:\/\/sonographycanada.ca\/peter-mclardie-memorial-bursary-sonographer","og_locale":"fr_FR","og_type":"article","og_title":"Bourse d\u2019\u00e9tude comm\u00e9morative Peter McLardie \u2013 \u00c9chographiste - \u00c9chographie Canada","og_description":"Admissibilit\u00e9\u00a0et crit\u00e8res de s\u00e9lection Tout candidat doit \u00eatre un membre actif en r\u00e8gle d\u2019\u00c9chographie Canada. Veuillez consulter le\u00a0formulaire d\u2019\u00e9valuation\u00a0(en anglais) pour vous familiariser avec les param\u00e8tres en fonction desquels le laur\u00e9at sera s\u00e9lectionn\u00e9. Processus de mise en candidature Veuillez compl\u00e9ter le\u00a0Formulaire de mise en candidature. Veuillez r\u00e9diger une dissertation d\u2019une longueur maximale de 750 mots [&hellip;]","og_url":"https:\/\/sonographycanada.ca\/peter-mclardie-memorial-bursary-sonographer","og_site_name":"\u00c9chographie Canada","article_modified_time":"2024-12-06T17:32:44+00:00","twitter_card":"summary_large_image","twitter_misc":{"Est. reading time":"1 minute"},"schema":{"@context":"https:\/\/schema.org","@graph":[{"@type":"WebPage","@id":"https:\/\/sonographycanada.ca\/peter-mclardie-memorial-bursary-sonographer","url":"https:\/\/sonographycanada.ca\/peter-mclardie-memorial-bursary-sonographer","name":"Bourse d\u2019\u00e9tude comm\u00e9morative Peter McLardie \u2013 \u00c9chographiste - \u00c9chographie Canada","isPartOf":{"@id":"https:\/\/sonographycanada.ca\/#website"},"datePublished":"2020-12-14T16:27:39+00:00","dateModified":"2024-12-06T17:32:44+00:00","breadcrumb":{"@id":"https:\/\/sonographycanada.ca\/peter-mclardie-memorial-bursary-sonographer#breadcrumb"},"inLanguage":"fr-FR","potentialAction":[{"@type":"ReadAction","target":["https:\/\/sonographycanada.ca\/peter-mclardie-memorial-bursary-sonographer"]}]},{"@type":"BreadcrumbList","@id":"https:\/\/sonographycanada.ca\/peter-mclardie-memorial-bursary-sonographer#breadcrumb","itemListElement":[{"@type":"ListItem","position":1,"name":"Accueil","item":"https:\/\/sonographycanada.ca\/fr"},{"@type":"ListItem","position":2,"name":"Bourse d\u2019\u00e9tude comm\u00e9morative Peter McLardie \u2013 \u00c9chographiste"}]},{"@type":"WebSite","@id":"https:\/\/sonographycanada.ca\/#website","url":"https:\/\/sonographycanada.ca\/","name":"\u00c9chographie Canada","description":"La voix des \u00e9chographistes m\u00e9dicaux diagnostiques au Canada","potentialAction":[{"@type":"SearchAction","target":{"@type":"EntryPoint","urlTemplate":"https:\/\/sonographycanada.ca\/?s={search_term_string}"},"query-input":{"@type":"PropertyValueSpecification","valueRequired":true,"valueName":"search_term_string"}}],"inLanguage":"fr-FR"}]}},"coauthors":[],"author_meta":{"author_link":"https:\/\/sonographycanada.ca\/fr\/author\/d3ec179a-ede2-4f9f-a4d2-8551ac33d43f","display_name":"Natalie Wright"},"relative_dates":{"created":"Publi\u00e9 5 years il y a","modified":"Mis \u00e0 jour 1 year il y a"},"absolute_dates":{"created":"Publi\u00e9 le d\u00e9cembre 14, 2020","modified":"Mise \u00e0 jour le d\u00e9cembre 6, 2024"},"absolute_dates_time":{"created":"Publi\u00e9 le d\u00e9cembre 14, 2020 4:27 pm","modified":"Mise \u00e0 jour le d\u00e9cembre 6, 2024 12:32 pm"},"featured_img_caption":"","featured_img":false,"series_order":"","_links":{"self":[{"href":"https:\/\/sonographycanada.ca\/fr\/wp-json\/wp\/v2\/pages\/118305"}],"collection":[{"href":"https:\/\/sonographycanada.ca\/fr\/wp-json\/wp\/v2\/pages"}],"about":[{"href":"https:\/\/sonographycanada.ca\/fr\/wp-json\/wp\/v2\/types\/page"}],"author":[{"embeddable":true,"href":"https:\/\/sonographycanada.ca\/fr\/wp-json\/wp\/v2\/users\/1307"}],"replies":[{"embeddable":true,"href":"https:\/\/sonographycanada.ca\/fr\/wp-json\/wp\/v2\/comments?post=118305"}],"version-history":[{"count":1,"href":"https:\/\/sonographycanada.ca\/fr\/wp-json\/wp\/v2\/pages\/118305\/revisions"}],"predecessor-version":[{"id":118307,"href":"https:\/\/sonographycanada.ca\/fr\/wp-json\/wp\/v2\/pages\/118305\/revisions\/118307"}],"wp:attachment":[{"href":"https:\/\/sonographycanada.ca\/fr\/wp-json\/wp\/v2\/media?parent=118305"}],"curies":[{"name":"wp","href":"https:\/\/api.w.org\/{rel}","templated":true}]}}