{"id":119936,"date":"2020-12-24T12:16:21","date_gmt":"2020-12-24T12:16:21","guid":{"rendered":"https:\/\/sonographycanada.ca\/?page_id=119936"},"modified":"2024-08-21T14:37:57","modified_gmt":"2024-08-21T18:37:57","slug":"comite-sur-le-developpement-professionnel-continu","status":"publish","type":"page","link":"https:\/\/sonographycanada.ca\/fr\/comite-sur-le-developpement-professionnel-continu","title":{"rendered":"Comit\u00e9 du d\u00e9veloppement  professionnel continu"},"content":{"rendered":"<p>Le Comit\u00e9 du d\u00e9veloppement professionnel continu (CDPC) veille au d\u00e9veloppement, \u00e0 la gestion et \u00e0 l&#8217;administration des possibilit\u00e9s de formation continue pour les \u00e9chographistes. Le CDPC fournit un soutien et une orientation aux initiatives de DPC d&#8217;\u00c9chographie Canada afin de s&#8217;assurer que l&#8217;\u00e9chographie est pratiqu\u00e9e avec excellence \u00e0 travers le Canada tout en adh\u00e9rant aux pratiques exemplaires en mati\u00e8re de m\u00e9thodologie de prestation, d&#8217;\u00e9valuation et d&#8217;expertise en la mati\u00e8re.<\/p><p>Les initiatives de DPC comprennent des occasions de formation en ligne et en personne, telles que :<\/p><ul class=\"wp-block-list\"><li><strong><em>S\u00e9rie de webinaires<\/em><\/strong> : des sessions de formation mensuelles en ligne ax\u00e9es sur des sujets fond\u00e9s sur l&#8217;\u00e9chographie et pertinents pour la pratique.<\/li><li><strong><em>Journ\u00e9e p\u00e9dagogique <\/em><\/strong>: \u00e9v\u00e9nement tenu annuellement conjointement avec l&#8217;assembl\u00e9e g\u00e9n\u00e9rale annuelle d&#8217;\u00c9chographie Canada.<\/li><li> <strong><em>SonoCon<\/em><\/strong> : la conf\u00e9rence annuelle d&#8217;\u00c9chographie Canada.<\/li><li> S\u00e9minaires, ateliers et cours en ligne<\/li><li> Programmes de certification<\/li><\/ul><p><a href=\"https:\/\/sonographycanada.ca\/app\/uploads\/2020\/12\/CPDC-Terms-of-Reference_Approved_Nov2020.pdf\">Cliquez ici<\/a> pour acc\u00e9der aux termes de r\u00e9f\u00e9rence pour ce comit\u00e9.  Toutes les questions ou demandes peuvent \u00eatre soumises \u00e0 info@sonographycanada.ca ou en composant le 1-888-273-6746.<\/p><div class=\"wp-block-advgb-accordions advgb-accordion-wrapper\" data-collapsed=\"true\"><div class=\"wp-block-advgb-accordion-item advgb-accordion-item\" style=\"margin-bottom:15px\"><div class=\"advgb-accordion-header\" style=\"background-color:#d8e1ec;color:#313131;border-style:solid;border-color:#ffffff\"><span class=\"advgb-accordion-header-icon\"><svg fill=\"#313131\" xmlns=\"http:\/\/www.w3.org\/2000\/svg\" width=\"24\" height=\"24\" viewbox=\"0 0 24 24\"><path opacity=\"0.87\" fill=\"none\" d=\"M24,24H0L0,0l24,0V24z\"><\/path><path d=\"M16.59,8.59L12,13.17L7.41,8.59L6,10l6,6l6-6L16.59,8.59z\"><\/path><\/svg><\/span><h4 class=\"advgb-accordion-header-title\" style=\"color:inherit\">Membres du comit\u00e9 sur le DPC<\/h4><\/div><div class=\"advgb-accordion-body\" style=\"background-color:#e9eef4;border-style:solid !important;border-color:#ffffff !important;border-top:none !important\"><p><strong>Robert Dima, CRGS&nbsp; (pr\u00e9sident)<\/strong><br>Laura Prince, CRGS (Liaison avec le conseil d&#8217;administration)<\/p>\n\n<p>Roxanne Blacquiere, CRGS<br>Navdeep Bopari, CRCS<br>Pam Grossman, CRGS, RSMKS<br>Melanie LeBouthillier, CRGS, CRVS, CRCS, RVT<br>Nilton Piques, CRGS<br>Emily Slack, CRCS<br>Jane St. Germain, CRGS, CRVS\n\n<\/p><\/div><\/div><\/div><p><\/p><p class=\"has-small-font-size\">Page r\u00e9vis\u00e9e le 8 avril 2022.<\/p>","protected":false},"excerpt":{"rendered":"<p>Le Comit\u00e9 du d\u00e9veloppement professionnel continu (CDPC) veille au d\u00e9veloppement, \u00e0 la gestion et \u00e0 l&#8217;administration des possibilit\u00e9s de formation continue pour les \u00e9chographistes. Le CDPC fournit un soutien et une orientation aux initiatives de DPC d&#8217;\u00c9chographie Canada afin de s&#8217;assurer que l&#8217;\u00e9chographie est pratiqu\u00e9e avec excellence \u00e0 travers le Canada tout en adh\u00e9rant aux [&hellip;]<\/p>\n","protected":false},"author":1307,"featured_media":0,"parent":0,"menu_order":56,"comment_status":"closed","ping_status":"closed","template":"","meta":{"_acf_changed":false,"advgb_blocks_editor_width":"","advgb_blocks_columns_visual_guide":"","wicket_organization":"","_seat_count":"","_member_id":[],"_edit_last":"1307","_start_date":"","_end_date":"","footnotes":""},"class_list":["post-119936","page","type-page","status-publish","hentry"],"acf":[],"yoast_head":"<!-- This site is optimized with the Yoast SEO plugin v23.5 - https:\/\/yoast.com\/wordpress\/plugins\/seo\/ -->\n<title>Comit\u00e9 du d\u00e9veloppement professionnel continu - \u00c9chographie Canada<\/title>\n<meta name=\"robots\" content=\"index, follow, max-snippet:-1, max-image-preview:large, max-video-preview:-1\" \/>\n<link rel=\"canonical\" href=\"https:\/\/sonographycanada.ca\/continuing-professional-development-committee-cpdc\" \/>\n<meta property=\"og:locale\" content=\"fr_FR\" \/>\n<meta property=\"og:type\" content=\"article\" \/>\n<meta property=\"og:title\" content=\"Comit\u00e9 du d\u00e9veloppement professionnel continu - \u00c9chographie Canada\" \/>\n<meta property=\"og:description\" content=\"Le Comit\u00e9 du d\u00e9veloppement professionnel continu (CDPC) veille au d\u00e9veloppement, \u00e0 la gestion et \u00e0 l&#8217;administration des possibilit\u00e9s de formation continue pour les \u00e9chographistes. Le CDPC fournit un soutien et une orientation aux initiatives de DPC d&#8217;\u00c9chographie Canada afin de s&#8217;assurer que l&#8217;\u00e9chographie est pratiqu\u00e9e avec excellence \u00e0 travers le Canada tout en adh\u00e9rant aux [&hellip;]\" \/>\n<meta property=\"og:url\" content=\"https:\/\/sonographycanada.ca\/continuing-professional-development-committee-cpdc\" \/>\n<meta property=\"og:site_name\" content=\"\u00c9chographie Canada\" \/>\n<meta property=\"article:modified_time\" content=\"2024-08-21T18:37:57+00:00\" \/>\n<meta name=\"twitter:card\" content=\"summary_large_image\" \/>\n<meta name=\"twitter:label1\" content=\"Est. reading time\" \/>\n\t<meta name=\"twitter:data1\" content=\"1 minute\" \/>\n<script type=\"application\/ld+json\" class=\"yoast-schema-graph\">{\"@context\":\"https:\/\/schema.org\",\"@graph\":[{\"@type\":\"WebPage\",\"@id\":\"https:\/\/sonographycanada.ca\/continuing-professional-development-committee-cpdc\",\"url\":\"https:\/\/sonographycanada.ca\/continuing-professional-development-committee-cpdc\",\"name\":\"Comit\u00e9 du d\u00e9veloppement professionnel continu - \u00c9chographie Canada\",\"isPartOf\":{\"@id\":\"https:\/\/sonographycanada.ca\/#website\"},\"datePublished\":\"2020-12-24T12:16:21+00:00\",\"dateModified\":\"2024-08-21T18:37:57+00:00\",\"breadcrumb\":{\"@id\":\"https:\/\/sonographycanada.ca\/continuing-professional-development-committee-cpdc#breadcrumb\"},\"inLanguage\":\"fr-FR\",\"potentialAction\":[{\"@type\":\"ReadAction\",\"target\":[\"https:\/\/sonographycanada.ca\/continuing-professional-development-committee-cpdc\"]}]},{\"@type\":\"BreadcrumbList\",\"@id\":\"https:\/\/sonographycanada.ca\/continuing-professional-development-committee-cpdc#breadcrumb\",\"itemListElement\":[{\"@type\":\"ListItem\",\"position\":1,\"name\":\"Accueil\",\"item\":\"https:\/\/sonographycanada.ca\/fr\"},{\"@type\":\"ListItem\",\"position\":2,\"name\":\"Comit\u00e9 du d\u00e9veloppement professionnel continu\"}]},{\"@type\":\"WebSite\",\"@id\":\"https:\/\/sonographycanada.ca\/#website\",\"url\":\"https:\/\/sonographycanada.ca\/\",\"name\":\"\u00c9chographie Canada\",\"description\":\"La voix des \u00e9chographistes m\u00e9dicaux diagnostiques au Canada\",\"potentialAction\":[{\"@type\":\"SearchAction\",\"target\":{\"@type\":\"EntryPoint\",\"urlTemplate\":\"https:\/\/sonographycanada.ca\/?s={search_term_string}\"},\"query-input\":{\"@type\":\"PropertyValueSpecification\",\"valueRequired\":true,\"valueName\":\"search_term_string\"}}],\"inLanguage\":\"fr-FR\"}]}<\/script>\n<!-- \/ Yoast SEO plugin. -->","yoast_head_json":{"title":"Comit\u00e9 du d\u00e9veloppement professionnel continu - \u00c9chographie Canada","robots":{"index":"index","follow":"follow","max-snippet":"max-snippet:-1","max-image-preview":"max-image-preview:large","max-video-preview":"max-video-preview:-1"},"canonical":"https:\/\/sonographycanada.ca\/continuing-professional-development-committee-cpdc","og_locale":"fr_FR","og_type":"article","og_title":"Comit\u00e9 du d\u00e9veloppement professionnel continu - \u00c9chographie Canada","og_description":"Le Comit\u00e9 du d\u00e9veloppement professionnel continu (CDPC) veille au d\u00e9veloppement, \u00e0 la gestion et \u00e0 l&#8217;administration des possibilit\u00e9s de formation continue pour les \u00e9chographistes. Le CDPC fournit un soutien et une orientation aux initiatives de DPC d&#8217;\u00c9chographie Canada afin de s&#8217;assurer que l&#8217;\u00e9chographie est pratiqu\u00e9e avec excellence \u00e0 travers le Canada tout en adh\u00e9rant aux [&hellip;]","og_url":"https:\/\/sonographycanada.ca\/continuing-professional-development-committee-cpdc","og_site_name":"\u00c9chographie Canada","article_modified_time":"2024-08-21T18:37:57+00:00","twitter_card":"summary_large_image","twitter_misc":{"Est. reading time":"1 minute"},"schema":{"@context":"https:\/\/schema.org","@graph":[{"@type":"WebPage","@id":"https:\/\/sonographycanada.ca\/continuing-professional-development-committee-cpdc","url":"https:\/\/sonographycanada.ca\/continuing-professional-development-committee-cpdc","name":"Comit\u00e9 du d\u00e9veloppement professionnel continu - \u00c9chographie Canada","isPartOf":{"@id":"https:\/\/sonographycanada.ca\/#website"},"datePublished":"2020-12-24T12:16:21+00:00","dateModified":"2024-08-21T18:37:57+00:00","breadcrumb":{"@id":"https:\/\/sonographycanada.ca\/continuing-professional-development-committee-cpdc#breadcrumb"},"inLanguage":"fr-FR","potentialAction":[{"@type":"ReadAction","target":["https:\/\/sonographycanada.ca\/continuing-professional-development-committee-cpdc"]}]},{"@type":"BreadcrumbList","@id":"https:\/\/sonographycanada.ca\/continuing-professional-development-committee-cpdc#breadcrumb","itemListElement":[{"@type":"ListItem","position":1,"name":"Accueil","item":"https:\/\/sonographycanada.ca\/fr"},{"@type":"ListItem","position":2,"name":"Comit\u00e9 du d\u00e9veloppement professionnel continu"}]},{"@type":"WebSite","@id":"https:\/\/sonographycanada.ca\/#website","url":"https:\/\/sonographycanada.ca\/","name":"\u00c9chographie Canada","description":"La voix des \u00e9chographistes m\u00e9dicaux diagnostiques au Canada","potentialAction":[{"@type":"SearchAction","target":{"@type":"EntryPoint","urlTemplate":"https:\/\/sonographycanada.ca\/?s={search_term_string}"},"query-input":{"@type":"PropertyValueSpecification","valueRequired":true,"valueName":"search_term_string"}}],"inLanguage":"fr-FR"}]}},"coauthors":[],"author_meta":{"author_link":"https:\/\/sonographycanada.ca\/fr\/author\/d3ec179a-ede2-4f9f-a4d2-8551ac33d43f","display_name":"Natalie Wright"},"relative_dates":{"created":"Publi\u00e9 5 years il y a","modified":"Mis \u00e0 jour 2 years il y a"},"absolute_dates":{"created":"Publi\u00e9 le d\u00e9cembre 24, 2020","modified":"Mise \u00e0 jour le ao\u00fbt 21, 2024"},"absolute_dates_time":{"created":"Publi\u00e9 le d\u00e9cembre 24, 2020 12:16 pm","modified":"Mise \u00e0 jour le ao\u00fbt 21, 2024 2:37 pm"},"featured_img_caption":"","featured_img":false,"series_order":"","_links":{"self":[{"href":"https:\/\/sonographycanada.ca\/fr\/wp-json\/wp\/v2\/pages\/119936"}],"collection":[{"href":"https:\/\/sonographycanada.ca\/fr\/wp-json\/wp\/v2\/pages"}],"about":[{"href":"https:\/\/sonographycanada.ca\/fr\/wp-json\/wp\/v2\/types\/page"}],"author":[{"embeddable":true,"href":"https:\/\/sonographycanada.ca\/fr\/wp-json\/wp\/v2\/users\/1307"}],"replies":[{"embeddable":true,"href":"https:\/\/sonographycanada.ca\/fr\/wp-json\/wp\/v2\/comments?post=119936"}],"version-history":[{"count":10,"href":"https:\/\/sonographycanada.ca\/fr\/wp-json\/wp\/v2\/pages\/119936\/revisions"}],"predecessor-version":[{"id":149866,"href":"https:\/\/sonographycanada.ca\/fr\/wp-json\/wp\/v2\/pages\/119936\/revisions\/149866"}],"wp:attachment":[{"href":"https:\/\/sonographycanada.ca\/fr\/wp-json\/wp\/v2\/media?parent=119936"}],"curies":[{"name":"wp","href":"https:\/\/api.w.org\/{rel}","templated":true}]}}