{"id":122737,"date":"2021-01-27T21:14:49","date_gmt":"2021-01-27T21:14:49","guid":{"rendered":"https:\/\/sonographycanada.ca\/?page_id=122737"},"modified":"2024-12-06T12:32:10","modified_gmt":"2024-12-06T17:32:10","slug":"soutien-et-ressources-en-matiere-de-sante-mentale-pour-les-echographistes","status":"publish","type":"page","link":"https:\/\/sonographycanada.ca\/fr\/soutien-et-ressources-en-matiere-de-sante-mentale-pour-les-echographistes","title":{"rendered":"Soutien et ressources en mati\u00e8re de sant\u00e9 mentale pour les \u00e9chographistes"},"content":{"rendered":"<p>En 2018 et 2021, \u00c9chographie Canada a men\u00e9 une enqu\u00eate sur la sant\u00e9 mentale en collaboration avec la Soci\u00e9t\u00e9 canadienne de science de laboratoire m\u00e9dical (SCSLM) et l&#8217;Association canadienne des technologues en radiation m\u00e9dicale (ACTRM).   Collectivement, nous constituons l\u2019un des rares groupes de professionnels de la sant\u00e9 ayant regroup\u00e9 et analys\u00e9 des donn\u00e9es sur la sant\u00e9 mentale tant avant qu\u2019apr\u00e8s la pand\u00e9mie de COVID-19. <\/p><p>En 2018, cette enqu\u00eate a r\u00e9v\u00e9l\u00e9 que 59 % des \u00e9chographistes ayant r\u00e9pondu ont indiqu\u00e9 qu&#8217;ils trouvaient souvent ou toujours leur travail stressant et 70 % ont signal\u00e9 un manque d&#8217;acc\u00e8s \u00e0 des programmes de gestion ou de r\u00e9duction du stress sur leur lieu de travail actuel. Lorsque l&#8217;enqu\u00eate a \u00e9t\u00e9 r\u00e9p\u00e9t\u00e9e \u00e0 la mi-2021, nous avons \u00e9t\u00e9 t\u00e9moins de changements importants au niveau de la sant\u00e9 mentales des \u00e9chographistes. Pour en apprendre davantage sur les r\u00e9sultants en 2021, veuillez consulter les documents suivants :<\/p><div class=\"wp-block-media-text alignwide\" style=\"grid-template-columns:21% auto\"><figure class=\"wp-block-media-text__media\"><img loading=\"lazy\" decoding=\"async\" width=\"310\" height=\"512\" src=\"https:\/\/sonographycanada.ca\/app\/uploads\/2021\/11\/Mental-Health-Survey-2021-infographic-FRE.png\" alt=\"\" class=\"wp-image-140667\" srcset=\"https:\/\/sonographycanada.ca\/app\/uploads\/2021\/11\/Mental-Health-Survey-2021-infographic-FRE.png 310w, https:\/\/sonographycanada.ca\/app\/uploads\/2021\/11\/Mental-Health-Survey-2021-infographic-FRE-182x300.png 182w, https:\/\/sonographycanada.ca\/app\/uploads\/2021\/11\/Mental-Health-Survey-2021-infographic-FRE-121x200.png 121w\" sizes=\"(max-width: 310px) 100vw, 310px\" \/><\/figure><div class=\"wp-block-media-text__content\"><ul class=\"wp-block-list\"><li> <strong><a href=\"https:\/\/sonographycanada.ca\/app\/uploads\/2021\/11\/Article-CJMS-National-Mental-Health-Survey-2021-website-FRE.pdf\">Sommaire &#8211; Enqu\u00eate nationale sur la sant\u00e9 mentale 2021<\/a> &#8211; <\/strong><em>Revue canadienne de l&#8217;\u00e9chographie m\u00e9dicale <\/em>(RC\u00c9M)<\/li><li><strong><a href=\"https:\/\/sonographycanada.ca\/app\/uploads\/2021\/08\/MHS2021-Infographic-FRE-2.pdf\">Infographie &#8211; La sant\u00e9 mentale des \u00e9chographistes canadiens<\/a> <\/strong>(2021)<\/li><li><strong><a href=\"https:\/\/sonographycanada.ca\/app\/uploads\/2021\/11\/2021-11-CAMRT-SC-CSMLS-D\u00e9claration-conjointe.pdf\">D\u00e9claration conjointe sur la crise de sant\u00e9 mentale chez les professionnels de la sant\u00e9<\/a><\/strong> (novembre 2021 &#8211; \u00e9mise par \u00c9chographie Canada, la SCSLM et l&#8217;ACTRM) <\/li><\/ul><\/div><\/div><p>Les ressources cit\u00e9es ci-bas ont \u00e9t\u00e9 rassembl\u00e9es pour aider et soutenir nos membres \u00e0 la recherche de renseignements qui peuvent favoriser le bien-\u00eatre mental. Des liens vers des sites web, des vid\u00e9os et des documents \u00e9crits, provenant de diverses organisations, sont disponibles aux fins d&#8217;usage et de partage.<\/p><p><a href=\"https:\/\/mentalhealth.csmls.org\/fr\/\">Trousse de sant\u00e9 mentale<\/a><strong> <\/strong>&#8211; Soci\u00e9t\u00e9 canadienne de science de laboratoire m\u00e9dical<\/p><p><a href=\"https:\/\/ca.portal.gs\/\">Espace mieux-\u00eatre Canada<\/a>  &#8211;  Gouvernement du Canada<\/p><p><a href=\"https:\/\/www.canada.ca\/fr\/sante-publique\/sujets\/sante-mentale-et-bien-etre.html\">Sant\u00e9 mentale et bien-\u00eatre<\/a><strong> <\/strong>&#8211; Gouvernement du Canada<\/p><p><a href=\"https:\/\/cmha.ca\/fr\/document-category\/sante-mentale\">Sant\u00e9 mentale<\/a><strong> <\/strong>&#8211; Association canadienne pour la sant\u00e9 mentale<\/p><p><a href=\"https:\/\/www.ardms.org\/mental-health-resources\/\">S\u00e9rie de webinaires sur la sant\u00e9 mentale<\/a> (en anglais) &#8211; Inteleos (ARDMS)\/APA<\/p><p><a href=\"https:\/\/cause.bell.ca\/fr\/nouvelles\/1257\/journee-bell-cause-pour-la-cause-2021-etre-present\">Journ\u00e9e Bell Cause pour la cause 2021 : \u00catre pr\u00e9sent<\/a><\/p>","protected":false},"excerpt":{"rendered":"<p>En 2018 et 2021, \u00c9chographie Canada a men\u00e9 une enqu\u00eate sur la sant\u00e9 mentale en collaboration avec la Soci\u00e9t\u00e9 canadienne de science de laboratoire m\u00e9dical (SCSLM) et l&#8217;Association canadienne des technologues en radiation m\u00e9dicale (ACTRM). Collectivement, nous constituons l\u2019un des rares groupes de professionnels de la sant\u00e9 ayant regroup\u00e9 et analys\u00e9 des donn\u00e9es sur la [&hellip;]<\/p>\n","protected":false},"author":1307,"featured_media":140699,"parent":0,"menu_order":8,"comment_status":"closed","ping_status":"closed","template":"","meta":{"_acf_changed":false,"advgb_blocks_editor_width":"","advgb_blocks_columns_visual_guide":"","wicket_organization":"","_seat_count":"","_member_id":[],"_edit_last":"1307","_start_date":"","_end_date":"","footnotes":""},"class_list":["post-122737","page","type-page","status-publish","has-post-thumbnail","hentry"],"acf":[],"yoast_head":"<!-- This site is optimized with the Yoast SEO plugin v23.5 - https:\/\/yoast.com\/wordpress\/plugins\/seo\/ -->\n<title>Soutien et ressources en mati\u00e8re de sant\u00e9 mentale pour les \u00e9chographistes - \u00c9chographie Canada<\/title>\n<meta name=\"robots\" content=\"index, follow, max-snippet:-1, max-image-preview:large, max-video-preview:-1\" \/>\n<link rel=\"canonical\" href=\"https:\/\/sonographycanada.ca\/mental-health-support-and-resources\" \/>\n<meta property=\"og:locale\" content=\"fr_FR\" \/>\n<meta property=\"og:type\" content=\"article\" \/>\n<meta property=\"og:title\" content=\"Soutien et ressources en mati\u00e8re de sant\u00e9 mentale pour les \u00e9chographistes - \u00c9chographie Canada\" \/>\n<meta property=\"og:description\" content=\"En 2018 et 2021, \u00c9chographie Canada a men\u00e9 une enqu\u00eate sur la sant\u00e9 mentale en collaboration avec la Soci\u00e9t\u00e9 canadienne de science de laboratoire m\u00e9dical (SCSLM) et l&#8217;Association canadienne des technologues en radiation m\u00e9dicale (ACTRM). Collectivement, nous constituons l\u2019un des rares groupes de professionnels de la sant\u00e9 ayant regroup\u00e9 et analys\u00e9 des donn\u00e9es sur la [&hellip;]\" \/>\n<meta property=\"og:url\" content=\"https:\/\/sonographycanada.ca\/mental-health-support-and-resources\" \/>\n<meta property=\"og:site_name\" content=\"\u00c9chographie Canada\" \/>\n<meta property=\"article:modified_time\" content=\"2024-12-06T17:32:10+00:00\" \/>\n<meta property=\"og:image\" content=\"https:\/\/sonographycanada.ca\/app\/uploads\/2021\/11\/Mental-Health-D\u00e9claration-conjointe-website.png\" \/>\n\t<meta property=\"og:image:width\" content=\"390\" \/>\n\t<meta property=\"og:image:height\" content=\"172\" \/>\n\t<meta property=\"og:image:type\" content=\"image\/png\" \/>\n<meta name=\"twitter:card\" content=\"summary_large_image\" \/>\n<meta name=\"twitter:label1\" content=\"Est. reading time\" \/>\n\t<meta name=\"twitter:data1\" content=\"2 minutes\" \/>\n<script type=\"application\/ld+json\" class=\"yoast-schema-graph\">{\"@context\":\"https:\/\/schema.org\",\"@graph\":[{\"@type\":\"WebPage\",\"@id\":\"https:\/\/sonographycanada.ca\/mental-health-support-and-resources\",\"url\":\"https:\/\/sonographycanada.ca\/mental-health-support-and-resources\",\"name\":\"Soutien et ressources en mati\u00e8re de sant\u00e9 mentale pour les \u00e9chographistes - \u00c9chographie Canada\",\"isPartOf\":{\"@id\":\"https:\/\/sonographycanada.ca\/#website\"},\"primaryImageOfPage\":{\"@id\":\"https:\/\/sonographycanada.ca\/mental-health-support-and-resources#primaryimage\"},\"image\":{\"@id\":\"https:\/\/sonographycanada.ca\/mental-health-support-and-resources#primaryimage\"},\"thumbnailUrl\":\"https:\/\/sonographycanada.ca\/app\/uploads\/2021\/11\/Mental-Health-D\u00e9claration-conjointe-website.png\",\"datePublished\":\"2021-01-27T21:14:49+00:00\",\"dateModified\":\"2024-12-06T17:32:10+00:00\",\"breadcrumb\":{\"@id\":\"https:\/\/sonographycanada.ca\/mental-health-support-and-resources#breadcrumb\"},\"inLanguage\":\"fr-FR\",\"potentialAction\":[{\"@type\":\"ReadAction\",\"target\":[\"https:\/\/sonographycanada.ca\/mental-health-support-and-resources\"]}]},{\"@type\":\"ImageObject\",\"inLanguage\":\"fr-FR\",\"@id\":\"https:\/\/sonographycanada.ca\/mental-health-support-and-resources#primaryimage\",\"url\":\"https:\/\/sonographycanada.ca\/app\/uploads\/2021\/11\/Mental-Health-D\u00e9claration-conjointe-website.png\",\"contentUrl\":\"https:\/\/sonographycanada.ca\/app\/uploads\/2021\/11\/Mental-Health-D\u00e9claration-conjointe-website.png\",\"width\":390,\"height\":172},{\"@type\":\"BreadcrumbList\",\"@id\":\"https:\/\/sonographycanada.ca\/mental-health-support-and-resources#breadcrumb\",\"itemListElement\":[{\"@type\":\"ListItem\",\"position\":1,\"name\":\"Accueil\",\"item\":\"https:\/\/sonographycanada.ca\/fr\"},{\"@type\":\"ListItem\",\"position\":2,\"name\":\"Soutien et ressources en mati\u00e8re de sant\u00e9 mentale pour les \u00e9chographistes\"}]},{\"@type\":\"WebSite\",\"@id\":\"https:\/\/sonographycanada.ca\/#website\",\"url\":\"https:\/\/sonographycanada.ca\/\",\"name\":\"\u00c9chographie Canada\",\"description\":\"La voix des \u00e9chographistes m\u00e9dicaux diagnostiques au Canada\",\"potentialAction\":[{\"@type\":\"SearchAction\",\"target\":{\"@type\":\"EntryPoint\",\"urlTemplate\":\"https:\/\/sonographycanada.ca\/?s={search_term_string}\"},\"query-input\":{\"@type\":\"PropertyValueSpecification\",\"valueRequired\":true,\"valueName\":\"search_term_string\"}}],\"inLanguage\":\"fr-FR\"}]}<\/script>\n<!-- \/ Yoast SEO plugin. -->","yoast_head_json":{"title":"Soutien et ressources en mati\u00e8re de sant\u00e9 mentale pour les \u00e9chographistes - \u00c9chographie Canada","robots":{"index":"index","follow":"follow","max-snippet":"max-snippet:-1","max-image-preview":"max-image-preview:large","max-video-preview":"max-video-preview:-1"},"canonical":"https:\/\/sonographycanada.ca\/mental-health-support-and-resources","og_locale":"fr_FR","og_type":"article","og_title":"Soutien et ressources en mati\u00e8re de sant\u00e9 mentale pour les \u00e9chographistes - \u00c9chographie Canada","og_description":"En 2018 et 2021, \u00c9chographie Canada a men\u00e9 une enqu\u00eate sur la sant\u00e9 mentale en collaboration avec la Soci\u00e9t\u00e9 canadienne de science de laboratoire m\u00e9dical (SCSLM) et l&#8217;Association canadienne des technologues en radiation m\u00e9dicale (ACTRM). Collectivement, nous constituons l\u2019un des rares groupes de professionnels de la sant\u00e9 ayant regroup\u00e9 et analys\u00e9 des donn\u00e9es sur la [&hellip;]","og_url":"https:\/\/sonographycanada.ca\/mental-health-support-and-resources","og_site_name":"\u00c9chographie Canada","article_modified_time":"2024-12-06T17:32:10+00:00","og_image":[{"width":390,"height":172,"url":"https:\/\/sonographycanada.ca\/app\/uploads\/2021\/11\/Mental-Health-D\u00e9claration-conjointe-website.png","type":"image\/png"}],"twitter_card":"summary_large_image","twitter_misc":{"Est. reading time":"2 minutes"},"schema":{"@context":"https:\/\/schema.org","@graph":[{"@type":"WebPage","@id":"https:\/\/sonographycanada.ca\/mental-health-support-and-resources","url":"https:\/\/sonographycanada.ca\/mental-health-support-and-resources","name":"Soutien et ressources en mati\u00e8re de sant\u00e9 mentale pour les \u00e9chographistes - \u00c9chographie Canada","isPartOf":{"@id":"https:\/\/sonographycanada.ca\/#website"},"primaryImageOfPage":{"@id":"https:\/\/sonographycanada.ca\/mental-health-support-and-resources#primaryimage"},"image":{"@id":"https:\/\/sonographycanada.ca\/mental-health-support-and-resources#primaryimage"},"thumbnailUrl":"https:\/\/sonographycanada.ca\/app\/uploads\/2021\/11\/Mental-Health-D\u00e9claration-conjointe-website.png","datePublished":"2021-01-27T21:14:49+00:00","dateModified":"2024-12-06T17:32:10+00:00","breadcrumb":{"@id":"https:\/\/sonographycanada.ca\/mental-health-support-and-resources#breadcrumb"},"inLanguage":"fr-FR","potentialAction":[{"@type":"ReadAction","target":["https:\/\/sonographycanada.ca\/mental-health-support-and-resources"]}]},{"@type":"ImageObject","inLanguage":"fr-FR","@id":"https:\/\/sonographycanada.ca\/mental-health-support-and-resources#primaryimage","url":"https:\/\/sonographycanada.ca\/app\/uploads\/2021\/11\/Mental-Health-D\u00e9claration-conjointe-website.png","contentUrl":"https:\/\/sonographycanada.ca\/app\/uploads\/2021\/11\/Mental-Health-D\u00e9claration-conjointe-website.png","width":390,"height":172},{"@type":"BreadcrumbList","@id":"https:\/\/sonographycanada.ca\/mental-health-support-and-resources#breadcrumb","itemListElement":[{"@type":"ListItem","position":1,"name":"Accueil","item":"https:\/\/sonographycanada.ca\/fr"},{"@type":"ListItem","position":2,"name":"Soutien et ressources en mati\u00e8re de sant\u00e9 mentale pour les \u00e9chographistes"}]},{"@type":"WebSite","@id":"https:\/\/sonographycanada.ca\/#website","url":"https:\/\/sonographycanada.ca\/","name":"\u00c9chographie Canada","description":"La voix des \u00e9chographistes m\u00e9dicaux diagnostiques au Canada","potentialAction":[{"@type":"SearchAction","target":{"@type":"EntryPoint","urlTemplate":"https:\/\/sonographycanada.ca\/?s={search_term_string}"},"query-input":{"@type":"PropertyValueSpecification","valueRequired":true,"valueName":"search_term_string"}}],"inLanguage":"fr-FR"}]}},"coauthors":[],"author_meta":{"author_link":"https:\/\/sonographycanada.ca\/fr\/author\/d3ec179a-ede2-4f9f-a4d2-8551ac33d43f","display_name":"Natalie Wright"},"relative_dates":{"created":"Publi\u00e9 5 years il y a","modified":"Mis \u00e0 jour 1 year il y a"},"absolute_dates":{"created":"Publi\u00e9 le janvier 27, 2021","modified":"Mise \u00e0 jour le d\u00e9cembre 6, 2024"},"absolute_dates_time":{"created":"Publi\u00e9 le janvier 27, 2021 9:14 pm","modified":"Mise \u00e0 jour le d\u00e9cembre 6, 2024 12:32 pm"},"featured_img_caption":"","featured_img":"https:\/\/sonographycanada.ca\/app\/uploads\/2021\/11\/Mental-Health-D\u00e9claration-conjointe-website.png","series_order":"","_links":{"self":[{"href":"https:\/\/sonographycanada.ca\/fr\/wp-json\/wp\/v2\/pages\/122737"}],"collection":[{"href":"https:\/\/sonographycanada.ca\/fr\/wp-json\/wp\/v2\/pages"}],"about":[{"href":"https:\/\/sonographycanada.ca\/fr\/wp-json\/wp\/v2\/types\/page"}],"author":[{"embeddable":true,"href":"https:\/\/sonographycanada.ca\/fr\/wp-json\/wp\/v2\/users\/1307"}],"replies":[{"embeddable":true,"href":"https:\/\/sonographycanada.ca\/fr\/wp-json\/wp\/v2\/comments?post=122737"}],"version-history":[{"count":8,"href":"https:\/\/sonographycanada.ca\/fr\/wp-json\/wp\/v2\/pages\/122737\/revisions"}],"predecessor-version":[{"id":140689,"href":"https:\/\/sonographycanada.ca\/fr\/wp-json\/wp\/v2\/pages\/122737\/revisions\/140689"}],"wp:featuredmedia":[{"embeddable":true,"href":"https:\/\/sonographycanada.ca\/fr\/wp-json\/wp\/v2\/media\/140699"}],"wp:attachment":[{"href":"https:\/\/sonographycanada.ca\/fr\/wp-json\/wp\/v2\/media?parent=122737"}],"curies":[{"name":"wp","href":"https:\/\/api.w.org\/{rel}","templated":true}]}}