{"id":127905,"date":"2021-04-21T17:22:07","date_gmt":"2021-04-21T17:22:07","guid":{"rendered":"https:\/\/sonographycanada.ca\/?page_id=127905"},"modified":"2024-12-06T12:32:10","modified_gmt":"2024-12-06T17:32:10","slug":"sonotalk","status":"publish","type":"page","link":"https:\/\/sonographycanada.ca\/fr\/sonotalk","title":{"rendered":"SonoTalk : Exploration. R\u00e9seautage. Engagement."},"content":{"rendered":"<h2 class=\"wp-block-heading\">Bienvenue \u00e0 SonoTalk &#8211; votre nouvelle communaut\u00e9 en ligne!<\/h2><figure class=\"wp-block-image size-large\"><img loading=\"lazy\" decoding=\"async\" width=\"1024\" height=\"541\" src=\"https:\/\/sonographycanada.ca\/app\/uploads\/2021\/04\/SonoTalk-Home-Page-1024x541.jpg\" alt=\"\" class=\"wp-image-127892\" srcset=\"https:\/\/sonographycanada.ca\/app\/uploads\/2021\/04\/SonoTalk-Home-Page-1024x541.jpg 1024w, https:\/\/sonographycanada.ca\/app\/uploads\/2021\/04\/SonoTalk-Home-Page-600x317.jpg 600w, https:\/\/sonographycanada.ca\/app\/uploads\/2021\/04\/SonoTalk-Home-Page-300x158.jpg 300w, https:\/\/sonographycanada.ca\/app\/uploads\/2021\/04\/SonoTalk-Home-Page-768x406.jpg 768w, https:\/\/sonographycanada.ca\/app\/uploads\/2021\/04\/SonoTalk-Home-Page-379x200.jpg 379w, https:\/\/sonographycanada.ca\/app\/uploads\/2021\/04\/SonoTalk-Home-Page.jpg 1412w\" sizes=\"(max-width: 1024px) 100vw, 1024px\" \/><\/figure><p>SonoTalk est la communaut\u00e9 en ligne s\u00e9curis\u00e9e et prot\u00e9g\u00e9e par mot de passe d\u2019\u00c9chographie Canada, <em>r\u00e9serv\u00e9e aux membres<\/em>. Cette nouvelle plateforme sociale priv\u00e9e est l&#8217;endroit o\u00f9 les membres peuvent <strong>se connecter<\/strong> avec la communaut\u00e9 des \u00e9chographistes canadiens et interagir avec leurs pairs et mentors, partager des informations, afficher des messages, et entamer des discussions. <\/p><p>Diverses communaut\u00e9s nous entourent et peuvent \u00eatre constitu\u00e9es de la famille, d&#8217;amis ou d&#8217;int\u00e9r\u00eats partag\u00e9s. SonoTalk reprend les principes des communaut\u00e9s personnelles et les rend virtuelles. C&#8217;est ici que nos membres se rassemblent pour <strong>explorer<\/strong>, <strong>se connecter<\/strong> et <strong>s&#8217;engager<\/strong>. <\/p><ul class=\"wp-block-list\"><li>SonoTalk est <strong>un r\u00e9seau professionnel<\/strong> : Les membres peuvent interagir avec d&#8217;autres personnes qui partagent leurs d\u00e9fis et leurs pr\u00e9occupations et qui comprennent leur r\u00e9alit\u00e9.<\/li><li>SonoTalk est <strong>un centre de ressources<\/strong> : Les membres peuvent acc\u00e9der aux politiques, strat\u00e9gies, directives, recherches et autres ressources existantes pour soutenir leurs pratiques, op\u00e9rations et processus d\u00e9cisionnels.<\/li><li>SonoTalk est <strong>une plateforme de collaboration<\/strong> : Les membres peuvent cr\u00e9er de nouvelles discussions, projets ou initiatives dans un espace unique, s\u00e9curis\u00e9 et partag\u00e9.<\/li><\/ul><h3 class=\"wp-block-heading\">Pour se joindre \u00e0 la communaut\u00e9 SonoTalk<\/h3><p><a href=\"https:\/\/connect.sonographycanada.ca\/home\">Connectez-vous<\/a> \u00e0  SonoTalk et <strong>engagez-vous<\/strong> au sein de votre communaut\u00e9 des \u00e9chographistes d\u00e8s aujourd&#8217;hui! En ayant recours aux informations li\u00e9es \u00e0 votre compte de membre d&#8217;\u00c9chographie Canada, vous pouvez rapidement vous <strong>connecter<\/strong> \u00e0 SonoTalk en cliquant sur le bouton  \u00ab&nbsp;login&nbsp;\u00bb  (connexion) sur la page d&#8217;accueil de la plateforme, cr\u00e9er votre profil, et commencer \u00e0 <strong>explorer<\/strong>.<\/p><p>Vous avez besoin d&#8217;aide pour entamer le processus? T\u00e9l\u00e9chargez le guide facile \u00e0 suivre <a href=\"https:\/\/sonographycanada.ca\/app\/uploads\/2021\/05\/SonoTalk-Getting-Started-v21.pdf\">ici<\/a> ou visitez la section  \u00ab&nbsp;Help&nbsp;\u00bb  (Aide) de SonoTalk.<\/p><h3 class=\"wp-block-heading\"><strong>\u00c0 propos des communaut\u00e9s <\/strong>SonoTalk<\/h3><p>SonoTalk utilise le terme  \u00ab&nbsp;communaut\u00e9&nbsp;\u00bb  pour d\u00e9signer les personnes qui se r\u00e9unissent en ligne pour discuter, collaborer ou <strong>explorer<\/strong> des sujets d&#8217;int\u00e9r\u00eat commun. Pensez-y de cette fa\u00e7on : alors qu&#8217;un utilisateur moyen peut  \u00ab&nbsp;passer du temps&nbsp;\u00bb  sur son r\u00e9seau social personnel, les membres de SonoTalk peuvent utiliser ce temps de mani\u00e8re cibl\u00e9e, en saisissant l&#8217;occasion de s&#8217;engager avec la communaut\u00e9 des \u00e9chographistes pour favoriser leur d\u00e9veloppement personnel et professionnel.<\/p><p>Tous les membres peuvent se joindre au <em>Forum de discussion<\/em> (Discussion Forum) et aux autres communaut\u00e9s cr\u00e9\u00e9es par les membres. Vous pouvez \u00e9galement d\u00e9finir vos pr\u00e9f\u00e9rences en mati\u00e8re de communications. En plus de pouvoir choisir les communaut\u00e9s auxquelles vous souhaitez appartenir, vous pouvez aussi cr\u00e9er une communaut\u00e9 publique qui correspond \u00e0 vos int\u00e9r\u00eats. Veuillez noter que des communaut\u00e9s priv\u00e9es ont \u00e9t\u00e9 \u00e9tablies pour soutenir le travail des comit\u00e9s de fonctionnement, des groupes de travail et du conseil d&#8217;administration de l&#8217;association. Ces derni\u00e8res ne sont accessibles qu&#8217;aux membres du comit\u00e9 en question, sur invitation.<\/p><p>Chaque communaut\u00e9 est compos\u00e9e des sections suivantes : <\/p><ul class=\"wp-block-list\"><li><strong>Discussion<\/strong> : Il s&#8217;agit du \u00ab&nbsp;salon de discussion&nbsp;\u00bb o\u00f9 les\nmembres peuvent afficher des messages contenant des questions ou des\ncommentaires afin d&#8217;initier une discussion en ligne avec des coll\u00e8gues sur une\nquestion ou un sujet particulier.<\/li><li><strong>Biblioth\u00e8que (Library)<\/strong> : C&#8217;est ici que les membres peuvent acc\u00e9der, entreposer et\npartager des documents ou des ressources d&#8217;int\u00e9r\u00eat pour les \u00e9chographistes.<\/li><li><strong>\u00c9v\u00e9nements (Events)<\/strong> : C&#8217;est ici qu\u2019\u00c9chographie Canada fait la promotion des\n\u00e9v\u00e9nements importants \u00e0 venir (p. ex. webinaires, conf\u00e9rences, \u00e9v\u00e9nements,\netc.).<\/li><li><strong>Membres (Members)<\/strong> : C&#8217;est ici que se trouve la liste des membres actuels de la\ncommunaut\u00e9 de praticiens et l\u2019endroit o\u00f9 vous pouvez directement leur faire\nparvenir &nbsp;des messages \u00e9lectroniques.<\/li><\/ul><p>Nous envisageons avec enthousiasme l&#8217;occasion de nous engager avec nos membres sur cette plateforme. Veuillez acheminer toute question ou commentaire au sujet de SonoTalk par courriel \u00e0 <a href=\"mailto:info@sonographycanada.ca\">info@sonographycanada.ca<\/a>. <\/p>","protected":false},"excerpt":{"rendered":"<p>Bienvenue \u00e0 SonoTalk &#8211; votre nouvelle communaut\u00e9 en ligne! SonoTalk est la communaut\u00e9 en ligne s\u00e9curis\u00e9e et prot\u00e9g\u00e9e par mot de passe d\u2019\u00c9chographie Canada, r\u00e9serv\u00e9e aux membres. Cette nouvelle plateforme sociale priv\u00e9e est l&#8217;endroit o\u00f9 les membres peuvent se connecter avec la communaut\u00e9 des \u00e9chographistes canadiens et interagir avec leurs pairs et mentors, partager des [&hellip;]<\/p>\n","protected":false},"author":1307,"featured_media":130218,"parent":0,"menu_order":6,"comment_status":"closed","ping_status":"closed","template":"","meta":{"_acf_changed":false,"advgb_blocks_editor_width":"","advgb_blocks_columns_visual_guide":"","wicket_organization":"","_seat_count":"","_member_id":[],"_edit_last":"1307","_start_date":"","_end_date":"","footnotes":""},"class_list":["post-127905","page","type-page","status-publish","has-post-thumbnail","hentry"],"acf":[],"yoast_head":"<!-- This site is optimized with the Yoast SEO plugin v23.5 - https:\/\/yoast.com\/wordpress\/plugins\/seo\/ -->\n<title>SonoTalk : Exploration. R\u00e9seautage. Engagement. - \u00c9chographie Canada<\/title>\n<meta name=\"robots\" content=\"index, follow, max-snippet:-1, max-image-preview:large, max-video-preview:-1\" \/>\n<link rel=\"canonical\" href=\"https:\/\/sonographycanada.ca\/sonotalk\" \/>\n<meta property=\"og:locale\" content=\"fr_FR\" \/>\n<meta property=\"og:type\" content=\"article\" \/>\n<meta property=\"og:title\" content=\"SonoTalk : Exploration. R\u00e9seautage. Engagement. - \u00c9chographie Canada\" \/>\n<meta property=\"og:description\" content=\"Bienvenue \u00e0 SonoTalk &#8211; votre nouvelle communaut\u00e9 en ligne! SonoTalk est la communaut\u00e9 en ligne s\u00e9curis\u00e9e et prot\u00e9g\u00e9e par mot de passe d\u2019\u00c9chographie Canada, r\u00e9serv\u00e9e aux membres. Cette nouvelle plateforme sociale priv\u00e9e est l&#8217;endroit o\u00f9 les membres peuvent se connecter avec la communaut\u00e9 des \u00e9chographistes canadiens et interagir avec leurs pairs et mentors, partager des [&hellip;]\" \/>\n<meta property=\"og:url\" content=\"https:\/\/sonographycanada.ca\/sonotalk\" \/>\n<meta property=\"og:site_name\" content=\"\u00c9chographie Canada\" \/>\n<meta property=\"article:modified_time\" content=\"2024-12-06T17:32:10+00:00\" \/>\n<meta property=\"og:image\" content=\"https:\/\/sonographycanada.ca\/app\/uploads\/2021\/05\/SonoTalk-Promo-French-Web.png\" \/>\n\t<meta property=\"og:image:width\" content=\"390\" \/>\n\t<meta property=\"og:image:height\" content=\"172\" \/>\n\t<meta property=\"og:image:type\" content=\"image\/png\" \/>\n<meta name=\"twitter:card\" content=\"summary_large_image\" \/>\n<meta name=\"twitter:label1\" content=\"Est. reading time\" \/>\n\t<meta name=\"twitter:data1\" content=\"3 minutes\" \/>\n<script type=\"application\/ld+json\" class=\"yoast-schema-graph\">{\"@context\":\"https:\/\/schema.org\",\"@graph\":[{\"@type\":\"WebPage\",\"@id\":\"https:\/\/sonographycanada.ca\/sonotalk\",\"url\":\"https:\/\/sonographycanada.ca\/sonotalk\",\"name\":\"SonoTalk : Exploration. R\u00e9seautage. Engagement. - \u00c9chographie Canada\",\"isPartOf\":{\"@id\":\"https:\/\/sonographycanada.ca\/#website\"},\"primaryImageOfPage\":{\"@id\":\"https:\/\/sonographycanada.ca\/sonotalk#primaryimage\"},\"image\":{\"@id\":\"https:\/\/sonographycanada.ca\/sonotalk#primaryimage\"},\"thumbnailUrl\":\"https:\/\/sonographycanada.ca\/app\/uploads\/2021\/05\/SonoTalk-Promo-French-Web.png\",\"datePublished\":\"2021-04-21T17:22:07+00:00\",\"dateModified\":\"2024-12-06T17:32:10+00:00\",\"breadcrumb\":{\"@id\":\"https:\/\/sonographycanada.ca\/sonotalk#breadcrumb\"},\"inLanguage\":\"fr-FR\",\"potentialAction\":[{\"@type\":\"ReadAction\",\"target\":[\"https:\/\/sonographycanada.ca\/sonotalk\"]}]},{\"@type\":\"ImageObject\",\"inLanguage\":\"fr-FR\",\"@id\":\"https:\/\/sonographycanada.ca\/sonotalk#primaryimage\",\"url\":\"https:\/\/sonographycanada.ca\/app\/uploads\/2021\/05\/SonoTalk-Promo-French-Web.png\",\"contentUrl\":\"https:\/\/sonographycanada.ca\/app\/uploads\/2021\/05\/SonoTalk-Promo-French-Web.png\",\"width\":390,\"height\":172},{\"@type\":\"BreadcrumbList\",\"@id\":\"https:\/\/sonographycanada.ca\/sonotalk#breadcrumb\",\"itemListElement\":[{\"@type\":\"ListItem\",\"position\":1,\"name\":\"Accueil\",\"item\":\"https:\/\/sonographycanada.ca\/fr\"},{\"@type\":\"ListItem\",\"position\":2,\"name\":\"SonoTalk : Exploration. R\u00e9seautage. Engagement.\"}]},{\"@type\":\"WebSite\",\"@id\":\"https:\/\/sonographycanada.ca\/#website\",\"url\":\"https:\/\/sonographycanada.ca\/\",\"name\":\"\u00c9chographie Canada\",\"description\":\"La voix des \u00e9chographistes m\u00e9dicaux diagnostiques au Canada\",\"potentialAction\":[{\"@type\":\"SearchAction\",\"target\":{\"@type\":\"EntryPoint\",\"urlTemplate\":\"https:\/\/sonographycanada.ca\/?s={search_term_string}\"},\"query-input\":{\"@type\":\"PropertyValueSpecification\",\"valueRequired\":true,\"valueName\":\"search_term_string\"}}],\"inLanguage\":\"fr-FR\"}]}<\/script>\n<!-- \/ Yoast SEO plugin. -->","yoast_head_json":{"title":"SonoTalk : Exploration. R\u00e9seautage. Engagement. - \u00c9chographie Canada","robots":{"index":"index","follow":"follow","max-snippet":"max-snippet:-1","max-image-preview":"max-image-preview:large","max-video-preview":"max-video-preview:-1"},"canonical":"https:\/\/sonographycanada.ca\/sonotalk","og_locale":"fr_FR","og_type":"article","og_title":"SonoTalk : Exploration. R\u00e9seautage. Engagement. - \u00c9chographie Canada","og_description":"Bienvenue \u00e0 SonoTalk &#8211; votre nouvelle communaut\u00e9 en ligne! SonoTalk est la communaut\u00e9 en ligne s\u00e9curis\u00e9e et prot\u00e9g\u00e9e par mot de passe d\u2019\u00c9chographie Canada, r\u00e9serv\u00e9e aux membres. Cette nouvelle plateforme sociale priv\u00e9e est l&#8217;endroit o\u00f9 les membres peuvent se connecter avec la communaut\u00e9 des \u00e9chographistes canadiens et interagir avec leurs pairs et mentors, partager des [&hellip;]","og_url":"https:\/\/sonographycanada.ca\/sonotalk","og_site_name":"\u00c9chographie Canada","article_modified_time":"2024-12-06T17:32:10+00:00","og_image":[{"width":390,"height":172,"url":"https:\/\/sonographycanada.ca\/app\/uploads\/2021\/05\/SonoTalk-Promo-French-Web.png","type":"image\/png"}],"twitter_card":"summary_large_image","twitter_misc":{"Est. reading time":"3 minutes"},"schema":{"@context":"https:\/\/schema.org","@graph":[{"@type":"WebPage","@id":"https:\/\/sonographycanada.ca\/sonotalk","url":"https:\/\/sonographycanada.ca\/sonotalk","name":"SonoTalk : Exploration. R\u00e9seautage. Engagement. - \u00c9chographie Canada","isPartOf":{"@id":"https:\/\/sonographycanada.ca\/#website"},"primaryImageOfPage":{"@id":"https:\/\/sonographycanada.ca\/sonotalk#primaryimage"},"image":{"@id":"https:\/\/sonographycanada.ca\/sonotalk#primaryimage"},"thumbnailUrl":"https:\/\/sonographycanada.ca\/app\/uploads\/2021\/05\/SonoTalk-Promo-French-Web.png","datePublished":"2021-04-21T17:22:07+00:00","dateModified":"2024-12-06T17:32:10+00:00","breadcrumb":{"@id":"https:\/\/sonographycanada.ca\/sonotalk#breadcrumb"},"inLanguage":"fr-FR","potentialAction":[{"@type":"ReadAction","target":["https:\/\/sonographycanada.ca\/sonotalk"]}]},{"@type":"ImageObject","inLanguage":"fr-FR","@id":"https:\/\/sonographycanada.ca\/sonotalk#primaryimage","url":"https:\/\/sonographycanada.ca\/app\/uploads\/2021\/05\/SonoTalk-Promo-French-Web.png","contentUrl":"https:\/\/sonographycanada.ca\/app\/uploads\/2021\/05\/SonoTalk-Promo-French-Web.png","width":390,"height":172},{"@type":"BreadcrumbList","@id":"https:\/\/sonographycanada.ca\/sonotalk#breadcrumb","itemListElement":[{"@type":"ListItem","position":1,"name":"Accueil","item":"https:\/\/sonographycanada.ca\/fr"},{"@type":"ListItem","position":2,"name":"SonoTalk : Exploration. R\u00e9seautage. Engagement."}]},{"@type":"WebSite","@id":"https:\/\/sonographycanada.ca\/#website","url":"https:\/\/sonographycanada.ca\/","name":"\u00c9chographie Canada","description":"La voix des \u00e9chographistes m\u00e9dicaux diagnostiques au Canada","potentialAction":[{"@type":"SearchAction","target":{"@type":"EntryPoint","urlTemplate":"https:\/\/sonographycanada.ca\/?s={search_term_string}"},"query-input":{"@type":"PropertyValueSpecification","valueRequired":true,"valueName":"search_term_string"}}],"inLanguage":"fr-FR"}]}},"coauthors":[],"author_meta":{"author_link":"https:\/\/sonographycanada.ca\/fr\/author\/d3ec179a-ede2-4f9f-a4d2-8551ac33d43f","display_name":"Natalie Wright"},"relative_dates":{"created":"Publi\u00e9 5 years il y a","modified":"Mis \u00e0 jour 1 year il y a"},"absolute_dates":{"created":"Publi\u00e9 le avril 21, 2021","modified":"Mise \u00e0 jour le d\u00e9cembre 6, 2024"},"absolute_dates_time":{"created":"Publi\u00e9 le avril 21, 2021 5:22 pm","modified":"Mise \u00e0 jour le d\u00e9cembre 6, 2024 12:32 pm"},"featured_img_caption":"","featured_img":"https:\/\/sonographycanada.ca\/app\/uploads\/2021\/05\/SonoTalk-Promo-French-Web.png","series_order":"","_links":{"self":[{"href":"https:\/\/sonographycanada.ca\/fr\/wp-json\/wp\/v2\/pages\/127905"}],"collection":[{"href":"https:\/\/sonographycanada.ca\/fr\/wp-json\/wp\/v2\/pages"}],"about":[{"href":"https:\/\/sonographycanada.ca\/fr\/wp-json\/wp\/v2\/types\/page"}],"author":[{"embeddable":true,"href":"https:\/\/sonographycanada.ca\/fr\/wp-json\/wp\/v2\/users\/1307"}],"replies":[{"embeddable":true,"href":"https:\/\/sonographycanada.ca\/fr\/wp-json\/wp\/v2\/comments?post=127905"}],"version-history":[{"count":5,"href":"https:\/\/sonographycanada.ca\/fr\/wp-json\/wp\/v2\/pages\/127905\/revisions"}],"predecessor-version":[{"id":130220,"href":"https:\/\/sonographycanada.ca\/fr\/wp-json\/wp\/v2\/pages\/127905\/revisions\/130220"}],"wp:featuredmedia":[{"embeddable":true,"href":"https:\/\/sonographycanada.ca\/fr\/wp-json\/wp\/v2\/media\/130218"}],"wp:attachment":[{"href":"https:\/\/sonographycanada.ca\/fr\/wp-json\/wp\/v2\/media?parent=127905"}],"curies":[{"name":"wp","href":"https:\/\/api.w.org\/{rel}","templated":true}]}}