{"id":128573,"date":"2021-05-03T13:34:13","date_gmt":"2021-05-03T13:34:13","guid":{"rendered":"https:\/\/sonographycanada.ca\/?page_id=128573"},"modified":"2021-05-03T13:35:16","modified_gmt":"2021-05-03T13:35:16","slug":"journee-pedagogique-virtuelle","status":"publish","type":"page","link":"https:\/\/sonographycanada.ca\/fr\/developpement-professionnel\/journee-pedagogique-virtuelle","title":{"rendered":"Journ\u00e9e p\u00e9dagogique virtuelle"},"content":{"rendered":"<div class=\"wp-block-image\"><figure class=\"aligncenter size-large\"><img loading=\"lazy\" decoding=\"async\" width=\"538\" height=\"403\" src=\"https:\/\/sonographycanada.ca\/app\/uploads\/2021\/05\/AGM-Education-Day-2021-FRE.png\" alt=\"\" class=\"wp-image-128571\" srcset=\"https:\/\/sonographycanada.ca\/app\/uploads\/2021\/05\/AGM-Education-Day-2021-FRE.png 538w, https:\/\/sonographycanada.ca\/app\/uploads\/2021\/05\/AGM-Education-Day-2021-FRE-300x225.png 300w, https:\/\/sonographycanada.ca\/app\/uploads\/2021\/05\/AGM-Education-Day-2021-FRE-267x200.png 267w\" sizes=\"(max-width: 538px) 100vw, 538px\" \/><\/figure><\/div><p>La Journ\u00e9e p\u00e9dagogique d&#8217;\u00c9chographie Canada suivra imm\u00e9diatement\nl&#8217;Assembl\u00e9e g\u00e9n\u00e9rale annuelle le samedi 29 mai, 2021.<\/p><p>Si vous \u00eates un membre actif d&#8217;\u00c9chographie Canada, votre participation \u00e0\nla Journ\u00e9e p\u00e9dagogique est gratuite! Il s&#8217;agit d&#8217;une excellente fa\u00e7on\nd&#8217;accumuler des cr\u00e9dits envers vos exigences au niveau du <a href=\"https:\/\/sonographycanada.ca\/fr\/developpement-professionnel\/programme-triennial-de-dpc\">programme triennal de DPC<\/a>.<\/p><p>La Journ\u00e9e p\u00e9dagogique comprendra :<\/p><ul class=\"wp-block-list\"><li>une pr\u00e9sentation principale d&#8217;une valeur de un (1) cr\u00e9dit de DPC pertinent pour la pratique<\/li><li>trois sessions pratiques en petits groupes, chacune d&#8217;une valeur de un (1) cr\u00e9dit fond\u00e9 sur l&#8217;\u00e9chographie<ul><li>Les participants peuvent choisir de se joindre \u00e0 une des trois sessions en direct.<\/li><li>Une inscription pour la Journ\u00e9e p\u00e9dagogique accorde aux participants un acc\u00e8s aux enregistrements des deux (2) autres sessions, suite \u00e0 l&#8217;\u00e9v\u00e9nement.<\/li><\/ul><\/li><\/ul><p>La Journ\u00e9e p\u00e9dagogique sera suivie d&#8217;une activit\u00e9 de r\u00e9seautage qui\nrajoutera du plaisir additionnel \u00e0 une excellente journ\u00e9e d&#8217;apprentissage. (Des\nfrais modiques s&#8217;appliquent \u00e0 cet \u00e9v\u00e9nement social.)<\/p><p><strong><a href=\"https:\/\/pheedloop.com\/AGM2021\/site\/home\/\">Cliquez ici<\/a> <\/strong>pour en apprendre davantage\net pour vous inscrire.<\/p>","protected":false},"excerpt":{"rendered":"<p>La Journ\u00e9e p\u00e9dagogique d&#8217;\u00c9chographie Canada suivra imm\u00e9diatement l&#8217;Assembl\u00e9e g\u00e9n\u00e9rale annuelle le samedi 29 mai, 2021. Si vous \u00eates un membre actif d&#8217;\u00c9chographie Canada, votre participation \u00e0 la Journ\u00e9e p\u00e9dagogique est gratuite! Il s&#8217;agit d&#8217;une excellente fa\u00e7on d&#8217;accumuler des cr\u00e9dits envers vos exigences au niveau du programme triennal de DPC. La Journ\u00e9e p\u00e9dagogique comprendra : une [&hellip;]<\/p>\n","protected":false},"author":1307,"featured_media":128545,"parent":542,"menu_order":0,"comment_status":"closed","ping_status":"closed","template":"","meta":{"_acf_changed":false,"advgb_blocks_editor_width":"","advgb_blocks_columns_visual_guide":"","wicket_organization":"","_seat_count":"","_member_id":[],"_edit_last":"1307","_start_date":"","_end_date":"","footnotes":""},"class_list":["post-128573","page","type-page","status-publish","has-post-thumbnail","hentry"],"acf":[],"yoast_head":"<!-- This site is optimized with the Yoast SEO plugin v23.5 - https:\/\/yoast.com\/wordpress\/plugins\/seo\/ -->\n<title>Journ\u00e9e p\u00e9dagogique virtuelle - \u00c9chographie Canada<\/title>\n<meta name=\"robots\" content=\"index, follow, max-snippet:-1, max-image-preview:large, max-video-preview:-1\" \/>\n<link rel=\"canonical\" href=\"https:\/\/sonographycanada.ca\/fr\/developpement-professionnel\/journee-pedagogique-virtuelle\" \/>\n<meta property=\"og:locale\" content=\"fr_FR\" \/>\n<meta property=\"og:type\" content=\"article\" \/>\n<meta property=\"og:title\" content=\"Journ\u00e9e p\u00e9dagogique virtuelle - \u00c9chographie Canada\" \/>\n<meta property=\"og:description\" content=\"La Journ\u00e9e p\u00e9dagogique d&#8217;\u00c9chographie Canada suivra imm\u00e9diatement l&#8217;Assembl\u00e9e g\u00e9n\u00e9rale annuelle le samedi 29 mai, 2021. Si vous \u00eates un membre actif d&#8217;\u00c9chographie Canada, votre participation \u00e0 la Journ\u00e9e p\u00e9dagogique est gratuite! Il s&#8217;agit d&#8217;une excellente fa\u00e7on d&#8217;accumuler des cr\u00e9dits envers vos exigences au niveau du programme triennal de DPC. La Journ\u00e9e p\u00e9dagogique comprendra : une [&hellip;]\" \/>\n<meta property=\"og:url\" content=\"https:\/\/sonographycanada.ca\/fr\/developpement-professionnel\/journee-pedagogique-virtuelle\" \/>\n<meta property=\"og:site_name\" content=\"\u00c9chographie Canada\" \/>\n<meta property=\"article:modified_time\" content=\"2021-05-03T13:35:16+00:00\" \/>\n<meta property=\"og:image\" content=\"https:\/\/sonographycanada.ca\/app\/uploads\/2021\/05\/AGM-Education-Day-2021-FRE-website.png\" \/>\n\t<meta property=\"og:image:width\" content=\"390\" \/>\n\t<meta property=\"og:image:height\" content=\"172\" \/>\n\t<meta property=\"og:image:type\" content=\"image\/png\" \/>\n<meta name=\"twitter:card\" content=\"summary_large_image\" \/>\n<meta name=\"twitter:label1\" content=\"Est. reading time\" \/>\n\t<meta name=\"twitter:data1\" content=\"1 minute\" \/>\n<script type=\"application\/ld+json\" class=\"yoast-schema-graph\">{\"@context\":\"https:\/\/schema.org\",\"@graph\":[{\"@type\":\"WebPage\",\"@id\":\"https:\/\/sonographycanada.ca\/fr\/developpement-professionnel\/journee-pedagogique-virtuelle\",\"url\":\"https:\/\/sonographycanada.ca\/fr\/developpement-professionnel\/journee-pedagogique-virtuelle\",\"name\":\"Journ\u00e9e p\u00e9dagogique virtuelle - \u00c9chographie Canada\",\"isPartOf\":{\"@id\":\"https:\/\/sonographycanada.ca\/#website\"},\"primaryImageOfPage\":{\"@id\":\"https:\/\/sonographycanada.ca\/fr\/developpement-professionnel\/journee-pedagogique-virtuelle#primaryimage\"},\"image\":{\"@id\":\"https:\/\/sonographycanada.ca\/fr\/developpement-professionnel\/journee-pedagogique-virtuelle#primaryimage\"},\"thumbnailUrl\":\"https:\/\/sonographycanada.ca\/app\/uploads\/2021\/05\/AGM-Education-Day-2021-FRE-website.png\",\"datePublished\":\"2021-05-03T13:34:13+00:00\",\"dateModified\":\"2021-05-03T13:35:16+00:00\",\"breadcrumb\":{\"@id\":\"https:\/\/sonographycanada.ca\/fr\/developpement-professionnel\/journee-pedagogique-virtuelle#breadcrumb\"},\"inLanguage\":\"fr-FR\",\"potentialAction\":[{\"@type\":\"ReadAction\",\"target\":[\"https:\/\/sonographycanada.ca\/fr\/developpement-professionnel\/journee-pedagogique-virtuelle\"]}]},{\"@type\":\"ImageObject\",\"inLanguage\":\"fr-FR\",\"@id\":\"https:\/\/sonographycanada.ca\/fr\/developpement-professionnel\/journee-pedagogique-virtuelle#primaryimage\",\"url\":\"https:\/\/sonographycanada.ca\/app\/uploads\/2021\/05\/AGM-Education-Day-2021-FRE-website.png\",\"contentUrl\":\"https:\/\/sonographycanada.ca\/app\/uploads\/2021\/05\/AGM-Education-Day-2021-FRE-website.png\",\"width\":390,\"height\":172},{\"@type\":\"BreadcrumbList\",\"@id\":\"https:\/\/sonographycanada.ca\/fr\/developpement-professionnel\/journee-pedagogique-virtuelle#breadcrumb\",\"itemListElement\":[{\"@type\":\"ListItem\",\"position\":1,\"name\":\"Accueil\",\"item\":\"https:\/\/sonographycanada.ca\/fr\"},{\"@type\":\"ListItem\",\"position\":2,\"name\":\"D\u00e9veloppement professionnel continu (DPC)\",\"item\":\"https:\/\/sonographycanada.ca\/fr\/developpement-professionnel\"},{\"@type\":\"ListItem\",\"position\":3,\"name\":\"Journ\u00e9e p\u00e9dagogique virtuelle\"}]},{\"@type\":\"WebSite\",\"@id\":\"https:\/\/sonographycanada.ca\/#website\",\"url\":\"https:\/\/sonographycanada.ca\/\",\"name\":\"\u00c9chographie Canada\",\"description\":\"La voix des \u00e9chographistes m\u00e9dicaux diagnostiques au Canada\",\"potentialAction\":[{\"@type\":\"SearchAction\",\"target\":{\"@type\":\"EntryPoint\",\"urlTemplate\":\"https:\/\/sonographycanada.ca\/?s={search_term_string}\"},\"query-input\":{\"@type\":\"PropertyValueSpecification\",\"valueRequired\":true,\"valueName\":\"search_term_string\"}}],\"inLanguage\":\"fr-FR\"}]}<\/script>\n<!-- \/ Yoast SEO plugin. -->","yoast_head_json":{"title":"Journ\u00e9e p\u00e9dagogique virtuelle - \u00c9chographie Canada","robots":{"index":"index","follow":"follow","max-snippet":"max-snippet:-1","max-image-preview":"max-image-preview:large","max-video-preview":"max-video-preview:-1"},"canonical":"https:\/\/sonographycanada.ca\/fr\/developpement-professionnel\/journee-pedagogique-virtuelle","og_locale":"fr_FR","og_type":"article","og_title":"Journ\u00e9e p\u00e9dagogique virtuelle - \u00c9chographie Canada","og_description":"La Journ\u00e9e p\u00e9dagogique d&#8217;\u00c9chographie Canada suivra imm\u00e9diatement l&#8217;Assembl\u00e9e g\u00e9n\u00e9rale annuelle le samedi 29 mai, 2021. Si vous \u00eates un membre actif d&#8217;\u00c9chographie Canada, votre participation \u00e0 la Journ\u00e9e p\u00e9dagogique est gratuite! Il s&#8217;agit d&#8217;une excellente fa\u00e7on d&#8217;accumuler des cr\u00e9dits envers vos exigences au niveau du programme triennal de DPC. La Journ\u00e9e p\u00e9dagogique comprendra : une [&hellip;]","og_url":"https:\/\/sonographycanada.ca\/fr\/developpement-professionnel\/journee-pedagogique-virtuelle","og_site_name":"\u00c9chographie Canada","article_modified_time":"2021-05-03T13:35:16+00:00","og_image":[{"width":390,"height":172,"url":"https:\/\/sonographycanada.ca\/app\/uploads\/2021\/05\/AGM-Education-Day-2021-FRE-website.png","type":"image\/png"}],"twitter_card":"summary_large_image","twitter_misc":{"Est. reading time":"1 minute"},"schema":{"@context":"https:\/\/schema.org","@graph":[{"@type":"WebPage","@id":"https:\/\/sonographycanada.ca\/fr\/developpement-professionnel\/journee-pedagogique-virtuelle","url":"https:\/\/sonographycanada.ca\/fr\/developpement-professionnel\/journee-pedagogique-virtuelle","name":"Journ\u00e9e p\u00e9dagogique virtuelle - \u00c9chographie Canada","isPartOf":{"@id":"https:\/\/sonographycanada.ca\/#website"},"primaryImageOfPage":{"@id":"https:\/\/sonographycanada.ca\/fr\/developpement-professionnel\/journee-pedagogique-virtuelle#primaryimage"},"image":{"@id":"https:\/\/sonographycanada.ca\/fr\/developpement-professionnel\/journee-pedagogique-virtuelle#primaryimage"},"thumbnailUrl":"https:\/\/sonographycanada.ca\/app\/uploads\/2021\/05\/AGM-Education-Day-2021-FRE-website.png","datePublished":"2021-05-03T13:34:13+00:00","dateModified":"2021-05-03T13:35:16+00:00","breadcrumb":{"@id":"https:\/\/sonographycanada.ca\/fr\/developpement-professionnel\/journee-pedagogique-virtuelle#breadcrumb"},"inLanguage":"fr-FR","potentialAction":[{"@type":"ReadAction","target":["https:\/\/sonographycanada.ca\/fr\/developpement-professionnel\/journee-pedagogique-virtuelle"]}]},{"@type":"ImageObject","inLanguage":"fr-FR","@id":"https:\/\/sonographycanada.ca\/fr\/developpement-professionnel\/journee-pedagogique-virtuelle#primaryimage","url":"https:\/\/sonographycanada.ca\/app\/uploads\/2021\/05\/AGM-Education-Day-2021-FRE-website.png","contentUrl":"https:\/\/sonographycanada.ca\/app\/uploads\/2021\/05\/AGM-Education-Day-2021-FRE-website.png","width":390,"height":172},{"@type":"BreadcrumbList","@id":"https:\/\/sonographycanada.ca\/fr\/developpement-professionnel\/journee-pedagogique-virtuelle#breadcrumb","itemListElement":[{"@type":"ListItem","position":1,"name":"Accueil","item":"https:\/\/sonographycanada.ca\/fr"},{"@type":"ListItem","position":2,"name":"D\u00e9veloppement professionnel continu (DPC)","item":"https:\/\/sonographycanada.ca\/fr\/developpement-professionnel"},{"@type":"ListItem","position":3,"name":"Journ\u00e9e p\u00e9dagogique virtuelle"}]},{"@type":"WebSite","@id":"https:\/\/sonographycanada.ca\/#website","url":"https:\/\/sonographycanada.ca\/","name":"\u00c9chographie Canada","description":"La voix des \u00e9chographistes m\u00e9dicaux diagnostiques au Canada","potentialAction":[{"@type":"SearchAction","target":{"@type":"EntryPoint","urlTemplate":"https:\/\/sonographycanada.ca\/?s={search_term_string}"},"query-input":{"@type":"PropertyValueSpecification","valueRequired":true,"valueName":"search_term_string"}}],"inLanguage":"fr-FR"}]}},"coauthors":[],"author_meta":{"author_link":"https:\/\/sonographycanada.ca\/fr\/author\/d3ec179a-ede2-4f9f-a4d2-8551ac33d43f","display_name":"Natalie Wright"},"relative_dates":{"created":"Publi\u00e9 5 years il y a","modified":"Mis \u00e0 jour 5 years il y a"},"absolute_dates":{"created":"Publi\u00e9 le mai 3, 2021","modified":"Mise \u00e0 jour le mai 3, 2021"},"absolute_dates_time":{"created":"Publi\u00e9 le mai 3, 2021 1:34 pm","modified":"Mise \u00e0 jour le mai 3, 2021 1:35 pm"},"featured_img_caption":"","featured_img":"https:\/\/sonographycanada.ca\/app\/uploads\/2021\/05\/AGM-Education-Day-2021-FRE-website.png","series_order":"","_links":{"self":[{"href":"https:\/\/sonographycanada.ca\/fr\/wp-json\/wp\/v2\/pages\/128573"}],"collection":[{"href":"https:\/\/sonographycanada.ca\/fr\/wp-json\/wp\/v2\/pages"}],"about":[{"href":"https:\/\/sonographycanada.ca\/fr\/wp-json\/wp\/v2\/types\/page"}],"author":[{"embeddable":true,"href":"https:\/\/sonographycanada.ca\/fr\/wp-json\/wp\/v2\/users\/1307"}],"replies":[{"embeddable":true,"href":"https:\/\/sonographycanada.ca\/fr\/wp-json\/wp\/v2\/comments?post=128573"}],"version-history":[{"count":1,"href":"https:\/\/sonographycanada.ca\/fr\/wp-json\/wp\/v2\/pages\/128573\/revisions"}],"predecessor-version":[{"id":128574,"href":"https:\/\/sonographycanada.ca\/fr\/wp-json\/wp\/v2\/pages\/128573\/revisions\/128574"}],"up":[{"embeddable":true,"href":"https:\/\/sonographycanada.ca\/fr\/wp-json\/wp\/v2\/pages\/542"}],"wp:featuredmedia":[{"embeddable":true,"href":"https:\/\/sonographycanada.ca\/fr\/wp-json\/wp\/v2\/media\/128545"}],"wp:attachment":[{"href":"https:\/\/sonographycanada.ca\/fr\/wp-json\/wp\/v2\/media?parent=128573"}],"curies":[{"name":"wp","href":"https:\/\/api.w.org\/{rel}","templated":true}]}}