{"id":129390,"date":"2021-05-25T23:54:48","date_gmt":"2021-05-25T23:54:48","guid":{"rendered":"https:\/\/sonographycanada.ca\/?page_id=129390"},"modified":"2024-12-06T12:32:36","modified_gmt":"2024-12-06T17:32:36","slug":"laureats-de-2021","status":"publish","type":"page","link":"https:\/\/sonographycanada.ca\/fr\/laureats-de-2021","title":{"rendered":"Laur\u00e9ats de 2021"},"content":{"rendered":"<h3 class=\"wp-block-heading\">F\u00e9licitations aux r\u00e9cipiendaires des prix d&#8217;\u00c9chographie Canada en 2021!<\/h3><div class=\"wp-block-image\"><figure class=\"aligncenter size-large\"><a href=\"https:\/\/sonographycanada.ca\/app\/uploads\/2021\/05\/SC-Awards-2021-Booklet-BIL.pdf\" target=\"_blank\" rel=\"noopener noreferrer\"><img decoding=\"async\" src=\"https:\/\/sonographycanada.ca\/app\/uploads\/2021\/05\/Awards-2021-Booklet-Cover.jpg\" alt=\"\u00c9dition sp\u00e9ciale - Prix 2021 d'\u00c9chographie Canada\" class=\"wp-image-54676\"><\/a><\/figure><\/div><a target=\"_blank\" class=\"button button--primary text--centered\" href=\"https:\/\/sonographycanada.ca\/app\/uploads\/2021\/05\/Awards-2021-Booklet-Cover.jpg\" rel=\"noopener noreferrer\">T\u00e9l\u00e9chargez l&#8217;\u00e9dition sp\u00e9ciale SONOgramme<\/a>","protected":false},"excerpt":{"rendered":"<p>F\u00e9licitations aux r\u00e9cipiendaires des prix d&#8217;\u00c9chographie Canada en 2021! T\u00e9l\u00e9chargez l&#8217;\u00e9dition sp\u00e9ciale SONOgramme<\/p>\n","protected":false},"author":1307,"featured_media":0,"parent":0,"menu_order":76,"comment_status":"closed","ping_status":"closed","template":"","meta":{"_acf_changed":false,"advgb_blocks_editor_width":"","advgb_blocks_columns_visual_guide":"","wicket_organization":"","_seat_count":"","_member_id":[],"_edit_last":"1307","_start_date":"","_end_date":"","footnotes":""},"class_list":["post-129390","page","type-page","status-publish","hentry"],"acf":[],"yoast_head":"<!-- This site is optimized with the Yoast SEO plugin v23.5 - https:\/\/yoast.com\/wordpress\/plugins\/seo\/ -->\n<title>Laur\u00e9ats de 2021 - \u00c9chographie Canada<\/title>\n<meta name=\"robots\" content=\"index, follow, max-snippet:-1, max-image-preview:large, max-video-preview:-1\" \/>\n<link rel=\"canonical\" href=\"https:\/\/sonographycanada.ca\/award-recipients-2021\" \/>\n<meta property=\"og:locale\" content=\"fr_FR\" \/>\n<meta property=\"og:type\" content=\"article\" \/>\n<meta property=\"og:title\" content=\"Laur\u00e9ats de 2021 - \u00c9chographie Canada\" \/>\n<meta property=\"og:description\" content=\"F\u00e9licitations aux r\u00e9cipiendaires des prix d&#8217;\u00c9chographie Canada en 2021! T\u00e9l\u00e9chargez l&#8217;\u00e9dition sp\u00e9ciale SONOgramme\" \/>\n<meta property=\"og:url\" content=\"https:\/\/sonographycanada.ca\/award-recipients-2021\" \/>\n<meta property=\"og:site_name\" content=\"\u00c9chographie Canada\" \/>\n<meta property=\"article:modified_time\" content=\"2024-12-06T17:32:36+00:00\" \/>\n<meta property=\"og:image\" content=\"https:\/\/sonographycanada.ca\/app\/uploads\/2021\/05\/Awards-2021-Booklet-Cover.jpg\" \/>\n<meta name=\"twitter:card\" content=\"summary_large_image\" \/>\n<script type=\"application\/ld+json\" class=\"yoast-schema-graph\">{\"@context\":\"https:\/\/schema.org\",\"@graph\":[{\"@type\":\"WebPage\",\"@id\":\"https:\/\/sonographycanada.ca\/award-recipients-2021\",\"url\":\"https:\/\/sonographycanada.ca\/award-recipients-2021\",\"name\":\"Laur\u00e9ats de 2021 - \u00c9chographie Canada\",\"isPartOf\":{\"@id\":\"https:\/\/sonographycanada.ca\/#website\"},\"primaryImageOfPage\":{\"@id\":\"https:\/\/sonographycanada.ca\/award-recipients-2021#primaryimage\"},\"image\":{\"@id\":\"https:\/\/sonographycanada.ca\/award-recipients-2021#primaryimage\"},\"thumbnailUrl\":\"https:\/\/sonographycanada.ca\/app\/uploads\/2021\/05\/Awards-2021-Booklet-Cover.jpg\",\"datePublished\":\"2021-05-25T23:54:48+00:00\",\"dateModified\":\"2024-12-06T17:32:36+00:00\",\"breadcrumb\":{\"@id\":\"https:\/\/sonographycanada.ca\/award-recipients-2021#breadcrumb\"},\"inLanguage\":\"fr-FR\",\"potentialAction\":[{\"@type\":\"ReadAction\",\"target\":[\"https:\/\/sonographycanada.ca\/award-recipients-2021\"]}]},{\"@type\":\"ImageObject\",\"inLanguage\":\"fr-FR\",\"@id\":\"https:\/\/sonographycanada.ca\/award-recipients-2021#primaryimage\",\"url\":\"https:\/\/sonographycanada.ca\/app\/uploads\/2021\/05\/Awards-2021-Booklet-Cover.jpg\",\"contentUrl\":\"https:\/\/sonographycanada.ca\/app\/uploads\/2021\/05\/Awards-2021-Booklet-Cover.jpg\"},{\"@type\":\"BreadcrumbList\",\"@id\":\"https:\/\/sonographycanada.ca\/award-recipients-2021#breadcrumb\",\"itemListElement\":[{\"@type\":\"ListItem\",\"position\":1,\"name\":\"Accueil\",\"item\":\"https:\/\/sonographycanada.ca\/fr\"},{\"@type\":\"ListItem\",\"position\":2,\"name\":\"Laur\u00e9ats de 2021\"}]},{\"@type\":\"WebSite\",\"@id\":\"https:\/\/sonographycanada.ca\/#website\",\"url\":\"https:\/\/sonographycanada.ca\/\",\"name\":\"\u00c9chographie Canada\",\"description\":\"La voix des \u00e9chographistes m\u00e9dicaux diagnostiques au Canada\",\"potentialAction\":[{\"@type\":\"SearchAction\",\"target\":{\"@type\":\"EntryPoint\",\"urlTemplate\":\"https:\/\/sonographycanada.ca\/?s={search_term_string}\"},\"query-input\":{\"@type\":\"PropertyValueSpecification\",\"valueRequired\":true,\"valueName\":\"search_term_string\"}}],\"inLanguage\":\"fr-FR\"}]}<\/script>\n<!-- \/ Yoast SEO plugin. -->","yoast_head_json":{"title":"Laur\u00e9ats de 2021 - \u00c9chographie Canada","robots":{"index":"index","follow":"follow","max-snippet":"max-snippet:-1","max-image-preview":"max-image-preview:large","max-video-preview":"max-video-preview:-1"},"canonical":"https:\/\/sonographycanada.ca\/award-recipients-2021","og_locale":"fr_FR","og_type":"article","og_title":"Laur\u00e9ats de 2021 - \u00c9chographie Canada","og_description":"F\u00e9licitations aux r\u00e9cipiendaires des prix d&#8217;\u00c9chographie Canada en 2021! T\u00e9l\u00e9chargez l&#8217;\u00e9dition sp\u00e9ciale SONOgramme","og_url":"https:\/\/sonographycanada.ca\/award-recipients-2021","og_site_name":"\u00c9chographie Canada","article_modified_time":"2024-12-06T17:32:36+00:00","og_image":[{"url":"https:\/\/sonographycanada.ca\/app\/uploads\/2021\/05\/Awards-2021-Booklet-Cover.jpg"}],"twitter_card":"summary_large_image","schema":{"@context":"https:\/\/schema.org","@graph":[{"@type":"WebPage","@id":"https:\/\/sonographycanada.ca\/award-recipients-2021","url":"https:\/\/sonographycanada.ca\/award-recipients-2021","name":"Laur\u00e9ats de 2021 - \u00c9chographie Canada","isPartOf":{"@id":"https:\/\/sonographycanada.ca\/#website"},"primaryImageOfPage":{"@id":"https:\/\/sonographycanada.ca\/award-recipients-2021#primaryimage"},"image":{"@id":"https:\/\/sonographycanada.ca\/award-recipients-2021#primaryimage"},"thumbnailUrl":"https:\/\/sonographycanada.ca\/app\/uploads\/2021\/05\/Awards-2021-Booklet-Cover.jpg","datePublished":"2021-05-25T23:54:48+00:00","dateModified":"2024-12-06T17:32:36+00:00","breadcrumb":{"@id":"https:\/\/sonographycanada.ca\/award-recipients-2021#breadcrumb"},"inLanguage":"fr-FR","potentialAction":[{"@type":"ReadAction","target":["https:\/\/sonographycanada.ca\/award-recipients-2021"]}]},{"@type":"ImageObject","inLanguage":"fr-FR","@id":"https:\/\/sonographycanada.ca\/award-recipients-2021#primaryimage","url":"https:\/\/sonographycanada.ca\/app\/uploads\/2021\/05\/Awards-2021-Booklet-Cover.jpg","contentUrl":"https:\/\/sonographycanada.ca\/app\/uploads\/2021\/05\/Awards-2021-Booklet-Cover.jpg"},{"@type":"BreadcrumbList","@id":"https:\/\/sonographycanada.ca\/award-recipients-2021#breadcrumb","itemListElement":[{"@type":"ListItem","position":1,"name":"Accueil","item":"https:\/\/sonographycanada.ca\/fr"},{"@type":"ListItem","position":2,"name":"Laur\u00e9ats de 2021"}]},{"@type":"WebSite","@id":"https:\/\/sonographycanada.ca\/#website","url":"https:\/\/sonographycanada.ca\/","name":"\u00c9chographie Canada","description":"La voix des \u00e9chographistes m\u00e9dicaux diagnostiques au Canada","potentialAction":[{"@type":"SearchAction","target":{"@type":"EntryPoint","urlTemplate":"https:\/\/sonographycanada.ca\/?s={search_term_string}"},"query-input":{"@type":"PropertyValueSpecification","valueRequired":true,"valueName":"search_term_string"}}],"inLanguage":"fr-FR"}]}},"coauthors":[],"author_meta":{"author_link":"https:\/\/sonographycanada.ca\/fr\/author\/d3ec179a-ede2-4f9f-a4d2-8551ac33d43f","display_name":"Natalie Wright"},"relative_dates":{"created":"Publi\u00e9 5 years il y a","modified":"Mis \u00e0 jour 1 year il y a"},"absolute_dates":{"created":"Publi\u00e9 le mai 25, 2021","modified":"Mise \u00e0 jour le d\u00e9cembre 6, 2024"},"absolute_dates_time":{"created":"Publi\u00e9 le mai 25, 2021 11:54 pm","modified":"Mise \u00e0 jour le d\u00e9cembre 6, 2024 12:32 pm"},"featured_img_caption":"","featured_img":false,"series_order":"","_links":{"self":[{"href":"https:\/\/sonographycanada.ca\/fr\/wp-json\/wp\/v2\/pages\/129390"}],"collection":[{"href":"https:\/\/sonographycanada.ca\/fr\/wp-json\/wp\/v2\/pages"}],"about":[{"href":"https:\/\/sonographycanada.ca\/fr\/wp-json\/wp\/v2\/types\/page"}],"author":[{"embeddable":true,"href":"https:\/\/sonographycanada.ca\/fr\/wp-json\/wp\/v2\/users\/1307"}],"replies":[{"embeddable":true,"href":"https:\/\/sonographycanada.ca\/fr\/wp-json\/wp\/v2\/comments?post=129390"}],"version-history":[{"count":2,"href":"https:\/\/sonographycanada.ca\/fr\/wp-json\/wp\/v2\/pages\/129390\/revisions"}],"predecessor-version":[{"id":129392,"href":"https:\/\/sonographycanada.ca\/fr\/wp-json\/wp\/v2\/pages\/129390\/revisions\/129392"}],"wp:attachment":[{"href":"https:\/\/sonographycanada.ca\/fr\/wp-json\/wp\/v2\/media?parent=129390"}],"curies":[{"name":"wp","href":"https:\/\/api.w.org\/{rel}","templated":true}]}}