{"id":14818,"date":"2020-01-28T15:34:00","date_gmt":"2020-01-28T15:34:00","guid":{"rendered":"https:\/\/sonographycanada.ca\/?page_id=14818"},"modified":"2023-06-06T22:21:03","modified_gmt":"2023-06-07T02:21:03","slug":"prix-pour-un-article-exceptionnel-publie-dans-la-revue-canadienne-dechographie-medicale","status":"publish","type":"page","link":"https:\/\/sonographycanada.ca\/fr\/adhesion\/prix-et-bourses\/prix-pour-un-article-exceptionnel-publie-dans-la-revue-canadienne-dechographie-medicale","title":{"rendered":"Prix pour une soumission exceptionnelle \u00e0 la Revue"},"content":{"rendered":"<p>Le Prix pour une soumission exceptionnelle \u00e0 la Revue reconnait les individus qui personnifient l&#8217;excellence en soumettant des articles \u00e9ducatifs et instructifs \u00e0 la <em>Revue canadienne de l&#8217;\u00e9chographie m\u00e9dicale<\/em> (RCEM). Ces membres sont chefs de file en mati\u00e8re de compr\u00e9hension des tendances actuelles et prennent le temps de partager leurs connaissances avec les autres \u00e9chographistes afin de partager, motiver et \u00e9duquer.<\/p><p>Ce prix reconnait des coll\u00e8gues qui croient \u00e0 l&#8217;\u00e9ducation et au partage des connaissances. Les prix d&#8217;\u00c9chographie Canada soulignent des membres exemplaires dont les efforts ont renforc\u00e9 notre profession en am\u00e9liorant les comp\u00e9tences et le potentiel de leurs pairs.<\/p><p> Chacune des soumissions sera \u00e9valu\u00e9e par le Comit\u00e9 des prix et bourses, soit le comit\u00e9 charg\u00e9 de la s\u00e9lection d\u2019un gagnant. Le Comit\u00e9 de r\u00e9daction de la RCEM soumettra les candidatures \u00e0 partir des articles soumis au cours de la derni\u00e8re ann\u00e9e et ce, au plus tard le 31 janvier de chaque ann\u00e9e. Tous les candidats seront avis\u00e9s si leur candidature est retenue.<\/p><h4 class=\"wp-block-heading\">Admissibilit\u00e9 et crit\u00e8res de s\u00e9lection<\/h4><ul class=\"wp-block-list\"><li>Tout candidat doit \u00eatre un membre actif en r\u00e8gle d\u2019\u00c9chographie Canada.<\/li><li>Les articles soumis \u00e0 la Revue canadienne d\u2019\u00c9chographie m\u00e9dicale (RCEM) au cours de la derni\u00e8re ann\u00e9e peuvent \u00eatre nomin\u00e9s par le Comit\u00e9 de la Revue.<\/li><li>Les articles peuvent avoir \u00e9t\u00e9 r\u00e9dig\u00e9s par plus d&#8217;un auteur.<\/li><li>Les soumissions seront accept\u00e9es en fran\u00e7ais et en anglais.<\/li><\/ul><h4 class=\"wp-block-heading\"><strong>Processus de mise en candidature<\/strong><\/h4><p>Le Comit\u00e9 de la Revue \u00e9valuera les articles re\u00e7us au cours de la derni\u00e8re ann\u00e9e et soumettra ses s\u00e9lections au Comit\u00e9 des prix et bourses aux fins d&#8217;\u00e9valuation.<\/p><h4 class=\"wp-block-heading\"><strong>Processus de s\u00e9lection<\/strong><\/h4><ul class=\"wp-block-list\"><li>Veuillez consultez le <a rel=\"noreferrer noopener\" aria-label=\"Scoring Rubric (opens in a new tab)\" href=\"https:\/\/sonographycanada.ca\/app\/uploads\/2019\/03\/SC-Rubric-Journal.pdf\" target=\"_blank\">formulaire d&#8217;\u00e9valuation<\/a> (disponible en anglais seulement \u00e0 l\u2019heure actuelle) pour les param\u00e8tres en fonction desquels les laur\u00e9ats seront s\u00e9lectionn\u00e9s.<\/li><li>L&#8217;ensemble des soumissions re\u00e7ues de la part du Comit\u00e9 de la Revue seront \u00e9valu\u00e9es par le Comit\u00e9 des prix et bourses.<\/li><li>Les candidats seront avis\u00e9s que leur candidature a \u00e9t\u00e9 soumise pour examen.<\/li><\/ul><h4 class=\"wp-block-heading\"><strong>\u00c9ch\u00e9anciers<\/strong><\/h4><p><strong>Le Comit\u00e9 de la Revue soumettra l&#8217;ensemble des candidatures au Comit\u00e9 des prix et bourses au plus tard le 15 f\u00e9vrier 2021.<\/strong><\/p><h2 class=\"wp-block-heading\">Prix<\/h2><ul class=\"wp-block-list\"><li>500 $<\/li><li>participation \u00e0 la c\u00e9r\u00e9monie de remise des prix d&#8217;\u00c9chographie Canada.<\/li><li>un certificat de reconnaissance<\/li><\/ul><h4 class=\"wp-block-heading\">Questions<\/h4><p> Veuillez acheminer vos questions au sujet de ce prix \u00e0&nbsp;<a rel=\"noreferrer noopener\" href=\"mailto:awards@sonographycanada.ca\" target=\"_blank\">awards@sonographycanada.ca<\/a>. <\/p>","protected":false},"excerpt":{"rendered":"<p>Le Prix pour une soumission exceptionnelle \u00e0 la Revue reconnait les individus qui personnifient l&#8217;excellence en soumettant des articles \u00e9ducatifs et instructifs \u00e0 la Revue canadienne de l&#8217;\u00e9chographie m\u00e9dicale (RCEM). Ces membres sont chefs de file en mati\u00e8re de compr\u00e9hension des tendances actuelles et prennent le temps de partager leurs connaissances avec les autres \u00e9chographistes [&hellip;]<\/p>\n","protected":false},"author":6718,"featured_media":0,"parent":486,"menu_order":107040,"comment_status":"closed","ping_status":"closed","template":"","meta":{"_acf_changed":false,"advgb_blocks_editor_width":"","advgb_blocks_columns_visual_guide":"","wicket_organization":"","_seat_count":"","_member_id":[],"_edit_last":"1307","_start_date":"","_end_date":"","footnotes":""},"class_list":["post-14818","page","type-page","status-publish","hentry"],"acf":[],"yoast_head":"<!-- This site is optimized with the Yoast SEO plugin v23.5 - https:\/\/yoast.com\/wordpress\/plugins\/seo\/ -->\n<title>Prix pour une soumission exceptionnelle \u00e0 la Revue - \u00c9chographie Canada<\/title>\n<meta name=\"robots\" content=\"index, follow, max-snippet:-1, max-image-preview:large, max-video-preview:-1\" \/>\n<link rel=\"canonical\" href=\"https:\/\/sonographycanada.ca\/fr\/adhesion\/prix-et-bourses\/prix-pour-un-article-exceptionnel-publie-dans-la-revue-canadienne-dechographie-medicale\" \/>\n<meta property=\"og:locale\" content=\"fr_FR\" \/>\n<meta property=\"og:type\" content=\"article\" \/>\n<meta property=\"og:title\" content=\"Prix pour une soumission exceptionnelle \u00e0 la Revue - \u00c9chographie Canada\" \/>\n<meta property=\"og:description\" content=\"Le Prix pour une soumission exceptionnelle \u00e0 la Revue reconnait les individus qui personnifient l&#8217;excellence en soumettant des articles \u00e9ducatifs et instructifs \u00e0 la Revue canadienne de l&#8217;\u00e9chographie m\u00e9dicale (RCEM). Ces membres sont chefs de file en mati\u00e8re de compr\u00e9hension des tendances actuelles et prennent le temps de partager leurs connaissances avec les autres \u00e9chographistes [&hellip;]\" \/>\n<meta property=\"og:url\" content=\"https:\/\/sonographycanada.ca\/fr\/adhesion\/prix-et-bourses\/prix-pour-un-article-exceptionnel-publie-dans-la-revue-canadienne-dechographie-medicale\" \/>\n<meta property=\"og:site_name\" content=\"\u00c9chographie Canada\" \/>\n<meta property=\"article:modified_time\" content=\"2023-06-07T02:21:03+00:00\" \/>\n<meta name=\"twitter:card\" content=\"summary_large_image\" \/>\n<meta name=\"twitter:label1\" content=\"Est. reading time\" \/>\n\t<meta name=\"twitter:data1\" content=\"2 minutes\" \/>\n<script type=\"application\/ld+json\" class=\"yoast-schema-graph\">{\"@context\":\"https:\/\/schema.org\",\"@graph\":[{\"@type\":\"WebPage\",\"@id\":\"https:\/\/sonographycanada.ca\/fr\/adhesion\/prix-et-bourses\/prix-pour-un-article-exceptionnel-publie-dans-la-revue-canadienne-dechographie-medicale\",\"url\":\"https:\/\/sonographycanada.ca\/fr\/adhesion\/prix-et-bourses\/prix-pour-un-article-exceptionnel-publie-dans-la-revue-canadienne-dechographie-medicale\",\"name\":\"Prix pour une soumission exceptionnelle \u00e0 la Revue - \u00c9chographie Canada\",\"isPartOf\":{\"@id\":\"https:\/\/sonographycanada.ca\/#website\"},\"datePublished\":\"2020-01-28T15:34:00+00:00\",\"dateModified\":\"2023-06-07T02:21:03+00:00\",\"breadcrumb\":{\"@id\":\"https:\/\/sonographycanada.ca\/fr\/adhesion\/prix-et-bourses\/prix-pour-un-article-exceptionnel-publie-dans-la-revue-canadienne-dechographie-medicale#breadcrumb\"},\"inLanguage\":\"fr-FR\",\"potentialAction\":[{\"@type\":\"ReadAction\",\"target\":[\"https:\/\/sonographycanada.ca\/fr\/adhesion\/prix-et-bourses\/prix-pour-un-article-exceptionnel-publie-dans-la-revue-canadienne-dechographie-medicale\"]}]},{\"@type\":\"BreadcrumbList\",\"@id\":\"https:\/\/sonographycanada.ca\/fr\/adhesion\/prix-et-bourses\/prix-pour-un-article-exceptionnel-publie-dans-la-revue-canadienne-dechographie-medicale#breadcrumb\",\"itemListElement\":[{\"@type\":\"ListItem\",\"position\":1,\"name\":\"Accueil\",\"item\":\"https:\/\/sonographycanada.ca\/fr\"},{\"@type\":\"ListItem\",\"position\":2,\"name\":\"Adh\u00e9sion\",\"item\":\"https:\/\/sonographycanada.ca\/fr\/adhesion\"},{\"@type\":\"ListItem\",\"position\":3,\"name\":\"Prix et bourses\",\"item\":\"https:\/\/sonographycanada.ca\/fr\/adhesion\/prix-et-bourses\"},{\"@type\":\"ListItem\",\"position\":4,\"name\":\"Prix pour une soumission exceptionnelle \u00e0 la Revue\"}]},{\"@type\":\"WebSite\",\"@id\":\"https:\/\/sonographycanada.ca\/#website\",\"url\":\"https:\/\/sonographycanada.ca\/\",\"name\":\"\u00c9chographie Canada\",\"description\":\"La voix des \u00e9chographistes m\u00e9dicaux diagnostiques au Canada\",\"potentialAction\":[{\"@type\":\"SearchAction\",\"target\":{\"@type\":\"EntryPoint\",\"urlTemplate\":\"https:\/\/sonographycanada.ca\/?s={search_term_string}\"},\"query-input\":{\"@type\":\"PropertyValueSpecification\",\"valueRequired\":true,\"valueName\":\"search_term_string\"}}],\"inLanguage\":\"fr-FR\"}]}<\/script>\n<!-- \/ Yoast SEO plugin. -->","yoast_head_json":{"title":"Prix pour une soumission exceptionnelle \u00e0 la Revue - \u00c9chographie Canada","robots":{"index":"index","follow":"follow","max-snippet":"max-snippet:-1","max-image-preview":"max-image-preview:large","max-video-preview":"max-video-preview:-1"},"canonical":"https:\/\/sonographycanada.ca\/fr\/adhesion\/prix-et-bourses\/prix-pour-un-article-exceptionnel-publie-dans-la-revue-canadienne-dechographie-medicale","og_locale":"fr_FR","og_type":"article","og_title":"Prix pour une soumission exceptionnelle \u00e0 la Revue - \u00c9chographie Canada","og_description":"Le Prix pour une soumission exceptionnelle \u00e0 la Revue reconnait les individus qui personnifient l&#8217;excellence en soumettant des articles \u00e9ducatifs et instructifs \u00e0 la Revue canadienne de l&#8217;\u00e9chographie m\u00e9dicale (RCEM). Ces membres sont chefs de file en mati\u00e8re de compr\u00e9hension des tendances actuelles et prennent le temps de partager leurs connaissances avec les autres \u00e9chographistes [&hellip;]","og_url":"https:\/\/sonographycanada.ca\/fr\/adhesion\/prix-et-bourses\/prix-pour-un-article-exceptionnel-publie-dans-la-revue-canadienne-dechographie-medicale","og_site_name":"\u00c9chographie Canada","article_modified_time":"2023-06-07T02:21:03+00:00","twitter_card":"summary_large_image","twitter_misc":{"Est. reading time":"2 minutes"},"schema":{"@context":"https:\/\/schema.org","@graph":[{"@type":"WebPage","@id":"https:\/\/sonographycanada.ca\/fr\/adhesion\/prix-et-bourses\/prix-pour-un-article-exceptionnel-publie-dans-la-revue-canadienne-dechographie-medicale","url":"https:\/\/sonographycanada.ca\/fr\/adhesion\/prix-et-bourses\/prix-pour-un-article-exceptionnel-publie-dans-la-revue-canadienne-dechographie-medicale","name":"Prix pour une soumission exceptionnelle \u00e0 la Revue - \u00c9chographie Canada","isPartOf":{"@id":"https:\/\/sonographycanada.ca\/#website"},"datePublished":"2020-01-28T15:34:00+00:00","dateModified":"2023-06-07T02:21:03+00:00","breadcrumb":{"@id":"https:\/\/sonographycanada.ca\/fr\/adhesion\/prix-et-bourses\/prix-pour-un-article-exceptionnel-publie-dans-la-revue-canadienne-dechographie-medicale#breadcrumb"},"inLanguage":"fr-FR","potentialAction":[{"@type":"ReadAction","target":["https:\/\/sonographycanada.ca\/fr\/adhesion\/prix-et-bourses\/prix-pour-un-article-exceptionnel-publie-dans-la-revue-canadienne-dechographie-medicale"]}]},{"@type":"BreadcrumbList","@id":"https:\/\/sonographycanada.ca\/fr\/adhesion\/prix-et-bourses\/prix-pour-un-article-exceptionnel-publie-dans-la-revue-canadienne-dechographie-medicale#breadcrumb","itemListElement":[{"@type":"ListItem","position":1,"name":"Accueil","item":"https:\/\/sonographycanada.ca\/fr"},{"@type":"ListItem","position":2,"name":"Adh\u00e9sion","item":"https:\/\/sonographycanada.ca\/fr\/adhesion"},{"@type":"ListItem","position":3,"name":"Prix et bourses","item":"https:\/\/sonographycanada.ca\/fr\/adhesion\/prix-et-bourses"},{"@type":"ListItem","position":4,"name":"Prix pour une soumission exceptionnelle \u00e0 la Revue"}]},{"@type":"WebSite","@id":"https:\/\/sonographycanada.ca\/#website","url":"https:\/\/sonographycanada.ca\/","name":"\u00c9chographie Canada","description":"La voix des \u00e9chographistes m\u00e9dicaux diagnostiques au Canada","potentialAction":[{"@type":"SearchAction","target":{"@type":"EntryPoint","urlTemplate":"https:\/\/sonographycanada.ca\/?s={search_term_string}"},"query-input":{"@type":"PropertyValueSpecification","valueRequired":true,"valueName":"search_term_string"}}],"inLanguage":"fr-FR"}]}},"coauthors":[],"author_meta":{"author_link":"https:\/\/sonographycanada.ca\/fr\/author\/263a58fd-0292-4830-a513-b6bccee25d5d","display_name":"Riad Kadi"},"relative_dates":{"created":"Publi\u00e9 6 years il y a","modified":"Mis \u00e0 jour 3 years il y a"},"absolute_dates":{"created":"Publi\u00e9 le janvier 28, 2020","modified":"Mise \u00e0 jour le juin 6, 2023"},"absolute_dates_time":{"created":"Publi\u00e9 le janvier 28, 2020 3:34 pm","modified":"Mise \u00e0 jour le juin 6, 2023 10:21 pm"},"featured_img_caption":"","featured_img":false,"series_order":"","_links":{"self":[{"href":"https:\/\/sonographycanada.ca\/fr\/wp-json\/wp\/v2\/pages\/14818"}],"collection":[{"href":"https:\/\/sonographycanada.ca\/fr\/wp-json\/wp\/v2\/pages"}],"about":[{"href":"https:\/\/sonographycanada.ca\/fr\/wp-json\/wp\/v2\/types\/page"}],"author":[{"embeddable":true,"href":"https:\/\/sonographycanada.ca\/fr\/wp-json\/wp\/v2\/users\/6718"}],"replies":[{"embeddable":true,"href":"https:\/\/sonographycanada.ca\/fr\/wp-json\/wp\/v2\/comments?post=14818"}],"version-history":[{"count":5,"href":"https:\/\/sonographycanada.ca\/fr\/wp-json\/wp\/v2\/pages\/14818\/revisions"}],"predecessor-version":[{"id":193908,"href":"https:\/\/sonographycanada.ca\/fr\/wp-json\/wp\/v2\/pages\/14818\/revisions\/193908"}],"up":[{"embeddable":true,"href":"https:\/\/sonographycanada.ca\/fr\/wp-json\/wp\/v2\/pages\/486"}],"wp:attachment":[{"href":"https:\/\/sonographycanada.ca\/fr\/wp-json\/wp\/v2\/media?parent=14818"}],"curies":[{"name":"wp","href":"https:\/\/api.w.org\/{rel}","templated":true}]}}