{"id":154595,"date":"2022-07-22T02:20:01","date_gmt":"2022-07-22T02:20:01","guid":{"rendered":"https:\/\/sonographycanada.ca\/?page_id=154595"},"modified":"2024-08-21T14:38:09","modified_gmt":"2024-08-21T18:38:09","slug":"occasions-de-publicite-et-de-commandite","status":"publish","type":"page","link":"https:\/\/sonographycanada.ca\/fr\/occasions-de-publicite-et-de-commandite","title":{"rendered":"Occasions de publicit\u00e9 et de commandite"},"content":{"rendered":"<p>Nous sommes enthousiastes de partager avec vous les occasions d&#8217;engagement offertes tout au long de l&#8217;ann\u00e9e! Renseignez-vous sur :<\/p><ul class=\"wp-block-list\"><li><a href=\"https:\/\/sonographycanada.ca\/app\/uploads\/2022\/06\/Corporate-Partnerships.pdf\">Les partenariats corporatifs pour un engagement tout au long de l&#8217;ann\u00e9e<\/a> <\/li><li><a href=\"https:\/\/sonographycanada.ca\/app\/uploads\/2022\/06\/Event-Specific-Partnerships.pdf\">Les webinaires, s\u00e9ries de formations virtuelles et semaine de la DPC 2022<\/a><\/li><li><a href=\"https:\/\/sonographycanada.ca\/app\/uploads\/2022\/06\/Virtual-Conference-Prospectus_Final.pdf\">SonoCon 2022 &#8211; Opportunit\u00e9s lors de la conf\u00e9rence virtuelle<\/a><\/li><li><a href=\"https:\/\/sonographycanada.ca\/app\/uploads\/2022\/06\/Advertising-Opportunities.pdf\">La publicit\u00e9 sur le site Web et dans les bulletins d&#8217;information, les offres d&#8217;emploi, et les courriels<\/a><\/li><\/ul><p><strong>Nota:<\/strong> <em>Les documents ci-haut mentionn\u00e9s ne sont disponibles qu&#8217;en anglais \u00e0 l&#8217;heure actuelle.<\/em><\/p>","protected":false},"excerpt":{"rendered":"<p>Nous sommes enthousiastes de partager avec vous les occasions d&#8217;engagement offertes tout au long de l&#8217;ann\u00e9e! Renseignez-vous sur : Les partenariats corporatifs pour un engagement tout au long de l&#8217;ann\u00e9e Les webinaires, s\u00e9ries de formations virtuelles et semaine de la DPC 2022 SonoCon 2022 &#8211; Opportunit\u00e9s lors de la conf\u00e9rence virtuelle La publicit\u00e9 sur le [&hellip;]<\/p>\n","protected":false},"author":1307,"featured_media":0,"parent":0,"menu_order":106,"comment_status":"closed","ping_status":"closed","template":"","meta":{"_acf_changed":false,"advgb_blocks_editor_width":"","advgb_blocks_columns_visual_guide":"","wicket_organization":"","_seat_count":"","_member_id":[],"_edit_last":"1307","_start_date":"","_end_date":"","footnotes":""},"class_list":["post-154595","page","type-page","status-publish","hentry"],"acf":[],"yoast_head":"<!-- This site is optimized with the Yoast SEO plugin v23.5 - https:\/\/yoast.com\/wordpress\/plugins\/seo\/ -->\n<title>Occasions de publicit\u00e9 et de commandite - \u00c9chographie Canada<\/title>\n<meta name=\"robots\" content=\"index, follow, max-snippet:-1, max-image-preview:large, max-video-preview:-1\" \/>\n<link rel=\"canonical\" href=\"https:\/\/sonographycanada.ca\/sponsorship-advertising\/advertising-sponsorship-opportunities\" \/>\n<meta property=\"og:locale\" content=\"fr_FR\" \/>\n<meta property=\"og:type\" content=\"article\" \/>\n<meta property=\"og:title\" content=\"Occasions de publicit\u00e9 et de commandite - \u00c9chographie Canada\" \/>\n<meta property=\"og:description\" content=\"Nous sommes enthousiastes de partager avec vous les occasions d&#8217;engagement offertes tout au long de l&#8217;ann\u00e9e! Renseignez-vous sur : Les partenariats corporatifs pour un engagement tout au long de l&#8217;ann\u00e9e Les webinaires, s\u00e9ries de formations virtuelles et semaine de la DPC 2022 SonoCon 2022 &#8211; Opportunit\u00e9s lors de la conf\u00e9rence virtuelle La publicit\u00e9 sur le [&hellip;]\" \/>\n<meta property=\"og:url\" content=\"https:\/\/sonographycanada.ca\/sponsorship-advertising\/advertising-sponsorship-opportunities\" \/>\n<meta property=\"og:site_name\" content=\"\u00c9chographie Canada\" \/>\n<meta property=\"article:modified_time\" content=\"2024-08-21T18:38:09+00:00\" \/>\n<meta name=\"twitter:card\" content=\"summary_large_image\" \/>\n<script type=\"application\/ld+json\" class=\"yoast-schema-graph\">{\"@context\":\"https:\/\/schema.org\",\"@graph\":[{\"@type\":\"WebPage\",\"@id\":\"https:\/\/sonographycanada.ca\/sponsorship-advertising\/advertising-sponsorship-opportunities\",\"url\":\"https:\/\/sonographycanada.ca\/sponsorship-advertising\/advertising-sponsorship-opportunities\",\"name\":\"Occasions de publicit\u00e9 et de commandite - \u00c9chographie Canada\",\"isPartOf\":{\"@id\":\"https:\/\/sonographycanada.ca\/#website\"},\"datePublished\":\"2022-07-22T02:20:01+00:00\",\"dateModified\":\"2024-08-21T18:38:09+00:00\",\"breadcrumb\":{\"@id\":\"https:\/\/sonographycanada.ca\/sponsorship-advertising\/advertising-sponsorship-opportunities#breadcrumb\"},\"inLanguage\":\"fr-FR\",\"potentialAction\":[{\"@type\":\"ReadAction\",\"target\":[\"https:\/\/sonographycanada.ca\/sponsorship-advertising\/advertising-sponsorship-opportunities\"]}]},{\"@type\":\"BreadcrumbList\",\"@id\":\"https:\/\/sonographycanada.ca\/sponsorship-advertising\/advertising-sponsorship-opportunities#breadcrumb\",\"itemListElement\":[{\"@type\":\"ListItem\",\"position\":1,\"name\":\"Accueil\",\"item\":\"https:\/\/sonographycanada.ca\/fr\"},{\"@type\":\"ListItem\",\"position\":2,\"name\":\"Occasions de publicit\u00e9 et de commandite\"}]},{\"@type\":\"WebSite\",\"@id\":\"https:\/\/sonographycanada.ca\/#website\",\"url\":\"https:\/\/sonographycanada.ca\/\",\"name\":\"\u00c9chographie Canada\",\"description\":\"La voix des \u00e9chographistes m\u00e9dicaux diagnostiques au Canada\",\"potentialAction\":[{\"@type\":\"SearchAction\",\"target\":{\"@type\":\"EntryPoint\",\"urlTemplate\":\"https:\/\/sonographycanada.ca\/?s={search_term_string}\"},\"query-input\":{\"@type\":\"PropertyValueSpecification\",\"valueRequired\":true,\"valueName\":\"search_term_string\"}}],\"inLanguage\":\"fr-FR\"}]}<\/script>\n<!-- \/ Yoast SEO plugin. -->","yoast_head_json":{"title":"Occasions de publicit\u00e9 et de commandite - \u00c9chographie Canada","robots":{"index":"index","follow":"follow","max-snippet":"max-snippet:-1","max-image-preview":"max-image-preview:large","max-video-preview":"max-video-preview:-1"},"canonical":"https:\/\/sonographycanada.ca\/sponsorship-advertising\/advertising-sponsorship-opportunities","og_locale":"fr_FR","og_type":"article","og_title":"Occasions de publicit\u00e9 et de commandite - \u00c9chographie Canada","og_description":"Nous sommes enthousiastes de partager avec vous les occasions d&#8217;engagement offertes tout au long de l&#8217;ann\u00e9e! Renseignez-vous sur : Les partenariats corporatifs pour un engagement tout au long de l&#8217;ann\u00e9e Les webinaires, s\u00e9ries de formations virtuelles et semaine de la DPC 2022 SonoCon 2022 &#8211; Opportunit\u00e9s lors de la conf\u00e9rence virtuelle La publicit\u00e9 sur le [&hellip;]","og_url":"https:\/\/sonographycanada.ca\/sponsorship-advertising\/advertising-sponsorship-opportunities","og_site_name":"\u00c9chographie Canada","article_modified_time":"2024-08-21T18:38:09+00:00","twitter_card":"summary_large_image","schema":{"@context":"https:\/\/schema.org","@graph":[{"@type":"WebPage","@id":"https:\/\/sonographycanada.ca\/sponsorship-advertising\/advertising-sponsorship-opportunities","url":"https:\/\/sonographycanada.ca\/sponsorship-advertising\/advertising-sponsorship-opportunities","name":"Occasions de publicit\u00e9 et de commandite - \u00c9chographie Canada","isPartOf":{"@id":"https:\/\/sonographycanada.ca\/#website"},"datePublished":"2022-07-22T02:20:01+00:00","dateModified":"2024-08-21T18:38:09+00:00","breadcrumb":{"@id":"https:\/\/sonographycanada.ca\/sponsorship-advertising\/advertising-sponsorship-opportunities#breadcrumb"},"inLanguage":"fr-FR","potentialAction":[{"@type":"ReadAction","target":["https:\/\/sonographycanada.ca\/sponsorship-advertising\/advertising-sponsorship-opportunities"]}]},{"@type":"BreadcrumbList","@id":"https:\/\/sonographycanada.ca\/sponsorship-advertising\/advertising-sponsorship-opportunities#breadcrumb","itemListElement":[{"@type":"ListItem","position":1,"name":"Accueil","item":"https:\/\/sonographycanada.ca\/fr"},{"@type":"ListItem","position":2,"name":"Occasions de publicit\u00e9 et de commandite"}]},{"@type":"WebSite","@id":"https:\/\/sonographycanada.ca\/#website","url":"https:\/\/sonographycanada.ca\/","name":"\u00c9chographie Canada","description":"La voix des \u00e9chographistes m\u00e9dicaux diagnostiques au Canada","potentialAction":[{"@type":"SearchAction","target":{"@type":"EntryPoint","urlTemplate":"https:\/\/sonographycanada.ca\/?s={search_term_string}"},"query-input":{"@type":"PropertyValueSpecification","valueRequired":true,"valueName":"search_term_string"}}],"inLanguage":"fr-FR"}]}},"coauthors":[],"author_meta":{"author_link":"https:\/\/sonographycanada.ca\/fr\/author\/d3ec179a-ede2-4f9f-a4d2-8551ac33d43f","display_name":"Natalie Wright"},"relative_dates":{"created":"Publi\u00e9 4 years il y a","modified":"Mis \u00e0 jour 2 years il y a"},"absolute_dates":{"created":"Publi\u00e9 le juillet 22, 2022","modified":"Mise \u00e0 jour le ao\u00fbt 21, 2024"},"absolute_dates_time":{"created":"Publi\u00e9 le juillet 22, 2022 2:20 am","modified":"Mise \u00e0 jour le ao\u00fbt 21, 2024 2:38 pm"},"featured_img_caption":"","featured_img":false,"series_order":"","_links":{"self":[{"href":"https:\/\/sonographycanada.ca\/fr\/wp-json\/wp\/v2\/pages\/154595"}],"collection":[{"href":"https:\/\/sonographycanada.ca\/fr\/wp-json\/wp\/v2\/pages"}],"about":[{"href":"https:\/\/sonographycanada.ca\/fr\/wp-json\/wp\/v2\/types\/page"}],"author":[{"embeddable":true,"href":"https:\/\/sonographycanada.ca\/fr\/wp-json\/wp\/v2\/users\/1307"}],"replies":[{"embeddable":true,"href":"https:\/\/sonographycanada.ca\/fr\/wp-json\/wp\/v2\/comments?post=154595"}],"version-history":[{"count":1,"href":"https:\/\/sonographycanada.ca\/fr\/wp-json\/wp\/v2\/pages\/154595\/revisions"}],"predecessor-version":[{"id":154596,"href":"https:\/\/sonographycanada.ca\/fr\/wp-json\/wp\/v2\/pages\/154595\/revisions\/154596"}],"wp:attachment":[{"href":"https:\/\/sonographycanada.ca\/fr\/wp-json\/wp\/v2\/media?parent=154595"}],"curies":[{"name":"wp","href":"https:\/\/api.w.org\/{rel}","templated":true}]}}