{"id":160971,"date":"2022-11-21T16:28:46","date_gmt":"2022-11-21T16:28:46","guid":{"rendered":"https:\/\/sonographycanada.ca\/?page_id=160971"},"modified":"2022-11-21T16:54:17","modified_gmt":"2022-11-21T16:54:17","slug":"compte-a-rebours-du-dpc-2022","status":"publish","type":"page","link":"https:\/\/sonographycanada.ca\/fr\/a-propos\/evenements\/compte-a-rebours-du-dpc-2022","title":{"rendered":"Compte \u00e0 rebours du DPC 2022!"},"content":{"rendered":"<figure class=\"wp-block-image size-large\"><img loading=\"lazy\" decoding=\"async\" width=\"780\" height=\"390\" src=\"https:\/\/sonographycanada.ca\/app\/uploads\/2022\/11\/CPD-countdown-FRE-1.jpg\" alt=\"\" class=\"wp-image-160979\" srcset=\"https:\/\/sonographycanada.ca\/app\/uploads\/2022\/11\/CPD-countdown-FRE-1.jpg 780w, https:\/\/sonographycanada.ca\/app\/uploads\/2022\/11\/CPD-countdown-FRE-1-600x300.jpg 600w, https:\/\/sonographycanada.ca\/app\/uploads\/2022\/11\/CPD-countdown-FRE-1-300x150.jpg 300w, https:\/\/sonographycanada.ca\/app\/uploads\/2022\/11\/CPD-countdown-FRE-1-768x384.jpg 768w, https:\/\/sonographycanada.ca\/app\/uploads\/2022\/11\/CPD-countdown-FRE-1-390x195.jpg 390w\" sizes=\"(max-width: 780px) 100vw, 780px\" \/><\/figure><h2 class=\"has-text-align-center wp-block-heading\">Participez \u00e0 notre compte \u00e0 rebours du DPC<br>Du 5 au 9 d\u00e9cembre 2022<\/h2><p>Est-ce que votre triennat de DPC se termine cette ann\u00e9e? Il vous faut encore des cr\u00e9dits de DPC? En exclusivit\u00e9 pour les membres d&#8217;\u00c9chographie Canada, du 5 au 9 d\u00e9cembre, nous accorderons l&#8217;acc\u00e8s \u00e0 des enregistrements de conf\u00e9rences de DPC auparavant restreintes. Les membres pourront visionner ces vid\u00e9os pendant cette p\u00e9riode, juste \u00e0 temps pour r\u00e9clamer quelques cr\u00e9dits de DPC suppl\u00e9mentaires en 2022. Voici le programme du compte \u00e0 rebours du DPC de cette ann\u00e9e.<\/p><p class=\"has-text-color has-text-align-center has-medium-font-size has-vivid-red-color\"><strong>Inscrivez-vous pour une session ou pour l&#8217;ensemble des sessions! <\/strong><br><strong>C&#8217;est gratuit pour les membres d&#8217;\u00c9chographie Canada.<\/strong><\/p><p class=\"has-text-align-center\"><strong>Inscrivez-vous aux sessions qui vous int\u00e9ressent, <\/strong><br><strong>m\u00eame si vous ne pouvez pas y participer au <\/strong><br><strong>moment m\u00eame de la diffusion de l&#8217;enregistrement.  <\/strong><br><strong>Un lien vid\u00e9o vous sera envoy\u00e9 par courriel afin que vous <\/strong><br><strong>puissiez le visionner \u00e0 un autre moment qui vous convient! <\/strong><\/p><figure class=\"wp-block-table\"><table class=\"\"><tbody><tr><td><\/td><\/tr><tr><td><strong>Le lundi 5 d\u00e9cembre 2022<\/strong><br>19 h Heure de l&#8217;Est<br><strong>\u00c9chographie de l&#8217;appendice<\/strong> pr\u00e9sent\u00e9 par Erin Nugent (en anglais)<br><em>Pr\u00e9sentation originale livr\u00e9e dans le cadre de SonoCon, en octobre 2021<br>1 cr\u00e9dit de DPC fond\u00e9 sur l&#8217;\u00e9chographie<\/em><br>L&#8217;\u00e9valuation de l&#8217;appendice dans un abdomen aigu a historiquement repos\u00e9 sur des m\u00e9thodes d&#8217;imagerie telles que le CT.  Face aux pr\u00e9occupations concernant les rayonnements ionisants, l&#8217;\u00e9chographie est une m\u00e9thode reconnue et fiable pour l&#8217;\u00e9valuation de l&#8217;appendice. Il est essentiel de fournir aux \u00e9chographistes les comp\u00e9tences et les techniques n\u00e9cessaires pour aider le radiologue \u00e0 poser un diagnostic pr\u00e9cis.   La compr\u00e9hension de l&#8217;anatomie du quadrant inf\u00e9rieur droit, en particulier de l&#8217;anatomie intestinale, est la pierre angulaire d&#8217;une \u00e9chographie r\u00e9ussie de l&#8217;appendice. La pr\u00e9sentation abordera la localisation de l&#8217;appendice et r\u00e9fl\u00e9chira sur les variations anatomiques qui peuvent l&#8217;affecter.   Des techniques seront pr\u00e9sent\u00e9es pour guider les \u00e9chographistes dans la localisation du p\u00f4le c\u00e6cal, une \u00e9tape critique pour rep\u00e9rer l&#8217;appendice. Les pathologies courantes de l&#8217;appendice seront \u00e9galement abord\u00e9es.  <br><br><strong>Inscrivez-vous d\u00e8s aujourd&#8217;hui! <\/strong>  <a href=\"https:\/\/us02web.zoom.us\/webinar\/register\/WN_NWQbpjbRSxWthxpKetcXZg\">https:\/\/us02web.zoom.us\/webinar\/register\/WN_NWQbpjbRSxWthxpKetcXZg<\/a>   &nbsp;    <\/td><\/tr><tr><td><br><strong>Le mardi 6 d\u00e9cembre 2022<\/strong><br>12 h (midi) Heure de l&#8217;EST<br><strong>Identification du sexe par le biais de l&#8217;\u00e9chographie : Au-del\u00e0 de l&#8217;ut\u00e9rus <\/strong>pr\u00e9sent\u00e9 par Karen Letourneau  (en anglais) <br><em>Pr\u00e9sentation originale livr\u00e9e dans le cadre de SonoCon, en octobre 2021<\/em><br><em>1 cr\u00e9dit de DPC fond\u00e9 sur l&#8217;\u00e9chographie<\/em><br>Le r\u00f4le de l&#8217;\u00e9chographie dans l&#8217;identification du sexe d&#8217;un individu peut aller au-del\u00e0 de la pratique courante pendant la grossesse. Il existe des anomalies cong\u00e9nitales qui limitent notre capacit\u00e9 \u00e0 effectuer une d\u00e9termination intra-ut\u00e9rine pr\u00e9cise. Dans cet expos\u00e9, on discute des r\u00e9sultats \u00e9chographiques en p\u00e9riode pr\u00e9natale et postnatale imm\u00e9diate, des pathologies et des malformations qui peuvent survenir. L&#8217;influence des hormones sexuelles peut toutefois avoir des cons\u00e9quences qui ne se manifestent que dans l&#8217;enfance, l&#8217;adolescence et m\u00eame \u00e0 l&#8217;\u00e2ge adulte. Les apparences \u00e9chographiques seront d\u00e9montr\u00e9es dans les conditions suivantes : organes g\u00e9nitaux ambigus, diagnostics pr\u00e9nataux et postnataux en fonction d&#8217;un examen primaire des organes sexuels internes et externes, recherche d&#8217;un homme non-virilis\u00e9 avec des organes g\u00e9nitaux ambigus; syndrome persistant du canal m\u00fcll\u00e9rien; am\u00e9norrh\u00e9e primaire en pr\u00e9sence d&#8217;une ag\u00e9n\u00e9sie ut\u00e9rine; d\u00e9veloppement anormal des seins; pubert\u00e9 pr\u00e9coce masculine et f\u00e9minine; hyper stimulation ovarienne en d\u00e9but de grossesse. <br><br><strong>Inscrivez-vous d\u00e8s aujourd&#8217;hui!<\/strong><br><a href=\"https:\/\/us02web.zoom.us\/webinar\/register\/WN_lMhgP5Y3RIyMjGXNrftE-g\">https:\/\/us02web.zoom.us\/webinar\/register\/WN_lMhgP5Y3RIyMjGXNrftE-g<\/a>   <\/td><\/tr><tr><td><br><strong>Le mercredi 7 d\u00e9cembre 2022<\/strong><br>11 h (midi) Heure de l&#8217;EST<br><strong>Introduction \u00e0 l&#8217;\u00e9chographie pulmonaire pour les \u00e9chographistes <\/strong>pr\u00e9sent\u00e9 par Heather Cooley  (en anglais) <br><em>Pr\u00e9sentation originale livr\u00e9e dans le cadre de SonoCon, en octobre 2021<\/em><br><em>1 cr\u00e9dit de DPC fond\u00e9 sur l&#8217;\u00e9chographie<\/em> <br>Cette session vous pr\u00e9sentera l&#8217;\u00e9chographie pulmonaire. Comprendre comment exploiter la cr\u00e9ation et l&#8217;interpr\u00e9tation des artefacts vous aidera \u00e0 r\u00e9aliser une \u00e9chographie pulmonaire en toute confiance. Comme pour la plupart des \u00e9chographies, cette technique d&#8217;imagerie offre des r\u00e9sultats rapides et peut \u00eatre plus facile \u00e0 tol\u00e9rer pour le patient que les techniques d&#8217;imagerie pulmonaire plus courantes. Avec l&#8217;augmentation de la demande pour des tests diagnostiques pendant la pand\u00e9mie, les \u00e9chographistes ont eu l&#8217;occasion d&#8217;\u00e9largir leurs comp\u00e9tences et d&#8217;offrir \u00e0 leurs patients des \u00e9chographies compl\u00e8tes et de haute qualit\u00e9. La compr\u00e9hension de notre r\u00f4le essentiel en mati\u00e8re d&#8217;\u00e9chographie pulmonaire offre aux \u00e9chographistes un autre moyen d&#8217;am\u00e9liorer les soins aux patients. <br><br><strong>Inscrivez-vous d\u00e8s aujourd&#8217;hui! <\/strong><br><a href=\"https:\/\/us02web.zoom.us\/webinar\/register\/WN_oW6IYjWdQ7Knjva8_9On7g\">https:\/\/us02web.zoom.us\/webinar\/register\/WN_oW6IYjWdQ7Knjva8_9On7g<\/a>   &nbsp; <\/td><\/tr><tr><td><br><strong>Le jeudi 8 d\u00e9cembre 2022<\/strong><br>19 h Heure de l&#8217;Est<br><strong>Des examens s\u00fbres : Les pratiques exemplaires ergonomiques en \u00e9chocardiographie <\/strong>par Paul Hrynkow  (en anglais) <br><em>Pr\u00e9sentation originale livr\u00e9e dans le cadre de SonoCon, en octobre 2021<\/em><br><em>1 cr\u00e9dit de DPC fond\u00e9 sur l&#8217;\u00e9chographie<\/em><br>Une discussion pour les \u00e9chocardiographistes sur la pr\u00e9vention des blessures et les pratiques d&#8217;examen s\u00fbres. Ce mod\u00e8le de pratique exemplaire a \u00e9t\u00e9 d\u00e9velopp\u00e9 en partenariat avec une \u00e9quipe d&#8217;\u00e9chocardiographes afin de cr\u00e9er une approche s\u00fbre et pratique lors d&#8217;\u00e9chographies. Les sujets abord\u00e9s seront les suivants : un bref examen de l&#8217;anatomie et de la relation entre la musculature et les nerfs, les lignes directrices en mati\u00e8re de pratiques exemplaires ergonomiques pour les \u00e9chocardiographistes, y compris la m\u00e9canique du corps et le positionnement du patient. Il y aura \u00e9galement une d\u00e9monstration d&#8217;exercices qui traitent des probl\u00e8mes musculo-squelettiques sp\u00e9cifiques aux \u00e9chocardiographes. L&#8217;accent est mis sur les solutions efficaces qui peuvent \u00eatre imm\u00e9diatement mises en \u0153uvre en milieu de travail.  <br><br><strong>Inscrivez-vous d\u00e8s aujourd&#8217;hui! <\/strong><br> <a href=\"https:\/\/us02web.zoom.us\/webinar\/register\/WN_8ywgh1MCSHezh9FMU6Vt1Q\">https:\/\/us02web.zoom.us\/webinar\/register\/WN_8ywgh1MCSHezh9FMU6Vt1Q<\/a>    <\/td><\/tr><tr><td><br><strong>Le vendredi 9 d\u00e9cembre 2022<\/strong><br>12 h (midi) Heure de l&#8217;Est <br><strong>Les ganglions lymphatiques axillaires dans le cadre du diagnostic du cancer du sein<\/strong> par Amber Javaid  (en anglais)  <br><em>Pr\u00e9sentation originale dans le cadre de SonoCon, en octobre 2021<\/em><br><em>1 cr\u00e9dit de DPC fond\u00e9 sur l&#8217;\u00e9chographie<\/em><br>Cette pr\u00e9sentation fait le point sur :<br>     &#8211; L&#8217;identification de la pr\u00e9sence de m\u00e9tastases des ganglions axillaires chez les patientes atteintes d&#8217;un cancer du sein invasif est essentielle pour d\u00e9terminer le pronostic et d\u00e9cider du traitement appropri\u00e9.<br>     &#8211; L&#8217;avantage de l&#8217;identification pr\u00e9op\u00e9ratoire des m\u00e9tastases axillaires est qu&#8217;elle permet au chirurgien de proc\u00e9der directement \u00e0 l&#8217;ALND et d&#8217;\u00e9viter une SLNB inutile.<br>     &#8211; Avec le d\u00e9ploiement massif de la vaccination contre la COVID, la lymphad\u00e9nopathie ipsilat\u00e9rale au muscle delto\u00efde inject\u00e9 est devenue une manifestation importante de la r\u00e9ponse immunitaire \u00e0 laquelle il faut \u00eatre attentif, car elle peut constituer un dilemme diagnostique dans les \u00e9tudes d&#8217;imagerie du cancer.  <br><br><strong>Inserivez-vous d\u00e8s aujourd&#8217;hui! <\/strong><br><a href=\"https:\/\/us02web.zoom.us\/webinar\/register\/WN_1xrCbxFaTXu5ZmzxNUq_sQ\">https:\/\/us02web.zoom.us\/webinar\/register\/WN_1xrCbxFaTXu5ZmzxNUq_sQ<\/a>   &nbsp;        <\/td><\/tr><\/tbody><\/table><\/figure>","protected":false},"excerpt":{"rendered":"<p>Participez \u00e0 notre compte \u00e0 rebours du DPCDu 5 au 9 d\u00e9cembre 2022 Est-ce que votre triennat de DPC se termine cette ann\u00e9e? Il vous faut encore des cr\u00e9dits de DPC? En exclusivit\u00e9 pour les membres d&#8217;\u00c9chographie Canada, du 5 au 9 d\u00e9cembre, nous accorderons l&#8217;acc\u00e8s \u00e0 des enregistrements de conf\u00e9rences de DPC auparavant restreintes. [&hellip;]<\/p>\n","protected":false},"author":1307,"featured_media":0,"parent":469,"menu_order":7,"comment_status":"closed","ping_status":"closed","template":"","meta":{"_acf_changed":false,"advgb_blocks_editor_width":"","advgb_blocks_columns_visual_guide":"","wicket_organization":"","_seat_count":"","_member_id":[],"_edit_last":"1307","_start_date":"","_end_date":"","footnotes":""},"class_list":["post-160971","page","type-page","status-publish","hentry"],"acf":[],"yoast_head":"<!-- This site is optimized with the Yoast SEO plugin v23.5 - https:\/\/yoast.com\/wordpress\/plugins\/seo\/ -->\n<title>Compte \u00e0 rebours du DPC 2022! - \u00c9chographie Canada<\/title>\n<meta name=\"robots\" content=\"index, follow, max-snippet:-1, max-image-preview:large, max-video-preview:-1\" \/>\n<link rel=\"canonical\" href=\"https:\/\/sonographycanada.ca\/fr\/compte-a-rebours-du-dpc-2022\" \/>\n<meta property=\"og:locale\" content=\"fr_FR\" \/>\n<meta property=\"og:type\" content=\"article\" \/>\n<meta property=\"og:title\" content=\"Compte \u00e0 rebours du DPC 2022! - \u00c9chographie Canada\" \/>\n<meta property=\"og:description\" content=\"Participez \u00e0 notre compte \u00e0 rebours du DPCDu 5 au 9 d\u00e9cembre 2022 Est-ce que votre triennat de DPC se termine cette ann\u00e9e? Il vous faut encore des cr\u00e9dits de DPC? En exclusivit\u00e9 pour les membres d&#8217;\u00c9chographie Canada, du 5 au 9 d\u00e9cembre, nous accorderons l&#8217;acc\u00e8s \u00e0 des enregistrements de conf\u00e9rences de DPC auparavant restreintes. [&hellip;]\" \/>\n<meta property=\"og:url\" content=\"https:\/\/sonographycanada.ca\/fr\/compte-a-rebours-du-dpc-2022\" \/>\n<meta property=\"og:site_name\" content=\"\u00c9chographie Canada\" \/>\n<meta property=\"article:modified_time\" content=\"2022-11-21T16:54:17+00:00\" \/>\n<meta property=\"og:image\" content=\"https:\/\/sonographycanada.ca\/app\/uploads\/2022\/11\/CPD-countdown-FRE-1.jpg\" \/>\n<meta name=\"twitter:card\" content=\"summary_large_image\" \/>\n<meta name=\"twitter:label1\" content=\"Est. reading time\" \/>\n\t<meta name=\"twitter:data1\" content=\"6 minutes\" \/>\n<script type=\"application\/ld+json\" class=\"yoast-schema-graph\">{\"@context\":\"https:\/\/schema.org\",\"@graph\":[{\"@type\":\"WebPage\",\"@id\":\"https:\/\/sonographycanada.ca\/fr\/compte-a-rebours-du-dpc-2022\",\"url\":\"https:\/\/sonographycanada.ca\/fr\/compte-a-rebours-du-dpc-2022\",\"name\":\"Compte \u00e0 rebours du DPC 2022! - \u00c9chographie Canada\",\"isPartOf\":{\"@id\":\"https:\/\/sonographycanada.ca\/#website\"},\"primaryImageOfPage\":{\"@id\":\"https:\/\/sonographycanada.ca\/fr\/compte-a-rebours-du-dpc-2022#primaryimage\"},\"image\":{\"@id\":\"https:\/\/sonographycanada.ca\/fr\/compte-a-rebours-du-dpc-2022#primaryimage\"},\"thumbnailUrl\":\"https:\/\/sonographycanada.ca\/app\/uploads\/2022\/11\/CPD-countdown-FRE-1.jpg\",\"datePublished\":\"2022-11-21T16:28:46+00:00\",\"dateModified\":\"2022-11-21T16:54:17+00:00\",\"breadcrumb\":{\"@id\":\"https:\/\/sonographycanada.ca\/fr\/compte-a-rebours-du-dpc-2022#breadcrumb\"},\"inLanguage\":\"fr-FR\",\"potentialAction\":[{\"@type\":\"ReadAction\",\"target\":[\"https:\/\/sonographycanada.ca\/fr\/compte-a-rebours-du-dpc-2022\"]}]},{\"@type\":\"ImageObject\",\"inLanguage\":\"fr-FR\",\"@id\":\"https:\/\/sonographycanada.ca\/fr\/compte-a-rebours-du-dpc-2022#primaryimage\",\"url\":\"https:\/\/sonographycanada.ca\/app\/uploads\/2022\/11\/CPD-countdown-FRE-1.jpg\",\"contentUrl\":\"https:\/\/sonographycanada.ca\/app\/uploads\/2022\/11\/CPD-countdown-FRE-1.jpg\"},{\"@type\":\"BreadcrumbList\",\"@id\":\"https:\/\/sonographycanada.ca\/fr\/compte-a-rebours-du-dpc-2022#breadcrumb\",\"itemListElement\":[{\"@type\":\"ListItem\",\"position\":1,\"name\":\"Accueil\",\"item\":\"https:\/\/sonographycanada.ca\/fr\"},{\"@type\":\"ListItem\",\"position\":2,\"name\":\"Compte \u00e0 rebours du DPC 2022!\"}]},{\"@type\":\"WebSite\",\"@id\":\"https:\/\/sonographycanada.ca\/#website\",\"url\":\"https:\/\/sonographycanada.ca\/\",\"name\":\"\u00c9chographie Canada\",\"description\":\"La voix des \u00e9chographistes m\u00e9dicaux diagnostiques au Canada\",\"potentialAction\":[{\"@type\":\"SearchAction\",\"target\":{\"@type\":\"EntryPoint\",\"urlTemplate\":\"https:\/\/sonographycanada.ca\/?s={search_term_string}\"},\"query-input\":{\"@type\":\"PropertyValueSpecification\",\"valueRequired\":true,\"valueName\":\"search_term_string\"}}],\"inLanguage\":\"fr-FR\"}]}<\/script>\n<!-- \/ Yoast SEO plugin. -->","yoast_head_json":{"title":"Compte \u00e0 rebours du DPC 2022! - \u00c9chographie Canada","robots":{"index":"index","follow":"follow","max-snippet":"max-snippet:-1","max-image-preview":"max-image-preview:large","max-video-preview":"max-video-preview:-1"},"canonical":"https:\/\/sonographycanada.ca\/fr\/compte-a-rebours-du-dpc-2022","og_locale":"fr_FR","og_type":"article","og_title":"Compte \u00e0 rebours du DPC 2022! - \u00c9chographie Canada","og_description":"Participez \u00e0 notre compte \u00e0 rebours du DPCDu 5 au 9 d\u00e9cembre 2022 Est-ce que votre triennat de DPC se termine cette ann\u00e9e? Il vous faut encore des cr\u00e9dits de DPC? En exclusivit\u00e9 pour les membres d&#8217;\u00c9chographie Canada, du 5 au 9 d\u00e9cembre, nous accorderons l&#8217;acc\u00e8s \u00e0 des enregistrements de conf\u00e9rences de DPC auparavant restreintes. [&hellip;]","og_url":"https:\/\/sonographycanada.ca\/fr\/compte-a-rebours-du-dpc-2022","og_site_name":"\u00c9chographie Canada","article_modified_time":"2022-11-21T16:54:17+00:00","og_image":[{"url":"https:\/\/sonographycanada.ca\/app\/uploads\/2022\/11\/CPD-countdown-FRE-1.jpg"}],"twitter_card":"summary_large_image","twitter_misc":{"Est. reading time":"6 minutes"},"schema":{"@context":"https:\/\/schema.org","@graph":[{"@type":"WebPage","@id":"https:\/\/sonographycanada.ca\/fr\/compte-a-rebours-du-dpc-2022","url":"https:\/\/sonographycanada.ca\/fr\/compte-a-rebours-du-dpc-2022","name":"Compte \u00e0 rebours du DPC 2022! - \u00c9chographie Canada","isPartOf":{"@id":"https:\/\/sonographycanada.ca\/#website"},"primaryImageOfPage":{"@id":"https:\/\/sonographycanada.ca\/fr\/compte-a-rebours-du-dpc-2022#primaryimage"},"image":{"@id":"https:\/\/sonographycanada.ca\/fr\/compte-a-rebours-du-dpc-2022#primaryimage"},"thumbnailUrl":"https:\/\/sonographycanada.ca\/app\/uploads\/2022\/11\/CPD-countdown-FRE-1.jpg","datePublished":"2022-11-21T16:28:46+00:00","dateModified":"2022-11-21T16:54:17+00:00","breadcrumb":{"@id":"https:\/\/sonographycanada.ca\/fr\/compte-a-rebours-du-dpc-2022#breadcrumb"},"inLanguage":"fr-FR","potentialAction":[{"@type":"ReadAction","target":["https:\/\/sonographycanada.ca\/fr\/compte-a-rebours-du-dpc-2022"]}]},{"@type":"ImageObject","inLanguage":"fr-FR","@id":"https:\/\/sonographycanada.ca\/fr\/compte-a-rebours-du-dpc-2022#primaryimage","url":"https:\/\/sonographycanada.ca\/app\/uploads\/2022\/11\/CPD-countdown-FRE-1.jpg","contentUrl":"https:\/\/sonographycanada.ca\/app\/uploads\/2022\/11\/CPD-countdown-FRE-1.jpg"},{"@type":"BreadcrumbList","@id":"https:\/\/sonographycanada.ca\/fr\/compte-a-rebours-du-dpc-2022#breadcrumb","itemListElement":[{"@type":"ListItem","position":1,"name":"Accueil","item":"https:\/\/sonographycanada.ca\/fr"},{"@type":"ListItem","position":2,"name":"Compte \u00e0 rebours du DPC 2022!"}]},{"@type":"WebSite","@id":"https:\/\/sonographycanada.ca\/#website","url":"https:\/\/sonographycanada.ca\/","name":"\u00c9chographie Canada","description":"La voix des \u00e9chographistes m\u00e9dicaux diagnostiques au Canada","potentialAction":[{"@type":"SearchAction","target":{"@type":"EntryPoint","urlTemplate":"https:\/\/sonographycanada.ca\/?s={search_term_string}"},"query-input":{"@type":"PropertyValueSpecification","valueRequired":true,"valueName":"search_term_string"}}],"inLanguage":"fr-FR"}]}},"coauthors":[],"author_meta":{"author_link":"https:\/\/sonographycanada.ca\/fr\/author\/d3ec179a-ede2-4f9f-a4d2-8551ac33d43f","display_name":"Natalie Wright"},"relative_dates":{"created":"Publi\u00e9 3 years il y a","modified":"Mis \u00e0 jour 3 years il y a"},"absolute_dates":{"created":"Publi\u00e9 le novembre 21, 2022","modified":"Mise \u00e0 jour le novembre 21, 2022"},"absolute_dates_time":{"created":"Publi\u00e9 le novembre 21, 2022 4:28 pm","modified":"Mise \u00e0 jour le novembre 21, 2022 4:54 pm"},"featured_img_caption":"","featured_img":false,"series_order":"","_links":{"self":[{"href":"https:\/\/sonographycanada.ca\/fr\/wp-json\/wp\/v2\/pages\/160971"}],"collection":[{"href":"https:\/\/sonographycanada.ca\/fr\/wp-json\/wp\/v2\/pages"}],"about":[{"href":"https:\/\/sonographycanada.ca\/fr\/wp-json\/wp\/v2\/types\/page"}],"author":[{"embeddable":true,"href":"https:\/\/sonographycanada.ca\/fr\/wp-json\/wp\/v2\/users\/1307"}],"replies":[{"embeddable":true,"href":"https:\/\/sonographycanada.ca\/fr\/wp-json\/wp\/v2\/comments?post=160971"}],"version-history":[{"count":9,"href":"https:\/\/sonographycanada.ca\/fr\/wp-json\/wp\/v2\/pages\/160971\/revisions"}],"predecessor-version":[{"id":160988,"href":"https:\/\/sonographycanada.ca\/fr\/wp-json\/wp\/v2\/pages\/160971\/revisions\/160988"}],"up":[{"embeddable":true,"href":"https:\/\/sonographycanada.ca\/fr\/wp-json\/wp\/v2\/pages\/469"}],"wp:attachment":[{"href":"https:\/\/sonographycanada.ca\/fr\/wp-json\/wp\/v2\/media?parent=160971"}],"curies":[{"name":"wp","href":"https:\/\/api.w.org\/{rel}","templated":true}]}}