{"id":16564,"date":"2020-02-10T09:55:44","date_gmt":"2020-02-10T09:55:44","guid":{"rendered":"https:\/\/sonographycanada.ca\/?page_id=16564"},"modified":"2024-08-21T14:38:15","modified_gmt":"2024-08-21T18:38:15","slug":"sonocon-2020-commanditaire-exposant","status":"publish","type":"page","link":"https:\/\/sonographycanada.ca\/fr\/sonocon-2020-commanditaire-exposant","title":{"rendered":"SonoCon 2020 Commanditaire\/Exposant"},"content":{"rendered":"<figure class=\"wp-block-image size-large\"><img loading=\"lazy\" decoding=\"async\" width=\"1024\" height=\"226\" src=\"https:\/\/sonographycanada.ca\/app\/uploads\/2019\/11\/SonoCon_20-1-1024x226.jpg\" alt=\"SonoCon logo\" class=\"wp-image-8050\" srcset=\"https:\/\/sonographycanada.ca\/app\/uploads\/2019\/11\/SonoCon_20-1-1024x226.jpg 1024w, https:\/\/sonographycanada.ca\/app\/uploads\/2019\/11\/SonoCon_20-1-600x132.jpg 600w, https:\/\/sonographycanada.ca\/app\/uploads\/2019\/11\/SonoCon_20-1-300x66.jpg 300w, https:\/\/sonographycanada.ca\/app\/uploads\/2019\/11\/SonoCon_20-1-768x170.jpg 768w, https:\/\/sonographycanada.ca\/app\/uploads\/2019\/11\/SonoCon_20-1-390x86.jpg 390w, https:\/\/sonographycanada.ca\/app\/uploads\/2019\/11\/SonoCon_20-1.jpg 1997w\" sizes=\"(max-width: 1024px) 100vw, 1024px\" \/><\/figure><p>SonoCon est la conf\u00e9rence annuelle organis\u00e9e par \u00c9chographie Canada, l\u00e0 o\u00f9 les \u00e9chographistes, les gestionnaires, les employeurs, les \u00e9ducateurs, les \u00e9tudiants, et les professionnels des soins de sant\u00e9 alli\u00e9s perfectionnent leurs comp\u00e9tences et connaissances, atteignent leurs objectifs de carri\u00e8re, et se renseignent sur la nouvelles technologie et tendances de fa\u00e7on \u00e0 prodiguer des soins au patient de tr\u00e8s grande qualit\u00e9. SonoCon 2020 aura lieu \u00e0 Calgary, Alberta du 8 au 10 mai.<\/p><p>Votre participation \u00e0 SonoCon 2020 permet \u00e0 votre entreprise de s\u2019aligner avec l\u2019une des conf\u00e9rences les plus r\u00e9put\u00e9es dans le secteur de l\u2019\u00e9chographie et le seul colloque \u00e9ducatif national ax\u00e9 sp\u00e9cifiquement sur l\u2019\u00e9chographie au Canada. Votre appui d\u00e9montre votre engagement envers la profession de l\u2019\u00e9chographie et permet d\u2019assurer la haute qualit\u00e9 des produits et de la prestation des services.<\/p><h2 class=\"wp-block-heading\">La Commandite<\/h2><p>Comme nous savons qu\u2019il n\u2019y a pas deux entreprises identiques, nous avons con\u00e7u des occasions de partenariats qui permettent aux compagnies de choisir parmi diff\u00e9rents forfaits pr\u00e9\u00e9tablis et\/ou des options exclusives \u00e0 la carte. Ainsi, nous offrons un maximum de souplesse.<\/p><h2 class=\"wp-block-heading\">\u00catre Exposant<\/h2><p>SononCon est une occasion pour vous de mettre en valeur les nouveaux produits et services de votre compagnie ou de susciter l\u2019int\u00e9r\u00eat pour des projets en voie de d\u00e9veloppement. Cette conf\u00e9rence vous accorde la chance de rencontrer les utilisateurs de vos produits et de vous familiariser davantage avec leurs besoins et pr\u00e9occupations. G\u00e9n\u00e9ralement, plus de 90% de nos d\u00e9l\u00e9gu\u00e9s participent activement \u00e0 la conf\u00e9rence du d\u00e9but \u00e0 la fin. La moiti\u00e9 d\u2019entre eux identifient le r\u00e9seautage comme source de motivation principale, tandis que la seconde moiti\u00e9 mise davantage sur le volet \u00e9ducatif comme justification principale pour leur participation. Nous attendons plus de 400 d\u00e9l\u00e9gu\u00e9s \u00e0 SonoCon 2020.<\/p><p><a class=\"button button--primary text--centered\" href=\"https:\/\/sonographycanada.ca\/app\/uploads\/2020\/02\/Sonography-Canada-2020-Conference-Partner-Opportunities.pdf\" target=\"_blank\" rel=\"noopener noreferrer\">T\u00e9l\u00e9chargez Le Prospectus<\/a> (Disponible en anglais uniquement)<\/p>\n<p><a class=\"button button--primary text--centered\" href=\"https:\/\/sonographycanada.ca\/fr\/formulaire-pour-commanditaire-exposant\">Formulaire d\u2019Inscription Pour Commanditaire\/Exposant<\/a><\/p>","protected":false},"excerpt":{"rendered":"<p>SonoCon est la conf\u00e9rence annuelle organis\u00e9e par \u00c9chographie Canada, l\u00e0 o\u00f9 les \u00e9chographistes, les gestionnaires, les employeurs, les \u00e9ducateurs, les \u00e9tudiants, et les professionnels des soins de sant\u00e9 alli\u00e9s perfectionnent leurs comp\u00e9tences et connaissances, atteignent leurs objectifs de carri\u00e8re, et se renseignent sur la nouvelles technologie et tendances de fa\u00e7on \u00e0 prodiguer des soins au [&hellip;]<\/p>\n","protected":false},"author":6718,"featured_media":0,"parent":0,"menu_order":142,"comment_status":"closed","ping_status":"closed","template":"","meta":{"_acf_changed":false,"advgb_blocks_editor_width":"","advgb_blocks_columns_visual_guide":"","wicket_organization":"","_seat_count":"","_member_id":[],"_edit_last":"6718","_start_date":"","_end_date":"","footnotes":""},"class_list":["post-16564","page","type-page","status-publish","hentry"],"acf":[],"yoast_head":"<!-- This site is optimized with the Yoast SEO plugin v23.5 - https:\/\/yoast.com\/wordpress\/plugins\/seo\/ -->\n<title>SonoCon 2020 Commanditaire\/Exposant - \u00c9chographie Canada<\/title>\n<meta name=\"robots\" content=\"index, follow, max-snippet:-1, max-image-preview:large, max-video-preview:-1\" \/>\n<link rel=\"canonical\" href=\"https:\/\/sonographycanada.ca\/?page_id=15964\" \/>\n<meta property=\"og:locale\" content=\"fr_FR\" \/>\n<meta property=\"og:type\" content=\"article\" \/>\n<meta property=\"og:title\" content=\"SonoCon 2020 Commanditaire\/Exposant - \u00c9chographie Canada\" \/>\n<meta property=\"og:description\" content=\"SonoCon est la conf\u00e9rence annuelle organis\u00e9e par \u00c9chographie Canada, l\u00e0 o\u00f9 les \u00e9chographistes, les gestionnaires, les employeurs, les \u00e9ducateurs, les \u00e9tudiants, et les professionnels des soins de sant\u00e9 alli\u00e9s perfectionnent leurs comp\u00e9tences et connaissances, atteignent leurs objectifs de carri\u00e8re, et se renseignent sur la nouvelles technologie et tendances de fa\u00e7on \u00e0 prodiguer des soins au [&hellip;]\" \/>\n<meta property=\"og:url\" content=\"https:\/\/sonographycanada.ca\/?page_id=15964\" \/>\n<meta property=\"og:site_name\" content=\"\u00c9chographie Canada\" \/>\n<meta property=\"article:modified_time\" content=\"2024-08-21T18:38:15+00:00\" \/>\n<meta property=\"og:image\" content=\"https:\/\/sonographycanada.ca\/app\/uploads\/2019\/11\/SonoCon_20-1-1024x226.jpg\" \/>\n<meta name=\"twitter:card\" content=\"summary_large_image\" \/>\n<meta name=\"twitter:label1\" content=\"Est. reading time\" \/>\n\t<meta name=\"twitter:data1\" content=\"2 minutes\" \/>\n<script type=\"application\/ld+json\" class=\"yoast-schema-graph\">{\"@context\":\"https:\/\/schema.org\",\"@graph\":[{\"@type\":\"WebPage\",\"@id\":\"https:\/\/sonographycanada.ca\/?page_id=15964\",\"url\":\"https:\/\/sonographycanada.ca\/?page_id=15964\",\"name\":\"SonoCon 2020 Commanditaire\/Exposant - \u00c9chographie Canada\",\"isPartOf\":{\"@id\":\"https:\/\/sonographycanada.ca\/#website\"},\"primaryImageOfPage\":{\"@id\":\"https:\/\/sonographycanada.ca\/?page_id=15964#primaryimage\"},\"image\":{\"@id\":\"https:\/\/sonographycanada.ca\/?page_id=15964#primaryimage\"},\"thumbnailUrl\":\"https:\/\/sonographycanada.ca\/app\/uploads\/2019\/11\/SonoCon_20-1-1024x226.jpg\",\"datePublished\":\"2020-02-10T09:55:44+00:00\",\"dateModified\":\"2024-08-21T18:38:15+00:00\",\"breadcrumb\":{\"@id\":\"https:\/\/sonographycanada.ca\/?page_id=15964#breadcrumb\"},\"inLanguage\":\"fr-FR\",\"potentialAction\":[{\"@type\":\"ReadAction\",\"target\":[\"https:\/\/sonographycanada.ca\/?page_id=15964\"]}]},{\"@type\":\"ImageObject\",\"inLanguage\":\"fr-FR\",\"@id\":\"https:\/\/sonographycanada.ca\/?page_id=15964#primaryimage\",\"url\":\"https:\/\/sonographycanada.ca\/app\/uploads\/2019\/11\/SonoCon_20-1-1024x226.jpg\",\"contentUrl\":\"https:\/\/sonographycanada.ca\/app\/uploads\/2019\/11\/SonoCon_20-1-1024x226.jpg\"},{\"@type\":\"BreadcrumbList\",\"@id\":\"https:\/\/sonographycanada.ca\/?page_id=15964#breadcrumb\",\"itemListElement\":[{\"@type\":\"ListItem\",\"position\":1,\"name\":\"Accueil\",\"item\":\"https:\/\/sonographycanada.ca\/fr\"},{\"@type\":\"ListItem\",\"position\":2,\"name\":\"SonoCon 2020 Commanditaire\/Exposant\"}]},{\"@type\":\"WebSite\",\"@id\":\"https:\/\/sonographycanada.ca\/#website\",\"url\":\"https:\/\/sonographycanada.ca\/\",\"name\":\"\u00c9chographie Canada\",\"description\":\"La voix des \u00e9chographistes m\u00e9dicaux diagnostiques au Canada\",\"potentialAction\":[{\"@type\":\"SearchAction\",\"target\":{\"@type\":\"EntryPoint\",\"urlTemplate\":\"https:\/\/sonographycanada.ca\/?s={search_term_string}\"},\"query-input\":{\"@type\":\"PropertyValueSpecification\",\"valueRequired\":true,\"valueName\":\"search_term_string\"}}],\"inLanguage\":\"fr-FR\"}]}<\/script>\n<!-- \/ Yoast SEO plugin. -->","yoast_head_json":{"title":"SonoCon 2020 Commanditaire\/Exposant - \u00c9chographie Canada","robots":{"index":"index","follow":"follow","max-snippet":"max-snippet:-1","max-image-preview":"max-image-preview:large","max-video-preview":"max-video-preview:-1"},"canonical":"https:\/\/sonographycanada.ca\/?page_id=15964","og_locale":"fr_FR","og_type":"article","og_title":"SonoCon 2020 Commanditaire\/Exposant - \u00c9chographie Canada","og_description":"SonoCon est la conf\u00e9rence annuelle organis\u00e9e par \u00c9chographie Canada, l\u00e0 o\u00f9 les \u00e9chographistes, les gestionnaires, les employeurs, les \u00e9ducateurs, les \u00e9tudiants, et les professionnels des soins de sant\u00e9 alli\u00e9s perfectionnent leurs comp\u00e9tences et connaissances, atteignent leurs objectifs de carri\u00e8re, et se renseignent sur la nouvelles technologie et tendances de fa\u00e7on \u00e0 prodiguer des soins au [&hellip;]","og_url":"https:\/\/sonographycanada.ca\/?page_id=15964","og_site_name":"\u00c9chographie Canada","article_modified_time":"2024-08-21T18:38:15+00:00","og_image":[{"url":"https:\/\/sonographycanada.ca\/app\/uploads\/2019\/11\/SonoCon_20-1-1024x226.jpg"}],"twitter_card":"summary_large_image","twitter_misc":{"Est. reading time":"2 minutes"},"schema":{"@context":"https:\/\/schema.org","@graph":[{"@type":"WebPage","@id":"https:\/\/sonographycanada.ca\/?page_id=15964","url":"https:\/\/sonographycanada.ca\/?page_id=15964","name":"SonoCon 2020 Commanditaire\/Exposant - \u00c9chographie Canada","isPartOf":{"@id":"https:\/\/sonographycanada.ca\/#website"},"primaryImageOfPage":{"@id":"https:\/\/sonographycanada.ca\/?page_id=15964#primaryimage"},"image":{"@id":"https:\/\/sonographycanada.ca\/?page_id=15964#primaryimage"},"thumbnailUrl":"https:\/\/sonographycanada.ca\/app\/uploads\/2019\/11\/SonoCon_20-1-1024x226.jpg","datePublished":"2020-02-10T09:55:44+00:00","dateModified":"2024-08-21T18:38:15+00:00","breadcrumb":{"@id":"https:\/\/sonographycanada.ca\/?page_id=15964#breadcrumb"},"inLanguage":"fr-FR","potentialAction":[{"@type":"ReadAction","target":["https:\/\/sonographycanada.ca\/?page_id=15964"]}]},{"@type":"ImageObject","inLanguage":"fr-FR","@id":"https:\/\/sonographycanada.ca\/?page_id=15964#primaryimage","url":"https:\/\/sonographycanada.ca\/app\/uploads\/2019\/11\/SonoCon_20-1-1024x226.jpg","contentUrl":"https:\/\/sonographycanada.ca\/app\/uploads\/2019\/11\/SonoCon_20-1-1024x226.jpg"},{"@type":"BreadcrumbList","@id":"https:\/\/sonographycanada.ca\/?page_id=15964#breadcrumb","itemListElement":[{"@type":"ListItem","position":1,"name":"Accueil","item":"https:\/\/sonographycanada.ca\/fr"},{"@type":"ListItem","position":2,"name":"SonoCon 2020 Commanditaire\/Exposant"}]},{"@type":"WebSite","@id":"https:\/\/sonographycanada.ca\/#website","url":"https:\/\/sonographycanada.ca\/","name":"\u00c9chographie Canada","description":"La voix des \u00e9chographistes m\u00e9dicaux diagnostiques au Canada","potentialAction":[{"@type":"SearchAction","target":{"@type":"EntryPoint","urlTemplate":"https:\/\/sonographycanada.ca\/?s={search_term_string}"},"query-input":{"@type":"PropertyValueSpecification","valueRequired":true,"valueName":"search_term_string"}}],"inLanguage":"fr-FR"}]}},"coauthors":[],"author_meta":{"author_link":"https:\/\/sonographycanada.ca\/fr\/author\/263a58fd-0292-4830-a513-b6bccee25d5d","display_name":"Riad Kadi"},"relative_dates":{"created":"Publi\u00e9 6 years il y a","modified":"Mis \u00e0 jour 2 years il y a"},"absolute_dates":{"created":"Publi\u00e9 le f\u00e9vrier 10, 2020","modified":"Mise \u00e0 jour le ao\u00fbt 21, 2024"},"absolute_dates_time":{"created":"Publi\u00e9 le f\u00e9vrier 10, 2020 9:55 am","modified":"Mise \u00e0 jour le ao\u00fbt 21, 2024 2:38 pm"},"featured_img_caption":"","featured_img":false,"series_order":"","_links":{"self":[{"href":"https:\/\/sonographycanada.ca\/fr\/wp-json\/wp\/v2\/pages\/16564"}],"collection":[{"href":"https:\/\/sonographycanada.ca\/fr\/wp-json\/wp\/v2\/pages"}],"about":[{"href":"https:\/\/sonographycanada.ca\/fr\/wp-json\/wp\/v2\/types\/page"}],"author":[{"embeddable":true,"href":"https:\/\/sonographycanada.ca\/fr\/wp-json\/wp\/v2\/users\/6718"}],"replies":[{"embeddable":true,"href":"https:\/\/sonographycanada.ca\/fr\/wp-json\/wp\/v2\/comments?post=16564"}],"version-history":[{"count":5,"href":"https:\/\/sonographycanada.ca\/fr\/wp-json\/wp\/v2\/pages\/16564\/revisions"}],"predecessor-version":[{"id":16576,"href":"https:\/\/sonographycanada.ca\/fr\/wp-json\/wp\/v2\/pages\/16564\/revisions\/16576"}],"wp:attachment":[{"href":"https:\/\/sonographycanada.ca\/fr\/wp-json\/wp\/v2\/media?parent=16564"}],"curies":[{"name":"wp","href":"https:\/\/api.w.org\/{rel}","templated":true}]}}