{"id":16574,"date":"2020-02-10T10:02:36","date_gmt":"2020-02-10T10:02:36","guid":{"rendered":"https:\/\/sonographycanada.ca\/?page_id=16574"},"modified":"2024-12-06T12:32:30","modified_gmt":"2024-12-06T17:32:30","slug":"formulaire-pour-commanditaire-exposant","status":"publish","type":"page","link":"https:\/\/sonographycanada.ca\/fr\/formulaire-pour-commanditaire-exposant","title":{"rendered":"Formulaire Pour Commanditaire\/Exposant"},"content":{"rendered":"<noscript class=\"ninja-forms-noscript-message\">\n\tRemarque \u2013 JavaScript est requis pour ce contenu.<\/noscript>\n<div id=\"nf-form-13-cont\" class=\"nf-form-cont\" aria-live=\"polite\" aria-labelledby=\"nf-form-title-13\" aria-describedby=\"nf-form-errors-13\" role=\"form\">\n\n    <div class=\"nf-loading-spinner\"><\/div>\n\n<\/div>\n        <!-- That data is being printed as a workaround to page builders reordering the order of the scripts loaded-->\n        <script>var formDisplay=1;var nfForms=nfForms||[];var form=[];form.id='13';form.settings={\"objectType\":\"Form Setting\",\"editActive\":true,\"title\":\"Formulaire Pour Commanditaire\\\/Exposant\",\"created_at\":\"2020-02-10 09:59:21\",\"default_label_pos\":\"above\",\"show_title\":\"0\",\"clear_complete\":\"1\",\"hide_complete\":\"1\",\"logged_in\":\"0\",\"wrapper_class\":\"\",\"element_class\":\"\",\"key\":\"\",\"add_submit\":\"1\",\"currency\":\"\",\"unique_field_error\":\"A form with this value has already been submitted.\",\"not_logged_in_msg\":\"\",\"sub_limit_msg\":\"The form has reached its submission limit.\",\"calculations\":[],\"conditions\":[],\"formContentData\":[\"entreprise_organisation_1581347811048\",\"adresse_1581347825049\",\"ville_1581347828368\",\"province_1580849104561\",\"code_postal_1581347835901\",\"type_de_produit_ou_service_1581347863771\",\"courriel_1581347867657\",\"telephone_1581347875142\",\"envoyer_1581347880897\"],\"changeEmailErrorMsg\":\"Entrez une adresse email valide\\u00a0!\",\"changeDateErrorMsg\":\"Please enter a valid date!\",\"confirmFieldErrorMsg\":\"Ces champs doivent correspondre\\u00a0!\",\"fieldNumberNumMinError\":\"Erreur min num\\u00e9ro\",\"fieldNumberNumMaxError\":\"Erreur max num\\u00e9ro\",\"fieldNumberIncrementBy\":\"Incr\\u00e9menter par \",\"formErrorsCorrectErrors\":\"Corrigez les erreurs avant de soumettre ce formulaire.\",\"validateRequiredField\":\"Ce champs est requis.\",\"honeypotHoneypotError\":\"Erreur Honeypot\",\"fieldsMarkedRequired\":\"Les champs marqu\\u00e9s d\\u2019un ast\\u00e9risque <span class=\\\"ninja-forms-req-symbol\\\">*<\\\/span> sont obligatoires.\",\"drawerDisabled\":false,\"allow_public_link\":0,\"embed_form\":\"\",\"ninjaForms\":\"Ninja Forms\",\"fieldTextareaRTEInsertLink\":\"Ins\\u00e9rer le lien\",\"fieldTextareaRTEInsertMedia\":\"Ins\\u00e9rer le m\\u00e9dia\",\"fieldTextareaRTESelectAFile\":\"S\\u00e9lectionner un fichier\",\"formHoneypot\":\"Si vous \\u00eates un \\u00eatre humain visualisant ce champ, merci de le laisser vide.\",\"fileUploadOldCodeFileUploadInProgress\":\"Upload du fichier en cours\",\"fileUploadOldCodeFileUpload\":\"UPLOAD FICHIER\",\"currencySymbol\":\"&#36;\",\"thousands_sep\":\",\",\"decimal_point\":\".\",\"siteLocale\":\"fr_FR\",\"dateFormat\":\"m\\\/d\\\/Y\",\"startOfWeek\":\"1\",\"of\":\"de\",\"previousMonth\":\"Previous Month\",\"nextMonth\":\"Next Month\",\"months\":[\"January\",\"February\",\"March\",\"April\",\"May\",\"June\",\"July\",\"August\",\"September\",\"October\",\"November\",\"December\"],\"monthsShort\":[\"Jan\",\"Feb\",\"Mar\",\"Apr\",\"May\",\"Jun\",\"Jul\",\"Aug\",\"Sep\",\"Oct\",\"Nov\",\"Dec\"],\"weekdays\":[\"Sunday\",\"Monday\",\"Tuesday\",\"Wednesday\",\"Thursday\",\"Friday\",\"Saturday\"],\"weekdaysShort\":[\"Sun\",\"Mon\",\"Tue\",\"Wed\",\"Thu\",\"Fri\",\"Sat\"],\"weekdaysMin\":[\"Su\",\"Mo\",\"Tu\",\"We\",\"Th\",\"Fr\",\"Sa\"],\"recaptchaConsentMissing\":\"reCaptcha validation couldn&#039;t load.\",\"recaptchaMissingCookie\":\"reCaptcha v3 validation couldn&#039;t load the cookie needed to submit the form.\",\"recaptchaConsentEvent\":\"Accept reCaptcha cookies before sending the form.\",\"currency_symbol\":\"\",\"beforeForm\":\"\",\"beforeFields\":\"\",\"afterFields\":\"\",\"afterForm\":\"\"};form.fields=[{\"objectType\":\"Field\",\"objectDomain\":\"fields\",\"editActive\":false,\"order\":1,\"label\":\"Entreprise\\\/Organisation\",\"type\":\"textbox\",\"key\":\"entreprise_organisation_1581347811048\",\"label_pos\":\"above\",\"required\":1,\"default\":\"\",\"placeholder\":\"\",\"container_class\":\"\",\"element_class\":\"\",\"input_limit\":\"\",\"input_limit_type\":\"characters\",\"input_limit_msg\":\"Character(s) left\",\"manual_key\":\"\",\"admin_label\":\"\",\"help_text\":\"\",\"mask\":\"\",\"custom_mask\":\"\",\"custom_name_attribute\":\"\",\"personally_identifiable\":\"\",\"value\":\"\",\"drawerDisabled\":\"\",\"field_label\":\"Company\\\/Organization\",\"field_key\":\"company_organization_1580848993329\",\"id\":160,\"beforeField\":\"\",\"afterField\":\"\",\"parentType\":\"textbox\",\"element_templates\":[\"textbox\",\"input\"],\"old_classname\":\"\",\"wrap_template\":\"wrap\"},{\"objectType\":\"Field\",\"objectDomain\":\"fields\",\"editActive\":false,\"order\":2,\"label\":\"Adresse\",\"type\":\"address\",\"key\":\"adresse_1581347825049\",\"label_pos\":\"above\",\"required\":1,\"default\":\"\",\"placeholder\":\"\",\"container_class\":\"\",\"element_class\":\"\",\"input_limit\":\"\",\"input_limit_type\":\"characters\",\"input_limit_msg\":\"Character(s) left\",\"manual_key\":\"\",\"admin_label\":\"\",\"help_text\":\"\",\"mask\":\"\",\"custom_mask\":\"\",\"custom_name_attribute\":\"address\",\"personally_identifiable\":1,\"value\":\"\",\"drawerDisabled\":\"\",\"field_label\":\"Address\",\"field_key\":\"address_1580849019936\",\"id\":161,\"beforeField\":\"\",\"afterField\":\"\",\"parentType\":\"address\",\"element_templates\":[\"address\",\"textbox\",\"input\"],\"old_classname\":\"\",\"wrap_template\":\"wrap\"},{\"objectType\":\"Field\",\"objectDomain\":\"fields\",\"editActive\":false,\"order\":3,\"label\":\"Ville\",\"type\":\"city\",\"key\":\"ville_1581347828368\",\"label_pos\":\"above\",\"required\":1,\"default\":\"\",\"placeholder\":\"\",\"container_class\":\"\",\"element_class\":\"\",\"input_limit\":\"\",\"input_limit_type\":\"characters\",\"input_limit_msg\":\"Character(s) left\",\"manual_key\":\"\",\"admin_label\":\"\",\"help_text\":\"\",\"mask\":\"\",\"custom_mask\":\"\",\"custom_name_attribute\":\"city\",\"personally_identifiable\":\"\",\"value\":\"\",\"field_label\":\"City\",\"field_key\":\"city_1580849070831\",\"id\":162,\"beforeField\":\"\",\"afterField\":\"\",\"parentType\":\"city\",\"element_templates\":[\"city\",\"textbox\",\"input\"],\"old_classname\":\"\",\"wrap_template\":\"wrap\"},{\"objectType\":\"Field\",\"objectDomain\":\"fields\",\"editActive\":false,\"order\":4,\"label\":\"Province\",\"type\":\"textbox\",\"key\":\"province_1580849104561\",\"label_pos\":\"above\",\"required\":1,\"default\":\"\",\"placeholder\":\"\",\"container_class\":\"\",\"element_class\":\"\",\"input_limit\":\"\",\"input_limit_type\":\"characters\",\"input_limit_msg\":\"Character(s) left\",\"manual_key\":\"\",\"admin_label\":\"\",\"help_text\":\"\",\"mask\":\"\",\"custom_mask\":\"\",\"custom_name_attribute\":\"\",\"personally_identifiable\":\"\",\"value\":\"\",\"field_label\":\"Province\",\"field_key\":\"province_1580849104561\",\"id\":163,\"beforeField\":\"\",\"afterField\":\"\",\"parentType\":\"textbox\",\"element_templates\":[\"textbox\",\"input\"],\"old_classname\":\"\",\"wrap_template\":\"wrap\"},{\"objectType\":\"Field\",\"objectDomain\":\"fields\",\"editActive\":false,\"order\":5,\"label\":\"Code Postal\",\"type\":\"zip\",\"key\":\"code_postal_1581347835901\",\"label_pos\":\"above\",\"required\":1,\"default\":\"\",\"placeholder\":\"\",\"container_class\":\"\",\"element_class\":\"\",\"input_limit\":\"\",\"input_limit_type\":\"characters\",\"input_limit_msg\":\"Character(s) left\",\"manual_key\":\"\",\"admin_label\":\"\",\"help_text\":\"\",\"mask\":\"\",\"custom_mask\":\"\",\"custom_name_attribute\":\"zip\",\"personally_identifiable\":\"\",\"value\":\"\",\"field_label\":\"Postal Code\",\"field_key\":\"postal_code_1580849117320\",\"id\":164,\"beforeField\":\"\",\"afterField\":\"\",\"parentType\":\"zip\",\"element_templates\":[\"zip\",\"textbox\",\"input\",\"textbox\",\"input\"],\"old_classname\":\"\",\"wrap_template\":\"wrap\"},{\"objectType\":\"Field\",\"objectDomain\":\"fields\",\"editActive\":false,\"order\":7,\"label\":\"Type de Produit ou Service\",\"type\":\"textbox\",\"key\":\"type_de_produit_ou_service_1581347863771\",\"label_pos\":\"above\",\"required\":1,\"default\":\"\",\"placeholder\":\"\",\"container_class\":\"\",\"element_class\":\"\",\"input_limit\":\"\",\"input_limit_type\":\"characters\",\"input_limit_msg\":\"Character(s) left\",\"manual_key\":\"\",\"admin_label\":\"\",\"help_text\":\"\",\"mask\":\"\",\"custom_mask\":\"\",\"custom_name_attribute\":\"\",\"personally_identifiable\":\"\",\"value\":\"\",\"drawerDisabled\":\"\",\"field_label\":\"Product or Service Type\",\"field_key\":\"product_or_service_type_1580849133452\",\"id\":165,\"beforeField\":\"\",\"afterField\":\"\",\"parentType\":\"textbox\",\"element_templates\":[\"textbox\",\"input\"],\"old_classname\":\"\",\"wrap_template\":\"wrap\"},{\"objectType\":\"Field\",\"objectDomain\":\"fields\",\"editActive\":false,\"order\":8,\"label\":\"Courriel\",\"type\":\"email\",\"key\":\"courriel_1581347867657\",\"label_pos\":\"above\",\"required\":1,\"default\":\"\",\"placeholder\":\"\",\"container_class\":\"\",\"element_class\":\"\",\"admin_label\":\"\",\"help_text\":\"\",\"custom_name_attribute\":\"email\",\"personally_identifiable\":1,\"value\":\"\",\"field_label\":\"Email\",\"field_key\":\"email_1580849141108\",\"id\":166,\"beforeField\":\"\",\"afterField\":\"\",\"parentType\":\"email\",\"element_templates\":[\"email\",\"input\"],\"old_classname\":\"\",\"wrap_template\":\"wrap\"},{\"objectType\":\"Field\",\"objectDomain\":\"fields\",\"editActive\":false,\"order\":9,\"label\":\"T\\u00e9l\\u00e9phone\",\"type\":\"phone\",\"key\":\"telephone_1581347875142\",\"label_pos\":\"above\",\"required\":1,\"default\":\"\",\"placeholder\":\"\",\"container_class\":\"\",\"element_class\":\"\",\"input_limit\":\"\",\"input_limit_type\":\"characters\",\"input_limit_msg\":\"Character(s) left\",\"manual_key\":\"\",\"admin_label\":\"\",\"help_text\":\"\",\"mask\":\"\",\"custom_mask\":\"\",\"custom_name_attribute\":\"phone\",\"personally_identifiable\":1,\"value\":\"\",\"field_label\":\"Phone\",\"field_key\":\"phone_1580849146996\",\"id\":167,\"beforeField\":\"\",\"afterField\":\"\",\"parentType\":\"textbox\",\"element_templates\":[\"tel\",\"textbox\",\"input\"],\"old_classname\":\"\",\"wrap_template\":\"wrap\"},{\"objectType\":\"Field\",\"objectDomain\":\"fields\",\"editActive\":false,\"order\":17,\"type\":\"submit\",\"label\":\"Envoyer\",\"processing_label\":\"Processing\",\"container_class\":\"\",\"element_class\":\"button button--primary text--centered\",\"key\":\"envoyer_1581347880897\",\"drawerDisabled\":false,\"field_label\":\"Submit\",\"field_key\":\"submit_1580849003606\",\"id\":168,\"beforeField\":\"\",\"afterField\":\"\",\"value\":\"\",\"label_pos\":\"above\",\"parentType\":\"textbox\",\"element_templates\":[\"submit\",\"button\",\"input\"],\"old_classname\":\"\",\"wrap_template\":\"wrap-no-label\"}];nfForms.push(form);<\/script>\n        <script id=\"tmpl-nf-mp-form-content\" type=\"text\/template\">\n\t<div class=\"nf-mp-header\"><\/div>\n\t<div class=\"nf-mp-body\"><\/div>\n\t<div class=\"nf-mp-footer\"><\/div>\n<\/script>\n\n\n<script id=\"tmpl-nf-mp-header\" type=\"text\/template\">\n\t{{{ data.renderProgressBar() }}}\n\t{{{ data.renderBreadcrumbs() }}}\n\t{{{ data.renderPartTitle() }}}\n<\/script>\n<script id=\"tmpl-nf-mp-part-title\" type=\"text\/template\">\n\t<h3>\n\t\t{{{ data.title }}}\n\t<\/h3>\n<\/script>\n\n<script id=\"tmpl-nf-mp-footer\" type=\"text\/template\">\n\t{{{ data.renderNextPrevious() }}}\n<\/script>\n\n<script id=\"tmpl-nf-mp-next-previous\" type=\"text\/template\">\n\t<ul class=\"nf-next-previous\">\n\t\t<# if ( data.showPrevious ) { #>\n\t\t<li class=\"nf-previous-item\">\n\t\t\t<input type=\"button\" class=\"nf-previous\" value=\"{{{ data.prevLabel }}}\" \/>\n\t\t<\/li>\n\t\t<# } #>\n\n\t\t<# if ( data.showNext ) { #>\n\t\t<li class=\"nf-next-item\">\n\t\t\t<input type=\"button\" class=\"nf-next\" value=\"{{{ data.nextLabel }}}\" \/>\n\t\t<\/li>\n\t\t<# } #>\n\t<\/ul>\n<\/script>\n\n<script id=\"tmpl-nf-mp-breadcrumbs\" type=\"text\/template\">\n\t<ul class=\"nf-breadcrumbs\">\n\t\t<# _.each( data.parts, function( part, index ) { #>\n\t\t<li class=\"{{{ ( data.currentIndex == index ) ? 'active' : '' }}} {{{ ( part.errors ) ? 'errors' : '' }}}\">\n\t\t\t<a href=\"#\" class=\"nf-breadcrumb\" data-index=\"{{{ index }}}\">{{{ ( part.errors ) ? '' : '' }}} {{{ part.title }}}<\/a>\n\t\t<\/li>\n\t\t<# } ); #>\n\t<\/ul>\n<\/script>\n\n<script id=\"tmpl-nf-mp-progress-bar\" type=\"text\/template\">\n    <div class=\"nf-progress-container\">\n        <div class=\"nf-progress\" style=\"width: {{{ data.percent }}}%;\"><\/div>\n    <\/div>\n<\/script>","protected":false},"excerpt":{"rendered":"","protected":false},"author":6718,"featured_media":0,"parent":0,"menu_order":10,"comment_status":"closed","ping_status":"closed","template":"","meta":{"_acf_changed":false,"advgb_blocks_editor_width":"","advgb_blocks_columns_visual_guide":"","wicket_organization":"","_seat_count":"","_member_id":[],"_edit_last":"6718","_start_date":"","_end_date":"","footnotes":""},"class_list":["post-16574","page","type-page","status-publish","hentry"],"acf":[],"yoast_head":"<!-- This site is optimized with the Yoast SEO plugin v23.5 - https:\/\/yoast.com\/wordpress\/plugins\/seo\/ -->\n<title>Formulaire Pour Commanditaire\/Exposant - \u00c9chographie Canada<\/title>\n<meta name=\"robots\" content=\"index, follow, max-snippet:-1, max-image-preview:large, max-video-preview:-1\" \/>\n<link rel=\"canonical\" href=\"https:\/\/sonographycanada.ca\/?page_id=15893\" \/>\n<meta property=\"og:locale\" content=\"fr_FR\" \/>\n<meta property=\"og:type\" content=\"article\" \/>\n<meta property=\"og:title\" content=\"Formulaire Pour Commanditaire\/Exposant - \u00c9chographie Canada\" \/>\n<meta property=\"og:url\" content=\"https:\/\/sonographycanada.ca\/?page_id=15893\" \/>\n<meta property=\"og:site_name\" content=\"\u00c9chographie Canada\" \/>\n<meta property=\"article:modified_time\" content=\"2024-12-06T17:32:30+00:00\" \/>\n<meta name=\"twitter:card\" content=\"summary_large_image\" \/>\n<script type=\"application\/ld+json\" class=\"yoast-schema-graph\">{\"@context\":\"https:\/\/schema.org\",\"@graph\":[{\"@type\":\"WebPage\",\"@id\":\"https:\/\/sonographycanada.ca\/?page_id=15893\",\"url\":\"https:\/\/sonographycanada.ca\/?page_id=15893\",\"name\":\"Formulaire Pour Commanditaire\/Exposant - \u00c9chographie Canada\",\"isPartOf\":{\"@id\":\"https:\/\/sonographycanada.ca\/#website\"},\"datePublished\":\"2020-02-10T10:02:36+00:00\",\"dateModified\":\"2024-12-06T17:32:30+00:00\",\"breadcrumb\":{\"@id\":\"https:\/\/sonographycanada.ca\/?page_id=15893#breadcrumb\"},\"inLanguage\":\"fr-FR\",\"potentialAction\":[{\"@type\":\"ReadAction\",\"target\":[\"https:\/\/sonographycanada.ca\/?page_id=15893\"]}]},{\"@type\":\"BreadcrumbList\",\"@id\":\"https:\/\/sonographycanada.ca\/?page_id=15893#breadcrumb\",\"itemListElement\":[{\"@type\":\"ListItem\",\"position\":1,\"name\":\"Accueil\",\"item\":\"https:\/\/sonographycanada.ca\/fr\"},{\"@type\":\"ListItem\",\"position\":2,\"name\":\"Formulaire Pour Commanditaire\/Exposant\"}]},{\"@type\":\"WebSite\",\"@id\":\"https:\/\/sonographycanada.ca\/#website\",\"url\":\"https:\/\/sonographycanada.ca\/\",\"name\":\"\u00c9chographie Canada\",\"description\":\"La voix des \u00e9chographistes m\u00e9dicaux diagnostiques au Canada\",\"potentialAction\":[{\"@type\":\"SearchAction\",\"target\":{\"@type\":\"EntryPoint\",\"urlTemplate\":\"https:\/\/sonographycanada.ca\/?s={search_term_string}\"},\"query-input\":{\"@type\":\"PropertyValueSpecification\",\"valueRequired\":true,\"valueName\":\"search_term_string\"}}],\"inLanguage\":\"fr-FR\"}]}<\/script>\n<!-- \/ Yoast SEO plugin. -->","yoast_head_json":{"title":"Formulaire Pour Commanditaire\/Exposant - \u00c9chographie Canada","robots":{"index":"index","follow":"follow","max-snippet":"max-snippet:-1","max-image-preview":"max-image-preview:large","max-video-preview":"max-video-preview:-1"},"canonical":"https:\/\/sonographycanada.ca\/?page_id=15893","og_locale":"fr_FR","og_type":"article","og_title":"Formulaire Pour Commanditaire\/Exposant - \u00c9chographie Canada","og_url":"https:\/\/sonographycanada.ca\/?page_id=15893","og_site_name":"\u00c9chographie Canada","article_modified_time":"2024-12-06T17:32:30+00:00","twitter_card":"summary_large_image","schema":{"@context":"https:\/\/schema.org","@graph":[{"@type":"WebPage","@id":"https:\/\/sonographycanada.ca\/?page_id=15893","url":"https:\/\/sonographycanada.ca\/?page_id=15893","name":"Formulaire Pour Commanditaire\/Exposant - \u00c9chographie Canada","isPartOf":{"@id":"https:\/\/sonographycanada.ca\/#website"},"datePublished":"2020-02-10T10:02:36+00:00","dateModified":"2024-12-06T17:32:30+00:00","breadcrumb":{"@id":"https:\/\/sonographycanada.ca\/?page_id=15893#breadcrumb"},"inLanguage":"fr-FR","potentialAction":[{"@type":"ReadAction","target":["https:\/\/sonographycanada.ca\/?page_id=15893"]}]},{"@type":"BreadcrumbList","@id":"https:\/\/sonographycanada.ca\/?page_id=15893#breadcrumb","itemListElement":[{"@type":"ListItem","position":1,"name":"Accueil","item":"https:\/\/sonographycanada.ca\/fr"},{"@type":"ListItem","position":2,"name":"Formulaire Pour Commanditaire\/Exposant"}]},{"@type":"WebSite","@id":"https:\/\/sonographycanada.ca\/#website","url":"https:\/\/sonographycanada.ca\/","name":"\u00c9chographie Canada","description":"La voix des \u00e9chographistes m\u00e9dicaux diagnostiques au Canada","potentialAction":[{"@type":"SearchAction","target":{"@type":"EntryPoint","urlTemplate":"https:\/\/sonographycanada.ca\/?s={search_term_string}"},"query-input":{"@type":"PropertyValueSpecification","valueRequired":true,"valueName":"search_term_string"}}],"inLanguage":"fr-FR"}]}},"coauthors":[],"author_meta":{"author_link":"https:\/\/sonographycanada.ca\/fr\/author\/263a58fd-0292-4830-a513-b6bccee25d5d","display_name":"Riad Kadi"},"relative_dates":{"created":"Publi\u00e9 6 years il y a","modified":"Mis \u00e0 jour 1 year il y a"},"absolute_dates":{"created":"Publi\u00e9 le f\u00e9vrier 10, 2020","modified":"Mise \u00e0 jour le d\u00e9cembre 6, 2024"},"absolute_dates_time":{"created":"Publi\u00e9 le f\u00e9vrier 10, 2020 10:02 am","modified":"Mise \u00e0 jour le d\u00e9cembre 6, 2024 12:32 pm"},"featured_img_caption":"","featured_img":false,"series_order":"","_links":{"self":[{"href":"https:\/\/sonographycanada.ca\/fr\/wp-json\/wp\/v2\/pages\/16574"}],"collection":[{"href":"https:\/\/sonographycanada.ca\/fr\/wp-json\/wp\/v2\/pages"}],"about":[{"href":"https:\/\/sonographycanada.ca\/fr\/wp-json\/wp\/v2\/types\/page"}],"author":[{"embeddable":true,"href":"https:\/\/sonographycanada.ca\/fr\/wp-json\/wp\/v2\/users\/6718"}],"replies":[{"embeddable":true,"href":"https:\/\/sonographycanada.ca\/fr\/wp-json\/wp\/v2\/comments?post=16574"}],"version-history":[{"count":1,"href":"https:\/\/sonographycanada.ca\/fr\/wp-json\/wp\/v2\/pages\/16574\/revisions"}],"predecessor-version":[{"id":16575,"href":"https:\/\/sonographycanada.ca\/fr\/wp-json\/wp\/v2\/pages\/16574\/revisions\/16575"}],"wp:attachment":[{"href":"https:\/\/sonographycanada.ca\/fr\/wp-json\/wp\/v2\/media?parent=16574"}],"curies":[{"name":"wp","href":"https:\/\/api.w.org\/{rel}","templated":true}]}}