{"id":19502,"date":"2020-03-10T13:19:17","date_gmt":"2020-03-10T13:19:17","guid":{"rendered":"https:\/\/sonographycanada.ca\/?page_id=19502"},"modified":"2022-08-26T08:05:22","modified_gmt":"2022-08-26T08:05:22","slug":"examens-de-pratique","status":"publish","type":"page","link":"https:\/\/sonographycanada.ca\/fr\/agrement\/examens-admission-profession\/examens-de-pratique","title":{"rendered":"Examens de pratique"},"content":{"rendered":"<p>Des examens de pratique ont \u00e9t\u00e9 d\u00e9velopp\u00e9s par \u00c9chographie Canada comme outils de pr\u00e9paration pour aider les candidats qui pr\u00e9voient passer un examen d\u2019admission \u00e0 la profession dans le cadre du programme national d\u2019examens d\u2019accr\u00e9ditation. Les examens de pratique offrent un \u00e9chantillon des questions et du contenu qui pourraient \u00eatre abord\u00e9s lors des examens d\u2019accr\u00e9ditation mais ils ne couvriront pas l\u2019ensemble des comp\u00e9tences \u00e9valuables identifi\u00e9es dans le mod\u00e8le de base de l&#8217;examen. Les examens de pratique vous permettent \u00e9galement de vous familiariser avec l\u2019interface ordinateur utilis\u00e9 lors des examens.<\/p><p>Un examen de pratique est disponible pour chacun des examens d\u2019admission \u00e0 la profession \u2013 de base, g\u00e9n\u00e9raliste, cardiaque et vasculaire. La r\u00e9partition des questions de l\u2019examen de pratique pour les g\u00e9n\u00e9ralistes est de 46 % sur l\u2019abdomen\/les structures superficielles, 40% sur l\u2019obst\u00e9trique-gyn\u00e9cologie, et de 14 % sur l\u2019\u00e9chographie vasculaire g\u00e9n\u00e9raliste.<\/p><p>Chaque examen de pratique est compos\u00e9 de 35 questions \u00e0 choix multiples qui doivent \u00eatre compl\u00e9t\u00e9es pendant une p\u00e9riode de 35 minutes. Il faudra d\u00e9frayer 50 $ pour chacun des examens de pratique. <strong>Veuillez noter:<\/strong> Actuellement, il n&#8217;y a q&#8217;UN seul examen de pratique pour chaque domaine de contenu. N&#8217;essayez pas d&#8217;acheter un deuxi\u00e8me examen dans le m\u00eame domaine, car les questions sont le m\u00eame. Les examens de pratique sur l\u2019\u00e9chographie de base et g\u00e9n\u00e9raliste sont disponibles en fran\u00e7ais et en anglais. Les autres examens sont uniquement disponibles en anglais.<\/p><p>Une fois l\u2019examen de pratique soumis, un sommaire des r\u00e9sultats, y compris les bonnes r\u00e9ponses et le raisonnement derri\u00e8re chacune de ces bonnes r\u00e9ponses, vous sera remis. D\u00e8s que vous aurez compl\u00e9t\u00e9 les examens de pratique que vous avez achet\u00e9s, la section sur \u00ab l\u2019historique des examens \u00bb du site Web pour les examens de pratique vous permet de revoir le contenu de ces examens de pratique \u00e0 tout moment. Il suffit de vous connecter au site.<\/p><p>Cliquez le lien ci-bas pour obtenir des renseignements additionnels et pour acc\u00e9der aux examens de pratique disponibles. Cliquez le lien ci-dessous afin d&#8217;avoir acc\u00e8s aux examens ainsi qu&#8217;\u00e0 plus de d\u00e9tails.<\/p><p><a class=\"button button--primary text--centered\" href=\"https:\/\/sonographycanadapracticeexam.ysasecure.com\/?locale=fr\" target=\"_blank\" rel=\"noopener noreferrer\">S&#8217;Inscrire Aux Examens Pratiques<\/a><\/p>","protected":false},"excerpt":{"rendered":"<p>Des examens de pratique ont \u00e9t\u00e9 d\u00e9velopp\u00e9s par \u00c9chographie Canada comme outils de pr\u00e9paration pour aider les candidats qui pr\u00e9voient passer un examen d\u2019admission \u00e0 la profession dans le cadre du programme national d\u2019examens d\u2019accr\u00e9ditation. Les examens de pratique offrent un \u00e9chantillon des questions et du contenu qui pourraient \u00eatre abord\u00e9s lors des examens d\u2019accr\u00e9ditation [&hellip;]<\/p>\n","protected":false},"author":6718,"featured_media":0,"parent":530,"menu_order":80,"comment_status":"closed","ping_status":"closed","template":"","meta":{"_acf_changed":false,"advgb_blocks_editor_width":"","advgb_blocks_columns_visual_guide":"","wicket_organization":"","_seat_count":"","_member_id":[],"_edit_last":"1287","_start_date":"","_end_date":"","footnotes":""},"class_list":["post-19502","page","type-page","status-publish","hentry"],"acf":[],"yoast_head":"<!-- This site is optimized with the Yoast SEO plugin v23.5 - https:\/\/yoast.com\/wordpress\/plugins\/seo\/ -->\n<title>Examens de pratique - \u00c9chographie Canada<\/title>\n<meta name=\"robots\" content=\"index, follow, max-snippet:-1, max-image-preview:large, max-video-preview:-1\" \/>\n<link rel=\"canonical\" href=\"https:\/\/sonographycanada.ca\/fr\/agrement\/examens-admission-profession\/examens-de-pratique\" \/>\n<meta property=\"og:locale\" content=\"fr_FR\" \/>\n<meta property=\"og:type\" content=\"article\" \/>\n<meta property=\"og:title\" content=\"Examens de pratique - \u00c9chographie Canada\" \/>\n<meta property=\"og:description\" content=\"Des examens de pratique ont \u00e9t\u00e9 d\u00e9velopp\u00e9s par \u00c9chographie Canada comme outils de pr\u00e9paration pour aider les candidats qui pr\u00e9voient passer un examen d\u2019admission \u00e0 la profession dans le cadre du programme national d\u2019examens d\u2019accr\u00e9ditation. Les examens de pratique offrent un \u00e9chantillon des questions et du contenu qui pourraient \u00eatre abord\u00e9s lors des examens d\u2019accr\u00e9ditation [&hellip;]\" \/>\n<meta property=\"og:url\" content=\"https:\/\/sonographycanada.ca\/fr\/agrement\/examens-admission-profession\/examens-de-pratique\" \/>\n<meta property=\"og:site_name\" content=\"\u00c9chographie Canada\" \/>\n<meta property=\"article:modified_time\" content=\"2022-08-26T08:05:22+00:00\" \/>\n<meta name=\"twitter:card\" content=\"summary_large_image\" \/>\n<meta name=\"twitter:label1\" content=\"Est. reading time\" \/>\n\t<meta name=\"twitter:data1\" content=\"2 minutes\" \/>\n<script type=\"application\/ld+json\" class=\"yoast-schema-graph\">{\"@context\":\"https:\/\/schema.org\",\"@graph\":[{\"@type\":\"WebPage\",\"@id\":\"https:\/\/sonographycanada.ca\/fr\/agrement\/examens-admission-profession\/examens-de-pratique\",\"url\":\"https:\/\/sonographycanada.ca\/fr\/agrement\/examens-admission-profession\/examens-de-pratique\",\"name\":\"Examens de pratique - \u00c9chographie Canada\",\"isPartOf\":{\"@id\":\"https:\/\/sonographycanada.ca\/#website\"},\"datePublished\":\"2020-03-10T13:19:17+00:00\",\"dateModified\":\"2022-08-26T08:05:22+00:00\",\"breadcrumb\":{\"@id\":\"https:\/\/sonographycanada.ca\/fr\/agrement\/examens-admission-profession\/examens-de-pratique#breadcrumb\"},\"inLanguage\":\"fr-FR\",\"potentialAction\":[{\"@type\":\"ReadAction\",\"target\":[\"https:\/\/sonographycanada.ca\/fr\/agrement\/examens-admission-profession\/examens-de-pratique\"]}]},{\"@type\":\"BreadcrumbList\",\"@id\":\"https:\/\/sonographycanada.ca\/fr\/agrement\/examens-admission-profession\/examens-de-pratique#breadcrumb\",\"itemListElement\":[{\"@type\":\"ListItem\",\"position\":1,\"name\":\"Accueil\",\"item\":\"https:\/\/sonographycanada.ca\/fr\"},{\"@type\":\"ListItem\",\"position\":2,\"name\":\"Certification\",\"item\":\"https:\/\/sonographycanada.ca\/certification\"},{\"@type\":\"ListItem\",\"position\":3,\"name\":\"Examens d&#8217;admission \u00e0 la profession\",\"item\":\"https:\/\/sonographycanada.ca\/fr\/agrement\/examens-admission-profession\"},{\"@type\":\"ListItem\",\"position\":4,\"name\":\"Examens de pratique\"}]},{\"@type\":\"WebSite\",\"@id\":\"https:\/\/sonographycanada.ca\/#website\",\"url\":\"https:\/\/sonographycanada.ca\/\",\"name\":\"\u00c9chographie Canada\",\"description\":\"La voix des \u00e9chographistes m\u00e9dicaux diagnostiques au Canada\",\"potentialAction\":[{\"@type\":\"SearchAction\",\"target\":{\"@type\":\"EntryPoint\",\"urlTemplate\":\"https:\/\/sonographycanada.ca\/?s={search_term_string}\"},\"query-input\":{\"@type\":\"PropertyValueSpecification\",\"valueRequired\":true,\"valueName\":\"search_term_string\"}}],\"inLanguage\":\"fr-FR\"}]}<\/script>\n<!-- \/ Yoast SEO plugin. -->","yoast_head_json":{"title":"Examens de pratique - \u00c9chographie Canada","robots":{"index":"index","follow":"follow","max-snippet":"max-snippet:-1","max-image-preview":"max-image-preview:large","max-video-preview":"max-video-preview:-1"},"canonical":"https:\/\/sonographycanada.ca\/fr\/agrement\/examens-admission-profession\/examens-de-pratique","og_locale":"fr_FR","og_type":"article","og_title":"Examens de pratique - \u00c9chographie Canada","og_description":"Des examens de pratique ont \u00e9t\u00e9 d\u00e9velopp\u00e9s par \u00c9chographie Canada comme outils de pr\u00e9paration pour aider les candidats qui pr\u00e9voient passer un examen d\u2019admission \u00e0 la profession dans le cadre du programme national d\u2019examens d\u2019accr\u00e9ditation. Les examens de pratique offrent un \u00e9chantillon des questions et du contenu qui pourraient \u00eatre abord\u00e9s lors des examens d\u2019accr\u00e9ditation [&hellip;]","og_url":"https:\/\/sonographycanada.ca\/fr\/agrement\/examens-admission-profession\/examens-de-pratique","og_site_name":"\u00c9chographie Canada","article_modified_time":"2022-08-26T08:05:22+00:00","twitter_card":"summary_large_image","twitter_misc":{"Est. reading time":"2 minutes"},"schema":{"@context":"https:\/\/schema.org","@graph":[{"@type":"WebPage","@id":"https:\/\/sonographycanada.ca\/fr\/agrement\/examens-admission-profession\/examens-de-pratique","url":"https:\/\/sonographycanada.ca\/fr\/agrement\/examens-admission-profession\/examens-de-pratique","name":"Examens de pratique - \u00c9chographie Canada","isPartOf":{"@id":"https:\/\/sonographycanada.ca\/#website"},"datePublished":"2020-03-10T13:19:17+00:00","dateModified":"2022-08-26T08:05:22+00:00","breadcrumb":{"@id":"https:\/\/sonographycanada.ca\/fr\/agrement\/examens-admission-profession\/examens-de-pratique#breadcrumb"},"inLanguage":"fr-FR","potentialAction":[{"@type":"ReadAction","target":["https:\/\/sonographycanada.ca\/fr\/agrement\/examens-admission-profession\/examens-de-pratique"]}]},{"@type":"BreadcrumbList","@id":"https:\/\/sonographycanada.ca\/fr\/agrement\/examens-admission-profession\/examens-de-pratique#breadcrumb","itemListElement":[{"@type":"ListItem","position":1,"name":"Accueil","item":"https:\/\/sonographycanada.ca\/fr"},{"@type":"ListItem","position":2,"name":"Certification","item":"https:\/\/sonographycanada.ca\/certification"},{"@type":"ListItem","position":3,"name":"Examens d&#8217;admission \u00e0 la profession","item":"https:\/\/sonographycanada.ca\/fr\/agrement\/examens-admission-profession"},{"@type":"ListItem","position":4,"name":"Examens de pratique"}]},{"@type":"WebSite","@id":"https:\/\/sonographycanada.ca\/#website","url":"https:\/\/sonographycanada.ca\/","name":"\u00c9chographie Canada","description":"La voix des \u00e9chographistes m\u00e9dicaux diagnostiques au Canada","potentialAction":[{"@type":"SearchAction","target":{"@type":"EntryPoint","urlTemplate":"https:\/\/sonographycanada.ca\/?s={search_term_string}"},"query-input":{"@type":"PropertyValueSpecification","valueRequired":true,"valueName":"search_term_string"}}],"inLanguage":"fr-FR"}]}},"coauthors":[],"author_meta":{"author_link":"https:\/\/sonographycanada.ca\/fr\/author\/263a58fd-0292-4830-a513-b6bccee25d5d","display_name":"Riad Kadi"},"relative_dates":{"created":"Publi\u00e9 6 years il y a","modified":"Mis \u00e0 jour 4 years il y a"},"absolute_dates":{"created":"Publi\u00e9 le mars 10, 2020","modified":"Mise \u00e0 jour le ao\u00fbt 26, 2022"},"absolute_dates_time":{"created":"Publi\u00e9 le mars 10, 2020 1:19 pm","modified":"Mise \u00e0 jour le ao\u00fbt 26, 2022 8:05 am"},"featured_img_caption":"","featured_img":false,"series_order":"","_links":{"self":[{"href":"https:\/\/sonographycanada.ca\/fr\/wp-json\/wp\/v2\/pages\/19502"}],"collection":[{"href":"https:\/\/sonographycanada.ca\/fr\/wp-json\/wp\/v2\/pages"}],"about":[{"href":"https:\/\/sonographycanada.ca\/fr\/wp-json\/wp\/v2\/types\/page"}],"author":[{"embeddable":true,"href":"https:\/\/sonographycanada.ca\/fr\/wp-json\/wp\/v2\/users\/6718"}],"replies":[{"embeddable":true,"href":"https:\/\/sonographycanada.ca\/fr\/wp-json\/wp\/v2\/comments?post=19502"}],"version-history":[{"count":14,"href":"https:\/\/sonographycanada.ca\/fr\/wp-json\/wp\/v2\/pages\/19502\/revisions"}],"predecessor-version":[{"id":155398,"href":"https:\/\/sonographycanada.ca\/fr\/wp-json\/wp\/v2\/pages\/19502\/revisions\/155398"}],"up":[{"embeddable":true,"href":"https:\/\/sonographycanada.ca\/fr\/wp-json\/wp\/v2\/pages\/530"}],"wp:attachment":[{"href":"https:\/\/sonographycanada.ca\/fr\/wp-json\/wp\/v2\/media?parent=19502"}],"curies":[{"name":"wp","href":"https:\/\/api.w.org\/{rel}","templated":true}]}}