{"id":20000,"date":"2020-03-16T10:45:29","date_gmt":"2020-03-16T10:45:29","guid":{"rendered":"https:\/\/sonographycanada.ca\/?page_id=20000"},"modified":"2020-03-16T10:49:32","modified_gmt":"2020-03-16T10:49:32","slug":"covid-19-ce-que-vous-devez-savoir","status":"publish","type":"page","link":"https:\/\/sonographycanada.ca\/fr\/a-propos\/evenements\/conference-nationale\/covid-19-ce-que-vous-devez-savoir","title":{"rendered":"COVID-19: Ce que vous devez savoir"},"content":{"rendered":"<figure class=\"wp-block-image size-large\"><img loading=\"lazy\" decoding=\"async\" width=\"1024\" height=\"226\" src=\"https:\/\/sonographycanada.ca\/app\/uploads\/2019\/11\/SonoCon_20-1-1024x226.jpg\" alt=\"\" class=\"wp-image-8049\" srcset=\"https:\/\/sonographycanada.ca\/app\/uploads\/2019\/11\/SonoCon_20-1-1024x226.jpg 1024w, https:\/\/sonographycanada.ca\/app\/uploads\/2019\/11\/SonoCon_20-1-600x132.jpg 600w, https:\/\/sonographycanada.ca\/app\/uploads\/2019\/11\/SonoCon_20-1-300x66.jpg 300w, https:\/\/sonographycanada.ca\/app\/uploads\/2019\/11\/SonoCon_20-1-768x170.jpg 768w, https:\/\/sonographycanada.ca\/app\/uploads\/2019\/11\/SonoCon_20-1-390x86.jpg 390w, https:\/\/sonographycanada.ca\/app\/uploads\/2019\/11\/SonoCon_20-1.jpg 1997w\" sizes=\"(max-width: 1024px) 100vw, 1024px\" \/><\/figure><h2 class=\"has-vivid-red-color has-text-color wp-block-heading\"> COVID-19<\/h2><p>Notre conf\u00e9rence annuelle sera report\u00e9e \u00e0 une date ult\u00e9rieure cette ann\u00e9e lorsque nous souhaitons que vous pourrez profiter de trois jours d\u2019exp\u00e9riences r\u00e9v\u00e9latrices, stimulantes et pratiques pour appuyer les \u00e9chographistes modernes.<\/p><p>Nous vous assurons que votre s\u00e9curit\u00e9, et celle des gens qui vous entourent, demeurent une priorit\u00e9 principale pour nous et les organisateurs de notre conf\u00e9rence.<\/p><p><a rel=\"noreferrer noopener\" aria-label=\" (opens in a new tab)\" href=\"https:\/\/www.alberta.ca\/release.cfm?xID=6980324A5B1B0-BC2C-40A8-A6AD9E30E3189425\" target=\"_blank\">La province de l\u2019Alberta a \u00e9mis un communiqu\u00e9 de presse<\/a> (en anglais) qui d\u00e9clare que, d\u00e8s maintenant, le gouvernement de l\u2019Alberta demande l\u2019annulation de tout grand rassemblement ou \u00e9v\u00e9nement dans la province impliquant plus de 250 participants, y compris les conf\u00e9rences.<\/p><p><strong>Ainsi, nous allons reporter notre conf\u00e9rence annuelle. Nous n\u2019allons pas annuler celle-ci compl\u00e8tement puisque nos conf\u00e9renciers sont exceptionnels et SonoCon est la seule conf\u00e9rence enti\u00e8rement d\u00e9vou\u00e9e \u00e0 l\u2019\u00e9chographie diagnostique m\u00e9dicale au Canada. Nous cherchons \u00e0 confirmer une date plus tard cette ann\u00e9e, \u00e0 l\u2019h\u00f4tel Hyatt Regency \u00e0 Calgary.<\/strong><\/p><p> Nous demandons \u00e0 tous les participants, conf\u00e9renciers et partenaires de faire preuve de patience; notre \u00e9quipe de gestion des conf\u00e9rences consulte pr\u00e9sentement les fournisseurs et nous explorons les mesures possibles afin que nous puissions partager les d\u00e9marches futures avec vous. Soyez sans crainte que nous suivons de pr\u00e8s la situation et que nous partagerons des renseignements additionnels d\u00e8s que ceux-ci deviennent disponibles.<\/p><p>Veuillez acheminer toute question au sujet de la conf\u00e9rence \u00e0 <a href=\"mailto:conferenceinfo@sonographycanada.ca\">conferenceinfo@sonographycanada.ca<\/a>.<\/p><h2 class=\"wp-block-heading\">Situation actuelle<\/h2><p>En date du 13 mars 2020, 152 cas de COVID-19 ont\n\u00e9t\u00e9 confirm\u00e9s au Canada.<\/p><ul class=\"wp-block-list\"><li>Colombie-Britannique \u2013 53<\/li><li>Alberta \u2013 23<\/li><li>Saskatchewan \u2013 0<\/li><li>Manitoba \u2013 1<\/li><li>Ontario \u2013 60<\/li><li>Qu\u00e9bec \u2013 13<\/li><li>Nouveau-Brunswick \u2013 1<\/li><li>Canadiens rapatri\u00e9s&nbsp; &#8211; 1<\/li><\/ul><p>L\u2019Agence de la sant\u00e9 publique du Canada (ASPC) a \u00e9valu\u00e9 le niveau de risque comme \u00e9tant FAIBLE au Canada. Le risqu\u00e9 pour la sant\u00e9 publique est r\u00e9\u00e9valu\u00e9e continuellement au fur et \u00e0 mesure que de nouveaux renseignements deviennent disponibles.<\/p><h2 class=\"wp-block-heading\"><strong>Ce que vous devez savoir :<\/strong><\/h2><ul class=\"wp-block-list\"><li>Pratiquez de\nbonnes habitudes pour votre sant\u00e9 \u00e0 tous les jours. Pour de plus amples\nrenseignements au sujet des sympt\u00f4mes, veuillez acc\u00e9der aux liens ci-bas pour\ndes informations \u00e0 jour.<\/li><li>Si vous\ntombez malade \u2013 restez \u00e0 la maison et obtenez une assistance m\u00e9dicale locale.<\/li><li><em>\u00c9chographie Canada a \u00e9tabli une politique de\nremboursement complet des frais d\u2019inscription pour tout d\u00e9l\u00e9gu\u00e9 inscrit qui\ntombe malade, qui doit s\u2019occuper d\u2019un membre de la famille malade, qui est \u00e0\nrisque de contracter le COVID-19, ou dont l\u2019employeur interdit aux employ\u00e9s de\nvoyager ou de participer \u00e0 des rassemblements, faisant en sorte qu\u2019ils soient\ndans l\u2019impossibilit\u00e9 de participer \u00e0 l\u2019\u00e9v\u00e9nement.<\/em><\/li><\/ul><p>Nous continuerons \u00e0 fournir des mises \u00e0 jour au fur et \u00e0 mesure que les renseignements sont disponibles.<\/p><h2 class=\"wp-block-heading\"><strong>Renseignements \u00e0 jour sur le Coronavirus<\/strong><\/h2><ul class=\"wp-block-list\"><li>Un <a href=\"https:\/\/gisanddata.maps.arcgis.com\/apps\/opsdashboard\/index.html#\/bda7594740fd40299423467b48e9ecf6\">suivi en temps r\u00e9el (live-tracker)<\/a> de la propagation de la maladie par l\u2019universit\u00e9 Johns Hopkins<\/li><li>Les <a href=\"https:\/\/www.cdc.gov\/coronavirus\/2019-ncov\/travelers\/index.html\">recommandations de voyage<\/a> du Center for Disease Control (CDC) <\/li><li>Une <a href=\"https:\/\/www.youtube.com\/watch?v=mOV1aBVYKGA&amp;feature=youtu.be\">vid\u00e9o explicative<\/a> et des <a href=\"https:\/\/www.who.int\/emergencies\/diseases\/novel-coronavirus-2019\">ressources<\/a> de l\u2019Organisation mondiale de la sant\u00e9<\/li><li><a href=\"https:\/\/www.canada.ca\/fr\/sante-publique\/services\/maladies\/2019-nouveau-coronavirus.html\">Le gouvernement canadien<\/a><\/li><\/ul>","protected":false},"excerpt":{"rendered":"<p>COVID-19 Notre conf\u00e9rence annuelle sera report\u00e9e \u00e0 une date ult\u00e9rieure cette ann\u00e9e lorsque nous souhaitons que vous pourrez profiter de trois jours d\u2019exp\u00e9riences r\u00e9v\u00e9latrices, stimulantes et pratiques pour appuyer les \u00e9chographistes modernes. Nous vous assurons que votre s\u00e9curit\u00e9, et celle des gens qui vous entourent, demeurent une priorit\u00e9 principale pour nous et les organisateurs de [&hellip;]<\/p>\n","protected":false},"author":6718,"featured_media":19492,"parent":473,"menu_order":0,"comment_status":"closed","ping_status":"closed","template":"","meta":{"_acf_changed":false,"advgb_blocks_editor_width":"","advgb_blocks_columns_visual_guide":"","wicket_organization":"","_seat_count":"","_member_id":[],"_edit_last":"6718","_start_date":"","_end_date":"","footnotes":""},"class_list":["post-20000","page","type-page","status-publish","has-post-thumbnail","hentry"],"acf":[],"yoast_head":"<!-- This site is optimized with the Yoast SEO plugin v23.5 - https:\/\/yoast.com\/wordpress\/plugins\/seo\/ -->\n<title>COVID-19: Ce que vous devez savoir - \u00c9chographie Canada<\/title>\n<meta name=\"robots\" content=\"index, follow, max-snippet:-1, max-image-preview:large, max-video-preview:-1\" \/>\n<link rel=\"canonical\" href=\"https:\/\/sonographycanada.ca\/fr\/a-propos\/evenements\/conference-nationale\/covid-19-ce-que-vous-devez-savoir\" \/>\n<meta property=\"og:locale\" content=\"fr_FR\" \/>\n<meta property=\"og:type\" content=\"article\" \/>\n<meta property=\"og:title\" content=\"COVID-19: Ce que vous devez savoir - \u00c9chographie Canada\" \/>\n<meta property=\"og:description\" content=\"COVID-19 Notre conf\u00e9rence annuelle sera report\u00e9e \u00e0 une date ult\u00e9rieure cette ann\u00e9e lorsque nous souhaitons que vous pourrez profiter de trois jours d\u2019exp\u00e9riences r\u00e9v\u00e9latrices, stimulantes et pratiques pour appuyer les \u00e9chographistes modernes. Nous vous assurons que votre s\u00e9curit\u00e9, et celle des gens qui vous entourent, demeurent une priorit\u00e9 principale pour nous et les organisateurs de [&hellip;]\" \/>\n<meta property=\"og:url\" content=\"https:\/\/sonographycanada.ca\/fr\/a-propos\/evenements\/conference-nationale\/covid-19-ce-que-vous-devez-savoir\" \/>\n<meta property=\"og:site_name\" content=\"\u00c9chographie Canada\" \/>\n<meta property=\"article:modified_time\" content=\"2020-03-16T10:49:32+00:00\" \/>\n<meta property=\"og:image\" content=\"https:\/\/sonographycanada.ca\/app\/uploads\/2020\/03\/covid-19-1.jpg\" \/>\n\t<meta property=\"og:image:width\" content=\"390\" \/>\n\t<meta property=\"og:image:height\" content=\"172\" \/>\n\t<meta property=\"og:image:type\" content=\"image\/jpeg\" \/>\n<meta name=\"twitter:card\" content=\"summary_large_image\" \/>\n<meta name=\"twitter:label1\" content=\"Est. reading time\" \/>\n\t<meta name=\"twitter:data1\" content=\"3 minutes\" \/>\n<script type=\"application\/ld+json\" class=\"yoast-schema-graph\">{\"@context\":\"https:\/\/schema.org\",\"@graph\":[{\"@type\":\"WebPage\",\"@id\":\"https:\/\/sonographycanada.ca\/fr\/a-propos\/evenements\/conference-nationale\/covid-19-ce-que-vous-devez-savoir\",\"url\":\"https:\/\/sonographycanada.ca\/fr\/a-propos\/evenements\/conference-nationale\/covid-19-ce-que-vous-devez-savoir\",\"name\":\"COVID-19: Ce que vous devez savoir - \u00c9chographie Canada\",\"isPartOf\":{\"@id\":\"https:\/\/sonographycanada.ca\/#website\"},\"primaryImageOfPage\":{\"@id\":\"https:\/\/sonographycanada.ca\/fr\/a-propos\/evenements\/conference-nationale\/covid-19-ce-que-vous-devez-savoir#primaryimage\"},\"image\":{\"@id\":\"https:\/\/sonographycanada.ca\/fr\/a-propos\/evenements\/conference-nationale\/covid-19-ce-que-vous-devez-savoir#primaryimage\"},\"thumbnailUrl\":\"https:\/\/sonographycanada.ca\/app\/uploads\/2020\/03\/covid-19-1.jpg\",\"datePublished\":\"2020-03-16T10:45:29+00:00\",\"dateModified\":\"2020-03-16T10:49:32+00:00\",\"breadcrumb\":{\"@id\":\"https:\/\/sonographycanada.ca\/fr\/a-propos\/evenements\/conference-nationale\/covid-19-ce-que-vous-devez-savoir#breadcrumb\"},\"inLanguage\":\"fr-FR\",\"potentialAction\":[{\"@type\":\"ReadAction\",\"target\":[\"https:\/\/sonographycanada.ca\/fr\/a-propos\/evenements\/conference-nationale\/covid-19-ce-que-vous-devez-savoir\"]}]},{\"@type\":\"ImageObject\",\"inLanguage\":\"fr-FR\",\"@id\":\"https:\/\/sonographycanada.ca\/fr\/a-propos\/evenements\/conference-nationale\/covid-19-ce-que-vous-devez-savoir#primaryimage\",\"url\":\"https:\/\/sonographycanada.ca\/app\/uploads\/2020\/03\/covid-19-1.jpg\",\"contentUrl\":\"https:\/\/sonographycanada.ca\/app\/uploads\/2020\/03\/covid-19-1.jpg\",\"width\":390,\"height\":172},{\"@type\":\"BreadcrumbList\",\"@id\":\"https:\/\/sonographycanada.ca\/fr\/a-propos\/evenements\/conference-nationale\/covid-19-ce-que-vous-devez-savoir#breadcrumb\",\"itemListElement\":[{\"@type\":\"ListItem\",\"position\":1,\"name\":\"Accueil\",\"item\":\"https:\/\/sonographycanada.ca\/fr\"},{\"@type\":\"ListItem\",\"position\":2,\"name\":\"\u00c0 propos\",\"item\":\"https:\/\/sonographycanada.ca\/fr\/a-propos\"},{\"@type\":\"ListItem\",\"position\":3,\"name\":\"\u00c9v\u00e9nements \u00e0 venir\",\"item\":\"https:\/\/sonographycanada.ca\/fr\/a-propos\/evenements\"},{\"@type\":\"ListItem\",\"position\":4,\"name\":\"Conf\u00e9rence annuelle 2020 &#8211; Report\u00e9. L&#8217;inscription demeure ouverte\",\"item\":\"https:\/\/sonographycanada.ca\/fr\/a-propos\/evenements\/conference-nationale\"},{\"@type\":\"ListItem\",\"position\":5,\"name\":\"COVID-19: Ce que vous devez savoir\"}]},{\"@type\":\"WebSite\",\"@id\":\"https:\/\/sonographycanada.ca\/#website\",\"url\":\"https:\/\/sonographycanada.ca\/\",\"name\":\"\u00c9chographie Canada\",\"description\":\"La voix des \u00e9chographistes m\u00e9dicaux diagnostiques au Canada\",\"potentialAction\":[{\"@type\":\"SearchAction\",\"target\":{\"@type\":\"EntryPoint\",\"urlTemplate\":\"https:\/\/sonographycanada.ca\/?s={search_term_string}\"},\"query-input\":{\"@type\":\"PropertyValueSpecification\",\"valueRequired\":true,\"valueName\":\"search_term_string\"}}],\"inLanguage\":\"fr-FR\"}]}<\/script>\n<!-- \/ Yoast SEO plugin. -->","yoast_head_json":{"title":"COVID-19: Ce que vous devez savoir - \u00c9chographie Canada","robots":{"index":"index","follow":"follow","max-snippet":"max-snippet:-1","max-image-preview":"max-image-preview:large","max-video-preview":"max-video-preview:-1"},"canonical":"https:\/\/sonographycanada.ca\/fr\/a-propos\/evenements\/conference-nationale\/covid-19-ce-que-vous-devez-savoir","og_locale":"fr_FR","og_type":"article","og_title":"COVID-19: Ce que vous devez savoir - \u00c9chographie Canada","og_description":"COVID-19 Notre conf\u00e9rence annuelle sera report\u00e9e \u00e0 une date ult\u00e9rieure cette ann\u00e9e lorsque nous souhaitons que vous pourrez profiter de trois jours d\u2019exp\u00e9riences r\u00e9v\u00e9latrices, stimulantes et pratiques pour appuyer les \u00e9chographistes modernes. Nous vous assurons que votre s\u00e9curit\u00e9, et celle des gens qui vous entourent, demeurent une priorit\u00e9 principale pour nous et les organisateurs de [&hellip;]","og_url":"https:\/\/sonographycanada.ca\/fr\/a-propos\/evenements\/conference-nationale\/covid-19-ce-que-vous-devez-savoir","og_site_name":"\u00c9chographie Canada","article_modified_time":"2020-03-16T10:49:32+00:00","og_image":[{"width":390,"height":172,"url":"https:\/\/sonographycanada.ca\/app\/uploads\/2020\/03\/covid-19-1.jpg","type":"image\/jpeg"}],"twitter_card":"summary_large_image","twitter_misc":{"Est. reading time":"3 minutes"},"schema":{"@context":"https:\/\/schema.org","@graph":[{"@type":"WebPage","@id":"https:\/\/sonographycanada.ca\/fr\/a-propos\/evenements\/conference-nationale\/covid-19-ce-que-vous-devez-savoir","url":"https:\/\/sonographycanada.ca\/fr\/a-propos\/evenements\/conference-nationale\/covid-19-ce-que-vous-devez-savoir","name":"COVID-19: Ce que vous devez savoir - \u00c9chographie Canada","isPartOf":{"@id":"https:\/\/sonographycanada.ca\/#website"},"primaryImageOfPage":{"@id":"https:\/\/sonographycanada.ca\/fr\/a-propos\/evenements\/conference-nationale\/covid-19-ce-que-vous-devez-savoir#primaryimage"},"image":{"@id":"https:\/\/sonographycanada.ca\/fr\/a-propos\/evenements\/conference-nationale\/covid-19-ce-que-vous-devez-savoir#primaryimage"},"thumbnailUrl":"https:\/\/sonographycanada.ca\/app\/uploads\/2020\/03\/covid-19-1.jpg","datePublished":"2020-03-16T10:45:29+00:00","dateModified":"2020-03-16T10:49:32+00:00","breadcrumb":{"@id":"https:\/\/sonographycanada.ca\/fr\/a-propos\/evenements\/conference-nationale\/covid-19-ce-que-vous-devez-savoir#breadcrumb"},"inLanguage":"fr-FR","potentialAction":[{"@type":"ReadAction","target":["https:\/\/sonographycanada.ca\/fr\/a-propos\/evenements\/conference-nationale\/covid-19-ce-que-vous-devez-savoir"]}]},{"@type":"ImageObject","inLanguage":"fr-FR","@id":"https:\/\/sonographycanada.ca\/fr\/a-propos\/evenements\/conference-nationale\/covid-19-ce-que-vous-devez-savoir#primaryimage","url":"https:\/\/sonographycanada.ca\/app\/uploads\/2020\/03\/covid-19-1.jpg","contentUrl":"https:\/\/sonographycanada.ca\/app\/uploads\/2020\/03\/covid-19-1.jpg","width":390,"height":172},{"@type":"BreadcrumbList","@id":"https:\/\/sonographycanada.ca\/fr\/a-propos\/evenements\/conference-nationale\/covid-19-ce-que-vous-devez-savoir#breadcrumb","itemListElement":[{"@type":"ListItem","position":1,"name":"Accueil","item":"https:\/\/sonographycanada.ca\/fr"},{"@type":"ListItem","position":2,"name":"\u00c0 propos","item":"https:\/\/sonographycanada.ca\/fr\/a-propos"},{"@type":"ListItem","position":3,"name":"\u00c9v\u00e9nements \u00e0 venir","item":"https:\/\/sonographycanada.ca\/fr\/a-propos\/evenements"},{"@type":"ListItem","position":4,"name":"Conf\u00e9rence annuelle 2020 &#8211; Report\u00e9. L&#8217;inscription demeure ouverte","item":"https:\/\/sonographycanada.ca\/fr\/a-propos\/evenements\/conference-nationale"},{"@type":"ListItem","position":5,"name":"COVID-19: Ce que vous devez savoir"}]},{"@type":"WebSite","@id":"https:\/\/sonographycanada.ca\/#website","url":"https:\/\/sonographycanada.ca\/","name":"\u00c9chographie Canada","description":"La voix des \u00e9chographistes m\u00e9dicaux diagnostiques au Canada","potentialAction":[{"@type":"SearchAction","target":{"@type":"EntryPoint","urlTemplate":"https:\/\/sonographycanada.ca\/?s={search_term_string}"},"query-input":{"@type":"PropertyValueSpecification","valueRequired":true,"valueName":"search_term_string"}}],"inLanguage":"fr-FR"}]}},"coauthors":[],"author_meta":{"author_link":"https:\/\/sonographycanada.ca\/fr\/author\/263a58fd-0292-4830-a513-b6bccee25d5d","display_name":"Riad Kadi"},"relative_dates":{"created":"Publi\u00e9 6 years il y a","modified":"Mis \u00e0 jour 6 years il y a"},"absolute_dates":{"created":"Publi\u00e9 le mars 16, 2020","modified":"Mise \u00e0 jour le mars 16, 2020"},"absolute_dates_time":{"created":"Publi\u00e9 le mars 16, 2020 10:45 am","modified":"Mise \u00e0 jour le mars 16, 2020 10:49 am"},"featured_img_caption":"","featured_img":"https:\/\/sonographycanada.ca\/app\/uploads\/2020\/03\/covid-19-1.jpg","series_order":"","_links":{"self":[{"href":"https:\/\/sonographycanada.ca\/fr\/wp-json\/wp\/v2\/pages\/20000"}],"collection":[{"href":"https:\/\/sonographycanada.ca\/fr\/wp-json\/wp\/v2\/pages"}],"about":[{"href":"https:\/\/sonographycanada.ca\/fr\/wp-json\/wp\/v2\/types\/page"}],"author":[{"embeddable":true,"href":"https:\/\/sonographycanada.ca\/fr\/wp-json\/wp\/v2\/users\/6718"}],"replies":[{"embeddable":true,"href":"https:\/\/sonographycanada.ca\/fr\/wp-json\/wp\/v2\/comments?post=20000"}],"version-history":[{"count":4,"href":"https:\/\/sonographycanada.ca\/fr\/wp-json\/wp\/v2\/pages\/20000\/revisions"}],"predecessor-version":[{"id":20160,"href":"https:\/\/sonographycanada.ca\/fr\/wp-json\/wp\/v2\/pages\/20000\/revisions\/20160"}],"up":[{"embeddable":true,"href":"https:\/\/sonographycanada.ca\/fr\/wp-json\/wp\/v2\/pages\/473"}],"wp:featuredmedia":[{"embeddable":true,"href":"https:\/\/sonographycanada.ca\/fr\/wp-json\/wp\/v2\/media\/19492"}],"wp:attachment":[{"href":"https:\/\/sonographycanada.ca\/fr\/wp-json\/wp\/v2\/media?parent=20000"}],"curies":[{"name":"wp","href":"https:\/\/api.w.org\/{rel}","templated":true}]}}