{"id":20682,"date":"2020-03-20T15:55:12","date_gmt":"2020-03-20T15:55:12","guid":{"rendered":"https:\/\/sonographycanada.ca\/?page_id=20682"},"modified":"2020-05-05T09:28:32","modified_gmt":"2020-05-05T09:28:32","slug":"declaration-dechographie-canada-les-echographistes-et-le-covid-19","status":"publish","type":"page","link":"https:\/\/sonographycanada.ca\/fr\/ressources\/covid-19-declarations-ressources-et-renseignements-a-lintention-des-echographistes-medicaux-diagnostiques-au-canada\/declaration-dechographie-canada-les-echographistes-et-le-covid-19","title":{"rendered":"D\u00e9claration d\u2019\u00c9chographie Canada : Les \u00e9chographistes et le COVID-19"},"content":{"rendered":"<p>Le 11 mars 2020, l\u2019Organisation mondiale de la sant\u00e9 (OMS) a\nofficiellement d\u00e9clar\u00e9 que le COVID-19 constitue une pand\u00e9mie. La maladie \u00e0 coronavirus\na des r\u00e9percussions importantes tant pour les patients que pour les\nfournisseurs de soins de sant\u00e9.<\/p><p>Les \u00e9chographistes m\u00e9dicaux diagnostiques sont des membres importants des \u00e9quipes de soins de sant\u00e9 au Canada. Nous reconnaissons le besoin de poursuivre les op\u00e9rations habituelles et de fournir les traitements m\u00e9dicaux diagnostiques dont les Canadiens ont besoin. Toutefois, nous devons le faire conform\u00e9ment aux normes en mati\u00e8re de pr\u00e9vention et de contr\u00f4le des infections ainsi que de la sant\u00e9 au travail afin de pr\u00e9venir l\u2019exposition et la transmission inutiles de la pand\u00e9mie grippale lors de la prestation de services de sant\u00e9.<\/p><p>Au contraire des autres\nproc\u00e9dures d\u2019imagerie (p. ex. rayons X<strong>, <\/strong>IRM, etc.), les examens\n\u00e9chographiques ne peuvent se conformer aux recommandations de Sant\u00e9 Canada sur\nl\u2019isolement social pendant la pand\u00e9mie du COVID-19. Il est impossible d\u2019\u00e9tablir\nune s\u00e9paration spatiale de deux (2) m\u00e8tres entre le patient et l\u2019\u00e9chographiste.\nDe plus, ces examens comportent une exposition prolong\u00e9e au patient \u00e9tant donn\u00e9\nqu\u2019un minimum de 20 minutes est n\u00e9cessaire pour compl\u00e9ter la majorit\u00e9 des\n\u00e9valuations.<\/p><p>Dans cette optique, et\nconform\u00e9ment aux recommandations \u00e9mises par Sant\u00e9 Canada, l\u2019Organisation\nmondiale de la sant\u00e9, et les Centres for Disease Control and Prevention,\n\u00c9chographie Canada&nbsp;:<\/p><ol class=\"wp-block-list\"><li>Invite ses membres \u00e0 <strong>consulter le plan contre la pand\u00e9mie ou le plan d\u2019urgence de leur lieu de travail <\/strong>afin de confirmer l\u2019approche pr\u00e9conis\u00e9e pour les examens \u00e9chographiques dans le cadre des fonctions d\u00e9partementales essentielles qui doivent se poursuivre lors d\u2019une pand\u00e9mie ou d\u2019une situation d\u2019urgence. <\/li><li>Appuie la recommandation de \u00ab&nbsp;<strong>prioriser les visites et proc\u00e9dures d\u2019urgence d\u00e8s maintenant et au cours des prochaines semaines<\/strong>&nbsp;\u00bb, ce qui pourrait mener au report des examens \u00e9chographiques m\u00e9dicaux diagnostiques facultatifs et non-urgents, si possible.<\/li><li>Appuie <strong>l\u2019\u00e9limination des frais administratifs ou d\u2019annulation<\/strong> g\u00e9n\u00e9ralement impos\u00e9s aux patients\/clients qui choisissent de ne pas se soumettre \u00e0 un examen \u00e9chographique pendant la pand\u00e9mie du COVID-19, que ces derniers aient re\u00e7u un diagnostic positif ou non du coronavirus.<\/li><li>Appuie la recommandation que les <strong>lieux de travail assurent l\u2019acc\u00e8s \u00e0, et l\u2019usage de, l\u2019\u00e9quipement de protection individuelle (EPI) <\/strong>afin de r\u00e9duire l\u2019acquisition et le transfert de maladies telle que le coronavirus. Veuillez consulter les directives de pratique clinique de votre lieu de travail.<\/li><li>Encourage ses membres \u00e0 <strong>respecter les directives en mati\u00e8re d\u2019\u00e9quipement et de normes techniques <\/strong>articul\u00e9es dans les <a href=\"https:\/\/sonographycanada.ca\/app\/uploads\/2019\/11\/PPGuideline-and-Policies-Sept-2018-FINALFRE.pdf\" target=\"_blank\" rel=\"noreferrer noopener\" aria-label=\" (opens in a new tab)\"><em>Lignes directrices de pratique professionnelle et politiques d\u2019\u00c9chographie Canada<\/em><\/a><em> <\/em>sur la s\u00e9curit\u00e9 et bioeffets, le contr\u00f4le de la qualit\u00e9, et la d\u00e9contamination de haut niveau de transducteurs.<\/li><li>Appuie le <strong>triage des patients\/clients et de leurs personnes de soutien avant qu\u2019ils ne se pr\u00e9sentent \u00e0, ou qu\u2019ils ne franchissent le seuil, des \u00e9tablissements de soins de sant\u00e9<\/strong> afin de r\u00e9duire les risques d\u2019acquisition ou de transmission du coronavirus lors des examens \u00e9chographiques. Veuillez consulter les directives locales sur les processus de triage actif et passif.<\/li><li>Appuie les recommandations de Sant\u00e9 Canada qui <strong>incite les employ\u00e9s malades \u00e0 demeurer \u00e0 la maison<\/strong>. Le personnel qui d\u00e9veloppe des sympt\u00f4mes respiratoires (p. ex. toux, essoufflement), qui a r\u00e9cemment compl\u00e9t\u00e9 une visite \u00e0 l\u2019\u00e9tranger au cours des 14 derniers jours, et\/ou qui a \u00e9t\u00e9 en contact direct avec un individu atteint du COVID-19 sont g\u00e9n\u00e9ralement pri\u00e9s de ne pas se pr\u00e9senter au travail et d\u2019obtenir les conseils aupr\u00e8s d\u2019un professionnel de la sant\u00e9. Les employeurs doivent s\u2019assurer que les politiques sur les cong\u00e9s de maladie soient flexibles et conformes aux lignes directrices en mati\u00e8re de s\u00e9curit\u00e9 publique. <\/li><\/ol><p>Afin de demeurer au courant des\nrecommandations de Sant\u00e9 Canada et des Centres for Disease Control and\nPrevention, ainsi que pour en apprendre davantage sur la pr\u00e9vention de la\npropagation du COVID-19, veuillez acc\u00e9der aux liens suivants et consultez vos\nressources locales ou provinciales&nbsp;:<\/p><p><strong>Sant\u00e9 Canada<\/strong><\/p><ul class=\"wp-block-list\"><li><a href=\"https:\/\/www.canada.ca\/fr\/sante-publique\/services\/maladies\/maladie-coronavirus-covid-19.html\" target=\"_blank\" rel=\"noreferrer noopener\" aria-label=\" (opens in a new tab)\">Renseignements sur la maladie \u00e0 coronavirus (COVID-19)<\/a><\/li><li><a href=\"https:\/\/www.canada.ca\/fr\/sante-publique\/services\/maladies\/2019-nouveau-coronavirus\/professionnels-sante.html\" target=\"_blank\" rel=\"noreferrer noopener\" aria-label=\" (opens in a new tab)\">Maladie \u00e0 coronavirus (COVID-19)&nbsp;: Pour les professionnels de la sant\u00e9<\/a><\/li><li><a href=\"https:\/\/www.canada.ca\/fr\/sante-publique\/services\/grippe-influenza\/preparation-canada-cas-grippe-pandemique-guide-planification-secteur-sante.html\" target=\"_blank\" rel=\"noreferrer noopener\" aria-label=\" (opens in a new tab)\">Pr\u00e9paration du Canada en cas de grippe pand\u00e9mique&nbsp;: Guide de planification pour le secteur de la sant\u00e9<\/a><\/li><\/ul><p><strong>Centres for Disease Control and Prevention\n(CDC)<\/strong><\/p><ul class=\"wp-block-list\"><li><a href=\"https:\/\/www.cdc.gov\/coronavirus\/2019-ncov\/healthcare-facilities\/steps-to-prepare.html\" target=\"_blank\" rel=\"noreferrer noopener\" aria-label=\" (opens in a new tab)\">Steps Healthcare Facilities Can Take to Prepare for Coronavirus Disease 2019 (COVID-19)<\/a><\/li><li><a href=\"https:\/\/www.cdc.gov\/coronavirus\/2019-ncov\/healthcare-facilities\/index.html\" target=\"_blank\" rel=\"noreferrer noopener\" aria-label=\" (opens in a new tab)\">Resources for Clinics and Healthcare Facilities<\/a><\/li><li><a href=\"https:\/\/www.cdc.gov\/coronavirus\/2019-ncov\/healthcare-facilities\/guidance-hcf.html\" target=\"_blank\" rel=\"noreferrer noopener\" aria-label=\" (opens in a new tab)\">Interim Guidance for Healthcare Facilities: Preparing for Community Transmission of COVID-19 in the United States<\/a> <\/li><li><a href=\"https:\/\/www.cdc.gov\/coronavirus\/2019-ncov\/hcp\/caring-for-patients.html\" target=\"_blank\" rel=\"noreferrer noopener\" aria-label=\" (opens in a new tab)\">What Healthcare Personnel Should Know about Caring for Patients with Confirmed or Possible COVID-19 Infection<\/a><\/li><li><a href=\"https:\/\/www.cdc.gov\/oralhealth\/infectioncontrol\/faqs\/personal-protective-equipment.html\" target=\"_blank\" rel=\"noreferrer noopener\" aria-label=\" (opens in a new tab)\">Frequently Asked Questions on Personal Protective Equipment<\/a><\/li><\/ul><p><strong>L\u2019Organisation\nmondiale de la sant\u00e9<\/strong><strong><\/strong><\/p><ul class=\"wp-block-list\"><li><a href=\"https:\/\/www.who.int\/fr\/emergencies\/diseases\/novel-coronavirus-2019\" target=\"_blank\" rel=\"noreferrer noopener\" aria-label=\" (opens in a new tab)\">Renseignements sur la pand\u00e9mie de la maladie \u00e0 coronavirus (COVID-19)<\/a><\/li><li><a href=\"https:\/\/apps.who.int\/iris\/bitstream\/handle\/10665\/331215\/WHO-2019-nCov-IPCPPE_use-2020.1-eng.pdf\" target=\"_blank\" rel=\"noreferrer noopener\" aria-label=\" (opens in a new tab)\">Rational use of personal protective equipment for coronavirus disease 2019 (COVID-19)<\/a><\/li><\/ul>","protected":false},"excerpt":{"rendered":"<p>Le 11 mars 2020, l\u2019Organisation mondiale de la sant\u00e9 (OMS) a officiellement d\u00e9clar\u00e9 que le COVID-19 constitue une pand\u00e9mie. La maladie \u00e0 coronavirus a des r\u00e9percussions importantes tant pour les patients que pour les fournisseurs de soins de sant\u00e9. Les \u00e9chographistes m\u00e9dicaux diagnostiques sont des membres importants des \u00e9quipes de soins de sant\u00e9 au Canada. [&hellip;]<\/p>\n","protected":false},"author":6718,"featured_media":24354,"parent":49947,"menu_order":2,"comment_status":"closed","ping_status":"closed","template":"","meta":{"_acf_changed":false,"advgb_blocks_editor_width":"","advgb_blocks_columns_visual_guide":"","wicket_organization":"","_seat_count":"","_member_id":[],"_edit_last":"6718","_start_date":"","_end_date":"","footnotes":""},"class_list":["post-20682","page","type-page","status-publish","has-post-thumbnail","hentry"],"acf":[],"yoast_head":"<!-- This site is optimized with the Yoast SEO plugin v23.5 - https:\/\/yoast.com\/wordpress\/plugins\/seo\/ -->\n<title>D\u00e9claration d\u2019\u00c9chographie Canada : Les \u00e9chographistes et le COVID-19 - \u00c9chographie Canada<\/title>\n<meta name=\"robots\" content=\"index, follow, max-snippet:-1, max-image-preview:large, max-video-preview:-1\" \/>\n<link rel=\"canonical\" href=\"https:\/\/sonographycanada.ca\/fr\/ressources\/covid-19-declarations-ressources-et-renseignements-a-lintention-des-echographistes-medicaux-diagnostiques-au-canada\/declaration-dechographie-canada-les-echographistes-et-le-covid-19\" \/>\n<meta property=\"og:locale\" content=\"fr_FR\" \/>\n<meta property=\"og:type\" content=\"article\" \/>\n<meta property=\"og:title\" content=\"D\u00e9claration d\u2019\u00c9chographie Canada : Les \u00e9chographistes et le COVID-19 - \u00c9chographie Canada\" \/>\n<meta property=\"og:description\" content=\"Le 11 mars 2020, l\u2019Organisation mondiale de la sant\u00e9 (OMS) a officiellement d\u00e9clar\u00e9 que le COVID-19 constitue une pand\u00e9mie. La maladie \u00e0 coronavirus a des r\u00e9percussions importantes tant pour les patients que pour les fournisseurs de soins de sant\u00e9. Les \u00e9chographistes m\u00e9dicaux diagnostiques sont des membres importants des \u00e9quipes de soins de sant\u00e9 au Canada. [&hellip;]\" \/>\n<meta property=\"og:url\" content=\"https:\/\/sonographycanada.ca\/fr\/ressources\/covid-19-declarations-ressources-et-renseignements-a-lintention-des-echographistes-medicaux-diagnostiques-au-canada\/declaration-dechographie-canada-les-echographistes-et-le-covid-19\" \/>\n<meta property=\"og:site_name\" content=\"\u00c9chographie Canada\" \/>\n<meta property=\"article:modified_time\" content=\"2020-05-05T09:28:32+00:00\" \/>\n<meta property=\"og:image\" content=\"https:\/\/sonographycanada.ca\/app\/uploads\/2020\/04\/Coronavirus-and-sonography-canada.jpg\" \/>\n\t<meta property=\"og:image:width\" content=\"390\" \/>\n\t<meta property=\"og:image:height\" content=\"172\" \/>\n\t<meta property=\"og:image:type\" content=\"image\/jpeg\" \/>\n<meta name=\"twitter:card\" content=\"summary_large_image\" \/>\n<meta name=\"twitter:label1\" content=\"Est. reading time\" \/>\n\t<meta name=\"twitter:data1\" content=\"4 minutes\" \/>\n<script type=\"application\/ld+json\" class=\"yoast-schema-graph\">{\"@context\":\"https:\/\/schema.org\",\"@graph\":[{\"@type\":\"WebPage\",\"@id\":\"https:\/\/sonographycanada.ca\/fr\/ressources\/covid-19-declarations-ressources-et-renseignements-a-lintention-des-echographistes-medicaux-diagnostiques-au-canada\/declaration-dechographie-canada-les-echographistes-et-le-covid-19\",\"url\":\"https:\/\/sonographycanada.ca\/fr\/ressources\/covid-19-declarations-ressources-et-renseignements-a-lintention-des-echographistes-medicaux-diagnostiques-au-canada\/declaration-dechographie-canada-les-echographistes-et-le-covid-19\",\"name\":\"D\u00e9claration d\u2019\u00c9chographie Canada : Les \u00e9chographistes et le COVID-19 - \u00c9chographie Canada\",\"isPartOf\":{\"@id\":\"https:\/\/sonographycanada.ca\/#website\"},\"primaryImageOfPage\":{\"@id\":\"https:\/\/sonographycanada.ca\/fr\/ressources\/covid-19-declarations-ressources-et-renseignements-a-lintention-des-echographistes-medicaux-diagnostiques-au-canada\/declaration-dechographie-canada-les-echographistes-et-le-covid-19#primaryimage\"},\"image\":{\"@id\":\"https:\/\/sonographycanada.ca\/fr\/ressources\/covid-19-declarations-ressources-et-renseignements-a-lintention-des-echographistes-medicaux-diagnostiques-au-canada\/declaration-dechographie-canada-les-echographistes-et-le-covid-19#primaryimage\"},\"thumbnailUrl\":\"https:\/\/sonographycanada.ca\/app\/uploads\/2020\/04\/Coronavirus-and-sonography-canada.jpg\",\"datePublished\":\"2020-03-20T15:55:12+00:00\",\"dateModified\":\"2020-05-05T09:28:32+00:00\",\"breadcrumb\":{\"@id\":\"https:\/\/sonographycanada.ca\/fr\/ressources\/covid-19-declarations-ressources-et-renseignements-a-lintention-des-echographistes-medicaux-diagnostiques-au-canada\/declaration-dechographie-canada-les-echographistes-et-le-covid-19#breadcrumb\"},\"inLanguage\":\"fr-FR\",\"potentialAction\":[{\"@type\":\"ReadAction\",\"target\":[\"https:\/\/sonographycanada.ca\/fr\/ressources\/covid-19-declarations-ressources-et-renseignements-a-lintention-des-echographistes-medicaux-diagnostiques-au-canada\/declaration-dechographie-canada-les-echographistes-et-le-covid-19\"]}]},{\"@type\":\"ImageObject\",\"inLanguage\":\"fr-FR\",\"@id\":\"https:\/\/sonographycanada.ca\/fr\/ressources\/covid-19-declarations-ressources-et-renseignements-a-lintention-des-echographistes-medicaux-diagnostiques-au-canada\/declaration-dechographie-canada-les-echographistes-et-le-covid-19#primaryimage\",\"url\":\"https:\/\/sonographycanada.ca\/app\/uploads\/2020\/04\/Coronavirus-and-sonography-canada.jpg\",\"contentUrl\":\"https:\/\/sonographycanada.ca\/app\/uploads\/2020\/04\/Coronavirus-and-sonography-canada.jpg\",\"width\":390,\"height\":172,\"caption\":\"Coronavirus and sonography canada\"},{\"@type\":\"BreadcrumbList\",\"@id\":\"https:\/\/sonographycanada.ca\/fr\/ressources\/covid-19-declarations-ressources-et-renseignements-a-lintention-des-echographistes-medicaux-diagnostiques-au-canada\/declaration-dechographie-canada-les-echographistes-et-le-covid-19#breadcrumb\",\"itemListElement\":[{\"@type\":\"ListItem\",\"position\":1,\"name\":\"Accueil\",\"item\":\"https:\/\/sonographycanada.ca\/fr\"},{\"@type\":\"ListItem\",\"position\":2,\"name\":\"Ressources\",\"item\":\"https:\/\/sonographycanada.ca\/fr\/ressources\"},{\"@type\":\"ListItem\",\"position\":3,\"name\":\"COVID-19 : D\u00e9clarations, ressources et renseignements \u00e0 l\u2019intention des \u00e9chographistes m\u00e9dicaux diagnostiques au Canada\",\"item\":\"https:\/\/sonographycanada.ca\/fr\/ressources\/covid-19-declarations-ressources-et-renseignements-a-lintention-des-echographistes-medicaux-diagnostiques-au-canada\"},{\"@type\":\"ListItem\",\"position\":4,\"name\":\"D\u00e9claration d\u2019\u00c9chographie Canada : Les \u00e9chographistes et le COVID-19\"}]},{\"@type\":\"WebSite\",\"@id\":\"https:\/\/sonographycanada.ca\/#website\",\"url\":\"https:\/\/sonographycanada.ca\/\",\"name\":\"\u00c9chographie Canada\",\"description\":\"La voix des \u00e9chographistes m\u00e9dicaux diagnostiques au Canada\",\"potentialAction\":[{\"@type\":\"SearchAction\",\"target\":{\"@type\":\"EntryPoint\",\"urlTemplate\":\"https:\/\/sonographycanada.ca\/?s={search_term_string}\"},\"query-input\":{\"@type\":\"PropertyValueSpecification\",\"valueRequired\":true,\"valueName\":\"search_term_string\"}}],\"inLanguage\":\"fr-FR\"}]}<\/script>\n<!-- \/ Yoast SEO plugin. -->","yoast_head_json":{"title":"D\u00e9claration d\u2019\u00c9chographie Canada : Les \u00e9chographistes et le COVID-19 - \u00c9chographie Canada","robots":{"index":"index","follow":"follow","max-snippet":"max-snippet:-1","max-image-preview":"max-image-preview:large","max-video-preview":"max-video-preview:-1"},"canonical":"https:\/\/sonographycanada.ca\/fr\/ressources\/covid-19-declarations-ressources-et-renseignements-a-lintention-des-echographistes-medicaux-diagnostiques-au-canada\/declaration-dechographie-canada-les-echographistes-et-le-covid-19","og_locale":"fr_FR","og_type":"article","og_title":"D\u00e9claration d\u2019\u00c9chographie Canada : Les \u00e9chographistes et le COVID-19 - \u00c9chographie Canada","og_description":"Le 11 mars 2020, l\u2019Organisation mondiale de la sant\u00e9 (OMS) a officiellement d\u00e9clar\u00e9 que le COVID-19 constitue une pand\u00e9mie. La maladie \u00e0 coronavirus a des r\u00e9percussions importantes tant pour les patients que pour les fournisseurs de soins de sant\u00e9. Les \u00e9chographistes m\u00e9dicaux diagnostiques sont des membres importants des \u00e9quipes de soins de sant\u00e9 au Canada. [&hellip;]","og_url":"https:\/\/sonographycanada.ca\/fr\/ressources\/covid-19-declarations-ressources-et-renseignements-a-lintention-des-echographistes-medicaux-diagnostiques-au-canada\/declaration-dechographie-canada-les-echographistes-et-le-covid-19","og_site_name":"\u00c9chographie Canada","article_modified_time":"2020-05-05T09:28:32+00:00","og_image":[{"width":390,"height":172,"url":"https:\/\/sonographycanada.ca\/app\/uploads\/2020\/04\/Coronavirus-and-sonography-canada.jpg","type":"image\/jpeg"}],"twitter_card":"summary_large_image","twitter_misc":{"Est. reading time":"4 minutes"},"schema":{"@context":"https:\/\/schema.org","@graph":[{"@type":"WebPage","@id":"https:\/\/sonographycanada.ca\/fr\/ressources\/covid-19-declarations-ressources-et-renseignements-a-lintention-des-echographistes-medicaux-diagnostiques-au-canada\/declaration-dechographie-canada-les-echographistes-et-le-covid-19","url":"https:\/\/sonographycanada.ca\/fr\/ressources\/covid-19-declarations-ressources-et-renseignements-a-lintention-des-echographistes-medicaux-diagnostiques-au-canada\/declaration-dechographie-canada-les-echographistes-et-le-covid-19","name":"D\u00e9claration d\u2019\u00c9chographie Canada : Les \u00e9chographistes et le COVID-19 - \u00c9chographie Canada","isPartOf":{"@id":"https:\/\/sonographycanada.ca\/#website"},"primaryImageOfPage":{"@id":"https:\/\/sonographycanada.ca\/fr\/ressources\/covid-19-declarations-ressources-et-renseignements-a-lintention-des-echographistes-medicaux-diagnostiques-au-canada\/declaration-dechographie-canada-les-echographistes-et-le-covid-19#primaryimage"},"image":{"@id":"https:\/\/sonographycanada.ca\/fr\/ressources\/covid-19-declarations-ressources-et-renseignements-a-lintention-des-echographistes-medicaux-diagnostiques-au-canada\/declaration-dechographie-canada-les-echographistes-et-le-covid-19#primaryimage"},"thumbnailUrl":"https:\/\/sonographycanada.ca\/app\/uploads\/2020\/04\/Coronavirus-and-sonography-canada.jpg","datePublished":"2020-03-20T15:55:12+00:00","dateModified":"2020-05-05T09:28:32+00:00","breadcrumb":{"@id":"https:\/\/sonographycanada.ca\/fr\/ressources\/covid-19-declarations-ressources-et-renseignements-a-lintention-des-echographistes-medicaux-diagnostiques-au-canada\/declaration-dechographie-canada-les-echographistes-et-le-covid-19#breadcrumb"},"inLanguage":"fr-FR","potentialAction":[{"@type":"ReadAction","target":["https:\/\/sonographycanada.ca\/fr\/ressources\/covid-19-declarations-ressources-et-renseignements-a-lintention-des-echographistes-medicaux-diagnostiques-au-canada\/declaration-dechographie-canada-les-echographistes-et-le-covid-19"]}]},{"@type":"ImageObject","inLanguage":"fr-FR","@id":"https:\/\/sonographycanada.ca\/fr\/ressources\/covid-19-declarations-ressources-et-renseignements-a-lintention-des-echographistes-medicaux-diagnostiques-au-canada\/declaration-dechographie-canada-les-echographistes-et-le-covid-19#primaryimage","url":"https:\/\/sonographycanada.ca\/app\/uploads\/2020\/04\/Coronavirus-and-sonography-canada.jpg","contentUrl":"https:\/\/sonographycanada.ca\/app\/uploads\/2020\/04\/Coronavirus-and-sonography-canada.jpg","width":390,"height":172,"caption":"Coronavirus and sonography canada"},{"@type":"BreadcrumbList","@id":"https:\/\/sonographycanada.ca\/fr\/ressources\/covid-19-declarations-ressources-et-renseignements-a-lintention-des-echographistes-medicaux-diagnostiques-au-canada\/declaration-dechographie-canada-les-echographistes-et-le-covid-19#breadcrumb","itemListElement":[{"@type":"ListItem","position":1,"name":"Accueil","item":"https:\/\/sonographycanada.ca\/fr"},{"@type":"ListItem","position":2,"name":"Ressources","item":"https:\/\/sonographycanada.ca\/fr\/ressources"},{"@type":"ListItem","position":3,"name":"COVID-19 : D\u00e9clarations, ressources et renseignements \u00e0 l\u2019intention des \u00e9chographistes m\u00e9dicaux diagnostiques au Canada","item":"https:\/\/sonographycanada.ca\/fr\/ressources\/covid-19-declarations-ressources-et-renseignements-a-lintention-des-echographistes-medicaux-diagnostiques-au-canada"},{"@type":"ListItem","position":4,"name":"D\u00e9claration d\u2019\u00c9chographie Canada : Les \u00e9chographistes et le COVID-19"}]},{"@type":"WebSite","@id":"https:\/\/sonographycanada.ca\/#website","url":"https:\/\/sonographycanada.ca\/","name":"\u00c9chographie Canada","description":"La voix des \u00e9chographistes m\u00e9dicaux diagnostiques au Canada","potentialAction":[{"@type":"SearchAction","target":{"@type":"EntryPoint","urlTemplate":"https:\/\/sonographycanada.ca\/?s={search_term_string}"},"query-input":{"@type":"PropertyValueSpecification","valueRequired":true,"valueName":"search_term_string"}}],"inLanguage":"fr-FR"}]}},"coauthors":[],"author_meta":{"author_link":"https:\/\/sonographycanada.ca\/fr\/author\/263a58fd-0292-4830-a513-b6bccee25d5d","display_name":"Riad Kadi"},"relative_dates":{"created":"Publi\u00e9 6 years il y a","modified":"Mis \u00e0 jour 6 years il y a"},"absolute_dates":{"created":"Publi\u00e9 le mars 20, 2020","modified":"Mise \u00e0 jour le mai 5, 2020"},"absolute_dates_time":{"created":"Publi\u00e9 le mars 20, 2020 3:55 pm","modified":"Mise \u00e0 jour le mai 5, 2020 9:28 am"},"featured_img_caption":"","featured_img":"https:\/\/sonographycanada.ca\/app\/uploads\/2020\/04\/Coronavirus-and-sonography-canada.jpg","series_order":"","_links":{"self":[{"href":"https:\/\/sonographycanada.ca\/fr\/wp-json\/wp\/v2\/pages\/20682"}],"collection":[{"href":"https:\/\/sonographycanada.ca\/fr\/wp-json\/wp\/v2\/pages"}],"about":[{"href":"https:\/\/sonographycanada.ca\/fr\/wp-json\/wp\/v2\/types\/page"}],"author":[{"embeddable":true,"href":"https:\/\/sonographycanada.ca\/fr\/wp-json\/wp\/v2\/users\/6718"}],"replies":[{"embeddable":true,"href":"https:\/\/sonographycanada.ca\/fr\/wp-json\/wp\/v2\/comments?post=20682"}],"version-history":[{"count":5,"href":"https:\/\/sonographycanada.ca\/fr\/wp-json\/wp\/v2\/pages\/20682\/revisions"}],"predecessor-version":[{"id":49949,"href":"https:\/\/sonographycanada.ca\/fr\/wp-json\/wp\/v2\/pages\/20682\/revisions\/49949"}],"up":[{"embeddable":true,"href":"https:\/\/sonographycanada.ca\/fr\/wp-json\/wp\/v2\/pages\/49947"}],"wp:featuredmedia":[{"embeddable":true,"href":"https:\/\/sonographycanada.ca\/fr\/wp-json\/wp\/v2\/media\/24354"}],"wp:attachment":[{"href":"https:\/\/sonographycanada.ca\/fr\/wp-json\/wp\/v2\/media?parent=20682"}],"curies":[{"name":"wp","href":"https:\/\/api.w.org\/{rel}","templated":true}]}}