{"id":21018,"date":"2020-03-24T14:47:26","date_gmt":"2020-03-24T14:47:26","guid":{"rendered":"https:\/\/sonographycanada.ca\/?page_id=21018"},"modified":"2020-06-08T17:16:58","modified_gmt":"2020-06-08T17:16:58","slug":"covid-19-les-operations-dechographie-canada","status":"publish","type":"page","link":"https:\/\/sonographycanada.ca\/fr\/ressources\/covid-19-declarations-ressources-et-renseignements-a-lintention-des-echographistes-medicaux-diagnostiques-au-canada\/covid-19-les-operations-dechographie-canada","title":{"rendered":"COVID-19 &#038; Les Op\u00e9rations d&#8217;\u00c9chographie Canada."},"content":{"rendered":"<p> <br>Mis \u00e0 jour le 8 juin 2020 <\/p><p>Veuillez noter les mises \u00e0 jour suivantes\nquant aux op\u00e9rations d\u2019\u00c9chographie Canada.<\/p><h3 class=\"wp-block-heading\"><strong>Les heures de bureau<\/strong><\/h3><p>Le bureau national d\u2019\u00c9chographie Canada maintiendra ses heures de bureau r\u00e9guli\u00e8res. Toutefois, le personnel travaillera \u00e0 distance. Notre \u00e9quipe v\u00e9rifie r\u00e9guli\u00e8rement la bo\u00eete vocale. Nous retournerons votre appel ou nous r\u00e9pondrons \u00e0 votre demandes. L\u2019acc\u00e8s \u00e0 l\u2019information pourrait \u00eatre limit\u00e9 et pourrait occasionner des d\u00e9lais \u00e0 vous fournir les d\u00e9tails demand\u00e9s. \u00a0<\/p><p>Alors que nous travaillons \u00e0 distance, la meilleure fa\u00e7on de nous joindre est par courriel \u00e0 <a href=\"mailto:info@sonographycanada.ca\">info@sonographycanada.ca<\/a>. Nous vous remercions \u00e0 l\u2019avance de votre patience et compr\u00e9hension.<\/p><h3 class=\"wp-block-heading\"><strong>Les examens de comp\u00e9tence <\/strong><\/h3><p>Notre prochaine p\u00e9riode d&#8217;inscription aux examens s&#8217;ouvrira le 16 juin 2020.<\/p><p>Veuillez consulter <a href=\"https:\/\/sonographycanada.ca\/fr\/agrement\/examens-admission-profession\/dates-et-horaires\">les Dates d\u2019examen, horaires et p\u00e9riodes d\u2019enregistrement <\/a>sur notre site Web pour obtenir les informations les plus r\u00e9centes disponibles.<\/p><h3 class=\"wp-block-heading\"><strong>L\u2019assurance responsabilit\u00e9 professionnelle (ARP)<\/strong><\/h3><p>Selon les modalit\u00e9s de notre police d\u2019ARP tr\u00e8s\ncompl\u00e8te, il n\u2019existe pas d\u2019exclusions sp\u00e9cifiques li\u00e9es \u00e0 la transmission d\u2019un\nvirus ou d\u2019une maladie par l\u2019\u00e9chographiste assur\u00e9 lors de la prestation de\nservices professionnels, \u00e0 l\u2019exception des situations qui impliquent des abus\nall\u00e9gu\u00e9s ou r\u00e9els. Toutefois, ceci ne serait pas le cas s\u2019il peut \u00eatre prouv\u00e9\nque l\u2019\u00e9chographiste a \u00e9t\u00e9 n\u00e9gligent. Dans le sc\u00e9nario de cette pand\u00e9mie, il\npourrait s\u2019agir d\u2019un manquement au niveau de la d\u00e9contamination qui entra\u00eene la\ntransmission d\u2019un virus, la pr\u00e9sence au travail d\u2019un individu malade qui m\u00e8ne \u00e0\nla transmission d\u2019un virus, ou le retour au travail suite \u00e0 un voyage ou \u00e0 une\nexposition au virus sans compl\u00e9ter la p\u00e9riode d\u2019auto-isolation. Il incombe \u00e0\nl\u2019individu qui soumet la plainte de prouver la n\u00e9gligence. Vos questions\npeuvent \u00eatre achemin\u00e9es \u00e0 <a href=\"mailto:profpractice@sonographycanada.ca\">profpractice@sonographycanada.ca<\/a> .<\/p><h3 class=\"wp-block-heading\"><strong>L\u2019Assembl\u00e9e g\u00e9n\u00e9rale annuelle (AGA)<\/strong><\/h3><p>Notre AGA aura lieu le 20 juin 2020 \u00e0 midi, heure de l&#8217;Est. Toutes les informations justificatives, y compris l&#8217;ordre du jour, le proc\u00e8s-verbal de l&#8217;AGA 2019, les \u00e9tats financiers audit\u00e9s 2019 (en r\u00e9vision) et d&#8217;autres documents justificatifs ont \u00e9t\u00e9 mis \u00e0 disposition sur la page de <a href=\"https:\/\/sonographycanada.ca\/fr\/membres\/gouvernance\/aga-2020\">l&#8217;Assembl\u00e9e g\u00e9n\u00e9rale annuelle 2020<\/a>. L&#8217;inscription est maintenant ouverte pour l&#8217;AGA et les activit\u00e9s d&#8217;apprentissage GRATUITES (pour les membres).<\/p><h3 class=\"wp-block-heading\"><strong>Les prix d\u2019\u00c9chographie Canada<\/strong><\/h3><p>Les gagnants des prix de Sonography Canada de cette ann\u00e9e ont \u00e9t\u00e9 s\u00e9lectionn\u00e9s et seront annonc\u00e9s et leurs r\u00e9alisations reconnues sur notre site Web.<\/p>","protected":false},"excerpt":{"rendered":"<p>Mis \u00e0 jour le 8 juin 2020 Veuillez noter les mises \u00e0 jour suivantes quant aux op\u00e9rations d\u2019\u00c9chographie Canada. Les heures de bureau Le bureau national d\u2019\u00c9chographie Canada maintiendra ses heures de bureau r\u00e9guli\u00e8res. Toutefois, le personnel travaillera \u00e0 distance. Notre \u00e9quipe v\u00e9rifie r\u00e9guli\u00e8rement la bo\u00eete vocale. Nous retournerons votre appel ou nous r\u00e9pondrons \u00e0 [&hellip;]<\/p>\n","protected":false},"author":6718,"featured_media":0,"parent":49947,"menu_order":3,"comment_status":"closed","ping_status":"closed","template":"","meta":{"_acf_changed":false,"advgb_blocks_editor_width":"","advgb_blocks_columns_visual_guide":"","wicket_organization":"","_seat_count":"","_member_id":[],"_edit_last":"5817","_start_date":"","_end_date":"","footnotes":""},"class_list":["post-21018","page","type-page","status-publish","hentry"],"acf":[],"yoast_head":"<!-- This site is optimized with the Yoast SEO plugin v23.5 - https:\/\/yoast.com\/wordpress\/plugins\/seo\/ -->\n<title>COVID-19 &amp; Les Op\u00e9rations d&#039;\u00c9chographie Canada. - \u00c9chographie Canada<\/title>\n<meta name=\"robots\" content=\"index, follow, max-snippet:-1, max-image-preview:large, max-video-preview:-1\" \/>\n<link rel=\"canonical\" href=\"https:\/\/sonographycanada.ca\/fr\/ressources\/covid-19-declarations-ressources-et-renseignements-a-lintention-des-echographistes-medicaux-diagnostiques-au-canada\/covid-19-les-operations-dechographie-canada\" \/>\n<meta property=\"og:locale\" content=\"fr_FR\" \/>\n<meta property=\"og:type\" content=\"article\" \/>\n<meta property=\"og:title\" content=\"COVID-19 &amp; Les Op\u00e9rations d&#039;\u00c9chographie Canada. - \u00c9chographie Canada\" \/>\n<meta property=\"og:description\" content=\"Mis \u00e0 jour le 8 juin 2020 Veuillez noter les mises \u00e0 jour suivantes quant aux op\u00e9rations d\u2019\u00c9chographie Canada. Les heures de bureau Le bureau national d\u2019\u00c9chographie Canada maintiendra ses heures de bureau r\u00e9guli\u00e8res. Toutefois, le personnel travaillera \u00e0 distance. Notre \u00e9quipe v\u00e9rifie r\u00e9guli\u00e8rement la bo\u00eete vocale. Nous retournerons votre appel ou nous r\u00e9pondrons \u00e0 [&hellip;]\" \/>\n<meta property=\"og:url\" content=\"https:\/\/sonographycanada.ca\/fr\/ressources\/covid-19-declarations-ressources-et-renseignements-a-lintention-des-echographistes-medicaux-diagnostiques-au-canada\/covid-19-les-operations-dechographie-canada\" \/>\n<meta property=\"og:site_name\" content=\"\u00c9chographie Canada\" \/>\n<meta property=\"article:modified_time\" content=\"2020-06-08T17:16:58+00:00\" \/>\n<meta name=\"twitter:card\" content=\"summary_large_image\" \/>\n<meta name=\"twitter:label1\" content=\"Est. reading time\" \/>\n\t<meta name=\"twitter:data1\" content=\"2 minutes\" \/>\n<script type=\"application\/ld+json\" class=\"yoast-schema-graph\">{\"@context\":\"https:\/\/schema.org\",\"@graph\":[{\"@type\":\"WebPage\",\"@id\":\"https:\/\/sonographycanada.ca\/fr\/ressources\/covid-19-declarations-ressources-et-renseignements-a-lintention-des-echographistes-medicaux-diagnostiques-au-canada\/covid-19-les-operations-dechographie-canada\",\"url\":\"https:\/\/sonographycanada.ca\/fr\/ressources\/covid-19-declarations-ressources-et-renseignements-a-lintention-des-echographistes-medicaux-diagnostiques-au-canada\/covid-19-les-operations-dechographie-canada\",\"name\":\"COVID-19 & Les Op\u00e9rations d'\u00c9chographie Canada. - \u00c9chographie Canada\",\"isPartOf\":{\"@id\":\"https:\/\/sonographycanada.ca\/#website\"},\"datePublished\":\"2020-03-24T14:47:26+00:00\",\"dateModified\":\"2020-06-08T17:16:58+00:00\",\"breadcrumb\":{\"@id\":\"https:\/\/sonographycanada.ca\/fr\/ressources\/covid-19-declarations-ressources-et-renseignements-a-lintention-des-echographistes-medicaux-diagnostiques-au-canada\/covid-19-les-operations-dechographie-canada#breadcrumb\"},\"inLanguage\":\"fr-FR\",\"potentialAction\":[{\"@type\":\"ReadAction\",\"target\":[\"https:\/\/sonographycanada.ca\/fr\/ressources\/covid-19-declarations-ressources-et-renseignements-a-lintention-des-echographistes-medicaux-diagnostiques-au-canada\/covid-19-les-operations-dechographie-canada\"]}]},{\"@type\":\"BreadcrumbList\",\"@id\":\"https:\/\/sonographycanada.ca\/fr\/ressources\/covid-19-declarations-ressources-et-renseignements-a-lintention-des-echographistes-medicaux-diagnostiques-au-canada\/covid-19-les-operations-dechographie-canada#breadcrumb\",\"itemListElement\":[{\"@type\":\"ListItem\",\"position\":1,\"name\":\"Accueil\",\"item\":\"https:\/\/sonographycanada.ca\/fr\"},{\"@type\":\"ListItem\",\"position\":2,\"name\":\"Ressources\",\"item\":\"https:\/\/sonographycanada.ca\/fr\/ressources\"},{\"@type\":\"ListItem\",\"position\":3,\"name\":\"COVID-19 : D\u00e9clarations, ressources et renseignements \u00e0 l\u2019intention des \u00e9chographistes m\u00e9dicaux diagnostiques au Canada\",\"item\":\"https:\/\/sonographycanada.ca\/fr\/ressources\/covid-19-declarations-ressources-et-renseignements-a-lintention-des-echographistes-medicaux-diagnostiques-au-canada\"},{\"@type\":\"ListItem\",\"position\":4,\"name\":\"COVID-19 &#038; Les Op\u00e9rations d&#8217;\u00c9chographie Canada.\"}]},{\"@type\":\"WebSite\",\"@id\":\"https:\/\/sonographycanada.ca\/#website\",\"url\":\"https:\/\/sonographycanada.ca\/\",\"name\":\"\u00c9chographie Canada\",\"description\":\"La voix des \u00e9chographistes m\u00e9dicaux diagnostiques au Canada\",\"potentialAction\":[{\"@type\":\"SearchAction\",\"target\":{\"@type\":\"EntryPoint\",\"urlTemplate\":\"https:\/\/sonographycanada.ca\/?s={search_term_string}\"},\"query-input\":{\"@type\":\"PropertyValueSpecification\",\"valueRequired\":true,\"valueName\":\"search_term_string\"}}],\"inLanguage\":\"fr-FR\"}]}<\/script>\n<!-- \/ Yoast SEO plugin. -->","yoast_head_json":{"title":"COVID-19 & Les Op\u00e9rations d'\u00c9chographie Canada. - \u00c9chographie Canada","robots":{"index":"index","follow":"follow","max-snippet":"max-snippet:-1","max-image-preview":"max-image-preview:large","max-video-preview":"max-video-preview:-1"},"canonical":"https:\/\/sonographycanada.ca\/fr\/ressources\/covid-19-declarations-ressources-et-renseignements-a-lintention-des-echographistes-medicaux-diagnostiques-au-canada\/covid-19-les-operations-dechographie-canada","og_locale":"fr_FR","og_type":"article","og_title":"COVID-19 & Les Op\u00e9rations d'\u00c9chographie Canada. - \u00c9chographie Canada","og_description":"Mis \u00e0 jour le 8 juin 2020 Veuillez noter les mises \u00e0 jour suivantes quant aux op\u00e9rations d\u2019\u00c9chographie Canada. Les heures de bureau Le bureau national d\u2019\u00c9chographie Canada maintiendra ses heures de bureau r\u00e9guli\u00e8res. Toutefois, le personnel travaillera \u00e0 distance. Notre \u00e9quipe v\u00e9rifie r\u00e9guli\u00e8rement la bo\u00eete vocale. Nous retournerons votre appel ou nous r\u00e9pondrons \u00e0 [&hellip;]","og_url":"https:\/\/sonographycanada.ca\/fr\/ressources\/covid-19-declarations-ressources-et-renseignements-a-lintention-des-echographistes-medicaux-diagnostiques-au-canada\/covid-19-les-operations-dechographie-canada","og_site_name":"\u00c9chographie Canada","article_modified_time":"2020-06-08T17:16:58+00:00","twitter_card":"summary_large_image","twitter_misc":{"Est. reading time":"2 minutes"},"schema":{"@context":"https:\/\/schema.org","@graph":[{"@type":"WebPage","@id":"https:\/\/sonographycanada.ca\/fr\/ressources\/covid-19-declarations-ressources-et-renseignements-a-lintention-des-echographistes-medicaux-diagnostiques-au-canada\/covid-19-les-operations-dechographie-canada","url":"https:\/\/sonographycanada.ca\/fr\/ressources\/covid-19-declarations-ressources-et-renseignements-a-lintention-des-echographistes-medicaux-diagnostiques-au-canada\/covid-19-les-operations-dechographie-canada","name":"COVID-19 & Les Op\u00e9rations d'\u00c9chographie Canada. - \u00c9chographie Canada","isPartOf":{"@id":"https:\/\/sonographycanada.ca\/#website"},"datePublished":"2020-03-24T14:47:26+00:00","dateModified":"2020-06-08T17:16:58+00:00","breadcrumb":{"@id":"https:\/\/sonographycanada.ca\/fr\/ressources\/covid-19-declarations-ressources-et-renseignements-a-lintention-des-echographistes-medicaux-diagnostiques-au-canada\/covid-19-les-operations-dechographie-canada#breadcrumb"},"inLanguage":"fr-FR","potentialAction":[{"@type":"ReadAction","target":["https:\/\/sonographycanada.ca\/fr\/ressources\/covid-19-declarations-ressources-et-renseignements-a-lintention-des-echographistes-medicaux-diagnostiques-au-canada\/covid-19-les-operations-dechographie-canada"]}]},{"@type":"BreadcrumbList","@id":"https:\/\/sonographycanada.ca\/fr\/ressources\/covid-19-declarations-ressources-et-renseignements-a-lintention-des-echographistes-medicaux-diagnostiques-au-canada\/covid-19-les-operations-dechographie-canada#breadcrumb","itemListElement":[{"@type":"ListItem","position":1,"name":"Accueil","item":"https:\/\/sonographycanada.ca\/fr"},{"@type":"ListItem","position":2,"name":"Ressources","item":"https:\/\/sonographycanada.ca\/fr\/ressources"},{"@type":"ListItem","position":3,"name":"COVID-19 : D\u00e9clarations, ressources et renseignements \u00e0 l\u2019intention des \u00e9chographistes m\u00e9dicaux diagnostiques au Canada","item":"https:\/\/sonographycanada.ca\/fr\/ressources\/covid-19-declarations-ressources-et-renseignements-a-lintention-des-echographistes-medicaux-diagnostiques-au-canada"},{"@type":"ListItem","position":4,"name":"COVID-19 &#038; Les Op\u00e9rations d&#8217;\u00c9chographie Canada."}]},{"@type":"WebSite","@id":"https:\/\/sonographycanada.ca\/#website","url":"https:\/\/sonographycanada.ca\/","name":"\u00c9chographie Canada","description":"La voix des \u00e9chographistes m\u00e9dicaux diagnostiques au Canada","potentialAction":[{"@type":"SearchAction","target":{"@type":"EntryPoint","urlTemplate":"https:\/\/sonographycanada.ca\/?s={search_term_string}"},"query-input":{"@type":"PropertyValueSpecification","valueRequired":true,"valueName":"search_term_string"}}],"inLanguage":"fr-FR"}]}},"coauthors":[],"author_meta":{"author_link":"https:\/\/sonographycanada.ca\/fr\/author\/263a58fd-0292-4830-a513-b6bccee25d5d","display_name":"Riad Kadi"},"relative_dates":{"created":"Publi\u00e9 6 years il y a","modified":"Mis \u00e0 jour 6 years il y a"},"absolute_dates":{"created":"Publi\u00e9 le mars 24, 2020","modified":"Mise \u00e0 jour le juin 8, 2020"},"absolute_dates_time":{"created":"Publi\u00e9 le mars 24, 2020 2:47 pm","modified":"Mise \u00e0 jour le juin 8, 2020 5:16 pm"},"featured_img_caption":"","featured_img":false,"series_order":"","_links":{"self":[{"href":"https:\/\/sonographycanada.ca\/fr\/wp-json\/wp\/v2\/pages\/21018"}],"collection":[{"href":"https:\/\/sonographycanada.ca\/fr\/wp-json\/wp\/v2\/pages"}],"about":[{"href":"https:\/\/sonographycanada.ca\/fr\/wp-json\/wp\/v2\/types\/page"}],"author":[{"embeddable":true,"href":"https:\/\/sonographycanada.ca\/fr\/wp-json\/wp\/v2\/users\/6718"}],"replies":[{"embeddable":true,"href":"https:\/\/sonographycanada.ca\/fr\/wp-json\/wp\/v2\/comments?post=21018"}],"version-history":[{"count":8,"href":"https:\/\/sonographycanada.ca\/fr\/wp-json\/wp\/v2\/pages\/21018\/revisions"}],"predecessor-version":[{"id":53651,"href":"https:\/\/sonographycanada.ca\/fr\/wp-json\/wp\/v2\/pages\/21018\/revisions\/53651"}],"up":[{"embeddable":true,"href":"https:\/\/sonographycanada.ca\/fr\/wp-json\/wp\/v2\/pages\/49947"}],"wp:attachment":[{"href":"https:\/\/sonographycanada.ca\/fr\/wp-json\/wp\/v2\/media?parent=21018"}],"curies":[{"name":"wp","href":"https:\/\/api.w.org\/{rel}","templated":true}]}}