{"id":2106,"date":"2019-03-14T13:00:47","date_gmt":"2019-03-14T13:00:47","guid":{"rendered":"https:\/\/sonographycanada.ca\/?page_id=2106"},"modified":"2023-01-31T11:40:22","modified_gmt":"2023-01-31T16:40:22","slug":"publier-offre-emploi","status":"publish","type":"page","link":"https:\/\/sonographycanada.ca\/fr\/ressources\/emplois\/publier-offre-emploi","title":{"rendered":"Tableau d&#8217;affichage des offres d&#8217;emploi et diffusions par courriel"},"content":{"rendered":"<p>\u00c9chographie Canada est vou\u00e9 \u00e0 la promotion et \u00e0 l&#8217;avancement de la profession de l\u2019\u00e9chographie en aidant les employeurs \u00e0 trouver des \u00e9chographistes qualifi\u00e9s pour oeuvrer au sein de leurs organisations.&nbsp; Trouvez le candidat id\u00e9al avec l&#8217;affichage d&#8217;une offre d\u2019emploi partag\u00e9e avec nos membres situ\u00e9s partout au Canada et \u00e0 l&#8217;\u00e9tranger.<\/p><p>Nos cat\u00e9gories de membres ont chang\u00e9. Assurez-vous de visionner <a href=\"https:\/\/sonographycanada.ca\/fr\/adhesion\/categories-de-membres\">la vid\u00e9o sur le nouveau mod\u00e8le d&#8217;adh\u00e9sion<\/a> afin de vous aider \u00e0 identifier les meilleures comp\u00e9tences pour votre occasion d&#8217;emploi.&nbsp;<\/p><h2 class=\"wp-block-heading\">Comment afficher un poste<\/h2><ul class=\"wp-block-list\"><li>Cliquez sur <span style=\"text-decoration: underline;\">Acheter maintenant<\/span> pour t\u00e9l\u00e9charger le <em>Formulaire de demande d&#8217;affichage\/de diffusion par courriel d&#8217;offres d&#8217;emploi standard<\/em>s.  <\/li><li>Le contenu de l&#8217;annonce doit \u00eatre soumis sous forme de document Word et doit :<ul><li> inclure le logo de votre entreprise<\/li><li> inclure le titre ou l&#8217;objet du message pour votre annonce\/diffusion par courriel<\/li><li> privil\u00e9gier les titres de comp\u00e9tence d&#8217;\u00c9chographie Canada (obligatoire)<\/li><li> inclure le titre et la description des postes disponibles<\/li><\/ul><\/li><li>Le paiement complet est requis avant que l&#8217;annonce soit ajout\u00e9e au tableau d&#8217;affichage des offres d&#8217;emplois ou qu&#8217;elle soit diffus\u00e9e aux membres. Le paiement par carte de cr\u00e9dit est pr\u00e9f\u00e9rable (VISA ou MasterCard seulement).<\/li><li>Nous nous r\u00e9servons le droit de modifier\/corriger le texte concernant les titres de comp\u00e9tence d&#8217;\u00c9chographie Canada* (Veuillez consulter la remarque au bas de cette page).<\/li><li>Acheminez par courriel le formulaire rempli et le document Word \u00e0 <a href=\"mailto:info@sonographycanada.ca\">info@sonographycanada.ca<\/a>.<\/li><\/ul><p>Veuillez noter qu&#8217;une fois que tous les documents et le paiement ont \u00e9t\u00e9 re\u00e7us, il y aura un d\u00e9lai de 48 heures avant que votre offre d&#8217;emploi n&#8217;apparaisse sur le site Web et\/ou que la diffusion par courriel ne soit envoy\u00e9e aux membres. Nous vous remercions de votre adh\u00e9sion et de votre soutien continus.<\/p><hr class=\"wp-block-separator\"\/><div class=\"wp-block-columns has-2-columns is-layout-flex wp-container-core-columns-is-layout-1 wp-block-columns-is-layout-flex\"><div class=\"wp-block-column is-layout-flow wp-block-column-is-layout-flow\"><h2 class=\"wp-block-heading\" id=\"mce_3\"><strong>Offre d\u2019emploi standard<\/strong><\/h2>\n\n<p><strong>400 $<\/strong><\/p><\/div>\n\n<div class=\"wp-block-column is-layout-flow wp-block-column-is-layout-flow\"><p>Les offres d&#8217;emploi standards demeurent en ligne pour 60 jours et apparaissent dans les r\u00e9sultats de recherche d\u2019emploi. Leur position est d\u00e9termin\u00e9e en fonction de la recherche effectu\u00e9e (par ex. seulement l&#8217;emplacement) ou selon la date d&#8217;affichage.<\/p>\n\n<p><a href=\"https:\/\/sonographycanada.ca\/app\/uploads\/2023\/01\/FILL-Standard-Job-Board-Posting-App-Jan-2023-FR-version.pdf\" target=\"_blank\" rel=\"noreferrer noopener\">Acheter maintenant<\/a><\/p><\/div><\/div><hr class=\"wp-block-separator\"\/><div class=\"wp-block-columns has-2-columns is-layout-flex wp-container-core-columns-is-layout-2 wp-block-columns-is-layout-flex\"><div class=\"wp-block-column is-layout-flow wp-block-column-is-layout-flow\"><h2 class=\"wp-block-heading\">Diffusion par courriel <strong>standard aux membres d\u2019\u00c9chographie Canada<\/strong><\/h2>\n\n<p><strong>500 $<\/strong><\/p><\/div>\n\n<div class=\"wp-block-column is-layout-flow wp-block-column-is-layout-flow\"><p>Les offres d&#8217;emploi sont distribu\u00e9s directement aux membres d\u2019\u00c9chographie Canada par courrier \u00e9lectronique. Votre offre d\u2019emploi appara\u00eet dans leur bo\u00eete de r\u00e9ception. <\/p>\n\n<p><a href=\"https:\/\/sonographycanada.ca\/app\/uploads\/2023\/01\/FILL-Standard-E-Blast-App-Jan-2023-FR-version.pdf\" target=\"_blank\" rel=\"noreferrer noopener\">Acheter maintenant <\/a><\/p><\/div><\/div><hr class=\"wp-block-separator\"\/><div class=\"wp-block-columns has-2-columns is-layout-flex wp-container-core-columns-is-layout-3 wp-block-columns-is-layout-flex\"><div class=\"wp-block-column is-layout-flow wp-block-column-is-layout-flow\"><h2 class=\"wp-block-heading\"><strong>Prime :&nbsp; Offre d\u2019emploi et diffusion par courriel<\/strong><\/h2>\n\n<p><strong>800 $<\/strong><\/p><\/div>\n\n<div class=\"wp-block-column is-layout-flow wp-block-column-is-layout-flow\"><p>La port\u00e9e maximale. Les offres d&#8217;emploi demeurent en ligne pour 60 jours et apparaissent dans les r\u00e9sultats de recherche d\u2019emploi. Votre offre d\u2019emploi est \u00e9galement envoy\u00e9 directement aux membres d\u2019\u00c9chographie Canada par courrier \u00e9lectronique. <\/p>\n\n<p><a href=\"https:\/\/sonographycanada.ca\/app\/uploads\/2023\/01\/FILL-Premium-Job-Posting-and-E-Blast-App-Mar-2021-FR.pdf\" target=\"_blank\" rel=\"noreferrer noopener\">Acheter maintenant <\/a><\/p><\/div><\/div><hr class=\"wp-block-separator\"\/><h2 class=\"wp-block-heading\">*REMARQUE :<\/h2><p>\u00c0 titre d\u2019organisme national agissant au nom des \u00e9chographistes partout au pays, \u00c9chographie Canada croit fermement qu\u2019il est dans l\u2019int\u00e9r\u00eat de la profession et&nbsp;du syst\u00e8me canadien des soins de la sant\u00e9 que la nomenclature utilis\u00e9e pour d\u00e9crire la profession et ses praticiens soit appliqu\u00e9e uniform\u00e9ment afin que toutes les parties prenantes,&nbsp;en allant des \u00e9tudiants potentiels aux \u00e9ducateurs, aux praticiens, aux organismes de r\u00e9glementation et d\u2019autres \u00e0 travers le syst\u00e8me de sant\u00e9, aient une compr\u00e9hension communue d&#8217;une r\u00e9f\u00e9rence \u00e0 la profession.&nbsp; Ainsi, nous encourageons l\u2019utilisation de la terminologie\u00ab <strong>\u00e9chographie m\u00e9dicale diagnostique<\/strong>&nbsp;\u00bb ou \u00ab&nbsp;<strong>\u00e9chographie<\/strong>&nbsp;\u00bb pour d\u00e9crire la profession et \u00ab&nbsp;<strong>\u00e9chographiste m\u00e9dical diagnostique<\/strong>&nbsp;\u00bb ou \u00ab&nbsp;<strong>\u00e9chographiste<\/strong> \u00bb pour d\u00e9crire le praticien.<\/p>","protected":false},"excerpt":{"rendered":"<p>\u00c9chographie Canada est vou\u00e9 \u00e0 la promotion et \u00e0 l&#8217;avancement de la profession de l\u2019\u00e9chographie en aidant les employeurs \u00e0 trouver des \u00e9chographistes qualifi\u00e9s pour oeuvrer au sein de leurs organisations.&nbsp; Trouvez le candidat id\u00e9al avec l&#8217;affichage d&#8217;une offre d\u2019emploi partag\u00e9e avec nos membres situ\u00e9s partout au Canada et \u00e0 l&#8217;\u00e9tranger. Nos cat\u00e9gories de membres [&hellip;]<\/p>\n","protected":false},"author":1,"featured_media":0,"parent":559,"menu_order":601020,"comment_status":"closed","ping_status":"closed","template":"","meta":{"_acf_changed":false,"advgb_blocks_editor_width":"","advgb_blocks_columns_visual_guide":"","wicket_organization":"","_seat_count":"","_member_id":[],"_edit_last":"6718","_start_date":"","_end_date":"","footnotes":""},"class_list":["post-2106","page","type-page","status-publish","hentry"],"acf":[],"yoast_head":"<!-- This site is optimized with the Yoast SEO plugin v23.5 - https:\/\/yoast.com\/wordpress\/plugins\/seo\/ -->\n<title>Tableau d&#039;affichage des offres d&#039;emploi et diffusions par courriel - \u00c9chographie Canada<\/title>\n<meta name=\"robots\" content=\"index, follow, max-snippet:-1, max-image-preview:large, max-video-preview:-1\" \/>\n<link rel=\"canonical\" href=\"https:\/\/sonographycanada.ca\/fr\/ressources\/emplois\/publier-offre-emploi\" \/>\n<meta property=\"og:locale\" content=\"fr_FR\" \/>\n<meta property=\"og:type\" content=\"article\" \/>\n<meta property=\"og:title\" content=\"Tableau d&#039;affichage des offres d&#039;emploi et diffusions par courriel - \u00c9chographie Canada\" \/>\n<meta property=\"og:description\" content=\"\u00c9chographie Canada est vou\u00e9 \u00e0 la promotion et \u00e0 l&#8217;avancement de la profession de l\u2019\u00e9chographie en aidant les employeurs \u00e0 trouver des \u00e9chographistes qualifi\u00e9s pour oeuvrer au sein de leurs organisations.&nbsp; Trouvez le candidat id\u00e9al avec l&#8217;affichage d&#8217;une offre d\u2019emploi partag\u00e9e avec nos membres situ\u00e9s partout au Canada et \u00e0 l&#8217;\u00e9tranger. Nos cat\u00e9gories de membres [&hellip;]\" \/>\n<meta property=\"og:url\" content=\"https:\/\/sonographycanada.ca\/fr\/ressources\/emplois\/publier-offre-emploi\" \/>\n<meta property=\"og:site_name\" content=\"\u00c9chographie Canada\" \/>\n<meta property=\"article:modified_time\" content=\"2023-01-31T16:40:22+00:00\" \/>\n<meta name=\"twitter:card\" content=\"summary_large_image\" \/>\n<meta name=\"twitter:label1\" content=\"Est. reading time\" \/>\n\t<meta name=\"twitter:data1\" content=\"3 minutes\" \/>\n<script type=\"application\/ld+json\" class=\"yoast-schema-graph\">{\"@context\":\"https:\/\/schema.org\",\"@graph\":[{\"@type\":\"WebPage\",\"@id\":\"https:\/\/sonographycanada.ca\/fr\/ressources\/emplois\/publier-offre-emploi\",\"url\":\"https:\/\/sonographycanada.ca\/fr\/ressources\/emplois\/publier-offre-emploi\",\"name\":\"Tableau d'affichage des offres d'emploi et diffusions par courriel - \u00c9chographie Canada\",\"isPartOf\":{\"@id\":\"https:\/\/sonographycanada.ca\/#website\"},\"datePublished\":\"2019-03-14T13:00:47+00:00\",\"dateModified\":\"2023-01-31T16:40:22+00:00\",\"breadcrumb\":{\"@id\":\"https:\/\/sonographycanada.ca\/fr\/ressources\/emplois\/publier-offre-emploi#breadcrumb\"},\"inLanguage\":\"fr-FR\",\"potentialAction\":[{\"@type\":\"ReadAction\",\"target\":[\"https:\/\/sonographycanada.ca\/fr\/ressources\/emplois\/publier-offre-emploi\"]}]},{\"@type\":\"BreadcrumbList\",\"@id\":\"https:\/\/sonographycanada.ca\/fr\/ressources\/emplois\/publier-offre-emploi#breadcrumb\",\"itemListElement\":[{\"@type\":\"ListItem\",\"position\":1,\"name\":\"Accueil\",\"item\":\"https:\/\/sonographycanada.ca\/fr\"},{\"@type\":\"ListItem\",\"position\":2,\"name\":\"Ressources\",\"item\":\"https:\/\/sonographycanada.ca\/fr\/ressources\"},{\"@type\":\"ListItem\",\"position\":3,\"name\":\"Emplois\",\"item\":\"https:\/\/sonographycanada.ca\/fr\/ressources\/emplois\"},{\"@type\":\"ListItem\",\"position\":4,\"name\":\"Tableau d&#8217;affichage des offres d&#8217;emploi et diffusions par courriel\"}]},{\"@type\":\"WebSite\",\"@id\":\"https:\/\/sonographycanada.ca\/#website\",\"url\":\"https:\/\/sonographycanada.ca\/\",\"name\":\"\u00c9chographie Canada\",\"description\":\"La voix des \u00e9chographistes m\u00e9dicaux diagnostiques au Canada\",\"potentialAction\":[{\"@type\":\"SearchAction\",\"target\":{\"@type\":\"EntryPoint\",\"urlTemplate\":\"https:\/\/sonographycanada.ca\/?s={search_term_string}\"},\"query-input\":{\"@type\":\"PropertyValueSpecification\",\"valueRequired\":true,\"valueName\":\"search_term_string\"}}],\"inLanguage\":\"fr-FR\"}]}<\/script>\n<!-- \/ Yoast SEO plugin. -->","yoast_head_json":{"title":"Tableau d'affichage des offres d'emploi et diffusions par courriel - \u00c9chographie Canada","robots":{"index":"index","follow":"follow","max-snippet":"max-snippet:-1","max-image-preview":"max-image-preview:large","max-video-preview":"max-video-preview:-1"},"canonical":"https:\/\/sonographycanada.ca\/fr\/ressources\/emplois\/publier-offre-emploi","og_locale":"fr_FR","og_type":"article","og_title":"Tableau d'affichage des offres d'emploi et diffusions par courriel - \u00c9chographie Canada","og_description":"\u00c9chographie Canada est vou\u00e9 \u00e0 la promotion et \u00e0 l&#8217;avancement de la profession de l\u2019\u00e9chographie en aidant les employeurs \u00e0 trouver des \u00e9chographistes qualifi\u00e9s pour oeuvrer au sein de leurs organisations.&nbsp; Trouvez le candidat id\u00e9al avec l&#8217;affichage d&#8217;une offre d\u2019emploi partag\u00e9e avec nos membres situ\u00e9s partout au Canada et \u00e0 l&#8217;\u00e9tranger. Nos cat\u00e9gories de membres [&hellip;]","og_url":"https:\/\/sonographycanada.ca\/fr\/ressources\/emplois\/publier-offre-emploi","og_site_name":"\u00c9chographie Canada","article_modified_time":"2023-01-31T16:40:22+00:00","twitter_card":"summary_large_image","twitter_misc":{"Est. reading time":"3 minutes"},"schema":{"@context":"https:\/\/schema.org","@graph":[{"@type":"WebPage","@id":"https:\/\/sonographycanada.ca\/fr\/ressources\/emplois\/publier-offre-emploi","url":"https:\/\/sonographycanada.ca\/fr\/ressources\/emplois\/publier-offre-emploi","name":"Tableau d'affichage des offres d'emploi et diffusions par courriel - \u00c9chographie Canada","isPartOf":{"@id":"https:\/\/sonographycanada.ca\/#website"},"datePublished":"2019-03-14T13:00:47+00:00","dateModified":"2023-01-31T16:40:22+00:00","breadcrumb":{"@id":"https:\/\/sonographycanada.ca\/fr\/ressources\/emplois\/publier-offre-emploi#breadcrumb"},"inLanguage":"fr-FR","potentialAction":[{"@type":"ReadAction","target":["https:\/\/sonographycanada.ca\/fr\/ressources\/emplois\/publier-offre-emploi"]}]},{"@type":"BreadcrumbList","@id":"https:\/\/sonographycanada.ca\/fr\/ressources\/emplois\/publier-offre-emploi#breadcrumb","itemListElement":[{"@type":"ListItem","position":1,"name":"Accueil","item":"https:\/\/sonographycanada.ca\/fr"},{"@type":"ListItem","position":2,"name":"Ressources","item":"https:\/\/sonographycanada.ca\/fr\/ressources"},{"@type":"ListItem","position":3,"name":"Emplois","item":"https:\/\/sonographycanada.ca\/fr\/ressources\/emplois"},{"@type":"ListItem","position":4,"name":"Tableau d&#8217;affichage des offres d&#8217;emploi et diffusions par courriel"}]},{"@type":"WebSite","@id":"https:\/\/sonographycanada.ca\/#website","url":"https:\/\/sonographycanada.ca\/","name":"\u00c9chographie Canada","description":"La voix des \u00e9chographistes m\u00e9dicaux diagnostiques au Canada","potentialAction":[{"@type":"SearchAction","target":{"@type":"EntryPoint","urlTemplate":"https:\/\/sonographycanada.ca\/?s={search_term_string}"},"query-input":{"@type":"PropertyValueSpecification","valueRequired":true,"valueName":"search_term_string"}}],"inLanguage":"fr-FR"}]}},"coauthors":[],"author_meta":{"author_link":"https:\/\/sonographycanada.ca\/fr\/author\/admin","display_name":"Kevin Andrews"},"relative_dates":{"created":"Publi\u00e9 7 years il y a","modified":"Mis \u00e0 jour 3 years il y a"},"absolute_dates":{"created":"Publi\u00e9 le mars 14, 2019","modified":"Mise \u00e0 jour le janvier 31, 2023"},"absolute_dates_time":{"created":"Publi\u00e9 le mars 14, 2019 1:00 pm","modified":"Mise \u00e0 jour le janvier 31, 2023 11:40 am"},"featured_img_caption":"","featured_img":false,"series_order":"","_links":{"self":[{"href":"https:\/\/sonographycanada.ca\/fr\/wp-json\/wp\/v2\/pages\/2106"}],"collection":[{"href":"https:\/\/sonographycanada.ca\/fr\/wp-json\/wp\/v2\/pages"}],"about":[{"href":"https:\/\/sonographycanada.ca\/fr\/wp-json\/wp\/v2\/types\/page"}],"author":[{"embeddable":true,"href":"https:\/\/sonographycanada.ca\/fr\/wp-json\/wp\/v2\/users\/1"}],"replies":[{"embeddable":true,"href":"https:\/\/sonographycanada.ca\/fr\/wp-json\/wp\/v2\/comments?post=2106"}],"version-history":[{"count":18,"href":"https:\/\/sonographycanada.ca\/fr\/wp-json\/wp\/v2\/pages\/2106\/revisions"}],"predecessor-version":[{"id":165046,"href":"https:\/\/sonographycanada.ca\/fr\/wp-json\/wp\/v2\/pages\/2106\/revisions\/165046"}],"up":[{"embeddable":true,"href":"https:\/\/sonographycanada.ca\/fr\/wp-json\/wp\/v2\/pages\/559"}],"wp:attachment":[{"href":"https:\/\/sonographycanada.ca\/fr\/wp-json\/wp\/v2\/media?parent=2106"}],"curies":[{"name":"wp","href":"https:\/\/api.w.org\/{rel}","templated":true}]}}