{"id":22184,"date":"2020-04-02T16:39:47","date_gmt":"2020-04-02T16:39:47","guid":{"rendered":"https:\/\/sonographycanada.ca\/?page_id=22184"},"modified":"2021-11-19T15:21:08","modified_gmt":"2021-11-19T15:21:08","slug":"categories-de-membres","status":"publish","type":"page","link":"https:\/\/sonographycanada.ca\/fr\/adhesion\/categories-de-membres","title":{"rendered":"Cat\u00e9gories de membres"},"content":{"rendered":"<figure class=\"wp-block-embed-vimeo wp-block-embed is-type-video is-provider-vimeo wp-embed-aspect-16-9 wp-has-aspect-ratio\"><div class=\"wp-block-embed__wrapper\">\n<iframe loading=\"lazy\" title=\"Sonography Canada membership changes FR\" src=\"https:\/\/player.vimeo.com\/video\/405168083?dnt=1&amp;app_id=122963\" width=\"500\" height=\"281\" frameborder=\"0\" allow=\"autoplay; fullscreen; picture-in-picture; clipboard-write\"><\/iframe>\n<\/div><\/figure><p>Afin de s\u2019adapter \u00e0 l\u2019\u00e9volution de la profession de l\u2019\u00e9chographie et du syst\u00e8me des soins de la sant\u00e9 au Canada, le mod\u00e8le d\u2019adh\u00e9sion d\u2019\u00c9chographie Canada a chang\u00e9 en 2020. Cliquez sur la fen\u00eatre vid\u00e9o ci-haut pour visionner une courte vid\u00e9o d&#8217;une dur\u00e9e d&#8217;environ une minute qui vous offre un survol rapide de la nouvelle structure d&#8217;adh\u00e9sion.<\/p><p>Pour en apprendre davantage sur chacune des cat\u00e9gories d\u2019adh\u00e9sion, sur la cat\u00e9gorie qui s\u2019applique \u00e0 vous, sur les cotisations et sur la d\u00e9marche pour compl\u00e9ter l\u2019achat ou le renouvellement d\u2019une adh\u00e9sion, cliquez sur les liens ci-bas&nbsp;:&nbsp; <\/p><ul class=\"wp-block-list\"><li><a href=\"https:\/\/sonographycanada.ca\/fr\/membres-actifs\">Membre actif<\/a><\/li><li><a href=\"https:\/\/sonographycanada.ca\/fr\/membre-praticien-non-accredite\">Membre praticien non-accr\u00e9dit\u00e9<\/a><\/li><li><a href=\"https:\/\/sonographycanada.ca\/fr\/membre-etudiant\">Membre \u00e9tudiant<\/a><\/li><li><a href=\"https:\/\/sonographycanada.ca\/fr\/nouveau-diplome-sera-lance-en-2021\">Nouveau dipl\u00f4m\u00e9<\/a> (sera lanc\u00e9 en 2021)<\/li><li><a href=\"https:\/\/sonographycanada.ca\/fr\/membre-praticien-inactif\">Membre praticien inactif<\/a><\/li><li><a href=\"https:\/\/sonographycanada.ca\/fr\/membre-professionnel-des-soins-de-sante-allie\">Membre professionnel des soins de sant\u00e9 alli\u00e9<\/a><\/li><li><a href=\"https:\/\/sonographycanada.ca\/fr\/membre-regional\">Membre r\u00e9gional<\/a><\/li><li><a href=\"https:\/\/sonographycanada.ca\/fr\/membre-corporatif\">Membre corporatif<\/a><\/li><\/ul><hr style=\"margin-top:65px;margin-bottom:65px\" class=\"wp-block-separator\"><h3 class=\"wp-block-heading\"><strong>FOIRE AUX QUESTIONS<\/strong><\/h3><p>Si vous avez encore des questions au sujet de la structure d\u2019adh\u00e9sion d\u2019\u00c9chographie Canada, veuillez consulter <a href=\"https:\/\/sonographycanada.ca\/app\/uploads\/2019\/12\/FAQ-Mod%C3%A8le-dadh%C3%A9sion-R%C3%A9pondre-aux-pr%C3%A9occupations.pdf\" target=\"_blank\" rel=\"noreferrer noopener\" aria-label=\" (opens in a new tab)\">la foire aux questions (PDF)<\/a> qui a \u00e9t\u00e9 cr\u00e9\u00e9e conjointement avec le vote des membres qui a approuv\u00e9 les changements en d\u00e9cembre 2019.<\/p><hr style=\"margin-top:65px;margin-bottom:65px\" class=\"wp-block-separator\"><h3 class=\"wp-block-heading\"> <strong>WEBINAIRE<\/strong><\/h3><p style=\"margin-bottom:65px\"> Si vous avez manqu\u00e9 le webinaire (en anglais) qui offrait un compte rendu d\u00e9taill\u00e9 des changements, vous pouvez <strong><a href=\"https:\/\/vimeo.com\/374263388\/8733fadc6f\" target=\"_blank\" rel=\"noopener noreferrer\">visionner l\u2019enregistrement de la session.<\/a><\/strong><\/p><p><em>Page r\u00e9vis\u00e9e le 19 novembre 2021<\/em><\/p>","protected":false},"excerpt":{"rendered":"<p>Afin de s\u2019adapter \u00e0 l\u2019\u00e9volution de la profession de l\u2019\u00e9chographie et du syst\u00e8me des soins de la sant\u00e9 au Canada, le mod\u00e8le d\u2019adh\u00e9sion d\u2019\u00c9chographie Canada a chang\u00e9 en 2020. Cliquez sur la fen\u00eatre vid\u00e9o ci-haut pour visionner une courte vid\u00e9o d&#8217;une dur\u00e9e d&#8217;environ une minute qui vous offre un survol rapide de la nouvelle structure [&hellip;]<\/p>\n","protected":false},"author":6718,"featured_media":22874,"parent":516,"menu_order":8,"comment_status":"closed","ping_status":"closed","template":"","meta":{"_acf_changed":false,"advgb_blocks_editor_width":"","advgb_blocks_columns_visual_guide":"","wicket_organization":"","_seat_count":"","_member_id":[],"_edit_last":"1307","_start_date":"","_end_date":"","footnotes":""},"class_list":["post-22184","page","type-page","status-publish","has-post-thumbnail","hentry"],"acf":[],"yoast_head":"<!-- This site is optimized with the Yoast SEO plugin v23.5 - https:\/\/yoast.com\/wordpress\/plugins\/seo\/ -->\n<title>Cat\u00e9gories de membres - \u00c9chographie Canada<\/title>\n<meta name=\"robots\" content=\"index, follow, max-snippet:-1, max-image-preview:large, max-video-preview:-1\" \/>\n<link rel=\"canonical\" href=\"https:\/\/sonographycanada.ca\/fr\/adhesion\/categories-de-membres\" \/>\n<meta property=\"og:locale\" content=\"fr_FR\" \/>\n<meta property=\"og:type\" content=\"article\" \/>\n<meta property=\"og:title\" content=\"Cat\u00e9gories de membres - \u00c9chographie Canada\" \/>\n<meta property=\"og:description\" content=\"Afin de s\u2019adapter \u00e0 l\u2019\u00e9volution de la profession de l\u2019\u00e9chographie et du syst\u00e8me des soins de la sant\u00e9 au Canada, le mod\u00e8le d\u2019adh\u00e9sion d\u2019\u00c9chographie Canada a chang\u00e9 en 2020. Cliquez sur la fen\u00eatre vid\u00e9o ci-haut pour visionner une courte vid\u00e9o d&#8217;une dur\u00e9e d&#8217;environ une minute qui vous offre un survol rapide de la nouvelle structure [&hellip;]\" \/>\n<meta property=\"og:url\" content=\"https:\/\/sonographycanada.ca\/fr\/adhesion\/categories-de-membres\" \/>\n<meta property=\"og:site_name\" content=\"\u00c9chographie Canada\" \/>\n<meta property=\"article:modified_time\" content=\"2021-11-19T15:21:08+00:00\" \/>\n<meta property=\"og:image\" content=\"https:\/\/sonographycanada.ca\/app\/uploads\/2020\/04\/renewal-notice_FR.jpg\" \/>\n\t<meta property=\"og:image:width\" content=\"390\" \/>\n\t<meta property=\"og:image:height\" content=\"172\" \/>\n\t<meta property=\"og:image:type\" content=\"image\/jpeg\" \/>\n<meta name=\"twitter:card\" content=\"summary_large_image\" \/>\n<meta name=\"twitter:label1\" content=\"Est. reading time\" \/>\n\t<meta name=\"twitter:data1\" content=\"1 minute\" \/>\n<script type=\"application\/ld+json\" class=\"yoast-schema-graph\">{\"@context\":\"https:\/\/schema.org\",\"@graph\":[{\"@type\":\"WebPage\",\"@id\":\"https:\/\/sonographycanada.ca\/fr\/adhesion\/categories-de-membres\",\"url\":\"https:\/\/sonographycanada.ca\/fr\/adhesion\/categories-de-membres\",\"name\":\"Cat\u00e9gories de membres - \u00c9chographie Canada\",\"isPartOf\":{\"@id\":\"https:\/\/sonographycanada.ca\/#website\"},\"primaryImageOfPage\":{\"@id\":\"https:\/\/sonographycanada.ca\/fr\/adhesion\/categories-de-membres#primaryimage\"},\"image\":{\"@id\":\"https:\/\/sonographycanada.ca\/fr\/adhesion\/categories-de-membres#primaryimage\"},\"thumbnailUrl\":\"https:\/\/sonographycanada.ca\/app\/uploads\/2020\/04\/renewal-notice_FR.jpg\",\"datePublished\":\"2020-04-02T16:39:47+00:00\",\"dateModified\":\"2021-11-19T15:21:08+00:00\",\"breadcrumb\":{\"@id\":\"https:\/\/sonographycanada.ca\/fr\/adhesion\/categories-de-membres#breadcrumb\"},\"inLanguage\":\"fr-FR\",\"potentialAction\":[{\"@type\":\"ReadAction\",\"target\":[\"https:\/\/sonographycanada.ca\/fr\/adhesion\/categories-de-membres\"]}]},{\"@type\":\"ImageObject\",\"inLanguage\":\"fr-FR\",\"@id\":\"https:\/\/sonographycanada.ca\/fr\/adhesion\/categories-de-membres#primaryimage\",\"url\":\"https:\/\/sonographycanada.ca\/app\/uploads\/2020\/04\/renewal-notice_FR.jpg\",\"contentUrl\":\"https:\/\/sonographycanada.ca\/app\/uploads\/2020\/04\/renewal-notice_FR.jpg\",\"width\":390,\"height\":172},{\"@type\":\"BreadcrumbList\",\"@id\":\"https:\/\/sonographycanada.ca\/fr\/adhesion\/categories-de-membres#breadcrumb\",\"itemListElement\":[{\"@type\":\"ListItem\",\"position\":1,\"name\":\"Accueil\",\"item\":\"https:\/\/sonographycanada.ca\/fr\"},{\"@type\":\"ListItem\",\"position\":2,\"name\":\"Adh\u00e9sion\",\"item\":\"https:\/\/sonographycanada.ca\/fr\/adhesion\"},{\"@type\":\"ListItem\",\"position\":3,\"name\":\"Cat\u00e9gories de membres\"}]},{\"@type\":\"WebSite\",\"@id\":\"https:\/\/sonographycanada.ca\/#website\",\"url\":\"https:\/\/sonographycanada.ca\/\",\"name\":\"\u00c9chographie Canada\",\"description\":\"La voix des \u00e9chographistes m\u00e9dicaux diagnostiques au Canada\",\"potentialAction\":[{\"@type\":\"SearchAction\",\"target\":{\"@type\":\"EntryPoint\",\"urlTemplate\":\"https:\/\/sonographycanada.ca\/?s={search_term_string}\"},\"query-input\":{\"@type\":\"PropertyValueSpecification\",\"valueRequired\":true,\"valueName\":\"search_term_string\"}}],\"inLanguage\":\"fr-FR\"}]}<\/script>\n<!-- \/ Yoast SEO plugin. -->","yoast_head_json":{"title":"Cat\u00e9gories de membres - \u00c9chographie Canada","robots":{"index":"index","follow":"follow","max-snippet":"max-snippet:-1","max-image-preview":"max-image-preview:large","max-video-preview":"max-video-preview:-1"},"canonical":"https:\/\/sonographycanada.ca\/fr\/adhesion\/categories-de-membres","og_locale":"fr_FR","og_type":"article","og_title":"Cat\u00e9gories de membres - \u00c9chographie Canada","og_description":"Afin de s\u2019adapter \u00e0 l\u2019\u00e9volution de la profession de l\u2019\u00e9chographie et du syst\u00e8me des soins de la sant\u00e9 au Canada, le mod\u00e8le d\u2019adh\u00e9sion d\u2019\u00c9chographie Canada a chang\u00e9 en 2020. Cliquez sur la fen\u00eatre vid\u00e9o ci-haut pour visionner une courte vid\u00e9o d&#8217;une dur\u00e9e d&#8217;environ une minute qui vous offre un survol rapide de la nouvelle structure [&hellip;]","og_url":"https:\/\/sonographycanada.ca\/fr\/adhesion\/categories-de-membres","og_site_name":"\u00c9chographie Canada","article_modified_time":"2021-11-19T15:21:08+00:00","og_image":[{"width":390,"height":172,"url":"https:\/\/sonographycanada.ca\/app\/uploads\/2020\/04\/renewal-notice_FR.jpg","type":"image\/jpeg"}],"twitter_card":"summary_large_image","twitter_misc":{"Est. reading time":"1 minute"},"schema":{"@context":"https:\/\/schema.org","@graph":[{"@type":"WebPage","@id":"https:\/\/sonographycanada.ca\/fr\/adhesion\/categories-de-membres","url":"https:\/\/sonographycanada.ca\/fr\/adhesion\/categories-de-membres","name":"Cat\u00e9gories de membres - \u00c9chographie Canada","isPartOf":{"@id":"https:\/\/sonographycanada.ca\/#website"},"primaryImageOfPage":{"@id":"https:\/\/sonographycanada.ca\/fr\/adhesion\/categories-de-membres#primaryimage"},"image":{"@id":"https:\/\/sonographycanada.ca\/fr\/adhesion\/categories-de-membres#primaryimage"},"thumbnailUrl":"https:\/\/sonographycanada.ca\/app\/uploads\/2020\/04\/renewal-notice_FR.jpg","datePublished":"2020-04-02T16:39:47+00:00","dateModified":"2021-11-19T15:21:08+00:00","breadcrumb":{"@id":"https:\/\/sonographycanada.ca\/fr\/adhesion\/categories-de-membres#breadcrumb"},"inLanguage":"fr-FR","potentialAction":[{"@type":"ReadAction","target":["https:\/\/sonographycanada.ca\/fr\/adhesion\/categories-de-membres"]}]},{"@type":"ImageObject","inLanguage":"fr-FR","@id":"https:\/\/sonographycanada.ca\/fr\/adhesion\/categories-de-membres#primaryimage","url":"https:\/\/sonographycanada.ca\/app\/uploads\/2020\/04\/renewal-notice_FR.jpg","contentUrl":"https:\/\/sonographycanada.ca\/app\/uploads\/2020\/04\/renewal-notice_FR.jpg","width":390,"height":172},{"@type":"BreadcrumbList","@id":"https:\/\/sonographycanada.ca\/fr\/adhesion\/categories-de-membres#breadcrumb","itemListElement":[{"@type":"ListItem","position":1,"name":"Accueil","item":"https:\/\/sonographycanada.ca\/fr"},{"@type":"ListItem","position":2,"name":"Adh\u00e9sion","item":"https:\/\/sonographycanada.ca\/fr\/adhesion"},{"@type":"ListItem","position":3,"name":"Cat\u00e9gories de membres"}]},{"@type":"WebSite","@id":"https:\/\/sonographycanada.ca\/#website","url":"https:\/\/sonographycanada.ca\/","name":"\u00c9chographie Canada","description":"La voix des \u00e9chographistes m\u00e9dicaux diagnostiques au Canada","potentialAction":[{"@type":"SearchAction","target":{"@type":"EntryPoint","urlTemplate":"https:\/\/sonographycanada.ca\/?s={search_term_string}"},"query-input":{"@type":"PropertyValueSpecification","valueRequired":true,"valueName":"search_term_string"}}],"inLanguage":"fr-FR"}]}},"coauthors":[],"author_meta":{"author_link":"https:\/\/sonographycanada.ca\/fr\/author\/263a58fd-0292-4830-a513-b6bccee25d5d","display_name":"Riad Kadi"},"relative_dates":{"created":"Publi\u00e9 6 years il y a","modified":"Mis \u00e0 jour 4 years il y a"},"absolute_dates":{"created":"Publi\u00e9 le avril 2, 2020","modified":"Mise \u00e0 jour le novembre 19, 2021"},"absolute_dates_time":{"created":"Publi\u00e9 le avril 2, 2020 4:39 pm","modified":"Mise \u00e0 jour le novembre 19, 2021 3:21 pm"},"featured_img_caption":"","featured_img":"https:\/\/sonographycanada.ca\/app\/uploads\/2020\/04\/renewal-notice_FR.jpg","series_order":"","_links":{"self":[{"href":"https:\/\/sonographycanada.ca\/fr\/wp-json\/wp\/v2\/pages\/22184"}],"collection":[{"href":"https:\/\/sonographycanada.ca\/fr\/wp-json\/wp\/v2\/pages"}],"about":[{"href":"https:\/\/sonographycanada.ca\/fr\/wp-json\/wp\/v2\/types\/page"}],"author":[{"embeddable":true,"href":"https:\/\/sonographycanada.ca\/fr\/wp-json\/wp\/v2\/users\/6718"}],"replies":[{"embeddable":true,"href":"https:\/\/sonographycanada.ca\/fr\/wp-json\/wp\/v2\/comments?post=22184"}],"version-history":[{"count":9,"href":"https:\/\/sonographycanada.ca\/fr\/wp-json\/wp\/v2\/pages\/22184\/revisions"}],"predecessor-version":[{"id":139978,"href":"https:\/\/sonographycanada.ca\/fr\/wp-json\/wp\/v2\/pages\/22184\/revisions\/139978"}],"up":[{"embeddable":true,"href":"https:\/\/sonographycanada.ca\/fr\/wp-json\/wp\/v2\/pages\/516"}],"wp:featuredmedia":[{"embeddable":true,"href":"https:\/\/sonographycanada.ca\/fr\/wp-json\/wp\/v2\/media\/22874"}],"wp:attachment":[{"href":"https:\/\/sonographycanada.ca\/fr\/wp-json\/wp\/v2\/media?parent=22184"}],"curies":[{"name":"wp","href":"https:\/\/api.w.org\/{rel}","templated":true}]}}