{"id":22187,"date":"2020-04-02T16:50:10","date_gmt":"2020-04-02T16:50:10","guid":{"rendered":"https:\/\/sonographycanada.ca\/?page_id=22187"},"modified":"2020-04-03T09:41:32","modified_gmt":"2020-04-03T09:41:32","slug":"membres-actifs","status":"publish","type":"page","link":"https:\/\/sonographycanada.ca\/fr\/adhesion\/devenir-membre\/membres-actifs","title":{"rendered":"Membres actifs"},"content":{"rendered":"<p> Plut\u00f4t que d\u2019avoir deux cat\u00e9gories de membres actifs, nous n\u2019en avons maintenant qu\u2019une seule&nbsp;: <strong>Membres actifs<\/strong><\/p><h3 class=\"wp-block-heading\">Conditions<\/h3><p style=\"background-color:#E9EEF3; padding:25px\"> Des professionnels qui participent actuellement \u00e0 la pratique, \u00e0 l\u2019enseignement et\/ou \u00e0 l\u2019application des principes de l\u2019\u00e9chographie de diagnostic m\u00e9dical \u00e0 temps plein, \u00e0 temps partiel ou \u00e0 titre occasionnel, et les personnes en cong\u00e9 temporaire (p. ex. un cong\u00e9 de maternit\u00e9 ou un cong\u00e9 de maladie), qui d\u00e9tient un titre de comp\u00e9tence d\u2019\u00c9chographie Canada<\/p><p class=\"has-text-align-center has-medium-font-size\"><strong>ET\/OU<\/strong><\/p><p style=\"background-color:#E9EEF3; padding:25px\"> D\u00e9tient un titre de comp\u00e9tence d\u2019une autre organisation d\u2019accr\u00e9ditation accept\u00e9e par \u00c9chographie Canada<\/p><p class=\"has-text-align-center has-medium-font-size\"><strong>ET\/OU<\/strong><\/p><p style=\"background-color:#E9EEF3; padding:25px\"> Est enregistr\u00e9 aupr\u00e8s d\u2019un organisme de r\u00e9glementation en \u00e9chographie provincial.<\/p><p><strong>Les titres de comp\u00e9tence d\u2019\u00c9chographie Canada doivent \u00eatre m\u00e9rit\u00e9es en compl\u00e9tant l\u2019un des processus suivants&nbsp;:<\/strong><\/p><ol class=\"wp-block-list\"><li>Obtenir un\ndipl\u00f4me aupr\u00e8s d\u2019un programme de formation agr\u00e9\u00e9 et r\u00e9ussir \u00e0 un des examens\nd\u2019admission \u00e0 la profession d\u2019\u00c9chographie Canada.<\/li><li>Compl\u00e9ter la\nvoie alternative pour les candidats externes d\u2019\u00c9chographie Canada qui comprend\nla soumission d\u2019une demande, une \u00e9valuation par \u00c9chographie Canada et la\nr\u00e9ussite de l\u2019examen d\u2019admission \u00e0 la profession appropri\u00e9 ainsi que de\nl\u2019\u00c9valuation canadienne des comp\u00e9tences cliniques (\u00c9CCC<sup>MD<\/sup>). <\/li><\/ol><p style=\"background-color:#6DCFD1; padding:30px 70px 30px 70px;font-size:32px;text-align:center;font-weight:700; \">\u00catre membre actif ne veut PAS dire\nqu\u2019un individu s\u2019est m\u00e9rit\u00e9 des titres de comp\u00e9tence d\u2019\u00c9chographie Canada.\n<\/p><h3 class=\"wp-block-heading\">Droits et responsabilit\u00e9s<\/h3><p>Les membres actifs ont les droits et responsabilit\u00e9s suivants&nbsp;: <\/p><div class=\"grid grid--flex-md\" style=\"margin-bottom:60px\">\n<div class=\"grid__col--md-6\">\n<h4>Droits<\/h4>\n<hr class=\"wp-block-separator\">\n<p><strong>Peuvent<\/strong> ajouter les titres de comp\u00e9tence d\u2019\u00c9chographie Canada aupr\u00e8s de leur nom, et maintenir ces titres, s\u2019ils les d\u00e9tiennent.<\/p>\n<hr class=\"wp-block-separator\">\n<p><strong>Peuvent<\/strong> se procurer de l\u2019assurance responsabilit\u00e9 professionnelle (ARP) au tarif pr\u00e9f\u00e9rentiel d\u2019\u00c9chographie Canada.<\/p>\n<hr class=\"wp-block-separator\">\n<p><strong>Peuvent<\/strong> se porter b\u00e9n\u00e9vole pour devenir membre d\u2019un comit\u00e9 ou du conseil d\u2019administration s\u2019ils rencontrent les exigences particuli\u00e8res rattach\u00e9es au r\u00f4le en question. <\/p>\n<hr class=\"wp-block-separator\">\n<p><strong>Peuvent<\/strong> voter lors des \u00e9lections d\u2019\u00c9chographie Canada ainsi que sur les motions concernant la gouvernance.<\/p>\n<hr class=\"wp-block-separator\">\n<\/div>\n<div class=\"grid__col--md-6\" style=\"margin-bottom:30px;\">\n<h4>Responsabilit\u00e9s<\/h4>\n<hr class=\"wp-block-separator\">\n<p><strong>Si vous d\u00e9tenez des titres de comp\u00e9tence d\u2019\u00c9chographie Canada et que vous souhaitez maintenir ceux-ci, vous devez rencontrer les exigences en mati\u00e8re de d\u00e9veloppement professionnel continu (DPC) d\u2019\u00c9chographie Canada.<\/strong><\/p> \n\n<p>Veuillez noter que le processus de d\u00e9claration sera simplifi\u00e9 pour les membres actifs qui sont titulaires de titres de comp\u00e9tence d\u2019\u00c9chographie Canada* et qui sont enregistr\u00e9s aupr\u00e8s du CMRITO et\/ou qui d\u00e9tiennent des titres de comp\u00e9tences aupr\u00e8s de l\u2019ARDMS. <\/p>\n\n<p>\u00c9tant donn\u00e9 les exigences en mati\u00e8re de DPC rattach\u00e9es au maintien\/renouvellement de leur adh\u00e9sion aupr\u00e8s de ces agences d\u2019accr\u00e9ditation ou de r\u00e9glementation, \u00c9chographie Canada permettra \u00e0 ces membres de soumettre une preuve qu\u2019ils sont membre en r\u00e8gle aupr\u00e8s de ces agences plut\u00f4t que d\u2019exiger la soumission de certificats de DPC.<\/p>\n\n<p>Si le nombre de cr\u00e9dits de DPC est de moins que les quarante (40) cr\u00e9dits exig\u00e9s pour le triennat de DPC d\u2019\u00c9chographie Canada, les membres actifs seront tenus d\u2019obtenir les encours de cr\u00e9dits.<\/p>\n<hr class=\"wp-block-separator\">\n<\/div>\n<\/div><p><strong>Les cartes d\u2019adh\u00e9sion accord\u00e9es aux membres actifs qui d\u00e9tiennent des titres de comp\u00e9tence d\u2019\u00c9chographie Canada indiqueront \u00ab Titres de comp\u00e9tence canadiens \u00bb suivi des titres de comp\u00e9tence particuliers dont le membre est titulaire : CRGS\u00ae, CRCS\u00ae, CRVS\u00ae, et\/ou CRS\u00ae.<\/strong><\/p><div class=\"wp-block-image\"><figure class=\"aligncenter size-large\"><img loading=\"lazy\" decoding=\"async\" width=\"975\" height=\"340\" src=\"https:\/\/sonographycanada.ca\/app\/uploads\/2020\/03\/active.jpg\" alt=\"Sonography Canada Active membership card sample\" class=\"wp-image-21569\" srcset=\"https:\/\/sonographycanada.ca\/app\/uploads\/2020\/03\/active.jpg 975w, https:\/\/sonographycanada.ca\/app\/uploads\/2020\/03\/active-600x209.jpg 600w, https:\/\/sonographycanada.ca\/app\/uploads\/2020\/03\/active-300x105.jpg 300w, https:\/\/sonographycanada.ca\/app\/uploads\/2020\/03\/active-768x268.jpg 768w, https:\/\/sonographycanada.ca\/app\/uploads\/2020\/03\/active-390x136.jpg 390w\" sizes=\"(max-width: 975px) 100vw, 975px\" \/><\/figure><\/div><p>*Si vous \u00eates titulaire de titres de comp\u00e9tence aupr\u00e8s d\u2019une autre organisation d\u2019accr\u00e9ditation approuv\u00e9e seulement ET\/OU que vous \u00eates enregistr\u00e9 aupr\u00e8s d\u2019un organisme de r\u00e9glementation provincial sans d\u00e9tenir des titres de comp\u00e9tence d\u2019\u00c9chographie Canada, vous n\u2019\u00eates <strong>pas<\/strong> tenus de rencontrer les exigences en mati\u00e8re de DPC d\u2019\u00c9chographie Canada. \u00c9tant donn\u00e9 les exigences en mati\u00e8re de DPC rattach\u00e9es au maintien\/renouvellement des adh\u00e9sions aupr\u00e8s des agences d\u2019accr\u00e9ditation ou de r\u00e9glementation, vous aurez d\u00e9montrez votre engagement au d\u00e9veloppement professionnel continu aupr\u00e8s de cet autre organisation. <\/p><p><strong>Les cartes d\u2019adh\u00e9sion accord\u00e9es aux membres actifs qui n\u2019ont pas de titres de comp\u00e9tence d\u2019\u00c9chographie Canada indiqueront \u00ab Aucun titre de comp\u00e9tence canadien \u00bb.<\/strong><\/p><div class=\"wp-block-image\"><figure class=\"aligncenter size-large\"><img loading=\"lazy\" decoding=\"async\" width=\"1024\" height=\"357\" src=\"https:\/\/sonographycanada.ca\/app\/uploads\/2020\/03\/membership_card_M228900493-1024x357.jpg\" alt=\"\" class=\"wp-image-21591\" srcset=\"https:\/\/sonographycanada.ca\/app\/uploads\/2020\/03\/membership_card_M228900493-1024x357.jpg 1024w, https:\/\/sonographycanada.ca\/app\/uploads\/2020\/03\/membership_card_M228900493-600x209.jpg 600w, https:\/\/sonographycanada.ca\/app\/uploads\/2020\/03\/membership_card_M228900493-300x105.jpg 300w, https:\/\/sonographycanada.ca\/app\/uploads\/2020\/03\/membership_card_M228900493-768x268.jpg 768w, https:\/\/sonographycanada.ca\/app\/uploads\/2020\/03\/membership_card_M228900493-1536x536.jpg 1536w, https:\/\/sonographycanada.ca\/app\/uploads\/2020\/03\/membership_card_M228900493-2048x714.jpg 2048w, https:\/\/sonographycanada.ca\/app\/uploads\/2020\/03\/membership_card_M228900493-390x136.jpg 390w\" sizes=\"(max-width: 1024px) 100vw, 1024px\" \/><\/figure><\/div><hr class=\"wp-block-separator\" style=\"margin-top:45px\"><p><strong>Cotisation pour les membres actifs&nbsp;: $175<\/strong><br><strong>P\u00e9riode d\u2019adh\u00e9sion&nbsp;: du 1 mai au 30 avril<\/strong><\/p><p style=\"margin-bottom:10px\">Pour renouveler votre adh\u00e9sion, veuillez acc\u00e9der \u00e0 votre profil\/compte de membre maintenant :<\/p><a style=\"margin-bottom:35px\" class=\"button button--primary text--centered\" href=\"https:\/\/sonography-login.wicketcloud.com\/login?service=https:\/\/sonographycanada.ca\/account-centre\/\">Se connecter<\/a><p><p style=\"margin-bottom:10px\">Pour vous inscrire, veuillez cr\u00e9er votre profil\/compte de membre et compl\u00e9ter le formulaire d\u2019adh\u00e9sion : <\/p><\/p><a style=\"margin-bottom:35px\" class=\"button button--primary text--centered\" href=\"https:\/\/sonographycanada.ca\/fr\/inscription\">Cr\u00e9er un compte<\/a><p><\/p>","protected":false},"excerpt":{"rendered":"<p>Plut\u00f4t que d\u2019avoir deux cat\u00e9gories de membres actifs, nous n\u2019en avons maintenant qu\u2019une seule&nbsp;: Membres actifs Conditions Des professionnels qui participent actuellement \u00e0 la pratique, \u00e0 l\u2019enseignement et\/ou \u00e0 l\u2019application des principes de l\u2019\u00e9chographie de diagnostic m\u00e9dical \u00e0 temps plein, \u00e0 temps partiel ou \u00e0 titre occasionnel, et les personnes en cong\u00e9 temporaire (p. ex. [&hellip;]<\/p>\n","protected":false},"author":6718,"featured_media":0,"parent":22336,"menu_order":0,"comment_status":"closed","ping_status":"closed","template":"","meta":{"_acf_changed":false,"advgb_blocks_editor_width":"","advgb_blocks_columns_visual_guide":"","wicket_organization":"","_seat_count":"","_member_id":[],"_edit_last":"6718","_start_date":"","_end_date":"","footnotes":""},"class_list":["post-22187","page","type-page","status-publish","hentry"],"acf":[],"yoast_head":"<!-- This site is optimized with the Yoast SEO plugin v23.5 - https:\/\/yoast.com\/wordpress\/plugins\/seo\/ -->\n<title>Membres actifs - \u00c9chographie Canada<\/title>\n<meta name=\"robots\" content=\"index, follow, max-snippet:-1, max-image-preview:large, max-video-preview:-1\" \/>\n<link rel=\"canonical\" href=\"https:\/\/sonographycanada.ca\/fr\/adhesion\/devenir-membre\/membres-actifs\" \/>\n<meta property=\"og:locale\" content=\"fr_FR\" \/>\n<meta property=\"og:type\" content=\"article\" \/>\n<meta property=\"og:title\" content=\"Membres actifs - \u00c9chographie Canada\" \/>\n<meta property=\"og:description\" content=\"Plut\u00f4t que d\u2019avoir deux cat\u00e9gories de membres actifs, nous n\u2019en avons maintenant qu\u2019une seule&nbsp;: Membres actifs Conditions Des professionnels qui participent actuellement \u00e0 la pratique, \u00e0 l\u2019enseignement et\/ou \u00e0 l\u2019application des principes de l\u2019\u00e9chographie de diagnostic m\u00e9dical \u00e0 temps plein, \u00e0 temps partiel ou \u00e0 titre occasionnel, et les personnes en cong\u00e9 temporaire (p. ex. [&hellip;]\" \/>\n<meta property=\"og:url\" content=\"https:\/\/sonographycanada.ca\/fr\/adhesion\/devenir-membre\/membres-actifs\" \/>\n<meta property=\"og:site_name\" content=\"\u00c9chographie Canada\" \/>\n<meta property=\"article:modified_time\" content=\"2020-04-03T09:41:32+00:00\" \/>\n<meta property=\"og:image\" content=\"https:\/\/sonographycanada.ca\/app\/uploads\/2020\/03\/active.jpg\" \/>\n<meta name=\"twitter:card\" content=\"summary_large_image\" \/>\n<meta name=\"twitter:label1\" content=\"Est. reading time\" \/>\n\t<meta name=\"twitter:data1\" content=\"4 minutes\" \/>\n<script type=\"application\/ld+json\" class=\"yoast-schema-graph\">{\"@context\":\"https:\/\/schema.org\",\"@graph\":[{\"@type\":\"WebPage\",\"@id\":\"https:\/\/sonographycanada.ca\/fr\/adhesion\/devenir-membre\/membres-actifs\",\"url\":\"https:\/\/sonographycanada.ca\/fr\/adhesion\/devenir-membre\/membres-actifs\",\"name\":\"Membres actifs - \u00c9chographie Canada\",\"isPartOf\":{\"@id\":\"https:\/\/sonographycanada.ca\/#website\"},\"primaryImageOfPage\":{\"@id\":\"https:\/\/sonographycanada.ca\/fr\/adhesion\/devenir-membre\/membres-actifs#primaryimage\"},\"image\":{\"@id\":\"https:\/\/sonographycanada.ca\/fr\/adhesion\/devenir-membre\/membres-actifs#primaryimage\"},\"thumbnailUrl\":\"https:\/\/sonographycanada.ca\/app\/uploads\/2020\/03\/active.jpg\",\"datePublished\":\"2020-04-02T16:50:10+00:00\",\"dateModified\":\"2020-04-03T09:41:32+00:00\",\"breadcrumb\":{\"@id\":\"https:\/\/sonographycanada.ca\/fr\/adhesion\/devenir-membre\/membres-actifs#breadcrumb\"},\"inLanguage\":\"fr-FR\",\"potentialAction\":[{\"@type\":\"ReadAction\",\"target\":[\"https:\/\/sonographycanada.ca\/fr\/adhesion\/devenir-membre\/membres-actifs\"]}]},{\"@type\":\"ImageObject\",\"inLanguage\":\"fr-FR\",\"@id\":\"https:\/\/sonographycanada.ca\/fr\/adhesion\/devenir-membre\/membres-actifs#primaryimage\",\"url\":\"https:\/\/sonographycanada.ca\/app\/uploads\/2020\/03\/active.jpg\",\"contentUrl\":\"https:\/\/sonographycanada.ca\/app\/uploads\/2020\/03\/active.jpg\"},{\"@type\":\"BreadcrumbList\",\"@id\":\"https:\/\/sonographycanada.ca\/fr\/adhesion\/devenir-membre\/membres-actifs#breadcrumb\",\"itemListElement\":[{\"@type\":\"ListItem\",\"position\":1,\"name\":\"Accueil\",\"item\":\"https:\/\/sonographycanada.ca\/fr\"},{\"@type\":\"ListItem\",\"position\":2,\"name\":\"Adh\u00e9sion\",\"item\":\"https:\/\/sonographycanada.ca\/fr\/adhesion\"},{\"@type\":\"ListItem\",\"position\":3,\"name\":\"Devenir membre\",\"item\":\"https:\/\/sonographycanada.ca\/fr\/adhesion\/devenir-membre\"},{\"@type\":\"ListItem\",\"position\":4,\"name\":\"Membres actifs\"}]},{\"@type\":\"WebSite\",\"@id\":\"https:\/\/sonographycanada.ca\/#website\",\"url\":\"https:\/\/sonographycanada.ca\/\",\"name\":\"\u00c9chographie Canada\",\"description\":\"La voix des \u00e9chographistes m\u00e9dicaux diagnostiques au Canada\",\"potentialAction\":[{\"@type\":\"SearchAction\",\"target\":{\"@type\":\"EntryPoint\",\"urlTemplate\":\"https:\/\/sonographycanada.ca\/?s={search_term_string}\"},\"query-input\":{\"@type\":\"PropertyValueSpecification\",\"valueRequired\":true,\"valueName\":\"search_term_string\"}}],\"inLanguage\":\"fr-FR\"}]}<\/script>\n<!-- \/ Yoast SEO plugin. -->","yoast_head_json":{"title":"Membres actifs - \u00c9chographie Canada","robots":{"index":"index","follow":"follow","max-snippet":"max-snippet:-1","max-image-preview":"max-image-preview:large","max-video-preview":"max-video-preview:-1"},"canonical":"https:\/\/sonographycanada.ca\/fr\/adhesion\/devenir-membre\/membres-actifs","og_locale":"fr_FR","og_type":"article","og_title":"Membres actifs - \u00c9chographie Canada","og_description":"Plut\u00f4t que d\u2019avoir deux cat\u00e9gories de membres actifs, nous n\u2019en avons maintenant qu\u2019une seule&nbsp;: Membres actifs Conditions Des professionnels qui participent actuellement \u00e0 la pratique, \u00e0 l\u2019enseignement et\/ou \u00e0 l\u2019application des principes de l\u2019\u00e9chographie de diagnostic m\u00e9dical \u00e0 temps plein, \u00e0 temps partiel ou \u00e0 titre occasionnel, et les personnes en cong\u00e9 temporaire (p. ex. [&hellip;]","og_url":"https:\/\/sonographycanada.ca\/fr\/adhesion\/devenir-membre\/membres-actifs","og_site_name":"\u00c9chographie Canada","article_modified_time":"2020-04-03T09:41:32+00:00","og_image":[{"url":"https:\/\/sonographycanada.ca\/app\/uploads\/2020\/03\/active.jpg"}],"twitter_card":"summary_large_image","twitter_misc":{"Est. reading time":"4 minutes"},"schema":{"@context":"https:\/\/schema.org","@graph":[{"@type":"WebPage","@id":"https:\/\/sonographycanada.ca\/fr\/adhesion\/devenir-membre\/membres-actifs","url":"https:\/\/sonographycanada.ca\/fr\/adhesion\/devenir-membre\/membres-actifs","name":"Membres actifs - \u00c9chographie Canada","isPartOf":{"@id":"https:\/\/sonographycanada.ca\/#website"},"primaryImageOfPage":{"@id":"https:\/\/sonographycanada.ca\/fr\/adhesion\/devenir-membre\/membres-actifs#primaryimage"},"image":{"@id":"https:\/\/sonographycanada.ca\/fr\/adhesion\/devenir-membre\/membres-actifs#primaryimage"},"thumbnailUrl":"https:\/\/sonographycanada.ca\/app\/uploads\/2020\/03\/active.jpg","datePublished":"2020-04-02T16:50:10+00:00","dateModified":"2020-04-03T09:41:32+00:00","breadcrumb":{"@id":"https:\/\/sonographycanada.ca\/fr\/adhesion\/devenir-membre\/membres-actifs#breadcrumb"},"inLanguage":"fr-FR","potentialAction":[{"@type":"ReadAction","target":["https:\/\/sonographycanada.ca\/fr\/adhesion\/devenir-membre\/membres-actifs"]}]},{"@type":"ImageObject","inLanguage":"fr-FR","@id":"https:\/\/sonographycanada.ca\/fr\/adhesion\/devenir-membre\/membres-actifs#primaryimage","url":"https:\/\/sonographycanada.ca\/app\/uploads\/2020\/03\/active.jpg","contentUrl":"https:\/\/sonographycanada.ca\/app\/uploads\/2020\/03\/active.jpg"},{"@type":"BreadcrumbList","@id":"https:\/\/sonographycanada.ca\/fr\/adhesion\/devenir-membre\/membres-actifs#breadcrumb","itemListElement":[{"@type":"ListItem","position":1,"name":"Accueil","item":"https:\/\/sonographycanada.ca\/fr"},{"@type":"ListItem","position":2,"name":"Adh\u00e9sion","item":"https:\/\/sonographycanada.ca\/fr\/adhesion"},{"@type":"ListItem","position":3,"name":"Devenir membre","item":"https:\/\/sonographycanada.ca\/fr\/adhesion\/devenir-membre"},{"@type":"ListItem","position":4,"name":"Membres actifs"}]},{"@type":"WebSite","@id":"https:\/\/sonographycanada.ca\/#website","url":"https:\/\/sonographycanada.ca\/","name":"\u00c9chographie Canada","description":"La voix des \u00e9chographistes m\u00e9dicaux diagnostiques au Canada","potentialAction":[{"@type":"SearchAction","target":{"@type":"EntryPoint","urlTemplate":"https:\/\/sonographycanada.ca\/?s={search_term_string}"},"query-input":{"@type":"PropertyValueSpecification","valueRequired":true,"valueName":"search_term_string"}}],"inLanguage":"fr-FR"}]}},"coauthors":[],"author_meta":{"author_link":"https:\/\/sonographycanada.ca\/fr\/author\/263a58fd-0292-4830-a513-b6bccee25d5d","display_name":"Riad Kadi"},"relative_dates":{"created":"Publi\u00e9 6 years il y a","modified":"Mis \u00e0 jour 6 years il y a"},"absolute_dates":{"created":"Publi\u00e9 le avril 2, 2020","modified":"Mise \u00e0 jour le avril 3, 2020"},"absolute_dates_time":{"created":"Publi\u00e9 le avril 2, 2020 4:50 pm","modified":"Mise \u00e0 jour le avril 3, 2020 9:41 am"},"featured_img_caption":"","featured_img":false,"series_order":"","_links":{"self":[{"href":"https:\/\/sonographycanada.ca\/fr\/wp-json\/wp\/v2\/pages\/22187"}],"collection":[{"href":"https:\/\/sonographycanada.ca\/fr\/wp-json\/wp\/v2\/pages"}],"about":[{"href":"https:\/\/sonographycanada.ca\/fr\/wp-json\/wp\/v2\/types\/page"}],"author":[{"embeddable":true,"href":"https:\/\/sonographycanada.ca\/fr\/wp-json\/wp\/v2\/users\/6718"}],"replies":[{"embeddable":true,"href":"https:\/\/sonographycanada.ca\/fr\/wp-json\/wp\/v2\/comments?post=22187"}],"version-history":[{"count":6,"href":"https:\/\/sonographycanada.ca\/fr\/wp-json\/wp\/v2\/pages\/22187\/revisions"}],"predecessor-version":[{"id":22229,"href":"https:\/\/sonographycanada.ca\/fr\/wp-json\/wp\/v2\/pages\/22187\/revisions\/22229"}],"up":[{"embeddable":true,"href":"https:\/\/sonographycanada.ca\/fr\/wp-json\/wp\/v2\/pages\/22336"}],"wp:attachment":[{"href":"https:\/\/sonographycanada.ca\/fr\/wp-json\/wp\/v2\/media?parent=22187"}],"curies":[{"name":"wp","href":"https:\/\/api.w.org\/{rel}","templated":true}]}}