{"id":22213,"date":"2020-04-03T09:37:45","date_gmt":"2020-04-03T09:37:45","guid":{"rendered":"https:\/\/sonographycanada.ca\/?page_id=22213"},"modified":"2020-04-03T09:42:29","modified_gmt":"2020-04-03T09:42:29","slug":"membre-praticien-non-accredite","status":"publish","type":"page","link":"https:\/\/sonographycanada.ca\/fr\/adhesion\/devenir-membre\/membre-praticien-non-accredite","title":{"rendered":"Membre praticien non-accr\u00e9dit\u00e9"},"content":{"rendered":"<p>Si vous \u00eates un \u00e9chographiste praticien qui ne d\u00e9tient aucun titre de comp\u00e9tence et qui n\u2019est pas enregistr\u00e9 aupr\u00e8s d\u2019un organisme de r\u00e9glementation, vous pouvez devenir membre praticien non-accr\u00e9dit\u00e9.<br><\/p><p>\u00c9largir notre basin de membres pour inclure l\u2019ensemble des \u00e9chographistes praticiens correspond \u00e0 notre vision et mission d\u2019assurer la poursuite de l\u2019excellence dans la pratique de l\u2019\u00e9chographie et nous permet de v\u00e9ritablement \u00eatre la voix pour tous les \u00e9chographistes \u00e0 travers le pays.<\/p><p class=\"has-text-align-center\"><strong>Notre vision:<\/strong> L\u2019\u00e9chographie est pratiqu\u00e9e avec excellence \u00e0 travers le Canada.<\/p><p class=\"has-text-align-center\"><strong>Notre mission:<\/strong>  Nous sommes la voix des \u00e9chographistes m\u00e9dicaux diagnostiques au Canada, favorisant les pratiques exemplaires et la poursuite de l\u2019excellence. <\/p><h3 class=\"wp-block-heading\">Conditions<\/h3><p style=\"background-color:#E9EEF3; padding:25px\"> Des individus qui participent actuellement \u00e0 la pratique, \u00e0 l\u2019enseignement et\/ou \u00e0 l\u2019application des principes de l\u2019\u00e9chographie de diagnostic m\u00e9dical qui ne d\u00e9tiennent pas de titres de comp\u00e9tence aupr\u00e8s d\u2019\u00c9chographie Canada ou d\u2019une autre organisation d\u2019accr\u00e9ditation approuv\u00e9e (p. ex. des individus qui ont obtenu de la formation sur le terrain et\/ou qui ont obtenu une formation aupr\u00e8s d\u2019une organisation non approuv\u00e9es au Canada ou \u00e0 l\u2019\u00e9tranger).<\/p><p class=\"has-text-align-center has-medium-font-size\"><strong>ET<\/strong><\/p><p style=\"background-color:#E9EEF3; padding:25px\">Qui ne sont pas enregistr\u00e9s aupr\u00e8s d\u2019un organisme de r\u00e9glementation en \u00e9chographie provincial.<\/p><h3 class=\"wp-block-heading\">Droits et responsabilit\u00e9s<\/h3><p> Les membres praticiens non-accr\u00e9dit\u00e9s ont les droits et responsabilit\u00e9s suivants : <\/p><div class=\"grid grid--flex-md\" style=\"margin-bottom:60px\">\n<div class=\"grid__col--md-6\">\n<h4>Droits<\/h4>\n<hr class=\"wp-block-separator\">\n<p><strong>Peuvent<\/strong> se procurer de l\u2019assurance responsabilit\u00e9 professionnelle (ARP) \u00e0 une prime plus \u00e9lev\u00e9e que celle accord\u00e9e aux membres actifs.<\/p>\n<hr class=\"wp-block-separator\">\n<p><strong>Ne peuvent pas<\/strong> se porter b\u00e9n\u00e9vole sur un comit\u00e9 ou sur le conseil d\u2019administration.<\/p>\n<hr class=\"wp-block-separator\">\n<p><strong>Ne peuvent pas<\/strong> vote<\/strong> voter lors des \u00e9lections d\u2019\u00c9chographie Canada ou sur les motions concernant la gouvernance.<\/p>\n<hr class=\"wp-block-separator\">\n<\/div>\n<div class=\"grid__col--md-6\" style=\"margin-bottom:30px;\">\n<h4>Responsabilit\u00e9s<\/h4>\n<hr class=\"wp-block-separator\">\n<p><strong>Doivent rencontrer  <a href=\"https:\/\/sonographycanada.ca\/professional-development\/cpd-program-requirements\">les exigences en mati\u00e8re de d\u00e9veloppement professionnel continu (DPC) d\u2019\u00c9chographie Canada.<\/a>.<\/strong><\/p>\n<hr class=\"wp-block-separator\">\n<\/div>\n<\/div><p class=\"has-text-align-left\"><strong>Les cartes d\u2019adh\u00e9sion accord\u00e9es aux membres praticiens non-accr\u00e9dit\u00e9s indiqueront <\/strong> <strong>\u201cAucun titre de comp\u00e9tence approuv\u00e9<\/strong> <strong>\u201d<\/strong> <\/p><div class=\"wp-block-image\"><figure class=\"aligncenter size-large\"><img loading=\"lazy\" decoding=\"async\" width=\"1024\" height=\"326\" src=\"https:\/\/sonographycanada.ca\/app\/uploads\/2020\/04\/parcticing-non-credentialed-no-approved-credentials-1024x326.jpg\" alt=\"Sonography canada parcticing non credentialed no approved credentials card\" class=\"wp-image-22141\" srcset=\"https:\/\/sonographycanada.ca\/app\/uploads\/2020\/04\/parcticing-non-credentialed-no-approved-credentials-1024x326.jpg 1024w, https:\/\/sonographycanada.ca\/app\/uploads\/2020\/04\/parcticing-non-credentialed-no-approved-credentials-600x191.jpg 600w, https:\/\/sonographycanada.ca\/app\/uploads\/2020\/04\/parcticing-non-credentialed-no-approved-credentials-300x95.jpg 300w, https:\/\/sonographycanada.ca\/app\/uploads\/2020\/04\/parcticing-non-credentialed-no-approved-credentials-768x244.jpg 768w, https:\/\/sonographycanada.ca\/app\/uploads\/2020\/04\/parcticing-non-credentialed-no-approved-credentials-1536x488.jpg 1536w, https:\/\/sonographycanada.ca\/app\/uploads\/2020\/04\/parcticing-non-credentialed-no-approved-credentials-390x124.jpg 390w, https:\/\/sonographycanada.ca\/app\/uploads\/2020\/04\/parcticing-non-credentialed-no-approved-credentials.jpg 1557w\" sizes=\"(max-width: 1024px) 100vw, 1024px\" \/><\/figure><\/div><hr class=\"wp-block-separator\" style=\"margin-top:45px\"><p><strong>Cotisation pour les membres praticiens non-accr\u00e9dit\u00e9s\u00a0: 175 $<\/strong><br><strong>P\u00e9riode d\u2019adh\u00e9sion\u00a0: du 1 mai au 30 avril<\/strong><\/p><p style=\"margin-bottom:10px\">Pour renouveler votre adh\u00e9sion, veuillez acc\u00e9der \u00e0 votre profil\/compte de membre maintenant :<\/p><a style=\"margin-bottom:35px\" class=\"button button--primary text--centered\" href=\"https:\/\/sonography-login.wicketcloud.com\/login?service=https:\/\/sonographycanada.ca\/account-centre\/\">Se connecter<\/a><p><p style=\"margin-bottom:10px\">Pour vous inscrire, veuillez cr\u00e9er votre profil\/compte de membre et compl\u00e9ter le formulaire d\u2019adh\u00e9sion :<\/p><\/p><a style=\"margin-bottom:35px\" class=\"button button--primary text--centered\" href=\"https:\/\/sonographycanada.ca\/fr\/inscription\">Cr\u00e9er un compte<\/a><p><\/p>","protected":false},"excerpt":{"rendered":"<p>Si vous \u00eates un \u00e9chographiste praticien qui ne d\u00e9tient aucun titre de comp\u00e9tence et qui n\u2019est pas enregistr\u00e9 aupr\u00e8s d\u2019un organisme de r\u00e9glementation, vous pouvez devenir membre praticien non-accr\u00e9dit\u00e9. \u00c9largir notre basin de membres pour inclure l\u2019ensemble des \u00e9chographistes praticiens correspond \u00e0 notre vision et mission d\u2019assurer la poursuite de l\u2019excellence dans la pratique de [&hellip;]<\/p>\n","protected":false},"author":6718,"featured_media":0,"parent":22336,"menu_order":1,"comment_status":"closed","ping_status":"closed","template":"","meta":{"_acf_changed":false,"advgb_blocks_editor_width":"","advgb_blocks_columns_visual_guide":"","wicket_organization":"","_seat_count":"","_member_id":[],"_edit_last":"6718","_start_date":"","_end_date":"","footnotes":""},"class_list":["post-22213","page","type-page","status-publish","hentry"],"acf":[],"yoast_head":"<!-- This site is optimized with the Yoast SEO plugin v23.5 - https:\/\/yoast.com\/wordpress\/plugins\/seo\/ -->\n<title>Membre praticien non-accr\u00e9dit\u00e9 - \u00c9chographie Canada<\/title>\n<meta name=\"robots\" content=\"index, follow, max-snippet:-1, max-image-preview:large, max-video-preview:-1\" \/>\n<link rel=\"canonical\" href=\"https:\/\/sonographycanada.ca\/fr\/adhesion\/devenir-membre\/membre-praticien-non-accredite\" \/>\n<meta property=\"og:locale\" content=\"fr_FR\" \/>\n<meta property=\"og:type\" content=\"article\" \/>\n<meta property=\"og:title\" content=\"Membre praticien non-accr\u00e9dit\u00e9 - \u00c9chographie Canada\" \/>\n<meta property=\"og:description\" content=\"Si vous \u00eates un \u00e9chographiste praticien qui ne d\u00e9tient aucun titre de comp\u00e9tence et qui n\u2019est pas enregistr\u00e9 aupr\u00e8s d\u2019un organisme de r\u00e9glementation, vous pouvez devenir membre praticien non-accr\u00e9dit\u00e9. \u00c9largir notre basin de membres pour inclure l\u2019ensemble des \u00e9chographistes praticiens correspond \u00e0 notre vision et mission d\u2019assurer la poursuite de l\u2019excellence dans la pratique de [&hellip;]\" \/>\n<meta property=\"og:url\" content=\"https:\/\/sonographycanada.ca\/fr\/adhesion\/devenir-membre\/membre-praticien-non-accredite\" \/>\n<meta property=\"og:site_name\" content=\"\u00c9chographie Canada\" \/>\n<meta property=\"article:modified_time\" content=\"2020-04-03T09:42:29+00:00\" \/>\n<meta property=\"og:image\" content=\"https:\/\/sonographycanada.ca\/app\/uploads\/2020\/04\/parcticing-non-credentialed-no-approved-credentials-1024x326.jpg\" \/>\n<meta name=\"twitter:card\" content=\"summary_large_image\" \/>\n<meta name=\"twitter:label1\" content=\"Est. reading time\" \/>\n\t<meta name=\"twitter:data1\" content=\"2 minutes\" \/>\n<script type=\"application\/ld+json\" class=\"yoast-schema-graph\">{\"@context\":\"https:\/\/schema.org\",\"@graph\":[{\"@type\":\"WebPage\",\"@id\":\"https:\/\/sonographycanada.ca\/fr\/adhesion\/devenir-membre\/membre-praticien-non-accredite\",\"url\":\"https:\/\/sonographycanada.ca\/fr\/adhesion\/devenir-membre\/membre-praticien-non-accredite\",\"name\":\"Membre praticien non-accr\u00e9dit\u00e9 - \u00c9chographie Canada\",\"isPartOf\":{\"@id\":\"https:\/\/sonographycanada.ca\/#website\"},\"primaryImageOfPage\":{\"@id\":\"https:\/\/sonographycanada.ca\/fr\/adhesion\/devenir-membre\/membre-praticien-non-accredite#primaryimage\"},\"image\":{\"@id\":\"https:\/\/sonographycanada.ca\/fr\/adhesion\/devenir-membre\/membre-praticien-non-accredite#primaryimage\"},\"thumbnailUrl\":\"https:\/\/sonographycanada.ca\/app\/uploads\/2020\/04\/parcticing-non-credentialed-no-approved-credentials-1024x326.jpg\",\"datePublished\":\"2020-04-03T09:37:45+00:00\",\"dateModified\":\"2020-04-03T09:42:29+00:00\",\"breadcrumb\":{\"@id\":\"https:\/\/sonographycanada.ca\/fr\/adhesion\/devenir-membre\/membre-praticien-non-accredite#breadcrumb\"},\"inLanguage\":\"fr-FR\",\"potentialAction\":[{\"@type\":\"ReadAction\",\"target\":[\"https:\/\/sonographycanada.ca\/fr\/adhesion\/devenir-membre\/membre-praticien-non-accredite\"]}]},{\"@type\":\"ImageObject\",\"inLanguage\":\"fr-FR\",\"@id\":\"https:\/\/sonographycanada.ca\/fr\/adhesion\/devenir-membre\/membre-praticien-non-accredite#primaryimage\",\"url\":\"https:\/\/sonographycanada.ca\/app\/uploads\/2020\/04\/parcticing-non-credentialed-no-approved-credentials-1024x326.jpg\",\"contentUrl\":\"https:\/\/sonographycanada.ca\/app\/uploads\/2020\/04\/parcticing-non-credentialed-no-approved-credentials-1024x326.jpg\"},{\"@type\":\"BreadcrumbList\",\"@id\":\"https:\/\/sonographycanada.ca\/fr\/adhesion\/devenir-membre\/membre-praticien-non-accredite#breadcrumb\",\"itemListElement\":[{\"@type\":\"ListItem\",\"position\":1,\"name\":\"Accueil\",\"item\":\"https:\/\/sonographycanada.ca\/fr\"},{\"@type\":\"ListItem\",\"position\":2,\"name\":\"Adh\u00e9sion\",\"item\":\"https:\/\/sonographycanada.ca\/fr\/adhesion\"},{\"@type\":\"ListItem\",\"position\":3,\"name\":\"Devenir membre\",\"item\":\"https:\/\/sonographycanada.ca\/fr\/adhesion\/devenir-membre\"},{\"@type\":\"ListItem\",\"position\":4,\"name\":\"Membre praticien non-accr\u00e9dit\u00e9\"}]},{\"@type\":\"WebSite\",\"@id\":\"https:\/\/sonographycanada.ca\/#website\",\"url\":\"https:\/\/sonographycanada.ca\/\",\"name\":\"\u00c9chographie Canada\",\"description\":\"La voix des \u00e9chographistes m\u00e9dicaux diagnostiques au Canada\",\"potentialAction\":[{\"@type\":\"SearchAction\",\"target\":{\"@type\":\"EntryPoint\",\"urlTemplate\":\"https:\/\/sonographycanada.ca\/?s={search_term_string}\"},\"query-input\":{\"@type\":\"PropertyValueSpecification\",\"valueRequired\":true,\"valueName\":\"search_term_string\"}}],\"inLanguage\":\"fr-FR\"}]}<\/script>\n<!-- \/ Yoast SEO plugin. -->","yoast_head_json":{"title":"Membre praticien non-accr\u00e9dit\u00e9 - \u00c9chographie Canada","robots":{"index":"index","follow":"follow","max-snippet":"max-snippet:-1","max-image-preview":"max-image-preview:large","max-video-preview":"max-video-preview:-1"},"canonical":"https:\/\/sonographycanada.ca\/fr\/adhesion\/devenir-membre\/membre-praticien-non-accredite","og_locale":"fr_FR","og_type":"article","og_title":"Membre praticien non-accr\u00e9dit\u00e9 - \u00c9chographie Canada","og_description":"Si vous \u00eates un \u00e9chographiste praticien qui ne d\u00e9tient aucun titre de comp\u00e9tence et qui n\u2019est pas enregistr\u00e9 aupr\u00e8s d\u2019un organisme de r\u00e9glementation, vous pouvez devenir membre praticien non-accr\u00e9dit\u00e9. \u00c9largir notre basin de membres pour inclure l\u2019ensemble des \u00e9chographistes praticiens correspond \u00e0 notre vision et mission d\u2019assurer la poursuite de l\u2019excellence dans la pratique de [&hellip;]","og_url":"https:\/\/sonographycanada.ca\/fr\/adhesion\/devenir-membre\/membre-praticien-non-accredite","og_site_name":"\u00c9chographie Canada","article_modified_time":"2020-04-03T09:42:29+00:00","og_image":[{"url":"https:\/\/sonographycanada.ca\/app\/uploads\/2020\/04\/parcticing-non-credentialed-no-approved-credentials-1024x326.jpg"}],"twitter_card":"summary_large_image","twitter_misc":{"Est. reading time":"2 minutes"},"schema":{"@context":"https:\/\/schema.org","@graph":[{"@type":"WebPage","@id":"https:\/\/sonographycanada.ca\/fr\/adhesion\/devenir-membre\/membre-praticien-non-accredite","url":"https:\/\/sonographycanada.ca\/fr\/adhesion\/devenir-membre\/membre-praticien-non-accredite","name":"Membre praticien non-accr\u00e9dit\u00e9 - \u00c9chographie Canada","isPartOf":{"@id":"https:\/\/sonographycanada.ca\/#website"},"primaryImageOfPage":{"@id":"https:\/\/sonographycanada.ca\/fr\/adhesion\/devenir-membre\/membre-praticien-non-accredite#primaryimage"},"image":{"@id":"https:\/\/sonographycanada.ca\/fr\/adhesion\/devenir-membre\/membre-praticien-non-accredite#primaryimage"},"thumbnailUrl":"https:\/\/sonographycanada.ca\/app\/uploads\/2020\/04\/parcticing-non-credentialed-no-approved-credentials-1024x326.jpg","datePublished":"2020-04-03T09:37:45+00:00","dateModified":"2020-04-03T09:42:29+00:00","breadcrumb":{"@id":"https:\/\/sonographycanada.ca\/fr\/adhesion\/devenir-membre\/membre-praticien-non-accredite#breadcrumb"},"inLanguage":"fr-FR","potentialAction":[{"@type":"ReadAction","target":["https:\/\/sonographycanada.ca\/fr\/adhesion\/devenir-membre\/membre-praticien-non-accredite"]}]},{"@type":"ImageObject","inLanguage":"fr-FR","@id":"https:\/\/sonographycanada.ca\/fr\/adhesion\/devenir-membre\/membre-praticien-non-accredite#primaryimage","url":"https:\/\/sonographycanada.ca\/app\/uploads\/2020\/04\/parcticing-non-credentialed-no-approved-credentials-1024x326.jpg","contentUrl":"https:\/\/sonographycanada.ca\/app\/uploads\/2020\/04\/parcticing-non-credentialed-no-approved-credentials-1024x326.jpg"},{"@type":"BreadcrumbList","@id":"https:\/\/sonographycanada.ca\/fr\/adhesion\/devenir-membre\/membre-praticien-non-accredite#breadcrumb","itemListElement":[{"@type":"ListItem","position":1,"name":"Accueil","item":"https:\/\/sonographycanada.ca\/fr"},{"@type":"ListItem","position":2,"name":"Adh\u00e9sion","item":"https:\/\/sonographycanada.ca\/fr\/adhesion"},{"@type":"ListItem","position":3,"name":"Devenir membre","item":"https:\/\/sonographycanada.ca\/fr\/adhesion\/devenir-membre"},{"@type":"ListItem","position":4,"name":"Membre praticien non-accr\u00e9dit\u00e9"}]},{"@type":"WebSite","@id":"https:\/\/sonographycanada.ca\/#website","url":"https:\/\/sonographycanada.ca\/","name":"\u00c9chographie Canada","description":"La voix des \u00e9chographistes m\u00e9dicaux diagnostiques au Canada","potentialAction":[{"@type":"SearchAction","target":{"@type":"EntryPoint","urlTemplate":"https:\/\/sonographycanada.ca\/?s={search_term_string}"},"query-input":{"@type":"PropertyValueSpecification","valueRequired":true,"valueName":"search_term_string"}}],"inLanguage":"fr-FR"}]}},"coauthors":[],"author_meta":{"author_link":"https:\/\/sonographycanada.ca\/fr\/author\/263a58fd-0292-4830-a513-b6bccee25d5d","display_name":"Riad Kadi"},"relative_dates":{"created":"Publi\u00e9 6 years il y a","modified":"Mis \u00e0 jour 6 years il y a"},"absolute_dates":{"created":"Publi\u00e9 le avril 3, 2020","modified":"Mise \u00e0 jour le avril 3, 2020"},"absolute_dates_time":{"created":"Publi\u00e9 le avril 3, 2020 9:37 am","modified":"Mise \u00e0 jour le avril 3, 2020 9:42 am"},"featured_img_caption":"","featured_img":false,"series_order":"","_links":{"self":[{"href":"https:\/\/sonographycanada.ca\/fr\/wp-json\/wp\/v2\/pages\/22213"}],"collection":[{"href":"https:\/\/sonographycanada.ca\/fr\/wp-json\/wp\/v2\/pages"}],"about":[{"href":"https:\/\/sonographycanada.ca\/fr\/wp-json\/wp\/v2\/types\/page"}],"author":[{"embeddable":true,"href":"https:\/\/sonographycanada.ca\/fr\/wp-json\/wp\/v2\/users\/6718"}],"replies":[{"embeddable":true,"href":"https:\/\/sonographycanada.ca\/fr\/wp-json\/wp\/v2\/comments?post=22213"}],"version-history":[{"count":2,"href":"https:\/\/sonographycanada.ca\/fr\/wp-json\/wp\/v2\/pages\/22213\/revisions"}],"predecessor-version":[{"id":22217,"href":"https:\/\/sonographycanada.ca\/fr\/wp-json\/wp\/v2\/pages\/22213\/revisions\/22217"}],"up":[{"embeddable":true,"href":"https:\/\/sonographycanada.ca\/fr\/wp-json\/wp\/v2\/pages\/22336"}],"wp:attachment":[{"href":"https:\/\/sonographycanada.ca\/fr\/wp-json\/wp\/v2\/media?parent=22213"}],"curies":[{"name":"wp","href":"https:\/\/api.w.org\/{rel}","templated":true}]}}