{"id":22218,"date":"2020-04-03T09:46:39","date_gmt":"2020-04-03T09:46:39","guid":{"rendered":"https:\/\/sonographycanada.ca\/?page_id=22218"},"modified":"2021-09-17T14:57:01","modified_gmt":"2021-09-17T14:57:01","slug":"membre-etudiant","status":"publish","type":"page","link":"https:\/\/sonographycanada.ca\/fr\/adhesion\/devenir-membre\/membre-etudiant","title":{"rendered":"Membre \u00e9tudiant"},"content":{"rendered":"<h3 class=\"wp-block-heading\"> Conditions<\/h3><p> Un membre \u00e9tudiant est un individu inscrit \u00e0 un programme de formation en \u00e9chographie m\u00e9dicale diagnostique agr\u00e9\u00e9 ou enregistr\u00e9 aupr\u00e8s d\u2019Agr\u00e9ment Canada, et dont la demande pour devenir membre \u00e9tudiant a \u00e9t\u00e9 approuv\u00e9e par le conseil d\u2019administration d\u2019\u00c9chographie Canada.<\/p><h3 class=\"wp-block-heading\">Droits et responsabilit\u00e9s<\/h3><p>Les membres \u00e9tudiants ont les droits et responsabilit\u00e9s suivants&nbsp;:<\/p><div class=\"grid grid--flex-md\" style=\"margin-bottom:60px\">\n<div class=\"grid__col--md-6\">\n<h4>Droits<\/h4>\n<hr class=\"wp-block-separator\">\n<p><strong>Ne peuvent pas<\/strong>  se procurer de l\u2019assurance responsabilit\u00e9 professionnelle (ARP).<\/p>\n<hr class=\"wp-block-separator\">\n<p><strong>Ne peuvent pas<\/strong> voter lors des \u00e9lections d\u2019\u00c9chographie Canada ou sur les motions concernant la gouvernance.<\/p>\n<hr class=\"wp-block-separator\">\n<p><strong>Peuvent<\/strong> \u00eatre appel\u00e9 \u00e0 jouer un r\u00f4le consultatif aupr\u00e8s du conseil d\u2019administration \u00e0 titre de repr\u00e9sentant(e) des \u00e9tudiants.<\/p>\n<hr class=\"wp-block-separator\">\n<\/div>\n<div class=\"grid__col--md-6\" style=\"margin-bottom:30px;\">\n<h4>Responsabilit\u00e9s<\/h4>\n<hr class=\"wp-block-separator\">\n<p><strong>Ne sont pas <\/strong> tenus de rencontrer les exigences en mati\u00e8re de d\u00e9veloppement professionnel continu (DPC) d\u2019\u00c9chographie Canada. \n<hr class=\"wp-block-separator\">\n<\/div>\n<\/div><p> <strong>Les cartes d\u2019adh\u00e9sion accord\u00e9es aux membres \u00e9tudiants indiqueront \u201c\u00e9tudiant\u201d  \u201cAucun titre de comp\u00e9tence canadien\u201d<\/strong><\/p><div class=\"wp-block-image\"><figure class=\"aligncenter size-large\"><img loading=\"lazy\" decoding=\"async\" width=\"1024\" height=\"329\" src=\"https:\/\/sonographycanada.ca\/app\/uploads\/2020\/04\/Sonography-canada-student-card-1024x329.jpg\" alt=\"Sonography canada student card\" class=\"wp-image-22148\" srcset=\"https:\/\/sonographycanada.ca\/app\/uploads\/2020\/04\/Sonography-canada-student-card-1024x329.jpg 1024w, https:\/\/sonographycanada.ca\/app\/uploads\/2020\/04\/Sonography-canada-student-card-600x193.jpg 600w, https:\/\/sonographycanada.ca\/app\/uploads\/2020\/04\/Sonography-canada-student-card-300x96.jpg 300w, https:\/\/sonographycanada.ca\/app\/uploads\/2020\/04\/Sonography-canada-student-card-768x247.jpg 768w, https:\/\/sonographycanada.ca\/app\/uploads\/2020\/04\/Sonography-canada-student-card-1536x493.jpg 1536w, https:\/\/sonographycanada.ca\/app\/uploads\/2020\/04\/Sonography-canada-student-card-390x125.jpg 390w, https:\/\/sonographycanada.ca\/app\/uploads\/2020\/04\/Sonography-canada-student-card.jpg 1554w\" sizes=\"(max-width: 1024px) 100vw, 1024px\" \/><\/figure><\/div><hr class=\"wp-block-separator\" style=\"margin-top:45px\"><p><strong>Cotisation pour les membres \u00e9tudiants : GRATUIT<\/strong><br><strong>P\u00e9riode d\u2019adh\u00e9sion : du 1 mai au 30 avril<\/strong><\/p><p><strong>Not<\/strong>a: Nous accordons une adh\u00e9sion compl\u00e9mentaire aux membres \u00e9tudiants lorsque leur demande a \u00e9t\u00e9 soumise \u00e0 \u00c9chographie Canada par leur programme de formation. <\/p>","protected":false},"excerpt":{"rendered":"<p>Conditions Un membre \u00e9tudiant est un individu inscrit \u00e0 un programme de formation en \u00e9chographie m\u00e9dicale diagnostique agr\u00e9\u00e9 ou enregistr\u00e9 aupr\u00e8s d\u2019Agr\u00e9ment Canada, et dont la demande pour devenir membre \u00e9tudiant a \u00e9t\u00e9 approuv\u00e9e par le conseil d\u2019administration d\u2019\u00c9chographie Canada. Droits et responsabilit\u00e9s Les membres \u00e9tudiants ont les droits et responsabilit\u00e9s suivants&nbsp;: Droits Ne peuvent [&hellip;]<\/p>\n","protected":false},"author":6718,"featured_media":0,"parent":22336,"menu_order":2,"comment_status":"closed","ping_status":"closed","template":"","meta":{"_acf_changed":false,"advgb_blocks_editor_width":"","advgb_blocks_columns_visual_guide":"","wicket_organization":"","_seat_count":"","_member_id":[],"_edit_last":"6292","_start_date":"","_end_date":"","footnotes":""},"class_list":["post-22218","page","type-page","status-publish","hentry"],"acf":[],"yoast_head":"<!-- This site is optimized with the Yoast SEO plugin v23.5 - https:\/\/yoast.com\/wordpress\/plugins\/seo\/ -->\n<title>Membre \u00e9tudiant - \u00c9chographie Canada<\/title>\n<meta name=\"robots\" content=\"index, follow, max-snippet:-1, max-image-preview:large, max-video-preview:-1\" \/>\n<link rel=\"canonical\" href=\"https:\/\/sonographycanada.ca\/fr\/adhesion\/devenir-membre\/membre-etudiant\" \/>\n<meta property=\"og:locale\" content=\"fr_FR\" \/>\n<meta property=\"og:type\" content=\"article\" \/>\n<meta property=\"og:title\" content=\"Membre \u00e9tudiant - \u00c9chographie Canada\" \/>\n<meta property=\"og:description\" content=\"Conditions Un membre \u00e9tudiant est un individu inscrit \u00e0 un programme de formation en \u00e9chographie m\u00e9dicale diagnostique agr\u00e9\u00e9 ou enregistr\u00e9 aupr\u00e8s d\u2019Agr\u00e9ment Canada, et dont la demande pour devenir membre \u00e9tudiant a \u00e9t\u00e9 approuv\u00e9e par le conseil d\u2019administration d\u2019\u00c9chographie Canada. Droits et responsabilit\u00e9s Les membres \u00e9tudiants ont les droits et responsabilit\u00e9s suivants&nbsp;: Droits Ne peuvent [&hellip;]\" \/>\n<meta property=\"og:url\" content=\"https:\/\/sonographycanada.ca\/fr\/adhesion\/devenir-membre\/membre-etudiant\" \/>\n<meta property=\"og:site_name\" content=\"\u00c9chographie Canada\" \/>\n<meta property=\"article:modified_time\" content=\"2021-09-17T14:57:01+00:00\" \/>\n<meta property=\"og:image\" content=\"https:\/\/sonographycanada.ca\/app\/uploads\/2020\/04\/Sonography-canada-student-card-1024x329.jpg\" \/>\n<meta name=\"twitter:card\" content=\"summary_large_image\" \/>\n<meta name=\"twitter:label1\" content=\"Est. reading time\" \/>\n\t<meta name=\"twitter:data1\" content=\"1 minute\" \/>\n<script type=\"application\/ld+json\" class=\"yoast-schema-graph\">{\"@context\":\"https:\/\/schema.org\",\"@graph\":[{\"@type\":\"WebPage\",\"@id\":\"https:\/\/sonographycanada.ca\/fr\/adhesion\/devenir-membre\/membre-etudiant\",\"url\":\"https:\/\/sonographycanada.ca\/fr\/adhesion\/devenir-membre\/membre-etudiant\",\"name\":\"Membre \u00e9tudiant - \u00c9chographie Canada\",\"isPartOf\":{\"@id\":\"https:\/\/sonographycanada.ca\/#website\"},\"primaryImageOfPage\":{\"@id\":\"https:\/\/sonographycanada.ca\/fr\/adhesion\/devenir-membre\/membre-etudiant#primaryimage\"},\"image\":{\"@id\":\"https:\/\/sonographycanada.ca\/fr\/adhesion\/devenir-membre\/membre-etudiant#primaryimage\"},\"thumbnailUrl\":\"https:\/\/sonographycanada.ca\/app\/uploads\/2020\/04\/Sonography-canada-student-card-1024x329.jpg\",\"datePublished\":\"2020-04-03T09:46:39+00:00\",\"dateModified\":\"2021-09-17T14:57:01+00:00\",\"breadcrumb\":{\"@id\":\"https:\/\/sonographycanada.ca\/fr\/adhesion\/devenir-membre\/membre-etudiant#breadcrumb\"},\"inLanguage\":\"fr-FR\",\"potentialAction\":[{\"@type\":\"ReadAction\",\"target\":[\"https:\/\/sonographycanada.ca\/fr\/adhesion\/devenir-membre\/membre-etudiant\"]}]},{\"@type\":\"ImageObject\",\"inLanguage\":\"fr-FR\",\"@id\":\"https:\/\/sonographycanada.ca\/fr\/adhesion\/devenir-membre\/membre-etudiant#primaryimage\",\"url\":\"https:\/\/sonographycanada.ca\/app\/uploads\/2020\/04\/Sonography-canada-student-card-1024x329.jpg\",\"contentUrl\":\"https:\/\/sonographycanada.ca\/app\/uploads\/2020\/04\/Sonography-canada-student-card-1024x329.jpg\"},{\"@type\":\"BreadcrumbList\",\"@id\":\"https:\/\/sonographycanada.ca\/fr\/adhesion\/devenir-membre\/membre-etudiant#breadcrumb\",\"itemListElement\":[{\"@type\":\"ListItem\",\"position\":1,\"name\":\"Accueil\",\"item\":\"https:\/\/sonographycanada.ca\/fr\"},{\"@type\":\"ListItem\",\"position\":2,\"name\":\"Adh\u00e9sion\",\"item\":\"https:\/\/sonographycanada.ca\/fr\/adhesion\"},{\"@type\":\"ListItem\",\"position\":3,\"name\":\"Devenir membre\",\"item\":\"https:\/\/sonographycanada.ca\/fr\/adhesion\/devenir-membre\"},{\"@type\":\"ListItem\",\"position\":4,\"name\":\"Membre \u00e9tudiant\"}]},{\"@type\":\"WebSite\",\"@id\":\"https:\/\/sonographycanada.ca\/#website\",\"url\":\"https:\/\/sonographycanada.ca\/\",\"name\":\"\u00c9chographie Canada\",\"description\":\"La voix des \u00e9chographistes m\u00e9dicaux diagnostiques au Canada\",\"potentialAction\":[{\"@type\":\"SearchAction\",\"target\":{\"@type\":\"EntryPoint\",\"urlTemplate\":\"https:\/\/sonographycanada.ca\/?s={search_term_string}\"},\"query-input\":{\"@type\":\"PropertyValueSpecification\",\"valueRequired\":true,\"valueName\":\"search_term_string\"}}],\"inLanguage\":\"fr-FR\"}]}<\/script>\n<!-- \/ Yoast SEO plugin. -->","yoast_head_json":{"title":"Membre \u00e9tudiant - \u00c9chographie Canada","robots":{"index":"index","follow":"follow","max-snippet":"max-snippet:-1","max-image-preview":"max-image-preview:large","max-video-preview":"max-video-preview:-1"},"canonical":"https:\/\/sonographycanada.ca\/fr\/adhesion\/devenir-membre\/membre-etudiant","og_locale":"fr_FR","og_type":"article","og_title":"Membre \u00e9tudiant - \u00c9chographie Canada","og_description":"Conditions Un membre \u00e9tudiant est un individu inscrit \u00e0 un programme de formation en \u00e9chographie m\u00e9dicale diagnostique agr\u00e9\u00e9 ou enregistr\u00e9 aupr\u00e8s d\u2019Agr\u00e9ment Canada, et dont la demande pour devenir membre \u00e9tudiant a \u00e9t\u00e9 approuv\u00e9e par le conseil d\u2019administration d\u2019\u00c9chographie Canada. Droits et responsabilit\u00e9s Les membres \u00e9tudiants ont les droits et responsabilit\u00e9s suivants&nbsp;: Droits Ne peuvent [&hellip;]","og_url":"https:\/\/sonographycanada.ca\/fr\/adhesion\/devenir-membre\/membre-etudiant","og_site_name":"\u00c9chographie Canada","article_modified_time":"2021-09-17T14:57:01+00:00","og_image":[{"url":"https:\/\/sonographycanada.ca\/app\/uploads\/2020\/04\/Sonography-canada-student-card-1024x329.jpg"}],"twitter_card":"summary_large_image","twitter_misc":{"Est. reading time":"1 minute"},"schema":{"@context":"https:\/\/schema.org","@graph":[{"@type":"WebPage","@id":"https:\/\/sonographycanada.ca\/fr\/adhesion\/devenir-membre\/membre-etudiant","url":"https:\/\/sonographycanada.ca\/fr\/adhesion\/devenir-membre\/membre-etudiant","name":"Membre \u00e9tudiant - \u00c9chographie Canada","isPartOf":{"@id":"https:\/\/sonographycanada.ca\/#website"},"primaryImageOfPage":{"@id":"https:\/\/sonographycanada.ca\/fr\/adhesion\/devenir-membre\/membre-etudiant#primaryimage"},"image":{"@id":"https:\/\/sonographycanada.ca\/fr\/adhesion\/devenir-membre\/membre-etudiant#primaryimage"},"thumbnailUrl":"https:\/\/sonographycanada.ca\/app\/uploads\/2020\/04\/Sonography-canada-student-card-1024x329.jpg","datePublished":"2020-04-03T09:46:39+00:00","dateModified":"2021-09-17T14:57:01+00:00","breadcrumb":{"@id":"https:\/\/sonographycanada.ca\/fr\/adhesion\/devenir-membre\/membre-etudiant#breadcrumb"},"inLanguage":"fr-FR","potentialAction":[{"@type":"ReadAction","target":["https:\/\/sonographycanada.ca\/fr\/adhesion\/devenir-membre\/membre-etudiant"]}]},{"@type":"ImageObject","inLanguage":"fr-FR","@id":"https:\/\/sonographycanada.ca\/fr\/adhesion\/devenir-membre\/membre-etudiant#primaryimage","url":"https:\/\/sonographycanada.ca\/app\/uploads\/2020\/04\/Sonography-canada-student-card-1024x329.jpg","contentUrl":"https:\/\/sonographycanada.ca\/app\/uploads\/2020\/04\/Sonography-canada-student-card-1024x329.jpg"},{"@type":"BreadcrumbList","@id":"https:\/\/sonographycanada.ca\/fr\/adhesion\/devenir-membre\/membre-etudiant#breadcrumb","itemListElement":[{"@type":"ListItem","position":1,"name":"Accueil","item":"https:\/\/sonographycanada.ca\/fr"},{"@type":"ListItem","position":2,"name":"Adh\u00e9sion","item":"https:\/\/sonographycanada.ca\/fr\/adhesion"},{"@type":"ListItem","position":3,"name":"Devenir membre","item":"https:\/\/sonographycanada.ca\/fr\/adhesion\/devenir-membre"},{"@type":"ListItem","position":4,"name":"Membre \u00e9tudiant"}]},{"@type":"WebSite","@id":"https:\/\/sonographycanada.ca\/#website","url":"https:\/\/sonographycanada.ca\/","name":"\u00c9chographie Canada","description":"La voix des \u00e9chographistes m\u00e9dicaux diagnostiques au Canada","potentialAction":[{"@type":"SearchAction","target":{"@type":"EntryPoint","urlTemplate":"https:\/\/sonographycanada.ca\/?s={search_term_string}"},"query-input":{"@type":"PropertyValueSpecification","valueRequired":true,"valueName":"search_term_string"}}],"inLanguage":"fr-FR"}]}},"coauthors":[],"author_meta":{"author_link":"https:\/\/sonographycanada.ca\/fr\/author\/263a58fd-0292-4830-a513-b6bccee25d5d","display_name":"Riad Kadi"},"relative_dates":{"created":"Publi\u00e9 6 years il y a","modified":"Mis \u00e0 jour 5 years il y a"},"absolute_dates":{"created":"Publi\u00e9 le avril 3, 2020","modified":"Mise \u00e0 jour le septembre 17, 2021"},"absolute_dates_time":{"created":"Publi\u00e9 le avril 3, 2020 9:46 am","modified":"Mise \u00e0 jour le septembre 17, 2021 2:57 pm"},"featured_img_caption":"","featured_img":false,"series_order":"","_links":{"self":[{"href":"https:\/\/sonographycanada.ca\/fr\/wp-json\/wp\/v2\/pages\/22218"}],"collection":[{"href":"https:\/\/sonographycanada.ca\/fr\/wp-json\/wp\/v2\/pages"}],"about":[{"href":"https:\/\/sonographycanada.ca\/fr\/wp-json\/wp\/v2\/types\/page"}],"author":[{"embeddable":true,"href":"https:\/\/sonographycanada.ca\/fr\/wp-json\/wp\/v2\/users\/6718"}],"replies":[{"embeddable":true,"href":"https:\/\/sonographycanada.ca\/fr\/wp-json\/wp\/v2\/comments?post=22218"}],"version-history":[{"count":6,"href":"https:\/\/sonographycanada.ca\/fr\/wp-json\/wp\/v2\/pages\/22218\/revisions"}],"predecessor-version":[{"id":134516,"href":"https:\/\/sonographycanada.ca\/fr\/wp-json\/wp\/v2\/pages\/22218\/revisions\/134516"}],"up":[{"embeddable":true,"href":"https:\/\/sonographycanada.ca\/fr\/wp-json\/wp\/v2\/pages\/22336"}],"wp:attachment":[{"href":"https:\/\/sonographycanada.ca\/fr\/wp-json\/wp\/v2\/media?parent=22218"}],"curies":[{"name":"wp","href":"https:\/\/api.w.org\/{rel}","templated":true}]}}