{"id":22224,"date":"2020-03-20T12:32:23","date_gmt":"2020-03-20T12:32:23","guid":{"rendered":"https:\/\/sonographycanada.ca\/recent-graduate-membership-launching-in-2021"},"modified":"2020-04-03T10:08:26","modified_gmt":"2020-04-03T10:08:26","slug":"nouveau-diplome-sera-lance-en-2021","status":"publish","type":"page","link":"https:\/\/sonographycanada.ca\/fr\/adhesion\/devenir-membre\/nouveau-diplome-sera-lance-en-2021","title":{"rendered":"Nouveau dipl\u00f4m\u00e9  (Sera lanc\u00e9 en 2021)"},"content":{"rendered":"<h3 class=\"wp-block-heading\">Conditions<\/h3><p> Un \u00e9tudiant peut \u00eatre un nouveau dipl\u00f4m\u00e9 pendant les 12 mois qui suivent sa graduation d\u2019un programme de formation en \u00e9chographie m\u00e9dicale diagnostique agr\u00e9\u00e9.Sonography training program.  <\/p><h3 class=\"wp-block-heading\">Droits et responsabilit\u00e9s<\/h3><p>Recent Graduate members have the following rights and responsibilities:<\/p><div class=\"grid grid--flex-md\" style=\"margin-bottom:60px\">\n<div class=\"grid__col--md-6\">\n<h4>Droits<\/h4>\n<hr class=\"wp-block-separator\">\n<p><strong>Peuvent<\/strong> \u00eatre titulaire et faire l\u2019usage des titres de comp\u00e9tence lorsqu\u2019ils auront compl\u00e9t\u00e9 les exigences d\u2019admission \u00e0 la pratique et deviendront accr\u00e9dit\u00e9s.<\/p>\n<hr class=\"wp-block-separator\">\n<p><strong>Peuvent<\/strong> se procurer de l\u2019assurance responsabilit\u00e9 professionnelle (ARP) au tarif pr\u00e9f\u00e9rentiel d\u2019\u00c9chographie Canada.<\/p>\n<hr class=\"wp-block-separator\">\n<p><strong>Peuvent<\/strong> voter lors des \u00e9lections d\u2019\u00c9chographie Canada et sur les motions concernant la gouvernance.<\/p>\n<hr class=\"wp-block-separator\">\n<p><strong>Peuvent<\/strong> se porter b\u00e9n\u00e9vole pour devenir membre d\u2019un comit\u00e9 ou du conseil d\u2019administration s\u2019ils rencontrent les exigences particuli\u00e8res rattach\u00e9es au r\u00f4le en question.<\/p>\n<hr class=\"wp-block-separator\">\n<\/div>\n<div class=\"grid__col--md-6\" style=\"margin-bottom:30px;\">\n<h4>Responsabilit\u00e9s<\/h4>\n<hr class=\"wp-block-separator\">\n<p><strong>Doivent rencontrer<\/strong><a href=\"https:\/\/sonographycanada.ca\/professional-development\/cpd-program-requirements\"> les exigences en mati\u00e8re de d\u00e9veloppement professionnel continu (DPC) d\u2019\u00c9chographie Canada<\/a> s\u2019ils d\u00e9tiennent des titres de comp\u00e9tence.<\/p>\n<hr class=\"wp-block-separator\">\n<\/div>\n<\/div><p><strong>Les cartes d\u2019adh\u00e9sion accord\u00e9es aux nouveaux dipl\u00f4m\u00e9s indiqueront \u00ab Actif \u00bb plus  \u00ab Titres de comp\u00e9tence canadiens \u00bb suivi des titres de comp\u00e9tences d\u2019\u00c9chographie Canada particuliers dont ils sont titulaires: CRGS\u00ae, CRCS\u00ae, CRVS\u00ae, et\/ou CRS\u00ae ou \u00ab Aucun titre de comp\u00e9tence canadien \u00bb<\/strong><\/p><div class=\"wp-block-image\"><figure class=\"aligncenter size-large\"><img loading=\"lazy\" decoding=\"async\" width=\"975\" height=\"340\" src=\"https:\/\/sonographycanada.ca\/app\/uploads\/2020\/03\/active.jpg\" alt=\"Sonography Canada Active membership card sample\" class=\"wp-image-21569\" srcset=\"https:\/\/sonographycanada.ca\/app\/uploads\/2020\/03\/active.jpg 975w, https:\/\/sonographycanada.ca\/app\/uploads\/2020\/03\/active-600x209.jpg 600w, https:\/\/sonographycanada.ca\/app\/uploads\/2020\/03\/active-300x105.jpg 300w, https:\/\/sonographycanada.ca\/app\/uploads\/2020\/03\/active-768x268.jpg 768w, https:\/\/sonographycanada.ca\/app\/uploads\/2020\/03\/active-390x136.jpg 390w\" sizes=\"(max-width: 975px) 100vw, 975px\" \/><\/figure><\/div><hr class=\"wp-block-separator\" style=\"margin-top:45px\"><p><strong>Cotisation pour les nouveaux dipl\u00f4m\u00e9s : 75 $<br> P\u00e9riode d\u2019adh\u00e9sion : du 1 mai au 30 avril<\/strong><\/p><p style=\"margin-bottom:10px\">Pour renouveler votre adh\u00e9sion, veuillez acc\u00e9der \u00e0 votre profil\/compte de membre maintenant :<\/p>\n\n<a style=\"margin-bottom:35px\" class=\"button button--primary text--centered\" href=\"https:\/\/sonography-login.wicketcloud.com\/login?service=https:\/\/sonographycanada.ca\/account-centre\/\">Se connecter<\/a>\n\n<p><p style=\"margin-bottom:10px\">Pour vous inscrire, veuillez cr\u00e9er votre profil\/compte de membre et compl\u00e9ter le formulaire d\u2019adh\u00e9sion : <\/p><\/p>\n\n<a style=\"margin-bottom:35px\" class=\"button button--primary text--centered\" href=\"https:\/\/sonographycanada.ca\/fr\/inscription\">Cr\u00e9er un compte<\/a>","protected":false},"excerpt":{"rendered":"<p>Conditions Un \u00e9tudiant peut \u00eatre un nouveau dipl\u00f4m\u00e9 pendant les 12 mois qui suivent sa graduation d\u2019un programme de formation en \u00e9chographie m\u00e9dicale diagnostique agr\u00e9\u00e9.Sonography training program. Droits et responsabilit\u00e9s Recent Graduate members have the following rights and responsibilities: Droits Peuvent \u00eatre titulaire et faire l\u2019usage des titres de comp\u00e9tence lorsqu\u2019ils auront compl\u00e9t\u00e9 les exigences [&hellip;]<\/p>\n","protected":false},"author":6718,"featured_media":0,"parent":22336,"menu_order":3,"comment_status":"closed","ping_status":"closed","template":"","meta":{"_acf_changed":false,"advgb_blocks_editor_width":"","advgb_blocks_columns_visual_guide":"","wicket_organization":"","_seat_count":"","_member_id":[],"_edit_last":"6718","_start_date":"","_end_date":"","footnotes":""},"class_list":["post-22224","page","type-page","status-publish","hentry"],"acf":[],"yoast_head":"<!-- This site is optimized with the Yoast SEO plugin v23.5 - https:\/\/yoast.com\/wordpress\/plugins\/seo\/ -->\n<title>Nouveau dipl\u00f4m\u00e9 (Sera lanc\u00e9 en 2021) - \u00c9chographie Canada<\/title>\n<meta name=\"robots\" content=\"index, follow, max-snippet:-1, max-image-preview:large, max-video-preview:-1\" \/>\n<link rel=\"canonical\" href=\"https:\/\/sonographycanada.ca\/fr\/adhesion\/devenir-membre\/nouveau-diplome-sera-lance-en-2021\" \/>\n<meta property=\"og:locale\" content=\"fr_FR\" \/>\n<meta property=\"og:type\" content=\"article\" \/>\n<meta property=\"og:title\" content=\"Nouveau dipl\u00f4m\u00e9 (Sera lanc\u00e9 en 2021) - \u00c9chographie Canada\" \/>\n<meta property=\"og:description\" content=\"Conditions Un \u00e9tudiant peut \u00eatre un nouveau dipl\u00f4m\u00e9 pendant les 12 mois qui suivent sa graduation d\u2019un programme de formation en \u00e9chographie m\u00e9dicale diagnostique agr\u00e9\u00e9.Sonography training program. Droits et responsabilit\u00e9s Recent Graduate members have the following rights and responsibilities: Droits Peuvent \u00eatre titulaire et faire l\u2019usage des titres de comp\u00e9tence lorsqu\u2019ils auront compl\u00e9t\u00e9 les exigences [&hellip;]\" \/>\n<meta property=\"og:url\" content=\"https:\/\/sonographycanada.ca\/fr\/adhesion\/devenir-membre\/nouveau-diplome-sera-lance-en-2021\" \/>\n<meta property=\"og:site_name\" content=\"\u00c9chographie Canada\" \/>\n<meta property=\"article:modified_time\" content=\"2020-04-03T10:08:26+00:00\" \/>\n<meta property=\"og:image\" content=\"https:\/\/sonographycanada.ca\/app\/uploads\/2020\/03\/active.jpg\" \/>\n<meta name=\"twitter:card\" content=\"summary_large_image\" \/>\n<meta name=\"twitter:label1\" content=\"Est. reading time\" \/>\n\t<meta name=\"twitter:data1\" content=\"1 minute\" \/>\n<script type=\"application\/ld+json\" class=\"yoast-schema-graph\">{\"@context\":\"https:\/\/schema.org\",\"@graph\":[{\"@type\":\"WebPage\",\"@id\":\"https:\/\/sonographycanada.ca\/fr\/adhesion\/devenir-membre\/nouveau-diplome-sera-lance-en-2021\",\"url\":\"https:\/\/sonographycanada.ca\/fr\/adhesion\/devenir-membre\/nouveau-diplome-sera-lance-en-2021\",\"name\":\"Nouveau dipl\u00f4m\u00e9 (Sera lanc\u00e9 en 2021) - \u00c9chographie Canada\",\"isPartOf\":{\"@id\":\"https:\/\/sonographycanada.ca\/#website\"},\"primaryImageOfPage\":{\"@id\":\"https:\/\/sonographycanada.ca\/fr\/adhesion\/devenir-membre\/nouveau-diplome-sera-lance-en-2021#primaryimage\"},\"image\":{\"@id\":\"https:\/\/sonographycanada.ca\/fr\/adhesion\/devenir-membre\/nouveau-diplome-sera-lance-en-2021#primaryimage\"},\"thumbnailUrl\":\"https:\/\/sonographycanada.ca\/app\/uploads\/2020\/03\/active.jpg\",\"datePublished\":\"2020-03-20T12:32:23+00:00\",\"dateModified\":\"2020-04-03T10:08:26+00:00\",\"breadcrumb\":{\"@id\":\"https:\/\/sonographycanada.ca\/fr\/adhesion\/devenir-membre\/nouveau-diplome-sera-lance-en-2021#breadcrumb\"},\"inLanguage\":\"fr-FR\",\"potentialAction\":[{\"@type\":\"ReadAction\",\"target\":[\"https:\/\/sonographycanada.ca\/fr\/adhesion\/devenir-membre\/nouveau-diplome-sera-lance-en-2021\"]}]},{\"@type\":\"ImageObject\",\"inLanguage\":\"fr-FR\",\"@id\":\"https:\/\/sonographycanada.ca\/fr\/adhesion\/devenir-membre\/nouveau-diplome-sera-lance-en-2021#primaryimage\",\"url\":\"https:\/\/sonographycanada.ca\/app\/uploads\/2020\/03\/active.jpg\",\"contentUrl\":\"https:\/\/sonographycanada.ca\/app\/uploads\/2020\/03\/active.jpg\"},{\"@type\":\"BreadcrumbList\",\"@id\":\"https:\/\/sonographycanada.ca\/fr\/adhesion\/devenir-membre\/nouveau-diplome-sera-lance-en-2021#breadcrumb\",\"itemListElement\":[{\"@type\":\"ListItem\",\"position\":1,\"name\":\"Accueil\",\"item\":\"https:\/\/sonographycanada.ca\/fr\"},{\"@type\":\"ListItem\",\"position\":2,\"name\":\"Adh\u00e9sion\",\"item\":\"https:\/\/sonographycanada.ca\/fr\/adhesion\"},{\"@type\":\"ListItem\",\"position\":3,\"name\":\"Devenir membre\",\"item\":\"https:\/\/sonographycanada.ca\/fr\/adhesion\/devenir-membre\"},{\"@type\":\"ListItem\",\"position\":4,\"name\":\"Nouveau dipl\u00f4m\u00e9 (Sera lanc\u00e9 en 2021)\"}]},{\"@type\":\"WebSite\",\"@id\":\"https:\/\/sonographycanada.ca\/#website\",\"url\":\"https:\/\/sonographycanada.ca\/\",\"name\":\"\u00c9chographie Canada\",\"description\":\"La voix des \u00e9chographistes m\u00e9dicaux diagnostiques au Canada\",\"potentialAction\":[{\"@type\":\"SearchAction\",\"target\":{\"@type\":\"EntryPoint\",\"urlTemplate\":\"https:\/\/sonographycanada.ca\/?s={search_term_string}\"},\"query-input\":{\"@type\":\"PropertyValueSpecification\",\"valueRequired\":true,\"valueName\":\"search_term_string\"}}],\"inLanguage\":\"fr-FR\"}]}<\/script>\n<!-- \/ Yoast SEO plugin. -->","yoast_head_json":{"title":"Nouveau dipl\u00f4m\u00e9 (Sera lanc\u00e9 en 2021) - \u00c9chographie Canada","robots":{"index":"index","follow":"follow","max-snippet":"max-snippet:-1","max-image-preview":"max-image-preview:large","max-video-preview":"max-video-preview:-1"},"canonical":"https:\/\/sonographycanada.ca\/fr\/adhesion\/devenir-membre\/nouveau-diplome-sera-lance-en-2021","og_locale":"fr_FR","og_type":"article","og_title":"Nouveau dipl\u00f4m\u00e9 (Sera lanc\u00e9 en 2021) - \u00c9chographie Canada","og_description":"Conditions Un \u00e9tudiant peut \u00eatre un nouveau dipl\u00f4m\u00e9 pendant les 12 mois qui suivent sa graduation d\u2019un programme de formation en \u00e9chographie m\u00e9dicale diagnostique agr\u00e9\u00e9.Sonography training program. Droits et responsabilit\u00e9s Recent Graduate members have the following rights and responsibilities: Droits Peuvent \u00eatre titulaire et faire l\u2019usage des titres de comp\u00e9tence lorsqu\u2019ils auront compl\u00e9t\u00e9 les exigences [&hellip;]","og_url":"https:\/\/sonographycanada.ca\/fr\/adhesion\/devenir-membre\/nouveau-diplome-sera-lance-en-2021","og_site_name":"\u00c9chographie Canada","article_modified_time":"2020-04-03T10:08:26+00:00","og_image":[{"url":"https:\/\/sonographycanada.ca\/app\/uploads\/2020\/03\/active.jpg"}],"twitter_card":"summary_large_image","twitter_misc":{"Est. reading time":"1 minute"},"schema":{"@context":"https:\/\/schema.org","@graph":[{"@type":"WebPage","@id":"https:\/\/sonographycanada.ca\/fr\/adhesion\/devenir-membre\/nouveau-diplome-sera-lance-en-2021","url":"https:\/\/sonographycanada.ca\/fr\/adhesion\/devenir-membre\/nouveau-diplome-sera-lance-en-2021","name":"Nouveau dipl\u00f4m\u00e9 (Sera lanc\u00e9 en 2021) - \u00c9chographie Canada","isPartOf":{"@id":"https:\/\/sonographycanada.ca\/#website"},"primaryImageOfPage":{"@id":"https:\/\/sonographycanada.ca\/fr\/adhesion\/devenir-membre\/nouveau-diplome-sera-lance-en-2021#primaryimage"},"image":{"@id":"https:\/\/sonographycanada.ca\/fr\/adhesion\/devenir-membre\/nouveau-diplome-sera-lance-en-2021#primaryimage"},"thumbnailUrl":"https:\/\/sonographycanada.ca\/app\/uploads\/2020\/03\/active.jpg","datePublished":"2020-03-20T12:32:23+00:00","dateModified":"2020-04-03T10:08:26+00:00","breadcrumb":{"@id":"https:\/\/sonographycanada.ca\/fr\/adhesion\/devenir-membre\/nouveau-diplome-sera-lance-en-2021#breadcrumb"},"inLanguage":"fr-FR","potentialAction":[{"@type":"ReadAction","target":["https:\/\/sonographycanada.ca\/fr\/adhesion\/devenir-membre\/nouveau-diplome-sera-lance-en-2021"]}]},{"@type":"ImageObject","inLanguage":"fr-FR","@id":"https:\/\/sonographycanada.ca\/fr\/adhesion\/devenir-membre\/nouveau-diplome-sera-lance-en-2021#primaryimage","url":"https:\/\/sonographycanada.ca\/app\/uploads\/2020\/03\/active.jpg","contentUrl":"https:\/\/sonographycanada.ca\/app\/uploads\/2020\/03\/active.jpg"},{"@type":"BreadcrumbList","@id":"https:\/\/sonographycanada.ca\/fr\/adhesion\/devenir-membre\/nouveau-diplome-sera-lance-en-2021#breadcrumb","itemListElement":[{"@type":"ListItem","position":1,"name":"Accueil","item":"https:\/\/sonographycanada.ca\/fr"},{"@type":"ListItem","position":2,"name":"Adh\u00e9sion","item":"https:\/\/sonographycanada.ca\/fr\/adhesion"},{"@type":"ListItem","position":3,"name":"Devenir membre","item":"https:\/\/sonographycanada.ca\/fr\/adhesion\/devenir-membre"},{"@type":"ListItem","position":4,"name":"Nouveau dipl\u00f4m\u00e9 (Sera lanc\u00e9 en 2021)"}]},{"@type":"WebSite","@id":"https:\/\/sonographycanada.ca\/#website","url":"https:\/\/sonographycanada.ca\/","name":"\u00c9chographie Canada","description":"La voix des \u00e9chographistes m\u00e9dicaux diagnostiques au Canada","potentialAction":[{"@type":"SearchAction","target":{"@type":"EntryPoint","urlTemplate":"https:\/\/sonographycanada.ca\/?s={search_term_string}"},"query-input":{"@type":"PropertyValueSpecification","valueRequired":true,"valueName":"search_term_string"}}],"inLanguage":"fr-FR"}]}},"coauthors":[],"author_meta":{"author_link":"https:\/\/sonographycanada.ca\/fr\/author\/263a58fd-0292-4830-a513-b6bccee25d5d","display_name":"Riad Kadi"},"relative_dates":{"created":"Publi\u00e9 6 years il y a","modified":"Mis \u00e0 jour 6 years il y a"},"absolute_dates":{"created":"Publi\u00e9 le mars 20, 2020","modified":"Mise \u00e0 jour le avril 3, 2020"},"absolute_dates_time":{"created":"Publi\u00e9 le mars 20, 2020 12:32 pm","modified":"Mise \u00e0 jour le avril 3, 2020 10:08 am"},"featured_img_caption":"","featured_img":false,"series_order":"","_links":{"self":[{"href":"https:\/\/sonographycanada.ca\/fr\/wp-json\/wp\/v2\/pages\/22224"}],"collection":[{"href":"https:\/\/sonographycanada.ca\/fr\/wp-json\/wp\/v2\/pages"}],"about":[{"href":"https:\/\/sonographycanada.ca\/fr\/wp-json\/wp\/v2\/types\/page"}],"author":[{"embeddable":true,"href":"https:\/\/sonographycanada.ca\/fr\/wp-json\/wp\/v2\/users\/6718"}],"replies":[{"embeddable":true,"href":"https:\/\/sonographycanada.ca\/fr\/wp-json\/wp\/v2\/comments?post=22224"}],"version-history":[{"count":3,"href":"https:\/\/sonographycanada.ca\/fr\/wp-json\/wp\/v2\/pages\/22224\/revisions"}],"predecessor-version":[{"id":22237,"href":"https:\/\/sonographycanada.ca\/fr\/wp-json\/wp\/v2\/pages\/22224\/revisions\/22237"}],"up":[{"embeddable":true,"href":"https:\/\/sonographycanada.ca\/fr\/wp-json\/wp\/v2\/pages\/22336"}],"wp:attachment":[{"href":"https:\/\/sonographycanada.ca\/fr\/wp-json\/wp\/v2\/media?parent=22224"}],"curies":[{"name":"wp","href":"https:\/\/api.w.org\/{rel}","templated":true}]}}