{"id":22230,"date":"2020-03-20T12:32:27","date_gmt":"2020-03-20T12:32:27","guid":{"rendered":"https:\/\/sonographycanada.ca\/inactive-practitioner-membership"},"modified":"2020-04-03T10:13:44","modified_gmt":"2020-04-03T10:13:44","slug":"membre-praticien-inactif","status":"publish","type":"page","link":"https:\/\/sonographycanada.ca\/fr\/adhesion\/devenir-membre\/membre-praticien-inactif","title":{"rendered":"Membre praticien inactif"},"content":{"rendered":"<p> En reconnaissant que les param\u00e8tres d\u00e9mographiques des \u00e9chographistes praticiens sont en \u00e9volution, nous avons cr\u00e9\u00e9 une nouvelle cat\u00e9gorie de membres pour les praticiens inactifs afin que les retrait\u00e9s ou les individus qui occupent maintenant des r\u00f4les de non-praticiens (e.g. industrie, etc.) puissent demeurer impliqu\u00e9s dans leur association et reli\u00e9s avec les membres afin que nous puissions profiter de leur exp\u00e9rience.<\/p><h3 class=\"wp-block-heading\">Conditions<\/h3><p style=\"background-color:#E9EEF3; padding:25px\"> Un membre praticien inactif est un individu qui a cess\u00e9 d\u2019\u00eatre un membre actif et qui est pr\u00e9sentement retrait\u00e9 de la pratique, de l\u2019enseignement ou de l\u2019application des principes de l\u2019\u00e9chographie de diagnostic m\u00e9dical, ou qui a \u00e9t\u00e9 d\u00e9tach\u00e9 pour occuper un r\u00f4le de non-praticien.<\/p><h3 class=\"wp-block-heading\">Droits et responsabilit\u00e9s<\/h3><div class=\"grid grid--flex-md\" style=\"margin-bottom:60px\">\n<div class=\"grid__col--md-6\">\n<h4>Droits<\/h4>\n<hr class=\"wp-block-separator\">\n<p><strong>Ne peuvent pas<\/strong> ajouter les titres de comp\u00e9tence d\u2019\u00c9chographie Canada aupr\u00e8s de leur nom.<\/p>\n<hr class=\"wp-block-separator\">\n<p><strong>Ne peuvent pas<\/strong> se procurer de l\u2019assurance responsabilit\u00e9 professionnelle (ARP).<\/p>\n<hr class=\"wp-block-separator\">\n<p><strong>Ne peuvent pas<\/strong> voter lors des \u00e9lections d\u2019\u00c9chographie Canada ou sur les motions concernant la gouvernance.<\/p>\n<hr class=\"wp-block-separator\">\n<p><strong>Peuvent <\/strong> se porter b\u00e9n\u00e9vole pour devenir membre d\u2019un comit\u00e9 s\u2019ils rencontrent les exigences particuli\u00e8res rattach\u00e9es au r\u00f4le en question, mais ne peuvent pas devenir membre du conseil d\u2019administration.<\/p>\n<hr class=\"wp-block-separator\">\n<\/div>\n<div class=\"grid__col--md-6\" style=\"margin-bottom:30px;\">\n<h4>Responsabilit\u00e9s<\/h4>\n<hr class=\"wp-block-separator\">\n<p><strong>Ne sont pas<\/strong> tenus de rencontrer <a href=\"https:\/\/sonographycanada.ca\/professional-development\/cpd-program-requirements\">les exigences en mati\u00e8re de d\u00e9veloppement professionnel continu (DPC) d\u2019\u00c9chographie Canada.<\/a><\/p>\n<hr class=\"wp-block-separator\">\n<\/div>\n<\/div><p>La possibilit\u00e9 pour un praticien inactif de reprendre le statut de membre actif (titulaire de titres de comp\u00e9tence d\u2019\u00c9chographie Canada) apr\u00e8s une p\u00e9riode de cinq (5) ans se fera \u00e0 la discr\u00e9tion du conseil d\u2019administration d\u2019\u00c9chographie Canada.<\/p><p><strong>Les cartes d\u2019adh\u00e9sion accord\u00e9es aux membres praticiens inactifs indiqueront \u00ab Aucun titre de comp\u00e9tence approuv\u00e9 \u00bb.<\/strong><\/p><figure class=\"wp-block-image size-large\"><img loading=\"lazy\" decoding=\"async\" width=\"1024\" height=\"327\" src=\"https:\/\/sonographycanada.ca\/app\/uploads\/2020\/04\/intactive-practitioner-1024x327.jpg\" alt=\"Sonography canada intactive practitioner card\" class=\"wp-image-22139\" srcset=\"https:\/\/sonographycanada.ca\/app\/uploads\/2020\/04\/intactive-practitioner-1024x327.jpg 1024w, https:\/\/sonographycanada.ca\/app\/uploads\/2020\/04\/intactive-practitioner-600x192.jpg 600w, https:\/\/sonographycanada.ca\/app\/uploads\/2020\/04\/intactive-practitioner-300x96.jpg 300w, https:\/\/sonographycanada.ca\/app\/uploads\/2020\/04\/intactive-practitioner-768x246.jpg 768w, https:\/\/sonographycanada.ca\/app\/uploads\/2020\/04\/intactive-practitioner-1536x491.jpg 1536w, https:\/\/sonographycanada.ca\/app\/uploads\/2020\/04\/intactive-practitioner-390x125.jpg 390w, https:\/\/sonographycanada.ca\/app\/uploads\/2020\/04\/intactive-practitioner.jpg 1551w\" sizes=\"(max-width: 1024px) 100vw, 1024px\" \/><\/figure><hr class=\"wp-block-separator\" style=\"margin-top:45px\"><p><strong>Cotisation pour les membres praticiens inactifs : 75 $<br>P\u00e9riode d\u2019adh\u00e9sion : du 1 mai au 30 avril <\/strong><\/p><p style=\"margin-bottom:10px\">Pour renouveler votre adh\u00e9sion, veuillez acc\u00e9der \u00e0 votre profil\/compte de membre maintenant :<\/p>\n\n<a style=\"margin-bottom:35px\" class=\"button button--primary text--centered\" href=\"https:\/\/sonography-login.wicketcloud.com\/login?service=https:\/\/sonographycanada.ca\/account-centre\/\">Se connecter<\/a>\n\n<p><p style=\"margin-bottom:10px\">Pour vous inscrire, veuillez cr\u00e9er votre profil\/compte de membre et compl\u00e9ter le formulaire d\u2019adh\u00e9sion : <\/p><\/p>\n\n<a style=\"margin-bottom:35px\" class=\"button button--primary text--centered\" href=\"https:\/\/sonographycanada.ca\/fr\/inscription\">Cr\u00e9er un compte<\/a><p><\/p>","protected":false},"excerpt":{"rendered":"<p>En reconnaissant que les param\u00e8tres d\u00e9mographiques des \u00e9chographistes praticiens sont en \u00e9volution, nous avons cr\u00e9\u00e9 une nouvelle cat\u00e9gorie de membres pour les praticiens inactifs afin que les retrait\u00e9s ou les individus qui occupent maintenant des r\u00f4les de non-praticiens (e.g. industrie, etc.) puissent demeurer impliqu\u00e9s dans leur association et reli\u00e9s avec les membres afin que nous [&hellip;]<\/p>\n","protected":false},"author":6718,"featured_media":0,"parent":22336,"menu_order":4,"comment_status":"closed","ping_status":"closed","template":"","meta":{"_acf_changed":false,"advgb_blocks_editor_width":"","advgb_blocks_columns_visual_guide":"","wicket_organization":"","_seat_count":"","_member_id":[],"_edit_last":"6718","_start_date":"","_end_date":"","footnotes":""},"class_list":["post-22230","page","type-page","status-publish","hentry"],"acf":[],"yoast_head":"<!-- This site is optimized with the Yoast SEO plugin v23.5 - https:\/\/yoast.com\/wordpress\/plugins\/seo\/ -->\n<title>Membre praticien inactif - \u00c9chographie Canada<\/title>\n<meta name=\"robots\" content=\"index, follow, max-snippet:-1, max-image-preview:large, max-video-preview:-1\" \/>\n<link rel=\"canonical\" href=\"https:\/\/sonographycanada.ca\/fr\/adhesion\/devenir-membre\/membre-praticien-inactif\" \/>\n<meta property=\"og:locale\" content=\"fr_FR\" \/>\n<meta property=\"og:type\" content=\"article\" \/>\n<meta property=\"og:title\" content=\"Membre praticien inactif - \u00c9chographie Canada\" \/>\n<meta property=\"og:description\" content=\"En reconnaissant que les param\u00e8tres d\u00e9mographiques des \u00e9chographistes praticiens sont en \u00e9volution, nous avons cr\u00e9\u00e9 une nouvelle cat\u00e9gorie de membres pour les praticiens inactifs afin que les retrait\u00e9s ou les individus qui occupent maintenant des r\u00f4les de non-praticiens (e.g. industrie, etc.) puissent demeurer impliqu\u00e9s dans leur association et reli\u00e9s avec les membres afin que nous [&hellip;]\" \/>\n<meta property=\"og:url\" content=\"https:\/\/sonographycanada.ca\/fr\/adhesion\/devenir-membre\/membre-praticien-inactif\" \/>\n<meta property=\"og:site_name\" content=\"\u00c9chographie Canada\" \/>\n<meta property=\"article:modified_time\" content=\"2020-04-03T10:13:44+00:00\" \/>\n<meta property=\"og:image\" content=\"https:\/\/sonographycanada.ca\/app\/uploads\/2020\/04\/intactive-practitioner-1024x327.jpg\" \/>\n<meta name=\"twitter:card\" content=\"summary_large_image\" \/>\n<meta name=\"twitter:label1\" content=\"Est. reading time\" \/>\n\t<meta name=\"twitter:data1\" content=\"2 minutes\" \/>\n<script type=\"application\/ld+json\" class=\"yoast-schema-graph\">{\"@context\":\"https:\/\/schema.org\",\"@graph\":[{\"@type\":\"WebPage\",\"@id\":\"https:\/\/sonographycanada.ca\/fr\/adhesion\/devenir-membre\/membre-praticien-inactif\",\"url\":\"https:\/\/sonographycanada.ca\/fr\/adhesion\/devenir-membre\/membre-praticien-inactif\",\"name\":\"Membre praticien inactif - \u00c9chographie Canada\",\"isPartOf\":{\"@id\":\"https:\/\/sonographycanada.ca\/#website\"},\"primaryImageOfPage\":{\"@id\":\"https:\/\/sonographycanada.ca\/fr\/adhesion\/devenir-membre\/membre-praticien-inactif#primaryimage\"},\"image\":{\"@id\":\"https:\/\/sonographycanada.ca\/fr\/adhesion\/devenir-membre\/membre-praticien-inactif#primaryimage\"},\"thumbnailUrl\":\"https:\/\/sonographycanada.ca\/app\/uploads\/2020\/04\/intactive-practitioner-1024x327.jpg\",\"datePublished\":\"2020-03-20T12:32:27+00:00\",\"dateModified\":\"2020-04-03T10:13:44+00:00\",\"breadcrumb\":{\"@id\":\"https:\/\/sonographycanada.ca\/fr\/adhesion\/devenir-membre\/membre-praticien-inactif#breadcrumb\"},\"inLanguage\":\"fr-FR\",\"potentialAction\":[{\"@type\":\"ReadAction\",\"target\":[\"https:\/\/sonographycanada.ca\/fr\/adhesion\/devenir-membre\/membre-praticien-inactif\"]}]},{\"@type\":\"ImageObject\",\"inLanguage\":\"fr-FR\",\"@id\":\"https:\/\/sonographycanada.ca\/fr\/adhesion\/devenir-membre\/membre-praticien-inactif#primaryimage\",\"url\":\"https:\/\/sonographycanada.ca\/app\/uploads\/2020\/04\/intactive-practitioner-1024x327.jpg\",\"contentUrl\":\"https:\/\/sonographycanada.ca\/app\/uploads\/2020\/04\/intactive-practitioner-1024x327.jpg\"},{\"@type\":\"BreadcrumbList\",\"@id\":\"https:\/\/sonographycanada.ca\/fr\/adhesion\/devenir-membre\/membre-praticien-inactif#breadcrumb\",\"itemListElement\":[{\"@type\":\"ListItem\",\"position\":1,\"name\":\"Accueil\",\"item\":\"https:\/\/sonographycanada.ca\/fr\"},{\"@type\":\"ListItem\",\"position\":2,\"name\":\"Adh\u00e9sion\",\"item\":\"https:\/\/sonographycanada.ca\/fr\/adhesion\"},{\"@type\":\"ListItem\",\"position\":3,\"name\":\"Devenir membre\",\"item\":\"https:\/\/sonographycanada.ca\/fr\/adhesion\/devenir-membre\"},{\"@type\":\"ListItem\",\"position\":4,\"name\":\"Membre praticien inactif\"}]},{\"@type\":\"WebSite\",\"@id\":\"https:\/\/sonographycanada.ca\/#website\",\"url\":\"https:\/\/sonographycanada.ca\/\",\"name\":\"\u00c9chographie Canada\",\"description\":\"La voix des \u00e9chographistes m\u00e9dicaux diagnostiques au Canada\",\"potentialAction\":[{\"@type\":\"SearchAction\",\"target\":{\"@type\":\"EntryPoint\",\"urlTemplate\":\"https:\/\/sonographycanada.ca\/?s={search_term_string}\"},\"query-input\":{\"@type\":\"PropertyValueSpecification\",\"valueRequired\":true,\"valueName\":\"search_term_string\"}}],\"inLanguage\":\"fr-FR\"}]}<\/script>\n<!-- \/ Yoast SEO plugin. -->","yoast_head_json":{"title":"Membre praticien inactif - \u00c9chographie Canada","robots":{"index":"index","follow":"follow","max-snippet":"max-snippet:-1","max-image-preview":"max-image-preview:large","max-video-preview":"max-video-preview:-1"},"canonical":"https:\/\/sonographycanada.ca\/fr\/adhesion\/devenir-membre\/membre-praticien-inactif","og_locale":"fr_FR","og_type":"article","og_title":"Membre praticien inactif - \u00c9chographie Canada","og_description":"En reconnaissant que les param\u00e8tres d\u00e9mographiques des \u00e9chographistes praticiens sont en \u00e9volution, nous avons cr\u00e9\u00e9 une nouvelle cat\u00e9gorie de membres pour les praticiens inactifs afin que les retrait\u00e9s ou les individus qui occupent maintenant des r\u00f4les de non-praticiens (e.g. industrie, etc.) puissent demeurer impliqu\u00e9s dans leur association et reli\u00e9s avec les membres afin que nous [&hellip;]","og_url":"https:\/\/sonographycanada.ca\/fr\/adhesion\/devenir-membre\/membre-praticien-inactif","og_site_name":"\u00c9chographie Canada","article_modified_time":"2020-04-03T10:13:44+00:00","og_image":[{"url":"https:\/\/sonographycanada.ca\/app\/uploads\/2020\/04\/intactive-practitioner-1024x327.jpg"}],"twitter_card":"summary_large_image","twitter_misc":{"Est. reading time":"2 minutes"},"schema":{"@context":"https:\/\/schema.org","@graph":[{"@type":"WebPage","@id":"https:\/\/sonographycanada.ca\/fr\/adhesion\/devenir-membre\/membre-praticien-inactif","url":"https:\/\/sonographycanada.ca\/fr\/adhesion\/devenir-membre\/membre-praticien-inactif","name":"Membre praticien inactif - \u00c9chographie Canada","isPartOf":{"@id":"https:\/\/sonographycanada.ca\/#website"},"primaryImageOfPage":{"@id":"https:\/\/sonographycanada.ca\/fr\/adhesion\/devenir-membre\/membre-praticien-inactif#primaryimage"},"image":{"@id":"https:\/\/sonographycanada.ca\/fr\/adhesion\/devenir-membre\/membre-praticien-inactif#primaryimage"},"thumbnailUrl":"https:\/\/sonographycanada.ca\/app\/uploads\/2020\/04\/intactive-practitioner-1024x327.jpg","datePublished":"2020-03-20T12:32:27+00:00","dateModified":"2020-04-03T10:13:44+00:00","breadcrumb":{"@id":"https:\/\/sonographycanada.ca\/fr\/adhesion\/devenir-membre\/membre-praticien-inactif#breadcrumb"},"inLanguage":"fr-FR","potentialAction":[{"@type":"ReadAction","target":["https:\/\/sonographycanada.ca\/fr\/adhesion\/devenir-membre\/membre-praticien-inactif"]}]},{"@type":"ImageObject","inLanguage":"fr-FR","@id":"https:\/\/sonographycanada.ca\/fr\/adhesion\/devenir-membre\/membre-praticien-inactif#primaryimage","url":"https:\/\/sonographycanada.ca\/app\/uploads\/2020\/04\/intactive-practitioner-1024x327.jpg","contentUrl":"https:\/\/sonographycanada.ca\/app\/uploads\/2020\/04\/intactive-practitioner-1024x327.jpg"},{"@type":"BreadcrumbList","@id":"https:\/\/sonographycanada.ca\/fr\/adhesion\/devenir-membre\/membre-praticien-inactif#breadcrumb","itemListElement":[{"@type":"ListItem","position":1,"name":"Accueil","item":"https:\/\/sonographycanada.ca\/fr"},{"@type":"ListItem","position":2,"name":"Adh\u00e9sion","item":"https:\/\/sonographycanada.ca\/fr\/adhesion"},{"@type":"ListItem","position":3,"name":"Devenir membre","item":"https:\/\/sonographycanada.ca\/fr\/adhesion\/devenir-membre"},{"@type":"ListItem","position":4,"name":"Membre praticien inactif"}]},{"@type":"WebSite","@id":"https:\/\/sonographycanada.ca\/#website","url":"https:\/\/sonographycanada.ca\/","name":"\u00c9chographie Canada","description":"La voix des \u00e9chographistes m\u00e9dicaux diagnostiques au Canada","potentialAction":[{"@type":"SearchAction","target":{"@type":"EntryPoint","urlTemplate":"https:\/\/sonographycanada.ca\/?s={search_term_string}"},"query-input":{"@type":"PropertyValueSpecification","valueRequired":true,"valueName":"search_term_string"}}],"inLanguage":"fr-FR"}]}},"coauthors":[],"author_meta":{"author_link":"https:\/\/sonographycanada.ca\/fr\/author\/263a58fd-0292-4830-a513-b6bccee25d5d","display_name":"Riad Kadi"},"relative_dates":{"created":"Publi\u00e9 6 years il y a","modified":"Mis \u00e0 jour 6 years il y a"},"absolute_dates":{"created":"Publi\u00e9 le mars 20, 2020","modified":"Mise \u00e0 jour le avril 3, 2020"},"absolute_dates_time":{"created":"Publi\u00e9 le mars 20, 2020 12:32 pm","modified":"Mise \u00e0 jour le avril 3, 2020 10:13 am"},"featured_img_caption":"","featured_img":false,"series_order":"","_links":{"self":[{"href":"https:\/\/sonographycanada.ca\/fr\/wp-json\/wp\/v2\/pages\/22230"}],"collection":[{"href":"https:\/\/sonographycanada.ca\/fr\/wp-json\/wp\/v2\/pages"}],"about":[{"href":"https:\/\/sonographycanada.ca\/fr\/wp-json\/wp\/v2\/types\/page"}],"author":[{"embeddable":true,"href":"https:\/\/sonographycanada.ca\/fr\/wp-json\/wp\/v2\/users\/6718"}],"replies":[{"embeddable":true,"href":"https:\/\/sonographycanada.ca\/fr\/wp-json\/wp\/v2\/comments?post=22230"}],"version-history":[{"count":3,"href":"https:\/\/sonographycanada.ca\/fr\/wp-json\/wp\/v2\/pages\/22230\/revisions"}],"predecessor-version":[{"id":22236,"href":"https:\/\/sonographycanada.ca\/fr\/wp-json\/wp\/v2\/pages\/22230\/revisions\/22236"}],"up":[{"embeddable":true,"href":"https:\/\/sonographycanada.ca\/fr\/wp-json\/wp\/v2\/pages\/22336"}],"wp:attachment":[{"href":"https:\/\/sonographycanada.ca\/fr\/wp-json\/wp\/v2\/media?parent=22230"}],"curies":[{"name":"wp","href":"https:\/\/api.w.org\/{rel}","templated":true}]}}