{"id":22238,"date":"2020-03-20T12:32:29","date_gmt":"2020-03-20T12:32:29","guid":{"rendered":"https:\/\/sonographycanada.ca\/allied-health-professional-membership"},"modified":"2020-04-03T10:27:51","modified_gmt":"2020-04-03T10:27:51","slug":"membre-professionnel-des-soins-de-sante-allie","status":"publish","type":"page","link":"https:\/\/sonographycanada.ca\/fr\/adhesion\/devenir-membre\/membre-professionnel-des-soins-de-sante-allie","title":{"rendered":"Membre professionnel des soins de sant\u00e9 alli\u00e9"},"content":{"rendered":"<p> L\u2019\u00e9volution de la technologie a fait en sorte que les \u00e9quipements \u00e9chographiques sont de plus en plus portables. Ainsi, plusieurs professionnels des soins de sant\u00e9 alli\u00e9s tels que les infirmi\u00e8res, les m\u00e9decins et les sages-femmes ont commenc\u00e9 \u00e0 inclure l\u2019\u00e9chographie au point de service (POCUS) dans leur champ de pratique. Il est important de souligner que ces professionnels sont r\u00e9gis par leurs propres organismes de r\u00e9glementation et leurs propres lignes directrices quant \u00e0 l\u2019usage restreint de l\u2019\u00e9chographie dans leur champ d\u2019exercice. En leur accordant la possibilit\u00e9 de se joindre \u00e0 \u00c9chographie Canada, nous leur accordons l\u2019occasion d\u2019acc\u00e9der aux programmes de d\u00e9veloppement professionnel continu (DPC).<\/p><h3 class=\"wp-block-heading\">Conditions<\/h3><p style=\"background-color:#E9EEF3; padding:25px\">Les membres professionnels des soins de sant\u00e9 alli\u00e9s peuvent \u00eatre tout professionnel des soins de sant\u00e9 qui ne rel\u00e8ve pas du domaine de l\u2019\u00e9chographie, titulaire d\u2019une licence, et poss\u00e9dant les qualifications n\u00e9cessaires pour op\u00e9rer selon les param\u00e8tres de leur champ d\u2019exercice qui permet un usage restreint de l\u2019\u00e9chographie \u00e0 des fins de diagnostic. <\/p><h3 class=\"wp-block-heading\">Droits et responsabilit\u00e9s<\/h3><p>Les membres professionnels des soins de sant\u00e9 allies ont les droits et responsabilit\u00e9s suivants\u00a0: <\/p><div class=\"grid grid--flex-md\" style=\"margin-bottom:60px\">\n<div class=\"grid__col--md-6\">\n<h4>Droits<\/h4>\n<hr class=\"wp-block-separator\">\n<p><strong>Peuvent<\/strong> acc\u00e9der aux programmes de d\u00e9veloppement professionnel continu (DPC) d\u2019\u00c9chographie Canada mais ne sont pas tenus de rencontrer les exigences en mati\u00e8re de DPC d\u2019\u00c9chographie Canada puisqu\u2019ils le feront pour leur propre organisme de r\u00e9glementation.<\/p>\n<hr class=\"wp-block-separator\">\n<p><strong>Ne peuvent<\/strong> pas se procurer de l\u2019assurance responsabilit\u00e9 professionnelle (ARP).<\/p>\n<hr class=\"wp-block-separator\">\n<p><strong>Ne peuvent<\/strong> pas voter lors des \u00e9lections d\u2019\u00c9chographie Canada ou sur les motions concernant la gouvernance.<\/p>\n<hr class=\"wp-block-separator\">\n<p><strong>Ne peuvent<\/strong> se porter b\u00e9n\u00e9vole sur un comit\u00e9 ou sur le conseil d\u2019administration.<\/p>\n<hr class=\"wp-block-separator\">\n<\/div>\n<div class=\"grid__col--md-6\">\n<h4>Responsabilit\u00e9s<\/h4>\n<hr class=\"wp-block-separator\">\n<p><strong>Ne sont pas<\/strong> tenus de rencontrer <a href=\"https:\/\/sonographycanada.ca\/professional-development\/cpd-program-requirements\">les exigences en mati\u00e8re de d\u00e9veloppement professionnel continu (DPC) d\u2019\u00c9chographie Canada.<\/a><\/p>\n<hr class=\"wp-block-separator\">\n<\/div>\n<\/div><p> <strong>Les cartes d\u2019adh\u00e9sion accord\u00e9s aux membres professionnels des soins de sant\u00e9 alli\u00e9s indiqueront \u00ab\u00a0Aucun titre de comp\u00e9tence approuv\u00e9\u00a0\u00bb.<\/strong> <\/p><div class=\"wp-block-image\"><figure class=\"aligncenter size-large\"><img loading=\"lazy\" decoding=\"async\" width=\"1024\" height=\"329\" src=\"https:\/\/sonographycanada.ca\/app\/uploads\/2020\/04\/Sonography-canada-student-card-1024x329.jpg\" alt=\"Sonography canada student card\" class=\"wp-image-22149\" srcset=\"https:\/\/sonographycanada.ca\/app\/uploads\/2020\/04\/Sonography-canada-student-card-1024x329.jpg 1024w, https:\/\/sonographycanada.ca\/app\/uploads\/2020\/04\/Sonography-canada-student-card-600x193.jpg 600w, https:\/\/sonographycanada.ca\/app\/uploads\/2020\/04\/Sonography-canada-student-card-300x96.jpg 300w, https:\/\/sonographycanada.ca\/app\/uploads\/2020\/04\/Sonography-canada-student-card-768x247.jpg 768w, https:\/\/sonographycanada.ca\/app\/uploads\/2020\/04\/Sonography-canada-student-card-1536x493.jpg 1536w, https:\/\/sonographycanada.ca\/app\/uploads\/2020\/04\/Sonography-canada-student-card-390x125.jpg 390w, https:\/\/sonographycanada.ca\/app\/uploads\/2020\/04\/Sonography-canada-student-card.jpg 1554w\" sizes=\"(max-width: 1024px) 100vw, 1024px\" \/><\/figure><\/div><hr class=\"wp-block-separator\" style=\"margin-top:45px\"><p style=\"margin-bottom:10px\">Pour renouveler votre adh\u00e9sion, veuillez acc\u00e9der \u00e0 votre profil\/compte de membre maintenant :<\/p>\n\n<a style=\"margin-bottom:35px\" class=\"button button--primary text--centered\" href=\"https:\/\/sonography-login.wicketcloud.com\/login?service=https:\/\/sonographycanada.ca\/account-centre\/\">Se connecter<\/a>\n\n<p><p style=\"margin-bottom:10px\">Pour vous inscrire, veuillez cr\u00e9er votre profil\/compte de membre et compl\u00e9ter le formulaire d\u2019adh\u00e9sion : <\/p><\/p>\n\n<a style=\"margin-bottom:35px\" class=\"button button--primary text--centered\" href=\"https:\/\/sonographycanada.ca\/fr\/inscription\">Cr\u00e9er un compte<\/a>","protected":false},"excerpt":{"rendered":"<p>L\u2019\u00e9volution de la technologie a fait en sorte que les \u00e9quipements \u00e9chographiques sont de plus en plus portables. Ainsi, plusieurs professionnels des soins de sant\u00e9 alli\u00e9s tels que les infirmi\u00e8res, les m\u00e9decins et les sages-femmes ont commenc\u00e9 \u00e0 inclure l\u2019\u00e9chographie au point de service (POCUS) dans leur champ de pratique. Il est important de souligner [&hellip;]<\/p>\n","protected":false},"author":6718,"featured_media":0,"parent":22336,"menu_order":5,"comment_status":"closed","ping_status":"closed","template":"","meta":{"_acf_changed":false,"advgb_blocks_editor_width":"","advgb_blocks_columns_visual_guide":"","wicket_organization":"","_seat_count":"","_member_id":[],"_edit_last":"6718","_start_date":"","_end_date":"","footnotes":""},"class_list":["post-22238","page","type-page","status-publish","hentry"],"acf":[],"yoast_head":"<!-- This site is optimized with the Yoast SEO plugin v23.5 - https:\/\/yoast.com\/wordpress\/plugins\/seo\/ -->\n<title>Membre professionnel des soins de sant\u00e9 alli\u00e9 - \u00c9chographie Canada<\/title>\n<meta name=\"robots\" content=\"index, follow, max-snippet:-1, max-image-preview:large, max-video-preview:-1\" \/>\n<link rel=\"canonical\" href=\"https:\/\/sonographycanada.ca\/fr\/adhesion\/devenir-membre\/membre-professionnel-des-soins-de-sante-allie\" \/>\n<meta property=\"og:locale\" content=\"fr_FR\" \/>\n<meta property=\"og:type\" content=\"article\" \/>\n<meta property=\"og:title\" content=\"Membre professionnel des soins de sant\u00e9 alli\u00e9 - \u00c9chographie Canada\" \/>\n<meta property=\"og:description\" content=\"L\u2019\u00e9volution de la technologie a fait en sorte que les \u00e9quipements \u00e9chographiques sont de plus en plus portables. Ainsi, plusieurs professionnels des soins de sant\u00e9 alli\u00e9s tels que les infirmi\u00e8res, les m\u00e9decins et les sages-femmes ont commenc\u00e9 \u00e0 inclure l\u2019\u00e9chographie au point de service (POCUS) dans leur champ de pratique. Il est important de souligner [&hellip;]\" \/>\n<meta property=\"og:url\" content=\"https:\/\/sonographycanada.ca\/fr\/adhesion\/devenir-membre\/membre-professionnel-des-soins-de-sante-allie\" \/>\n<meta property=\"og:site_name\" content=\"\u00c9chographie Canada\" \/>\n<meta property=\"article:modified_time\" content=\"2020-04-03T10:27:51+00:00\" \/>\n<meta property=\"og:image\" content=\"https:\/\/sonographycanada.ca\/app\/uploads\/2020\/04\/Sonography-canada-student-card-1024x329.jpg\" \/>\n<meta name=\"twitter:card\" content=\"summary_large_image\" \/>\n<meta name=\"twitter:label1\" content=\"Est. reading time\" \/>\n\t<meta name=\"twitter:data1\" content=\"2 minutes\" \/>\n<script type=\"application\/ld+json\" class=\"yoast-schema-graph\">{\"@context\":\"https:\/\/schema.org\",\"@graph\":[{\"@type\":\"WebPage\",\"@id\":\"https:\/\/sonographycanada.ca\/fr\/adhesion\/devenir-membre\/membre-professionnel-des-soins-de-sante-allie\",\"url\":\"https:\/\/sonographycanada.ca\/fr\/adhesion\/devenir-membre\/membre-professionnel-des-soins-de-sante-allie\",\"name\":\"Membre professionnel des soins de sant\u00e9 alli\u00e9 - \u00c9chographie Canada\",\"isPartOf\":{\"@id\":\"https:\/\/sonographycanada.ca\/#website\"},\"primaryImageOfPage\":{\"@id\":\"https:\/\/sonographycanada.ca\/fr\/adhesion\/devenir-membre\/membre-professionnel-des-soins-de-sante-allie#primaryimage\"},\"image\":{\"@id\":\"https:\/\/sonographycanada.ca\/fr\/adhesion\/devenir-membre\/membre-professionnel-des-soins-de-sante-allie#primaryimage\"},\"thumbnailUrl\":\"https:\/\/sonographycanada.ca\/app\/uploads\/2020\/04\/Sonography-canada-student-card-1024x329.jpg\",\"datePublished\":\"2020-03-20T12:32:29+00:00\",\"dateModified\":\"2020-04-03T10:27:51+00:00\",\"breadcrumb\":{\"@id\":\"https:\/\/sonographycanada.ca\/fr\/adhesion\/devenir-membre\/membre-professionnel-des-soins-de-sante-allie#breadcrumb\"},\"inLanguage\":\"fr-FR\",\"potentialAction\":[{\"@type\":\"ReadAction\",\"target\":[\"https:\/\/sonographycanada.ca\/fr\/adhesion\/devenir-membre\/membre-professionnel-des-soins-de-sante-allie\"]}]},{\"@type\":\"ImageObject\",\"inLanguage\":\"fr-FR\",\"@id\":\"https:\/\/sonographycanada.ca\/fr\/adhesion\/devenir-membre\/membre-professionnel-des-soins-de-sante-allie#primaryimage\",\"url\":\"https:\/\/sonographycanada.ca\/app\/uploads\/2020\/04\/Sonography-canada-student-card-1024x329.jpg\",\"contentUrl\":\"https:\/\/sonographycanada.ca\/app\/uploads\/2020\/04\/Sonography-canada-student-card-1024x329.jpg\"},{\"@type\":\"BreadcrumbList\",\"@id\":\"https:\/\/sonographycanada.ca\/fr\/adhesion\/devenir-membre\/membre-professionnel-des-soins-de-sante-allie#breadcrumb\",\"itemListElement\":[{\"@type\":\"ListItem\",\"position\":1,\"name\":\"Accueil\",\"item\":\"https:\/\/sonographycanada.ca\/fr\"},{\"@type\":\"ListItem\",\"position\":2,\"name\":\"Adh\u00e9sion\",\"item\":\"https:\/\/sonographycanada.ca\/fr\/adhesion\"},{\"@type\":\"ListItem\",\"position\":3,\"name\":\"Devenir membre\",\"item\":\"https:\/\/sonographycanada.ca\/fr\/adhesion\/devenir-membre\"},{\"@type\":\"ListItem\",\"position\":4,\"name\":\"Membre professionnel des soins de sant\u00e9 alli\u00e9\"}]},{\"@type\":\"WebSite\",\"@id\":\"https:\/\/sonographycanada.ca\/#website\",\"url\":\"https:\/\/sonographycanada.ca\/\",\"name\":\"\u00c9chographie Canada\",\"description\":\"La voix des \u00e9chographistes m\u00e9dicaux diagnostiques au Canada\",\"potentialAction\":[{\"@type\":\"SearchAction\",\"target\":{\"@type\":\"EntryPoint\",\"urlTemplate\":\"https:\/\/sonographycanada.ca\/?s={search_term_string}\"},\"query-input\":{\"@type\":\"PropertyValueSpecification\",\"valueRequired\":true,\"valueName\":\"search_term_string\"}}],\"inLanguage\":\"fr-FR\"}]}<\/script>\n<!-- \/ Yoast SEO plugin. -->","yoast_head_json":{"title":"Membre professionnel des soins de sant\u00e9 alli\u00e9 - \u00c9chographie Canada","robots":{"index":"index","follow":"follow","max-snippet":"max-snippet:-1","max-image-preview":"max-image-preview:large","max-video-preview":"max-video-preview:-1"},"canonical":"https:\/\/sonographycanada.ca\/fr\/adhesion\/devenir-membre\/membre-professionnel-des-soins-de-sante-allie","og_locale":"fr_FR","og_type":"article","og_title":"Membre professionnel des soins de sant\u00e9 alli\u00e9 - \u00c9chographie Canada","og_description":"L\u2019\u00e9volution de la technologie a fait en sorte que les \u00e9quipements \u00e9chographiques sont de plus en plus portables. Ainsi, plusieurs professionnels des soins de sant\u00e9 alli\u00e9s tels que les infirmi\u00e8res, les m\u00e9decins et les sages-femmes ont commenc\u00e9 \u00e0 inclure l\u2019\u00e9chographie au point de service (POCUS) dans leur champ de pratique. Il est important de souligner [&hellip;]","og_url":"https:\/\/sonographycanada.ca\/fr\/adhesion\/devenir-membre\/membre-professionnel-des-soins-de-sante-allie","og_site_name":"\u00c9chographie Canada","article_modified_time":"2020-04-03T10:27:51+00:00","og_image":[{"url":"https:\/\/sonographycanada.ca\/app\/uploads\/2020\/04\/Sonography-canada-student-card-1024x329.jpg"}],"twitter_card":"summary_large_image","twitter_misc":{"Est. reading time":"2 minutes"},"schema":{"@context":"https:\/\/schema.org","@graph":[{"@type":"WebPage","@id":"https:\/\/sonographycanada.ca\/fr\/adhesion\/devenir-membre\/membre-professionnel-des-soins-de-sante-allie","url":"https:\/\/sonographycanada.ca\/fr\/adhesion\/devenir-membre\/membre-professionnel-des-soins-de-sante-allie","name":"Membre professionnel des soins de sant\u00e9 alli\u00e9 - \u00c9chographie Canada","isPartOf":{"@id":"https:\/\/sonographycanada.ca\/#website"},"primaryImageOfPage":{"@id":"https:\/\/sonographycanada.ca\/fr\/adhesion\/devenir-membre\/membre-professionnel-des-soins-de-sante-allie#primaryimage"},"image":{"@id":"https:\/\/sonographycanada.ca\/fr\/adhesion\/devenir-membre\/membre-professionnel-des-soins-de-sante-allie#primaryimage"},"thumbnailUrl":"https:\/\/sonographycanada.ca\/app\/uploads\/2020\/04\/Sonography-canada-student-card-1024x329.jpg","datePublished":"2020-03-20T12:32:29+00:00","dateModified":"2020-04-03T10:27:51+00:00","breadcrumb":{"@id":"https:\/\/sonographycanada.ca\/fr\/adhesion\/devenir-membre\/membre-professionnel-des-soins-de-sante-allie#breadcrumb"},"inLanguage":"fr-FR","potentialAction":[{"@type":"ReadAction","target":["https:\/\/sonographycanada.ca\/fr\/adhesion\/devenir-membre\/membre-professionnel-des-soins-de-sante-allie"]}]},{"@type":"ImageObject","inLanguage":"fr-FR","@id":"https:\/\/sonographycanada.ca\/fr\/adhesion\/devenir-membre\/membre-professionnel-des-soins-de-sante-allie#primaryimage","url":"https:\/\/sonographycanada.ca\/app\/uploads\/2020\/04\/Sonography-canada-student-card-1024x329.jpg","contentUrl":"https:\/\/sonographycanada.ca\/app\/uploads\/2020\/04\/Sonography-canada-student-card-1024x329.jpg"},{"@type":"BreadcrumbList","@id":"https:\/\/sonographycanada.ca\/fr\/adhesion\/devenir-membre\/membre-professionnel-des-soins-de-sante-allie#breadcrumb","itemListElement":[{"@type":"ListItem","position":1,"name":"Accueil","item":"https:\/\/sonographycanada.ca\/fr"},{"@type":"ListItem","position":2,"name":"Adh\u00e9sion","item":"https:\/\/sonographycanada.ca\/fr\/adhesion"},{"@type":"ListItem","position":3,"name":"Devenir membre","item":"https:\/\/sonographycanada.ca\/fr\/adhesion\/devenir-membre"},{"@type":"ListItem","position":4,"name":"Membre professionnel des soins de sant\u00e9 alli\u00e9"}]},{"@type":"WebSite","@id":"https:\/\/sonographycanada.ca\/#website","url":"https:\/\/sonographycanada.ca\/","name":"\u00c9chographie Canada","description":"La voix des \u00e9chographistes m\u00e9dicaux diagnostiques au Canada","potentialAction":[{"@type":"SearchAction","target":{"@type":"EntryPoint","urlTemplate":"https:\/\/sonographycanada.ca\/?s={search_term_string}"},"query-input":{"@type":"PropertyValueSpecification","valueRequired":true,"valueName":"search_term_string"}}],"inLanguage":"fr-FR"}]}},"coauthors":[],"author_meta":{"author_link":"https:\/\/sonographycanada.ca\/fr\/author\/263a58fd-0292-4830-a513-b6bccee25d5d","display_name":"Riad Kadi"},"relative_dates":{"created":"Publi\u00e9 6 years il y a","modified":"Mis \u00e0 jour 6 years il y a"},"absolute_dates":{"created":"Publi\u00e9 le mars 20, 2020","modified":"Mise \u00e0 jour le avril 3, 2020"},"absolute_dates_time":{"created":"Publi\u00e9 le mars 20, 2020 12:32 pm","modified":"Mise \u00e0 jour le avril 3, 2020 10:27 am"},"featured_img_caption":"","featured_img":false,"series_order":"","_links":{"self":[{"href":"https:\/\/sonographycanada.ca\/fr\/wp-json\/wp\/v2\/pages\/22238"}],"collection":[{"href":"https:\/\/sonographycanada.ca\/fr\/wp-json\/wp\/v2\/pages"}],"about":[{"href":"https:\/\/sonographycanada.ca\/fr\/wp-json\/wp\/v2\/types\/page"}],"author":[{"embeddable":true,"href":"https:\/\/sonographycanada.ca\/fr\/wp-json\/wp\/v2\/users\/6718"}],"replies":[{"embeddable":true,"href":"https:\/\/sonographycanada.ca\/fr\/wp-json\/wp\/v2\/comments?post=22238"}],"version-history":[{"count":4,"href":"https:\/\/sonographycanada.ca\/fr\/wp-json\/wp\/v2\/pages\/22238\/revisions"}],"predecessor-version":[{"id":22249,"href":"https:\/\/sonographycanada.ca\/fr\/wp-json\/wp\/v2\/pages\/22238\/revisions\/22249"}],"up":[{"embeddable":true,"href":"https:\/\/sonographycanada.ca\/fr\/wp-json\/wp\/v2\/pages\/22336"}],"wp:attachment":[{"href":"https:\/\/sonographycanada.ca\/fr\/wp-json\/wp\/v2\/media?parent=22238"}],"curies":[{"name":"wp","href":"https:\/\/api.w.org\/{rel}","templated":true}]}}