{"id":22251,"date":"2020-03-20T12:32:32","date_gmt":"2020-03-20T12:32:32","guid":{"rendered":"https:\/\/sonographycanada.ca\/chapter-membership"},"modified":"2020-04-03T10:32:05","modified_gmt":"2020-04-03T10:32:05","slug":"membre-regional","status":"publish","type":"page","link":"https:\/\/sonographycanada.ca\/fr\/adhesion\/categories-de-membres\/membre-regional","title":{"rendered":"Membre r\u00e9gional"},"content":{"rendered":"<p> Un membre r\u00e9gional est une organisation sans but lucratif dont les objectifs sont similaires \u00e0 ceux d\u2019\u00c9chographie Canada. Sont inclus dans cette cat\u00e9gorie les h\u00f4pitaux, les cliniques, les centres d\u2019\u00e9chographie provinciaux et locaux et les entit\u00e9s similaires.<\/p><hr class=\"wp-block-separator\" style=\"margin-top:45px\"><p><strong>Cotisation pour les membres r\u00e9gionaux\u00a0: 50 $<br> P\u00e9riode d\u2019adh\u00e9sion\u00a0: du 1 mai au 30 avril<\/strong><\/p><a style=\"margin-bottom:35px\" class=\"button button--primary text--centered\" href=\"https:\/\/sonographycanada.ca\/app\/uploads\/2019\/07\/Chapter-Application-French-July2019F.pdf\">Formulaire d\u2019adh\u00e9sion pour les membres r\u00e9gionaux <\/a>\n\n<p style=\"margin-bottom:10px\">Pour renouveler votre adh\u00e9sion, veuillez acc\u00e9der \u00e0 votre profil\/compte de membre maintenant :<\/p>\n\n<a  class=\"button button--primary text--centered\" href=\"https:\/\/sonography-login.wicketcloud.com\/login?service=https:\/\/sonographycanada.ca\/account-centre\/\">Se connecter<\/a>\n\n<p><p style=\"margin-bottom:10px\">Pour vous inscrire, veuillez cr\u00e9er votre profil\/compte de membre et compl\u00e9ter le formulaire d\u2019adh\u00e9sion : <\/p><\/p>\n\n<a style=\"margin-bottom:35px\" class=\"button button--primary text--centered\" href=\"https:\/\/sonographycanada.ca\/fr\/inscription\">Cr\u00e9er un compte<\/a><p><\/p>","protected":false},"excerpt":{"rendered":"<p>Un membre r\u00e9gional est une organisation sans but lucratif dont les objectifs sont similaires \u00e0 ceux d\u2019\u00c9chographie Canada. Sont inclus dans cette cat\u00e9gorie les h\u00f4pitaux, les cliniques, les centres d\u2019\u00e9chographie provinciaux et locaux et les entit\u00e9s similaires. Cotisation pour les membres r\u00e9gionaux\u00a0: 50 $ P\u00e9riode d\u2019adh\u00e9sion\u00a0: du 1 mai au 30 avril Formulaire d\u2019adh\u00e9sion pour [&hellip;]<\/p>\n","protected":false},"author":6718,"featured_media":0,"parent":22184,"menu_order":6,"comment_status":"closed","ping_status":"closed","template":"","meta":{"_acf_changed":false,"advgb_blocks_editor_width":"","advgb_blocks_columns_visual_guide":"","wicket_organization":"","_seat_count":"","_member_id":[],"_edit_last":"6718","_start_date":"","_end_date":"","footnotes":""},"class_list":["post-22251","page","type-page","status-publish","hentry"],"acf":[],"yoast_head":"<!-- This site is optimized with the Yoast SEO plugin v23.5 - https:\/\/yoast.com\/wordpress\/plugins\/seo\/ -->\n<title>Membre r\u00e9gional - \u00c9chographie Canada<\/title>\n<meta name=\"robots\" content=\"index, follow, max-snippet:-1, max-image-preview:large, max-video-preview:-1\" \/>\n<link rel=\"canonical\" href=\"https:\/\/sonographycanada.ca\/fr\/adhesion\/categories-de-membres\/membre-regional\" \/>\n<meta property=\"og:locale\" content=\"fr_FR\" \/>\n<meta property=\"og:type\" content=\"article\" \/>\n<meta property=\"og:title\" content=\"Membre r\u00e9gional - \u00c9chographie Canada\" \/>\n<meta property=\"og:description\" content=\"Un membre r\u00e9gional est une organisation sans but lucratif dont les objectifs sont similaires \u00e0 ceux d\u2019\u00c9chographie Canada. Sont inclus dans cette cat\u00e9gorie les h\u00f4pitaux, les cliniques, les centres d\u2019\u00e9chographie provinciaux et locaux et les entit\u00e9s similaires. Cotisation pour les membres r\u00e9gionaux\u00a0: 50 $ P\u00e9riode d\u2019adh\u00e9sion\u00a0: du 1 mai au 30 avril Formulaire d\u2019adh\u00e9sion pour [&hellip;]\" \/>\n<meta property=\"og:url\" content=\"https:\/\/sonographycanada.ca\/fr\/adhesion\/categories-de-membres\/membre-regional\" \/>\n<meta property=\"og:site_name\" content=\"\u00c9chographie Canada\" \/>\n<meta property=\"article:modified_time\" content=\"2020-04-03T10:32:05+00:00\" \/>\n<meta name=\"twitter:card\" content=\"summary_large_image\" \/>\n<meta name=\"twitter:label1\" content=\"Est. reading time\" \/>\n\t<meta name=\"twitter:data1\" content=\"1 minute\" \/>\n<script type=\"application\/ld+json\" class=\"yoast-schema-graph\">{\"@context\":\"https:\/\/schema.org\",\"@graph\":[{\"@type\":\"WebPage\",\"@id\":\"https:\/\/sonographycanada.ca\/fr\/adhesion\/categories-de-membres\/membre-regional\",\"url\":\"https:\/\/sonographycanada.ca\/fr\/adhesion\/categories-de-membres\/membre-regional\",\"name\":\"Membre r\u00e9gional - \u00c9chographie Canada\",\"isPartOf\":{\"@id\":\"https:\/\/sonographycanada.ca\/#website\"},\"datePublished\":\"2020-03-20T12:32:32+00:00\",\"dateModified\":\"2020-04-03T10:32:05+00:00\",\"breadcrumb\":{\"@id\":\"https:\/\/sonographycanada.ca\/fr\/adhesion\/categories-de-membres\/membre-regional#breadcrumb\"},\"inLanguage\":\"fr-FR\",\"potentialAction\":[{\"@type\":\"ReadAction\",\"target\":[\"https:\/\/sonographycanada.ca\/fr\/adhesion\/categories-de-membres\/membre-regional\"]}]},{\"@type\":\"BreadcrumbList\",\"@id\":\"https:\/\/sonographycanada.ca\/fr\/adhesion\/categories-de-membres\/membre-regional#breadcrumb\",\"itemListElement\":[{\"@type\":\"ListItem\",\"position\":1,\"name\":\"Accueil\",\"item\":\"https:\/\/sonographycanada.ca\/fr\"},{\"@type\":\"ListItem\",\"position\":2,\"name\":\"Adh\u00e9sion\",\"item\":\"https:\/\/sonographycanada.ca\/fr\/adhesion\"},{\"@type\":\"ListItem\",\"position\":3,\"name\":\"Cat\u00e9gories de membres\",\"item\":\"https:\/\/sonographycanada.ca\/fr\/adhesion\/categories-de-membres\"},{\"@type\":\"ListItem\",\"position\":4,\"name\":\"Membre r\u00e9gional\"}]},{\"@type\":\"WebSite\",\"@id\":\"https:\/\/sonographycanada.ca\/#website\",\"url\":\"https:\/\/sonographycanada.ca\/\",\"name\":\"\u00c9chographie Canada\",\"description\":\"La voix des \u00e9chographistes m\u00e9dicaux diagnostiques au Canada\",\"potentialAction\":[{\"@type\":\"SearchAction\",\"target\":{\"@type\":\"EntryPoint\",\"urlTemplate\":\"https:\/\/sonographycanada.ca\/?s={search_term_string}\"},\"query-input\":{\"@type\":\"PropertyValueSpecification\",\"valueRequired\":true,\"valueName\":\"search_term_string\"}}],\"inLanguage\":\"fr-FR\"}]}<\/script>\n<!-- \/ Yoast SEO plugin. -->","yoast_head_json":{"title":"Membre r\u00e9gional - \u00c9chographie Canada","robots":{"index":"index","follow":"follow","max-snippet":"max-snippet:-1","max-image-preview":"max-image-preview:large","max-video-preview":"max-video-preview:-1"},"canonical":"https:\/\/sonographycanada.ca\/fr\/adhesion\/categories-de-membres\/membre-regional","og_locale":"fr_FR","og_type":"article","og_title":"Membre r\u00e9gional - \u00c9chographie Canada","og_description":"Un membre r\u00e9gional est une organisation sans but lucratif dont les objectifs sont similaires \u00e0 ceux d\u2019\u00c9chographie Canada. Sont inclus dans cette cat\u00e9gorie les h\u00f4pitaux, les cliniques, les centres d\u2019\u00e9chographie provinciaux et locaux et les entit\u00e9s similaires. Cotisation pour les membres r\u00e9gionaux\u00a0: 50 $ P\u00e9riode d\u2019adh\u00e9sion\u00a0: du 1 mai au 30 avril Formulaire d\u2019adh\u00e9sion pour [&hellip;]","og_url":"https:\/\/sonographycanada.ca\/fr\/adhesion\/categories-de-membres\/membre-regional","og_site_name":"\u00c9chographie Canada","article_modified_time":"2020-04-03T10:32:05+00:00","twitter_card":"summary_large_image","twitter_misc":{"Est. reading time":"1 minute"},"schema":{"@context":"https:\/\/schema.org","@graph":[{"@type":"WebPage","@id":"https:\/\/sonographycanada.ca\/fr\/adhesion\/categories-de-membres\/membre-regional","url":"https:\/\/sonographycanada.ca\/fr\/adhesion\/categories-de-membres\/membre-regional","name":"Membre r\u00e9gional - \u00c9chographie Canada","isPartOf":{"@id":"https:\/\/sonographycanada.ca\/#website"},"datePublished":"2020-03-20T12:32:32+00:00","dateModified":"2020-04-03T10:32:05+00:00","breadcrumb":{"@id":"https:\/\/sonographycanada.ca\/fr\/adhesion\/categories-de-membres\/membre-regional#breadcrumb"},"inLanguage":"fr-FR","potentialAction":[{"@type":"ReadAction","target":["https:\/\/sonographycanada.ca\/fr\/adhesion\/categories-de-membres\/membre-regional"]}]},{"@type":"BreadcrumbList","@id":"https:\/\/sonographycanada.ca\/fr\/adhesion\/categories-de-membres\/membre-regional#breadcrumb","itemListElement":[{"@type":"ListItem","position":1,"name":"Accueil","item":"https:\/\/sonographycanada.ca\/fr"},{"@type":"ListItem","position":2,"name":"Adh\u00e9sion","item":"https:\/\/sonographycanada.ca\/fr\/adhesion"},{"@type":"ListItem","position":3,"name":"Cat\u00e9gories de membres","item":"https:\/\/sonographycanada.ca\/fr\/adhesion\/categories-de-membres"},{"@type":"ListItem","position":4,"name":"Membre r\u00e9gional"}]},{"@type":"WebSite","@id":"https:\/\/sonographycanada.ca\/#website","url":"https:\/\/sonographycanada.ca\/","name":"\u00c9chographie Canada","description":"La voix des \u00e9chographistes m\u00e9dicaux diagnostiques au Canada","potentialAction":[{"@type":"SearchAction","target":{"@type":"EntryPoint","urlTemplate":"https:\/\/sonographycanada.ca\/?s={search_term_string}"},"query-input":{"@type":"PropertyValueSpecification","valueRequired":true,"valueName":"search_term_string"}}],"inLanguage":"fr-FR"}]}},"coauthors":[],"author_meta":{"author_link":"https:\/\/sonographycanada.ca\/fr\/author\/263a58fd-0292-4830-a513-b6bccee25d5d","display_name":"Riad Kadi"},"relative_dates":{"created":"Publi\u00e9 6 years il y a","modified":"Mis \u00e0 jour 6 years il y a"},"absolute_dates":{"created":"Publi\u00e9 le mars 20, 2020","modified":"Mise \u00e0 jour le avril 3, 2020"},"absolute_dates_time":{"created":"Publi\u00e9 le mars 20, 2020 12:32 pm","modified":"Mise \u00e0 jour le avril 3, 2020 10:32 am"},"featured_img_caption":"","featured_img":false,"series_order":"","_links":{"self":[{"href":"https:\/\/sonographycanada.ca\/fr\/wp-json\/wp\/v2\/pages\/22251"}],"collection":[{"href":"https:\/\/sonographycanada.ca\/fr\/wp-json\/wp\/v2\/pages"}],"about":[{"href":"https:\/\/sonographycanada.ca\/fr\/wp-json\/wp\/v2\/types\/page"}],"author":[{"embeddable":true,"href":"https:\/\/sonographycanada.ca\/fr\/wp-json\/wp\/v2\/users\/6718"}],"replies":[{"embeddable":true,"href":"https:\/\/sonographycanada.ca\/fr\/wp-json\/wp\/v2\/comments?post=22251"}],"version-history":[{"count":2,"href":"https:\/\/sonographycanada.ca\/fr\/wp-json\/wp\/v2\/pages\/22251\/revisions"}],"predecessor-version":[{"id":22255,"href":"https:\/\/sonographycanada.ca\/fr\/wp-json\/wp\/v2\/pages\/22251\/revisions\/22255"}],"up":[{"embeddable":true,"href":"https:\/\/sonographycanada.ca\/fr\/wp-json\/wp\/v2\/pages\/22184"}],"wp:attachment":[{"href":"https:\/\/sonographycanada.ca\/fr\/wp-json\/wp\/v2\/media?parent=22251"}],"curies":[{"name":"wp","href":"https:\/\/api.w.org\/{rel}","templated":true}]}}