{"id":22336,"date":"2020-04-03T18:41:55","date_gmt":"2020-04-03T18:41:55","guid":{"rendered":"https:\/\/sonographycanada.ca\/?page_id=22336"},"modified":"2021-11-19T15:17:48","modified_gmt":"2021-11-19T15:17:48","slug":"devenir-membre","status":"publish","type":"page","link":"https:\/\/sonographycanada.ca\/fr\/adhesion\/devenir-membre","title":{"rendered":"Devenir membre"},"content":{"rendered":"<p>\u00c9chographie Canada est l\u2019association professionnelle et l\u2019organisme d\u2019agr\u00e9ment pour les \u00e9chographistes m\u00e9dicaux diagnostiques au Canada. Nous repr\u00e9sentons plus de 5 700 membres \u00e0 travers le pays. <\/p><p>\u00c9chographie Canada d\u00e9veloppe les profils de\ncomp\u00e9tence et les lignes directrices de la pratique professionnelle et nous\ncherchons \u00e0 promouvoir ceux-ci aupr\u00e8s des gouvernements, des \u00e9tablissements\nd\u2019enseignement, du public et des autres organismes de soins de sant\u00e9. Nous\nvisons la pratique de l\u2019\u00e9chographie avec excellence \u00e0 travers l\u2019ensemble des\nsp\u00e9cialit\u00e9s de notre profession. <\/p><p>Mais avant tout, nous travaillons pour vous &#8230; nos membres. Nous sommes votre repr\u00e9sentant sur les enjeux principaux qui rel\u00e8vent du domaine de l\u2019\u00e9chographie et nous sommes le plus ardent d\u00e9fenseur des \u00e9chographistes et de la valeur de votre profession. Nous fournissons des services aux membres qui offrent un bon rapport qualit\u00e9-prix et qui soutiennent et font progresser votre pratique professionnelle &#8230; et, d&#8217;autres sont \u00e0 venir.  Veuillez visiter la section sur les <a href=\"https:\/\/sonographycanada.ca\/fr\/adhesion\/avantages\">avantages de l\u2019adh\u00e9sion<\/a> pour en apprendre davantage.  <\/p><p>L\u2019\u00e9chographie m\u00e9dicale diagnostique est une profession unique dans le milieu des soins de la sant\u00e9. Nous accueillons l\u2019ensemble des \u00e9chographistes praticiens qui rencontrent les crit\u00e8res pour devenir membre. Ce faisant, nous croyons \u00eatre en mesure de favoriser des pratiques exemplaires et la poursuite de l\u2019excellence au sein de notre profession. Veuillez <a href=\"https:\/\/sonographycanada.ca\/fr\/adhesion\/categories-de-membres\">visionner notre br\u00e8ve vid\u00e9o<\/a>. pour savoir comment cela peut s&#8217;appliquer \u00e0 vous.<\/p><h3 class=\"wp-block-heading\"><strong>Cat\u00e9gories de membres et frais d\u2019adh\u00e9sion annuels<\/strong><\/h3><p>En vigueur en 2020, la structure d\u2019adh\u00e9sion et des frais d\u2019\u00c9chographie\nCanada est la suivante&nbsp;:<\/p><ul class=\"wp-block-list\"><li>Membres\nactifs : 175 $<\/li><li>Membres\npraticiens non-accr\u00e9dit\u00e9s : 175 $<\/li><li>Membres\n\u00e9tudiants : Gratuit<\/li><li>Membres\npraticiens inactifs&nbsp;: 75 $<\/li><li>Membres professionnels\ndes soins de sant\u00e9 alli\u00e9s&nbsp;: 75 $<\/li><li>Membres\nr\u00e9gionaux&nbsp;: 50 $<\/li><li>Membres\ncorporatifs&nbsp;: 350 $<\/li><\/ul><p>Nota : Les taxes applicables s\u2019appliqueront aux montants ci-haut mentionn\u00e9s. <\/p><p>La p\u00e9riode d\u2019adh\u00e9sion est du 1 mai au 30 avril.<\/p><p>Nous savons qu\u2019une adh\u00e9sion aupr\u00e8s d\u2019\u00c9chographie Canada est facultative pour plusieurs. Nous veillons continuellement \u00e0 am\u00e9liorer et \u00e0 accro\u00eetre et \u00e0 \u00e9largir les services que nous offrons aux membres. <a rel=\"noreferrer noopener\" aria-label=\" (opens in a new tab)\" href=\"https:\/\/sonographycanada.ca\/app\/uploads\/2020\/04\/Faits-saillants-de-2019-Infographie-v4.pdf\" target=\"_blank\">Voici quelques faits saillants sur les am\u00e9liorations r\u00e9alis\u00e9es au cours de la derni\u00e8re ann\u00e9e. <\/a><\/p><p>Maintenant, plus que jamais, il est important pour vous de maintenir des liens avec vos ami(e)s, votre famille et les int\u00e9r\u00eats de votre profession. Pour renouveler votre adh\u00e9sion, veuillez acc\u00e9der \u00e0 votre compte de membre et compl\u00e9ter <a href=\"https:\/\/sonographycanada.ca\/on-boarding\/renew\">le processus de renouvellement en ligne<\/a>. Pour devenir un nouveau membre, veuillez compl\u00e9ter le <a href=\"https:\/\/sonographycanada.ca\/fr\/inscription\">formulaire d\u2019inscription en ligne<\/a>. <\/p><p> <em>Page r\u00e9vis\u00e9e le 19 novembre 2021<\/em><\/p>","protected":false},"excerpt":{"rendered":"<p>\u00c9chographie Canada est l\u2019association professionnelle et l\u2019organisme d\u2019agr\u00e9ment pour les \u00e9chographistes m\u00e9dicaux diagnostiques au Canada. Nous repr\u00e9sentons plus de 5 700 membres \u00e0 travers le pays. \u00c9chographie Canada d\u00e9veloppe les profils de comp\u00e9tence et les lignes directrices de la pratique professionnelle et nous cherchons \u00e0 promouvoir ceux-ci aupr\u00e8s des gouvernements, des \u00e9tablissements d\u2019enseignement, du public [&hellip;]<\/p>\n","protected":false},"author":6718,"featured_media":0,"parent":516,"menu_order":0,"comment_status":"closed","ping_status":"closed","template":"","meta":{"_acf_changed":false,"advgb_blocks_editor_width":"","advgb_blocks_columns_visual_guide":"","wicket_organization":"","_seat_count":"","_member_id":[],"_edit_last":"1307","_start_date":"","_end_date":"","footnotes":""},"class_list":["post-22336","page","type-page","status-publish","hentry"],"acf":[],"yoast_head":"<!-- This site is optimized with the Yoast SEO plugin v23.5 - https:\/\/yoast.com\/wordpress\/plugins\/seo\/ -->\n<title>Devenir membre - \u00c9chographie Canada<\/title>\n<meta name=\"robots\" content=\"index, follow, max-snippet:-1, max-image-preview:large, max-video-preview:-1\" \/>\n<link rel=\"canonical\" href=\"https:\/\/sonographycanada.ca\/fr\/adhesion\/devenir-membre\" \/>\n<meta property=\"og:locale\" content=\"fr_FR\" \/>\n<meta property=\"og:type\" content=\"article\" \/>\n<meta property=\"og:title\" content=\"Devenir membre - \u00c9chographie Canada\" \/>\n<meta property=\"og:description\" content=\"\u00c9chographie Canada est l\u2019association professionnelle et l\u2019organisme d\u2019agr\u00e9ment pour les \u00e9chographistes m\u00e9dicaux diagnostiques au Canada. Nous repr\u00e9sentons plus de 5 700 membres \u00e0 travers le pays. \u00c9chographie Canada d\u00e9veloppe les profils de comp\u00e9tence et les lignes directrices de la pratique professionnelle et nous cherchons \u00e0 promouvoir ceux-ci aupr\u00e8s des gouvernements, des \u00e9tablissements d\u2019enseignement, du public [&hellip;]\" \/>\n<meta property=\"og:url\" content=\"https:\/\/sonographycanada.ca\/fr\/adhesion\/devenir-membre\" \/>\n<meta property=\"og:site_name\" content=\"\u00c9chographie Canada\" \/>\n<meta property=\"article:modified_time\" content=\"2021-11-19T15:17:48+00:00\" \/>\n<meta name=\"twitter:card\" content=\"summary_large_image\" \/>\n<meta name=\"twitter:label1\" content=\"Est. reading time\" \/>\n\t<meta name=\"twitter:data1\" content=\"2 minutes\" \/>\n<script type=\"application\/ld+json\" class=\"yoast-schema-graph\">{\"@context\":\"https:\/\/schema.org\",\"@graph\":[{\"@type\":\"WebPage\",\"@id\":\"https:\/\/sonographycanada.ca\/fr\/adhesion\/devenir-membre\",\"url\":\"https:\/\/sonographycanada.ca\/fr\/adhesion\/devenir-membre\",\"name\":\"Devenir membre - \u00c9chographie Canada\",\"isPartOf\":{\"@id\":\"https:\/\/sonographycanada.ca\/#website\"},\"datePublished\":\"2020-04-03T18:41:55+00:00\",\"dateModified\":\"2021-11-19T15:17:48+00:00\",\"breadcrumb\":{\"@id\":\"https:\/\/sonographycanada.ca\/fr\/adhesion\/devenir-membre#breadcrumb\"},\"inLanguage\":\"fr-FR\",\"potentialAction\":[{\"@type\":\"ReadAction\",\"target\":[\"https:\/\/sonographycanada.ca\/fr\/adhesion\/devenir-membre\"]}]},{\"@type\":\"BreadcrumbList\",\"@id\":\"https:\/\/sonographycanada.ca\/fr\/adhesion\/devenir-membre#breadcrumb\",\"itemListElement\":[{\"@type\":\"ListItem\",\"position\":1,\"name\":\"Accueil\",\"item\":\"https:\/\/sonographycanada.ca\/fr\"},{\"@type\":\"ListItem\",\"position\":2,\"name\":\"Adh\u00e9sion\",\"item\":\"https:\/\/sonographycanada.ca\/fr\/adhesion\"},{\"@type\":\"ListItem\",\"position\":3,\"name\":\"Devenir membre\"}]},{\"@type\":\"WebSite\",\"@id\":\"https:\/\/sonographycanada.ca\/#website\",\"url\":\"https:\/\/sonographycanada.ca\/\",\"name\":\"\u00c9chographie Canada\",\"description\":\"La voix des \u00e9chographistes m\u00e9dicaux diagnostiques au Canada\",\"potentialAction\":[{\"@type\":\"SearchAction\",\"target\":{\"@type\":\"EntryPoint\",\"urlTemplate\":\"https:\/\/sonographycanada.ca\/?s={search_term_string}\"},\"query-input\":{\"@type\":\"PropertyValueSpecification\",\"valueRequired\":true,\"valueName\":\"search_term_string\"}}],\"inLanguage\":\"fr-FR\"}]}<\/script>\n<!-- \/ Yoast SEO plugin. -->","yoast_head_json":{"title":"Devenir membre - \u00c9chographie Canada","robots":{"index":"index","follow":"follow","max-snippet":"max-snippet:-1","max-image-preview":"max-image-preview:large","max-video-preview":"max-video-preview:-1"},"canonical":"https:\/\/sonographycanada.ca\/fr\/adhesion\/devenir-membre","og_locale":"fr_FR","og_type":"article","og_title":"Devenir membre - \u00c9chographie Canada","og_description":"\u00c9chographie Canada est l\u2019association professionnelle et l\u2019organisme d\u2019agr\u00e9ment pour les \u00e9chographistes m\u00e9dicaux diagnostiques au Canada. Nous repr\u00e9sentons plus de 5 700 membres \u00e0 travers le pays. \u00c9chographie Canada d\u00e9veloppe les profils de comp\u00e9tence et les lignes directrices de la pratique professionnelle et nous cherchons \u00e0 promouvoir ceux-ci aupr\u00e8s des gouvernements, des \u00e9tablissements d\u2019enseignement, du public [&hellip;]","og_url":"https:\/\/sonographycanada.ca\/fr\/adhesion\/devenir-membre","og_site_name":"\u00c9chographie Canada","article_modified_time":"2021-11-19T15:17:48+00:00","twitter_card":"summary_large_image","twitter_misc":{"Est. reading time":"2 minutes"},"schema":{"@context":"https:\/\/schema.org","@graph":[{"@type":"WebPage","@id":"https:\/\/sonographycanada.ca\/fr\/adhesion\/devenir-membre","url":"https:\/\/sonographycanada.ca\/fr\/adhesion\/devenir-membre","name":"Devenir membre - \u00c9chographie Canada","isPartOf":{"@id":"https:\/\/sonographycanada.ca\/#website"},"datePublished":"2020-04-03T18:41:55+00:00","dateModified":"2021-11-19T15:17:48+00:00","breadcrumb":{"@id":"https:\/\/sonographycanada.ca\/fr\/adhesion\/devenir-membre#breadcrumb"},"inLanguage":"fr-FR","potentialAction":[{"@type":"ReadAction","target":["https:\/\/sonographycanada.ca\/fr\/adhesion\/devenir-membre"]}]},{"@type":"BreadcrumbList","@id":"https:\/\/sonographycanada.ca\/fr\/adhesion\/devenir-membre#breadcrumb","itemListElement":[{"@type":"ListItem","position":1,"name":"Accueil","item":"https:\/\/sonographycanada.ca\/fr"},{"@type":"ListItem","position":2,"name":"Adh\u00e9sion","item":"https:\/\/sonographycanada.ca\/fr\/adhesion"},{"@type":"ListItem","position":3,"name":"Devenir membre"}]},{"@type":"WebSite","@id":"https:\/\/sonographycanada.ca\/#website","url":"https:\/\/sonographycanada.ca\/","name":"\u00c9chographie Canada","description":"La voix des \u00e9chographistes m\u00e9dicaux diagnostiques au Canada","potentialAction":[{"@type":"SearchAction","target":{"@type":"EntryPoint","urlTemplate":"https:\/\/sonographycanada.ca\/?s={search_term_string}"},"query-input":{"@type":"PropertyValueSpecification","valueRequired":true,"valueName":"search_term_string"}}],"inLanguage":"fr-FR"}]}},"coauthors":[],"author_meta":{"author_link":"https:\/\/sonographycanada.ca\/fr\/author\/263a58fd-0292-4830-a513-b6bccee25d5d","display_name":"Riad Kadi"},"relative_dates":{"created":"Publi\u00e9 6 years il y a","modified":"Mis \u00e0 jour 4 years il y a"},"absolute_dates":{"created":"Publi\u00e9 le avril 3, 2020","modified":"Mise \u00e0 jour le novembre 19, 2021"},"absolute_dates_time":{"created":"Publi\u00e9 le avril 3, 2020 6:41 pm","modified":"Mise \u00e0 jour le novembre 19, 2021 3:17 pm"},"featured_img_caption":"","featured_img":false,"series_order":"","_links":{"self":[{"href":"https:\/\/sonographycanada.ca\/fr\/wp-json\/wp\/v2\/pages\/22336"}],"collection":[{"href":"https:\/\/sonographycanada.ca\/fr\/wp-json\/wp\/v2\/pages"}],"about":[{"href":"https:\/\/sonographycanada.ca\/fr\/wp-json\/wp\/v2\/types\/page"}],"author":[{"embeddable":true,"href":"https:\/\/sonographycanada.ca\/fr\/wp-json\/wp\/v2\/users\/6718"}],"replies":[{"embeddable":true,"href":"https:\/\/sonographycanada.ca\/fr\/wp-json\/wp\/v2\/comments?post=22336"}],"version-history":[{"count":12,"href":"https:\/\/sonographycanada.ca\/fr\/wp-json\/wp\/v2\/pages\/22336\/revisions"}],"predecessor-version":[{"id":139973,"href":"https:\/\/sonographycanada.ca\/fr\/wp-json\/wp\/v2\/pages\/22336\/revisions\/139973"}],"up":[{"embeddable":true,"href":"https:\/\/sonographycanada.ca\/fr\/wp-json\/wp\/v2\/pages\/516"}],"wp:attachment":[{"href":"https:\/\/sonographycanada.ca\/fr\/wp-json\/wp\/v2\/media?parent=22336"}],"curies":[{"name":"wp","href":"https:\/\/api.w.org\/{rel}","templated":true}]}}