{"id":2330,"date":"2019-03-28T20:35:36","date_gmt":"2019-03-28T20:35:36","guid":{"rendered":"https:\/\/sonographycanada.ca\/?page_id=2330"},"modified":"2020-05-29T16:58:39","modified_gmt":"2020-05-29T16:58:39","slug":"reglements","status":"publish","type":"page","link":"https:\/\/sonographycanada.ca\/fr\/membres\/gouvernance\/reglements","title":{"rendered":"R\u00e8glements"},"content":{"rendered":"<p>R\u00e9glements d\u2019\u00c9chographie Canada, telle qu\u2019approuv\u00e9e par le Conseil d\u2019administration le 11 avril 2018. Sujet \u00e0 la ratification par les membres.&nbsp;<\/p><p>Veuillez noter, conform\u00e9ment avec les r\u00e8glement Canadien sans-but-lucratif, les amendements approuv\u00e9s par le Conseil d\u2019administration sont en vigueur \u00e0 compter de la date de l\u2019approbation du Conseil, mais restent sousmis \u00e0 la ratification par les membres lors de la prochaine Assembl\u00e9e G\u00e9n\u00e9rale Annuelle qui aura lieu le ou vers le 25 mai, 2018.<\/p><p><a href=\"https:\/\/sonographycanada.ca\/app\/uploads\/2019\/03\/CONSTITUTION-AND-BY-LAW-2018-04-11.pdf\" target=\"_blank\" rel=\"noreferrer noopener\">R\u00e9glements<\/a>&nbsp;(anglais seulement)<\/p>","protected":false},"excerpt":{"rendered":"<p>R\u00e9glements d\u2019\u00c9chographie Canada, telle qu\u2019approuv\u00e9e par le Conseil d\u2019administration le 11 avril 2018. Sujet \u00e0 la ratification par les membres.&nbsp; Veuillez noter, conform\u00e9ment avec les r\u00e8glement Canadien sans-but-lucratif, les amendements approuv\u00e9s par le Conseil d\u2019administration sont en vigueur \u00e0 compter de la date de l\u2019approbation du Conseil, mais restent sousmis \u00e0 la ratification par les [&hellip;]<\/p>\n","protected":false},"author":1,"featured_media":0,"parent":51464,"menu_order":0,"comment_status":"closed","ping_status":"closed","template":"","meta":{"_acf_changed":false,"advgb_blocks_editor_width":"","advgb_blocks_columns_visual_guide":"","wicket_organization":"","_seat_count":"","_member_id":[],"_edit_last":"6718","_start_date":"","_end_date":"","footnotes":""},"class_list":["post-2330","page","type-page","status-publish","hentry"],"acf":[],"yoast_head":"<!-- This site is optimized with the Yoast SEO plugin v23.5 - https:\/\/yoast.com\/wordpress\/plugins\/seo\/ -->\n<title>R\u00e8glements - \u00c9chographie Canada<\/title>\n<meta name=\"robots\" content=\"index, follow, max-snippet:-1, max-image-preview:large, max-video-preview:-1\" \/>\n<link rel=\"canonical\" href=\"https:\/\/sonographycanada.ca\/fr\/membres\/gouvernance\/reglements\" \/>\n<meta property=\"og:locale\" content=\"fr_FR\" \/>\n<meta property=\"og:type\" content=\"article\" \/>\n<meta property=\"og:title\" content=\"R\u00e8glements - \u00c9chographie Canada\" \/>\n<meta property=\"og:description\" content=\"R\u00e9glements d\u2019\u00c9chographie Canada, telle qu\u2019approuv\u00e9e par le Conseil d\u2019administration le 11 avril 2018. Sujet \u00e0 la ratification par les membres.&nbsp; Veuillez noter, conform\u00e9ment avec les r\u00e8glement Canadien sans-but-lucratif, les amendements approuv\u00e9s par le Conseil d\u2019administration sont en vigueur \u00e0 compter de la date de l\u2019approbation du Conseil, mais restent sousmis \u00e0 la ratification par les [&hellip;]\" \/>\n<meta property=\"og:url\" content=\"https:\/\/sonographycanada.ca\/fr\/membres\/gouvernance\/reglements\" \/>\n<meta property=\"og:site_name\" content=\"\u00c9chographie Canada\" \/>\n<meta property=\"article:modified_time\" content=\"2020-05-29T16:58:39+00:00\" \/>\n<meta name=\"twitter:card\" content=\"summary_large_image\" \/>\n<script type=\"application\/ld+json\" class=\"yoast-schema-graph\">{\"@context\":\"https:\/\/schema.org\",\"@graph\":[{\"@type\":\"WebPage\",\"@id\":\"https:\/\/sonographycanada.ca\/fr\/membres\/gouvernance\/reglements\",\"url\":\"https:\/\/sonographycanada.ca\/fr\/membres\/gouvernance\/reglements\",\"name\":\"R\u00e8glements - \u00c9chographie Canada\",\"isPartOf\":{\"@id\":\"https:\/\/sonographycanada.ca\/#website\"},\"datePublished\":\"2019-03-28T20:35:36+00:00\",\"dateModified\":\"2020-05-29T16:58:39+00:00\",\"breadcrumb\":{\"@id\":\"https:\/\/sonographycanada.ca\/fr\/membres\/gouvernance\/reglements#breadcrumb\"},\"inLanguage\":\"fr-FR\",\"potentialAction\":[{\"@type\":\"ReadAction\",\"target\":[\"https:\/\/sonographycanada.ca\/fr\/membres\/gouvernance\/reglements\"]}]},{\"@type\":\"BreadcrumbList\",\"@id\":\"https:\/\/sonographycanada.ca\/fr\/membres\/gouvernance\/reglements#breadcrumb\",\"itemListElement\":[{\"@type\":\"ListItem\",\"position\":1,\"name\":\"Accueil\",\"item\":\"https:\/\/sonographycanada.ca\/fr\"},{\"@type\":\"ListItem\",\"position\":2,\"name\":\"Membres\",\"item\":\"https:\/\/sonographycanada.ca\/fr\/membres\"},{\"@type\":\"ListItem\",\"position\":3,\"name\":\"Gouvernance\",\"item\":\"https:\/\/sonographycanada.ca\/fr\/membres\/gouvernance\"},{\"@type\":\"ListItem\",\"position\":4,\"name\":\"R\u00e8glements\"}]},{\"@type\":\"WebSite\",\"@id\":\"https:\/\/sonographycanada.ca\/#website\",\"url\":\"https:\/\/sonographycanada.ca\/\",\"name\":\"\u00c9chographie Canada\",\"description\":\"La voix des \u00e9chographistes m\u00e9dicaux diagnostiques au Canada\",\"potentialAction\":[{\"@type\":\"SearchAction\",\"target\":{\"@type\":\"EntryPoint\",\"urlTemplate\":\"https:\/\/sonographycanada.ca\/?s={search_term_string}\"},\"query-input\":{\"@type\":\"PropertyValueSpecification\",\"valueRequired\":true,\"valueName\":\"search_term_string\"}}],\"inLanguage\":\"fr-FR\"}]}<\/script>\n<!-- \/ Yoast SEO plugin. -->","yoast_head_json":{"title":"R\u00e8glements - \u00c9chographie Canada","robots":{"index":"index","follow":"follow","max-snippet":"max-snippet:-1","max-image-preview":"max-image-preview:large","max-video-preview":"max-video-preview:-1"},"canonical":"https:\/\/sonographycanada.ca\/fr\/membres\/gouvernance\/reglements","og_locale":"fr_FR","og_type":"article","og_title":"R\u00e8glements - \u00c9chographie Canada","og_description":"R\u00e9glements d\u2019\u00c9chographie Canada, telle qu\u2019approuv\u00e9e par le Conseil d\u2019administration le 11 avril 2018. Sujet \u00e0 la ratification par les membres.&nbsp; Veuillez noter, conform\u00e9ment avec les r\u00e8glement Canadien sans-but-lucratif, les amendements approuv\u00e9s par le Conseil d\u2019administration sont en vigueur \u00e0 compter de la date de l\u2019approbation du Conseil, mais restent sousmis \u00e0 la ratification par les [&hellip;]","og_url":"https:\/\/sonographycanada.ca\/fr\/membres\/gouvernance\/reglements","og_site_name":"\u00c9chographie Canada","article_modified_time":"2020-05-29T16:58:39+00:00","twitter_card":"summary_large_image","schema":{"@context":"https:\/\/schema.org","@graph":[{"@type":"WebPage","@id":"https:\/\/sonographycanada.ca\/fr\/membres\/gouvernance\/reglements","url":"https:\/\/sonographycanada.ca\/fr\/membres\/gouvernance\/reglements","name":"R\u00e8glements - \u00c9chographie Canada","isPartOf":{"@id":"https:\/\/sonographycanada.ca\/#website"},"datePublished":"2019-03-28T20:35:36+00:00","dateModified":"2020-05-29T16:58:39+00:00","breadcrumb":{"@id":"https:\/\/sonographycanada.ca\/fr\/membres\/gouvernance\/reglements#breadcrumb"},"inLanguage":"fr-FR","potentialAction":[{"@type":"ReadAction","target":["https:\/\/sonographycanada.ca\/fr\/membres\/gouvernance\/reglements"]}]},{"@type":"BreadcrumbList","@id":"https:\/\/sonographycanada.ca\/fr\/membres\/gouvernance\/reglements#breadcrumb","itemListElement":[{"@type":"ListItem","position":1,"name":"Accueil","item":"https:\/\/sonographycanada.ca\/fr"},{"@type":"ListItem","position":2,"name":"Membres","item":"https:\/\/sonographycanada.ca\/fr\/membres"},{"@type":"ListItem","position":3,"name":"Gouvernance","item":"https:\/\/sonographycanada.ca\/fr\/membres\/gouvernance"},{"@type":"ListItem","position":4,"name":"R\u00e8glements"}]},{"@type":"WebSite","@id":"https:\/\/sonographycanada.ca\/#website","url":"https:\/\/sonographycanada.ca\/","name":"\u00c9chographie Canada","description":"La voix des \u00e9chographistes m\u00e9dicaux diagnostiques au Canada","potentialAction":[{"@type":"SearchAction","target":{"@type":"EntryPoint","urlTemplate":"https:\/\/sonographycanada.ca\/?s={search_term_string}"},"query-input":{"@type":"PropertyValueSpecification","valueRequired":true,"valueName":"search_term_string"}}],"inLanguage":"fr-FR"}]}},"coauthors":[],"author_meta":{"author_link":"https:\/\/sonographycanada.ca\/fr\/author\/admin","display_name":"Kevin Andrews"},"relative_dates":{"created":"Publi\u00e9 7 years il y a","modified":"Mis \u00e0 jour 6 years il y a"},"absolute_dates":{"created":"Publi\u00e9 le mars 28, 2019","modified":"Mise \u00e0 jour le mai 29, 2020"},"absolute_dates_time":{"created":"Publi\u00e9 le mars 28, 2019 8:35 pm","modified":"Mise \u00e0 jour le mai 29, 2020 4:58 pm"},"featured_img_caption":"","featured_img":false,"series_order":"","_links":{"self":[{"href":"https:\/\/sonographycanada.ca\/fr\/wp-json\/wp\/v2\/pages\/2330"}],"collection":[{"href":"https:\/\/sonographycanada.ca\/fr\/wp-json\/wp\/v2\/pages"}],"about":[{"href":"https:\/\/sonographycanada.ca\/fr\/wp-json\/wp\/v2\/types\/page"}],"author":[{"embeddable":true,"href":"https:\/\/sonographycanada.ca\/fr\/wp-json\/wp\/v2\/users\/1"}],"replies":[{"embeddable":true,"href":"https:\/\/sonographycanada.ca\/fr\/wp-json\/wp\/v2\/comments?post=2330"}],"version-history":[{"count":3,"href":"https:\/\/sonographycanada.ca\/fr\/wp-json\/wp\/v2\/pages\/2330\/revisions"}],"predecessor-version":[{"id":2333,"href":"https:\/\/sonographycanada.ca\/fr\/wp-json\/wp\/v2\/pages\/2330\/revisions\/2333"}],"up":[{"embeddable":true,"href":"https:\/\/sonographycanada.ca\/fr\/wp-json\/wp\/v2\/pages\/51464"}],"wp:attachment":[{"href":"https:\/\/sonographycanada.ca\/fr\/wp-json\/wp\/v2\/media?parent=2330"}],"curies":[{"name":"wp","href":"https:\/\/api.w.org\/{rel}","templated":true}]}}