{"id":23320,"date":"2020-04-10T16:39:57","date_gmt":"2020-04-10T16:39:57","guid":{"rendered":"https:\/\/sonographycanada.ca\/membres\/assurance-responsabilite-professionnelle\/professional-liability-insurance-coverage"},"modified":"2024-02-22T10:05:41","modified_gmt":"2024-02-22T15:05:41","slug":"couverture-dassurance-responsabilite-professionnelle","status":"publish","type":"page","link":"https:\/\/sonographycanada.ca\/fr\/membres\/assurance-responsabilite-professionnelle\/couverture-dassurance-responsabilite-professionnelle","title":{"rendered":"Couverture d\u2019assurance responsabilit\u00e9 professionnelle"},"content":{"rendered":"<p><em>Contenu mis \u00e0 jour le 21 f\u00e9vrier 2024<\/em><\/p><h3 class=\"wp-block-heading\">L\u2019assurance responsabilit\u00e9 professionnelle offerte par \u00c9chographie Canada est con\u00e7ue en fonction des risques professionnels en \u00e9chographie qu\u2019on associe au milieu de la sant\u00e9 aujourd\u2019hui. Nous nous sommes associ\u00e9s \u00e0 BMS pour fournir aux technologues sp\u00e9cialis\u00e9s en \u00e9chographie une assurance \u00e9tendue et abordable.<br><\/h3><p>La protection est offerte aux technologues sp\u00e9cialis\u00e9s et technologues sp\u00e9cialis\u00e9es en \u00e9chographie qui fournissent \u00e9galement des services de technologue en radiation m\u00e9dicale, \u00e0 condition que cette information ait \u00e9t\u00e9 communiqu\u00e9e \u00e0 \u00c9chographie Canada au moment de la souscription de la police.<\/p><p><strong><a href=\"https:\/\/sonography.bmsgroup.com\/fr\/accueil.html\">Cliquez ici <\/a>pour en savoir plus sur l\u2019assurance responsabilit\u00e9 professionnelle offerte aux membres.<\/strong><\/p><p><strong><a href=\"https:\/\/sonographycanada.ca\/fr\/membres\/assurance-responsabilite-professionnelle\/admissibilite\">Cliquez ici<\/a><\/strong><strong>&nbsp;pour en apprendre davantage sur les crit\u00e8res d\u2019admissibilit\u00e9.<\/strong><\/p><p><strong><a href=\"https:\/\/sonographycanada.ca\/fr\/membres\/assurance-responsabilite-professionnelle\/formulaires-demande\">Cliquez ici<\/a> pour obtenir des d\u00e9tails sur la proc\u00e9dure \u00e0 suivre pour souscrire un contrat d\u2019assurance<\/strong><\/p><p><a class=\"button button--primary text--centered\" href=\"https:\/\/sonographycanada.ca\/fr\/membres\/assurance-responsabilite-professionnelle\/formulaires-demande\">Cliquez ici pour soumettre une demande<\/a><\/p>","protected":false},"excerpt":{"rendered":"<p>Contenu mis \u00e0 jour le 21 f\u00e9vrier 2024 L\u2019assurance responsabilit\u00e9 professionnelle offerte par \u00c9chographie Canada est con\u00e7ue en fonction des risques professionnels en \u00e9chographie qu\u2019on associe au milieu de la sant\u00e9 aujourd\u2019hui. Nous nous sommes associ\u00e9s \u00e0 BMS pour fournir aux technologues sp\u00e9cialis\u00e9s en \u00e9chographie une assurance \u00e9tendue et abordable. La protection est offerte aux [&hellip;]<\/p>\n","protected":false},"author":6718,"featured_media":126999,"parent":571,"menu_order":0,"comment_status":"closed","ping_status":"closed","template":"","meta":{"_acf_changed":false,"advgb_blocks_editor_width":"","advgb_blocks_columns_visual_guide":"","wicket_organization":"","_seat_count":"","_member_id":[],"_edit_last":"6292","_start_date":"","_end_date":"","footnotes":""},"class_list":["post-23320","page","type-page","status-publish","has-post-thumbnail","hentry"],"acf":[],"yoast_head":"<!-- This site is optimized with the Yoast SEO plugin v23.5 - https:\/\/yoast.com\/wordpress\/plugins\/seo\/ -->\n<title>Couverture d\u2019assurance responsabilit\u00e9 professionnelle - \u00c9chographie Canada<\/title>\n<meta name=\"robots\" content=\"index, follow, max-snippet:-1, max-image-preview:large, max-video-preview:-1\" \/>\n<link rel=\"canonical\" href=\"https:\/\/sonographycanada.ca\/fr\/membres\/assurance-responsabilite-professionnelle\/couverture-dassurance-responsabilite-professionnelle\" \/>\n<meta property=\"og:locale\" content=\"fr_FR\" \/>\n<meta property=\"og:type\" content=\"article\" \/>\n<meta property=\"og:title\" content=\"Couverture d\u2019assurance responsabilit\u00e9 professionnelle - \u00c9chographie Canada\" \/>\n<meta property=\"og:description\" content=\"Contenu mis \u00e0 jour le 21 f\u00e9vrier 2024 L\u2019assurance responsabilit\u00e9 professionnelle offerte par \u00c9chographie Canada est con\u00e7ue en fonction des risques professionnels en \u00e9chographie qu\u2019on associe au milieu de la sant\u00e9 aujourd\u2019hui. Nous nous sommes associ\u00e9s \u00e0 BMS pour fournir aux technologues sp\u00e9cialis\u00e9s en \u00e9chographie une assurance \u00e9tendue et abordable. La protection est offerte aux [&hellip;]\" \/>\n<meta property=\"og:url\" content=\"https:\/\/sonographycanada.ca\/fr\/membres\/assurance-responsabilite-professionnelle\/couverture-dassurance-responsabilite-professionnelle\" \/>\n<meta property=\"og:site_name\" content=\"\u00c9chographie Canada\" \/>\n<meta property=\"article:modified_time\" content=\"2024-02-22T15:05:41+00:00\" \/>\n<meta property=\"og:image\" content=\"https:\/\/sonographycanada.ca\/app\/uploads\/2021\/04\/PLI-website-banner-FRE.png\" \/>\n\t<meta property=\"og:image:width\" content=\"390\" \/>\n\t<meta property=\"og:image:height\" content=\"172\" \/>\n\t<meta property=\"og:image:type\" content=\"image\/png\" \/>\n<meta name=\"twitter:card\" content=\"summary_large_image\" \/>\n<meta name=\"twitter:label1\" content=\"Est. reading time\" \/>\n\t<meta name=\"twitter:data1\" content=\"1 minute\" \/>\n<script type=\"application\/ld+json\" class=\"yoast-schema-graph\">{\"@context\":\"https:\/\/schema.org\",\"@graph\":[{\"@type\":\"WebPage\",\"@id\":\"https:\/\/sonographycanada.ca\/fr\/membres\/assurance-responsabilite-professionnelle\/couverture-dassurance-responsabilite-professionnelle\",\"url\":\"https:\/\/sonographycanada.ca\/fr\/membres\/assurance-responsabilite-professionnelle\/couverture-dassurance-responsabilite-professionnelle\",\"name\":\"Couverture d\u2019assurance responsabilit\u00e9 professionnelle - \u00c9chographie Canada\",\"isPartOf\":{\"@id\":\"https:\/\/sonographycanada.ca\/#website\"},\"primaryImageOfPage\":{\"@id\":\"https:\/\/sonographycanada.ca\/fr\/membres\/assurance-responsabilite-professionnelle\/couverture-dassurance-responsabilite-professionnelle#primaryimage\"},\"image\":{\"@id\":\"https:\/\/sonographycanada.ca\/fr\/membres\/assurance-responsabilite-professionnelle\/couverture-dassurance-responsabilite-professionnelle#primaryimage\"},\"thumbnailUrl\":\"https:\/\/sonographycanada.ca\/app\/uploads\/2021\/04\/PLI-website-banner-FRE.png\",\"datePublished\":\"2020-04-10T16:39:57+00:00\",\"dateModified\":\"2024-02-22T15:05:41+00:00\",\"breadcrumb\":{\"@id\":\"https:\/\/sonographycanada.ca\/fr\/membres\/assurance-responsabilite-professionnelle\/couverture-dassurance-responsabilite-professionnelle#breadcrumb\"},\"inLanguage\":\"fr-FR\",\"potentialAction\":[{\"@type\":\"ReadAction\",\"target\":[\"https:\/\/sonographycanada.ca\/fr\/membres\/assurance-responsabilite-professionnelle\/couverture-dassurance-responsabilite-professionnelle\"]}]},{\"@type\":\"ImageObject\",\"inLanguage\":\"fr-FR\",\"@id\":\"https:\/\/sonographycanada.ca\/fr\/membres\/assurance-responsabilite-professionnelle\/couverture-dassurance-responsabilite-professionnelle#primaryimage\",\"url\":\"https:\/\/sonographycanada.ca\/app\/uploads\/2021\/04\/PLI-website-banner-FRE.png\",\"contentUrl\":\"https:\/\/sonographycanada.ca\/app\/uploads\/2021\/04\/PLI-website-banner-FRE.png\",\"width\":390,\"height\":172},{\"@type\":\"BreadcrumbList\",\"@id\":\"https:\/\/sonographycanada.ca\/fr\/membres\/assurance-responsabilite-professionnelle\/couverture-dassurance-responsabilite-professionnelle#breadcrumb\",\"itemListElement\":[{\"@type\":\"ListItem\",\"position\":1,\"name\":\"Accueil\",\"item\":\"https:\/\/sonographycanada.ca\/fr\"},{\"@type\":\"ListItem\",\"position\":2,\"name\":\"Membres\",\"item\":\"https:\/\/sonographycanada.ca\/fr\/membres\"},{\"@type\":\"ListItem\",\"position\":3,\"name\":\"Assurance responsabilit\u00e9 professionnelle (ARP)\",\"item\":\"https:\/\/sonographycanada.ca\/fr\/membres\/assurance-responsabilite-professionnelle\"},{\"@type\":\"ListItem\",\"position\":4,\"name\":\"Couverture d\u2019assurance responsabilit\u00e9 professionnelle\"}]},{\"@type\":\"WebSite\",\"@id\":\"https:\/\/sonographycanada.ca\/#website\",\"url\":\"https:\/\/sonographycanada.ca\/\",\"name\":\"\u00c9chographie Canada\",\"description\":\"La voix des \u00e9chographistes m\u00e9dicaux diagnostiques au Canada\",\"potentialAction\":[{\"@type\":\"SearchAction\",\"target\":{\"@type\":\"EntryPoint\",\"urlTemplate\":\"https:\/\/sonographycanada.ca\/?s={search_term_string}\"},\"query-input\":{\"@type\":\"PropertyValueSpecification\",\"valueRequired\":true,\"valueName\":\"search_term_string\"}}],\"inLanguage\":\"fr-FR\"}]}<\/script>\n<!-- \/ Yoast SEO plugin. -->","yoast_head_json":{"title":"Couverture d\u2019assurance responsabilit\u00e9 professionnelle - \u00c9chographie Canada","robots":{"index":"index","follow":"follow","max-snippet":"max-snippet:-1","max-image-preview":"max-image-preview:large","max-video-preview":"max-video-preview:-1"},"canonical":"https:\/\/sonographycanada.ca\/fr\/membres\/assurance-responsabilite-professionnelle\/couverture-dassurance-responsabilite-professionnelle","og_locale":"fr_FR","og_type":"article","og_title":"Couverture d\u2019assurance responsabilit\u00e9 professionnelle - \u00c9chographie Canada","og_description":"Contenu mis \u00e0 jour le 21 f\u00e9vrier 2024 L\u2019assurance responsabilit\u00e9 professionnelle offerte par \u00c9chographie Canada est con\u00e7ue en fonction des risques professionnels en \u00e9chographie qu\u2019on associe au milieu de la sant\u00e9 aujourd\u2019hui. Nous nous sommes associ\u00e9s \u00e0 BMS pour fournir aux technologues sp\u00e9cialis\u00e9s en \u00e9chographie une assurance \u00e9tendue et abordable. La protection est offerte aux [&hellip;]","og_url":"https:\/\/sonographycanada.ca\/fr\/membres\/assurance-responsabilite-professionnelle\/couverture-dassurance-responsabilite-professionnelle","og_site_name":"\u00c9chographie Canada","article_modified_time":"2024-02-22T15:05:41+00:00","og_image":[{"width":390,"height":172,"url":"https:\/\/sonographycanada.ca\/app\/uploads\/2021\/04\/PLI-website-banner-FRE.png","type":"image\/png"}],"twitter_card":"summary_large_image","twitter_misc":{"Est. reading time":"1 minute"},"schema":{"@context":"https:\/\/schema.org","@graph":[{"@type":"WebPage","@id":"https:\/\/sonographycanada.ca\/fr\/membres\/assurance-responsabilite-professionnelle\/couverture-dassurance-responsabilite-professionnelle","url":"https:\/\/sonographycanada.ca\/fr\/membres\/assurance-responsabilite-professionnelle\/couverture-dassurance-responsabilite-professionnelle","name":"Couverture d\u2019assurance responsabilit\u00e9 professionnelle - \u00c9chographie Canada","isPartOf":{"@id":"https:\/\/sonographycanada.ca\/#website"},"primaryImageOfPage":{"@id":"https:\/\/sonographycanada.ca\/fr\/membres\/assurance-responsabilite-professionnelle\/couverture-dassurance-responsabilite-professionnelle#primaryimage"},"image":{"@id":"https:\/\/sonographycanada.ca\/fr\/membres\/assurance-responsabilite-professionnelle\/couverture-dassurance-responsabilite-professionnelle#primaryimage"},"thumbnailUrl":"https:\/\/sonographycanada.ca\/app\/uploads\/2021\/04\/PLI-website-banner-FRE.png","datePublished":"2020-04-10T16:39:57+00:00","dateModified":"2024-02-22T15:05:41+00:00","breadcrumb":{"@id":"https:\/\/sonographycanada.ca\/fr\/membres\/assurance-responsabilite-professionnelle\/couverture-dassurance-responsabilite-professionnelle#breadcrumb"},"inLanguage":"fr-FR","potentialAction":[{"@type":"ReadAction","target":["https:\/\/sonographycanada.ca\/fr\/membres\/assurance-responsabilite-professionnelle\/couverture-dassurance-responsabilite-professionnelle"]}]},{"@type":"ImageObject","inLanguage":"fr-FR","@id":"https:\/\/sonographycanada.ca\/fr\/membres\/assurance-responsabilite-professionnelle\/couverture-dassurance-responsabilite-professionnelle#primaryimage","url":"https:\/\/sonographycanada.ca\/app\/uploads\/2021\/04\/PLI-website-banner-FRE.png","contentUrl":"https:\/\/sonographycanada.ca\/app\/uploads\/2021\/04\/PLI-website-banner-FRE.png","width":390,"height":172},{"@type":"BreadcrumbList","@id":"https:\/\/sonographycanada.ca\/fr\/membres\/assurance-responsabilite-professionnelle\/couverture-dassurance-responsabilite-professionnelle#breadcrumb","itemListElement":[{"@type":"ListItem","position":1,"name":"Accueil","item":"https:\/\/sonographycanada.ca\/fr"},{"@type":"ListItem","position":2,"name":"Membres","item":"https:\/\/sonographycanada.ca\/fr\/membres"},{"@type":"ListItem","position":3,"name":"Assurance responsabilit\u00e9 professionnelle (ARP)","item":"https:\/\/sonographycanada.ca\/fr\/membres\/assurance-responsabilite-professionnelle"},{"@type":"ListItem","position":4,"name":"Couverture d\u2019assurance responsabilit\u00e9 professionnelle"}]},{"@type":"WebSite","@id":"https:\/\/sonographycanada.ca\/#website","url":"https:\/\/sonographycanada.ca\/","name":"\u00c9chographie Canada","description":"La voix des \u00e9chographistes m\u00e9dicaux diagnostiques au Canada","potentialAction":[{"@type":"SearchAction","target":{"@type":"EntryPoint","urlTemplate":"https:\/\/sonographycanada.ca\/?s={search_term_string}"},"query-input":{"@type":"PropertyValueSpecification","valueRequired":true,"valueName":"search_term_string"}}],"inLanguage":"fr-FR"}]}},"coauthors":[],"author_meta":{"author_link":"https:\/\/sonographycanada.ca\/fr\/author\/263a58fd-0292-4830-a513-b6bccee25d5d","display_name":"Riad Kadi"},"relative_dates":{"created":"Publi\u00e9 6 years il y a","modified":"Mis \u00e0 jour 2 years il y a"},"absolute_dates":{"created":"Publi\u00e9 le avril 10, 2020","modified":"Mise \u00e0 jour le f\u00e9vrier 22, 2024"},"absolute_dates_time":{"created":"Publi\u00e9 le avril 10, 2020 4:39 pm","modified":"Mise \u00e0 jour le f\u00e9vrier 22, 2024 10:05 am"},"featured_img_caption":"","featured_img":"https:\/\/sonographycanada.ca\/app\/uploads\/2021\/04\/PLI-website-banner-FRE.png","series_order":"","_links":{"self":[{"href":"https:\/\/sonographycanada.ca\/fr\/wp-json\/wp\/v2\/pages\/23320"}],"collection":[{"href":"https:\/\/sonographycanada.ca\/fr\/wp-json\/wp\/v2\/pages"}],"about":[{"href":"https:\/\/sonographycanada.ca\/fr\/wp-json\/wp\/v2\/types\/page"}],"author":[{"embeddable":true,"href":"https:\/\/sonographycanada.ca\/fr\/wp-json\/wp\/v2\/users\/6718"}],"replies":[{"embeddable":true,"href":"https:\/\/sonographycanada.ca\/fr\/wp-json\/wp\/v2\/comments?post=23320"}],"version-history":[{"count":20,"href":"https:\/\/sonographycanada.ca\/fr\/wp-json\/wp\/v2\/pages\/23320\/revisions"}],"predecessor-version":[{"id":215681,"href":"https:\/\/sonographycanada.ca\/fr\/wp-json\/wp\/v2\/pages\/23320\/revisions\/215681"}],"up":[{"embeddable":true,"href":"https:\/\/sonographycanada.ca\/fr\/wp-json\/wp\/v2\/pages\/571"}],"wp:featuredmedia":[{"embeddable":true,"href":"https:\/\/sonographycanada.ca\/fr\/wp-json\/wp\/v2\/media\/126999"}],"wp:attachment":[{"href":"https:\/\/sonographycanada.ca\/fr\/wp-json\/wp\/v2\/media?parent=23320"}],"curies":[{"name":"wp","href":"https:\/\/api.w.org\/{rel}","templated":true}]}}