{"id":23324,"date":"2020-04-10T16:39:59","date_gmt":"2020-04-10T16:39:59","guid":{"rendered":"https:\/\/sonographycanada.ca\/membres\/assurance-responsabilite-professionnelle\/eligibility"},"modified":"2024-02-22T10:08:06","modified_gmt":"2024-02-22T15:08:06","slug":"admissibilite","status":"publish","type":"page","link":"https:\/\/sonographycanada.ca\/fr\/membres\/assurance-responsabilite-professionnelle\/admissibilite","title":{"rendered":"Admissibilit\u00e9"},"content":{"rendered":"<p>Vous pouvez vous procurer de l\u2019assurance responsabilit\u00e9 professionnelle aupr\u00e8s d\u2019\u00c9chographie Canada si :<\/p><ul class=\"wp-block-list\"><li>Vous \u00eates un membre actif ou un membre praticien non-accr\u00e9dit\u00e9 d\u2019\u00c9chographie Canada.<\/li><li>Vous avez pay\u00e9 vos frais d\u2019adh\u00e9sion et vous \u00eates un membre en r\u00e8gle d\u2019\u00c9chographie Canada.<\/li><li>Vous \u00eates un nouveau dipl\u00f4m\u00e9 qui ne d\u00e9tient pas encore de titres de comp\u00e9tence mais qui fait l\u2019objet d\u2019une supervision directe. Si cette situation s\u2019applique \u00e0 vous, veuillez communiquer avec nous \u00e0 <a href=\"mailto:info@sonographycanada.ca\">info@sonographycanada.ca<\/a>.<\/li><\/ul><p><a href=\"https:\/\/sonographycanada.ca\/fr\/adhesion\/categories-de-membres\"><strong>Pr\u00e9cisions sur les cat\u00e9gories de membres d\u2019\u00c9chographie Canada.<\/strong><\/a><\/p><p><strong><a href=\"https:\/\/sonographycanada.ca\/fr\/membres\/assurance-responsabilite-professionnelle\/formulaires-demande\">Cliquez ici<\/a> pour obtenir des d\u00e9tails sur la proc\u00e9dure \u00e0 suivre pour souscrire un contrat d\u2019assurance<\/strong><\/p>","protected":false},"excerpt":{"rendered":"<p>Vous pouvez vous procurer de l\u2019assurance responsabilit\u00e9 professionnelle aupr\u00e8s d\u2019\u00c9chographie Canada si : Vous \u00eates un membre actif ou un membre praticien non-accr\u00e9dit\u00e9 d\u2019\u00c9chographie Canada. Vous avez pay\u00e9 vos frais d\u2019adh\u00e9sion et vous \u00eates un membre en r\u00e8gle d\u2019\u00c9chographie Canada. Vous \u00eates un nouveau dipl\u00f4m\u00e9 qui ne d\u00e9tient pas encore de titres de comp\u00e9tence mais [&hellip;]<\/p>\n","protected":false},"author":6718,"featured_media":0,"parent":571,"menu_order":0,"comment_status":"closed","ping_status":"closed","template":"","meta":{"_acf_changed":false,"advgb_blocks_editor_width":"","advgb_blocks_columns_visual_guide":"","wicket_organization":"","_seat_count":"","_member_id":[],"_edit_last":"6292","_start_date":"","_end_date":"","footnotes":""},"class_list":["post-23324","page","type-page","status-publish","hentry"],"acf":[],"yoast_head":"<!-- This site is optimized with the Yoast SEO plugin v23.5 - https:\/\/yoast.com\/wordpress\/plugins\/seo\/ -->\n<title>Admissibilit\u00e9 - \u00c9chographie Canada<\/title>\n<meta name=\"robots\" content=\"index, follow, max-snippet:-1, max-image-preview:large, max-video-preview:-1\" \/>\n<link rel=\"canonical\" href=\"https:\/\/sonographycanada.ca\/fr\/membres\/assurance-responsabilite-professionnelle\/admissibilite\" \/>\n<meta property=\"og:locale\" content=\"fr_FR\" \/>\n<meta property=\"og:type\" content=\"article\" \/>\n<meta property=\"og:title\" content=\"Admissibilit\u00e9 - \u00c9chographie Canada\" \/>\n<meta property=\"og:description\" content=\"Vous pouvez vous procurer de l\u2019assurance responsabilit\u00e9 professionnelle aupr\u00e8s d\u2019\u00c9chographie Canada si : Vous \u00eates un membre actif ou un membre praticien non-accr\u00e9dit\u00e9 d\u2019\u00c9chographie Canada. Vous avez pay\u00e9 vos frais d\u2019adh\u00e9sion et vous \u00eates un membre en r\u00e8gle d\u2019\u00c9chographie Canada. Vous \u00eates un nouveau dipl\u00f4m\u00e9 qui ne d\u00e9tient pas encore de titres de comp\u00e9tence mais [&hellip;]\" \/>\n<meta property=\"og:url\" content=\"https:\/\/sonographycanada.ca\/fr\/membres\/assurance-responsabilite-professionnelle\/admissibilite\" \/>\n<meta property=\"og:site_name\" content=\"\u00c9chographie Canada\" \/>\n<meta property=\"article:modified_time\" content=\"2024-02-22T15:08:06+00:00\" \/>\n<meta name=\"twitter:card\" content=\"summary_large_image\" \/>\n<meta name=\"twitter:label1\" content=\"Est. reading time\" \/>\n\t<meta name=\"twitter:data1\" content=\"1 minute\" \/>\n<script type=\"application\/ld+json\" class=\"yoast-schema-graph\">{\"@context\":\"https:\/\/schema.org\",\"@graph\":[{\"@type\":\"WebPage\",\"@id\":\"https:\/\/sonographycanada.ca\/fr\/membres\/assurance-responsabilite-professionnelle\/admissibilite\",\"url\":\"https:\/\/sonographycanada.ca\/fr\/membres\/assurance-responsabilite-professionnelle\/admissibilite\",\"name\":\"Admissibilit\u00e9 - \u00c9chographie Canada\",\"isPartOf\":{\"@id\":\"https:\/\/sonographycanada.ca\/#website\"},\"datePublished\":\"2020-04-10T16:39:59+00:00\",\"dateModified\":\"2024-02-22T15:08:06+00:00\",\"breadcrumb\":{\"@id\":\"https:\/\/sonographycanada.ca\/fr\/membres\/assurance-responsabilite-professionnelle\/admissibilite#breadcrumb\"},\"inLanguage\":\"fr-FR\",\"potentialAction\":[{\"@type\":\"ReadAction\",\"target\":[\"https:\/\/sonographycanada.ca\/fr\/membres\/assurance-responsabilite-professionnelle\/admissibilite\"]}]},{\"@type\":\"BreadcrumbList\",\"@id\":\"https:\/\/sonographycanada.ca\/fr\/membres\/assurance-responsabilite-professionnelle\/admissibilite#breadcrumb\",\"itemListElement\":[{\"@type\":\"ListItem\",\"position\":1,\"name\":\"Accueil\",\"item\":\"https:\/\/sonographycanada.ca\/fr\"},{\"@type\":\"ListItem\",\"position\":2,\"name\":\"Membres\",\"item\":\"https:\/\/sonographycanada.ca\/fr\/membres\"},{\"@type\":\"ListItem\",\"position\":3,\"name\":\"Assurance responsabilit\u00e9 professionnelle (ARP)\",\"item\":\"https:\/\/sonographycanada.ca\/fr\/membres\/assurance-responsabilite-professionnelle\"},{\"@type\":\"ListItem\",\"position\":4,\"name\":\"Admissibilit\u00e9\"}]},{\"@type\":\"WebSite\",\"@id\":\"https:\/\/sonographycanada.ca\/#website\",\"url\":\"https:\/\/sonographycanada.ca\/\",\"name\":\"\u00c9chographie Canada\",\"description\":\"La voix des \u00e9chographistes m\u00e9dicaux diagnostiques au Canada\",\"potentialAction\":[{\"@type\":\"SearchAction\",\"target\":{\"@type\":\"EntryPoint\",\"urlTemplate\":\"https:\/\/sonographycanada.ca\/?s={search_term_string}\"},\"query-input\":{\"@type\":\"PropertyValueSpecification\",\"valueRequired\":true,\"valueName\":\"search_term_string\"}}],\"inLanguage\":\"fr-FR\"}]}<\/script>\n<!-- \/ Yoast SEO plugin. -->","yoast_head_json":{"title":"Admissibilit\u00e9 - \u00c9chographie Canada","robots":{"index":"index","follow":"follow","max-snippet":"max-snippet:-1","max-image-preview":"max-image-preview:large","max-video-preview":"max-video-preview:-1"},"canonical":"https:\/\/sonographycanada.ca\/fr\/membres\/assurance-responsabilite-professionnelle\/admissibilite","og_locale":"fr_FR","og_type":"article","og_title":"Admissibilit\u00e9 - \u00c9chographie Canada","og_description":"Vous pouvez vous procurer de l\u2019assurance responsabilit\u00e9 professionnelle aupr\u00e8s d\u2019\u00c9chographie Canada si : Vous \u00eates un membre actif ou un membre praticien non-accr\u00e9dit\u00e9 d\u2019\u00c9chographie Canada. Vous avez pay\u00e9 vos frais d\u2019adh\u00e9sion et vous \u00eates un membre en r\u00e8gle d\u2019\u00c9chographie Canada. Vous \u00eates un nouveau dipl\u00f4m\u00e9 qui ne d\u00e9tient pas encore de titres de comp\u00e9tence mais [&hellip;]","og_url":"https:\/\/sonographycanada.ca\/fr\/membres\/assurance-responsabilite-professionnelle\/admissibilite","og_site_name":"\u00c9chographie Canada","article_modified_time":"2024-02-22T15:08:06+00:00","twitter_card":"summary_large_image","twitter_misc":{"Est. reading time":"1 minute"},"schema":{"@context":"https:\/\/schema.org","@graph":[{"@type":"WebPage","@id":"https:\/\/sonographycanada.ca\/fr\/membres\/assurance-responsabilite-professionnelle\/admissibilite","url":"https:\/\/sonographycanada.ca\/fr\/membres\/assurance-responsabilite-professionnelle\/admissibilite","name":"Admissibilit\u00e9 - \u00c9chographie Canada","isPartOf":{"@id":"https:\/\/sonographycanada.ca\/#website"},"datePublished":"2020-04-10T16:39:59+00:00","dateModified":"2024-02-22T15:08:06+00:00","breadcrumb":{"@id":"https:\/\/sonographycanada.ca\/fr\/membres\/assurance-responsabilite-professionnelle\/admissibilite#breadcrumb"},"inLanguage":"fr-FR","potentialAction":[{"@type":"ReadAction","target":["https:\/\/sonographycanada.ca\/fr\/membres\/assurance-responsabilite-professionnelle\/admissibilite"]}]},{"@type":"BreadcrumbList","@id":"https:\/\/sonographycanada.ca\/fr\/membres\/assurance-responsabilite-professionnelle\/admissibilite#breadcrumb","itemListElement":[{"@type":"ListItem","position":1,"name":"Accueil","item":"https:\/\/sonographycanada.ca\/fr"},{"@type":"ListItem","position":2,"name":"Membres","item":"https:\/\/sonographycanada.ca\/fr\/membres"},{"@type":"ListItem","position":3,"name":"Assurance responsabilit\u00e9 professionnelle (ARP)","item":"https:\/\/sonographycanada.ca\/fr\/membres\/assurance-responsabilite-professionnelle"},{"@type":"ListItem","position":4,"name":"Admissibilit\u00e9"}]},{"@type":"WebSite","@id":"https:\/\/sonographycanada.ca\/#website","url":"https:\/\/sonographycanada.ca\/","name":"\u00c9chographie Canada","description":"La voix des \u00e9chographistes m\u00e9dicaux diagnostiques au Canada","potentialAction":[{"@type":"SearchAction","target":{"@type":"EntryPoint","urlTemplate":"https:\/\/sonographycanada.ca\/?s={search_term_string}"},"query-input":{"@type":"PropertyValueSpecification","valueRequired":true,"valueName":"search_term_string"}}],"inLanguage":"fr-FR"}]}},"coauthors":[],"author_meta":{"author_link":"https:\/\/sonographycanada.ca\/fr\/author\/263a58fd-0292-4830-a513-b6bccee25d5d","display_name":"Riad Kadi"},"relative_dates":{"created":"Publi\u00e9 6 years il y a","modified":"Mis \u00e0 jour 2 years il y a"},"absolute_dates":{"created":"Publi\u00e9 le avril 10, 2020","modified":"Mise \u00e0 jour le f\u00e9vrier 22, 2024"},"absolute_dates_time":{"created":"Publi\u00e9 le avril 10, 2020 4:39 pm","modified":"Mise \u00e0 jour le f\u00e9vrier 22, 2024 10:08 am"},"featured_img_caption":"","featured_img":false,"series_order":"","_links":{"self":[{"href":"https:\/\/sonographycanada.ca\/fr\/wp-json\/wp\/v2\/pages\/23324"}],"collection":[{"href":"https:\/\/sonographycanada.ca\/fr\/wp-json\/wp\/v2\/pages"}],"about":[{"href":"https:\/\/sonographycanada.ca\/fr\/wp-json\/wp\/v2\/types\/page"}],"author":[{"embeddable":true,"href":"https:\/\/sonographycanada.ca\/fr\/wp-json\/wp\/v2\/users\/6718"}],"replies":[{"embeddable":true,"href":"https:\/\/sonographycanada.ca\/fr\/wp-json\/wp\/v2\/comments?post=23324"}],"version-history":[{"count":5,"href":"https:\/\/sonographycanada.ca\/fr\/wp-json\/wp\/v2\/pages\/23324\/revisions"}],"predecessor-version":[{"id":215688,"href":"https:\/\/sonographycanada.ca\/fr\/wp-json\/wp\/v2\/pages\/23324\/revisions\/215688"}],"up":[{"embeddable":true,"href":"https:\/\/sonographycanada.ca\/fr\/wp-json\/wp\/v2\/pages\/571"}],"wp:attachment":[{"href":"https:\/\/sonographycanada.ca\/fr\/wp-json\/wp\/v2\/media?parent=23324"}],"curies":[{"name":"wp","href":"https:\/\/api.w.org\/{rel}","templated":true}]}}