{"id":23333,"date":"2020-04-10T16:39:58","date_gmt":"2020-04-10T16:39:58","guid":{"rendered":"https:\/\/sonographycanada.ca\/membres\/assurance-responsabilite-professionnelle\/application-forms"},"modified":"2024-02-22T10:07:00","modified_gmt":"2024-02-22T15:07:00","slug":"formulaires-demande","status":"publish","type":"page","link":"https:\/\/sonographycanada.ca\/fr\/membres\/assurance-responsabilite-professionnelle\/formulaires-demande","title":{"rendered":"Formulaires de demande"},"content":{"rendered":"<p>Votre police d\u2019assurance responsabilit\u00e9 professionnelle ne s\u2019appliquera qu\u2019aux services qui rel\u00e8vent du champ de l\u2019\u00e9chographie. La police prot\u00e8ge les technologues sp\u00e9cialis\u00e9s et technologues sp\u00e9cialis\u00e9es en \u00e9chographie qui fournissent \u00e9galement des services de technologue en radiation m\u00e9dicale, \u00e0 condition que cette information ait \u00e9t\u00e9 communiqu\u00e9e \u00e0 \u00c9chographie Canada au moment de la souscription de la police.<\/p><p>Si vous offrez des services professionnels qui ne rel\u00e8vent pas de l\u2019\u00e9chographie (c.-\u00e0-d. des services en tant que technologue en radiation m\u00e9dicale), ou si vous venez d\u2019obtenir votre dipl\u00f4me et exercez sous supervision, veuillez communiquer avec \u00c9chographie Canada \u00e0 info@sonographycanada.ca pour fournir des d\u00e9tails.<\/p><h4 class=\"wp-block-heading\">Assurance pour les membres actifs d\u2019\u00c9chographie Canada<\/h4><p>Pour souscrire une assurance responsabilit\u00e9 professionnelle, veuillez envoyer un courriel \u00e0 info@sonographycanada.ca. Pour souscrire l\u2019assurance responsabilit\u00e9 professionnelle offerte par \u00c9chographie Canada, vous DEVEZ \u00eatre membre d\u2019\u00c9chographie Canada. Pour devenir membre, <a href=\"https:\/\/sonographycanada.ca\/fr\/inscription\">cliquez ici<\/a>.<\/p><h4 class=\"wp-block-heading\">Assurance pour les membres praticiens non accr\u00e9dit\u00e9s d\u2019\u00c9chographie Canada<\/h4><p>Pour souscrire une assurance responsabilit\u00e9 professionnelle pour les membres praticiens non accr\u00e9dit\u00e9s, veuillez envoyer un courriel \u00e0 <a href=\"mailto:info@sonographycanada.ca\">info@sonographycanada.ca<\/a>. Pour souscrire l\u2019assurance responsabilit\u00e9 professionnelle offerte par \u00c9chographie Canada, vous DEVEZ \u00eatre membre d\u2019\u00c9chographie Canada. Pour devenir membre, <a href=\"https:\/\/sonographycanada.ca\/fr\/inscription\">cliquez ici<\/a>.<\/p>","protected":false},"excerpt":{"rendered":"<p>Votre police d\u2019assurance responsabilit\u00e9 professionnelle ne s\u2019appliquera qu\u2019aux services qui rel\u00e8vent du champ de l\u2019\u00e9chographie. La police prot\u00e8ge les technologues sp\u00e9cialis\u00e9s et technologues sp\u00e9cialis\u00e9es en \u00e9chographie qui fournissent \u00e9galement des services de technologue en radiation m\u00e9dicale, \u00e0 condition que cette information ait \u00e9t\u00e9 communiqu\u00e9e \u00e0 \u00c9chographie Canada au moment de la souscription de la police. [&hellip;]<\/p>\n","protected":false},"author":6718,"featured_media":0,"parent":571,"menu_order":0,"comment_status":"closed","ping_status":"closed","template":"","meta":{"_acf_changed":false,"advgb_blocks_editor_width":"","advgb_blocks_columns_visual_guide":"","wicket_organization":"","_seat_count":"","_member_id":[],"_edit_last":"6292","_start_date":"","_end_date":"","footnotes":""},"class_list":["post-23333","page","type-page","status-publish","hentry"],"acf":[],"yoast_head":"<!-- This site is optimized with the Yoast SEO plugin v23.5 - https:\/\/yoast.com\/wordpress\/plugins\/seo\/ -->\n<title>Formulaires de demande - \u00c9chographie Canada<\/title>\n<meta name=\"robots\" content=\"index, follow, max-snippet:-1, max-image-preview:large, max-video-preview:-1\" \/>\n<link rel=\"canonical\" href=\"https:\/\/sonographycanada.ca\/fr\/membres\/assurance-responsabilite-professionnelle\/formulaires-demande\" \/>\n<meta property=\"og:locale\" content=\"fr_FR\" \/>\n<meta property=\"og:type\" content=\"article\" \/>\n<meta property=\"og:title\" content=\"Formulaires de demande - \u00c9chographie Canada\" \/>\n<meta property=\"og:description\" content=\"Votre police d\u2019assurance responsabilit\u00e9 professionnelle ne s\u2019appliquera qu\u2019aux services qui rel\u00e8vent du champ de l\u2019\u00e9chographie. La police prot\u00e8ge les technologues sp\u00e9cialis\u00e9s et technologues sp\u00e9cialis\u00e9es en \u00e9chographie qui fournissent \u00e9galement des services de technologue en radiation m\u00e9dicale, \u00e0 condition que cette information ait \u00e9t\u00e9 communiqu\u00e9e \u00e0 \u00c9chographie Canada au moment de la souscription de la police. [&hellip;]\" \/>\n<meta property=\"og:url\" content=\"https:\/\/sonographycanada.ca\/fr\/membres\/assurance-responsabilite-professionnelle\/formulaires-demande\" \/>\n<meta property=\"og:site_name\" content=\"\u00c9chographie Canada\" \/>\n<meta property=\"article:modified_time\" content=\"2024-02-22T15:07:00+00:00\" \/>\n<meta name=\"twitter:card\" content=\"summary_large_image\" \/>\n<meta name=\"twitter:label1\" content=\"Est. reading time\" \/>\n\t<meta name=\"twitter:data1\" content=\"1 minute\" \/>\n<script type=\"application\/ld+json\" class=\"yoast-schema-graph\">{\"@context\":\"https:\/\/schema.org\",\"@graph\":[{\"@type\":\"WebPage\",\"@id\":\"https:\/\/sonographycanada.ca\/fr\/membres\/assurance-responsabilite-professionnelle\/formulaires-demande\",\"url\":\"https:\/\/sonographycanada.ca\/fr\/membres\/assurance-responsabilite-professionnelle\/formulaires-demande\",\"name\":\"Formulaires de demande - \u00c9chographie Canada\",\"isPartOf\":{\"@id\":\"https:\/\/sonographycanada.ca\/#website\"},\"datePublished\":\"2020-04-10T16:39:58+00:00\",\"dateModified\":\"2024-02-22T15:07:00+00:00\",\"breadcrumb\":{\"@id\":\"https:\/\/sonographycanada.ca\/fr\/membres\/assurance-responsabilite-professionnelle\/formulaires-demande#breadcrumb\"},\"inLanguage\":\"fr-FR\",\"potentialAction\":[{\"@type\":\"ReadAction\",\"target\":[\"https:\/\/sonographycanada.ca\/fr\/membres\/assurance-responsabilite-professionnelle\/formulaires-demande\"]}]},{\"@type\":\"BreadcrumbList\",\"@id\":\"https:\/\/sonographycanada.ca\/fr\/membres\/assurance-responsabilite-professionnelle\/formulaires-demande#breadcrumb\",\"itemListElement\":[{\"@type\":\"ListItem\",\"position\":1,\"name\":\"Accueil\",\"item\":\"https:\/\/sonographycanada.ca\/fr\"},{\"@type\":\"ListItem\",\"position\":2,\"name\":\"Membres\",\"item\":\"https:\/\/sonographycanada.ca\/fr\/membres\"},{\"@type\":\"ListItem\",\"position\":3,\"name\":\"Assurance responsabilit\u00e9 professionnelle (ARP)\",\"item\":\"https:\/\/sonographycanada.ca\/fr\/membres\/assurance-responsabilite-professionnelle\"},{\"@type\":\"ListItem\",\"position\":4,\"name\":\"Formulaires de demande\"}]},{\"@type\":\"WebSite\",\"@id\":\"https:\/\/sonographycanada.ca\/#website\",\"url\":\"https:\/\/sonographycanada.ca\/\",\"name\":\"\u00c9chographie Canada\",\"description\":\"La voix des \u00e9chographistes m\u00e9dicaux diagnostiques au Canada\",\"potentialAction\":[{\"@type\":\"SearchAction\",\"target\":{\"@type\":\"EntryPoint\",\"urlTemplate\":\"https:\/\/sonographycanada.ca\/?s={search_term_string}\"},\"query-input\":{\"@type\":\"PropertyValueSpecification\",\"valueRequired\":true,\"valueName\":\"search_term_string\"}}],\"inLanguage\":\"fr-FR\"}]}<\/script>\n<!-- \/ Yoast SEO plugin. -->","yoast_head_json":{"title":"Formulaires de demande - \u00c9chographie Canada","robots":{"index":"index","follow":"follow","max-snippet":"max-snippet:-1","max-image-preview":"max-image-preview:large","max-video-preview":"max-video-preview:-1"},"canonical":"https:\/\/sonographycanada.ca\/fr\/membres\/assurance-responsabilite-professionnelle\/formulaires-demande","og_locale":"fr_FR","og_type":"article","og_title":"Formulaires de demande - \u00c9chographie Canada","og_description":"Votre police d\u2019assurance responsabilit\u00e9 professionnelle ne s\u2019appliquera qu\u2019aux services qui rel\u00e8vent du champ de l\u2019\u00e9chographie. La police prot\u00e8ge les technologues sp\u00e9cialis\u00e9s et technologues sp\u00e9cialis\u00e9es en \u00e9chographie qui fournissent \u00e9galement des services de technologue en radiation m\u00e9dicale, \u00e0 condition que cette information ait \u00e9t\u00e9 communiqu\u00e9e \u00e0 \u00c9chographie Canada au moment de la souscription de la police. [&hellip;]","og_url":"https:\/\/sonographycanada.ca\/fr\/membres\/assurance-responsabilite-professionnelle\/formulaires-demande","og_site_name":"\u00c9chographie Canada","article_modified_time":"2024-02-22T15:07:00+00:00","twitter_card":"summary_large_image","twitter_misc":{"Est. reading time":"1 minute"},"schema":{"@context":"https:\/\/schema.org","@graph":[{"@type":"WebPage","@id":"https:\/\/sonographycanada.ca\/fr\/membres\/assurance-responsabilite-professionnelle\/formulaires-demande","url":"https:\/\/sonographycanada.ca\/fr\/membres\/assurance-responsabilite-professionnelle\/formulaires-demande","name":"Formulaires de demande - \u00c9chographie Canada","isPartOf":{"@id":"https:\/\/sonographycanada.ca\/#website"},"datePublished":"2020-04-10T16:39:58+00:00","dateModified":"2024-02-22T15:07:00+00:00","breadcrumb":{"@id":"https:\/\/sonographycanada.ca\/fr\/membres\/assurance-responsabilite-professionnelle\/formulaires-demande#breadcrumb"},"inLanguage":"fr-FR","potentialAction":[{"@type":"ReadAction","target":["https:\/\/sonographycanada.ca\/fr\/membres\/assurance-responsabilite-professionnelle\/formulaires-demande"]}]},{"@type":"BreadcrumbList","@id":"https:\/\/sonographycanada.ca\/fr\/membres\/assurance-responsabilite-professionnelle\/formulaires-demande#breadcrumb","itemListElement":[{"@type":"ListItem","position":1,"name":"Accueil","item":"https:\/\/sonographycanada.ca\/fr"},{"@type":"ListItem","position":2,"name":"Membres","item":"https:\/\/sonographycanada.ca\/fr\/membres"},{"@type":"ListItem","position":3,"name":"Assurance responsabilit\u00e9 professionnelle (ARP)","item":"https:\/\/sonographycanada.ca\/fr\/membres\/assurance-responsabilite-professionnelle"},{"@type":"ListItem","position":4,"name":"Formulaires de demande"}]},{"@type":"WebSite","@id":"https:\/\/sonographycanada.ca\/#website","url":"https:\/\/sonographycanada.ca\/","name":"\u00c9chographie Canada","description":"La voix des \u00e9chographistes m\u00e9dicaux diagnostiques au Canada","potentialAction":[{"@type":"SearchAction","target":{"@type":"EntryPoint","urlTemplate":"https:\/\/sonographycanada.ca\/?s={search_term_string}"},"query-input":{"@type":"PropertyValueSpecification","valueRequired":true,"valueName":"search_term_string"}}],"inLanguage":"fr-FR"}]}},"coauthors":[],"author_meta":{"author_link":"https:\/\/sonographycanada.ca\/fr\/author\/263a58fd-0292-4830-a513-b6bccee25d5d","display_name":"Riad Kadi"},"relative_dates":{"created":"Publi\u00e9 6 years il y a","modified":"Mis \u00e0 jour 2 years il y a"},"absolute_dates":{"created":"Publi\u00e9 le avril 10, 2020","modified":"Mise \u00e0 jour le f\u00e9vrier 22, 2024"},"absolute_dates_time":{"created":"Publi\u00e9 le avril 10, 2020 4:39 pm","modified":"Mise \u00e0 jour le f\u00e9vrier 22, 2024 10:07 am"},"featured_img_caption":"","featured_img":false,"series_order":"","_links":{"self":[{"href":"https:\/\/sonographycanada.ca\/fr\/wp-json\/wp\/v2\/pages\/23333"}],"collection":[{"href":"https:\/\/sonographycanada.ca\/fr\/wp-json\/wp\/v2\/pages"}],"about":[{"href":"https:\/\/sonographycanada.ca\/fr\/wp-json\/wp\/v2\/types\/page"}],"author":[{"embeddable":true,"href":"https:\/\/sonographycanada.ca\/fr\/wp-json\/wp\/v2\/users\/6718"}],"replies":[{"embeddable":true,"href":"https:\/\/sonographycanada.ca\/fr\/wp-json\/wp\/v2\/comments?post=23333"}],"version-history":[{"count":16,"href":"https:\/\/sonographycanada.ca\/fr\/wp-json\/wp\/v2\/pages\/23333\/revisions"}],"predecessor-version":[{"id":215685,"href":"https:\/\/sonographycanada.ca\/fr\/wp-json\/wp\/v2\/pages\/23333\/revisions\/215685"}],"up":[{"embeddable":true,"href":"https:\/\/sonographycanada.ca\/fr\/wp-json\/wp\/v2\/pages\/571"}],"wp:attachment":[{"href":"https:\/\/sonographycanada.ca\/fr\/wp-json\/wp\/v2\/media?parent=23333"}],"curies":[{"name":"wp","href":"https:\/\/api.w.org\/{rel}","templated":true}]}}