{"id":2464,"date":"2019-03-29T20:37:11","date_gmt":"2019-03-29T20:37:11","guid":{"rendered":"https:\/\/sonographycanada.ca\/?page_id=2464"},"modified":"2026-01-20T11:07:05","modified_gmt":"2026-01-20T16:07:05","slug":"candidats-diplomes-de-programmes-accredites-toute-les-autres-externe","status":"publish","type":"page","link":"https:\/\/sonographycanada.ca\/fr\/agrement\/candidats-diplomes-de-programmes-accredites-toute-les-autres-externe","title":{"rendered":"Candidats d&#8217;un programme accr\u00e9dit\u00e9"},"content":{"rendered":"<p>Les candidats d&#8217;un programme accr\u00e9dit\u00e9 sont les personnes dipl\u00f4m\u00e9es d\u2019un programme d\u2019\u00e9tude canadien accr\u00e9dit\u00e9 en \u00e9chographie qui ont r\u00e9ussi l\u2019\u00c9valuation canadienne des comp\u00e9tences cliniques (\u00c9CCC<sup>MD<\/sup>) dans le cadre du programme d\u2019\u00e9tude. Au Canada, Agr\u00e9ment Canada est l\u2019organisme d\u2019accr\u00e9ditation des programmes d\u2019\u00e9tude en \u00e9chographie.<\/p>\n<p>Apr\u00e8s avoir obtenu leur dipl\u00f4me du programme d\u2019\u00e9tude, les candidats sont tenus de r\u00e9aliser l\u2019examen \u00e9crit d\u2019\u00c9chographie Canada correspondant au domaine pour lequel ils souhaitent obtenir un titre de comp\u00e9tence.<\/p>\n<p>Pour obtenir de plus amples renseignements \u00e0 ce sujet, veuillez consulter la politique d\u2019admissibilit\u00e9 ci-dessous.<\/p><h4 class=\"wp-block-heading\"><strong>Cheminement pour les dipl\u00f4m\u00e9s d\u2019un programme canadien accr\u00e9dit\u00e9<\/strong><\/h4><ul class=\"wp-block-list\"><li><a aria-label=\" (opens in a new tab)\" href=\"https:\/\/sonographycanada.ca\/app\/uploads\/2022\/01\/Exam-Eligibility-Policy-6nov2021-FR-final-for-website.pdf\" target=\"_blank\" rel=\"noreferrer noopener\">Politique sur l\u2019admissibilit\u00e9 \u00e0 la certification<\/a><\/li>\n\n<li><a href=\"https:\/\/sonographycanada.ca\/app\/uploads\/2025\/01\/Candidate-Guide-EN-Dec-24.pdf\" target=\"_blank\" rel=\"noreferrer noopener\">Guide d<\/a><a href=\"https:\/\/sonographycanada.ca\/app\/uploads\/2026\/01\/Candidate-Guide-FR-Jan-2026.pdf\" target=\"_blank\" rel=\"noreferrer noopener\">u candidat<\/a><\/li>\n\n<li><a aria-label=\"Profil national des comp\u00e9tences (opens in a new tab)\" href=\"https:\/\/sonographycanada.ca\/fr\/ressources\/competences-normes\" target=\"_blank\" rel=\"noreferrer noopener\">Profil national des comp\u00e9tences<\/a><\/li>\n\n<li><a href=\"https:\/\/sonographycanada.ca\/fr\/agrement\/candidats-diplomes-de-programmes-accredites-toute-les-autres-externe\/evaluation-canadienne-des-competences-cliniques-eccc\" target=\"_blank\" rel=\"noreferrer noopener\">\u00c9valuation canadienne des comp\u00e9tences cliniques (\u00c9CCC)<\/a><\/li>\n\n<li><a href=\"https:\/\/sonographycanada.ca\/fr\/concernant-echographie\/devenir-echographiste\/programmes-education\" target=\"_blank\" rel=\"noreferrer noopener\">Programmes canadiens accr\u00e9dit\u00e9s d\u2019\u00e9ducation en \u00e9chographie<\/a><\/li><\/ul><h4 class=\"wp-block-heading\"><strong>Inscriptions\net formulaires<\/strong><strong><\/strong><\/h4><p>Veuillez consulter le <a href=\"https:\/\/sonographycanada.ca\/app\/uploads\/2026\/01\/Candidate-Guide-FR-Jan-2026.pdf\" target=\"_blank\" rel=\"noreferrer noopener\">Guide du candidat<\/a> avant de compl\u00e9ter le processus d\u2019inscription et de subir les examens. Pour obtenir des renseignements sur les dates d\u2019examens et les p\u00e9riodes d\u2019inscription, veuillez cliquer sur <a href=\"https:\/\/sonographycanada.ca\/fr\/agrement\/examens-admission-profession\/dates-et-horaires\">dates d\u2019examens<\/a>.<\/p><h4 class=\"wp-block-heading\"><strong>Renseignements importants<\/strong><\/h4><ol class=\"wp-block-list\"><li><\/li><\/ol><p>Veuillez noter que les frais d\u2019administration de 150 $ ne sont pas remboursables<strong>.<\/strong><\/p><p>Les formulaires d\u2019inscription pour ceux et celles qui souhaitent subir les examens d\u2019admissibilit\u00e9 d\u2019\u00c9chographie Canada sont disponibles ci-bas, pendant la p\u00e9riode d\u2019inscription seulement.<\/p><p>La communication de Meazure Learning\/Yardstick concernant les examens sera envoye\u00e9 par courriel. Veuillez noter que des messages \u00e9lectroniques peuvent \u00eatre redirig\u00e9s vers des dossiers de messages ind\u00e9sirables. Il est de la responsabilit\u00e9 du candidat de v\u00e9rifier les dossiers de pourriel s&#8217;il ne re\u00e7oit pas de message dans sa bo\u00eete de r\u00e9ception. <\/p><h4 class=\"wp-block-heading\"><strong>Formulaires<\/strong><\/h4><ul class=\"wp-block-list\"><li><a href=\"https:\/\/sonographycanada.ca\/students-credentialing-examination-application-form-v2\">Formulaire d&#8217;inscription aux examens pour les \u00e9tudiants\/dipl\u00f4m\u00e9s <\/a> (en anglais)<\/li><\/ul><ul class=\"wp-block-list\"><li><a href=\"https:\/\/sonographycanada.ca\/examination-withdrawal-and-refund-request\">Demande de retrait d\u2019un examen et de remboursement<\/a> (en anglais)<\/li>\n\n<li><a href=\"https:\/\/sonographycanada.ca\/certification-examination-appeal-request-form\">Demande d&#8217;appel d&#8217;examen de certification<\/a> (en anglais)<\/li><\/ul><p>Veuillez acheminer vos formulaires par:<\/p><ul class=\"wp-block-list\"><li>courriel \u00e0&nbsp; <a href=\"mailto:examinfo@sonographycanada.ca\">examinfo@sonographycanada.ca<\/a> <\/li><\/ul><p><\/p>","protected":false},"excerpt":{"rendered":"<p>Les candidats d&#8217;un programme accr\u00e9dit\u00e9 sont les personnes dipl\u00f4m\u00e9es d\u2019un programme d\u2019\u00e9tude canadien accr\u00e9dit\u00e9 en \u00e9chographie qui ont r\u00e9ussi l\u2019\u00c9valuation canadienne des comp\u00e9tences cliniques (\u00c9CCCMD) dans le cadre du programme d\u2019\u00e9tude. Au Canada, Agr\u00e9ment Canada est l\u2019organisme d\u2019accr\u00e9ditation des programmes d\u2019\u00e9tude en \u00e9chographie. Apr\u00e8s avoir obtenu leur dipl\u00f4me du programme d\u2019\u00e9tude, les candidats sont tenus [&hellip;]<\/p>\n","protected":false},"author":1,"featured_media":0,"parent":526,"menu_order":30,"comment_status":"closed","ping_status":"closed","template":"","meta":{"_acf_changed":false,"advgb_blocks_editor_width":"","advgb_blocks_columns_visual_guide":"","wicket_organization":"","_seat_count":"","_member_id":[],"_edit_last":"11984","_start_date":"","_end_date":"","footnotes":""},"class_list":["post-2464","page","type-page","status-publish","hentry"],"acf":[],"yoast_head":"<!-- This site is optimized with the Yoast SEO plugin v23.5 - https:\/\/yoast.com\/wordpress\/plugins\/seo\/ -->\n<title>Candidats d&#039;un programme accr\u00e9dit\u00e9 - \u00c9chographie Canada<\/title>\n<meta name=\"robots\" content=\"index, follow, max-snippet:-1, max-image-preview:large, max-video-preview:-1\" \/>\n<link rel=\"canonical\" href=\"https:\/\/sonographycanada.ca\/fr\/agrement\/candidats-diplomes-de-programmes-accredites-toute-les-autres-externe\" \/>\n<meta property=\"og:locale\" content=\"fr_FR\" \/>\n<meta property=\"og:type\" content=\"article\" \/>\n<meta property=\"og:title\" content=\"Candidats d&#039;un programme accr\u00e9dit\u00e9 - \u00c9chographie Canada\" \/>\n<meta property=\"og:description\" content=\"Les candidats d&#8217;un programme accr\u00e9dit\u00e9 sont les personnes dipl\u00f4m\u00e9es d\u2019un programme d\u2019\u00e9tude canadien accr\u00e9dit\u00e9 en \u00e9chographie qui ont r\u00e9ussi l\u2019\u00c9valuation canadienne des comp\u00e9tences cliniques (\u00c9CCCMD) dans le cadre du programme d\u2019\u00e9tude. Au Canada, Agr\u00e9ment Canada est l\u2019organisme d\u2019accr\u00e9ditation des programmes d\u2019\u00e9tude en \u00e9chographie. Apr\u00e8s avoir obtenu leur dipl\u00f4me du programme d\u2019\u00e9tude, les candidats sont tenus [&hellip;]\" \/>\n<meta property=\"og:url\" content=\"https:\/\/sonographycanada.ca\/fr\/agrement\/candidats-diplomes-de-programmes-accredites-toute-les-autres-externe\" \/>\n<meta property=\"og:site_name\" content=\"\u00c9chographie Canada\" \/>\n<meta property=\"article:modified_time\" content=\"2026-01-20T16:07:05+00:00\" \/>\n<meta name=\"twitter:card\" content=\"summary_large_image\" \/>\n<meta name=\"twitter:label1\" content=\"Est. reading time\" \/>\n\t<meta name=\"twitter:data1\" content=\"2 minutes\" \/>\n<script type=\"application\/ld+json\" class=\"yoast-schema-graph\">{\"@context\":\"https:\/\/schema.org\",\"@graph\":[{\"@type\":\"WebPage\",\"@id\":\"https:\/\/sonographycanada.ca\/fr\/agrement\/candidats-diplomes-de-programmes-accredites-toute-les-autres-externe\",\"url\":\"https:\/\/sonographycanada.ca\/fr\/agrement\/candidats-diplomes-de-programmes-accredites-toute-les-autres-externe\",\"name\":\"Candidats d'un programme accr\u00e9dit\u00e9 - \u00c9chographie Canada\",\"isPartOf\":{\"@id\":\"https:\/\/sonographycanada.ca\/#website\"},\"datePublished\":\"2019-03-29T20:37:11+00:00\",\"dateModified\":\"2026-01-20T16:07:05+00:00\",\"breadcrumb\":{\"@id\":\"https:\/\/sonographycanada.ca\/fr\/agrement\/candidats-diplomes-de-programmes-accredites-toute-les-autres-externe#breadcrumb\"},\"inLanguage\":\"fr-FR\",\"potentialAction\":[{\"@type\":\"ReadAction\",\"target\":[\"https:\/\/sonographycanada.ca\/fr\/agrement\/candidats-diplomes-de-programmes-accredites-toute-les-autres-externe\"]}]},{\"@type\":\"BreadcrumbList\",\"@id\":\"https:\/\/sonographycanada.ca\/fr\/agrement\/candidats-diplomes-de-programmes-accredites-toute-les-autres-externe#breadcrumb\",\"itemListElement\":[{\"@type\":\"ListItem\",\"position\":1,\"name\":\"Accueil\",\"item\":\"https:\/\/sonographycanada.ca\/fr\"},{\"@type\":\"ListItem\",\"position\":2,\"name\":\"Certification\",\"item\":\"https:\/\/sonographycanada.ca\/certification\"},{\"@type\":\"ListItem\",\"position\":3,\"name\":\"Candidats d&#8217;un programme accr\u00e9dit\u00e9\"}]},{\"@type\":\"WebSite\",\"@id\":\"https:\/\/sonographycanada.ca\/#website\",\"url\":\"https:\/\/sonographycanada.ca\/\",\"name\":\"\u00c9chographie Canada\",\"description\":\"La voix des \u00e9chographistes m\u00e9dicaux diagnostiques au Canada\",\"potentialAction\":[{\"@type\":\"SearchAction\",\"target\":{\"@type\":\"EntryPoint\",\"urlTemplate\":\"https:\/\/sonographycanada.ca\/?s={search_term_string}\"},\"query-input\":{\"@type\":\"PropertyValueSpecification\",\"valueRequired\":true,\"valueName\":\"search_term_string\"}}],\"inLanguage\":\"fr-FR\"}]}<\/script>\n<!-- \/ Yoast SEO plugin. -->","yoast_head_json":{"title":"Candidats d'un programme accr\u00e9dit\u00e9 - \u00c9chographie Canada","robots":{"index":"index","follow":"follow","max-snippet":"max-snippet:-1","max-image-preview":"max-image-preview:large","max-video-preview":"max-video-preview:-1"},"canonical":"https:\/\/sonographycanada.ca\/fr\/agrement\/candidats-diplomes-de-programmes-accredites-toute-les-autres-externe","og_locale":"fr_FR","og_type":"article","og_title":"Candidats d'un programme accr\u00e9dit\u00e9 - \u00c9chographie Canada","og_description":"Les candidats d&#8217;un programme accr\u00e9dit\u00e9 sont les personnes dipl\u00f4m\u00e9es d\u2019un programme d\u2019\u00e9tude canadien accr\u00e9dit\u00e9 en \u00e9chographie qui ont r\u00e9ussi l\u2019\u00c9valuation canadienne des comp\u00e9tences cliniques (\u00c9CCCMD) dans le cadre du programme d\u2019\u00e9tude. Au Canada, Agr\u00e9ment Canada est l\u2019organisme d\u2019accr\u00e9ditation des programmes d\u2019\u00e9tude en \u00e9chographie. Apr\u00e8s avoir obtenu leur dipl\u00f4me du programme d\u2019\u00e9tude, les candidats sont tenus [&hellip;]","og_url":"https:\/\/sonographycanada.ca\/fr\/agrement\/candidats-diplomes-de-programmes-accredites-toute-les-autres-externe","og_site_name":"\u00c9chographie Canada","article_modified_time":"2026-01-20T16:07:05+00:00","twitter_card":"summary_large_image","twitter_misc":{"Est. reading time":"2 minutes"},"schema":{"@context":"https:\/\/schema.org","@graph":[{"@type":"WebPage","@id":"https:\/\/sonographycanada.ca\/fr\/agrement\/candidats-diplomes-de-programmes-accredites-toute-les-autres-externe","url":"https:\/\/sonographycanada.ca\/fr\/agrement\/candidats-diplomes-de-programmes-accredites-toute-les-autres-externe","name":"Candidats d'un programme accr\u00e9dit\u00e9 - \u00c9chographie Canada","isPartOf":{"@id":"https:\/\/sonographycanada.ca\/#website"},"datePublished":"2019-03-29T20:37:11+00:00","dateModified":"2026-01-20T16:07:05+00:00","breadcrumb":{"@id":"https:\/\/sonographycanada.ca\/fr\/agrement\/candidats-diplomes-de-programmes-accredites-toute-les-autres-externe#breadcrumb"},"inLanguage":"fr-FR","potentialAction":[{"@type":"ReadAction","target":["https:\/\/sonographycanada.ca\/fr\/agrement\/candidats-diplomes-de-programmes-accredites-toute-les-autres-externe"]}]},{"@type":"BreadcrumbList","@id":"https:\/\/sonographycanada.ca\/fr\/agrement\/candidats-diplomes-de-programmes-accredites-toute-les-autres-externe#breadcrumb","itemListElement":[{"@type":"ListItem","position":1,"name":"Accueil","item":"https:\/\/sonographycanada.ca\/fr"},{"@type":"ListItem","position":2,"name":"Certification","item":"https:\/\/sonographycanada.ca\/certification"},{"@type":"ListItem","position":3,"name":"Candidats d&#8217;un programme accr\u00e9dit\u00e9"}]},{"@type":"WebSite","@id":"https:\/\/sonographycanada.ca\/#website","url":"https:\/\/sonographycanada.ca\/","name":"\u00c9chographie Canada","description":"La voix des \u00e9chographistes m\u00e9dicaux diagnostiques au Canada","potentialAction":[{"@type":"SearchAction","target":{"@type":"EntryPoint","urlTemplate":"https:\/\/sonographycanada.ca\/?s={search_term_string}"},"query-input":{"@type":"PropertyValueSpecification","valueRequired":true,"valueName":"search_term_string"}}],"inLanguage":"fr-FR"}]}},"coauthors":[],"author_meta":{"author_link":"https:\/\/sonographycanada.ca\/fr\/author\/admin","display_name":"Kevin Andrews"},"relative_dates":{"created":"Publi\u00e9 7 years il y a","modified":"Mis \u00e0 jour 3 months il y a"},"absolute_dates":{"created":"Publi\u00e9 le mars 29, 2019","modified":"Mise \u00e0 jour le janvier 20, 2026"},"absolute_dates_time":{"created":"Publi\u00e9 le mars 29, 2019 8:37 pm","modified":"Mise \u00e0 jour le janvier 20, 2026 11:07 am"},"featured_img_caption":"","featured_img":false,"series_order":"","_links":{"self":[{"href":"https:\/\/sonographycanada.ca\/fr\/wp-json\/wp\/v2\/pages\/2464"}],"collection":[{"href":"https:\/\/sonographycanada.ca\/fr\/wp-json\/wp\/v2\/pages"}],"about":[{"href":"https:\/\/sonographycanada.ca\/fr\/wp-json\/wp\/v2\/types\/page"}],"author":[{"embeddable":true,"href":"https:\/\/sonographycanada.ca\/fr\/wp-json\/wp\/v2\/users\/1"}],"replies":[{"embeddable":true,"href":"https:\/\/sonographycanada.ca\/fr\/wp-json\/wp\/v2\/comments?post=2464"}],"version-history":[{"count":80,"href":"https:\/\/sonographycanada.ca\/fr\/wp-json\/wp\/v2\/pages\/2464\/revisions"}],"predecessor-version":[{"id":305346,"href":"https:\/\/sonographycanada.ca\/fr\/wp-json\/wp\/v2\/pages\/2464\/revisions\/305346"}],"up":[{"embeddable":true,"href":"https:\/\/sonographycanada.ca\/fr\/wp-json\/wp\/v2\/pages\/526"}],"wp:attachment":[{"href":"https:\/\/sonographycanada.ca\/fr\/wp-json\/wp\/v2\/media?parent=2464"}],"curies":[{"name":"wp","href":"https:\/\/api.w.org\/{rel}","templated":true}]}}