{"id":24857,"date":"2019-09-18T18:55:42","date_gmt":"2019-09-18T18:55:42","guid":{"rendered":"https:\/\/sonographycanada.ca\/activity-categories"},"modified":"2020-04-29T11:10:14","modified_gmt":"2020-04-29T11:10:14","slug":"categories-dactivites-de-dpc","status":"publish","type":"page","link":"https:\/\/sonographycanada.ca\/fr\/membres\/programme-triennial-de-dpc\/categories-dactivites-de-dpc","title":{"rendered":"Cat\u00e9gories d\u2019activit\u00e9s de DPC"},"content":{"rendered":"<h4 class=\"wp-block-heading\"><strong>Fond\u00e9e sur l\u2019\u00e9chographie<\/strong><\/h4><ul class=\"wp-block-list\"><li>Doit \u00eatre directement rattach\u00e9e \u00e0 la pratique de l\u2019\u00e9chographie.<\/li><li>Doit enrichir le membre de fa\u00e7on \u00e0 am\u00e9liorer les connaissances, le rendement et les comp\u00e9tences qui sauront directement am\u00e9liorer les soins aux patients.<\/li><\/ul><h4 class=\"wp-block-heading\"><strong>Pertinente pour la pratique<\/strong><\/h4><ul class=\"wp-block-list\"><li>N\u2019est pas fond\u00e9e sur l\u2019\u00e9chographie mais\ndoit enrichir la pratique professionnelle.<\/li><li>Ces activit\u00e9s permettent au membre\nd\u2019\u00e9largir et d\u2019am\u00e9liorer leurs connaissances, leurs aptitudes et leurs\nrelations interprofessionnelles, de promouvoir et d\u2019am\u00e9liorer la profession de\nl\u2019\u00e9chographie m\u00e9dicale diagnostique et, fondamentalement, d\u2019am\u00e9liorer les soins\naux patients.<\/li><li>Les domaines de pratique pertinents sont\nles soins infirmiers, la m\u00e9decine, technicien de laboratoire m\u00e9dical, technologue\nen radiation m\u00e9dicale, \u00e9ducation vasculaire et cardiaque non-\u00e9chographique, la\ngestion\/les affaires, mat\u00e9riel \u00e0 l\u2019intention des \u00e9ducateurs, \u00e9chographie\nv\u00e9t\u00e9rinaire, etc.<\/li><\/ul><h4 class=\"wp-block-heading\"><strong>Activit\u00e9s dirig\u00e9es<\/strong><\/h4><p>Il s\u2019agit d\u2019activit\u00e9s pr\u00e9-approuv\u00e9es par \u00c9chographie Canada ou un autre fournisseur de DPC autoris\u00e9 et doit aboutir \u00e0 un certificat de confirmation d\u2019ach\u00e8vement pour m\u00e9riter des cr\u00e9dits de DPC.<\/p><p>\u00c9chographie Canada reconnait les activit\u00e9s dirig\u00e9es offertes par les fournisseurs de DPC suivants\u00a0: <br> <br> <strong>ACTRM<\/strong>\u00a0(Association canadienne des technologues en radiation m\u00e9dicale)\u00a0\u00a0<br> <strong>ASRT<\/strong>\u00a0(American Society of Radiologic Technologists)\u00a0\u00a0\u00a0<br> <strong>ASUM<\/strong>\u00a0(Australian Society for Ultrasound in Medicine)<br> <strong>BMUS<\/strong>\u00a0(British Medical Ultrasound Society)\u00a0\u00a0<br> <strong>BSE<\/strong>\u00a0(British Society of Echocardiography)\u00a0\u00a0<br> <strong>EACVI<\/strong>\u00a0(European Association of Cardiovascular Imaging)<br> <strong>EAE<\/strong>\u00a0(European Association of Echocardiography)<br> <strong>EC<\/strong> (\u00c9chographie Canada)<br> <strong>EFSUMB<\/strong>\u00a0(European Federation of Societies for Ultrasound in Medicine and Biology)<br> <strong>ESVS<\/strong>\u00a0(European Society for Vascular Surgery)<br> <strong>ISUOG<\/strong>\u00a0(International Society of Ultrasound in Obstetrics and Gynecology)<br> <strong>CRMCC (<\/strong>Coll\u00e8ge royal des m\u00e9decins et chirurgiens du Canada)<br> <strong>SCCV<\/strong>\u00a0(Soci\u00e9t\u00e9 canadienne de chirurgie vasculaire)<br> <strong>SCE<\/strong>\u00a0(Soci\u00e9t\u00e9 canadienne de l\u2019\u00e9chocardiographie)\u00a0\u00a0<br> <strong>SDMS<\/strong>\u00a0(Society of Diagnostic Medical Sonography)\u00a0<br> <strong>SVS<\/strong>\u00a0(Society of Vascular Surgery)\u00a0<br> <strong>SVU<\/strong>\u00a0(Society of Vascular Ultrasound)<br> <strong>VSGBI<\/strong>\u00a0(Vascular Society of Great Britain and Ireland)<\/p><p>Si votre organisation souhaite offrir des cr\u00e9dits de DPC\npr\u00e9-approuv\u00e9s par \u00c9chographie Canada, veuillez compl\u00e9ter le <a href=\"https:\/\/sonographycanada.ca\/app\/uploads\/2020\/03\/CPD-DPC-Application-French-VMarch-2020.pdf\"><em>Formulaire de demande d\u2019activit\u00e9 de\nd\u00e9veloppement professionnel continu<\/em><\/a><em>.<\/em><\/p><h4 class=\"wp-block-heading\"><strong>Activit\u00e9s auto-dirig\u00e9es<\/strong><\/h4><p>Ne sont pas pr\u00e9-approuv\u00e9es. Ces activit\u00e9s exigent que le membre fournisse des d\u00e9tails sur le type d\u2019activit\u00e9 d\u2019apprentissage, la date et le temps accord\u00e9 pour compl\u00e9ter l\u2019activit\u00e9. <\/p><p><strong>L\u2019autor\u00e9flexion<\/strong> sera essentielle pour l\u2019ensemble des activit\u00e9s auto-dirig\u00e9es. Un bref \u00e9nonc\u00e9 sommaire sera choisi parmi une liste d\u00e9roulante des raisons potentielles pour lesquelles une activit\u00e9 est pertinente \u00e0 la profession de l\u2019\u00e9chographie ou \u00e0 la pratique. Vous aurez \u00e9galement l\u2019option d\u2019inclure une br\u00e8ve description de la pertinence de l\u2019activit\u00e9. Ceci servira de rappel de votre exp\u00e9rience d\u2019apprentissage.<\/p><h4 class=\"wp-block-heading\">Consultez les fiches d\u2019information\nsuivantes (disponibles en anglais \u00e0 l\u2019heure actuelle) pour en apprendre\ndavantage sur les diff\u00e9rentes formes d\u2019activit\u00e9s de DPC&nbsp;:<\/h4><ul class=\"wp-block-list\"><li><a href=\"https:\/\/sonographycanada.ca\/app\/uploads\/2019\/09\/CPD-activities-simple-format-Jan-2018.pdf\">Sommaire du programme triennal de DPC<\/a><\/li><li><a href=\"https:\/\/sonographycanada.ca\/app\/uploads\/2019\/09\/Directed-Activities-Jan-2018.pdf\">Activit\u00e9s fond\u00e9es sur l\u2019\u00e9chographie dirig\u00e9es<\/a><\/li><li><a href=\"https:\/\/sonographycanada.ca\/app\/uploads\/2019\/09\/Self-Directed-Activities-Jan-2018.pdf\">Activit\u00e9s fond\u00e9es sur l\u2019\u00e9chographie auto-dirig\u00e9es<\/a><\/li><li><a href=\"https:\/\/sonographycanada.ca\/app\/uploads\/2019\/09\/Relevant-to-Practice-Activities-Jan-2018.pdf\">Activit\u00e9s pertinentes pour la pratique dirig\u00e9es et auto-dirig\u00e9es<\/a><\/li><\/ul><p><\/p>","protected":false},"excerpt":{"rendered":"<p>Fond\u00e9e sur l\u2019\u00e9chographie Doit \u00eatre directement rattach\u00e9e \u00e0 la pratique de l\u2019\u00e9chographie. Doit enrichir le membre de fa\u00e7on \u00e0 am\u00e9liorer les connaissances, le rendement et les comp\u00e9tences qui sauront directement am\u00e9liorer les soins aux patients. Pertinente pour la pratique N\u2019est pas fond\u00e9e sur l\u2019\u00e9chographie mais doit enrichir la pratique professionnelle. Ces activit\u00e9s permettent au membre [&hellip;]<\/p>\n","protected":false},"author":99,"featured_media":0,"parent":24863,"menu_order":0,"comment_status":"closed","ping_status":"closed","template":"","meta":{"_acf_changed":false,"advgb_blocks_editor_width":"","advgb_blocks_columns_visual_guide":"","wicket_organization":"","_seat_count":"","_member_id":[],"_edit_last":"6718","_start_date":"","_end_date":"","footnotes":""},"class_list":["post-24857","page","type-page","status-publish","hentry"],"acf":[],"yoast_head":"<!-- This site is optimized with the Yoast SEO plugin v23.5 - https:\/\/yoast.com\/wordpress\/plugins\/seo\/ -->\n<title>Cat\u00e9gories d\u2019activit\u00e9s de DPC - \u00c9chographie Canada<\/title>\n<meta name=\"robots\" content=\"index, follow, max-snippet:-1, max-image-preview:large, max-video-preview:-1\" \/>\n<link rel=\"canonical\" href=\"https:\/\/sonographycanada.ca\/fr\/membres\/programme-triennial-de-dpc\/categories-dactivites-de-dpc\" \/>\n<meta property=\"og:locale\" content=\"fr_FR\" \/>\n<meta property=\"og:type\" content=\"article\" \/>\n<meta property=\"og:title\" content=\"Cat\u00e9gories d\u2019activit\u00e9s de DPC - \u00c9chographie Canada\" \/>\n<meta property=\"og:description\" content=\"Fond\u00e9e sur l\u2019\u00e9chographie Doit \u00eatre directement rattach\u00e9e \u00e0 la pratique de l\u2019\u00e9chographie. Doit enrichir le membre de fa\u00e7on \u00e0 am\u00e9liorer les connaissances, le rendement et les comp\u00e9tences qui sauront directement am\u00e9liorer les soins aux patients. Pertinente pour la pratique N\u2019est pas fond\u00e9e sur l\u2019\u00e9chographie mais doit enrichir la pratique professionnelle. Ces activit\u00e9s permettent au membre [&hellip;]\" \/>\n<meta property=\"og:url\" content=\"https:\/\/sonographycanada.ca\/fr\/membres\/programme-triennial-de-dpc\/categories-dactivites-de-dpc\" \/>\n<meta property=\"og:site_name\" content=\"\u00c9chographie Canada\" \/>\n<meta property=\"article:modified_time\" content=\"2020-04-29T11:10:14+00:00\" \/>\n<meta name=\"twitter:card\" content=\"summary_large_image\" \/>\n<meta name=\"twitter:label1\" content=\"Est. reading time\" \/>\n\t<meta name=\"twitter:data1\" content=\"3 minutes\" \/>\n<script type=\"application\/ld+json\" class=\"yoast-schema-graph\">{\"@context\":\"https:\/\/schema.org\",\"@graph\":[{\"@type\":\"WebPage\",\"@id\":\"https:\/\/sonographycanada.ca\/fr\/membres\/programme-triennial-de-dpc\/categories-dactivites-de-dpc\",\"url\":\"https:\/\/sonographycanada.ca\/fr\/membres\/programme-triennial-de-dpc\/categories-dactivites-de-dpc\",\"name\":\"Cat\u00e9gories d\u2019activit\u00e9s de DPC - \u00c9chographie Canada\",\"isPartOf\":{\"@id\":\"https:\/\/sonographycanada.ca\/#website\"},\"datePublished\":\"2019-09-18T18:55:42+00:00\",\"dateModified\":\"2020-04-29T11:10:14+00:00\",\"breadcrumb\":{\"@id\":\"https:\/\/sonographycanada.ca\/fr\/membres\/programme-triennial-de-dpc\/categories-dactivites-de-dpc#breadcrumb\"},\"inLanguage\":\"fr-FR\",\"potentialAction\":[{\"@type\":\"ReadAction\",\"target\":[\"https:\/\/sonographycanada.ca\/fr\/membres\/programme-triennial-de-dpc\/categories-dactivites-de-dpc\"]}]},{\"@type\":\"BreadcrumbList\",\"@id\":\"https:\/\/sonographycanada.ca\/fr\/membres\/programme-triennial-de-dpc\/categories-dactivites-de-dpc#breadcrumb\",\"itemListElement\":[{\"@type\":\"ListItem\",\"position\":1,\"name\":\"Accueil\",\"item\":\"https:\/\/sonographycanada.ca\/fr\"},{\"@type\":\"ListItem\",\"position\":2,\"name\":\"Membres\",\"item\":\"https:\/\/sonographycanada.ca\/fr\/membres\"},{\"@type\":\"ListItem\",\"position\":3,\"name\":\"Programme triennial de DPC\",\"item\":\"https:\/\/sonographycanada.ca\/fr\/membres\/programme-triennial-de-dpc\"},{\"@type\":\"ListItem\",\"position\":4,\"name\":\"Cat\u00e9gories d\u2019activit\u00e9s de DPC\"}]},{\"@type\":\"WebSite\",\"@id\":\"https:\/\/sonographycanada.ca\/#website\",\"url\":\"https:\/\/sonographycanada.ca\/\",\"name\":\"\u00c9chographie Canada\",\"description\":\"La voix des \u00e9chographistes m\u00e9dicaux diagnostiques au Canada\",\"potentialAction\":[{\"@type\":\"SearchAction\",\"target\":{\"@type\":\"EntryPoint\",\"urlTemplate\":\"https:\/\/sonographycanada.ca\/?s={search_term_string}\"},\"query-input\":{\"@type\":\"PropertyValueSpecification\",\"valueRequired\":true,\"valueName\":\"search_term_string\"}}],\"inLanguage\":\"fr-FR\"}]}<\/script>\n<!-- \/ Yoast SEO plugin. -->","yoast_head_json":{"title":"Cat\u00e9gories d\u2019activit\u00e9s de DPC - \u00c9chographie Canada","robots":{"index":"index","follow":"follow","max-snippet":"max-snippet:-1","max-image-preview":"max-image-preview:large","max-video-preview":"max-video-preview:-1"},"canonical":"https:\/\/sonographycanada.ca\/fr\/membres\/programme-triennial-de-dpc\/categories-dactivites-de-dpc","og_locale":"fr_FR","og_type":"article","og_title":"Cat\u00e9gories d\u2019activit\u00e9s de DPC - \u00c9chographie Canada","og_description":"Fond\u00e9e sur l\u2019\u00e9chographie Doit \u00eatre directement rattach\u00e9e \u00e0 la pratique de l\u2019\u00e9chographie. Doit enrichir le membre de fa\u00e7on \u00e0 am\u00e9liorer les connaissances, le rendement et les comp\u00e9tences qui sauront directement am\u00e9liorer les soins aux patients. Pertinente pour la pratique N\u2019est pas fond\u00e9e sur l\u2019\u00e9chographie mais doit enrichir la pratique professionnelle. Ces activit\u00e9s permettent au membre [&hellip;]","og_url":"https:\/\/sonographycanada.ca\/fr\/membres\/programme-triennial-de-dpc\/categories-dactivites-de-dpc","og_site_name":"\u00c9chographie Canada","article_modified_time":"2020-04-29T11:10:14+00:00","twitter_card":"summary_large_image","twitter_misc":{"Est. reading time":"3 minutes"},"schema":{"@context":"https:\/\/schema.org","@graph":[{"@type":"WebPage","@id":"https:\/\/sonographycanada.ca\/fr\/membres\/programme-triennial-de-dpc\/categories-dactivites-de-dpc","url":"https:\/\/sonographycanada.ca\/fr\/membres\/programme-triennial-de-dpc\/categories-dactivites-de-dpc","name":"Cat\u00e9gories d\u2019activit\u00e9s de DPC - \u00c9chographie Canada","isPartOf":{"@id":"https:\/\/sonographycanada.ca\/#website"},"datePublished":"2019-09-18T18:55:42+00:00","dateModified":"2020-04-29T11:10:14+00:00","breadcrumb":{"@id":"https:\/\/sonographycanada.ca\/fr\/membres\/programme-triennial-de-dpc\/categories-dactivites-de-dpc#breadcrumb"},"inLanguage":"fr-FR","potentialAction":[{"@type":"ReadAction","target":["https:\/\/sonographycanada.ca\/fr\/membres\/programme-triennial-de-dpc\/categories-dactivites-de-dpc"]}]},{"@type":"BreadcrumbList","@id":"https:\/\/sonographycanada.ca\/fr\/membres\/programme-triennial-de-dpc\/categories-dactivites-de-dpc#breadcrumb","itemListElement":[{"@type":"ListItem","position":1,"name":"Accueil","item":"https:\/\/sonographycanada.ca\/fr"},{"@type":"ListItem","position":2,"name":"Membres","item":"https:\/\/sonographycanada.ca\/fr\/membres"},{"@type":"ListItem","position":3,"name":"Programme triennial de DPC","item":"https:\/\/sonographycanada.ca\/fr\/membres\/programme-triennial-de-dpc"},{"@type":"ListItem","position":4,"name":"Cat\u00e9gories d\u2019activit\u00e9s de DPC"}]},{"@type":"WebSite","@id":"https:\/\/sonographycanada.ca\/#website","url":"https:\/\/sonographycanada.ca\/","name":"\u00c9chographie Canada","description":"La voix des \u00e9chographistes m\u00e9dicaux diagnostiques au Canada","potentialAction":[{"@type":"SearchAction","target":{"@type":"EntryPoint","urlTemplate":"https:\/\/sonographycanada.ca\/?s={search_term_string}"},"query-input":{"@type":"PropertyValueSpecification","valueRequired":true,"valueName":"search_term_string"}}],"inLanguage":"fr-FR"}]}},"coauthors":[],"author_meta":{"author_link":"https:\/\/sonographycanada.ca\/fr\/author\/ce124cb3-74c2-4ca8-90e3-5f1af488d0df","display_name":"Beth Bresee"},"relative_dates":{"created":"Publi\u00e9 7 years il y a","modified":"Mis \u00e0 jour 6 years il y a"},"absolute_dates":{"created":"Publi\u00e9 le septembre 18, 2019","modified":"Mise \u00e0 jour le avril 29, 2020"},"absolute_dates_time":{"created":"Publi\u00e9 le septembre 18, 2019 6:55 pm","modified":"Mise \u00e0 jour le avril 29, 2020 11:10 am"},"featured_img_caption":"","featured_img":false,"series_order":"","_links":{"self":[{"href":"https:\/\/sonographycanada.ca\/fr\/wp-json\/wp\/v2\/pages\/24857"}],"collection":[{"href":"https:\/\/sonographycanada.ca\/fr\/wp-json\/wp\/v2\/pages"}],"about":[{"href":"https:\/\/sonographycanada.ca\/fr\/wp-json\/wp\/v2\/types\/page"}],"author":[{"embeddable":true,"href":"https:\/\/sonographycanada.ca\/fr\/wp-json\/wp\/v2\/users\/99"}],"replies":[{"embeddable":true,"href":"https:\/\/sonographycanada.ca\/fr\/wp-json\/wp\/v2\/comments?post=24857"}],"version-history":[{"count":2,"href":"https:\/\/sonographycanada.ca\/fr\/wp-json\/wp\/v2\/pages\/24857\/revisions"}],"predecessor-version":[{"id":24872,"href":"https:\/\/sonographycanada.ca\/fr\/wp-json\/wp\/v2\/pages\/24857\/revisions\/24872"}],"up":[{"embeddable":true,"href":"https:\/\/sonographycanada.ca\/fr\/wp-json\/wp\/v2\/pages\/24863"}],"wp:attachment":[{"href":"https:\/\/sonographycanada.ca\/fr\/wp-json\/wp\/v2\/media?parent=24857"}],"curies":[{"name":"wp","href":"https:\/\/api.w.org\/{rel}","templated":true}]}}