{"id":24863,"date":"2019-09-18T18:32:31","date_gmt":"2019-09-18T18:32:31","guid":{"rendered":"https:\/\/sonographycanada.ca\/developpement-professionnel\/cpd-program-requirements"},"modified":"2022-10-21T15:26:17","modified_gmt":"2022-10-21T15:26:17","slug":"programme-triennial-de-dpc","status":"publish","type":"page","link":"https:\/\/sonographycanada.ca\/fr\/membres\/programme-triennial-de-dpc","title":{"rendered":"Programme triennial de DPC"},"content":{"rendered":"<p><strong>Exigence totale en mati\u00e8re de cr\u00e9dits par triennat<\/strong> = 40 cr\u00e9dits<\/p><p><strong>Cr\u00e9dits fond\u00e9s sur l\u2019\u00e9chographie :<\/strong><\/p><p>Cr\u00e9dits fond\u00e9s sur l\u2019\u00e9chographie par triennat = minimum de 30<br>Activit\u00e9s dirig\u00e9es fond\u00e9es sur l\u2019\u00e9chographie par triennat = minimum de 15<\/p><p><strong>Cr\u00e9dits pertinents pour la pratique :<\/strong><\/p><p>Cr\u00e9dits pertinents pour la pratique par triennat = maximum de 10<\/p><p><em><strong>Nota:<\/strong> Il n\u2019est pas obligatoire pour les membres de compl\u00e9ter des activit\u00e9s pertinentes pour la pratique ou auto-dirig\u00e9es. Ces activit\u00e9s sont incluses afin d\u2019offrir une plus grande vari\u00e9t\u00e9 d\u2019activit\u00e9s qui peuvent \u00eatre plus abordables, accessibles et qui peuvent am\u00e9liorer la pratique professionnelle des \u00e9chographistes en g\u00e9n\u00e9ral.<\/em><\/p><hr class=\"wp-block-separator\"\/><figure class=\"wp-block-embed-vimeo aligncenter wp-block-embed is-type-video is-provider-vimeo wp-embed-aspect-16-9 wp-has-aspect-ratio\" style=\"text-align:center;\"><div class=\"wp-block-embed__wrapper\">\n<iframe loading=\"lazy\" title=\"Sonography Canada CPD Informational Video\" src=\"https:\/\/player.vimeo.com\/video\/341425373?dnt=1&amp;app_id=122963\" width=\"500\" height=\"281\" frameborder=\"0\" allow=\"autoplay; fullscreen; picture-in-picture; clipboard-write\"><\/iframe>\n<\/div><\/figure><p><strong>Objectif annuel : <\/strong><\/p><p>L\u2019objectif pour les membres est d\u2019obtenir un minimum de 10\ncr\u00e9dits par ann\u00e9es afin d\u2019assurer l\u2019apprentissage continu. Ceci n\u2019est pas\nobligatoire. Toutefois, \u00c9chographie Canada encouragera et aidera ses membres \u00e0\natteindre cet objectif.<\/p><p><strong><em>Nota&nbsp;: <\/em><\/strong><em>Les membres qui sont dans l\u2019impossibilit\u00e9 de rencontrer les exigences du programme de DPC en raison d\u2019une maladie ou d\u2019un \u00e9v\u00e9nement traumatisant de la vie, etc. peuvent communiquer avec \u00c9chographie Canada. Ces demandes seront r\u00e9gl\u00e9es au cas par cas<\/em>.<\/p>","protected":false},"excerpt":{"rendered":"<p>Exigence totale en mati\u00e8re de cr\u00e9dits par triennat = 40 cr\u00e9dits Cr\u00e9dits fond\u00e9s sur l\u2019\u00e9chographie : Cr\u00e9dits fond\u00e9s sur l\u2019\u00e9chographie par triennat = minimum de 30Activit\u00e9s dirig\u00e9es fond\u00e9es sur l\u2019\u00e9chographie par triennat = minimum de 15 Cr\u00e9dits pertinents pour la pratique : Cr\u00e9dits pertinents pour la pratique par triennat = maximum de 10 Nota: Il [&hellip;]<\/p>\n","protected":false},"author":99,"featured_media":158797,"parent":569,"menu_order":1,"comment_status":"closed","ping_status":"closed","template":"","meta":{"_acf_changed":false,"advgb_blocks_editor_width":"","advgb_blocks_columns_visual_guide":"","wicket_organization":"","_seat_count":"","_member_id":[],"_edit_last":"1307","_start_date":"","_end_date":"","footnotes":""},"class_list":["post-24863","page","type-page","status-publish","has-post-thumbnail","hentry"],"acf":[],"yoast_head":"<!-- This site is optimized with the Yoast SEO plugin v23.5 - https:\/\/yoast.com\/wordpress\/plugins\/seo\/ -->\n<title>Programme triennial de DPC - \u00c9chographie Canada<\/title>\n<meta name=\"robots\" content=\"index, follow, max-snippet:-1, max-image-preview:large, max-video-preview:-1\" \/>\n<link rel=\"canonical\" href=\"https:\/\/sonographycanada.ca\/fr\/membres\/programme-triennial-de-dpc\" \/>\n<meta property=\"og:locale\" content=\"fr_FR\" \/>\n<meta property=\"og:type\" content=\"article\" \/>\n<meta property=\"og:title\" content=\"Programme triennial de DPC - \u00c9chographie Canada\" \/>\n<meta property=\"og:description\" content=\"Exigence totale en mati\u00e8re de cr\u00e9dits par triennat = 40 cr\u00e9dits Cr\u00e9dits fond\u00e9s sur l\u2019\u00e9chographie : Cr\u00e9dits fond\u00e9s sur l\u2019\u00e9chographie par triennat = minimum de 30Activit\u00e9s dirig\u00e9es fond\u00e9es sur l\u2019\u00e9chographie par triennat = minimum de 15 Cr\u00e9dits pertinents pour la pratique : Cr\u00e9dits pertinents pour la pratique par triennat = maximum de 10 Nota: Il [&hellip;]\" \/>\n<meta property=\"og:url\" content=\"https:\/\/sonographycanada.ca\/fr\/membres\/programme-triennial-de-dpc\" \/>\n<meta property=\"og:site_name\" content=\"\u00c9chographie Canada\" \/>\n<meta property=\"article:modified_time\" content=\"2022-10-21T15:26:17+00:00\" \/>\n<meta property=\"og:image\" content=\"https:\/\/sonographycanada.ca\/app\/uploads\/2022\/10\/CPD-triennium-FRE-web.jpg\" \/>\n\t<meta property=\"og:image:width\" content=\"390\" \/>\n\t<meta property=\"og:image:height\" content=\"173\" \/>\n\t<meta property=\"og:image:type\" content=\"image\/jpeg\" \/>\n<meta name=\"twitter:card\" content=\"summary_large_image\" \/>\n<meta name=\"twitter:label1\" content=\"Est. reading time\" \/>\n\t<meta name=\"twitter:data1\" content=\"1 minute\" \/>\n<script type=\"application\/ld+json\" class=\"yoast-schema-graph\">{\"@context\":\"https:\/\/schema.org\",\"@graph\":[{\"@type\":\"WebPage\",\"@id\":\"https:\/\/sonographycanada.ca\/fr\/membres\/programme-triennial-de-dpc\",\"url\":\"https:\/\/sonographycanada.ca\/fr\/membres\/programme-triennial-de-dpc\",\"name\":\"Programme triennial de DPC - \u00c9chographie Canada\",\"isPartOf\":{\"@id\":\"https:\/\/sonographycanada.ca\/#website\"},\"primaryImageOfPage\":{\"@id\":\"https:\/\/sonographycanada.ca\/fr\/membres\/programme-triennial-de-dpc#primaryimage\"},\"image\":{\"@id\":\"https:\/\/sonographycanada.ca\/fr\/membres\/programme-triennial-de-dpc#primaryimage\"},\"thumbnailUrl\":\"https:\/\/sonographycanada.ca\/app\/uploads\/2022\/10\/CPD-triennium-FRE-web.jpg\",\"datePublished\":\"2019-09-18T18:32:31+00:00\",\"dateModified\":\"2022-10-21T15:26:17+00:00\",\"breadcrumb\":{\"@id\":\"https:\/\/sonographycanada.ca\/fr\/membres\/programme-triennial-de-dpc#breadcrumb\"},\"inLanguage\":\"fr-FR\",\"potentialAction\":[{\"@type\":\"ReadAction\",\"target\":[\"https:\/\/sonographycanada.ca\/fr\/membres\/programme-triennial-de-dpc\"]}]},{\"@type\":\"ImageObject\",\"inLanguage\":\"fr-FR\",\"@id\":\"https:\/\/sonographycanada.ca\/fr\/membres\/programme-triennial-de-dpc#primaryimage\",\"url\":\"https:\/\/sonographycanada.ca\/app\/uploads\/2022\/10\/CPD-triennium-FRE-web.jpg\",\"contentUrl\":\"https:\/\/sonographycanada.ca\/app\/uploads\/2022\/10\/CPD-triennium-FRE-web.jpg\",\"width\":390,\"height\":173},{\"@type\":\"BreadcrumbList\",\"@id\":\"https:\/\/sonographycanada.ca\/fr\/membres\/programme-triennial-de-dpc#breadcrumb\",\"itemListElement\":[{\"@type\":\"ListItem\",\"position\":1,\"name\":\"Accueil\",\"item\":\"https:\/\/sonographycanada.ca\/fr\"},{\"@type\":\"ListItem\",\"position\":2,\"name\":\"Membres\",\"item\":\"https:\/\/sonographycanada.ca\/fr\/membres\"},{\"@type\":\"ListItem\",\"position\":3,\"name\":\"Programme triennial de DPC\"}]},{\"@type\":\"WebSite\",\"@id\":\"https:\/\/sonographycanada.ca\/#website\",\"url\":\"https:\/\/sonographycanada.ca\/\",\"name\":\"\u00c9chographie Canada\",\"description\":\"La voix des \u00e9chographistes m\u00e9dicaux diagnostiques au Canada\",\"potentialAction\":[{\"@type\":\"SearchAction\",\"target\":{\"@type\":\"EntryPoint\",\"urlTemplate\":\"https:\/\/sonographycanada.ca\/?s={search_term_string}\"},\"query-input\":{\"@type\":\"PropertyValueSpecification\",\"valueRequired\":true,\"valueName\":\"search_term_string\"}}],\"inLanguage\":\"fr-FR\"}]}<\/script>\n<!-- \/ Yoast SEO plugin. -->","yoast_head_json":{"title":"Programme triennial de DPC - \u00c9chographie Canada","robots":{"index":"index","follow":"follow","max-snippet":"max-snippet:-1","max-image-preview":"max-image-preview:large","max-video-preview":"max-video-preview:-1"},"canonical":"https:\/\/sonographycanada.ca\/fr\/membres\/programme-triennial-de-dpc","og_locale":"fr_FR","og_type":"article","og_title":"Programme triennial de DPC - \u00c9chographie Canada","og_description":"Exigence totale en mati\u00e8re de cr\u00e9dits par triennat = 40 cr\u00e9dits Cr\u00e9dits fond\u00e9s sur l\u2019\u00e9chographie : Cr\u00e9dits fond\u00e9s sur l\u2019\u00e9chographie par triennat = minimum de 30Activit\u00e9s dirig\u00e9es fond\u00e9es sur l\u2019\u00e9chographie par triennat = minimum de 15 Cr\u00e9dits pertinents pour la pratique : Cr\u00e9dits pertinents pour la pratique par triennat = maximum de 10 Nota: Il [&hellip;]","og_url":"https:\/\/sonographycanada.ca\/fr\/membres\/programme-triennial-de-dpc","og_site_name":"\u00c9chographie Canada","article_modified_time":"2022-10-21T15:26:17+00:00","og_image":[{"width":390,"height":173,"url":"https:\/\/sonographycanada.ca\/app\/uploads\/2022\/10\/CPD-triennium-FRE-web.jpg","type":"image\/jpeg"}],"twitter_card":"summary_large_image","twitter_misc":{"Est. reading time":"1 minute"},"schema":{"@context":"https:\/\/schema.org","@graph":[{"@type":"WebPage","@id":"https:\/\/sonographycanada.ca\/fr\/membres\/programme-triennial-de-dpc","url":"https:\/\/sonographycanada.ca\/fr\/membres\/programme-triennial-de-dpc","name":"Programme triennial de DPC - \u00c9chographie Canada","isPartOf":{"@id":"https:\/\/sonographycanada.ca\/#website"},"primaryImageOfPage":{"@id":"https:\/\/sonographycanada.ca\/fr\/membres\/programme-triennial-de-dpc#primaryimage"},"image":{"@id":"https:\/\/sonographycanada.ca\/fr\/membres\/programme-triennial-de-dpc#primaryimage"},"thumbnailUrl":"https:\/\/sonographycanada.ca\/app\/uploads\/2022\/10\/CPD-triennium-FRE-web.jpg","datePublished":"2019-09-18T18:32:31+00:00","dateModified":"2022-10-21T15:26:17+00:00","breadcrumb":{"@id":"https:\/\/sonographycanada.ca\/fr\/membres\/programme-triennial-de-dpc#breadcrumb"},"inLanguage":"fr-FR","potentialAction":[{"@type":"ReadAction","target":["https:\/\/sonographycanada.ca\/fr\/membres\/programme-triennial-de-dpc"]}]},{"@type":"ImageObject","inLanguage":"fr-FR","@id":"https:\/\/sonographycanada.ca\/fr\/membres\/programme-triennial-de-dpc#primaryimage","url":"https:\/\/sonographycanada.ca\/app\/uploads\/2022\/10\/CPD-triennium-FRE-web.jpg","contentUrl":"https:\/\/sonographycanada.ca\/app\/uploads\/2022\/10\/CPD-triennium-FRE-web.jpg","width":390,"height":173},{"@type":"BreadcrumbList","@id":"https:\/\/sonographycanada.ca\/fr\/membres\/programme-triennial-de-dpc#breadcrumb","itemListElement":[{"@type":"ListItem","position":1,"name":"Accueil","item":"https:\/\/sonographycanada.ca\/fr"},{"@type":"ListItem","position":2,"name":"Membres","item":"https:\/\/sonographycanada.ca\/fr\/membres"},{"@type":"ListItem","position":3,"name":"Programme triennial de DPC"}]},{"@type":"WebSite","@id":"https:\/\/sonographycanada.ca\/#website","url":"https:\/\/sonographycanada.ca\/","name":"\u00c9chographie Canada","description":"La voix des \u00e9chographistes m\u00e9dicaux diagnostiques au Canada","potentialAction":[{"@type":"SearchAction","target":{"@type":"EntryPoint","urlTemplate":"https:\/\/sonographycanada.ca\/?s={search_term_string}"},"query-input":{"@type":"PropertyValueSpecification","valueRequired":true,"valueName":"search_term_string"}}],"inLanguage":"fr-FR"}]}},"coauthors":[],"author_meta":{"author_link":"https:\/\/sonographycanada.ca\/fr\/author\/ce124cb3-74c2-4ca8-90e3-5f1af488d0df","display_name":"Beth Bresee"},"relative_dates":{"created":"Publi\u00e9 7 years il y a","modified":"Mis \u00e0 jour 3 years il y a"},"absolute_dates":{"created":"Publi\u00e9 le septembre 18, 2019","modified":"Mise \u00e0 jour le octobre 21, 2022"},"absolute_dates_time":{"created":"Publi\u00e9 le septembre 18, 2019 6:32 pm","modified":"Mise \u00e0 jour le octobre 21, 2022 3:26 pm"},"featured_img_caption":"","featured_img":"https:\/\/sonographycanada.ca\/app\/uploads\/2022\/10\/CPD-triennium-FRE-web.jpg","series_order":"","_links":{"self":[{"href":"https:\/\/sonographycanada.ca\/fr\/wp-json\/wp\/v2\/pages\/24863"}],"collection":[{"href":"https:\/\/sonographycanada.ca\/fr\/wp-json\/wp\/v2\/pages"}],"about":[{"href":"https:\/\/sonographycanada.ca\/fr\/wp-json\/wp\/v2\/types\/page"}],"author":[{"embeddable":true,"href":"https:\/\/sonographycanada.ca\/fr\/wp-json\/wp\/v2\/users\/99"}],"replies":[{"embeddable":true,"href":"https:\/\/sonographycanada.ca\/fr\/wp-json\/wp\/v2\/comments?post=24863"}],"version-history":[{"count":3,"href":"https:\/\/sonographycanada.ca\/fr\/wp-json\/wp\/v2\/pages\/24863\/revisions"}],"predecessor-version":[{"id":158799,"href":"https:\/\/sonographycanada.ca\/fr\/wp-json\/wp\/v2\/pages\/24863\/revisions\/158799"}],"up":[{"embeddable":true,"href":"https:\/\/sonographycanada.ca\/fr\/wp-json\/wp\/v2\/pages\/569"}],"wp:featuredmedia":[{"embeddable":true,"href":"https:\/\/sonographycanada.ca\/fr\/wp-json\/wp\/v2\/media\/158797"}],"wp:attachment":[{"href":"https:\/\/sonographycanada.ca\/fr\/wp-json\/wp\/v2\/media?parent=24863"}],"curies":[{"name":"wp","href":"https:\/\/api.w.org\/{rel}","templated":true}]}}