{"id":2506,"date":"2019-03-30T13:41:29","date_gmt":"2019-03-30T13:41:29","guid":{"rendered":"https:\/\/sonographycanada.ca\/?page_id=2506"},"modified":"2019-03-30T13:41:30","modified_gmt":"2019-03-30T13:41:30","slug":"evaluation-canadienne-des-competences-cliniques-eccc","status":"publish","type":"page","link":"https:\/\/sonographycanada.ca\/fr\/agrement\/evaluation-canadienne-des-competences-cliniques-eccc","title":{"rendered":"\u00c9valuation canadienne des comp\u00e9tences cliniques (\u00c9CCC\u2122)"},"content":{"rendered":"<p>Le processus de l\u2019examen d\u2019\u00e9valuation des comp\u00e9tences cliniques a \u00e9t\u00e9 mis sur pied dans le but de s\u2019assurer que les \u00e9chographistes de diagnostic autoris\u00e9s canadiens poss\u00e8dent les connaissances et les comp\u00e9tences cliniques requises pour exercer le m\u00e9tier au niveau de d\u00e9butant. Ce document offre aux employeurs et au public une garantie selon laquelle les \u00e9chographistes inscrits aupr\u00e8s d\u2019\u00c9chographie Canada sont comp\u00e9tents lorsqu\u2019ils d\u00e9butent leur carri\u00e8re.<\/p><p>Pour cr\u00e9er l\u2019\u00c9CCC, il a fallu consulter des employeurs, des praticiens et des enseignants\/formateurs. L\u2019examen est fond\u00e9 sur le Profil national des comp\u00e9tences canadien pour l\u2019\u00e9chographie.<\/p><p>L\u2019\u00c9CCC est actuellement ouverte aux \u00e9tudiants inscrits \u00e0 un programme d\u2019\u00e9chographie agr\u00e9\u00e9\/accr\u00e9dit\u00e9 au Canada et aux candidats approuv\u00e9s qui ne sont pas inscrits \u00e0 un programme agr\u00e9\u00e9\/accr\u00e9dit\u00e9.<\/p>","protected":false},"excerpt":{"rendered":"<p>Le processus de l\u2019examen d\u2019\u00e9valuation des comp\u00e9tences cliniques a \u00e9t\u00e9 mis sur pied dans le but de s\u2019assurer que les \u00e9chographistes de diagnostic autoris\u00e9s canadiens poss\u00e8dent les connaissances et les comp\u00e9tences cliniques requises pour exercer le m\u00e9tier au niveau de d\u00e9butant. Ce document offre aux employeurs et au public une garantie selon laquelle les \u00e9chographistes [&hellip;]<\/p>\n","protected":false},"author":1,"featured_media":0,"parent":526,"menu_order":0,"comment_status":"closed","ping_status":"closed","template":"","meta":{"_acf_changed":false,"advgb_blocks_editor_width":"","advgb_blocks_columns_visual_guide":"","wicket_organization":"","_seat_count":"","_member_id":[],"_edit_last":"1","_start_date":"","_end_date":"","footnotes":""},"class_list":["post-2506","page","type-page","status-publish","hentry"],"acf":[],"yoast_head":"<!-- This site is optimized with the Yoast SEO plugin v23.5 - https:\/\/yoast.com\/wordpress\/plugins\/seo\/ -->\n<title>\u00c9valuation canadienne des comp\u00e9tences cliniques (\u00c9CCC\u2122) - \u00c9chographie Canada<\/title>\n<meta name=\"robots\" content=\"index, follow, max-snippet:-1, max-image-preview:large, max-video-preview:-1\" \/>\n<link rel=\"canonical\" href=\"https:\/\/sonographycanada.ca\/fr\/agrement\/evaluation-canadienne-des-competences-cliniques-eccc\" \/>\n<meta property=\"og:locale\" content=\"fr_FR\" \/>\n<meta property=\"og:type\" content=\"article\" \/>\n<meta property=\"og:title\" content=\"\u00c9valuation canadienne des comp\u00e9tences cliniques (\u00c9CCC\u2122) - \u00c9chographie Canada\" \/>\n<meta property=\"og:description\" content=\"Le processus de l\u2019examen d\u2019\u00e9valuation des comp\u00e9tences cliniques a \u00e9t\u00e9 mis sur pied dans le but de s\u2019assurer que les \u00e9chographistes de diagnostic autoris\u00e9s canadiens poss\u00e8dent les connaissances et les comp\u00e9tences cliniques requises pour exercer le m\u00e9tier au niveau de d\u00e9butant. Ce document offre aux employeurs et au public une garantie selon laquelle les \u00e9chographistes [&hellip;]\" \/>\n<meta property=\"og:url\" content=\"https:\/\/sonographycanada.ca\/fr\/agrement\/evaluation-canadienne-des-competences-cliniques-eccc\" \/>\n<meta property=\"og:site_name\" content=\"\u00c9chographie Canada\" \/>\n<meta property=\"article:modified_time\" content=\"2019-03-30T13:41:30+00:00\" \/>\n<meta name=\"twitter:card\" content=\"summary_large_image\" \/>\n<meta name=\"twitter:label1\" content=\"Est. reading time\" \/>\n\t<meta name=\"twitter:data1\" content=\"1 minute\" \/>\n<script type=\"application\/ld+json\" class=\"yoast-schema-graph\">{\"@context\":\"https:\/\/schema.org\",\"@graph\":[{\"@type\":\"WebPage\",\"@id\":\"https:\/\/sonographycanada.ca\/fr\/agrement\/evaluation-canadienne-des-competences-cliniques-eccc\",\"url\":\"https:\/\/sonographycanada.ca\/fr\/agrement\/evaluation-canadienne-des-competences-cliniques-eccc\",\"name\":\"\u00c9valuation canadienne des comp\u00e9tences cliniques (\u00c9CCC\u2122) - \u00c9chographie Canada\",\"isPartOf\":{\"@id\":\"https:\/\/sonographycanada.ca\/#website\"},\"datePublished\":\"2019-03-30T13:41:29+00:00\",\"dateModified\":\"2019-03-30T13:41:30+00:00\",\"breadcrumb\":{\"@id\":\"https:\/\/sonographycanada.ca\/fr\/agrement\/evaluation-canadienne-des-competences-cliniques-eccc#breadcrumb\"},\"inLanguage\":\"fr-FR\",\"potentialAction\":[{\"@type\":\"ReadAction\",\"target\":[\"https:\/\/sonographycanada.ca\/fr\/agrement\/evaluation-canadienne-des-competences-cliniques-eccc\"]}]},{\"@type\":\"BreadcrumbList\",\"@id\":\"https:\/\/sonographycanada.ca\/fr\/agrement\/evaluation-canadienne-des-competences-cliniques-eccc#breadcrumb\",\"itemListElement\":[{\"@type\":\"ListItem\",\"position\":1,\"name\":\"Accueil\",\"item\":\"https:\/\/sonographycanada.ca\/fr\"},{\"@type\":\"ListItem\",\"position\":2,\"name\":\"Certification\",\"item\":\"https:\/\/sonographycanada.ca\/certification\"},{\"@type\":\"ListItem\",\"position\":3,\"name\":\"\u00c9valuation canadienne des comp\u00e9tences cliniques (\u00c9CCC\u2122)\"}]},{\"@type\":\"WebSite\",\"@id\":\"https:\/\/sonographycanada.ca\/#website\",\"url\":\"https:\/\/sonographycanada.ca\/\",\"name\":\"\u00c9chographie Canada\",\"description\":\"La voix des \u00e9chographistes m\u00e9dicaux diagnostiques au Canada\",\"potentialAction\":[{\"@type\":\"SearchAction\",\"target\":{\"@type\":\"EntryPoint\",\"urlTemplate\":\"https:\/\/sonographycanada.ca\/?s={search_term_string}\"},\"query-input\":{\"@type\":\"PropertyValueSpecification\",\"valueRequired\":true,\"valueName\":\"search_term_string\"}}],\"inLanguage\":\"fr-FR\"}]}<\/script>\n<!-- \/ Yoast SEO plugin. -->","yoast_head_json":{"title":"\u00c9valuation canadienne des comp\u00e9tences cliniques (\u00c9CCC\u2122) - \u00c9chographie Canada","robots":{"index":"index","follow":"follow","max-snippet":"max-snippet:-1","max-image-preview":"max-image-preview:large","max-video-preview":"max-video-preview:-1"},"canonical":"https:\/\/sonographycanada.ca\/fr\/agrement\/evaluation-canadienne-des-competences-cliniques-eccc","og_locale":"fr_FR","og_type":"article","og_title":"\u00c9valuation canadienne des comp\u00e9tences cliniques (\u00c9CCC\u2122) - \u00c9chographie Canada","og_description":"Le processus de l\u2019examen d\u2019\u00e9valuation des comp\u00e9tences cliniques a \u00e9t\u00e9 mis sur pied dans le but de s\u2019assurer que les \u00e9chographistes de diagnostic autoris\u00e9s canadiens poss\u00e8dent les connaissances et les comp\u00e9tences cliniques requises pour exercer le m\u00e9tier au niveau de d\u00e9butant. Ce document offre aux employeurs et au public une garantie selon laquelle les \u00e9chographistes [&hellip;]","og_url":"https:\/\/sonographycanada.ca\/fr\/agrement\/evaluation-canadienne-des-competences-cliniques-eccc","og_site_name":"\u00c9chographie Canada","article_modified_time":"2019-03-30T13:41:30+00:00","twitter_card":"summary_large_image","twitter_misc":{"Est. reading time":"1 minute"},"schema":{"@context":"https:\/\/schema.org","@graph":[{"@type":"WebPage","@id":"https:\/\/sonographycanada.ca\/fr\/agrement\/evaluation-canadienne-des-competences-cliniques-eccc","url":"https:\/\/sonographycanada.ca\/fr\/agrement\/evaluation-canadienne-des-competences-cliniques-eccc","name":"\u00c9valuation canadienne des comp\u00e9tences cliniques (\u00c9CCC\u2122) - \u00c9chographie Canada","isPartOf":{"@id":"https:\/\/sonographycanada.ca\/#website"},"datePublished":"2019-03-30T13:41:29+00:00","dateModified":"2019-03-30T13:41:30+00:00","breadcrumb":{"@id":"https:\/\/sonographycanada.ca\/fr\/agrement\/evaluation-canadienne-des-competences-cliniques-eccc#breadcrumb"},"inLanguage":"fr-FR","potentialAction":[{"@type":"ReadAction","target":["https:\/\/sonographycanada.ca\/fr\/agrement\/evaluation-canadienne-des-competences-cliniques-eccc"]}]},{"@type":"BreadcrumbList","@id":"https:\/\/sonographycanada.ca\/fr\/agrement\/evaluation-canadienne-des-competences-cliniques-eccc#breadcrumb","itemListElement":[{"@type":"ListItem","position":1,"name":"Accueil","item":"https:\/\/sonographycanada.ca\/fr"},{"@type":"ListItem","position":2,"name":"Certification","item":"https:\/\/sonographycanada.ca\/certification"},{"@type":"ListItem","position":3,"name":"\u00c9valuation canadienne des comp\u00e9tences cliniques (\u00c9CCC\u2122)"}]},{"@type":"WebSite","@id":"https:\/\/sonographycanada.ca\/#website","url":"https:\/\/sonographycanada.ca\/","name":"\u00c9chographie Canada","description":"La voix des \u00e9chographistes m\u00e9dicaux diagnostiques au Canada","potentialAction":[{"@type":"SearchAction","target":{"@type":"EntryPoint","urlTemplate":"https:\/\/sonographycanada.ca\/?s={search_term_string}"},"query-input":{"@type":"PropertyValueSpecification","valueRequired":true,"valueName":"search_term_string"}}],"inLanguage":"fr-FR"}]}},"coauthors":[],"author_meta":{"author_link":"https:\/\/sonographycanada.ca\/fr\/author\/admin","display_name":"Kevin Andrews"},"relative_dates":{"created":"Publi\u00e9 7 years il y a","modified":"Mis \u00e0 jour 7 years il y a"},"absolute_dates":{"created":"Publi\u00e9 le mars 30, 2019","modified":"Mise \u00e0 jour le mars 30, 2019"},"absolute_dates_time":{"created":"Publi\u00e9 le mars 30, 2019 1:41 pm","modified":"Mise \u00e0 jour le mars 30, 2019 1:41 pm"},"featured_img_caption":"","featured_img":false,"series_order":"","_links":{"self":[{"href":"https:\/\/sonographycanada.ca\/fr\/wp-json\/wp\/v2\/pages\/2506"}],"collection":[{"href":"https:\/\/sonographycanada.ca\/fr\/wp-json\/wp\/v2\/pages"}],"about":[{"href":"https:\/\/sonographycanada.ca\/fr\/wp-json\/wp\/v2\/types\/page"}],"author":[{"embeddable":true,"href":"https:\/\/sonographycanada.ca\/fr\/wp-json\/wp\/v2\/users\/1"}],"replies":[{"embeddable":true,"href":"https:\/\/sonographycanada.ca\/fr\/wp-json\/wp\/v2\/comments?post=2506"}],"version-history":[{"count":1,"href":"https:\/\/sonographycanada.ca\/fr\/wp-json\/wp\/v2\/pages\/2506\/revisions"}],"predecessor-version":[{"id":2507,"href":"https:\/\/sonographycanada.ca\/fr\/wp-json\/wp\/v2\/pages\/2506\/revisions\/2507"}],"up":[{"embeddable":true,"href":"https:\/\/sonographycanada.ca\/fr\/wp-json\/wp\/v2\/pages\/526"}],"wp:attachment":[{"href":"https:\/\/sonographycanada.ca\/fr\/wp-json\/wp\/v2\/media?parent=2506"}],"curies":[{"name":"wp","href":"https:\/\/api.w.org\/{rel}","templated":true}]}}