{"id":2522,"date":"2019-03-30T14:47:33","date_gmt":"2019-03-30T14:47:33","guid":{"rendered":"https:\/\/sonographycanada.ca\/?page_id=2522"},"modified":"2019-03-30T14:56:34","modified_gmt":"2019-03-30T14:56:34","slug":"outil-dautoevaluation-de-la-preparation-a-la-pratique-mc-pour-technologue-en-echographie-medicale","status":"publish","type":"page","link":"https:\/\/sonographycanada.ca\/fr\/agrement\/outil-dautoevaluation-de-la-preparation-a-la-pratique-mc-pour-technologue-en-echographie-medicale","title":{"rendered":"Outil d\u2019auto\u00e9valuation de la pr\u00e9paration \u00e0 la pratique MC  pour technologue en \u00e9chographie m\u00e9dicale"},"content":{"rendered":"<h2 class=\"wp-block-heading\">Vous pensez \u00e0 \u00e9migrer au Canada?<\/h2><p>L\u2019Outil d\u2019auto\u00e9valuation de la pr\u00e9paration \u00e0 la pratiqueMC (OAPP) est un outil en ligne qui donne aux \u00e9migrants potentiels une indication sur leur probabilit\u00e9 de satisfaire aux exigences requises pour pratiquer l\u2019\u00e9chographie dans un contexte canadien et d\u2019autres indications sur cette pratique au Canada. Il s\u2019agit d\u2019un outil d\u2019auto\u00e9valuation des comp\u00e9tences fondamentales d\u00e9termin\u00e9es par les employeurs et des comp\u00e9tences techniques, cet outil permettant aux utilisateurs de prendre des d\u00e9cisions de carri\u00e8re inform\u00e9es. L\u2019outil peut \u00eatre utilis\u00e9 avant l\u2019arriv\u00e9e au Canada. Il n\u2019est pas con\u00e7u pour fournir une \u00e9valuation technique des comp\u00e9tences, mais donne simplement une image g\u00e9n\u00e9rale de la vie professionnelle d\u2019un fournisseur de services de sant\u00e9 particulier dans l\u2019environnement canadien de soins de sant\u00e9.<\/p><p>Pour avoir acc\u00e8s \u00e0 l\u2019outil, veuillez cliquer sur&nbsp;<a href=\"https:\/\/assesshealthcareers.ca\/francais\/careers-french\/echographiste-medical\/\" target=\"_blank\" rel=\"noreferrer noopener\">OAPP pour technologue en \u00e9chographie m\u00e9dicale<\/a>.<\/p><h6 class=\"wp-block-heading\"><sup>MC<\/sup>&nbsp;<strong>Marque de commerce de Price-MacDonald &amp; Associates Consulting Inc.<\/strong><\/h6>","protected":false},"excerpt":{"rendered":"<p>Vous pensez \u00e0 \u00e9migrer au Canada? L\u2019Outil d\u2019auto\u00e9valuation de la pr\u00e9paration \u00e0 la pratiqueMC (OAPP) est un outil en ligne qui donne aux \u00e9migrants potentiels une indication sur leur probabilit\u00e9 de satisfaire aux exigences requises pour pratiquer l\u2019\u00e9chographie dans un contexte canadien et d\u2019autres indications sur cette pratique au Canada. Il s\u2019agit d\u2019un outil d\u2019auto\u00e9valuation [&hellip;]<\/p>\n","protected":false},"author":1,"featured_media":0,"parent":526,"menu_order":0,"comment_status":"closed","ping_status":"closed","template":"","meta":{"_acf_changed":false,"advgb_blocks_editor_width":"","advgb_blocks_columns_visual_guide":"","wicket_organization":"","_seat_count":"","_member_id":[],"_edit_last":"1","_start_date":"","_end_date":"","footnotes":""},"class_list":["post-2522","page","type-page","status-publish","hentry"],"acf":[],"yoast_head":"<!-- This site is optimized with the Yoast SEO plugin v23.5 - https:\/\/yoast.com\/wordpress\/plugins\/seo\/ -->\n<title>Outil d\u2019auto\u00e9valuation de la pr\u00e9paration \u00e0 la pratique MC pour technologue en \u00e9chographie m\u00e9dicale - \u00c9chographie Canada<\/title>\n<meta name=\"robots\" content=\"index, follow, max-snippet:-1, max-image-preview:large, max-video-preview:-1\" \/>\n<link rel=\"canonical\" href=\"https:\/\/sonographycanada.ca\/fr\/agrement\/outil-dautoevaluation-de-la-preparation-a-la-pratique-mc-pour-technologue-en-echographie-medicale\" \/>\n<meta property=\"og:locale\" content=\"fr_FR\" \/>\n<meta property=\"og:type\" content=\"article\" \/>\n<meta property=\"og:title\" content=\"Outil d\u2019auto\u00e9valuation de la pr\u00e9paration \u00e0 la pratique MC pour technologue en \u00e9chographie m\u00e9dicale - \u00c9chographie Canada\" \/>\n<meta property=\"og:description\" content=\"Vous pensez \u00e0 \u00e9migrer au Canada? L\u2019Outil d\u2019auto\u00e9valuation de la pr\u00e9paration \u00e0 la pratiqueMC (OAPP) est un outil en ligne qui donne aux \u00e9migrants potentiels une indication sur leur probabilit\u00e9 de satisfaire aux exigences requises pour pratiquer l\u2019\u00e9chographie dans un contexte canadien et d\u2019autres indications sur cette pratique au Canada. Il s\u2019agit d\u2019un outil d\u2019auto\u00e9valuation [&hellip;]\" \/>\n<meta property=\"og:url\" content=\"https:\/\/sonographycanada.ca\/fr\/agrement\/outil-dautoevaluation-de-la-preparation-a-la-pratique-mc-pour-technologue-en-echographie-medicale\" \/>\n<meta property=\"og:site_name\" content=\"\u00c9chographie Canada\" \/>\n<meta property=\"article:modified_time\" content=\"2019-03-30T14:56:34+00:00\" \/>\n<meta name=\"twitter:card\" content=\"summary_large_image\" \/>\n<meta name=\"twitter:label1\" content=\"Est. reading time\" \/>\n\t<meta name=\"twitter:data1\" content=\"1 minute\" \/>\n<script type=\"application\/ld+json\" class=\"yoast-schema-graph\">{\"@context\":\"https:\/\/schema.org\",\"@graph\":[{\"@type\":\"WebPage\",\"@id\":\"https:\/\/sonographycanada.ca\/fr\/agrement\/outil-dautoevaluation-de-la-preparation-a-la-pratique-mc-pour-technologue-en-echographie-medicale\",\"url\":\"https:\/\/sonographycanada.ca\/fr\/agrement\/outil-dautoevaluation-de-la-preparation-a-la-pratique-mc-pour-technologue-en-echographie-medicale\",\"name\":\"Outil d\u2019auto\u00e9valuation de la pr\u00e9paration \u00e0 la pratique MC pour technologue en \u00e9chographie m\u00e9dicale - \u00c9chographie Canada\",\"isPartOf\":{\"@id\":\"https:\/\/sonographycanada.ca\/#website\"},\"datePublished\":\"2019-03-30T14:47:33+00:00\",\"dateModified\":\"2019-03-30T14:56:34+00:00\",\"breadcrumb\":{\"@id\":\"https:\/\/sonographycanada.ca\/fr\/agrement\/outil-dautoevaluation-de-la-preparation-a-la-pratique-mc-pour-technologue-en-echographie-medicale#breadcrumb\"},\"inLanguage\":\"fr-FR\",\"potentialAction\":[{\"@type\":\"ReadAction\",\"target\":[\"https:\/\/sonographycanada.ca\/fr\/agrement\/outil-dautoevaluation-de-la-preparation-a-la-pratique-mc-pour-technologue-en-echographie-medicale\"]}]},{\"@type\":\"BreadcrumbList\",\"@id\":\"https:\/\/sonographycanada.ca\/fr\/agrement\/outil-dautoevaluation-de-la-preparation-a-la-pratique-mc-pour-technologue-en-echographie-medicale#breadcrumb\",\"itemListElement\":[{\"@type\":\"ListItem\",\"position\":1,\"name\":\"Accueil\",\"item\":\"https:\/\/sonographycanada.ca\/fr\"},{\"@type\":\"ListItem\",\"position\":2,\"name\":\"Certification\",\"item\":\"https:\/\/sonographycanada.ca\/certification\"},{\"@type\":\"ListItem\",\"position\":3,\"name\":\"Outil d\u2019auto\u00e9valuation de la pr\u00e9paration \u00e0 la pratique MC pour technologue en \u00e9chographie m\u00e9dicale\"}]},{\"@type\":\"WebSite\",\"@id\":\"https:\/\/sonographycanada.ca\/#website\",\"url\":\"https:\/\/sonographycanada.ca\/\",\"name\":\"\u00c9chographie Canada\",\"description\":\"La voix des \u00e9chographistes m\u00e9dicaux diagnostiques au Canada\",\"potentialAction\":[{\"@type\":\"SearchAction\",\"target\":{\"@type\":\"EntryPoint\",\"urlTemplate\":\"https:\/\/sonographycanada.ca\/?s={search_term_string}\"},\"query-input\":{\"@type\":\"PropertyValueSpecification\",\"valueRequired\":true,\"valueName\":\"search_term_string\"}}],\"inLanguage\":\"fr-FR\"}]}<\/script>\n<!-- \/ Yoast SEO plugin. -->","yoast_head_json":{"title":"Outil d\u2019auto\u00e9valuation de la pr\u00e9paration \u00e0 la pratique MC pour technologue en \u00e9chographie m\u00e9dicale - \u00c9chographie Canada","robots":{"index":"index","follow":"follow","max-snippet":"max-snippet:-1","max-image-preview":"max-image-preview:large","max-video-preview":"max-video-preview:-1"},"canonical":"https:\/\/sonographycanada.ca\/fr\/agrement\/outil-dautoevaluation-de-la-preparation-a-la-pratique-mc-pour-technologue-en-echographie-medicale","og_locale":"fr_FR","og_type":"article","og_title":"Outil d\u2019auto\u00e9valuation de la pr\u00e9paration \u00e0 la pratique MC pour technologue en \u00e9chographie m\u00e9dicale - \u00c9chographie Canada","og_description":"Vous pensez \u00e0 \u00e9migrer au Canada? L\u2019Outil d\u2019auto\u00e9valuation de la pr\u00e9paration \u00e0 la pratiqueMC (OAPP) est un outil en ligne qui donne aux \u00e9migrants potentiels une indication sur leur probabilit\u00e9 de satisfaire aux exigences requises pour pratiquer l\u2019\u00e9chographie dans un contexte canadien et d\u2019autres indications sur cette pratique au Canada. Il s\u2019agit d\u2019un outil d\u2019auto\u00e9valuation [&hellip;]","og_url":"https:\/\/sonographycanada.ca\/fr\/agrement\/outil-dautoevaluation-de-la-preparation-a-la-pratique-mc-pour-technologue-en-echographie-medicale","og_site_name":"\u00c9chographie Canada","article_modified_time":"2019-03-30T14:56:34+00:00","twitter_card":"summary_large_image","twitter_misc":{"Est. reading time":"1 minute"},"schema":{"@context":"https:\/\/schema.org","@graph":[{"@type":"WebPage","@id":"https:\/\/sonographycanada.ca\/fr\/agrement\/outil-dautoevaluation-de-la-preparation-a-la-pratique-mc-pour-technologue-en-echographie-medicale","url":"https:\/\/sonographycanada.ca\/fr\/agrement\/outil-dautoevaluation-de-la-preparation-a-la-pratique-mc-pour-technologue-en-echographie-medicale","name":"Outil d\u2019auto\u00e9valuation de la pr\u00e9paration \u00e0 la pratique MC pour technologue en \u00e9chographie m\u00e9dicale - \u00c9chographie Canada","isPartOf":{"@id":"https:\/\/sonographycanada.ca\/#website"},"datePublished":"2019-03-30T14:47:33+00:00","dateModified":"2019-03-30T14:56:34+00:00","breadcrumb":{"@id":"https:\/\/sonographycanada.ca\/fr\/agrement\/outil-dautoevaluation-de-la-preparation-a-la-pratique-mc-pour-technologue-en-echographie-medicale#breadcrumb"},"inLanguage":"fr-FR","potentialAction":[{"@type":"ReadAction","target":["https:\/\/sonographycanada.ca\/fr\/agrement\/outil-dautoevaluation-de-la-preparation-a-la-pratique-mc-pour-technologue-en-echographie-medicale"]}]},{"@type":"BreadcrumbList","@id":"https:\/\/sonographycanada.ca\/fr\/agrement\/outil-dautoevaluation-de-la-preparation-a-la-pratique-mc-pour-technologue-en-echographie-medicale#breadcrumb","itemListElement":[{"@type":"ListItem","position":1,"name":"Accueil","item":"https:\/\/sonographycanada.ca\/fr"},{"@type":"ListItem","position":2,"name":"Certification","item":"https:\/\/sonographycanada.ca\/certification"},{"@type":"ListItem","position":3,"name":"Outil d\u2019auto\u00e9valuation de la pr\u00e9paration \u00e0 la pratique MC pour technologue en \u00e9chographie m\u00e9dicale"}]},{"@type":"WebSite","@id":"https:\/\/sonographycanada.ca\/#website","url":"https:\/\/sonographycanada.ca\/","name":"\u00c9chographie Canada","description":"La voix des \u00e9chographistes m\u00e9dicaux diagnostiques au Canada","potentialAction":[{"@type":"SearchAction","target":{"@type":"EntryPoint","urlTemplate":"https:\/\/sonographycanada.ca\/?s={search_term_string}"},"query-input":{"@type":"PropertyValueSpecification","valueRequired":true,"valueName":"search_term_string"}}],"inLanguage":"fr-FR"}]}},"coauthors":[],"author_meta":{"author_link":"https:\/\/sonographycanada.ca\/fr\/author\/admin","display_name":"Kevin Andrews"},"relative_dates":{"created":"Publi\u00e9 7 years il y a","modified":"Mis \u00e0 jour 7 years il y a"},"absolute_dates":{"created":"Publi\u00e9 le mars 30, 2019","modified":"Mise \u00e0 jour le mars 30, 2019"},"absolute_dates_time":{"created":"Publi\u00e9 le mars 30, 2019 2:47 pm","modified":"Mise \u00e0 jour le mars 30, 2019 2:56 pm"},"featured_img_caption":"","featured_img":false,"series_order":"","_links":{"self":[{"href":"https:\/\/sonographycanada.ca\/fr\/wp-json\/wp\/v2\/pages\/2522"}],"collection":[{"href":"https:\/\/sonographycanada.ca\/fr\/wp-json\/wp\/v2\/pages"}],"about":[{"href":"https:\/\/sonographycanada.ca\/fr\/wp-json\/wp\/v2\/types\/page"}],"author":[{"embeddable":true,"href":"https:\/\/sonographycanada.ca\/fr\/wp-json\/wp\/v2\/users\/1"}],"replies":[{"embeddable":true,"href":"https:\/\/sonographycanada.ca\/fr\/wp-json\/wp\/v2\/comments?post=2522"}],"version-history":[{"count":1,"href":"https:\/\/sonographycanada.ca\/fr\/wp-json\/wp\/v2\/pages\/2522\/revisions"}],"predecessor-version":[{"id":2523,"href":"https:\/\/sonographycanada.ca\/fr\/wp-json\/wp\/v2\/pages\/2522\/revisions\/2523"}],"up":[{"embeddable":true,"href":"https:\/\/sonographycanada.ca\/fr\/wp-json\/wp\/v2\/pages\/526"}],"wp:attachment":[{"href":"https:\/\/sonographycanada.ca\/fr\/wp-json\/wp\/v2\/media?parent=2522"}],"curies":[{"name":"wp","href":"https:\/\/api.w.org\/{rel}","templated":true}]}}