{"id":2528,"date":"2019-03-30T14:49:55","date_gmt":"2019-03-30T14:49:55","guid":{"rendered":"https:\/\/sonographycanada.ca\/?page_id=2528"},"modified":"2019-03-30T14:51:45","modified_gmt":"2019-03-30T14:51:45","slug":"the-michener-insitute-of-education-at-uhn-generalist-sonography-bridging-program-fr","status":"publish","type":"page","link":"https:\/\/sonographycanada.ca\/fr\/agrement\/examens-admission-profession\/the-michener-insitute-of-education-at-uhn-generalist-sonography-bridging-program-fr","title":{"rendered":"The Michener Insitute of Education at UHN\u00ae Generalist Sonography Bridging Program"},"content":{"rendered":"<p>The Ultrasound Scanning Evaluation Bridging Program was formulated to provide an overview of the core skills, scanning protocols, and procedures according to Sonography Canada\u2019s National Competency Profiles for Canadian Registered Generalist Sonographers (CRGS<sup>\u00ae<\/sup>).&nbsp; This course will provide individuals with a general review of scanning techniques, protocols, and patient care skills which can be valuable when preparing to attempt Sonography Canada\u2019s `Canadian Clinical Skills Assessment\u2019 (CCSA)and for in practicing in Canada.<\/p><p>For more information:&nbsp;<a href=\"https:\/\/michener.ca\/program\/bpus\/\" target=\"_blank\" rel=\"noreferrer noopener\">Michener Institute of Education Bridging Program<\/a><\/p>","protected":false},"excerpt":{"rendered":"<p>The Ultrasound Scanning Evaluation Bridging Program was formulated to provide an overview of the core skills, scanning protocols, and procedures according to Sonography Canada\u2019s National Competency Profiles for Canadian Registered Generalist Sonographers (CRGS\u00ae).&nbsp; This course will provide individuals with a general review of scanning techniques, protocols, and patient care skills which can be valuable when [&hellip;]<\/p>\n","protected":false},"author":1,"featured_media":0,"parent":530,"menu_order":100,"comment_status":"closed","ping_status":"closed","template":"","meta":{"_acf_changed":false,"advgb_blocks_editor_width":"","advgb_blocks_columns_visual_guide":"","wicket_organization":"","_seat_count":"","_member_id":[],"_edit_last":"1","_start_date":"","_end_date":"","footnotes":""},"class_list":["post-2528","page","type-page","status-publish","hentry"],"acf":[],"yoast_head":"<!-- This site is optimized with the Yoast SEO plugin v23.5 - https:\/\/yoast.com\/wordpress\/plugins\/seo\/ -->\n<title>The Michener Insitute of Education at UHN\u00ae Generalist Sonography Bridging Program - \u00c9chographie Canada<\/title>\n<meta name=\"robots\" content=\"index, follow, max-snippet:-1, max-image-preview:large, max-video-preview:-1\" \/>\n<link rel=\"canonical\" href=\"https:\/\/sonographycanada.ca\/fr\/agrement\/the-michener-insitute-of-education-at-uhn-generalist-sonography-bridging-program-fr\" \/>\n<meta property=\"og:locale\" content=\"fr_FR\" \/>\n<meta property=\"og:type\" content=\"article\" \/>\n<meta property=\"og:title\" content=\"The Michener Insitute of Education at UHN\u00ae Generalist Sonography Bridging Program - \u00c9chographie Canada\" \/>\n<meta property=\"og:description\" content=\"The Ultrasound Scanning Evaluation Bridging Program was formulated to provide an overview of the core skills, scanning protocols, and procedures according to Sonography Canada\u2019s National Competency Profiles for Canadian Registered Generalist Sonographers (CRGS\u00ae).&nbsp; This course will provide individuals with a general review of scanning techniques, protocols, and patient care skills which can be valuable when [&hellip;]\" \/>\n<meta property=\"og:url\" content=\"https:\/\/sonographycanada.ca\/fr\/agrement\/the-michener-insitute-of-education-at-uhn-generalist-sonography-bridging-program-fr\" \/>\n<meta property=\"og:site_name\" content=\"\u00c9chographie Canada\" \/>\n<meta property=\"article:modified_time\" content=\"2019-03-30T14:51:45+00:00\" \/>\n<meta name=\"twitter:card\" content=\"summary_large_image\" \/>\n<script type=\"application\/ld+json\" class=\"yoast-schema-graph\">{\"@context\":\"https:\/\/schema.org\",\"@graph\":[{\"@type\":\"WebPage\",\"@id\":\"https:\/\/sonographycanada.ca\/fr\/agrement\/the-michener-insitute-of-education-at-uhn-generalist-sonography-bridging-program-fr\",\"url\":\"https:\/\/sonographycanada.ca\/fr\/agrement\/the-michener-insitute-of-education-at-uhn-generalist-sonography-bridging-program-fr\",\"name\":\"The Michener Insitute of Education at UHN\u00ae Generalist Sonography Bridging Program - \u00c9chographie Canada\",\"isPartOf\":{\"@id\":\"https:\/\/sonographycanada.ca\/#website\"},\"datePublished\":\"2019-03-30T14:49:55+00:00\",\"dateModified\":\"2019-03-30T14:51:45+00:00\",\"breadcrumb\":{\"@id\":\"https:\/\/sonographycanada.ca\/fr\/agrement\/the-michener-insitute-of-education-at-uhn-generalist-sonography-bridging-program-fr#breadcrumb\"},\"inLanguage\":\"fr-FR\",\"potentialAction\":[{\"@type\":\"ReadAction\",\"target\":[\"https:\/\/sonographycanada.ca\/fr\/agrement\/the-michener-insitute-of-education-at-uhn-generalist-sonography-bridging-program-fr\"]}]},{\"@type\":\"BreadcrumbList\",\"@id\":\"https:\/\/sonographycanada.ca\/fr\/agrement\/the-michener-insitute-of-education-at-uhn-generalist-sonography-bridging-program-fr#breadcrumb\",\"itemListElement\":[{\"@type\":\"ListItem\",\"position\":1,\"name\":\"Accueil\",\"item\":\"https:\/\/sonographycanada.ca\/fr\"},{\"@type\":\"ListItem\",\"position\":2,\"name\":\"Certification\",\"item\":\"https:\/\/sonographycanada.ca\/certification\"},{\"@type\":\"ListItem\",\"position\":3,\"name\":\"The Michener Insitute of Education at UHN\u00ae Generalist Sonography Bridging Program\"}]},{\"@type\":\"WebSite\",\"@id\":\"https:\/\/sonographycanada.ca\/#website\",\"url\":\"https:\/\/sonographycanada.ca\/\",\"name\":\"\u00c9chographie Canada\",\"description\":\"La voix des \u00e9chographistes m\u00e9dicaux diagnostiques au Canada\",\"potentialAction\":[{\"@type\":\"SearchAction\",\"target\":{\"@type\":\"EntryPoint\",\"urlTemplate\":\"https:\/\/sonographycanada.ca\/?s={search_term_string}\"},\"query-input\":{\"@type\":\"PropertyValueSpecification\",\"valueRequired\":true,\"valueName\":\"search_term_string\"}}],\"inLanguage\":\"fr-FR\"}]}<\/script>\n<!-- \/ Yoast SEO plugin. -->","yoast_head_json":{"title":"The Michener Insitute of Education at UHN\u00ae Generalist Sonography Bridging Program - \u00c9chographie Canada","robots":{"index":"index","follow":"follow","max-snippet":"max-snippet:-1","max-image-preview":"max-image-preview:large","max-video-preview":"max-video-preview:-1"},"canonical":"https:\/\/sonographycanada.ca\/fr\/agrement\/the-michener-insitute-of-education-at-uhn-generalist-sonography-bridging-program-fr","og_locale":"fr_FR","og_type":"article","og_title":"The Michener Insitute of Education at UHN\u00ae Generalist Sonography Bridging Program - \u00c9chographie Canada","og_description":"The Ultrasound Scanning Evaluation Bridging Program was formulated to provide an overview of the core skills, scanning protocols, and procedures according to Sonography Canada\u2019s National Competency Profiles for Canadian Registered Generalist Sonographers (CRGS\u00ae).&nbsp; This course will provide individuals with a general review of scanning techniques, protocols, and patient care skills which can be valuable when [&hellip;]","og_url":"https:\/\/sonographycanada.ca\/fr\/agrement\/the-michener-insitute-of-education-at-uhn-generalist-sonography-bridging-program-fr","og_site_name":"\u00c9chographie Canada","article_modified_time":"2019-03-30T14:51:45+00:00","twitter_card":"summary_large_image","schema":{"@context":"https:\/\/schema.org","@graph":[{"@type":"WebPage","@id":"https:\/\/sonographycanada.ca\/fr\/agrement\/the-michener-insitute-of-education-at-uhn-generalist-sonography-bridging-program-fr","url":"https:\/\/sonographycanada.ca\/fr\/agrement\/the-michener-insitute-of-education-at-uhn-generalist-sonography-bridging-program-fr","name":"The Michener Insitute of Education at UHN\u00ae Generalist Sonography Bridging Program - \u00c9chographie Canada","isPartOf":{"@id":"https:\/\/sonographycanada.ca\/#website"},"datePublished":"2019-03-30T14:49:55+00:00","dateModified":"2019-03-30T14:51:45+00:00","breadcrumb":{"@id":"https:\/\/sonographycanada.ca\/fr\/agrement\/the-michener-insitute-of-education-at-uhn-generalist-sonography-bridging-program-fr#breadcrumb"},"inLanguage":"fr-FR","potentialAction":[{"@type":"ReadAction","target":["https:\/\/sonographycanada.ca\/fr\/agrement\/the-michener-insitute-of-education-at-uhn-generalist-sonography-bridging-program-fr"]}]},{"@type":"BreadcrumbList","@id":"https:\/\/sonographycanada.ca\/fr\/agrement\/the-michener-insitute-of-education-at-uhn-generalist-sonography-bridging-program-fr#breadcrumb","itemListElement":[{"@type":"ListItem","position":1,"name":"Accueil","item":"https:\/\/sonographycanada.ca\/fr"},{"@type":"ListItem","position":2,"name":"Certification","item":"https:\/\/sonographycanada.ca\/certification"},{"@type":"ListItem","position":3,"name":"The Michener Insitute of Education at UHN\u00ae Generalist Sonography Bridging Program"}]},{"@type":"WebSite","@id":"https:\/\/sonographycanada.ca\/#website","url":"https:\/\/sonographycanada.ca\/","name":"\u00c9chographie Canada","description":"La voix des \u00e9chographistes m\u00e9dicaux diagnostiques au Canada","potentialAction":[{"@type":"SearchAction","target":{"@type":"EntryPoint","urlTemplate":"https:\/\/sonographycanada.ca\/?s={search_term_string}"},"query-input":{"@type":"PropertyValueSpecification","valueRequired":true,"valueName":"search_term_string"}}],"inLanguage":"fr-FR"}]}},"coauthors":[],"author_meta":{"author_link":"https:\/\/sonographycanada.ca\/fr\/author\/admin","display_name":"Kevin Andrews"},"relative_dates":{"created":"Publi\u00e9 7 years il y a","modified":"Mis \u00e0 jour 7 years il y a"},"absolute_dates":{"created":"Publi\u00e9 le mars 30, 2019","modified":"Mise \u00e0 jour le mars 30, 2019"},"absolute_dates_time":{"created":"Publi\u00e9 le mars 30, 2019 2:49 pm","modified":"Mise \u00e0 jour le mars 30, 2019 2:51 pm"},"featured_img_caption":"","featured_img":false,"series_order":"","_links":{"self":[{"href":"https:\/\/sonographycanada.ca\/fr\/wp-json\/wp\/v2\/pages\/2528"}],"collection":[{"href":"https:\/\/sonographycanada.ca\/fr\/wp-json\/wp\/v2\/pages"}],"about":[{"href":"https:\/\/sonographycanada.ca\/fr\/wp-json\/wp\/v2\/types\/page"}],"author":[{"embeddable":true,"href":"https:\/\/sonographycanada.ca\/fr\/wp-json\/wp\/v2\/users\/1"}],"replies":[{"embeddable":true,"href":"https:\/\/sonographycanada.ca\/fr\/wp-json\/wp\/v2\/comments?post=2528"}],"version-history":[{"count":1,"href":"https:\/\/sonographycanada.ca\/fr\/wp-json\/wp\/v2\/pages\/2528\/revisions"}],"predecessor-version":[{"id":2529,"href":"https:\/\/sonographycanada.ca\/fr\/wp-json\/wp\/v2\/pages\/2528\/revisions\/2529"}],"up":[{"embeddable":true,"href":"https:\/\/sonographycanada.ca\/fr\/wp-json\/wp\/v2\/pages\/530"}],"wp:attachment":[{"href":"https:\/\/sonographycanada.ca\/fr\/wp-json\/wp\/v2\/media?parent=2528"}],"curies":[{"name":"wp","href":"https:\/\/api.w.org\/{rel}","templated":true}]}}