{"id":2622,"date":"2019-04-05T14:52:36","date_gmt":"2019-04-05T14:52:36","guid":{"rendered":"https:\/\/sonographycanada.ca\/?page_id=2622"},"modified":"2025-02-07T11:36:41","modified_gmt":"2025-02-07T16:36:41","slug":"formulaires","status":"publish","type":"page","link":"https:\/\/sonographycanada.ca\/fr\/agrement\/examens-admission-profession\/formulaires","title":{"rendered":"Demandes et formulaires"},"content":{"rendered":"<p>Veuillez consulter le&nbsp;<a href=\"https:\/\/sonographycanada.ca\/app\/uploads\/2025\/02\/Candidate-Guide-FR-Feb-2024.pdf\" target=\"_blank\" rel=\"noreferrer noopener\">Guide du candidat<\/a>&nbsp;d\u2019\u00c9chographie Canada avant de faire une demande d\u2019examen ou de se pr\u00e9senter \u00e0 un examen.&nbsp;Pour toute date examens et date limit\u00e9s de l&#8217;\u00c9chographie Canada cliquer&nbsp;<a aria-label=\"Date Examens (opens in a new tab)\" href=\"https:\/\/sonographycanada.ca\/fr\/agrement\/examens-admission-profession\/dates-et-horaires\" target=\"_blank\" rel=\"noreferrer noopener\">Date Examens<\/a>.<\/p><h2 class=\"wp-block-heading\">Formulaires de demande pour les dipl\u00f4m\u00e9s de l&#8217;agr\u00e9ment Canada<\/h2><p>Nota : Toutes les exigences du titre de comp\u00e9tence doivent \u00eatre satisfaites dans les quatre ans suivant la fin du programme, en conformit\u00e9 avec la <a rel=\"noreferrer noopener\" aria-label=\"Politique d\u2019admissibilit\u00e9 (opens in a new tab)\" href=\"https:\/\/sonographycanada.ca\/fr\/agrement\/candidats-diplomes-de-programmes-accredites-toute-les-autres-externe\" target=\"_blank\">Politique d\u2019admissibilit\u00e9<\/a>.<\/p><p>Les demandes remplies peuvent \u00eatre transmises par courriel : <a href=\"mailto:examinfo@sonographycanada.ca\" target=\"_blank\" rel=\"noreferrer noopener\" aria-label=\"examinfo@sonographycanada.ca (opens in a new tab)\">examinfo@sonographycanada.ca<\/a><\/p><h4 class=\"wp-block-heading\">Formulaires additionnels<\/h4><p><\/p><ul class=\"wp-block-list\"><li><a aria-label=\" (opens in a new tab)\" href=\"https:\/\/sonographycanada.ca\/app\/uploads\/2020\/01\/Fillable-Withdrawal-FR-May2020.pdf\" target=\"_blank\" rel=\"noreferrer noopener\">Retrait de l\u2019examen et remboursement<\/a><\/li>\n\n<li><a aria-label=\"Demande de r\u00e9vision des r\u00e9sultats de l\u2019examen (opens in a new tab)\" href=\"https:\/\/sonographycanada.ca\/app\/uploads\/2019\/09\/Appeals-Form-FR.pdf\" target=\"_blank\" rel=\"noreferrer noopener\">Demande de r\u00e9vision des r\u00e9sultats de l\u2019examen<\/a><\/li>\n\n<li><a aria-label=\"Demande de r\u00e9vision des r\u00e9sultats de la CCSA (opens in a new tab)\" href=\"https:\/\/sonographycanada.ca\/app\/uploads\/2019\/04\/CCSA-Appeals-Request-Form-Fillable.pdf\" target=\"_blank\" rel=\"noreferrer noopener\">Demande de r\u00e9vision des r\u00e9sultats de la CCSA<\/a> (anglais seulement)<\/li><\/ul><p>Veuillez envoyer fomulaire par courriel \u00e0 <br><a rel=\"noreferrer noopener\" aria-label=\"examinfo@sonographycanada.ca (opens in a new tab)\" href=\"mailto:examinfo@sonographycanada.ca\" target=\"_blank\">examinfo@sonographycanada.ca<\/a> <br>ou par t\u00e9l\u00e9copieur : 1-888-743-2952 <\/p>","protected":false},"excerpt":{"rendered":"<p>Veuillez consulter le&nbsp;Guide du candidat&nbsp;d\u2019\u00c9chographie Canada avant de faire une demande d\u2019examen ou de se pr\u00e9senter \u00e0 un examen.&nbsp;Pour toute date examens et date limit\u00e9s de l&#8217;\u00c9chographie Canada cliquer&nbsp;Date Examens. Formulaires de demande pour les dipl\u00f4m\u00e9s de l&#8217;agr\u00e9ment Canada Nota : Toutes les exigences du titre de comp\u00e9tence doivent \u00eatre satisfaites dans les quatre ans [&hellip;]<\/p>\n","protected":false},"author":25,"featured_media":0,"parent":530,"menu_order":0,"comment_status":"closed","ping_status":"closed","template":"","meta":{"_acf_changed":false,"advgb_blocks_editor_width":"","advgb_blocks_columns_visual_guide":"","wicket_organization":"","_seat_count":"","_member_id":[],"_edit_last":"11984","_start_date":"","_end_date":"","footnotes":""},"class_list":["post-2622","page","type-page","status-publish","hentry"],"acf":[],"yoast_head":"<!-- This site is optimized with the Yoast SEO plugin v23.5 - https:\/\/yoast.com\/wordpress\/plugins\/seo\/ -->\n<title>Demandes et formulaires - \u00c9chographie Canada<\/title>\n<meta name=\"robots\" content=\"index, follow, max-snippet:-1, max-image-preview:large, max-video-preview:-1\" \/>\n<link rel=\"canonical\" href=\"https:\/\/sonographycanada.ca\/fr\/agrement\/examens-admission-profession\/formulaires\" \/>\n<meta property=\"og:locale\" content=\"fr_FR\" \/>\n<meta property=\"og:type\" content=\"article\" \/>\n<meta property=\"og:title\" content=\"Demandes et formulaires - \u00c9chographie Canada\" \/>\n<meta property=\"og:description\" content=\"Veuillez consulter le&nbsp;Guide du candidat&nbsp;d\u2019\u00c9chographie Canada avant de faire une demande d\u2019examen ou de se pr\u00e9senter \u00e0 un examen.&nbsp;Pour toute date examens et date limit\u00e9s de l&#8217;\u00c9chographie Canada cliquer&nbsp;Date Examens. Formulaires de demande pour les dipl\u00f4m\u00e9s de l&#8217;agr\u00e9ment Canada Nota : Toutes les exigences du titre de comp\u00e9tence doivent \u00eatre satisfaites dans les quatre ans [&hellip;]\" \/>\n<meta property=\"og:url\" content=\"https:\/\/sonographycanada.ca\/fr\/agrement\/examens-admission-profession\/formulaires\" \/>\n<meta property=\"og:site_name\" content=\"\u00c9chographie Canada\" \/>\n<meta property=\"article:modified_time\" content=\"2025-02-07T16:36:41+00:00\" \/>\n<meta name=\"twitter:card\" content=\"summary_large_image\" \/>\n<meta name=\"twitter:label1\" content=\"Est. reading time\" \/>\n\t<meta name=\"twitter:data1\" content=\"1 minute\" \/>\n<script type=\"application\/ld+json\" class=\"yoast-schema-graph\">{\"@context\":\"https:\/\/schema.org\",\"@graph\":[{\"@type\":\"WebPage\",\"@id\":\"https:\/\/sonographycanada.ca\/fr\/agrement\/examens-admission-profession\/formulaires\",\"url\":\"https:\/\/sonographycanada.ca\/fr\/agrement\/examens-admission-profession\/formulaires\",\"name\":\"Demandes et formulaires - \u00c9chographie Canada\",\"isPartOf\":{\"@id\":\"https:\/\/sonographycanada.ca\/#website\"},\"datePublished\":\"2019-04-05T14:52:36+00:00\",\"dateModified\":\"2025-02-07T16:36:41+00:00\",\"breadcrumb\":{\"@id\":\"https:\/\/sonographycanada.ca\/fr\/agrement\/examens-admission-profession\/formulaires#breadcrumb\"},\"inLanguage\":\"fr-FR\",\"potentialAction\":[{\"@type\":\"ReadAction\",\"target\":[\"https:\/\/sonographycanada.ca\/fr\/agrement\/examens-admission-profession\/formulaires\"]}]},{\"@type\":\"BreadcrumbList\",\"@id\":\"https:\/\/sonographycanada.ca\/fr\/agrement\/examens-admission-profession\/formulaires#breadcrumb\",\"itemListElement\":[{\"@type\":\"ListItem\",\"position\":1,\"name\":\"Accueil\",\"item\":\"https:\/\/sonographycanada.ca\/fr\"},{\"@type\":\"ListItem\",\"position\":2,\"name\":\"Certification\",\"item\":\"https:\/\/sonographycanada.ca\/certification\"},{\"@type\":\"ListItem\",\"position\":3,\"name\":\"Examens d&#8217;admission \u00e0 la profession\",\"item\":\"https:\/\/sonographycanada.ca\/fr\/agrement\/examens-admission-profession\"},{\"@type\":\"ListItem\",\"position\":4,\"name\":\"Demandes et formulaires\"}]},{\"@type\":\"WebSite\",\"@id\":\"https:\/\/sonographycanada.ca\/#website\",\"url\":\"https:\/\/sonographycanada.ca\/\",\"name\":\"\u00c9chographie Canada\",\"description\":\"La voix des \u00e9chographistes m\u00e9dicaux diagnostiques au Canada\",\"potentialAction\":[{\"@type\":\"SearchAction\",\"target\":{\"@type\":\"EntryPoint\",\"urlTemplate\":\"https:\/\/sonographycanada.ca\/?s={search_term_string}\"},\"query-input\":{\"@type\":\"PropertyValueSpecification\",\"valueRequired\":true,\"valueName\":\"search_term_string\"}}],\"inLanguage\":\"fr-FR\"}]}<\/script>\n<!-- \/ Yoast SEO plugin. -->","yoast_head_json":{"title":"Demandes et formulaires - \u00c9chographie Canada","robots":{"index":"index","follow":"follow","max-snippet":"max-snippet:-1","max-image-preview":"max-image-preview:large","max-video-preview":"max-video-preview:-1"},"canonical":"https:\/\/sonographycanada.ca\/fr\/agrement\/examens-admission-profession\/formulaires","og_locale":"fr_FR","og_type":"article","og_title":"Demandes et formulaires - \u00c9chographie Canada","og_description":"Veuillez consulter le&nbsp;Guide du candidat&nbsp;d\u2019\u00c9chographie Canada avant de faire une demande d\u2019examen ou de se pr\u00e9senter \u00e0 un examen.&nbsp;Pour toute date examens et date limit\u00e9s de l&#8217;\u00c9chographie Canada cliquer&nbsp;Date Examens. Formulaires de demande pour les dipl\u00f4m\u00e9s de l&#8217;agr\u00e9ment Canada Nota : Toutes les exigences du titre de comp\u00e9tence doivent \u00eatre satisfaites dans les quatre ans [&hellip;]","og_url":"https:\/\/sonographycanada.ca\/fr\/agrement\/examens-admission-profession\/formulaires","og_site_name":"\u00c9chographie Canada","article_modified_time":"2025-02-07T16:36:41+00:00","twitter_card":"summary_large_image","twitter_misc":{"Est. reading time":"1 minute"},"schema":{"@context":"https:\/\/schema.org","@graph":[{"@type":"WebPage","@id":"https:\/\/sonographycanada.ca\/fr\/agrement\/examens-admission-profession\/formulaires","url":"https:\/\/sonographycanada.ca\/fr\/agrement\/examens-admission-profession\/formulaires","name":"Demandes et formulaires - \u00c9chographie Canada","isPartOf":{"@id":"https:\/\/sonographycanada.ca\/#website"},"datePublished":"2019-04-05T14:52:36+00:00","dateModified":"2025-02-07T16:36:41+00:00","breadcrumb":{"@id":"https:\/\/sonographycanada.ca\/fr\/agrement\/examens-admission-profession\/formulaires#breadcrumb"},"inLanguage":"fr-FR","potentialAction":[{"@type":"ReadAction","target":["https:\/\/sonographycanada.ca\/fr\/agrement\/examens-admission-profession\/formulaires"]}]},{"@type":"BreadcrumbList","@id":"https:\/\/sonographycanada.ca\/fr\/agrement\/examens-admission-profession\/formulaires#breadcrumb","itemListElement":[{"@type":"ListItem","position":1,"name":"Accueil","item":"https:\/\/sonographycanada.ca\/fr"},{"@type":"ListItem","position":2,"name":"Certification","item":"https:\/\/sonographycanada.ca\/certification"},{"@type":"ListItem","position":3,"name":"Examens d&#8217;admission \u00e0 la profession","item":"https:\/\/sonographycanada.ca\/fr\/agrement\/examens-admission-profession"},{"@type":"ListItem","position":4,"name":"Demandes et formulaires"}]},{"@type":"WebSite","@id":"https:\/\/sonographycanada.ca\/#website","url":"https:\/\/sonographycanada.ca\/","name":"\u00c9chographie Canada","description":"La voix des \u00e9chographistes m\u00e9dicaux diagnostiques au Canada","potentialAction":[{"@type":"SearchAction","target":{"@type":"EntryPoint","urlTemplate":"https:\/\/sonographycanada.ca\/?s={search_term_string}"},"query-input":{"@type":"PropertyValueSpecification","valueRequired":true,"valueName":"search_term_string"}}],"inLanguage":"fr-FR"}]}},"coauthors":[],"author_meta":{"author_link":"https:\/\/sonographycanada.ca\/fr\/author\/7da97494-f008-4dd0-9aa4-19abd9df45f9","display_name":"Wicket Admin"},"relative_dates":{"created":"Publi\u00e9 7 years il y a","modified":"Mis \u00e0 jour 1 year il y a"},"absolute_dates":{"created":"Publi\u00e9 le avril 5, 2019","modified":"Mise \u00e0 jour le f\u00e9vrier 7, 2025"},"absolute_dates_time":{"created":"Publi\u00e9 le avril 5, 2019 2:52 pm","modified":"Mise \u00e0 jour le f\u00e9vrier 7, 2025 11:36 am"},"featured_img_caption":"","featured_img":false,"series_order":"","_links":{"self":[{"href":"https:\/\/sonographycanada.ca\/fr\/wp-json\/wp\/v2\/pages\/2622"}],"collection":[{"href":"https:\/\/sonographycanada.ca\/fr\/wp-json\/wp\/v2\/pages"}],"about":[{"href":"https:\/\/sonographycanada.ca\/fr\/wp-json\/wp\/v2\/types\/page"}],"author":[{"embeddable":true,"href":"https:\/\/sonographycanada.ca\/fr\/wp-json\/wp\/v2\/users\/25"}],"replies":[{"embeddable":true,"href":"https:\/\/sonographycanada.ca\/fr\/wp-json\/wp\/v2\/comments?post=2622"}],"version-history":[{"count":20,"href":"https:\/\/sonographycanada.ca\/fr\/wp-json\/wp\/v2\/pages\/2622\/revisions"}],"predecessor-version":[{"id":260032,"href":"https:\/\/sonographycanada.ca\/fr\/wp-json\/wp\/v2\/pages\/2622\/revisions\/260032"}],"up":[{"embeddable":true,"href":"https:\/\/sonographycanada.ca\/fr\/wp-json\/wp\/v2\/pages\/530"}],"wp:attachment":[{"href":"https:\/\/sonographycanada.ca\/fr\/wp-json\/wp\/v2\/media?parent=2622"}],"curies":[{"name":"wp","href":"https:\/\/api.w.org\/{rel}","templated":true}]}}