{"id":2664,"date":"2019-04-05T15:58:23","date_gmt":"2019-04-05T15:58:23","guid":{"rendered":"https:\/\/sonographycanada.ca\/?page_id=2664"},"modified":"2024-12-11T15:49:44","modified_gmt":"2024-12-11T20:49:44","slug":"directives-sur-les-pratiques-professionelles","status":"publish","type":"page","link":"https:\/\/sonographycanada.ca\/fr\/adhesion\/directives-sur-les-pratiques-professionelles","title":{"rendered":"Directives sur les pratiques professionelles"},"content":{"rendered":"<p><a aria-label=\"T\u00e9l\u00e9chargez les lignes directrices de la pratique professionnelle pour 2018\u00a0: \u00a0 (opens in a new tab)\" href=\"https:\/\/sonographycanada.ca\/app\/uploads\/2019\/11\/PPGuideline-and-Policies-Sept-2018-FINALFRE.pdf\" target=\"_blank\" rel=\"noreferrer noopener\">T\u00e9l\u00e9chargez les lignes directrices de pratique professionnelle et politiques<\/a><br><br><a href=\"https:\/\/sonographycanada.ca\/app\/uploads\/2024\/12\/2025-Ultrasound-Examination-Scheduling-and-Time-Allotments.pdf\">T\u00e9l\u00e9chargez l&#8217;\u00e9nonc\u00e9 de position sur la gestion des horaires d&#8217;examens \u00e9chographiques et attribution des plages horaires<\/a><\/p><p>Les lignes directrices de la pratique professionnelle d\u2019\u00c9chographie Canada servent de normes de d\u00e9but de carri\u00e8re pour les \u00e9chographistes canadiens afin d\u2019offrir des soins s\u00e9curitaires, efficaces, exceptionnels et \u00e9thiques aux patients. Elles sont fond\u00e9es sur les profils nationaux de comp\u00e9tence d\u2019\u00c9chographie Canada, les sondages nationaux sur la pratique et l\u2019examen fait des normes et des lignes directrices nationales et internationales. Elles devraient servir de r\u00e9f\u00e9rence pour les lignes directrices des lieux de travail canadiens.<\/p><p>Ces politiques, \u00e9nonc\u00e9s de position et lignes directrices en mati\u00e8re de pratique ax\u00e9s sur les faits s\u2019adressent aux \u00e9chographistes praticiens, aux enseignants et aux employeurs et visent \u00e0 assurer la pratique exceptionnelle, s\u00e9curitaire et \u00e9thique de la profession d\u2019\u00e9chographiste, \u00e0 l\u2019\u00e9chelle du Canada.<\/p><p>On incite fortement les employeurs \u00e0 int\u00e9grer ces politiques, \u00e9nonc\u00e9s de position et lignes directrices de pratique professionnelle \u00e0 leurs propres documents de travail ou \u00e0 faire mention de ceux-ci. \u00c9chographie Canada est fi\u00e8re de faciliter ce processus en pla\u00e7ant gratuitement ses politiques, \u00e9nonc\u00e9s de position et lignes directrices pour l\u2019exercice de la profession sur son site Web. Il est aussi possible de demander ces documents en \u00e9crivant \u00e0 l\u2019adresse <a>profpractice@sonographycanada.ca<\/a>. &nbsp;<\/p><h2 class=\"wp-block-heading\"><\/h2>","protected":false},"excerpt":{"rendered":"<p>T\u00e9l\u00e9chargez les lignes directrices de pratique professionnelle et politiques T\u00e9l\u00e9chargez l&#8217;\u00e9nonc\u00e9 de position sur la gestion des horaires d&#8217;examens \u00e9chographiques et attribution des plages horaires Les lignes directrices de la pratique professionnelle d\u2019\u00c9chographie Canada servent de normes de d\u00e9but de carri\u00e8re pour les \u00e9chographistes canadiens afin d\u2019offrir des soins s\u00e9curitaires, efficaces, exceptionnels et \u00e9thiques aux [&hellip;]<\/p>\n","protected":false},"author":25,"featured_media":0,"parent":516,"menu_order":0,"comment_status":"closed","ping_status":"closed","template":"","meta":{"_acf_changed":false,"advgb_blocks_editor_width":"","advgb_blocks_columns_visual_guide":"","wicket_organization":"","_seat_count":"","_member_id":[],"_edit_last":"31","_start_date":"","_end_date":"","footnotes":""},"class_list":["post-2664","page","type-page","status-publish","hentry"],"acf":[],"yoast_head":"<!-- This site is optimized with the Yoast SEO plugin v23.5 - https:\/\/yoast.com\/wordpress\/plugins\/seo\/ -->\n<title>Directives sur les pratiques professionelles - \u00c9chographie Canada<\/title>\n<meta name=\"robots\" content=\"index, follow, max-snippet:-1, max-image-preview:large, max-video-preview:-1\" \/>\n<link rel=\"canonical\" href=\"https:\/\/sonographycanada.ca\/fr\/adhesion\/directives-sur-les-pratiques-professionelles\" \/>\n<meta property=\"og:locale\" content=\"fr_FR\" \/>\n<meta property=\"og:type\" content=\"article\" \/>\n<meta property=\"og:title\" content=\"Directives sur les pratiques professionelles - \u00c9chographie Canada\" \/>\n<meta property=\"og:description\" content=\"T\u00e9l\u00e9chargez les lignes directrices de pratique professionnelle et politiques T\u00e9l\u00e9chargez l&#8217;\u00e9nonc\u00e9 de position sur la gestion des horaires d&#8217;examens \u00e9chographiques et attribution des plages horaires Les lignes directrices de la pratique professionnelle d\u2019\u00c9chographie Canada servent de normes de d\u00e9but de carri\u00e8re pour les \u00e9chographistes canadiens afin d\u2019offrir des soins s\u00e9curitaires, efficaces, exceptionnels et \u00e9thiques aux [&hellip;]\" \/>\n<meta property=\"og:url\" content=\"https:\/\/sonographycanada.ca\/fr\/adhesion\/directives-sur-les-pratiques-professionelles\" \/>\n<meta property=\"og:site_name\" content=\"\u00c9chographie Canada\" \/>\n<meta property=\"article:modified_time\" content=\"2024-12-11T20:49:44+00:00\" \/>\n<meta name=\"twitter:card\" content=\"summary_large_image\" \/>\n<meta name=\"twitter:label1\" content=\"Est. reading time\" \/>\n\t<meta name=\"twitter:data1\" content=\"1 minute\" \/>\n<script type=\"application\/ld+json\" class=\"yoast-schema-graph\">{\"@context\":\"https:\/\/schema.org\",\"@graph\":[{\"@type\":\"WebPage\",\"@id\":\"https:\/\/sonographycanada.ca\/fr\/adhesion\/directives-sur-les-pratiques-professionelles\",\"url\":\"https:\/\/sonographycanada.ca\/fr\/adhesion\/directives-sur-les-pratiques-professionelles\",\"name\":\"Directives sur les pratiques professionelles - \u00c9chographie Canada\",\"isPartOf\":{\"@id\":\"https:\/\/sonographycanada.ca\/#website\"},\"datePublished\":\"2019-04-05T15:58:23+00:00\",\"dateModified\":\"2024-12-11T20:49:44+00:00\",\"breadcrumb\":{\"@id\":\"https:\/\/sonographycanada.ca\/fr\/adhesion\/directives-sur-les-pratiques-professionelles#breadcrumb\"},\"inLanguage\":\"fr-FR\",\"potentialAction\":[{\"@type\":\"ReadAction\",\"target\":[\"https:\/\/sonographycanada.ca\/fr\/adhesion\/directives-sur-les-pratiques-professionelles\"]}]},{\"@type\":\"BreadcrumbList\",\"@id\":\"https:\/\/sonographycanada.ca\/fr\/adhesion\/directives-sur-les-pratiques-professionelles#breadcrumb\",\"itemListElement\":[{\"@type\":\"ListItem\",\"position\":1,\"name\":\"Accueil\",\"item\":\"https:\/\/sonographycanada.ca\/fr\"},{\"@type\":\"ListItem\",\"position\":2,\"name\":\"Adh\u00e9sion\",\"item\":\"https:\/\/sonographycanada.ca\/fr\/adhesion\"},{\"@type\":\"ListItem\",\"position\":3,\"name\":\"Directives sur les pratiques professionelles\"}]},{\"@type\":\"WebSite\",\"@id\":\"https:\/\/sonographycanada.ca\/#website\",\"url\":\"https:\/\/sonographycanada.ca\/\",\"name\":\"\u00c9chographie Canada\",\"description\":\"La voix des \u00e9chographistes m\u00e9dicaux diagnostiques au Canada\",\"potentialAction\":[{\"@type\":\"SearchAction\",\"target\":{\"@type\":\"EntryPoint\",\"urlTemplate\":\"https:\/\/sonographycanada.ca\/?s={search_term_string}\"},\"query-input\":{\"@type\":\"PropertyValueSpecification\",\"valueRequired\":true,\"valueName\":\"search_term_string\"}}],\"inLanguage\":\"fr-FR\"}]}<\/script>\n<!-- \/ Yoast SEO plugin. -->","yoast_head_json":{"title":"Directives sur les pratiques professionelles - \u00c9chographie Canada","robots":{"index":"index","follow":"follow","max-snippet":"max-snippet:-1","max-image-preview":"max-image-preview:large","max-video-preview":"max-video-preview:-1"},"canonical":"https:\/\/sonographycanada.ca\/fr\/adhesion\/directives-sur-les-pratiques-professionelles","og_locale":"fr_FR","og_type":"article","og_title":"Directives sur les pratiques professionelles - \u00c9chographie Canada","og_description":"T\u00e9l\u00e9chargez les lignes directrices de pratique professionnelle et politiques T\u00e9l\u00e9chargez l&#8217;\u00e9nonc\u00e9 de position sur la gestion des horaires d&#8217;examens \u00e9chographiques et attribution des plages horaires Les lignes directrices de la pratique professionnelle d\u2019\u00c9chographie Canada servent de normes de d\u00e9but de carri\u00e8re pour les \u00e9chographistes canadiens afin d\u2019offrir des soins s\u00e9curitaires, efficaces, exceptionnels et \u00e9thiques aux [&hellip;]","og_url":"https:\/\/sonographycanada.ca\/fr\/adhesion\/directives-sur-les-pratiques-professionelles","og_site_name":"\u00c9chographie Canada","article_modified_time":"2024-12-11T20:49:44+00:00","twitter_card":"summary_large_image","twitter_misc":{"Est. reading time":"1 minute"},"schema":{"@context":"https:\/\/schema.org","@graph":[{"@type":"WebPage","@id":"https:\/\/sonographycanada.ca\/fr\/adhesion\/directives-sur-les-pratiques-professionelles","url":"https:\/\/sonographycanada.ca\/fr\/adhesion\/directives-sur-les-pratiques-professionelles","name":"Directives sur les pratiques professionelles - \u00c9chographie Canada","isPartOf":{"@id":"https:\/\/sonographycanada.ca\/#website"},"datePublished":"2019-04-05T15:58:23+00:00","dateModified":"2024-12-11T20:49:44+00:00","breadcrumb":{"@id":"https:\/\/sonographycanada.ca\/fr\/adhesion\/directives-sur-les-pratiques-professionelles#breadcrumb"},"inLanguage":"fr-FR","potentialAction":[{"@type":"ReadAction","target":["https:\/\/sonographycanada.ca\/fr\/adhesion\/directives-sur-les-pratiques-professionelles"]}]},{"@type":"BreadcrumbList","@id":"https:\/\/sonographycanada.ca\/fr\/adhesion\/directives-sur-les-pratiques-professionelles#breadcrumb","itemListElement":[{"@type":"ListItem","position":1,"name":"Accueil","item":"https:\/\/sonographycanada.ca\/fr"},{"@type":"ListItem","position":2,"name":"Adh\u00e9sion","item":"https:\/\/sonographycanada.ca\/fr\/adhesion"},{"@type":"ListItem","position":3,"name":"Directives sur les pratiques professionelles"}]},{"@type":"WebSite","@id":"https:\/\/sonographycanada.ca\/#website","url":"https:\/\/sonographycanada.ca\/","name":"\u00c9chographie Canada","description":"La voix des \u00e9chographistes m\u00e9dicaux diagnostiques au Canada","potentialAction":[{"@type":"SearchAction","target":{"@type":"EntryPoint","urlTemplate":"https:\/\/sonographycanada.ca\/?s={search_term_string}"},"query-input":{"@type":"PropertyValueSpecification","valueRequired":true,"valueName":"search_term_string"}}],"inLanguage":"fr-FR"}]}},"coauthors":[],"author_meta":{"author_link":"https:\/\/sonographycanada.ca\/fr\/author\/7da97494-f008-4dd0-9aa4-19abd9df45f9","display_name":"Wicket Admin"},"relative_dates":{"created":"Publi\u00e9 7 years il y a","modified":"Mis \u00e0 jour 1 year il y a"},"absolute_dates":{"created":"Publi\u00e9 le avril 5, 2019","modified":"Mise \u00e0 jour le d\u00e9cembre 11, 2024"},"absolute_dates_time":{"created":"Publi\u00e9 le avril 5, 2019 3:58 pm","modified":"Mise \u00e0 jour le d\u00e9cembre 11, 2024 3:49 pm"},"featured_img_caption":"","featured_img":false,"series_order":"","_links":{"self":[{"href":"https:\/\/sonographycanada.ca\/fr\/wp-json\/wp\/v2\/pages\/2664"}],"collection":[{"href":"https:\/\/sonographycanada.ca\/fr\/wp-json\/wp\/v2\/pages"}],"about":[{"href":"https:\/\/sonographycanada.ca\/fr\/wp-json\/wp\/v2\/types\/page"}],"author":[{"embeddable":true,"href":"https:\/\/sonographycanada.ca\/fr\/wp-json\/wp\/v2\/users\/25"}],"replies":[{"embeddable":true,"href":"https:\/\/sonographycanada.ca\/fr\/wp-json\/wp\/v2\/comments?post=2664"}],"version-history":[{"count":13,"href":"https:\/\/sonographycanada.ca\/fr\/wp-json\/wp\/v2\/pages\/2664\/revisions"}],"predecessor-version":[{"id":254420,"href":"https:\/\/sonographycanada.ca\/fr\/wp-json\/wp\/v2\/pages\/2664\/revisions\/254420"}],"up":[{"embeddable":true,"href":"https:\/\/sonographycanada.ca\/fr\/wp-json\/wp\/v2\/pages\/516"}],"wp:attachment":[{"href":"https:\/\/sonographycanada.ca\/fr\/wp-json\/wp\/v2\/media?parent=2664"}],"curies":[{"name":"wp","href":"https:\/\/api.w.org\/{rel}","templated":true}]}}