{"id":2924,"date":"2019-04-15T19:51:15","date_gmt":"2019-04-15T19:51:15","guid":{"rendered":"https:\/\/sonographycanada.ca\/?page_id=2924"},"modified":"2021-11-17T17:06:51","modified_gmt":"2021-11-17T17:06:51","slug":"systeme-de-declaration-dpc","status":"publish","type":"page","link":"https:\/\/sonographycanada.ca\/fr\/membres\/systeme-de-declaration-dpc","title":{"rendered":"Syst\u00e8me de d\u00e9claration du DPC"},"content":{"rendered":"<p>Afin de vous aider \u00e0 suivre votre progr\u00e8s en\nmati\u00e8re d\u2019accumulation de cr\u00e9dits de d\u00e9veloppement professionnel continu (DPC),\n\u00c9chographie Canada a d\u00e9velopp\u00e9 un syst\u00e8me de d\u00e9claration du DPC en ligne,\naccessible \u00e0 partir de votre profil\/compte de membre, qui vous permet de&nbsp;:<\/p><ul class=\"wp-block-list\"><li>voir les\ncr\u00e9dits et certificats que vous avez acquis depuis mai 2016;<\/li><li>t\u00e9l\u00e9charger\net imprimer les certificats de confirmation pour tous les cr\u00e9dits r\u00e9clam\u00e9s sur\nle nouveau syst\u00e8me de d\u00e9claration du DPC;<\/li><li>confirmer la\ndate de votre triennat de DPC;<\/li><li>confirmer le\nnombre de cr\u00e9dits accumul\u00e9s envers votre triennat actuel.<\/li><\/ul><h3 class=\"wp-block-heading\"><strong>T\u00e9l\u00e9charger vos\ncertificats<\/strong><strong><\/strong><\/h3><p>Acc\u00e9dez au <a href=\"https:\/\/sonographycanada.ca\/professional-development\/track-credits\"><strong>syst\u00e8me\nde d\u00e9claration du DPC d\u2019\u00c9chographie Canada<\/strong><\/a> disponible \u00e0 partir de la section du site internet r\u00e9serv\u00e9 aux membres.<\/p><p>Il est possible d\u2019obtenir des certificats pour les activit\u00e9s <em>fond\u00e9es sur l\u2019\u00e9chographie<\/em> ou <em>pertinentes pour la pratique<\/em> qui sont <em>dirig\u00e9es<\/em> ou <em>auto-dirig\u00e9es<\/em>. Veuillez consulter la section sur les <a href=\"https:\/\/sonographycanada.ca\/fr\/developpement-professionnel\/activites-dpc\">cat\u00e9gories d\u2019activit\u00e9s de DPC<\/a> pour en apprendre davantage \u00e0 ce sujet.<\/p><p>Les membres peuvent accumul\u00e9s des cr\u00e9dits de DPC\naupr\u00e8s d\u2019\u00c9chographie Canada en&nbsp;:<\/p><ul class=\"wp-block-list\"><li>compl\u00e9tant\nles quiz dans la RCEM;<\/li><li>participant\naux webinaires;<\/li><li>visionnant\nles expos\u00e9s disponibles dans la vid\u00e9oth\u00e8que de DPC; et en<\/li><li>participant \u00e0\nla conf\u00e9rence annuelle d\u2019\u00c9chographie Canada.<\/li><\/ul><p>\u00c9chographie Canada reconnait \u00e9galement les cr\u00e9dits\nobtenus aupr\u00e8s d\u2019autres <a href=\"https:\/\/sonographycanada.ca\/fr\/developpement-professionnel\/activites-dpc\">fournisseurs\nde DPC autoris\u00e9s<\/a>. <\/p><p>Vous pouvez \u00e9galement soumettre une preuve que vous \u00eates membre en r\u00e8gle aupr\u00e8s d\u2019autres organisations d\u2019accr\u00e9ditation (p. ex. ARDMS) et\/ou votre certificat d\u2019enregistrement aupr\u00e8s d\u2019un organisme provincial de r\u00e9glementation en \u00e9chographie (p. ex. OTRMIO) plut\u00f4t que de soumettre des certificats du DPC envers les exigences en DPC d\u2019\u00c9chographie Canada. Vous pouvez t\u00e9l\u00e9charger une preuve sous forme de lettre de confirmation, de courriel, de re\u00e7u ou toute autre communication officielle. Ainsi, \u00c9chographie Canada reconnait le perfectionnement professionnel compl\u00e9t\u00e9 par nos membres pour maintenir leurs titres de comp\u00e9tence ou renouveler leurs certificats d\u2019enregistrement.<\/p><p>Veuillez noter que si vous avez commis une erreur en t\u00e9l\u00e9chargeant un certificat de DPC, il n\u2019est pas possible d\u2019apporter des corrections. On vous accorde l\u2019occasion de revoir vos s\u00e9lections avant de soumettre votre certificat. Une fois que vous appuyez sur le bouton \u00ab&nbsp;Soumettre&nbsp;\u00bb, il n\u2019est plus possible de modifier les informations. Assurez-vous de rev\u00e9rifier vos s\u00e9lections avant d\u2019entamer le t\u00e9l\u00e9chargement. Si vous \u00eates s\u00e9lectionn\u00e9 pour une v\u00e9rification, on vous accordera l\u2019occasion de clarifier ou d\u2019apporter des changements \u00e0 ce moment-l\u00e0.<\/p><h3 class=\"wp-block-heading\"><strong>T\u00e9l\u00e9charger et\nimprimer les certificats<\/strong><strong><\/strong><\/h3><p>Acc\u00e9dez \u00e0 votre <a href=\"https:\/\/sonography-login.wicketcloud.com\/login?service=https:\/\/sonographycanada.ca\/account-centre\/\">profil\/compte\nde membre<\/a> pour t\u00e9l\u00e9charger et\nimprimer les certificats que vous avez acquis. Les certificats sont disponibles\npour l\u2019ensemble des cr\u00e9dits r\u00e9clam\u00e9s sur le Syst\u00e8me de d\u00e9claration du DPC. &nbsp;&nbsp;<\/p><p>Les certificats de confirmation d\u2019ach\u00e8vement pour les activit\u00e9s de DPC d\u2019\u00c9chographie Canada \u2500 compl\u00e9ter les quiz de la RCEM, participer aux webinaires, visionner les items de la vid\u00e9oth\u00e8que, assister \u00e0 la conf\u00e9rence annuelle \u2500 seront automatiquement \u00e9mis. Un courriel avec un lien au certificat t\u00e9l\u00e9chargeable vous sera achemin\u00e9. Le certificat et le cr\u00e9dit seront \u00e9galement t\u00e9l\u00e9charg\u00e9s automatiquement \u00e0 votre profil\/compte de membre.<\/p><p>Si vous avez des pr\u00e9occupations quant \u00e0 vos\ncertificats, veuillez faire parvenir un courriel \u00e0 <a href=\"mailto:info@sonographycanada.ca\">info@sonographycanada.ca<\/a>. <\/p><h3 class=\"wp-block-heading\"><strong>Audits<\/strong><strong><\/strong><\/h3><p>\u00c0 chaque ann\u00e9e, \u00c9chographie Canada choisi au hasard des membres qui feront l\u2019objet d\u2019une v\u00e9rification. Cette v\u00e9rification implique la pr\u00e9sentation des certificats confirmant que la formation de DPC que vous avez compl\u00e9t\u00e9e rencontre les <a href=\"https:\/\/sonographycanada.ca\/fr\/developpement-professionnel\/programme-triennial-de-dpc\">exigences du triennat de DPC d\u2019\u00c9chographie Canada<\/a>.<\/p>","protected":false},"excerpt":{"rendered":"<p>Afin de vous aider \u00e0 suivre votre progr\u00e8s en mati\u00e8re d\u2019accumulation de cr\u00e9dits de d\u00e9veloppement professionnel continu (DPC), \u00c9chographie Canada a d\u00e9velopp\u00e9 un syst\u00e8me de d\u00e9claration du DPC en ligne, accessible \u00e0 partir de votre profil\/compte de membre, qui vous permet de&nbsp;: voir les cr\u00e9dits et certificats que vous avez acquis depuis mai 2016; t\u00e9l\u00e9charger [&hellip;]<\/p>\n","protected":false},"author":99,"featured_media":139785,"parent":569,"menu_order":0,"comment_status":"closed","ping_status":"closed","template":"","meta":{"_acf_changed":false,"advgb_blocks_editor_width":"","advgb_blocks_columns_visual_guide":"","wicket_organization":"","_seat_count":"","_member_id":[],"_edit_last":"1307","_start_date":"","_end_date":"","footnotes":""},"class_list":["post-2924","page","type-page","status-publish","has-post-thumbnail","hentry"],"acf":[],"yoast_head":"<!-- This site is optimized with the Yoast SEO plugin v23.5 - https:\/\/yoast.com\/wordpress\/plugins\/seo\/ -->\n<title>Syst\u00e8me de d\u00e9claration du DPC - \u00c9chographie Canada<\/title>\n<meta name=\"robots\" content=\"index, follow, max-snippet:-1, max-image-preview:large, max-video-preview:-1\" \/>\n<link rel=\"canonical\" href=\"https:\/\/sonographycanada.ca\/fr\/membres\/systeme-de-declaration-dpc\" \/>\n<meta property=\"og:locale\" content=\"fr_FR\" \/>\n<meta property=\"og:type\" content=\"article\" \/>\n<meta property=\"og:title\" content=\"Syst\u00e8me de d\u00e9claration du DPC - \u00c9chographie Canada\" \/>\n<meta property=\"og:description\" content=\"Afin de vous aider \u00e0 suivre votre progr\u00e8s en mati\u00e8re d\u2019accumulation de cr\u00e9dits de d\u00e9veloppement professionnel continu (DPC), \u00c9chographie Canada a d\u00e9velopp\u00e9 un syst\u00e8me de d\u00e9claration du DPC en ligne, accessible \u00e0 partir de votre profil\/compte de membre, qui vous permet de&nbsp;: voir les cr\u00e9dits et certificats que vous avez acquis depuis mai 2016; t\u00e9l\u00e9charger [&hellip;]\" \/>\n<meta property=\"og:url\" content=\"https:\/\/sonographycanada.ca\/fr\/membres\/systeme-de-declaration-dpc\" \/>\n<meta property=\"og:site_name\" content=\"\u00c9chographie Canada\" \/>\n<meta property=\"article:modified_time\" content=\"2021-11-17T17:06:51+00:00\" \/>\n<meta property=\"og:image\" content=\"https:\/\/sonographycanada.ca\/app\/uploads\/2021\/11\/CPD-Triennium-Coming-due-FRE.png\" \/>\n\t<meta property=\"og:image:width\" content=\"390\" \/>\n\t<meta property=\"og:image:height\" content=\"172\" \/>\n\t<meta property=\"og:image:type\" content=\"image\/png\" \/>\n<meta name=\"twitter:card\" content=\"summary_large_image\" \/>\n<meta name=\"twitter:label1\" content=\"Est. reading time\" \/>\n\t<meta name=\"twitter:data1\" content=\"3 minutes\" \/>\n<script type=\"application\/ld+json\" class=\"yoast-schema-graph\">{\"@context\":\"https:\/\/schema.org\",\"@graph\":[{\"@type\":\"WebPage\",\"@id\":\"https:\/\/sonographycanada.ca\/fr\/membres\/systeme-de-declaration-dpc\",\"url\":\"https:\/\/sonographycanada.ca\/fr\/membres\/systeme-de-declaration-dpc\",\"name\":\"Syst\u00e8me de d\u00e9claration du DPC - \u00c9chographie Canada\",\"isPartOf\":{\"@id\":\"https:\/\/sonographycanada.ca\/#website\"},\"primaryImageOfPage\":{\"@id\":\"https:\/\/sonographycanada.ca\/fr\/membres\/systeme-de-declaration-dpc#primaryimage\"},\"image\":{\"@id\":\"https:\/\/sonographycanada.ca\/fr\/membres\/systeme-de-declaration-dpc#primaryimage\"},\"thumbnailUrl\":\"https:\/\/sonographycanada.ca\/app\/uploads\/2021\/11\/CPD-Triennium-Coming-due-FRE.png\",\"datePublished\":\"2019-04-15T19:51:15+00:00\",\"dateModified\":\"2021-11-17T17:06:51+00:00\",\"breadcrumb\":{\"@id\":\"https:\/\/sonographycanada.ca\/fr\/membres\/systeme-de-declaration-dpc#breadcrumb\"},\"inLanguage\":\"fr-FR\",\"potentialAction\":[{\"@type\":\"ReadAction\",\"target\":[\"https:\/\/sonographycanada.ca\/fr\/membres\/systeme-de-declaration-dpc\"]}]},{\"@type\":\"ImageObject\",\"inLanguage\":\"fr-FR\",\"@id\":\"https:\/\/sonographycanada.ca\/fr\/membres\/systeme-de-declaration-dpc#primaryimage\",\"url\":\"https:\/\/sonographycanada.ca\/app\/uploads\/2021\/11\/CPD-Triennium-Coming-due-FRE.png\",\"contentUrl\":\"https:\/\/sonographycanada.ca\/app\/uploads\/2021\/11\/CPD-Triennium-Coming-due-FRE.png\",\"width\":390,\"height\":172},{\"@type\":\"BreadcrumbList\",\"@id\":\"https:\/\/sonographycanada.ca\/fr\/membres\/systeme-de-declaration-dpc#breadcrumb\",\"itemListElement\":[{\"@type\":\"ListItem\",\"position\":1,\"name\":\"Accueil\",\"item\":\"https:\/\/sonographycanada.ca\/fr\"},{\"@type\":\"ListItem\",\"position\":2,\"name\":\"Membres\",\"item\":\"https:\/\/sonographycanada.ca\/fr\/membres\"},{\"@type\":\"ListItem\",\"position\":3,\"name\":\"Syst\u00e8me de d\u00e9claration du DPC\"}]},{\"@type\":\"WebSite\",\"@id\":\"https:\/\/sonographycanada.ca\/#website\",\"url\":\"https:\/\/sonographycanada.ca\/\",\"name\":\"\u00c9chographie Canada\",\"description\":\"La voix des \u00e9chographistes m\u00e9dicaux diagnostiques au Canada\",\"potentialAction\":[{\"@type\":\"SearchAction\",\"target\":{\"@type\":\"EntryPoint\",\"urlTemplate\":\"https:\/\/sonographycanada.ca\/?s={search_term_string}\"},\"query-input\":{\"@type\":\"PropertyValueSpecification\",\"valueRequired\":true,\"valueName\":\"search_term_string\"}}],\"inLanguage\":\"fr-FR\"}]}<\/script>\n<!-- \/ Yoast SEO plugin. -->","yoast_head_json":{"title":"Syst\u00e8me de d\u00e9claration du DPC - \u00c9chographie Canada","robots":{"index":"index","follow":"follow","max-snippet":"max-snippet:-1","max-image-preview":"max-image-preview:large","max-video-preview":"max-video-preview:-1"},"canonical":"https:\/\/sonographycanada.ca\/fr\/membres\/systeme-de-declaration-dpc","og_locale":"fr_FR","og_type":"article","og_title":"Syst\u00e8me de d\u00e9claration du DPC - \u00c9chographie Canada","og_description":"Afin de vous aider \u00e0 suivre votre progr\u00e8s en mati\u00e8re d\u2019accumulation de cr\u00e9dits de d\u00e9veloppement professionnel continu (DPC), \u00c9chographie Canada a d\u00e9velopp\u00e9 un syst\u00e8me de d\u00e9claration du DPC en ligne, accessible \u00e0 partir de votre profil\/compte de membre, qui vous permet de&nbsp;: voir les cr\u00e9dits et certificats que vous avez acquis depuis mai 2016; t\u00e9l\u00e9charger [&hellip;]","og_url":"https:\/\/sonographycanada.ca\/fr\/membres\/systeme-de-declaration-dpc","og_site_name":"\u00c9chographie Canada","article_modified_time":"2021-11-17T17:06:51+00:00","og_image":[{"width":390,"height":172,"url":"https:\/\/sonographycanada.ca\/app\/uploads\/2021\/11\/CPD-Triennium-Coming-due-FRE.png","type":"image\/png"}],"twitter_card":"summary_large_image","twitter_misc":{"Est. reading time":"3 minutes"},"schema":{"@context":"https:\/\/schema.org","@graph":[{"@type":"WebPage","@id":"https:\/\/sonographycanada.ca\/fr\/membres\/systeme-de-declaration-dpc","url":"https:\/\/sonographycanada.ca\/fr\/membres\/systeme-de-declaration-dpc","name":"Syst\u00e8me de d\u00e9claration du DPC - \u00c9chographie Canada","isPartOf":{"@id":"https:\/\/sonographycanada.ca\/#website"},"primaryImageOfPage":{"@id":"https:\/\/sonographycanada.ca\/fr\/membres\/systeme-de-declaration-dpc#primaryimage"},"image":{"@id":"https:\/\/sonographycanada.ca\/fr\/membres\/systeme-de-declaration-dpc#primaryimage"},"thumbnailUrl":"https:\/\/sonographycanada.ca\/app\/uploads\/2021\/11\/CPD-Triennium-Coming-due-FRE.png","datePublished":"2019-04-15T19:51:15+00:00","dateModified":"2021-11-17T17:06:51+00:00","breadcrumb":{"@id":"https:\/\/sonographycanada.ca\/fr\/membres\/systeme-de-declaration-dpc#breadcrumb"},"inLanguage":"fr-FR","potentialAction":[{"@type":"ReadAction","target":["https:\/\/sonographycanada.ca\/fr\/membres\/systeme-de-declaration-dpc"]}]},{"@type":"ImageObject","inLanguage":"fr-FR","@id":"https:\/\/sonographycanada.ca\/fr\/membres\/systeme-de-declaration-dpc#primaryimage","url":"https:\/\/sonographycanada.ca\/app\/uploads\/2021\/11\/CPD-Triennium-Coming-due-FRE.png","contentUrl":"https:\/\/sonographycanada.ca\/app\/uploads\/2021\/11\/CPD-Triennium-Coming-due-FRE.png","width":390,"height":172},{"@type":"BreadcrumbList","@id":"https:\/\/sonographycanada.ca\/fr\/membres\/systeme-de-declaration-dpc#breadcrumb","itemListElement":[{"@type":"ListItem","position":1,"name":"Accueil","item":"https:\/\/sonographycanada.ca\/fr"},{"@type":"ListItem","position":2,"name":"Membres","item":"https:\/\/sonographycanada.ca\/fr\/membres"},{"@type":"ListItem","position":3,"name":"Syst\u00e8me de d\u00e9claration du DPC"}]},{"@type":"WebSite","@id":"https:\/\/sonographycanada.ca\/#website","url":"https:\/\/sonographycanada.ca\/","name":"\u00c9chographie Canada","description":"La voix des \u00e9chographistes m\u00e9dicaux diagnostiques au Canada","potentialAction":[{"@type":"SearchAction","target":{"@type":"EntryPoint","urlTemplate":"https:\/\/sonographycanada.ca\/?s={search_term_string}"},"query-input":{"@type":"PropertyValueSpecification","valueRequired":true,"valueName":"search_term_string"}}],"inLanguage":"fr-FR"}]}},"coauthors":[],"author_meta":{"author_link":"https:\/\/sonographycanada.ca\/fr\/author\/ce124cb3-74c2-4ca8-90e3-5f1af488d0df","display_name":"Beth Bresee"},"relative_dates":{"created":"Publi\u00e9 7 years il y a","modified":"Mis \u00e0 jour 4 years il y a"},"absolute_dates":{"created":"Publi\u00e9 le avril 15, 2019","modified":"Mise \u00e0 jour le novembre 17, 2021"},"absolute_dates_time":{"created":"Publi\u00e9 le avril 15, 2019 7:51 pm","modified":"Mise \u00e0 jour le novembre 17, 2021 5:06 pm"},"featured_img_caption":"","featured_img":"https:\/\/sonographycanada.ca\/app\/uploads\/2021\/11\/CPD-Triennium-Coming-due-FRE.png","series_order":"","_links":{"self":[{"href":"https:\/\/sonographycanada.ca\/fr\/wp-json\/wp\/v2\/pages\/2924"}],"collection":[{"href":"https:\/\/sonographycanada.ca\/fr\/wp-json\/wp\/v2\/pages"}],"about":[{"href":"https:\/\/sonographycanada.ca\/fr\/wp-json\/wp\/v2\/types\/page"}],"author":[{"embeddable":true,"href":"https:\/\/sonographycanada.ca\/fr\/wp-json\/wp\/v2\/users\/99"}],"replies":[{"embeddable":true,"href":"https:\/\/sonographycanada.ca\/fr\/wp-json\/wp\/v2\/comments?post=2924"}],"version-history":[{"count":8,"href":"https:\/\/sonographycanada.ca\/fr\/wp-json\/wp\/v2\/pages\/2924\/revisions"}],"predecessor-version":[{"id":139787,"href":"https:\/\/sonographycanada.ca\/fr\/wp-json\/wp\/v2\/pages\/2924\/revisions\/139787"}],"up":[{"embeddable":true,"href":"https:\/\/sonographycanada.ca\/fr\/wp-json\/wp\/v2\/pages\/569"}],"wp:featuredmedia":[{"embeddable":true,"href":"https:\/\/sonographycanada.ca\/fr\/wp-json\/wp\/v2\/media\/139785"}],"wp:attachment":[{"href":"https:\/\/sonographycanada.ca\/fr\/wp-json\/wp\/v2\/media?parent=2924"}],"curies":[{"name":"wp","href":"https:\/\/api.w.org\/{rel}","templated":true}]}}