{"id":3801,"date":"2019-05-27T20:04:56","date_gmt":"2019-05-27T20:04:56","guid":{"rendered":"https:\/\/sonographycanada.ca\/?page_id=3801"},"modified":"2022-11-04T15:59:07","modified_gmt":"2022-11-04T15:59:07","slug":"quest-ce-que-lechographie","status":"publish","type":"page","link":"https:\/\/sonographycanada.ca\/fr\/concernant-echographie\/quest-ce-que-lechographie","title":{"rendered":"Qu&#8217;est-ce que l&#8217;\u00e9chographie?"},"content":{"rendered":"<p>\u00c9chographie Canada d\u00e9finit l\u2019ultrasonoscopie comme une proc\u00e9dure d\u2019enqu\u00eate diagnostique m\u00e9dicale fond\u00e9e sur les ondes sonores \u00e0 haute fr\u00e9quence (les ultrasons) pour \u00e9valuer les organes, les tissus et la circulation sanguine \u00e0 l&#8217;int\u00e9rieur du corps humain et pour produire des images. Il s&#8217;agit d&#8217;une profession complexe qui r\u00e9unit des technologies de pointe, des connaissances anatomiques et physiologiques approfondies, et de solides comp\u00e9tences en mati\u00e8re d&#8217;\u00e9valuation.<\/p><p>Pendant un examen \u00e9chographique, l\u2019\u00e9chographiste se sert d\u2019un instrument appel\u00e9 un transducteur ou d\u2019une sonde au-dessus de la partie du corps du patient faisant l\u2019objet de l\u2019examen.\u00a0 La sonde \u00e9met un son \u00e0 haute fr\u00e9quence que l\u2019oreille humaine ne peut pas percevoir. \u00c0 mesure qu\u2019elle est d\u00e9plac\u00e9e, la sonde enregistre des \u00e9chos de sons qui rebondissent et sont capt\u00e9s par l\u2019appareil ultrasonique pour d\u00e9terminer la taille, la forme et la consistance des tissus mous et des organes. Les r\u00e9flexions des ondes sonores \u00e9mises \u00e0 travers le corps sont capt\u00e9es par des sondes qui les interpr\u00e8tent en images en fonction du temps qu&#8217;elles mettent \u00e0 revenir et de leur intensit\u00e9. Ces informations sont transmises en temps r\u00e9el afin de produire des images en 2 et 3 dimensions sur un \u00e9cran d&#8217;ordinateur.\u00a0 <\/p><p>Les examens \u00e9chographiques fournissent aux m\u00e9decins des informations diagnostiques essentielles sur l&#8217;\u00e9tat de sant\u00e9 du patient et contribuent au diagnostic des blessures et des maladies, \u00e0 la surveillance de la sant\u00e9, et \u00e0 l&#8217;orientation du traitement. Les m\u00e9decins demandent les \u00e9chographies m\u00e9dicales diagnostiques, des \u00e9chographistes effectuent les examens, et les r\u00e9sultats obtenus sont interpr\u00e9t\u00e9s et signal\u00e9s par un radiologue ou un autre sp\u00e9cialiste m\u00e9dical form\u00e9 dans le domaine des ultrasons.\u00a0 Les \u00e9chographistes sont des professionnels m\u00e9dicaux sp\u00e9cialement form\u00e9s pour r\u00e9aliser ces examens.\u00a0 <\/p><p>L&#8217;\u00e9chographie ne sert pas seulement en obst\u00e9trique. Les \u00e9chographistes travaillent dans des h\u00f4pitaux et des cliniques partout au Canada, collaborant avec des dizaines de sp\u00e9cialit\u00e9s m\u00e9dicales, allant de l&#8217;anesth\u00e9siologie \u00e0 la chirurgie vasculaire, en passant par la m\u00e9decine sportive et la sant\u00e9 des femmes, entre autres.<\/p><p>Le r\u00f4le d&#8217;un \u00e9chographiste \u00e9volue constamment pour suivre les d\u00e9veloppements de la technologie des ultrasons et les progr\u00e8s de la recherche et de la pratique cliniques.<\/p>","protected":false},"excerpt":{"rendered":"<p>\u00c9chographie Canada d\u00e9finit l\u2019ultrasonoscopie comme une proc\u00e9dure d\u2019enqu\u00eate diagnostique m\u00e9dicale fond\u00e9e sur les ondes sonores \u00e0 haute fr\u00e9quence (les ultrasons) pour \u00e9valuer les organes, les tissus et la circulation sanguine \u00e0 l&#8217;int\u00e9rieur du corps humain et pour produire des images. Il s&#8217;agit d&#8217;une profession complexe qui r\u00e9unit des technologies de pointe, des connaissances anatomiques et [&hellip;]<\/p>\n","protected":false},"author":99,"featured_media":0,"parent":498,"menu_order":0,"comment_status":"closed","ping_status":"closed","template":"","meta":{"_acf_changed":false,"advgb_blocks_editor_width":"","advgb_blocks_columns_visual_guide":"","wicket_organization":"","_seat_count":"","_member_id":[],"_edit_last":"1307","_start_date":"","_end_date":"","footnotes":""},"class_list":["post-3801","page","type-page","status-publish","hentry"],"acf":[],"yoast_head":"<!-- This site is optimized with the Yoast SEO plugin v23.5 - https:\/\/yoast.com\/wordpress\/plugins\/seo\/ -->\n<title>Qu&#039;est-ce que l&#039;\u00e9chographie? - \u00c9chographie Canada<\/title>\n<meta name=\"robots\" content=\"index, follow, max-snippet:-1, max-image-preview:large, max-video-preview:-1\" \/>\n<link rel=\"canonical\" href=\"https:\/\/sonographycanada.ca\/fr\/concernant-echographie\/quest-ce-que-lechographie\" \/>\n<meta property=\"og:locale\" content=\"fr_FR\" \/>\n<meta property=\"og:type\" content=\"article\" \/>\n<meta property=\"og:title\" content=\"Qu&#039;est-ce que l&#039;\u00e9chographie? - \u00c9chographie Canada\" \/>\n<meta property=\"og:description\" content=\"\u00c9chographie Canada d\u00e9finit l\u2019ultrasonoscopie comme une proc\u00e9dure d\u2019enqu\u00eate diagnostique m\u00e9dicale fond\u00e9e sur les ondes sonores \u00e0 haute fr\u00e9quence (les ultrasons) pour \u00e9valuer les organes, les tissus et la circulation sanguine \u00e0 l&#8217;int\u00e9rieur du corps humain et pour produire des images. Il s&#8217;agit d&#8217;une profession complexe qui r\u00e9unit des technologies de pointe, des connaissances anatomiques et [&hellip;]\" \/>\n<meta property=\"og:url\" content=\"https:\/\/sonographycanada.ca\/fr\/concernant-echographie\/quest-ce-que-lechographie\" \/>\n<meta property=\"og:site_name\" content=\"\u00c9chographie Canada\" \/>\n<meta property=\"article:modified_time\" content=\"2022-11-04T15:59:07+00:00\" \/>\n<meta name=\"twitter:card\" content=\"summary_large_image\" \/>\n<meta name=\"twitter:label1\" content=\"Est. reading time\" \/>\n\t<meta name=\"twitter:data1\" content=\"2 minutes\" \/>\n<script type=\"application\/ld+json\" class=\"yoast-schema-graph\">{\"@context\":\"https:\/\/schema.org\",\"@graph\":[{\"@type\":\"WebPage\",\"@id\":\"https:\/\/sonographycanada.ca\/fr\/concernant-echographie\/quest-ce-que-lechographie\",\"url\":\"https:\/\/sonographycanada.ca\/fr\/concernant-echographie\/quest-ce-que-lechographie\",\"name\":\"Qu'est-ce que l'\u00e9chographie? - \u00c9chographie Canada\",\"isPartOf\":{\"@id\":\"https:\/\/sonographycanada.ca\/#website\"},\"datePublished\":\"2019-05-27T20:04:56+00:00\",\"dateModified\":\"2022-11-04T15:59:07+00:00\",\"breadcrumb\":{\"@id\":\"https:\/\/sonographycanada.ca\/fr\/concernant-echographie\/quest-ce-que-lechographie#breadcrumb\"},\"inLanguage\":\"fr-FR\",\"potentialAction\":[{\"@type\":\"ReadAction\",\"target\":[\"https:\/\/sonographycanada.ca\/fr\/concernant-echographie\/quest-ce-que-lechographie\"]}]},{\"@type\":\"BreadcrumbList\",\"@id\":\"https:\/\/sonographycanada.ca\/fr\/concernant-echographie\/quest-ce-que-lechographie#breadcrumb\",\"itemListElement\":[{\"@type\":\"ListItem\",\"position\":1,\"name\":\"Accueil\",\"item\":\"https:\/\/sonographycanada.ca\/fr\"},{\"@type\":\"ListItem\",\"position\":2,\"name\":\"Concernant l&#8217;\u00e9chographie\",\"item\":\"https:\/\/sonographycanada.ca\/fr\/concernant-echographie\"},{\"@type\":\"ListItem\",\"position\":3,\"name\":\"Qu&#8217;est-ce que l&#8217;\u00e9chographie?\"}]},{\"@type\":\"WebSite\",\"@id\":\"https:\/\/sonographycanada.ca\/#website\",\"url\":\"https:\/\/sonographycanada.ca\/\",\"name\":\"\u00c9chographie Canada\",\"description\":\"La voix des \u00e9chographistes m\u00e9dicaux diagnostiques au Canada\",\"potentialAction\":[{\"@type\":\"SearchAction\",\"target\":{\"@type\":\"EntryPoint\",\"urlTemplate\":\"https:\/\/sonographycanada.ca\/?s={search_term_string}\"},\"query-input\":{\"@type\":\"PropertyValueSpecification\",\"valueRequired\":true,\"valueName\":\"search_term_string\"}}],\"inLanguage\":\"fr-FR\"}]}<\/script>\n<!-- \/ Yoast SEO plugin. -->","yoast_head_json":{"title":"Qu'est-ce que l'\u00e9chographie? - \u00c9chographie Canada","robots":{"index":"index","follow":"follow","max-snippet":"max-snippet:-1","max-image-preview":"max-image-preview:large","max-video-preview":"max-video-preview:-1"},"canonical":"https:\/\/sonographycanada.ca\/fr\/concernant-echographie\/quest-ce-que-lechographie","og_locale":"fr_FR","og_type":"article","og_title":"Qu'est-ce que l'\u00e9chographie? - \u00c9chographie Canada","og_description":"\u00c9chographie Canada d\u00e9finit l\u2019ultrasonoscopie comme une proc\u00e9dure d\u2019enqu\u00eate diagnostique m\u00e9dicale fond\u00e9e sur les ondes sonores \u00e0 haute fr\u00e9quence (les ultrasons) pour \u00e9valuer les organes, les tissus et la circulation sanguine \u00e0 l&#8217;int\u00e9rieur du corps humain et pour produire des images. Il s&#8217;agit d&#8217;une profession complexe qui r\u00e9unit des technologies de pointe, des connaissances anatomiques et [&hellip;]","og_url":"https:\/\/sonographycanada.ca\/fr\/concernant-echographie\/quest-ce-que-lechographie","og_site_name":"\u00c9chographie Canada","article_modified_time":"2022-11-04T15:59:07+00:00","twitter_card":"summary_large_image","twitter_misc":{"Est. reading time":"2 minutes"},"schema":{"@context":"https:\/\/schema.org","@graph":[{"@type":"WebPage","@id":"https:\/\/sonographycanada.ca\/fr\/concernant-echographie\/quest-ce-que-lechographie","url":"https:\/\/sonographycanada.ca\/fr\/concernant-echographie\/quest-ce-que-lechographie","name":"Qu'est-ce que l'\u00e9chographie? - \u00c9chographie Canada","isPartOf":{"@id":"https:\/\/sonographycanada.ca\/#website"},"datePublished":"2019-05-27T20:04:56+00:00","dateModified":"2022-11-04T15:59:07+00:00","breadcrumb":{"@id":"https:\/\/sonographycanada.ca\/fr\/concernant-echographie\/quest-ce-que-lechographie#breadcrumb"},"inLanguage":"fr-FR","potentialAction":[{"@type":"ReadAction","target":["https:\/\/sonographycanada.ca\/fr\/concernant-echographie\/quest-ce-que-lechographie"]}]},{"@type":"BreadcrumbList","@id":"https:\/\/sonographycanada.ca\/fr\/concernant-echographie\/quest-ce-que-lechographie#breadcrumb","itemListElement":[{"@type":"ListItem","position":1,"name":"Accueil","item":"https:\/\/sonographycanada.ca\/fr"},{"@type":"ListItem","position":2,"name":"Concernant l&#8217;\u00e9chographie","item":"https:\/\/sonographycanada.ca\/fr\/concernant-echographie"},{"@type":"ListItem","position":3,"name":"Qu&#8217;est-ce que l&#8217;\u00e9chographie?"}]},{"@type":"WebSite","@id":"https:\/\/sonographycanada.ca\/#website","url":"https:\/\/sonographycanada.ca\/","name":"\u00c9chographie Canada","description":"La voix des \u00e9chographistes m\u00e9dicaux diagnostiques au Canada","potentialAction":[{"@type":"SearchAction","target":{"@type":"EntryPoint","urlTemplate":"https:\/\/sonographycanada.ca\/?s={search_term_string}"},"query-input":{"@type":"PropertyValueSpecification","valueRequired":true,"valueName":"search_term_string"}}],"inLanguage":"fr-FR"}]}},"coauthors":[],"author_meta":{"author_link":"https:\/\/sonographycanada.ca\/fr\/author\/ce124cb3-74c2-4ca8-90e3-5f1af488d0df","display_name":"Beth Bresee"},"relative_dates":{"created":"Publi\u00e9 7 years il y a","modified":"Mis \u00e0 jour 3 years il y a"},"absolute_dates":{"created":"Publi\u00e9 le mai 27, 2019","modified":"Mise \u00e0 jour le novembre 4, 2022"},"absolute_dates_time":{"created":"Publi\u00e9 le mai 27, 2019 8:04 pm","modified":"Mise \u00e0 jour le novembre 4, 2022 3:59 pm"},"featured_img_caption":"","featured_img":false,"series_order":"","_links":{"self":[{"href":"https:\/\/sonographycanada.ca\/fr\/wp-json\/wp\/v2\/pages\/3801"}],"collection":[{"href":"https:\/\/sonographycanada.ca\/fr\/wp-json\/wp\/v2\/pages"}],"about":[{"href":"https:\/\/sonographycanada.ca\/fr\/wp-json\/wp\/v2\/types\/page"}],"author":[{"embeddable":true,"href":"https:\/\/sonographycanada.ca\/fr\/wp-json\/wp\/v2\/users\/99"}],"replies":[{"embeddable":true,"href":"https:\/\/sonographycanada.ca\/fr\/wp-json\/wp\/v2\/comments?post=3801"}],"version-history":[{"count":3,"href":"https:\/\/sonographycanada.ca\/fr\/wp-json\/wp\/v2\/pages\/3801\/revisions"}],"predecessor-version":[{"id":160097,"href":"https:\/\/sonographycanada.ca\/fr\/wp-json\/wp\/v2\/pages\/3801\/revisions\/160097"}],"up":[{"embeddable":true,"href":"https:\/\/sonographycanada.ca\/fr\/wp-json\/wp\/v2\/pages\/498"}],"wp:attachment":[{"href":"https:\/\/sonographycanada.ca\/fr\/wp-json\/wp\/v2\/media?parent=3801"}],"curies":[{"name":"wp","href":"https:\/\/api.w.org\/{rel}","templated":true}]}}