{"id":3804,"date":"2019-05-27T20:09:00","date_gmt":"2019-05-27T20:09:00","guid":{"rendered":"https:\/\/sonographycanada.ca\/?page_id=3804"},"modified":"2019-05-27T20:09:01","modified_gmt":"2019-05-27T20:09:01","slug":"role-dun-echographiste","status":"publish","type":"page","link":"https:\/\/sonographycanada.ca\/fr\/concernant-echographie\/role-dun-echographiste","title":{"rendered":"R\u00f4le d&#8217;un \u00e9chographiste"},"content":{"rendered":"<p>Les \u00e9chographistes sont des d\u00e9tectives m\u00e9dicaux.\u00a0 Ils appliquent les principes de leur formation en \u00e9chographie, leurs comp\u00e9tences techniques et leur compr\u00e9hension du corps humain et de ses appareils pour \u00e9tablir si les structures examin\u00e9es sont normales ou anormales et adaptent leur examen \u00e0 mesure que les indices se manifestent.\u00a0 Les m\u00e9decins se servent ensuite de cette information pour choisir le traitement qui s\u2019impose ou d\u00e9terminer les prochaines \u00e9tapes pour le patient.\u00a0<\/p><p> La qualit\u00e9 de l\u2019examen \u00e9chographique est largement tributaire des comp\u00e9tences de l\u2019\u00e9chographiste.\u00a0 Si la personne n\u2019est pas dou\u00e9e comme d\u00e9tective et ne tient pas compte de tous les faits et ne rel\u00e8ve pas tous les indices, il sera difficile alors de r\u00e9soudre l\u2019affaire.\u00a0 Aussi, tous les cas sont diff\u00e9rents. Le quotidien d\u2019un \u00e9chographiste n\u2019est jamais ennuyant.<\/p><p>Le\nr\u00f4le de l\u2019\u00e9chographiste de diagnostic m\u00e9dical professionnel est vari\u00e9 et\ndynamique, et les \u00e9chographistes sont pr\u00e9sents dans de nombreux domaines des\nsoins de la sant\u00e9. Ces professionnels de la sant\u00e9 alli\u00e9s travaillent dans\ndiff\u00e9rents centres m\u00e9dicaux. Les h\u00f4pitaux emploient des \u00e9chographistes de\ntoutes les cat\u00e9gories; les \u00e9chographistes g\u00e9n\u00e9ralistes travaillent bien souvent\ndans des services d\u2019imagerie diagnostique g\u00e9n\u00e9rale; les \u00e9chographistes\ncardiaques et vasculaires occupent parfois des emplois dans des unit\u00e9s de\ncardiologie ou des unit\u00e9s vasculaires d\u2019\u00e9tablissements de sant\u00e9 tertiaires. Les\ncliniques offrent diverses possibilit\u00e9s d\u2019emploi selon les domaines de soins\nprincipaux qui y sont administr\u00e9s. Les \u00e9chographistes peuvent aussi devenir des\nformateurs, des sp\u00e9cialistes d\u2019applications ou des repr\u00e9sentants des ventes au\nservice de fabricants de dispositifs m\u00e9dicaux ou peuvent participer \u00e0 la\nrecherche.<\/p>","protected":false},"excerpt":{"rendered":"<p>Les \u00e9chographistes sont des d\u00e9tectives m\u00e9dicaux.\u00a0 Ils appliquent les principes de leur formation en \u00e9chographie, leurs comp\u00e9tences techniques et leur compr\u00e9hension du corps humain et de ses appareils pour \u00e9tablir si les structures examin\u00e9es sont normales ou anormales et adaptent leur examen \u00e0 mesure que les indices se manifestent.\u00a0 Les m\u00e9decins se servent ensuite de [&hellip;]<\/p>\n","protected":false},"author":99,"featured_media":0,"parent":498,"menu_order":0,"comment_status":"closed","ping_status":"closed","template":"","meta":{"_acf_changed":false,"advgb_blocks_editor_width":"","advgb_blocks_columns_visual_guide":"","wicket_organization":"","_seat_count":"","_member_id":[],"_edit_last":"99","_start_date":"","_end_date":"","footnotes":""},"class_list":["post-3804","page","type-page","status-publish","hentry"],"acf":[],"yoast_head":"<!-- This site is optimized with the Yoast SEO plugin v23.5 - https:\/\/yoast.com\/wordpress\/plugins\/seo\/ -->\n<title>R\u00f4le d&#039;un \u00e9chographiste - \u00c9chographie Canada<\/title>\n<meta name=\"robots\" content=\"index, follow, max-snippet:-1, max-image-preview:large, max-video-preview:-1\" \/>\n<link rel=\"canonical\" href=\"https:\/\/sonographycanada.ca\/fr\/concernant-echographie\/role-dun-echographiste\" \/>\n<meta property=\"og:locale\" content=\"fr_FR\" \/>\n<meta property=\"og:type\" content=\"article\" \/>\n<meta property=\"og:title\" content=\"R\u00f4le d&#039;un \u00e9chographiste - \u00c9chographie Canada\" \/>\n<meta property=\"og:description\" content=\"Les \u00e9chographistes sont des d\u00e9tectives m\u00e9dicaux.\u00a0 Ils appliquent les principes de leur formation en \u00e9chographie, leurs comp\u00e9tences techniques et leur compr\u00e9hension du corps humain et de ses appareils pour \u00e9tablir si les structures examin\u00e9es sont normales ou anormales et adaptent leur examen \u00e0 mesure que les indices se manifestent.\u00a0 Les m\u00e9decins se servent ensuite de [&hellip;]\" \/>\n<meta property=\"og:url\" content=\"https:\/\/sonographycanada.ca\/fr\/concernant-echographie\/role-dun-echographiste\" \/>\n<meta property=\"og:site_name\" content=\"\u00c9chographie Canada\" \/>\n<meta property=\"article:modified_time\" content=\"2019-05-27T20:09:01+00:00\" \/>\n<meta name=\"twitter:card\" content=\"summary_large_image\" \/>\n<meta name=\"twitter:label1\" content=\"Est. reading time\" \/>\n\t<meta name=\"twitter:data1\" content=\"1 minute\" \/>\n<script type=\"application\/ld+json\" class=\"yoast-schema-graph\">{\"@context\":\"https:\/\/schema.org\",\"@graph\":[{\"@type\":\"WebPage\",\"@id\":\"https:\/\/sonographycanada.ca\/fr\/concernant-echographie\/role-dun-echographiste\",\"url\":\"https:\/\/sonographycanada.ca\/fr\/concernant-echographie\/role-dun-echographiste\",\"name\":\"R\u00f4le d'un \u00e9chographiste - \u00c9chographie Canada\",\"isPartOf\":{\"@id\":\"https:\/\/sonographycanada.ca\/#website\"},\"datePublished\":\"2019-05-27T20:09:00+00:00\",\"dateModified\":\"2019-05-27T20:09:01+00:00\",\"breadcrumb\":{\"@id\":\"https:\/\/sonographycanada.ca\/fr\/concernant-echographie\/role-dun-echographiste#breadcrumb\"},\"inLanguage\":\"fr-FR\",\"potentialAction\":[{\"@type\":\"ReadAction\",\"target\":[\"https:\/\/sonographycanada.ca\/fr\/concernant-echographie\/role-dun-echographiste\"]}]},{\"@type\":\"BreadcrumbList\",\"@id\":\"https:\/\/sonographycanada.ca\/fr\/concernant-echographie\/role-dun-echographiste#breadcrumb\",\"itemListElement\":[{\"@type\":\"ListItem\",\"position\":1,\"name\":\"Accueil\",\"item\":\"https:\/\/sonographycanada.ca\/fr\"},{\"@type\":\"ListItem\",\"position\":2,\"name\":\"Concernant l&#8217;\u00e9chographie\",\"item\":\"https:\/\/sonographycanada.ca\/fr\/concernant-echographie\"},{\"@type\":\"ListItem\",\"position\":3,\"name\":\"R\u00f4le d&#8217;un \u00e9chographiste\"}]},{\"@type\":\"WebSite\",\"@id\":\"https:\/\/sonographycanada.ca\/#website\",\"url\":\"https:\/\/sonographycanada.ca\/\",\"name\":\"\u00c9chographie Canada\",\"description\":\"La voix des \u00e9chographistes m\u00e9dicaux diagnostiques au Canada\",\"potentialAction\":[{\"@type\":\"SearchAction\",\"target\":{\"@type\":\"EntryPoint\",\"urlTemplate\":\"https:\/\/sonographycanada.ca\/?s={search_term_string}\"},\"query-input\":{\"@type\":\"PropertyValueSpecification\",\"valueRequired\":true,\"valueName\":\"search_term_string\"}}],\"inLanguage\":\"fr-FR\"}]}<\/script>\n<!-- \/ Yoast SEO plugin. -->","yoast_head_json":{"title":"R\u00f4le d'un \u00e9chographiste - \u00c9chographie Canada","robots":{"index":"index","follow":"follow","max-snippet":"max-snippet:-1","max-image-preview":"max-image-preview:large","max-video-preview":"max-video-preview:-1"},"canonical":"https:\/\/sonographycanada.ca\/fr\/concernant-echographie\/role-dun-echographiste","og_locale":"fr_FR","og_type":"article","og_title":"R\u00f4le d'un \u00e9chographiste - \u00c9chographie Canada","og_description":"Les \u00e9chographistes sont des d\u00e9tectives m\u00e9dicaux.\u00a0 Ils appliquent les principes de leur formation en \u00e9chographie, leurs comp\u00e9tences techniques et leur compr\u00e9hension du corps humain et de ses appareils pour \u00e9tablir si les structures examin\u00e9es sont normales ou anormales et adaptent leur examen \u00e0 mesure que les indices se manifestent.\u00a0 Les m\u00e9decins se servent ensuite de [&hellip;]","og_url":"https:\/\/sonographycanada.ca\/fr\/concernant-echographie\/role-dun-echographiste","og_site_name":"\u00c9chographie Canada","article_modified_time":"2019-05-27T20:09:01+00:00","twitter_card":"summary_large_image","twitter_misc":{"Est. reading time":"1 minute"},"schema":{"@context":"https:\/\/schema.org","@graph":[{"@type":"WebPage","@id":"https:\/\/sonographycanada.ca\/fr\/concernant-echographie\/role-dun-echographiste","url":"https:\/\/sonographycanada.ca\/fr\/concernant-echographie\/role-dun-echographiste","name":"R\u00f4le d'un \u00e9chographiste - \u00c9chographie Canada","isPartOf":{"@id":"https:\/\/sonographycanada.ca\/#website"},"datePublished":"2019-05-27T20:09:00+00:00","dateModified":"2019-05-27T20:09:01+00:00","breadcrumb":{"@id":"https:\/\/sonographycanada.ca\/fr\/concernant-echographie\/role-dun-echographiste#breadcrumb"},"inLanguage":"fr-FR","potentialAction":[{"@type":"ReadAction","target":["https:\/\/sonographycanada.ca\/fr\/concernant-echographie\/role-dun-echographiste"]}]},{"@type":"BreadcrumbList","@id":"https:\/\/sonographycanada.ca\/fr\/concernant-echographie\/role-dun-echographiste#breadcrumb","itemListElement":[{"@type":"ListItem","position":1,"name":"Accueil","item":"https:\/\/sonographycanada.ca\/fr"},{"@type":"ListItem","position":2,"name":"Concernant l&#8217;\u00e9chographie","item":"https:\/\/sonographycanada.ca\/fr\/concernant-echographie"},{"@type":"ListItem","position":3,"name":"R\u00f4le d&#8217;un \u00e9chographiste"}]},{"@type":"WebSite","@id":"https:\/\/sonographycanada.ca\/#website","url":"https:\/\/sonographycanada.ca\/","name":"\u00c9chographie Canada","description":"La voix des \u00e9chographistes m\u00e9dicaux diagnostiques au Canada","potentialAction":[{"@type":"SearchAction","target":{"@type":"EntryPoint","urlTemplate":"https:\/\/sonographycanada.ca\/?s={search_term_string}"},"query-input":{"@type":"PropertyValueSpecification","valueRequired":true,"valueName":"search_term_string"}}],"inLanguage":"fr-FR"}]}},"coauthors":[],"author_meta":{"author_link":"https:\/\/sonographycanada.ca\/fr\/author\/ce124cb3-74c2-4ca8-90e3-5f1af488d0df","display_name":"Beth Bresee"},"relative_dates":{"created":"Publi\u00e9 7 years il y a","modified":"Mis \u00e0 jour 7 years il y a"},"absolute_dates":{"created":"Publi\u00e9 le mai 27, 2019","modified":"Mise \u00e0 jour le mai 27, 2019"},"absolute_dates_time":{"created":"Publi\u00e9 le mai 27, 2019 8:09 pm","modified":"Mise \u00e0 jour le mai 27, 2019 8:09 pm"},"featured_img_caption":"","featured_img":false,"series_order":"","_links":{"self":[{"href":"https:\/\/sonographycanada.ca\/fr\/wp-json\/wp\/v2\/pages\/3804"}],"collection":[{"href":"https:\/\/sonographycanada.ca\/fr\/wp-json\/wp\/v2\/pages"}],"about":[{"href":"https:\/\/sonographycanada.ca\/fr\/wp-json\/wp\/v2\/types\/page"}],"author":[{"embeddable":true,"href":"https:\/\/sonographycanada.ca\/fr\/wp-json\/wp\/v2\/users\/99"}],"replies":[{"embeddable":true,"href":"https:\/\/sonographycanada.ca\/fr\/wp-json\/wp\/v2\/comments?post=3804"}],"version-history":[{"count":1,"href":"https:\/\/sonographycanada.ca\/fr\/wp-json\/wp\/v2\/pages\/3804\/revisions"}],"predecessor-version":[{"id":3805,"href":"https:\/\/sonographycanada.ca\/fr\/wp-json\/wp\/v2\/pages\/3804\/revisions\/3805"}],"up":[{"embeddable":true,"href":"https:\/\/sonographycanada.ca\/fr\/wp-json\/wp\/v2\/pages\/498"}],"wp:attachment":[{"href":"https:\/\/sonographycanada.ca\/fr\/wp-json\/wp\/v2\/media?parent=3804"}],"curies":[{"name":"wp","href":"https:\/\/api.w.org\/{rel}","templated":true}]}}