{"id":439,"date":"2019-02-28T18:46:46","date_gmt":"2019-02-28T18:46:46","guid":{"rendered":"http:\/\/sonographycanada.ca\/?page_id=439"},"modified":"2019-10-30T17:39:38","modified_gmt":"2019-10-30T17:39:38","slug":"qui-nous-sommes","status":"publish","type":"page","link":"https:\/\/sonographycanada.ca\/fr\/a-propos\/qui-nous-sommes","title":{"rendered":"Qui nous sommes"},"content":{"rendered":"<p>\u00c9chographie Canada a \u00e9t\u00e9 cr\u00e9\u00e9e le 1<sup>er<\/sup>&nbsp;janvier 2014 par la fusion de la Soci\u00e9t\u00e9 canadienne des \u00e9chographistes m\u00e9dicaux (SCEM) et l&#8217;Association canadienne des professionnels autoris\u00e9s en \u00e9chographie diagnostique (ACPAED). Nous sommes l&#8217;unique voix \u00e0 l&#8217;\u00e9chelle nationale pour la profession d&#8217;\u00e9chographiste au Canada, que nous soutenons en poursuivant les objectifs suivants :<\/p><ul class=\"wp-block-list\"><li>Offrir des titres de comp\u00e9tence et des examens d&#8217;admission \u00e0 la profession reconnus au Canada<\/li><li>Soutenir la formation m\u00e9dicale continue, principalement au moyen de la conf\u00e9rence nationale et de la Revue canadienne d&#8217;\u00e9chographie m\u00e9dicale<\/li><li>Soutenir la profession gr\u00e2ce \u00e0 des politiques et \u00e0 un code de conduite<\/li><li>Agir \u00e0 titre de porte-parole de la profession.<\/li><\/ul><p>Voici l&#8217;historique de nos deux organismes fondateurs.<br><\/p><h2 class=\"wp-block-heading\">ACPAED<\/h2><p>L&#8217;id\u00e9e de se munir d&#8217;examens canadiens et d&#8217;un registre national existait d\u00e9j\u00e0 au d\u00e9but des ann\u00e9es 1980; cependant, elle n&#8217;a commenc\u00e9 \u00e0 \u00eatre r\u00e9alis\u00e9e qu&#8217;en 1993. En 1999, le besoin d&#8217;un registre canadien est devenu urgent pour se conformer aux exigences d&#8217;accr\u00e9ditation, aux politiques relatives au bilinguisme et aux r\u00e8glements provinciaux. De plus, des sondages de la SCEM en 1993 et en 2000 ont indiqu\u00e9 70 % de r\u00e9ponses positives en vue de la cr\u00e9ation d&#8217;un registre canadien.<\/p><p>Avant le d\u00e9veloppement de l&#8217;ACPAED, le seul titre de comp\u00e9tences disponible aux \u00e9chographistes canadiens \u00e9tait celui octroy\u00e9 par l&#8217;ARDMS (American Registry for Diagnostic Medical Sonography\u00ae). L&#8217;ARDMS est une agence d&#8217;accr\u00e9ditation tr\u00e8s respect\u00e9e, mais ses normes sont fond\u00e9es sur les besoins de la profession telle qu&#8217;elle est pratiqu\u00e9e aux \u00c9tats-Unis. Ces besoins sont quelque peu diff\u00e9rents au Canada. M\u00eame si le titre de comp\u00e9tence de l&#8217;ARDMS \u00e9tait largement accept\u00e9 au Canada, il ne satisfaisait pas \u00e0 trois importants crit\u00e8res du syst\u00e8me de sant\u00e9 canadien. Les caract\u00e9ristiques suivantes lui faisaient d\u00e9faut :<\/p><ol class=\"wp-block-list\"><li>Adaptation \u00e0 l&#8217;environnement canadien, ce qui assurerait la pertinence de l&#8217;examen d&#8217;accr\u00e9ditation \u00e0 l&#8217;exercice des fonctions au pays. Les examens de l&#8217;ARDMS sont r\u00e9dig\u00e9s en fonction des normes relatives aux pratiques am\u00e9ricaines, qui ne sont pas toujours adapt\u00e9es aux besoins canadiens. Les programmes \u00e9ducatifs accr\u00e9dit\u00e9s au Canada forment les participants en conformit\u00e9 aux Profils nationaux de comp\u00e9tences et sont appuy\u00e9s par la SCEM. Actuellement, il n&#8217;existe aucun profil national de comp\u00e9tences aux \u00c9tats-Unis.<\/li><li>Examen pratique qui sert \u00e0 assurer que les \u00e9chographistes inscrits d\u00e9tiennent les comp\u00e9tences cliniques n\u00e9cessaires lorsqu&#8217;ils entrent sur le march\u00e9 du travail canadien. Aucune \u00e9valuation des comp\u00e9tences cliniques n&#8217;est requise autre que la d\u00e9claration de v\u00e9rification de la formation clinique dans le programme d&#8217;accr\u00e9ditation de l&#8217;ARDMS.<\/li><li>Examen offert aux Canadiens dans les deux langues officielles. Les examens de l&#8217;ARDMS ne sont pas disponibles en langue fran\u00e7aise.<\/li><\/ol><p>Il y a quelques ann\u00e9es les associations professionnelles repr\u00e9sentant les \u00e9chographistes et les m\u00e9decins sp\u00e9cialistes au Canada ont approch\u00e9 l&#8217;ARDMS pour demander \u00e0 l&#8217;organisme de produire des examens pour r\u00e9pondre \u00e0 ces besoins particuliers. L&#8217;ARDMS \u00e9tait incapable de satisfaire \u00e0 cette demande. Par cons\u00e9quent, les associations professionnelles ont fond\u00e9 l&#8217;ACPAED.<\/p><p>Ainsi, l&#8217;ACPAED a \u00e9t\u00e9 cr\u00e9\u00e9e pour \u00eatre r\u00e9actif aux besoins de la communaut\u00e9 m\u00e9dicale canadienne dans les deux langues officielles et pour \u00e9tablir des examens \u00e9crits et pratiques bilingues qui refl\u00e9teraient les normes canadiennes.<\/p><p>L&#8217;ACPAED a accompli un certain nombre de ses principaux objectifs depuis le d\u00e9but de l&#8217;an 2000. Ces objectifs comprennent :<\/p><ul class=\"wp-block-list\"><li>la r\u00e9alisation d&#8217;un sondage national portant sur les besoins des employeurs canadiens<\/li><li>la cr\u00e9ation de titres de comp\u00e9tence canadiens pour les \u00e9chographistes g\u00e9n\u00e9raliste, cardiaque et vasculaire<\/li><li>l&#8217;\u00e9laboration et la validation continuelle d&#8217;un profil national de comp\u00e9tences exhaustif pour les trois disciplines de l&#8217;\u00e9chographie<\/li><li>l&#8217;\u00e9laboration d&#8217;un examen pratique, c&#8217;est-\u00e0-dire l&#8217;\u00c9valuation des comp\u00e9tences cliniques, une partie int\u00e9grante du programme d&#8217;accr\u00e9ditation canadien servant \u00e0 assurer une comp\u00e9tence clinique normalis\u00e9e pour tous les \u00e9chographistes membres de l&#8217;ACPAED qui sont admis dans le syst\u00e8me de sant\u00e9 canadien<\/li><li>la formation du Comit\u00e9 d&#8217;examens, qui a la responsabilit\u00e9 de produire un grand nombre de questions d&#8217;examens de haute qualit\u00e9 qui serviront de r\u00e9f\u00e9rence au profil national de comp\u00e9tences de la profession<\/li><li>la production d&#8217;examens de registre \u00e9crits et bilingues fond\u00e9 sur les connaissances<\/li><li>l&#8217;\u00e9valuation psychom\u00e9trique pour assurer la validit\u00e9 statistique et la justification de l&#8217;examen&nbsp;&nbsp;<\/li><\/ul><h2 class=\"wp-block-heading\">SCEM<\/h2><p>La Soci\u00e9t\u00e9 canadienne des \u00e9chographistes m\u00e9dicaux \u00e9tait fond\u00e9e en 1981 avec les objectifs suivants :<\/p><ul class=\"wp-block-list\"><li>Fournir des lignes directrices et des politiques de pratique professionnelle<\/li><li>Favoriser le d\u00e9veloppement professionnel continu<\/li><li>Faire avancer la profession en reconnaissant l&#8217;excellence dans la pratique professionnelle et les r\u00e9alisations en mati\u00e8re de recherche<\/li><li>Promouvoir la profession en communiquant avec le public, les organismes gouvernementaux et d&#8217;autres organisations de soins de sant\u00e9<\/li><li>Agir dans l&#8217;int\u00e9r\u00eat du public en offrant son leadership sur les questions de sant\u00e9 aux \u00e9chelles nationale et internationale<\/li><\/ul><p>\u00c0 cette fin, depuis sa cr\u00e9ation, la SCEM a tenu une conf\u00e9rence \u00e9ducative chaque ann\u00e9e en alternant o\u00f9 elle a lieu \u2014 soit \u00e0 l&#8217;est, soit au centre, soit \u00e0 l&#8217;ouest du Canada \u2014 et en faisant de la remise de prix un moment important de cette c\u00e9l\u00e9bration annuelle de la profession. La cr\u00e9ation de la Revue canadienne d&#8217;\u00e9chographie m\u00e9dicale et sa r\u00e9cente augmentation \u00e0 quatre num\u00e9ros par an (en 2013) renforce l&#8217;engagement de la SCEM au d\u00e9veloppement professionnel.<\/p><p>La SCEM \u00e9tait un membre fondateur de l&#8217;ACPAED en 2000, apr\u00e8s avoir reconnu la n\u00e9cessit\u00e9 d&#8217;avoir des titres de comp\u00e9tence canadiens pour les \u00e9chographistes canadiens, et a \u00e9labor\u00e9 les profils nationaux de comp\u00e9tences en collaboration avec l&#8217;ACPAED. Ces profils constituent d\u00e9sormais la base des deux programmes d&#8217;\u00e9ducation agr\u00e9\u00e9s par l&#8217;AMC et des examens d&#8217;accr\u00e9ditation de l&#8217;ACPAED.<\/p>","protected":false},"excerpt":{"rendered":"<p>\u00c9chographie Canada a \u00e9t\u00e9 cr\u00e9\u00e9e le 1er&nbsp;janvier 2014 par la fusion de la Soci\u00e9t\u00e9 canadienne des \u00e9chographistes m\u00e9dicaux (SCEM) et l&#8217;Association canadienne des professionnels autoris\u00e9s en \u00e9chographie diagnostique (ACPAED). Nous sommes l&#8217;unique voix \u00e0 l&#8217;\u00e9chelle nationale pour la profession d&#8217;\u00e9chographiste au Canada, que nous soutenons en poursuivant les objectifs suivants : Offrir des titres de [&hellip;]<\/p>\n","protected":false},"author":1,"featured_media":0,"parent":435,"menu_order":3,"comment_status":"closed","ping_status":"closed","template":"","meta":{"_acf_changed":false,"advgb_blocks_editor_width":"","advgb_blocks_columns_visual_guide":"","wicket_organization":"","_seat_count":"","_member_id":[],"_edit_last":"99","_start_date":"","_end_date":"","footnotes":""},"class_list":["post-439","page","type-page","status-publish","hentry"],"acf":[],"yoast_head":"<!-- This site is optimized with the Yoast SEO plugin v23.5 - https:\/\/yoast.com\/wordpress\/plugins\/seo\/ -->\n<title>Qui nous sommes - \u00c9chographie Canada<\/title>\n<meta name=\"robots\" content=\"index, follow, max-snippet:-1, max-image-preview:large, max-video-preview:-1\" \/>\n<link rel=\"canonical\" href=\"https:\/\/sonographycanada.ca\/fr\/a-propos\/qui-nous-sommes\" \/>\n<meta property=\"og:locale\" content=\"fr_FR\" \/>\n<meta property=\"og:type\" content=\"article\" \/>\n<meta property=\"og:title\" content=\"Qui nous sommes - \u00c9chographie Canada\" \/>\n<meta property=\"og:description\" content=\"\u00c9chographie Canada a \u00e9t\u00e9 cr\u00e9\u00e9e le 1er&nbsp;janvier 2014 par la fusion de la Soci\u00e9t\u00e9 canadienne des \u00e9chographistes m\u00e9dicaux (SCEM) et l&#8217;Association canadienne des professionnels autoris\u00e9s en \u00e9chographie diagnostique (ACPAED). Nous sommes l&#8217;unique voix \u00e0 l&#8217;\u00e9chelle nationale pour la profession d&#8217;\u00e9chographiste au Canada, que nous soutenons en poursuivant les objectifs suivants : Offrir des titres de [&hellip;]\" \/>\n<meta property=\"og:url\" content=\"https:\/\/sonographycanada.ca\/fr\/a-propos\/qui-nous-sommes\" \/>\n<meta property=\"og:site_name\" content=\"\u00c9chographie Canada\" \/>\n<meta property=\"article:modified_time\" content=\"2019-10-30T17:39:38+00:00\" \/>\n<meta name=\"twitter:card\" content=\"summary_large_image\" \/>\n<meta name=\"twitter:label1\" content=\"Est. reading time\" \/>\n\t<meta name=\"twitter:data1\" content=\"5 minutes\" \/>\n<script type=\"application\/ld+json\" class=\"yoast-schema-graph\">{\"@context\":\"https:\/\/schema.org\",\"@graph\":[{\"@type\":\"WebPage\",\"@id\":\"https:\/\/sonographycanada.ca\/fr\/a-propos\/qui-nous-sommes\",\"url\":\"https:\/\/sonographycanada.ca\/fr\/a-propos\/qui-nous-sommes\",\"name\":\"Qui nous sommes - \u00c9chographie Canada\",\"isPartOf\":{\"@id\":\"https:\/\/sonographycanada.ca\/#website\"},\"datePublished\":\"2019-02-28T18:46:46+00:00\",\"dateModified\":\"2019-10-30T17:39:38+00:00\",\"breadcrumb\":{\"@id\":\"https:\/\/sonographycanada.ca\/fr\/a-propos\/qui-nous-sommes#breadcrumb\"},\"inLanguage\":\"fr-FR\",\"potentialAction\":[{\"@type\":\"ReadAction\",\"target\":[\"https:\/\/sonographycanada.ca\/fr\/a-propos\/qui-nous-sommes\"]}]},{\"@type\":\"BreadcrumbList\",\"@id\":\"https:\/\/sonographycanada.ca\/fr\/a-propos\/qui-nous-sommes#breadcrumb\",\"itemListElement\":[{\"@type\":\"ListItem\",\"position\":1,\"name\":\"Accueil\",\"item\":\"https:\/\/sonographycanada.ca\/fr\"},{\"@type\":\"ListItem\",\"position\":2,\"name\":\"\u00c0 propos\",\"item\":\"https:\/\/sonographycanada.ca\/fr\/a-propos\"},{\"@type\":\"ListItem\",\"position\":3,\"name\":\"Qui nous sommes\"}]},{\"@type\":\"WebSite\",\"@id\":\"https:\/\/sonographycanada.ca\/#website\",\"url\":\"https:\/\/sonographycanada.ca\/\",\"name\":\"\u00c9chographie Canada\",\"description\":\"La voix des \u00e9chographistes m\u00e9dicaux diagnostiques au Canada\",\"potentialAction\":[{\"@type\":\"SearchAction\",\"target\":{\"@type\":\"EntryPoint\",\"urlTemplate\":\"https:\/\/sonographycanada.ca\/?s={search_term_string}\"},\"query-input\":{\"@type\":\"PropertyValueSpecification\",\"valueRequired\":true,\"valueName\":\"search_term_string\"}}],\"inLanguage\":\"fr-FR\"}]}<\/script>\n<!-- \/ Yoast SEO plugin. -->","yoast_head_json":{"title":"Qui nous sommes - \u00c9chographie Canada","robots":{"index":"index","follow":"follow","max-snippet":"max-snippet:-1","max-image-preview":"max-image-preview:large","max-video-preview":"max-video-preview:-1"},"canonical":"https:\/\/sonographycanada.ca\/fr\/a-propos\/qui-nous-sommes","og_locale":"fr_FR","og_type":"article","og_title":"Qui nous sommes - \u00c9chographie Canada","og_description":"\u00c9chographie Canada a \u00e9t\u00e9 cr\u00e9\u00e9e le 1er&nbsp;janvier 2014 par la fusion de la Soci\u00e9t\u00e9 canadienne des \u00e9chographistes m\u00e9dicaux (SCEM) et l&#8217;Association canadienne des professionnels autoris\u00e9s en \u00e9chographie diagnostique (ACPAED). Nous sommes l&#8217;unique voix \u00e0 l&#8217;\u00e9chelle nationale pour la profession d&#8217;\u00e9chographiste au Canada, que nous soutenons en poursuivant les objectifs suivants : Offrir des titres de [&hellip;]","og_url":"https:\/\/sonographycanada.ca\/fr\/a-propos\/qui-nous-sommes","og_site_name":"\u00c9chographie Canada","article_modified_time":"2019-10-30T17:39:38+00:00","twitter_card":"summary_large_image","twitter_misc":{"Est. reading time":"5 minutes"},"schema":{"@context":"https:\/\/schema.org","@graph":[{"@type":"WebPage","@id":"https:\/\/sonographycanada.ca\/fr\/a-propos\/qui-nous-sommes","url":"https:\/\/sonographycanada.ca\/fr\/a-propos\/qui-nous-sommes","name":"Qui nous sommes - \u00c9chographie Canada","isPartOf":{"@id":"https:\/\/sonographycanada.ca\/#website"},"datePublished":"2019-02-28T18:46:46+00:00","dateModified":"2019-10-30T17:39:38+00:00","breadcrumb":{"@id":"https:\/\/sonographycanada.ca\/fr\/a-propos\/qui-nous-sommes#breadcrumb"},"inLanguage":"fr-FR","potentialAction":[{"@type":"ReadAction","target":["https:\/\/sonographycanada.ca\/fr\/a-propos\/qui-nous-sommes"]}]},{"@type":"BreadcrumbList","@id":"https:\/\/sonographycanada.ca\/fr\/a-propos\/qui-nous-sommes#breadcrumb","itemListElement":[{"@type":"ListItem","position":1,"name":"Accueil","item":"https:\/\/sonographycanada.ca\/fr"},{"@type":"ListItem","position":2,"name":"\u00c0 propos","item":"https:\/\/sonographycanada.ca\/fr\/a-propos"},{"@type":"ListItem","position":3,"name":"Qui nous sommes"}]},{"@type":"WebSite","@id":"https:\/\/sonographycanada.ca\/#website","url":"https:\/\/sonographycanada.ca\/","name":"\u00c9chographie Canada","description":"La voix des \u00e9chographistes m\u00e9dicaux diagnostiques au Canada","potentialAction":[{"@type":"SearchAction","target":{"@type":"EntryPoint","urlTemplate":"https:\/\/sonographycanada.ca\/?s={search_term_string}"},"query-input":{"@type":"PropertyValueSpecification","valueRequired":true,"valueName":"search_term_string"}}],"inLanguage":"fr-FR"}]}},"coauthors":[],"author_meta":{"author_link":"https:\/\/sonographycanada.ca\/fr\/author\/admin","display_name":"Kevin Andrews"},"relative_dates":{"created":"Publi\u00e9 7 years il y a","modified":"Mis \u00e0 jour 6 years il y a"},"absolute_dates":{"created":"Publi\u00e9 le f\u00e9vrier 28, 2019","modified":"Mise \u00e0 jour le octobre 30, 2019"},"absolute_dates_time":{"created":"Publi\u00e9 le f\u00e9vrier 28, 2019 6:46 pm","modified":"Mise \u00e0 jour le octobre 30, 2019 5:39 pm"},"featured_img_caption":"","featured_img":false,"series_order":"","_links":{"self":[{"href":"https:\/\/sonographycanada.ca\/fr\/wp-json\/wp\/v2\/pages\/439"}],"collection":[{"href":"https:\/\/sonographycanada.ca\/fr\/wp-json\/wp\/v2\/pages"}],"about":[{"href":"https:\/\/sonographycanada.ca\/fr\/wp-json\/wp\/v2\/types\/page"}],"author":[{"embeddable":true,"href":"https:\/\/sonographycanada.ca\/fr\/wp-json\/wp\/v2\/users\/1"}],"replies":[{"embeddable":true,"href":"https:\/\/sonographycanada.ca\/fr\/wp-json\/wp\/v2\/comments?post=439"}],"version-history":[{"count":6,"href":"https:\/\/sonographycanada.ca\/fr\/wp-json\/wp\/v2\/pages\/439\/revisions"}],"predecessor-version":[{"id":7551,"href":"https:\/\/sonographycanada.ca\/fr\/wp-json\/wp\/v2\/pages\/439\/revisions\/7551"}],"up":[{"embeddable":true,"href":"https:\/\/sonographycanada.ca\/fr\/wp-json\/wp\/v2\/pages\/435"}],"wp:attachment":[{"href":"https:\/\/sonographycanada.ca\/fr\/wp-json\/wp\/v2\/media?parent=439"}],"curies":[{"name":"wp","href":"https:\/\/api.w.org\/{rel}","templated":true}]}}