{"id":441,"date":"2019-02-28T18:52:16","date_gmt":"2019-02-28T18:52:16","guid":{"rendered":"http:\/\/sonographycanada.ca\/?page_id=441"},"modified":"2022-09-09T14:29:18","modified_gmt":"2022-09-09T14:29:18","slug":"conseil-dadministration","status":"publish","type":"page","link":"https:\/\/sonographycanada.ca\/fr\/a-propos\/conseil-dadministration","title":{"rendered":"Conseil d&#8217;administration"},"content":{"rendered":"<hr class=\"wp-block-separator\"\/><p>Chaque ann\u00e9e, les membres d\u2019\u00c9chographie Canada \u00e9lisent un conseil d\u2019administration pour g\u00e9rer les affaires de l\u2019association.&nbsp; Le comit\u00e9 ex\u00e9cutif est compos\u00e9 du pr\u00e9sident, du pr\u00e9sident sortant, du vice-pr\u00e9sident et d&#8217;un tr\u00e9sorier. Le poste de vice-pr\u00e9sident et de tr\u00e9sorier sont combl\u00e9s parmi les trois directeurs sp\u00e9cialis\u00e9s,  trois directeurs r\u00e9gionaux et les quatre directeurs non-d\u00e9sign\u00e9s par mandat sp\u00e9cial.<\/p><h2 class=\"wp-block-heading\"><strong>Conseil d\u2019administration 2022-2023<\/strong><\/h2><div class=\"wp-block-media-text alignwide\" style=\"grid-template-columns:15% auto\"><figure class=\"wp-block-media-text__media\"><img loading=\"lazy\" decoding=\"async\" width=\"482\" height=\"458\" src=\"https:\/\/sonographycanada.ca\/app\/uploads\/2022\/06\/Trottier-Carolyn-2022.gif\" alt=\"\" class=\"wp-image-153589\"\/><\/figure><div class=\"wp-block-media-text__content\"><p class=\"has-normal-font-size\"><strong>Carolyn Trottier<\/strong>, CRGS, CRVS<br>Pr\u00e9sidente<\/p><\/div><\/div><div class=\"wp-block-media-text alignwide\" style=\"grid-template-columns:15% auto\"><figure class=\"wp-block-media-text__media\"><img loading=\"lazy\" decoding=\"async\" width=\"425\" height=\"393\" src=\"https:\/\/sonographycanada.ca\/app\/uploads\/2022\/06\/Lee-Victor-2022.gif\" alt=\"\" class=\"wp-image-153592\"\/><\/figure><div class=\"wp-block-media-text__content\"><p class=\"has-normal-font-size\"><strong>Victor Lee<\/strong>, CRGS, CRCS<br>Pr\u00e9sident sortant<\/p><\/div><\/div><div class=\"wp-block-media-text alignwide\" style=\"grid-template-columns:15% auto\"><figure class=\"wp-block-media-text__media\"><img loading=\"lazy\" decoding=\"async\" width=\"412\" height=\"403\" src=\"https:\/\/sonographycanada.ca\/app\/uploads\/2022\/06\/Chouinard-Nancy-2022.gif\" alt=\"\" class=\"wp-image-153594\"\/><\/figure><div class=\"wp-block-media-text__content\"><p class=\"has-normal-font-size\"><strong>Nancy Chouinard, <\/strong>CRGS, CRCS, CRVS<br>Vice-pr\u00e9sidente<\/p><\/div><\/div><div class=\"wp-block-media-text alignwide\" style=\"grid-template-columns:15% auto\"><figure class=\"wp-block-media-text__media\"><img loading=\"lazy\" decoding=\"async\" width=\"447\" height=\"436\" src=\"https:\/\/sonographycanada.ca\/app\/uploads\/2022\/06\/Wurban-Leanne-2022.gif\" alt=\"\" class=\"wp-image-153596\"\/><\/figure><div class=\"wp-block-media-text__content\"><p class=\"has-normal-font-size\"><strong>Leanne Wurban<\/strong>, CRGS, CRCS-AE, CRVS<br>Tr\u00e9sori\u00e8re<\/p><\/div><\/div><h4 class=\"wp-block-heading\"><strong>DIRECTEURS SP\u00c9CIALIS\u00c9S<\/strong><\/h4><div class=\"wp-block-media-text alignwide\" style=\"grid-template-columns:15% auto\"><figure class=\"wp-block-media-text__media\"><img loading=\"lazy\" decoding=\"async\" width=\"420\" height=\"420\" src=\"https:\/\/sonographycanada.ca\/app\/uploads\/2022\/06\/Greenwood-Simon.jpg\" alt=\"\" class=\"wp-image-153598\" srcset=\"https:\/\/sonographycanada.ca\/app\/uploads\/2022\/06\/Greenwood-Simon.jpg 420w, https:\/\/sonographycanada.ca\/app\/uploads\/2022\/06\/Greenwood-Simon-300x300.jpg 300w, https:\/\/sonographycanada.ca\/app\/uploads\/2022\/06\/Greenwood-Simon-100x100.jpg 100w, https:\/\/sonographycanada.ca\/app\/uploads\/2022\/06\/Greenwood-Simon-150x150.jpg 150w, https:\/\/sonographycanada.ca\/app\/uploads\/2022\/06\/Greenwood-Simon-200x200.jpg 200w\" sizes=\"(max-width: 420px) 100vw, 420px\" \/><\/figure><div class=\"wp-block-media-text__content\"><p class=\"has-normal-font-size\"><strong>Simon Greenwood<\/strong>, CRVS<br>Directeur &#8211; Vasculaire<\/p><\/div><\/div><div class=\"wp-block-media-text alignwide\" style=\"grid-template-columns:15% auto\"><figure class=\"wp-block-media-text__media\"><img loading=\"lazy\" decoding=\"async\" width=\"457\" height=\"486\" src=\"https:\/\/sonographycanada.ca\/app\/uploads\/2022\/06\/Swinnard-Karen-2022.gif\" alt=\"\" class=\"wp-image-153600\"\/><\/figure><div class=\"wp-block-media-text__content\"><p class=\"has-normal-font-size\"><strong>Karen Swinnard<\/strong>, CRGS, CRCS-AE<br>Directeur &#8211; G\u00e9n\u00e9raliste<\/p><\/div><\/div><div class=\"wp-block-media-text alignwide\" style=\"grid-template-columns:15% auto\"><figure class=\"wp-block-media-text__media\"><img loading=\"lazy\" decoding=\"async\" width=\"447\" height=\"436\" src=\"https:\/\/sonographycanada.ca\/app\/uploads\/2022\/06\/Wurban-Leanne-2022.gif\" alt=\"\" class=\"wp-image-153596\"\/><\/figure><div class=\"wp-block-media-text__content\"><p class=\"has-normal-font-size\"><strong>Leanne Wurban<\/strong>, CRGS, CRCS-AE, CRVS<br>Directeur &#8211; Cardiaque<\/p><\/div><\/div><h4 class=\"wp-block-heading\">DIRECTEURS R\u00c9GIONAUX<\/h4><div class=\"wp-block-media-text alignwide\" style=\"grid-template-columns:15% auto\"><figure class=\"wp-block-media-text__media\"><img loading=\"lazy\" decoding=\"async\" width=\"392\" height=\"372\" src=\"https:\/\/sonographycanada.ca\/app\/uploads\/2022\/06\/Ayotte-Carolyn-2022.gif\" alt=\"\" class=\"wp-image-153602\"\/><\/figure><div class=\"wp-block-media-text__content\"><p class=\"has-normal-font-size\"><strong>Carolyn Ayotte<\/strong>, CRCS<br>Directeur &#8211; R\u00e9gion de l&#8217;Est<\/p><\/div><\/div><div class=\"wp-block-media-text alignwide\" style=\"grid-template-columns:15% auto\"><figure class=\"wp-block-media-text__media\"><img loading=\"lazy\" decoding=\"async\" width=\"410\" height=\"382\" src=\"https:\/\/sonographycanada.ca\/app\/uploads\/2022\/06\/Boyer-Gail-2022.gif\" alt=\"\" class=\"wp-image-153604\"\/><\/figure><div class=\"wp-block-media-text__content\"><p class=\"has-normal-font-size\"><strong>Gail Boyer<\/strong>, CRGS, CRCS-AE, CRVS<br>Directeur &#8211; R\u00e9gion de l&#8217;Ouest<\/p><\/div><\/div><div class=\"wp-block-media-text alignwide\" style=\"grid-template-columns:15% auto\"><figure class=\"wp-block-media-text__media\"><img loading=\"lazy\" decoding=\"async\" width=\"456\" height=\"433\" src=\"https:\/\/sonographycanada.ca\/app\/uploads\/2022\/06\/Kinnear-Susan-2022.gif\" alt=\"\" class=\"wp-image-153606\"\/><\/figure><div class=\"wp-block-media-text__content\"><p class=\"has-normal-font-size\"><strong>Susan Kinnear<\/strong>, CRGS<br>Directeur &#8211; R\u00e9gion centrale<\/p><\/div><\/div><h4 class=\"wp-block-heading\">DIRECTEURS NON-D\u00c9SIGN\u00c9S \u00c0 MANDAT SP\u00c9CIAL<\/h4><div class=\"wp-block-media-text alignwide\" style=\"grid-template-columns:15% auto\"><figure class=\"wp-block-media-text__media\"><img loading=\"lazy\" decoding=\"async\" width=\"422\" height=\"412\" src=\"https:\/\/sonographycanada.ca\/app\/uploads\/2022\/06\/Burechailo-Lisa-2022.gif\" alt=\"\" class=\"wp-image-153612\"\/><\/figure><div class=\"wp-block-media-text__content\"><p class=\"has-normal-font-size\"><strong>Lisa Burechailo<\/strong>, CRGS, CRVS<\/p><\/div><\/div><div class=\"wp-block-media-text alignwide\" style=\"grid-template-columns:15% auto\"><figure class=\"wp-block-media-text__media\"><img loading=\"lazy\" decoding=\"async\" width=\"367\" height=\"367\" src=\"https:\/\/sonographycanada.ca\/app\/uploads\/2022\/06\/Morissette-Denny-2022.gif\" alt=\"\" class=\"wp-image-153615\"\/><\/figure><div class=\"wp-block-media-text__content\"><p class=\"has-normal-font-size\"><strong>Denny Morissette<\/strong>, CRGS<\/p><\/div><\/div><div class=\"wp-block-media-text alignwide\" style=\"grid-template-columns:15% auto\"><figure class=\"wp-block-media-text__media\"><img loading=\"lazy\" decoding=\"async\" width=\"427\" height=\"411\" src=\"https:\/\/sonographycanada.ca\/app\/uploads\/2022\/06\/Prince-Laura-2022.gif\" alt=\"\" class=\"wp-image-153617\"\/><\/figure><div class=\"wp-block-media-text__content\"><p class=\"has-normal-font-size\"><strong>Laura Prince<\/strong>, CRGS<\/p><\/div><\/div><h4 class=\"wp-block-heading\">AVISEURS<\/h4><div class=\"wp-block-media-text alignwide\" style=\"grid-template-columns:15% auto\"><figure class=\"wp-block-media-text__media\"><img loading=\"lazy\" decoding=\"async\" width=\"240\" height=\"240\" src=\"https:\/\/sonographycanada.ca\/app\/uploads\/2022\/06\/Babiak-Cathy.jpeg\" alt=\"\" class=\"wp-image-153619\" srcset=\"https:\/\/sonographycanada.ca\/app\/uploads\/2022\/06\/Babiak-Cathy.jpeg 240w, https:\/\/sonographycanada.ca\/app\/uploads\/2022\/06\/Babiak-Cathy-100x100.jpeg 100w, https:\/\/sonographycanada.ca\/app\/uploads\/2022\/06\/Babiak-Cathy-150x150.jpeg 150w, https:\/\/sonographycanada.ca\/app\/uploads\/2022\/06\/Babiak-Cathy-200x200.jpeg 200w\" sizes=\"(max-width: 240px) 100vw, 240px\" \/><\/figure><div class=\"wp-block-media-text__content\"><p class=\"has-normal-font-size\"><strong>Cathy Babiak<\/strong><br>Relations avec les parties prenantes<\/p><\/div><\/div><div class=\"wp-block-media-text alignwide\" style=\"grid-template-columns:15% auto\"><figure class=\"wp-block-media-text__media\"><img loading=\"lazy\" decoding=\"async\" width=\"400\" height=\"432\" src=\"https:\/\/sonographycanada.ca\/app\/uploads\/2022\/06\/Clarke-Susan-2022.gif\" alt=\"\" class=\"wp-image-153621\"\/><\/figure><div class=\"wp-block-media-text__content\"><p class=\"has-normal-font-size\"><strong>Susan Clarke<\/strong><br>Directrice ex\u00e9cutive<\/p><\/div><\/div><div class=\"wp-block-media-text alignwide\" style=\"grid-template-columns:15% auto\"><figure class=\"wp-block-media-text__media\"><img loading=\"lazy\" decoding=\"async\" width=\"441\" height=\"371\" src=\"https:\/\/sonographycanada.ca\/app\/uploads\/2022\/06\/McDonald-Sandy-2022.gif\" alt=\"\" class=\"wp-image-153623\"\/><\/figure><div class=\"wp-block-media-text__content\"><p class=\"has-normal-font-size\"><strong>Sandy McDonald<\/strong><br>Conseiller m\u00e9decin<\/p><\/div><\/div><div class=\"wp-block-media-text alignwide\" style=\"grid-template-columns:15% auto\"><figure class=\"wp-block-media-text__media\"><img loading=\"lazy\" decoding=\"async\" width=\"779\" height=\"780\" src=\"https:\/\/sonographycanada.ca\/app\/uploads\/2022\/09\/Headshot-Lise-Melanson-Francophone-Advisor-2.jpg\" alt=\"\" class=\"wp-image-155782\" srcset=\"https:\/\/sonographycanada.ca\/app\/uploads\/2022\/09\/Headshot-Lise-Melanson-Francophone-Advisor-2.jpg 779w, https:\/\/sonographycanada.ca\/app\/uploads\/2022\/09\/Headshot-Lise-Melanson-Francophone-Advisor-2-300x300.jpg 300w, https:\/\/sonographycanada.ca\/app\/uploads\/2022\/09\/Headshot-Lise-Melanson-Francophone-Advisor-2-100x100.jpg 100w, https:\/\/sonographycanada.ca\/app\/uploads\/2022\/09\/Headshot-Lise-Melanson-Francophone-Advisor-2-600x601.jpg 600w, https:\/\/sonographycanada.ca\/app\/uploads\/2022\/09\/Headshot-Lise-Melanson-Francophone-Advisor-2-150x150.jpg 150w, https:\/\/sonographycanada.ca\/app\/uploads\/2022\/09\/Headshot-Lise-Melanson-Francophone-Advisor-2-768x769.jpg 768w, https:\/\/sonographycanada.ca\/app\/uploads\/2022\/09\/Headshot-Lise-Melanson-Francophone-Advisor-2-200x200.jpg 200w\" sizes=\"(max-width: 779px) 100vw, 779px\" \/><\/figure><div class=\"wp-block-media-text__content\"><p class=\"has-normal-font-size\"><strong>Lise Melanson<\/strong>, CRGS, BSc.<br>Relations francophones<\/p><\/div><\/div><div class=\"wp-block-media-text alignwide\" style=\"grid-template-columns:15% auto\"><figure class=\"wp-block-media-text__media\"><img loading=\"lazy\" decoding=\"async\" width=\"453\" height=\"422\" src=\"https:\/\/sonographycanada.ca\/app\/uploads\/2022\/06\/Tallon-Christin-2022.gif\" alt=\"\" class=\"wp-image-153630\"\/><\/figure><div class=\"wp-block-media-text__content\"><p class=\"has-normal-font-size\"><strong>Christine Tallon<\/strong><br>Conseill\u00e8re \u00e9tudiante<\/p><\/div><\/div>","protected":false},"excerpt":{"rendered":"<p>Chaque ann\u00e9e, les membres d\u2019\u00c9chographie Canada \u00e9lisent un conseil d\u2019administration pour g\u00e9rer les affaires de l\u2019association.&nbsp; Le comit\u00e9 ex\u00e9cutif est compos\u00e9 du pr\u00e9sident, du pr\u00e9sident sortant, du vice-pr\u00e9sident et d&#8217;un tr\u00e9sorier. Le poste de vice-pr\u00e9sident et de tr\u00e9sorier sont combl\u00e9s parmi les trois directeurs sp\u00e9cialis\u00e9s, trois directeurs r\u00e9gionaux et les quatre directeurs non-d\u00e9sign\u00e9s par mandat [&hellip;]<\/p>\n","protected":false},"author":1,"featured_media":0,"parent":435,"menu_order":4,"comment_status":"closed","ping_status":"closed","template":"","meta":{"_acf_changed":false,"advgb_blocks_editor_width":"","advgb_blocks_columns_visual_guide":"","wicket_organization":"","_seat_count":"","_member_id":[],"_edit_last":"6292","_start_date":"","_end_date":"","footnotes":""},"class_list":["post-441","page","type-page","status-publish","hentry"],"acf":[],"yoast_head":"<!-- This site is optimized with the Yoast SEO plugin v23.5 - https:\/\/yoast.com\/wordpress\/plugins\/seo\/ -->\n<title>Conseil d&#039;administration - \u00c9chographie Canada<\/title>\n<meta name=\"robots\" content=\"index, follow, max-snippet:-1, max-image-preview:large, max-video-preview:-1\" \/>\n<link rel=\"canonical\" href=\"https:\/\/sonographycanada.ca\/fr\/a-propos\/conseil-dadministration\" \/>\n<meta property=\"og:locale\" content=\"fr_FR\" \/>\n<meta property=\"og:type\" content=\"article\" \/>\n<meta property=\"og:title\" content=\"Conseil d&#039;administration - \u00c9chographie Canada\" \/>\n<meta property=\"og:description\" content=\"Chaque ann\u00e9e, les membres d\u2019\u00c9chographie Canada \u00e9lisent un conseil d\u2019administration pour g\u00e9rer les affaires de l\u2019association.&nbsp; Le comit\u00e9 ex\u00e9cutif est compos\u00e9 du pr\u00e9sident, du pr\u00e9sident sortant, du vice-pr\u00e9sident et d&#8217;un tr\u00e9sorier. Le poste de vice-pr\u00e9sident et de tr\u00e9sorier sont combl\u00e9s parmi les trois directeurs sp\u00e9cialis\u00e9s, trois directeurs r\u00e9gionaux et les quatre directeurs non-d\u00e9sign\u00e9s par mandat [&hellip;]\" \/>\n<meta property=\"og:url\" content=\"https:\/\/sonographycanada.ca\/fr\/a-propos\/conseil-dadministration\" \/>\n<meta property=\"og:site_name\" content=\"\u00c9chographie Canada\" \/>\n<meta property=\"article:modified_time\" content=\"2022-09-09T14:29:18+00:00\" \/>\n<meta property=\"og:image\" content=\"https:\/\/sonographycanada.ca\/app\/uploads\/2022\/06\/Trottier-Carolyn-2022.gif\" \/>\n<meta name=\"twitter:card\" content=\"summary_large_image\" \/>\n<meta name=\"twitter:label1\" content=\"Est. reading time\" \/>\n\t<meta name=\"twitter:data1\" content=\"1 minute\" \/>\n<script type=\"application\/ld+json\" class=\"yoast-schema-graph\">{\"@context\":\"https:\/\/schema.org\",\"@graph\":[{\"@type\":\"WebPage\",\"@id\":\"https:\/\/sonographycanada.ca\/fr\/a-propos\/conseil-dadministration\",\"url\":\"https:\/\/sonographycanada.ca\/fr\/a-propos\/conseil-dadministration\",\"name\":\"Conseil d'administration - \u00c9chographie Canada\",\"isPartOf\":{\"@id\":\"https:\/\/sonographycanada.ca\/#website\"},\"primaryImageOfPage\":{\"@id\":\"https:\/\/sonographycanada.ca\/fr\/a-propos\/conseil-dadministration#primaryimage\"},\"image\":{\"@id\":\"https:\/\/sonographycanada.ca\/fr\/a-propos\/conseil-dadministration#primaryimage\"},\"thumbnailUrl\":\"https:\/\/sonographycanada.ca\/app\/uploads\/2022\/06\/Trottier-Carolyn-2022.gif\",\"datePublished\":\"2019-02-28T18:52:16+00:00\",\"dateModified\":\"2022-09-09T14:29:18+00:00\",\"breadcrumb\":{\"@id\":\"https:\/\/sonographycanada.ca\/fr\/a-propos\/conseil-dadministration#breadcrumb\"},\"inLanguage\":\"fr-FR\",\"potentialAction\":[{\"@type\":\"ReadAction\",\"target\":[\"https:\/\/sonographycanada.ca\/fr\/a-propos\/conseil-dadministration\"]}]},{\"@type\":\"ImageObject\",\"inLanguage\":\"fr-FR\",\"@id\":\"https:\/\/sonographycanada.ca\/fr\/a-propos\/conseil-dadministration#primaryimage\",\"url\":\"https:\/\/sonographycanada.ca\/app\/uploads\/2022\/06\/Trottier-Carolyn-2022.gif\",\"contentUrl\":\"https:\/\/sonographycanada.ca\/app\/uploads\/2022\/06\/Trottier-Carolyn-2022.gif\"},{\"@type\":\"BreadcrumbList\",\"@id\":\"https:\/\/sonographycanada.ca\/fr\/a-propos\/conseil-dadministration#breadcrumb\",\"itemListElement\":[{\"@type\":\"ListItem\",\"position\":1,\"name\":\"Accueil\",\"item\":\"https:\/\/sonographycanada.ca\/fr\"},{\"@type\":\"ListItem\",\"position\":2,\"name\":\"\u00c0 propos\",\"item\":\"https:\/\/sonographycanada.ca\/fr\/a-propos\"},{\"@type\":\"ListItem\",\"position\":3,\"name\":\"Conseil d&#8217;administration\"}]},{\"@type\":\"WebSite\",\"@id\":\"https:\/\/sonographycanada.ca\/#website\",\"url\":\"https:\/\/sonographycanada.ca\/\",\"name\":\"\u00c9chographie Canada\",\"description\":\"La voix des \u00e9chographistes m\u00e9dicaux diagnostiques au Canada\",\"potentialAction\":[{\"@type\":\"SearchAction\",\"target\":{\"@type\":\"EntryPoint\",\"urlTemplate\":\"https:\/\/sonographycanada.ca\/?s={search_term_string}\"},\"query-input\":{\"@type\":\"PropertyValueSpecification\",\"valueRequired\":true,\"valueName\":\"search_term_string\"}}],\"inLanguage\":\"fr-FR\"}]}<\/script>\n<!-- \/ Yoast SEO plugin. -->","yoast_head_json":{"title":"Conseil d'administration - \u00c9chographie Canada","robots":{"index":"index","follow":"follow","max-snippet":"max-snippet:-1","max-image-preview":"max-image-preview:large","max-video-preview":"max-video-preview:-1"},"canonical":"https:\/\/sonographycanada.ca\/fr\/a-propos\/conseil-dadministration","og_locale":"fr_FR","og_type":"article","og_title":"Conseil d'administration - \u00c9chographie Canada","og_description":"Chaque ann\u00e9e, les membres d\u2019\u00c9chographie Canada \u00e9lisent un conseil d\u2019administration pour g\u00e9rer les affaires de l\u2019association.&nbsp; Le comit\u00e9 ex\u00e9cutif est compos\u00e9 du pr\u00e9sident, du pr\u00e9sident sortant, du vice-pr\u00e9sident et d&#8217;un tr\u00e9sorier. Le poste de vice-pr\u00e9sident et de tr\u00e9sorier sont combl\u00e9s parmi les trois directeurs sp\u00e9cialis\u00e9s, trois directeurs r\u00e9gionaux et les quatre directeurs non-d\u00e9sign\u00e9s par mandat [&hellip;]","og_url":"https:\/\/sonographycanada.ca\/fr\/a-propos\/conseil-dadministration","og_site_name":"\u00c9chographie Canada","article_modified_time":"2022-09-09T14:29:18+00:00","og_image":[{"url":"https:\/\/sonographycanada.ca\/app\/uploads\/2022\/06\/Trottier-Carolyn-2022.gif"}],"twitter_card":"summary_large_image","twitter_misc":{"Est. reading time":"1 minute"},"schema":{"@context":"https:\/\/schema.org","@graph":[{"@type":"WebPage","@id":"https:\/\/sonographycanada.ca\/fr\/a-propos\/conseil-dadministration","url":"https:\/\/sonographycanada.ca\/fr\/a-propos\/conseil-dadministration","name":"Conseil d'administration - \u00c9chographie Canada","isPartOf":{"@id":"https:\/\/sonographycanada.ca\/#website"},"primaryImageOfPage":{"@id":"https:\/\/sonographycanada.ca\/fr\/a-propos\/conseil-dadministration#primaryimage"},"image":{"@id":"https:\/\/sonographycanada.ca\/fr\/a-propos\/conseil-dadministration#primaryimage"},"thumbnailUrl":"https:\/\/sonographycanada.ca\/app\/uploads\/2022\/06\/Trottier-Carolyn-2022.gif","datePublished":"2019-02-28T18:52:16+00:00","dateModified":"2022-09-09T14:29:18+00:00","breadcrumb":{"@id":"https:\/\/sonographycanada.ca\/fr\/a-propos\/conseil-dadministration#breadcrumb"},"inLanguage":"fr-FR","potentialAction":[{"@type":"ReadAction","target":["https:\/\/sonographycanada.ca\/fr\/a-propos\/conseil-dadministration"]}]},{"@type":"ImageObject","inLanguage":"fr-FR","@id":"https:\/\/sonographycanada.ca\/fr\/a-propos\/conseil-dadministration#primaryimage","url":"https:\/\/sonographycanada.ca\/app\/uploads\/2022\/06\/Trottier-Carolyn-2022.gif","contentUrl":"https:\/\/sonographycanada.ca\/app\/uploads\/2022\/06\/Trottier-Carolyn-2022.gif"},{"@type":"BreadcrumbList","@id":"https:\/\/sonographycanada.ca\/fr\/a-propos\/conseil-dadministration#breadcrumb","itemListElement":[{"@type":"ListItem","position":1,"name":"Accueil","item":"https:\/\/sonographycanada.ca\/fr"},{"@type":"ListItem","position":2,"name":"\u00c0 propos","item":"https:\/\/sonographycanada.ca\/fr\/a-propos"},{"@type":"ListItem","position":3,"name":"Conseil d&#8217;administration"}]},{"@type":"WebSite","@id":"https:\/\/sonographycanada.ca\/#website","url":"https:\/\/sonographycanada.ca\/","name":"\u00c9chographie Canada","description":"La voix des \u00e9chographistes m\u00e9dicaux diagnostiques au Canada","potentialAction":[{"@type":"SearchAction","target":{"@type":"EntryPoint","urlTemplate":"https:\/\/sonographycanada.ca\/?s={search_term_string}"},"query-input":{"@type":"PropertyValueSpecification","valueRequired":true,"valueName":"search_term_string"}}],"inLanguage":"fr-FR"}]}},"coauthors":[],"author_meta":{"author_link":"https:\/\/sonographycanada.ca\/fr\/author\/admin","display_name":"Kevin Andrews"},"relative_dates":{"created":"Publi\u00e9 7 years il y a","modified":"Mis \u00e0 jour 4 years il y a"},"absolute_dates":{"created":"Publi\u00e9 le f\u00e9vrier 28, 2019","modified":"Mise \u00e0 jour le septembre 9, 2022"},"absolute_dates_time":{"created":"Publi\u00e9 le f\u00e9vrier 28, 2019 6:52 pm","modified":"Mise \u00e0 jour le septembre 9, 2022 2:29 pm"},"featured_img_caption":"","featured_img":false,"series_order":"","_links":{"self":[{"href":"https:\/\/sonographycanada.ca\/fr\/wp-json\/wp\/v2\/pages\/441"}],"collection":[{"href":"https:\/\/sonographycanada.ca\/fr\/wp-json\/wp\/v2\/pages"}],"about":[{"href":"https:\/\/sonographycanada.ca\/fr\/wp-json\/wp\/v2\/types\/page"}],"author":[{"embeddable":true,"href":"https:\/\/sonographycanada.ca\/fr\/wp-json\/wp\/v2\/users\/1"}],"replies":[{"embeddable":true,"href":"https:\/\/sonographycanada.ca\/fr\/wp-json\/wp\/v2\/comments?post=441"}],"version-history":[{"count":19,"href":"https:\/\/sonographycanada.ca\/fr\/wp-json\/wp\/v2\/pages\/441\/revisions"}],"predecessor-version":[{"id":155784,"href":"https:\/\/sonographycanada.ca\/fr\/wp-json\/wp\/v2\/pages\/441\/revisions\/155784"}],"up":[{"embeddable":true,"href":"https:\/\/sonographycanada.ca\/fr\/wp-json\/wp\/v2\/pages\/435"}],"wp:attachment":[{"href":"https:\/\/sonographycanada.ca\/fr\/wp-json\/wp\/v2\/media?parent=441"}],"curies":[{"name":"wp","href":"https:\/\/api.w.org\/{rel}","templated":true}]}}