{"id":4505,"date":"2019-08-29T18:42:34","date_gmt":"2019-08-29T18:42:34","guid":{"rendered":"https:\/\/sonographycanada.ca\/?page_id=4505"},"modified":"2020-12-10T14:50:29","modified_gmt":"2020-12-10T14:50:29","slug":"article-ou-detude-de-cas-exceptionnel","status":"publish","type":"page","link":"https:\/\/sonographycanada.ca\/fr\/adhesion\/prix-et-bourses\/article-ou-detude-de-cas-exceptionnel","title":{"rendered":"Prix pour un article ou \u00e9tude de cas exceptionnel(le)"},"content":{"rendered":"<p>Ce prix souligne les observations \u00e9crites soumises par des \u00e9chographistes qui cherchent \u00e0 informer, \u00e9duquer et inspirer leurs pairs sur des th\u00e8mes \u00e9ducatifs pertinents au domaine de l\u2019\u00e9chographie ou \u00e0 la profession d\u2019\u00e9chographiste.<\/p><p>Deux cat\u00e9gories existent pour les soumissions&nbsp;:<\/p><ol class=\"wp-block-list\"><li>\u00c9tude de cas<\/li><li>Essai ou analyse documentaire<\/li><\/ol><p><\/p><p><\/p><h4 class=\"wp-block-heading\">A<strong>dmissibilit\u00e9<\/strong> et crit\u00e8res de s\u00e9lection<\/h4><ul class=\"wp-block-list\"><li>Tout candidat doit \u00eatre un membre actif en r\u00e8gle de l\u2019association.<\/li><li>Les soumissions peuvent \u00eatre achemin\u00e9es selon les deux cat\u00e9gories suivantes :<ol><li>\u00e9tude de cas<\/li><li>dissertation ou analyse documentaire<\/li><\/ol><\/li><li>Veuillez consulter le <a rel=\"noreferrer noopener\" href=\"https:\/\/sonographycanada.ca\/app\/uploads\/2019\/03\/SC-Rubric-case-study-article2017.pdf\" target=\"_blank\">formulaire d\u2019\u00e9valuation<\/a> (en anglais seulement \u00e0 l\u2019heure actuelle) afin de vous familiariser avec le processus par lequel les laur\u00e9ats seront s\u00e9lectionn\u00e9s pour chacune des cat\u00e9gories. <\/li><li>Toute soumission doit \u00eatre sauvegard\u00e9e en format PDF.<\/li><li>Afin d&#8217;assurer l&#8217;impartialit\u00e9 du processus de s\u00e9lection, nous n&#8217;accepterons pas les articles ou \u00e9tudes de cas qui contiennent le nom du candidat ou tout autre indicateur personnel. Si votre article ou \u00e9tude de cas est retenu, votre nom sera rajout\u00e9 au moment opportun.<\/li><\/ul><h4 class=\"wp-block-heading\"><strong>Processus de mise en candidature<\/strong><\/h4><ul class=\"wp-block-list\"><li>Veuillez compl\u00e9ter le <a href=\"https:\/\/sonographycanada.ca\/awards-nomination-application-form\">Formulaire de mise en candidature <\/a>(en anglais seulement \u00e0 l\u2019heure actuelle) &nbsp;<\/li><li>Veuillez soumettre une fiche d\u2019information sous forme de dissertation d&#8217;une longueur maximale de 1 500 mots.<\/li><li>L&#8217;\u00e9tude de cas ou la dissertation doit \u00eatre conforme aux <a rel=\"noreferrer noopener\" aria-label=\"exigences reli\u00e9es \u00e0 la publication (opens in a new tab)\" href=\"https:\/\/sonographycanada.ca\/app\/uploads\/2019\/05\/CJMS_Instructions_for_authors-2-Pages-Final-26Apr19F.pdf\" target=\"_blank\">exigences reli\u00e9es \u00e0 la publication<\/a>&nbsp;dans la <em>Revue canadienne d\u2019\u00e9chographie m\u00e9dicale<\/em> (RCEM)<\/li><li>La soumission de tout article ou \u00e9tude de cas doit \u00eatre accompagn\u00e9e d&#8217;un formulaire de mise en candidature.<\/li><li>Il n\u2019y a aucune limite sur le nombre de mises en candidature qui peuvent \u00eatre soumises par un individu.<\/li><li>Les mises en candidature peuvent \u00eatre soumises en fran\u00e7ais ou en anglais. <\/li><\/ul><h4 class=\"wp-block-heading\"><strong>\u00c9tude de cas<\/strong><\/h4><ul class=\"wp-block-list\"><li><strong>R\u00e9sum\u00e9&nbsp;: <\/strong>Un sommaire structur\u00e9 du dossier d\u2019un longueur maximale de 250 mots qui r\u00e9sume le contenu des sections \u00e0 suivre&nbsp;: Introduction, description du dossier, discussion et conclusion.<\/li><li><strong>Introduction&nbsp;:<\/strong> En 3 paragraphes ou moins, veuillez expliquer la signification de cette \u00e9tude de cas et fournir les d\u00e9finitions qui permettront de comprendre le dossier.<\/li><li><strong>Description du dossier&nbsp;:<\/strong> Veuillez inclure les renseignements pertinents tels que les donn\u00e9es d\u00e9mographiques du patient, les ant\u00e9c\u00e9dents du patient, les constatations \u00e9chographiques appuy\u00e9es par l\u2019imagerie diagnostique, les tests en laboratoire, les complications, le diagnostic ainsi que les r\u00e9sultats et traitements.<\/li><li><strong>Discussion&nbsp;:<\/strong> Expliquez bri\u00e8vement l\u2019\u00e9tiologie, la pathophysiologie, le diagnostic diff\u00e9rentiel et le traitement\/pronostic reli\u00e9s \u00e0 cette \u00e9tude de cas.<\/li><li><strong>Conclusion:<\/strong> En un paragraphe, veuillez fournir un r\u00e9sum\u00e9 succinct du dossier et d\u00e9crire son application aux pratiques \u00e9chographiques.   <\/li><\/ul><p>Les individus sont invit\u00e9s \u00e0 consulter la rubrique sur les \u00e9tudes de cas afin de guider la pr\u00e9paration de leurs soumissions.<\/p><a target=\"_blank\" class=\"button button--primary text--centered\" href=\"https:\/\/sonographycanada.ca\/app\/uploads\/2020\/11\/SC-Award-Case-Report-Rubric.pdf\" rel=\"noopener noreferrer\">T\u00e9l\u00e9chargez le document<\/a><h4 class=\"wp-block-heading\"><strong>Dissertation ou analyse documentaire<\/strong><\/h4><ul class=\"wp-block-list\"><li><strong>R\u00e9sum\u00e9&nbsp;: <\/strong>Un sommaire concis de la dissertation ou de l\u2019analyse documentaire.<\/li><li><strong>Introduction&nbsp;: <\/strong>Fournissez des renseignements contextuels et pr\u00e9cisez pourquoi ce sujet a \u00e9t\u00e9 choisi.<\/li><li><strong>Description&nbsp;:<\/strong> Pr\u00e9ciser les titres et sous-titres qui permettront d\u2019organiser le contenu \u00e0 l\u2019appui de votre sujet. <\/li><li><strong>Discussion&nbsp;:<\/strong> Expliquez bri\u00e8vement l\u2019\u00e9tiologie, la pathophysiologie, et le traitement, s\u2019il y a lieu. Identifiez la valeur de cet article. <\/li><li><strong>Conclusion&nbsp;:<\/strong> En un paragraphe, veuillez fournir un r\u00e9sum\u00e9 succinct de la dissertation\/analyse documentaire et d\u00e9crivez son application aux pratiques \u00e9chographiques. <\/li><\/ul><p>Les individus sont invit\u00e9s \u00e0 consulter la rubrique sur les dissertations\/analyse documentaire afin de guider la pr\u00e9paration de leurs soumissions.<\/p><a target=\"_blank\" class=\"button button--primary text--centered\" href=\"https:\/\/sonographycanada.ca\/app\/uploads\/2020\/11\/SC-Award-Essay-and-Literature-Review-Rubric.pdf\" rel=\"noopener noreferrer\">T\u00e9l\u00e9chargez le document<\/a><p><\/p><h4 class=\"wp-block-heading\"><strong>Processus de s\u00e9lection<\/strong><\/h4><ul class=\"wp-block-list\"><li>Le bureau national d\u2019\u00c9chographie Canada acheminera les mises en candidatures re\u00e7ues au comit\u00e9 d\u2019\u00e9valuation aux fins d&#8217;\u00e9valuation.<\/li><\/ul><h4 class=\"wp-block-heading\">\u00c9ch\u00e9anciers<\/h4><p><strong>Toutes les soumissions doivent \u00eatre re\u00e7ues, au plus tard, le 15 f\u00e9vrier 2021.<\/strong><\/p><h4 class=\"wp-block-heading\">Prix<\/h4><ul class=\"wp-block-list\"><li>prix en argent de 500 $<\/li><li>une inscription \u00e0 la conf\u00e9rence annuelle<\/li><li>participation \u00e0 la c\u00e9r\u00e9monie de remise des prix.  Les d\u00e9penses de voyage pour participer \u00e0 la c\u00e9r\u00e9monie seront couverts conform\u00e9ment \u00e0 la politique sur les voyages d&#8217;\u00c9chographie Canada, le cas \u00e9ch\u00e9ant. <\/li><li>un certificat de reconnaissance<\/li><\/ul><h4 class=\"wp-block-heading\">Questions<\/h4><p> Veuillez acheminer vos questions au sujet de ce prix \u00e0\u00a0<a rel=\"noreferrer noopener\" href=\"mailto:awards@sonographycanada.ca\" target=\"_blank\">awards@sonographycanada.ca<\/a>. <\/p>","protected":false},"excerpt":{"rendered":"<p>Ce prix souligne les observations \u00e9crites soumises par des \u00e9chographistes qui cherchent \u00e0 informer, \u00e9duquer et inspirer leurs pairs sur des th\u00e8mes \u00e9ducatifs pertinents au domaine de l\u2019\u00e9chographie ou \u00e0 la profession d\u2019\u00e9chographiste. Deux cat\u00e9gories existent pour les soumissions&nbsp;: \u00c9tude de cas Essai ou analyse documentaire Admissibilit\u00e9 et crit\u00e8res de s\u00e9lection Tout candidat doit \u00eatre [&hellip;]<\/p>\n","protected":false},"author":3814,"featured_media":0,"parent":486,"menu_order":107030,"comment_status":"closed","ping_status":"closed","template":"","meta":{"_acf_changed":false,"advgb_blocks_editor_width":"","advgb_blocks_columns_visual_guide":"","wicket_organization":"","_seat_count":"","_member_id":[],"_edit_last":"1307","_start_date":"","_end_date":"","footnotes":""},"class_list":["post-4505","page","type-page","status-publish","hentry"],"acf":[],"yoast_head":"<!-- This site is optimized with the Yoast SEO plugin v23.5 - https:\/\/yoast.com\/wordpress\/plugins\/seo\/ -->\n<title>Prix pour un article ou \u00e9tude de cas exceptionnel(le) - \u00c9chographie Canada<\/title>\n<meta name=\"robots\" content=\"index, follow, max-snippet:-1, max-image-preview:large, max-video-preview:-1\" \/>\n<link rel=\"canonical\" href=\"https:\/\/sonographycanada.ca\/fr\/adhesion\/prix-et-bourses\/article-ou-detude-de-cas-exceptionnel\" \/>\n<meta property=\"og:locale\" content=\"fr_FR\" \/>\n<meta property=\"og:type\" content=\"article\" \/>\n<meta property=\"og:title\" content=\"Prix pour un article ou \u00e9tude de cas exceptionnel(le) - \u00c9chographie Canada\" \/>\n<meta property=\"og:description\" content=\"Ce prix souligne les observations \u00e9crites soumises par des \u00e9chographistes qui cherchent \u00e0 informer, \u00e9duquer et inspirer leurs pairs sur des th\u00e8mes \u00e9ducatifs pertinents au domaine de l\u2019\u00e9chographie ou \u00e0 la profession d\u2019\u00e9chographiste. Deux cat\u00e9gories existent pour les soumissions&nbsp;: \u00c9tude de cas Essai ou analyse documentaire Admissibilit\u00e9 et crit\u00e8res de s\u00e9lection Tout candidat doit \u00eatre [&hellip;]\" \/>\n<meta property=\"og:url\" content=\"https:\/\/sonographycanada.ca\/fr\/adhesion\/prix-et-bourses\/article-ou-detude-de-cas-exceptionnel\" \/>\n<meta property=\"og:site_name\" content=\"\u00c9chographie Canada\" \/>\n<meta property=\"article:modified_time\" content=\"2020-12-10T14:50:29+00:00\" \/>\n<meta name=\"twitter:card\" content=\"summary_large_image\" \/>\n<meta name=\"twitter:label1\" content=\"Est. reading time\" \/>\n\t<meta name=\"twitter:data1\" content=\"3 minutes\" \/>\n<script type=\"application\/ld+json\" class=\"yoast-schema-graph\">{\"@context\":\"https:\/\/schema.org\",\"@graph\":[{\"@type\":\"WebPage\",\"@id\":\"https:\/\/sonographycanada.ca\/fr\/adhesion\/prix-et-bourses\/article-ou-detude-de-cas-exceptionnel\",\"url\":\"https:\/\/sonographycanada.ca\/fr\/adhesion\/prix-et-bourses\/article-ou-detude-de-cas-exceptionnel\",\"name\":\"Prix pour un article ou \u00e9tude de cas exceptionnel(le) - \u00c9chographie Canada\",\"isPartOf\":{\"@id\":\"https:\/\/sonographycanada.ca\/#website\"},\"datePublished\":\"2019-08-29T18:42:34+00:00\",\"dateModified\":\"2020-12-10T14:50:29+00:00\",\"breadcrumb\":{\"@id\":\"https:\/\/sonographycanada.ca\/fr\/adhesion\/prix-et-bourses\/article-ou-detude-de-cas-exceptionnel#breadcrumb\"},\"inLanguage\":\"fr-FR\",\"potentialAction\":[{\"@type\":\"ReadAction\",\"target\":[\"https:\/\/sonographycanada.ca\/fr\/adhesion\/prix-et-bourses\/article-ou-detude-de-cas-exceptionnel\"]}]},{\"@type\":\"BreadcrumbList\",\"@id\":\"https:\/\/sonographycanada.ca\/fr\/adhesion\/prix-et-bourses\/article-ou-detude-de-cas-exceptionnel#breadcrumb\",\"itemListElement\":[{\"@type\":\"ListItem\",\"position\":1,\"name\":\"Accueil\",\"item\":\"https:\/\/sonographycanada.ca\/fr\"},{\"@type\":\"ListItem\",\"position\":2,\"name\":\"Adh\u00e9sion\",\"item\":\"https:\/\/sonographycanada.ca\/fr\/adhesion\"},{\"@type\":\"ListItem\",\"position\":3,\"name\":\"Prix et bourses\",\"item\":\"https:\/\/sonographycanada.ca\/fr\/adhesion\/prix-et-bourses\"},{\"@type\":\"ListItem\",\"position\":4,\"name\":\"Prix pour un article ou \u00e9tude de cas exceptionnel(le)\"}]},{\"@type\":\"WebSite\",\"@id\":\"https:\/\/sonographycanada.ca\/#website\",\"url\":\"https:\/\/sonographycanada.ca\/\",\"name\":\"\u00c9chographie Canada\",\"description\":\"La voix des \u00e9chographistes m\u00e9dicaux diagnostiques au Canada\",\"potentialAction\":[{\"@type\":\"SearchAction\",\"target\":{\"@type\":\"EntryPoint\",\"urlTemplate\":\"https:\/\/sonographycanada.ca\/?s={search_term_string}\"},\"query-input\":{\"@type\":\"PropertyValueSpecification\",\"valueRequired\":true,\"valueName\":\"search_term_string\"}}],\"inLanguage\":\"fr-FR\"}]}<\/script>\n<!-- \/ Yoast SEO plugin. -->","yoast_head_json":{"title":"Prix pour un article ou \u00e9tude de cas exceptionnel(le) - \u00c9chographie Canada","robots":{"index":"index","follow":"follow","max-snippet":"max-snippet:-1","max-image-preview":"max-image-preview:large","max-video-preview":"max-video-preview:-1"},"canonical":"https:\/\/sonographycanada.ca\/fr\/adhesion\/prix-et-bourses\/article-ou-detude-de-cas-exceptionnel","og_locale":"fr_FR","og_type":"article","og_title":"Prix pour un article ou \u00e9tude de cas exceptionnel(le) - \u00c9chographie Canada","og_description":"Ce prix souligne les observations \u00e9crites soumises par des \u00e9chographistes qui cherchent \u00e0 informer, \u00e9duquer et inspirer leurs pairs sur des th\u00e8mes \u00e9ducatifs pertinents au domaine de l\u2019\u00e9chographie ou \u00e0 la profession d\u2019\u00e9chographiste. Deux cat\u00e9gories existent pour les soumissions&nbsp;: \u00c9tude de cas Essai ou analyse documentaire Admissibilit\u00e9 et crit\u00e8res de s\u00e9lection Tout candidat doit \u00eatre [&hellip;]","og_url":"https:\/\/sonographycanada.ca\/fr\/adhesion\/prix-et-bourses\/article-ou-detude-de-cas-exceptionnel","og_site_name":"\u00c9chographie Canada","article_modified_time":"2020-12-10T14:50:29+00:00","twitter_card":"summary_large_image","twitter_misc":{"Est. reading time":"3 minutes"},"schema":{"@context":"https:\/\/schema.org","@graph":[{"@type":"WebPage","@id":"https:\/\/sonographycanada.ca\/fr\/adhesion\/prix-et-bourses\/article-ou-detude-de-cas-exceptionnel","url":"https:\/\/sonographycanada.ca\/fr\/adhesion\/prix-et-bourses\/article-ou-detude-de-cas-exceptionnel","name":"Prix pour un article ou \u00e9tude de cas exceptionnel(le) - \u00c9chographie Canada","isPartOf":{"@id":"https:\/\/sonographycanada.ca\/#website"},"datePublished":"2019-08-29T18:42:34+00:00","dateModified":"2020-12-10T14:50:29+00:00","breadcrumb":{"@id":"https:\/\/sonographycanada.ca\/fr\/adhesion\/prix-et-bourses\/article-ou-detude-de-cas-exceptionnel#breadcrumb"},"inLanguage":"fr-FR","potentialAction":[{"@type":"ReadAction","target":["https:\/\/sonographycanada.ca\/fr\/adhesion\/prix-et-bourses\/article-ou-detude-de-cas-exceptionnel"]}]},{"@type":"BreadcrumbList","@id":"https:\/\/sonographycanada.ca\/fr\/adhesion\/prix-et-bourses\/article-ou-detude-de-cas-exceptionnel#breadcrumb","itemListElement":[{"@type":"ListItem","position":1,"name":"Accueil","item":"https:\/\/sonographycanada.ca\/fr"},{"@type":"ListItem","position":2,"name":"Adh\u00e9sion","item":"https:\/\/sonographycanada.ca\/fr\/adhesion"},{"@type":"ListItem","position":3,"name":"Prix et bourses","item":"https:\/\/sonographycanada.ca\/fr\/adhesion\/prix-et-bourses"},{"@type":"ListItem","position":4,"name":"Prix pour un article ou \u00e9tude de cas exceptionnel(le)"}]},{"@type":"WebSite","@id":"https:\/\/sonographycanada.ca\/#website","url":"https:\/\/sonographycanada.ca\/","name":"\u00c9chographie Canada","description":"La voix des \u00e9chographistes m\u00e9dicaux diagnostiques au Canada","potentialAction":[{"@type":"SearchAction","target":{"@type":"EntryPoint","urlTemplate":"https:\/\/sonographycanada.ca\/?s={search_term_string}"},"query-input":{"@type":"PropertyValueSpecification","valueRequired":true,"valueName":"search_term_string"}}],"inLanguage":"fr-FR"}]}},"coauthors":[],"author_meta":{"author_link":"https:\/\/sonographycanada.ca\/fr\/author\/e044d7bb-fddd-4577-8154-1c807e477568","display_name":"Jay Ferguson"},"relative_dates":{"created":"Publi\u00e9 7 years il y a","modified":"Mis \u00e0 jour 5 years il y a"},"absolute_dates":{"created":"Publi\u00e9 le ao\u00fbt 29, 2019","modified":"Mise \u00e0 jour le d\u00e9cembre 10, 2020"},"absolute_dates_time":{"created":"Publi\u00e9 le ao\u00fbt 29, 2019 6:42 pm","modified":"Mise \u00e0 jour le d\u00e9cembre 10, 2020 2:50 pm"},"featured_img_caption":"","featured_img":false,"series_order":"","_links":{"self":[{"href":"https:\/\/sonographycanada.ca\/fr\/wp-json\/wp\/v2\/pages\/4505"}],"collection":[{"href":"https:\/\/sonographycanada.ca\/fr\/wp-json\/wp\/v2\/pages"}],"about":[{"href":"https:\/\/sonographycanada.ca\/fr\/wp-json\/wp\/v2\/types\/page"}],"author":[{"embeddable":true,"href":"https:\/\/sonographycanada.ca\/fr\/wp-json\/wp\/v2\/users\/3814"}],"replies":[{"embeddable":true,"href":"https:\/\/sonographycanada.ca\/fr\/wp-json\/wp\/v2\/comments?post=4505"}],"version-history":[{"count":19,"href":"https:\/\/sonographycanada.ca\/fr\/wp-json\/wp\/v2\/pages\/4505\/revisions"}],"predecessor-version":[{"id":117859,"href":"https:\/\/sonographycanada.ca\/fr\/wp-json\/wp\/v2\/pages\/4505\/revisions\/117859"}],"up":[{"embeddable":true,"href":"https:\/\/sonographycanada.ca\/fr\/wp-json\/wp\/v2\/pages\/486"}],"wp:attachment":[{"href":"https:\/\/sonographycanada.ca\/fr\/wp-json\/wp\/v2\/media?parent=4505"}],"curies":[{"name":"wp","href":"https:\/\/api.w.org\/{rel}","templated":true}]}}