{"id":4507,"date":"2019-08-29T19:21:33","date_gmt":"2019-08-29T19:21:33","guid":{"rendered":"https:\/\/sonographycanada.ca\/?page_id=4507"},"modified":"2021-12-09T11:32:13","modified_gmt":"2021-12-09T11:32:13","slug":"prix-%e2%80%8b%e2%80%8bde-mentorat-exceptionnel","status":"publish","type":"page","link":"https:\/\/sonographycanada.ca\/fr\/adhesion\/prix-et-bourses\/prix-%e2%80%8b%e2%80%8bde-mentorat-exceptionnel","title":{"rendered":"Prix \u200b\u200bpour le mentorat exceptionnel"},"content":{"rendered":"<p>Ce prix reconnait les membres actuels qui incarnent l\u2019excellence en leadership professionnel et sont reconnus \u00e0 titre de mentors remarquables. Les mentors peuvent agir \u00e0 titre d\u2019aviseur, d\u2019expert qui partage librement leurs connaissances et\/ou un coll\u00e8gue de soutien qui offre de l\u2019encouragement tant sur le plan moral qu\u2019affectif. Autrement dit, ce sont des membres qui savent inspirer les autres.  <\/p><p>\u00c9chographie Canada souhaite reconna\u00eetre ces mentors exemplaires dont les efforts viennent rench\u00e9rir notre profession en motivant leurs coll\u00e8gues et en contribuant \u00e0 l\u2019am\u00e9lioration de leurs comp\u00e9tences et potentiel. <\/p><h4 class=\"wp-block-heading\"><strong>Admissibilit\u00e9<\/strong> et crit\u00e8res de s\u00e9lection<\/h4><ul class=\"wp-block-list\"><li>Tout candidat doit \u00eatre un membre actif en r\u00e8gle d&#8217;\u00c9chographie Canada.<\/li><li> Veuillez consulter le <a rel=\"noreferrer noopener\" href=\"https:\/\/sonographycanada.ca\/app\/uploads\/2019\/03\/SC-Outstanding-Mentorship-Award-Nomination-Rubric-2.pdf\" target=\"_blank\">formulaire d\u2019\u00e9valuation<\/a> (en anglais seulement \u00e0 l\u2019heure actuelle) afin de vous familiariser avec les param\u00e8tre en fonction desquels les laur\u00e9ats seront s\u00e9lectionn\u00e9s. <\/li><li>Toute mise en candidature doit \u00eatre accompagn\u00e9e d&#8217;une dissertation qui offre une r\u00e9ponse d&#8217;une longueur maximale de 250 mots \u00e0 chacune des questions suivantes :<ol><li>Comment avez-vous \u00e9t\u00e9 inspir\u00e9 par le candidat?<\/li><li>Comment le candidat a-t-il contribu\u00e9 \u00e0 vos connaissances et \u00e0 vos comp\u00e9tences professionnelles en \u00e9chographie?<\/li><li>Comment le soutien du candidat vous a-t-il incit\u00e9 \u00e0 explorer des occasions que vous n&#8217;auriez pas consid\u00e9r\u00e9 autrement?<\/li><li>Est-ce que les qualit\u00e9s de mentor du candidat ont influenc\u00e9 d&#8217;autres personnes au sein de votre communaut\u00e9 de praticiens? Veuillez fournir des exemples.<\/li><\/ol><\/li><li>Afin d&#8217;assurer l&#8217;impartialit\u00e9 du processus de s\u00e9lection, nous n&#8217;accepterons pas de dissertations qui contiennent le nom du candidat ou de tout autre indicateur personnel.<\/li><\/ul><h4 class=\"wp-block-heading\"><strong>Processus de <\/strong>mise en candidature<\/h4><ul class=\"wp-block-list\"><li>Veuillez compl\u00e9ter le <a href=\"https:\/\/sonographycanada.ca\/awards-nomination-application-form\">Formulaire de mise en candidature<\/a> (en anglais seulement \u00e0 l\u2019heure actuelle) et fournir une r\u00e9ponse d&#8217;une longueur maximale de 250 mots \u00e0 chacune des quatre questions ci-haut mentionn\u00e9es.<\/li><li>Il n\u2019y a aucune limite sur le nombre de mises en candidature qui peuvent \u00eatre soumises par un individu.<\/li><li>Les mises en candidature peuvent \u00eatre soumises en fran\u00e7ais ou en anglais. <\/li><\/ul><h4 class=\"wp-block-heading\"><strong>Processus de s\u00e9lection<\/strong><\/h4><ul class=\"wp-block-list\"><li>Le bureau national d\u2019\u00c9chographie Canada acheminera les mises en candidatures re\u00e7ues au comit\u00e9 des bourses et des prix aux fins d&#8217;\u00e9valuation.<\/li><\/ul><h4 class=\"wp-block-heading\"><strong>\u00c9ch\u00e9anciers<\/strong><\/h4><p><strong>Toutes les soumissions doivent \u00eatre re\u00e7ues, au plus tard, le 15 f\u00e9vrier 2021.<\/strong><\/p><h4 class=\"wp-block-heading\"><strong>Prix<\/strong><\/h4><ul class=\"wp-block-list\"><li>une inscription \u00e0 la conf\u00e9rence annuelle<\/li><li>participation \u00e0 la c\u00e9r\u00e9monie de remise des prix. Les d\u00e9penses de voyage pour participer \u00e0 la c\u00e9r\u00e9monie seront couverts conform\u00e9ment \u00e0 la politique sur les voyages d&#8217;\u00c9chographie Canada, le cas \u00e9ch\u00e9ant.<\/li><li>un certificat de reconnaissance.<\/li><\/ul><h4 class=\"wp-block-heading\">Questions<\/h4><p> Veuillez acheminer vos questions au sujet de ce prix \u00e0&nbsp;<a rel=\"noreferrer noopener\" href=\"mailto:awards@sonographycanada.ca\" target=\"_blank\">awards@sonographycanada.ca<\/a>. <\/p>","protected":false},"excerpt":{"rendered":"<p>Ce prix reconnait les membres actuels qui incarnent l\u2019excellence en leadership professionnel et sont reconnus \u00e0 titre de mentors remarquables. Les mentors peuvent agir \u00e0 titre d\u2019aviseur, d\u2019expert qui partage librement leurs connaissances et\/ou un coll\u00e8gue de soutien qui offre de l\u2019encouragement tant sur le plan moral qu\u2019affectif. Autrement dit, ce sont des membres qui [&hellip;]<\/p>\n","protected":false},"author":3814,"featured_media":0,"parent":486,"menu_order":107050,"comment_status":"closed","ping_status":"closed","template":"","meta":{"_acf_changed":false,"advgb_blocks_editor_width":"","advgb_blocks_columns_visual_guide":"","wicket_organization":"","_seat_count":"","_member_id":[],"_edit_last":"1307","_start_date":"","_end_date":"","footnotes":""},"class_list":["post-4507","page","type-page","status-publish","hentry"],"acf":[],"yoast_head":"<!-- This site is optimized with the Yoast SEO plugin v23.5 - https:\/\/yoast.com\/wordpress\/plugins\/seo\/ -->\n<title>Prix \u200b\u200bpour le mentorat exceptionnel - \u00c9chographie Canada<\/title>\n<meta name=\"robots\" content=\"index, follow, max-snippet:-1, max-image-preview:large, max-video-preview:-1\" \/>\n<link rel=\"canonical\" href=\"https:\/\/sonographycanada.ca\/fr\/adhesion\/prix-et-bourses\/prix-\u200b\u200bde-mentorat-exceptionnel\" \/>\n<meta property=\"og:locale\" content=\"fr_FR\" \/>\n<meta property=\"og:type\" content=\"article\" \/>\n<meta property=\"og:title\" content=\"Prix \u200b\u200bpour le mentorat exceptionnel - \u00c9chographie Canada\" \/>\n<meta property=\"og:description\" content=\"Ce prix reconnait les membres actuels qui incarnent l\u2019excellence en leadership professionnel et sont reconnus \u00e0 titre de mentors remarquables. Les mentors peuvent agir \u00e0 titre d\u2019aviseur, d\u2019expert qui partage librement leurs connaissances et\/ou un coll\u00e8gue de soutien qui offre de l\u2019encouragement tant sur le plan moral qu\u2019affectif. Autrement dit, ce sont des membres qui [&hellip;]\" \/>\n<meta property=\"og:url\" content=\"https:\/\/sonographycanada.ca\/fr\/adhesion\/prix-et-bourses\/prix-\u200b\u200bde-mentorat-exceptionnel\" \/>\n<meta property=\"og:site_name\" content=\"\u00c9chographie Canada\" \/>\n<meta property=\"article:modified_time\" content=\"2021-12-09T11:32:13+00:00\" \/>\n<meta name=\"twitter:card\" content=\"summary_large_image\" \/>\n<meta name=\"twitter:label1\" content=\"Est. reading time\" \/>\n\t<meta name=\"twitter:data1\" content=\"2 minutes\" \/>\n<script type=\"application\/ld+json\" class=\"yoast-schema-graph\">{\"@context\":\"https:\/\/schema.org\",\"@graph\":[{\"@type\":\"WebPage\",\"@id\":\"https:\/\/sonographycanada.ca\/fr\/adhesion\/prix-et-bourses\/prix-%e2%80%8b%e2%80%8bde-mentorat-exceptionnel\",\"url\":\"https:\/\/sonographycanada.ca\/fr\/adhesion\/prix-et-bourses\/prix-%e2%80%8b%e2%80%8bde-mentorat-exceptionnel\",\"name\":\"Prix \u200b\u200bpour le mentorat exceptionnel - \u00c9chographie Canada\",\"isPartOf\":{\"@id\":\"https:\/\/sonographycanada.ca\/#website\"},\"datePublished\":\"2019-08-29T19:21:33+00:00\",\"dateModified\":\"2021-12-09T11:32:13+00:00\",\"breadcrumb\":{\"@id\":\"https:\/\/sonographycanada.ca\/fr\/adhesion\/prix-et-bourses\/prix-%e2%80%8b%e2%80%8bde-mentorat-exceptionnel#breadcrumb\"},\"inLanguage\":\"fr-FR\",\"potentialAction\":[{\"@type\":\"ReadAction\",\"target\":[\"https:\/\/sonographycanada.ca\/fr\/adhesion\/prix-et-bourses\/prix-%e2%80%8b%e2%80%8bde-mentorat-exceptionnel\"]}]},{\"@type\":\"BreadcrumbList\",\"@id\":\"https:\/\/sonographycanada.ca\/fr\/adhesion\/prix-et-bourses\/prix-%e2%80%8b%e2%80%8bde-mentorat-exceptionnel#breadcrumb\",\"itemListElement\":[{\"@type\":\"ListItem\",\"position\":1,\"name\":\"Accueil\",\"item\":\"https:\/\/sonographycanada.ca\/fr\"},{\"@type\":\"ListItem\",\"position\":2,\"name\":\"Adh\u00e9sion\",\"item\":\"https:\/\/sonographycanada.ca\/fr\/adhesion\"},{\"@type\":\"ListItem\",\"position\":3,\"name\":\"Prix et bourses\",\"item\":\"https:\/\/sonographycanada.ca\/fr\/adhesion\/prix-et-bourses\"},{\"@type\":\"ListItem\",\"position\":4,\"name\":\"Prix \u200b\u200bpour le mentorat exceptionnel\"}]},{\"@type\":\"WebSite\",\"@id\":\"https:\/\/sonographycanada.ca\/#website\",\"url\":\"https:\/\/sonographycanada.ca\/\",\"name\":\"\u00c9chographie Canada\",\"description\":\"La voix des \u00e9chographistes m\u00e9dicaux diagnostiques au Canada\",\"potentialAction\":[{\"@type\":\"SearchAction\",\"target\":{\"@type\":\"EntryPoint\",\"urlTemplate\":\"https:\/\/sonographycanada.ca\/?s={search_term_string}\"},\"query-input\":{\"@type\":\"PropertyValueSpecification\",\"valueRequired\":true,\"valueName\":\"search_term_string\"}}],\"inLanguage\":\"fr-FR\"}]}<\/script>\n<!-- \/ Yoast SEO plugin. -->","yoast_head_json":{"title":"Prix \u200b\u200bpour le mentorat exceptionnel - \u00c9chographie Canada","robots":{"index":"index","follow":"follow","max-snippet":"max-snippet:-1","max-image-preview":"max-image-preview:large","max-video-preview":"max-video-preview:-1"},"canonical":"https:\/\/sonographycanada.ca\/fr\/adhesion\/prix-et-bourses\/prix-\u200b\u200bde-mentorat-exceptionnel","og_locale":"fr_FR","og_type":"article","og_title":"Prix \u200b\u200bpour le mentorat exceptionnel - \u00c9chographie Canada","og_description":"Ce prix reconnait les membres actuels qui incarnent l\u2019excellence en leadership professionnel et sont reconnus \u00e0 titre de mentors remarquables. Les mentors peuvent agir \u00e0 titre d\u2019aviseur, d\u2019expert qui partage librement leurs connaissances et\/ou un coll\u00e8gue de soutien qui offre de l\u2019encouragement tant sur le plan moral qu\u2019affectif. Autrement dit, ce sont des membres qui [&hellip;]","og_url":"https:\/\/sonographycanada.ca\/fr\/adhesion\/prix-et-bourses\/prix-\u200b\u200bde-mentorat-exceptionnel","og_site_name":"\u00c9chographie Canada","article_modified_time":"2021-12-09T11:32:13+00:00","twitter_card":"summary_large_image","twitter_misc":{"Est. reading time":"2 minutes"},"schema":{"@context":"https:\/\/schema.org","@graph":[{"@type":"WebPage","@id":"https:\/\/sonographycanada.ca\/fr\/adhesion\/prix-et-bourses\/prix-%e2%80%8b%e2%80%8bde-mentorat-exceptionnel","url":"https:\/\/sonographycanada.ca\/fr\/adhesion\/prix-et-bourses\/prix-%e2%80%8b%e2%80%8bde-mentorat-exceptionnel","name":"Prix \u200b\u200bpour le mentorat exceptionnel - \u00c9chographie Canada","isPartOf":{"@id":"https:\/\/sonographycanada.ca\/#website"},"datePublished":"2019-08-29T19:21:33+00:00","dateModified":"2021-12-09T11:32:13+00:00","breadcrumb":{"@id":"https:\/\/sonographycanada.ca\/fr\/adhesion\/prix-et-bourses\/prix-%e2%80%8b%e2%80%8bde-mentorat-exceptionnel#breadcrumb"},"inLanguage":"fr-FR","potentialAction":[{"@type":"ReadAction","target":["https:\/\/sonographycanada.ca\/fr\/adhesion\/prix-et-bourses\/prix-%e2%80%8b%e2%80%8bde-mentorat-exceptionnel"]}]},{"@type":"BreadcrumbList","@id":"https:\/\/sonographycanada.ca\/fr\/adhesion\/prix-et-bourses\/prix-%e2%80%8b%e2%80%8bde-mentorat-exceptionnel#breadcrumb","itemListElement":[{"@type":"ListItem","position":1,"name":"Accueil","item":"https:\/\/sonographycanada.ca\/fr"},{"@type":"ListItem","position":2,"name":"Adh\u00e9sion","item":"https:\/\/sonographycanada.ca\/fr\/adhesion"},{"@type":"ListItem","position":3,"name":"Prix et bourses","item":"https:\/\/sonographycanada.ca\/fr\/adhesion\/prix-et-bourses"},{"@type":"ListItem","position":4,"name":"Prix \u200b\u200bpour le mentorat exceptionnel"}]},{"@type":"WebSite","@id":"https:\/\/sonographycanada.ca\/#website","url":"https:\/\/sonographycanada.ca\/","name":"\u00c9chographie Canada","description":"La voix des \u00e9chographistes m\u00e9dicaux diagnostiques au Canada","potentialAction":[{"@type":"SearchAction","target":{"@type":"EntryPoint","urlTemplate":"https:\/\/sonographycanada.ca\/?s={search_term_string}"},"query-input":{"@type":"PropertyValueSpecification","valueRequired":true,"valueName":"search_term_string"}}],"inLanguage":"fr-FR"}]}},"coauthors":[],"author_meta":{"author_link":"https:\/\/sonographycanada.ca\/fr\/author\/e044d7bb-fddd-4577-8154-1c807e477568","display_name":"Jay Ferguson"},"relative_dates":{"created":"Publi\u00e9 7 years il y a","modified":"Mis \u00e0 jour 4 years il y a"},"absolute_dates":{"created":"Publi\u00e9 le ao\u00fbt 29, 2019","modified":"Mise \u00e0 jour le d\u00e9cembre 9, 2021"},"absolute_dates_time":{"created":"Publi\u00e9 le ao\u00fbt 29, 2019 7:21 pm","modified":"Mise \u00e0 jour le d\u00e9cembre 9, 2021 11:32 am"},"featured_img_caption":"","featured_img":false,"series_order":"","_links":{"self":[{"href":"https:\/\/sonographycanada.ca\/fr\/wp-json\/wp\/v2\/pages\/4507"}],"collection":[{"href":"https:\/\/sonographycanada.ca\/fr\/wp-json\/wp\/v2\/pages"}],"about":[{"href":"https:\/\/sonographycanada.ca\/fr\/wp-json\/wp\/v2\/types\/page"}],"author":[{"embeddable":true,"href":"https:\/\/sonographycanada.ca\/fr\/wp-json\/wp\/v2\/users\/3814"}],"replies":[{"embeddable":true,"href":"https:\/\/sonographycanada.ca\/fr\/wp-json\/wp\/v2\/comments?post=4507"}],"version-history":[{"count":12,"href":"https:\/\/sonographycanada.ca\/fr\/wp-json\/wp\/v2\/pages\/4507\/revisions"}],"predecessor-version":[{"id":141465,"href":"https:\/\/sonographycanada.ca\/fr\/wp-json\/wp\/v2\/pages\/4507\/revisions\/141465"}],"up":[{"embeddable":true,"href":"https:\/\/sonographycanada.ca\/fr\/wp-json\/wp\/v2\/pages\/486"}],"wp:attachment":[{"href":"https:\/\/sonographycanada.ca\/fr\/wp-json\/wp\/v2\/media?parent=4507"}],"curies":[{"name":"wp","href":"https:\/\/api.w.org\/{rel}","templated":true}]}}