{"id":4532,"date":"2019-06-01T01:33:32","date_gmt":"2019-06-01T01:33:32","guid":{"rendered":"https:\/\/sonographycanada.ca\/?page_id=4532"},"modified":"2021-09-30T17:46:21","modified_gmt":"2021-09-30T17:46:21","slug":"a-quoi-sattendre-au-cours-dun-examen-echographique","status":"publish","type":"page","link":"https:\/\/sonographycanada.ca\/fr\/concernant-echographie\/a-quoi-sattendre-au-cours-dun-examen-echographique","title":{"rendered":"\u00c0 quoi s\u2019attendre au cours d\u2019un examen \u00e9chographique"},"content":{"rendered":"<p>Voici \u00e0 quoi vous devriez vous attendre si votre m\u00e9decin vous renvoie \u00e0 une clinique d\u2019\u00e9chographie ou demande qu\u2019on r\u00e9alise un examen \u00e9chographique.&nbsp; D\u2019abord, on estime que l\u2019\u00e9chographie est s\u00e9curitaire entre les mains d\u2019un \u00e9chographiste qualifi\u00e9 et d\u00e9tenteur d\u2019un titre de comp\u00e9tence et faisant l\u2019objet d\u2019une surveillance adapt\u00e9e.&nbsp;<\/p><p>Avant votre examen, l\u2019h\u00f4pital ou la clinique pourrait vous fournir de l\u2019information vous indiquant comment vous pr\u00e9parer \u00e0 l\u2019examen \u00e9chographique.&nbsp; Ces consignes peuvent \u00eatre essentielles \u00e0 un test complet ou optimal. Il est dans votre int\u00e9r\u00eat de les suivre \u00e0 la lettre.&nbsp;&nbsp; Une \u00e9chographie est un examen m\u00e9dical. \u00c0 l\u2019\u00e9tablissement, vous devrez fournir vos renseignements de sant\u00e9, et on pourrait vous demander d\u2019ajuster vos v\u00eatements, de vous d\u00e9v\u00eatir ou d\u2019enfiler une jaquette\/chemise d\u2019h\u00f4pital. <\/p><p>Au d\u00e9but d\u2019un examen \u00e9chographique, attendez-vous \u00e0 ce que l\u2019\u00e9chographiste vous pose des questions se rapportant \u00e0 l\u2019\u00e9chographie exig\u00e9e par le m\u00e9decin pour mieux comprendre la situation.&nbsp; Les examens \u00e9chographiques les plus courants sont pratiqu\u00e9s au niveau de l\u2019abdomen, du bassin, de l\u2019ut\u00e9rus et des trompes de Fallope, de la glande thyro\u00efde, du scrotum, des seins, de la structure musculo-squelettique, de l\u2019appareil cardiaque (le c\u0153ur), des art\u00e8res et des veines.&nbsp; Puisque la qualit\u00e9 de l\u2019examen est largement tributaire du degr\u00e9 de formation et des comp\u00e9tences de votre \u00e9chographiste, vous pouvez demander \u00e0 ce dernier s\u2019il poss\u00e8de un titre ou des titres de comp\u00e9tence.&nbsp;&nbsp; <\/p><p>L\u2019\u00e9chographiste appliquera un gel et la sonde directement sur la r\u00e9gion en question et commencera \u00e0 d\u00e9placer la sonde et \u00e0 ajuster l\u2019appareil pour obtenir la meilleure vue de la r\u00e9gion \u00e0 examiner.&nbsp; Tout au long de l\u2019examen, des images de ce que voit l\u2019\u00e9chographiste sont croqu\u00e9es pour \u00eatre pr\u00e9sent\u00e9es par la suite aux m\u00e9decins.&nbsp; Les examens \u00e9chographiques durent longtemps; la dur\u00e9e varie selon l\u2019examen et se situe entre 25 minutes \u00e0 plus d\u2019une heure et demie.&nbsp; <\/p><p>Il est possible que les personnes qui appuient un patient ne soient pas admises dans la salle d\u2019\u00e9chographie pendant l\u2019examen, selon les politiques de l\u2019\u00e9tablissement, pour que l\u2019\u00e9chographiste puisse accorder toute son attention \u00e0 l\u2019examen.&nbsp; Pour les analyses obst\u00e9triques, une fois la partie technique de l\u2019examen termin\u00e9e, les personnes qui appuient le patient sont parfois admises dans la salle.<\/p><p>L\u2019\u00e9chographiste pr\u00e9pare un r\u00e9sum\u00e9 de ses observations et ce r\u00e9sum\u00e9 jumel\u00e9 aux images est pr\u00e9sent\u00e9 au m\u00e9decin pour son rapport final.&nbsp; Le m\u00e9decin qui r\u00e9dige le rapport d\u2019un examen \u00e9chographique se fie aux conclusions de l\u2019\u00e9chographiste au sujet des ant\u00e9c\u00e9dents et des sympt\u00f4mes du patient et des \u00e9l\u00e9ments observ\u00e9s. <\/p><p> Il <strong>n\u2019appartient pas <\/strong>\u00e0 l\u2019\u00e9chographiste de vous fournir les r\u00e9sultats de votre examen.&nbsp; Votre m\u00e9decin vous pr\u00e9sentera les r\u00e9sultats habituellement \u00e0 votre prochain rendez-vous <\/p><div style=\"text-align:center;\"><a target=\"_blank\" class=\"button button--primary text--centered\" href=\"https:\/\/sonographycanada.ca\/app\/uploads\/2021\/09\/SW2021-Affiche-\u00c0-quoi-sattendre.pdf\" rel=\"noopener noreferrer\">T\u00e9l\u00e9charger l&#8217;affiche<\/a><\/div><p><\/p><div class=\"wp-block-image is-style-default\"><figure class=\"aligncenter size-large\"><a href=\"https:\/\/sonographycanada.ca\/app\/uploads\/2020\/10\/Sonography-info-2019-8.5x11-wave-FR.pdf\" target=\"_blank\" rel=\"noreferrer noopener\"><img loading=\"lazy\" decoding=\"async\" width=\"641\" height=\"832\" src=\"https:\/\/sonographycanada.ca\/app\/uploads\/2020\/10\/Sonography-Week-2019-Affiche-Patients.jpg\" alt=\"\" class=\"wp-image-112002\" srcset=\"https:\/\/sonographycanada.ca\/app\/uploads\/2020\/10\/Sonography-Week-2019-Affiche-Patients.jpg 641w, https:\/\/sonographycanada.ca\/app\/uploads\/2020\/10\/Sonography-Week-2019-Affiche-Patients-600x779.jpg 600w, https:\/\/sonographycanada.ca\/app\/uploads\/2020\/10\/Sonography-Week-2019-Affiche-Patients-231x300.jpg 231w, https:\/\/sonographycanada.ca\/app\/uploads\/2020\/10\/Sonography-Week-2019-Affiche-Patients-154x200.jpg 154w\" sizes=\"(max-width: 641px) 100vw, 641px\" \/><\/a><\/figure><\/div>","protected":false},"excerpt":{"rendered":"<p>Voici \u00e0 quoi vous devriez vous attendre si votre m\u00e9decin vous renvoie \u00e0 une clinique d\u2019\u00e9chographie ou demande qu\u2019on r\u00e9alise un examen \u00e9chographique.&nbsp; D\u2019abord, on estime que l\u2019\u00e9chographie est s\u00e9curitaire entre les mains d\u2019un \u00e9chographiste qualifi\u00e9 et d\u00e9tenteur d\u2019un titre de comp\u00e9tence et faisant l\u2019objet d\u2019une surveillance adapt\u00e9e.&nbsp; Avant votre examen, l\u2019h\u00f4pital ou la clinique [&hellip;]<\/p>\n","protected":false},"author":99,"featured_media":0,"parent":498,"menu_order":0,"comment_status":"closed","ping_status":"closed","template":"","meta":{"_acf_changed":false,"advgb_blocks_editor_width":"","advgb_blocks_columns_visual_guide":"","wicket_organization":"","_seat_count":"","_member_id":[],"_edit_last":"1307","_start_date":"","_end_date":"","footnotes":""},"class_list":["post-4532","page","type-page","status-publish","hentry"],"acf":[],"yoast_head":"<!-- This site is optimized with the Yoast SEO plugin v23.5 - https:\/\/yoast.com\/wordpress\/plugins\/seo\/ -->\n<title>\u00c0 quoi s\u2019attendre au cours d\u2019un examen \u00e9chographique - \u00c9chographie Canada<\/title>\n<meta name=\"robots\" content=\"index, follow, max-snippet:-1, max-image-preview:large, max-video-preview:-1\" \/>\n<link rel=\"canonical\" href=\"https:\/\/sonographycanada.ca\/fr\/concernant-echographie\/a-quoi-sattendre-au-cours-dun-examen-echographique\" \/>\n<meta property=\"og:locale\" content=\"fr_FR\" \/>\n<meta property=\"og:type\" content=\"article\" \/>\n<meta property=\"og:title\" content=\"\u00c0 quoi s\u2019attendre au cours d\u2019un examen \u00e9chographique - \u00c9chographie Canada\" \/>\n<meta property=\"og:description\" content=\"Voici \u00e0 quoi vous devriez vous attendre si votre m\u00e9decin vous renvoie \u00e0 une clinique d\u2019\u00e9chographie ou demande qu\u2019on r\u00e9alise un examen \u00e9chographique.&nbsp; D\u2019abord, on estime que l\u2019\u00e9chographie est s\u00e9curitaire entre les mains d\u2019un \u00e9chographiste qualifi\u00e9 et d\u00e9tenteur d\u2019un titre de comp\u00e9tence et faisant l\u2019objet d\u2019une surveillance adapt\u00e9e.&nbsp; Avant votre examen, l\u2019h\u00f4pital ou la clinique [&hellip;]\" \/>\n<meta property=\"og:url\" content=\"https:\/\/sonographycanada.ca\/fr\/concernant-echographie\/a-quoi-sattendre-au-cours-dun-examen-echographique\" \/>\n<meta property=\"og:site_name\" content=\"\u00c9chographie Canada\" \/>\n<meta property=\"article:modified_time\" content=\"2021-09-30T17:46:21+00:00\" \/>\n<meta property=\"og:image\" content=\"https:\/\/sonographycanada.ca\/app\/uploads\/2020\/10\/Sonography-Week-2019-Affiche-Patients.jpg\" \/>\n<meta name=\"twitter:card\" content=\"summary_large_image\" \/>\n<meta name=\"twitter:label1\" content=\"Est. reading time\" \/>\n\t<meta name=\"twitter:data1\" content=\"3 minutes\" \/>\n<script type=\"application\/ld+json\" class=\"yoast-schema-graph\">{\"@context\":\"https:\/\/schema.org\",\"@graph\":[{\"@type\":\"WebPage\",\"@id\":\"https:\/\/sonographycanada.ca\/fr\/concernant-echographie\/a-quoi-sattendre-au-cours-dun-examen-echographique\",\"url\":\"https:\/\/sonographycanada.ca\/fr\/concernant-echographie\/a-quoi-sattendre-au-cours-dun-examen-echographique\",\"name\":\"\u00c0 quoi s\u2019attendre au cours d\u2019un examen \u00e9chographique - \u00c9chographie Canada\",\"isPartOf\":{\"@id\":\"https:\/\/sonographycanada.ca\/#website\"},\"primaryImageOfPage\":{\"@id\":\"https:\/\/sonographycanada.ca\/fr\/concernant-echographie\/a-quoi-sattendre-au-cours-dun-examen-echographique#primaryimage\"},\"image\":{\"@id\":\"https:\/\/sonographycanada.ca\/fr\/concernant-echographie\/a-quoi-sattendre-au-cours-dun-examen-echographique#primaryimage\"},\"thumbnailUrl\":\"https:\/\/sonographycanada.ca\/app\/uploads\/2020\/10\/Sonography-Week-2019-Affiche-Patients.jpg\",\"datePublished\":\"2019-06-01T01:33:32+00:00\",\"dateModified\":\"2021-09-30T17:46:21+00:00\",\"breadcrumb\":{\"@id\":\"https:\/\/sonographycanada.ca\/fr\/concernant-echographie\/a-quoi-sattendre-au-cours-dun-examen-echographique#breadcrumb\"},\"inLanguage\":\"fr-FR\",\"potentialAction\":[{\"@type\":\"ReadAction\",\"target\":[\"https:\/\/sonographycanada.ca\/fr\/concernant-echographie\/a-quoi-sattendre-au-cours-dun-examen-echographique\"]}]},{\"@type\":\"ImageObject\",\"inLanguage\":\"fr-FR\",\"@id\":\"https:\/\/sonographycanada.ca\/fr\/concernant-echographie\/a-quoi-sattendre-au-cours-dun-examen-echographique#primaryimage\",\"url\":\"https:\/\/sonographycanada.ca\/app\/uploads\/2020\/10\/Sonography-Week-2019-Affiche-Patients.jpg\",\"contentUrl\":\"https:\/\/sonographycanada.ca\/app\/uploads\/2020\/10\/Sonography-Week-2019-Affiche-Patients.jpg\"},{\"@type\":\"BreadcrumbList\",\"@id\":\"https:\/\/sonographycanada.ca\/fr\/concernant-echographie\/a-quoi-sattendre-au-cours-dun-examen-echographique#breadcrumb\",\"itemListElement\":[{\"@type\":\"ListItem\",\"position\":1,\"name\":\"Accueil\",\"item\":\"https:\/\/sonographycanada.ca\/fr\"},{\"@type\":\"ListItem\",\"position\":2,\"name\":\"Concernant l&#8217;\u00e9chographie\",\"item\":\"https:\/\/sonographycanada.ca\/fr\/concernant-echographie\"},{\"@type\":\"ListItem\",\"position\":3,\"name\":\"\u00c0 quoi s\u2019attendre au cours d\u2019un examen \u00e9chographique\"}]},{\"@type\":\"WebSite\",\"@id\":\"https:\/\/sonographycanada.ca\/#website\",\"url\":\"https:\/\/sonographycanada.ca\/\",\"name\":\"\u00c9chographie Canada\",\"description\":\"La voix des \u00e9chographistes m\u00e9dicaux diagnostiques au Canada\",\"potentialAction\":[{\"@type\":\"SearchAction\",\"target\":{\"@type\":\"EntryPoint\",\"urlTemplate\":\"https:\/\/sonographycanada.ca\/?s={search_term_string}\"},\"query-input\":{\"@type\":\"PropertyValueSpecification\",\"valueRequired\":true,\"valueName\":\"search_term_string\"}}],\"inLanguage\":\"fr-FR\"}]}<\/script>\n<!-- \/ Yoast SEO plugin. -->","yoast_head_json":{"title":"\u00c0 quoi s\u2019attendre au cours d\u2019un examen \u00e9chographique - \u00c9chographie Canada","robots":{"index":"index","follow":"follow","max-snippet":"max-snippet:-1","max-image-preview":"max-image-preview:large","max-video-preview":"max-video-preview:-1"},"canonical":"https:\/\/sonographycanada.ca\/fr\/concernant-echographie\/a-quoi-sattendre-au-cours-dun-examen-echographique","og_locale":"fr_FR","og_type":"article","og_title":"\u00c0 quoi s\u2019attendre au cours d\u2019un examen \u00e9chographique - \u00c9chographie Canada","og_description":"Voici \u00e0 quoi vous devriez vous attendre si votre m\u00e9decin vous renvoie \u00e0 une clinique d\u2019\u00e9chographie ou demande qu\u2019on r\u00e9alise un examen \u00e9chographique.&nbsp; D\u2019abord, on estime que l\u2019\u00e9chographie est s\u00e9curitaire entre les mains d\u2019un \u00e9chographiste qualifi\u00e9 et d\u00e9tenteur d\u2019un titre de comp\u00e9tence et faisant l\u2019objet d\u2019une surveillance adapt\u00e9e.&nbsp; Avant votre examen, l\u2019h\u00f4pital ou la clinique [&hellip;]","og_url":"https:\/\/sonographycanada.ca\/fr\/concernant-echographie\/a-quoi-sattendre-au-cours-dun-examen-echographique","og_site_name":"\u00c9chographie Canada","article_modified_time":"2021-09-30T17:46:21+00:00","og_image":[{"url":"https:\/\/sonographycanada.ca\/app\/uploads\/2020\/10\/Sonography-Week-2019-Affiche-Patients.jpg"}],"twitter_card":"summary_large_image","twitter_misc":{"Est. reading time":"3 minutes"},"schema":{"@context":"https:\/\/schema.org","@graph":[{"@type":"WebPage","@id":"https:\/\/sonographycanada.ca\/fr\/concernant-echographie\/a-quoi-sattendre-au-cours-dun-examen-echographique","url":"https:\/\/sonographycanada.ca\/fr\/concernant-echographie\/a-quoi-sattendre-au-cours-dun-examen-echographique","name":"\u00c0 quoi s\u2019attendre au cours d\u2019un examen \u00e9chographique - \u00c9chographie Canada","isPartOf":{"@id":"https:\/\/sonographycanada.ca\/#website"},"primaryImageOfPage":{"@id":"https:\/\/sonographycanada.ca\/fr\/concernant-echographie\/a-quoi-sattendre-au-cours-dun-examen-echographique#primaryimage"},"image":{"@id":"https:\/\/sonographycanada.ca\/fr\/concernant-echographie\/a-quoi-sattendre-au-cours-dun-examen-echographique#primaryimage"},"thumbnailUrl":"https:\/\/sonographycanada.ca\/app\/uploads\/2020\/10\/Sonography-Week-2019-Affiche-Patients.jpg","datePublished":"2019-06-01T01:33:32+00:00","dateModified":"2021-09-30T17:46:21+00:00","breadcrumb":{"@id":"https:\/\/sonographycanada.ca\/fr\/concernant-echographie\/a-quoi-sattendre-au-cours-dun-examen-echographique#breadcrumb"},"inLanguage":"fr-FR","potentialAction":[{"@type":"ReadAction","target":["https:\/\/sonographycanada.ca\/fr\/concernant-echographie\/a-quoi-sattendre-au-cours-dun-examen-echographique"]}]},{"@type":"ImageObject","inLanguage":"fr-FR","@id":"https:\/\/sonographycanada.ca\/fr\/concernant-echographie\/a-quoi-sattendre-au-cours-dun-examen-echographique#primaryimage","url":"https:\/\/sonographycanada.ca\/app\/uploads\/2020\/10\/Sonography-Week-2019-Affiche-Patients.jpg","contentUrl":"https:\/\/sonographycanada.ca\/app\/uploads\/2020\/10\/Sonography-Week-2019-Affiche-Patients.jpg"},{"@type":"BreadcrumbList","@id":"https:\/\/sonographycanada.ca\/fr\/concernant-echographie\/a-quoi-sattendre-au-cours-dun-examen-echographique#breadcrumb","itemListElement":[{"@type":"ListItem","position":1,"name":"Accueil","item":"https:\/\/sonographycanada.ca\/fr"},{"@type":"ListItem","position":2,"name":"Concernant l&#8217;\u00e9chographie","item":"https:\/\/sonographycanada.ca\/fr\/concernant-echographie"},{"@type":"ListItem","position":3,"name":"\u00c0 quoi s\u2019attendre au cours d\u2019un examen \u00e9chographique"}]},{"@type":"WebSite","@id":"https:\/\/sonographycanada.ca\/#website","url":"https:\/\/sonographycanada.ca\/","name":"\u00c9chographie Canada","description":"La voix des \u00e9chographistes m\u00e9dicaux diagnostiques au Canada","potentialAction":[{"@type":"SearchAction","target":{"@type":"EntryPoint","urlTemplate":"https:\/\/sonographycanada.ca\/?s={search_term_string}"},"query-input":{"@type":"PropertyValueSpecification","valueRequired":true,"valueName":"search_term_string"}}],"inLanguage":"fr-FR"}]}},"coauthors":[],"author_meta":{"author_link":"https:\/\/sonographycanada.ca\/fr\/author\/ce124cb3-74c2-4ca8-90e3-5f1af488d0df","display_name":"Beth Bresee"},"relative_dates":{"created":"Publi\u00e9 7 years il y a","modified":"Mis \u00e0 jour 5 years il y a"},"absolute_dates":{"created":"Publi\u00e9 le juin 1, 2019","modified":"Mise \u00e0 jour le septembre 30, 2021"},"absolute_dates_time":{"created":"Publi\u00e9 le juin 1, 2019 1:33 am","modified":"Mise \u00e0 jour le septembre 30, 2021 5:46 pm"},"featured_img_caption":"","featured_img":false,"series_order":"","_links":{"self":[{"href":"https:\/\/sonographycanada.ca\/fr\/wp-json\/wp\/v2\/pages\/4532"}],"collection":[{"href":"https:\/\/sonographycanada.ca\/fr\/wp-json\/wp\/v2\/pages"}],"about":[{"href":"https:\/\/sonographycanada.ca\/fr\/wp-json\/wp\/v2\/types\/page"}],"author":[{"embeddable":true,"href":"https:\/\/sonographycanada.ca\/fr\/wp-json\/wp\/v2\/users\/99"}],"replies":[{"embeddable":true,"href":"https:\/\/sonographycanada.ca\/fr\/wp-json\/wp\/v2\/comments?post=4532"}],"version-history":[{"count":5,"href":"https:\/\/sonographycanada.ca\/fr\/wp-json\/wp\/v2\/pages\/4532\/revisions"}],"predecessor-version":[{"id":135000,"href":"https:\/\/sonographycanada.ca\/fr\/wp-json\/wp\/v2\/pages\/4532\/revisions\/135000"}],"up":[{"embeddable":true,"href":"https:\/\/sonographycanada.ca\/fr\/wp-json\/wp\/v2\/pages\/498"}],"wp:attachment":[{"href":"https:\/\/sonographycanada.ca\/fr\/wp-json\/wp\/v2\/media?parent=4532"}],"curies":[{"name":"wp","href":"https:\/\/api.w.org\/{rel}","templated":true}]}}