{"id":455,"date":"2019-02-28T19:04:28","date_gmt":"2019-02-28T19:04:28","guid":{"rendered":"http:\/\/sonographycanada.ca\/?page_id=455"},"modified":"2022-12-14T14:04:47","modified_gmt":"2022-12-14T14:04:47","slug":"comites","status":"publish","type":"page","link":"https:\/\/sonographycanada.ca\/fr\/adhesion\/comites","title":{"rendered":"Comit\u00e9s"},"content":{"rendered":"<p>Il existe six (6) comit\u00e9s op\u00e9rationnels qui sont nomm\u00e9s par le conseil d\u2019administration.&nbsp; \u00c0 l\u2019aide de&nbsp; b\u00e9n\u00e9voles d\u00e9vou\u00e9s, les comit\u00e9s se penchents continuellement sur l\u2019am\u00e9lioration \u00e0 la pratique de l\u2019\u00e9chographie dans l\u2019int\u00e9r\u00eat de tous les membres et des soins de sant\u00e9 canadiens. &nbsp;\u00c9chographie Canada reconna\u00eet et valorise les contributions \u00e9lev\u00e9es que chaque comit\u00e9 apporte \u00e0 la profession et \u00e0 l\u2019organisation.<\/p><p>L\u2019association compte pr\u00e9sentement les comit\u00e9s op\u00e9rationnels suivants :<\/p><ul class=\"wp-block-list\"><li><a href=\"https:\/\/sonographycanada.ca\/fr\/a-propos\/comites\/comite-prix-bourses\">Comit\u00e9 des bourses et des prix<\/a><\/li><li><a href=\"https:\/\/sonographycanada.ca\/fr\/a-propos\/comites\/comite-redaction-rcem\">Comit\u00e9 de r\u00e9daction de la RCEM<\/a><\/li><li><a href=\"https:\/\/sonographycanada.ca\/fr\/comite-sur-le-developpement-professionnel-continu\">Comit\u00e9 du d\u00e9veloppement professionnel continu<\/a>  <\/li><li><a href=\"https:\/\/sonographycanada.ca\/fr\/a-propos\/comites\/comite-examens\">Comit\u00e9 des examens<\/a><\/li><li><a href=\"https:\/\/sonographycanada.ca\/fr\/a-propos\/comites\/comite-consultatif-education\">Comit\u00e9 consultatif sur l&#8217;\u00e9ducation nationale <\/a><\/li><li><a href=\"https:\/\/sonographycanada.ca\/fr\/a-propos\/comites\/comite-pratique-professionnelle\">Comit\u00e9 de la pratique professionnelle<\/a> <\/li><\/ul><p>Les membres des comit\u00e9s op\u00e9rationnels sont propos\u00e9es par le Comit\u00e9 des candidatures et approuv\u00e9s par le conseil d\u2019administration, souvent suite \u00e0 un appel aux b\u00e9n\u00e9voles.<\/p><h3 class=\"wp-block-heading\">R\u00f4les et responsabilit\u00e9s des comit\u00e9s<\/h3><h4 class=\"wp-block-heading\">Pr\u00e9sident du comit\u00e9<\/h4><ul class=\"wp-block-list\"><li>Guider le comit\u00e9 dans l&#8217;\u00e9tablissement des buts et des objectifs<\/li><li>Coordonner le calendrier des r\u00e9unions et les ordres du jour avec le personnel<\/li><li>Animer les r\u00e9unions et les t\u00e9l\u00e9conf\u00e9rences; veiller \u00e0 ce que les proc\u00e8s-verbaux soient r\u00e9dig\u00e9s<\/li><li>Identifier les membres potentiels du comit\u00e9<\/li><li>Repr\u00e9senter le comit\u00e9 et rendre compte de ses activit\u00e9s au conseil d&#8217;administration d&#8217;\u00c9chographie Canada.<\/li><\/ul><h4 class=\"wp-block-heading\">Membres du comit\u00e9<\/h4><ul class=\"wp-block-list\"><li>Assister \u00e0 au moins 80 % des r\u00e9unions et t\u00e9l\u00e9conf\u00e9rences<\/li><li> Se pr\u00e9senter aux r\u00e9unions pr\u00e9par\u00e9s<\/li><li> Pr\u00e9server la confidentialit\u00e9 des activit\u00e9s du comit\u00e9<\/li><li> Effectuer les travaux dans les d\u00e9lais convenus<\/li><li> Respecter les exigences suppl\u00e9mentaires d\u00e9crites dans les termes de r\u00e9f\u00e9rence du comit\u00e9.<\/li><\/ul><p class=\"has-small-font-size\">Page r\u00e9vis\u00e9e le 8 avril 2022.<\/p>","protected":false},"excerpt":{"rendered":"<p>Il existe six (6) comit\u00e9s op\u00e9rationnels qui sont nomm\u00e9s par le conseil d\u2019administration.&nbsp; \u00c0 l\u2019aide de&nbsp; b\u00e9n\u00e9voles d\u00e9vou\u00e9s, les comit\u00e9s se penchents continuellement sur l\u2019am\u00e9lioration \u00e0 la pratique de l\u2019\u00e9chographie dans l\u2019int\u00e9r\u00eat de tous les membres et des soins de sant\u00e9 canadiens. &nbsp;\u00c9chographie Canada reconna\u00eet et valorise les contributions \u00e9lev\u00e9es que chaque comit\u00e9 apporte \u00e0 [&hellip;]<\/p>\n","protected":false},"author":1,"featured_media":0,"parent":516,"menu_order":5,"comment_status":"closed","ping_status":"closed","template":"","meta":{"_acf_changed":false,"advgb_blocks_editor_width":"","advgb_blocks_columns_visual_guide":"","wicket_organization":"","_seat_count":"","_member_id":[],"_edit_last":"1307","_start_date":"","_end_date":"","footnotes":""},"class_list":["post-455","page","type-page","status-publish","hentry"],"acf":[],"yoast_head":"<!-- This site is optimized with the Yoast SEO plugin v23.5 - https:\/\/yoast.com\/wordpress\/plugins\/seo\/ -->\n<title>Comit\u00e9s - \u00c9chographie Canada<\/title>\n<meta name=\"robots\" content=\"index, follow, max-snippet:-1, max-image-preview:large, max-video-preview:-1\" \/>\n<link rel=\"canonical\" href=\"https:\/\/sonographycanada.ca\/fr\/adhesion\/comites\" \/>\n<meta property=\"og:locale\" content=\"fr_FR\" \/>\n<meta property=\"og:type\" content=\"article\" \/>\n<meta property=\"og:title\" content=\"Comit\u00e9s - \u00c9chographie Canada\" \/>\n<meta property=\"og:description\" content=\"Il existe six (6) comit\u00e9s op\u00e9rationnels qui sont nomm\u00e9s par le conseil d\u2019administration.&nbsp; \u00c0 l\u2019aide de&nbsp; b\u00e9n\u00e9voles d\u00e9vou\u00e9s, les comit\u00e9s se penchents continuellement sur l\u2019am\u00e9lioration \u00e0 la pratique de l\u2019\u00e9chographie dans l\u2019int\u00e9r\u00eat de tous les membres et des soins de sant\u00e9 canadiens. &nbsp;\u00c9chographie Canada reconna\u00eet et valorise les contributions \u00e9lev\u00e9es que chaque comit\u00e9 apporte \u00e0 [&hellip;]\" \/>\n<meta property=\"og:url\" content=\"https:\/\/sonographycanada.ca\/fr\/adhesion\/comites\" \/>\n<meta property=\"og:site_name\" content=\"\u00c9chographie Canada\" \/>\n<meta property=\"article:modified_time\" content=\"2022-12-14T14:04:47+00:00\" \/>\n<meta name=\"twitter:card\" content=\"summary_large_image\" \/>\n<meta name=\"twitter:label1\" content=\"Est. reading time\" \/>\n\t<meta name=\"twitter:data1\" content=\"1 minute\" \/>\n<script type=\"application\/ld+json\" class=\"yoast-schema-graph\">{\"@context\":\"https:\/\/schema.org\",\"@graph\":[{\"@type\":\"WebPage\",\"@id\":\"https:\/\/sonographycanada.ca\/fr\/adhesion\/comites\",\"url\":\"https:\/\/sonographycanada.ca\/fr\/adhesion\/comites\",\"name\":\"Comit\u00e9s - \u00c9chographie Canada\",\"isPartOf\":{\"@id\":\"https:\/\/sonographycanada.ca\/#website\"},\"datePublished\":\"2019-02-28T19:04:28+00:00\",\"dateModified\":\"2022-12-14T14:04:47+00:00\",\"breadcrumb\":{\"@id\":\"https:\/\/sonographycanada.ca\/fr\/adhesion\/comites#breadcrumb\"},\"inLanguage\":\"fr-FR\",\"potentialAction\":[{\"@type\":\"ReadAction\",\"target\":[\"https:\/\/sonographycanada.ca\/fr\/adhesion\/comites\"]}]},{\"@type\":\"BreadcrumbList\",\"@id\":\"https:\/\/sonographycanada.ca\/fr\/adhesion\/comites#breadcrumb\",\"itemListElement\":[{\"@type\":\"ListItem\",\"position\":1,\"name\":\"Accueil\",\"item\":\"https:\/\/sonographycanada.ca\/fr\"},{\"@type\":\"ListItem\",\"position\":2,\"name\":\"Adh\u00e9sion\",\"item\":\"https:\/\/sonographycanada.ca\/fr\/adhesion\"},{\"@type\":\"ListItem\",\"position\":3,\"name\":\"Comit\u00e9s\"}]},{\"@type\":\"WebSite\",\"@id\":\"https:\/\/sonographycanada.ca\/#website\",\"url\":\"https:\/\/sonographycanada.ca\/\",\"name\":\"\u00c9chographie Canada\",\"description\":\"La voix des \u00e9chographistes m\u00e9dicaux diagnostiques au Canada\",\"potentialAction\":[{\"@type\":\"SearchAction\",\"target\":{\"@type\":\"EntryPoint\",\"urlTemplate\":\"https:\/\/sonographycanada.ca\/?s={search_term_string}\"},\"query-input\":{\"@type\":\"PropertyValueSpecification\",\"valueRequired\":true,\"valueName\":\"search_term_string\"}}],\"inLanguage\":\"fr-FR\"}]}<\/script>\n<!-- \/ Yoast SEO plugin. -->","yoast_head_json":{"title":"Comit\u00e9s - \u00c9chographie Canada","robots":{"index":"index","follow":"follow","max-snippet":"max-snippet:-1","max-image-preview":"max-image-preview:large","max-video-preview":"max-video-preview:-1"},"canonical":"https:\/\/sonographycanada.ca\/fr\/adhesion\/comites","og_locale":"fr_FR","og_type":"article","og_title":"Comit\u00e9s - \u00c9chographie Canada","og_description":"Il existe six (6) comit\u00e9s op\u00e9rationnels qui sont nomm\u00e9s par le conseil d\u2019administration.&nbsp; \u00c0 l\u2019aide de&nbsp; b\u00e9n\u00e9voles d\u00e9vou\u00e9s, les comit\u00e9s se penchents continuellement sur l\u2019am\u00e9lioration \u00e0 la pratique de l\u2019\u00e9chographie dans l\u2019int\u00e9r\u00eat de tous les membres et des soins de sant\u00e9 canadiens. &nbsp;\u00c9chographie Canada reconna\u00eet et valorise les contributions \u00e9lev\u00e9es que chaque comit\u00e9 apporte \u00e0 [&hellip;]","og_url":"https:\/\/sonographycanada.ca\/fr\/adhesion\/comites","og_site_name":"\u00c9chographie Canada","article_modified_time":"2022-12-14T14:04:47+00:00","twitter_card":"summary_large_image","twitter_misc":{"Est. reading time":"1 minute"},"schema":{"@context":"https:\/\/schema.org","@graph":[{"@type":"WebPage","@id":"https:\/\/sonographycanada.ca\/fr\/adhesion\/comites","url":"https:\/\/sonographycanada.ca\/fr\/adhesion\/comites","name":"Comit\u00e9s - \u00c9chographie Canada","isPartOf":{"@id":"https:\/\/sonographycanada.ca\/#website"},"datePublished":"2019-02-28T19:04:28+00:00","dateModified":"2022-12-14T14:04:47+00:00","breadcrumb":{"@id":"https:\/\/sonographycanada.ca\/fr\/adhesion\/comites#breadcrumb"},"inLanguage":"fr-FR","potentialAction":[{"@type":"ReadAction","target":["https:\/\/sonographycanada.ca\/fr\/adhesion\/comites"]}]},{"@type":"BreadcrumbList","@id":"https:\/\/sonographycanada.ca\/fr\/adhesion\/comites#breadcrumb","itemListElement":[{"@type":"ListItem","position":1,"name":"Accueil","item":"https:\/\/sonographycanada.ca\/fr"},{"@type":"ListItem","position":2,"name":"Adh\u00e9sion","item":"https:\/\/sonographycanada.ca\/fr\/adhesion"},{"@type":"ListItem","position":3,"name":"Comit\u00e9s"}]},{"@type":"WebSite","@id":"https:\/\/sonographycanada.ca\/#website","url":"https:\/\/sonographycanada.ca\/","name":"\u00c9chographie Canada","description":"La voix des \u00e9chographistes m\u00e9dicaux diagnostiques au Canada","potentialAction":[{"@type":"SearchAction","target":{"@type":"EntryPoint","urlTemplate":"https:\/\/sonographycanada.ca\/?s={search_term_string}"},"query-input":{"@type":"PropertyValueSpecification","valueRequired":true,"valueName":"search_term_string"}}],"inLanguage":"fr-FR"}]}},"coauthors":[],"author_meta":{"author_link":"https:\/\/sonographycanada.ca\/fr\/author\/admin","display_name":"Kevin Andrews"},"relative_dates":{"created":"Publi\u00e9 7 years il y a","modified":"Mis \u00e0 jour 3 years il y a"},"absolute_dates":{"created":"Publi\u00e9 le f\u00e9vrier 28, 2019","modified":"Mise \u00e0 jour le d\u00e9cembre 14, 2022"},"absolute_dates_time":{"created":"Publi\u00e9 le f\u00e9vrier 28, 2019 7:04 pm","modified":"Mise \u00e0 jour le d\u00e9cembre 14, 2022 2:04 pm"},"featured_img_caption":"","featured_img":false,"series_order":"","_links":{"self":[{"href":"https:\/\/sonographycanada.ca\/fr\/wp-json\/wp\/v2\/pages\/455"}],"collection":[{"href":"https:\/\/sonographycanada.ca\/fr\/wp-json\/wp\/v2\/pages"}],"about":[{"href":"https:\/\/sonographycanada.ca\/fr\/wp-json\/wp\/v2\/types\/page"}],"author":[{"embeddable":true,"href":"https:\/\/sonographycanada.ca\/fr\/wp-json\/wp\/v2\/users\/1"}],"replies":[{"embeddable":true,"href":"https:\/\/sonographycanada.ca\/fr\/wp-json\/wp\/v2\/comments?post=455"}],"version-history":[{"count":13,"href":"https:\/\/sonographycanada.ca\/fr\/wp-json\/wp\/v2\/pages\/455\/revisions"}],"predecessor-version":[{"id":162539,"href":"https:\/\/sonographycanada.ca\/fr\/wp-json\/wp\/v2\/pages\/455\/revisions\/162539"}],"up":[{"embeddable":true,"href":"https:\/\/sonographycanada.ca\/fr\/wp-json\/wp\/v2\/pages\/516"}],"wp:attachment":[{"href":"https:\/\/sonographycanada.ca\/fr\/wp-json\/wp\/v2\/media?parent=455"}],"curies":[{"name":"wp","href":"https:\/\/api.w.org\/{rel}","templated":true}]}}