{"id":457,"date":"2019-02-28T19:05:32","date_gmt":"2019-02-28T19:05:32","guid":{"rendered":"http:\/\/sonographycanada.ca\/?page_id=457"},"modified":"2023-04-05T18:29:54","modified_gmt":"2023-04-05T22:29:54","slug":"comite-appel-discipline","status":"publish","type":"page","link":"https:\/\/sonographycanada.ca\/fr\/adhesion\/comites\/comite-appel-discipline","title":{"rendered":"Comit\u00e9 d&#8217;appel et de discipline"},"content":{"rendered":"<p>Les objectifs du comit\u00e9 d&#8217;appel et de discipline du Conseil sont les suivants&nbsp;:<\/p><ul class=\"wp-block-list\"><li>d\u00e9terminer les mesures disciplinaires \u00e0 prendre contre un membre en cas de violation pr\u00e9sum\u00e9e du Code de d\u00e9ontologie ou du Code de conduite de la Soci\u00e9t\u00e9, de n\u00e9gligence ou de tout autre acte jug\u00e9 contraire \u00e0 l&#8217;int\u00e9r\u00eat public;<\/li><li>entendre les appels des membres relatifs aux mesures prises par la Soci\u00e9t\u00e9 contre un membre; et<\/li><li>entendre les appels des candidats \u00e0 l&#8217;examen \u00e0 l&#8217;\u00e9gard de l&#8217;administration des examens d&#8217;accr\u00e9ditation de la Soci\u00e9t\u00e9.<\/li><\/ul><p>Cliquez&nbsp;<a rel=\"noreferrer noopener\" href=\"https:\/\/www.sonographycanada.ca\/Apps\/Sites-Gestion\/telechargement_de_fichiers\/Telechargement_des_donnees\/49312\/Appeals%20and%20Discipline%20Policy%20Member%20Discipline%209Jan2018_FR_Finalweb\/pdf\/1\/3084\" target=\"_blank\">I<\/a><a href=\"https:\/\/sonographycanada.ca\/app\/uploads\/2019\/03\/Appeals-and-Discipline-Policy-Member-Discipline-9Jan2018_FR_Finalweb.pdf\" target=\"_blank\" rel=\"noreferrer noopener\" aria-label=\"CI (opens in a new tab)\">CI<\/a>&nbsp;pour la politique sur les appels et les mesures disciplinaires d&#8217;\u00c9chographie Canada.&nbsp;<\/p><p>Les appels li\u00e9s \u00e0 l&#8217;administration des examens d&#8217;accr\u00e9ditation doivent suivre la proc\u00e9dure d\u00e9crite dans\u00a0<a href=\"https:\/\/sonographycanada.ca\/app\/uploads\/2023\/04\/Candidate-Guide-FR-updated-April-2023.pdf\" target=\"_blank\" rel=\"noreferrer noopener\">le Guide du candidat<\/a>\u00a0en utilisant le formulaire de\u00a0<a aria-label=\" (opens in a new tab)\" href=\"https:\/\/sonographycanada.ca\/app\/uploads\/2022\/05\/Fillable_Appeals-Form-2022-FR.pdf\" target=\"_blank\" rel=\"noreferrer noopener\">Demande d&#8217;appels<\/a>\u00a0li\u00e9s d&#8217;examen.\u00a0<\/p><p>Tous les autres appels doivent \u00eatre adress\u00e9s au Comit\u00e9 d&#8217;appel et de discipline, aux soins du Directeur administratif, et soumis \u00e0&nbsp;<a href=\"mailto:Info@sonographycanada.ca\">info@sonographycanada.ca<\/a><\/p>","protected":false},"excerpt":{"rendered":"<p>Les objectifs du comit\u00e9 d&#8217;appel et de discipline du Conseil sont les suivants&nbsp;: d\u00e9terminer les mesures disciplinaires \u00e0 prendre contre un membre en cas de violation pr\u00e9sum\u00e9e du Code de d\u00e9ontologie ou du Code de conduite de la Soci\u00e9t\u00e9, de n\u00e9gligence ou de tout autre acte jug\u00e9 contraire \u00e0 l&#8217;int\u00e9r\u00eat public; entendre les appels des [&hellip;]<\/p>\n","protected":false},"author":1,"featured_media":0,"parent":455,"menu_order":104010,"comment_status":"closed","ping_status":"closed","template":"","meta":{"_acf_changed":false,"advgb_blocks_editor_width":"","advgb_blocks_columns_visual_guide":"","wicket_organization":"","_seat_count":"","_member_id":[],"_edit_last":"1287","_start_date":"","_end_date":"","footnotes":""},"class_list":["post-457","page","type-page","status-publish","hentry"],"acf":[],"yoast_head":"<!-- This site is optimized with the Yoast SEO plugin v23.5 - https:\/\/yoast.com\/wordpress\/plugins\/seo\/ -->\n<title>Comit\u00e9 d&#039;appel et de discipline - \u00c9chographie Canada<\/title>\n<meta name=\"robots\" content=\"index, follow, max-snippet:-1, max-image-preview:large, max-video-preview:-1\" \/>\n<link rel=\"canonical\" href=\"https:\/\/sonographycanada.ca\/fr\/adhesion\/comites\/comite-appel-discipline\" \/>\n<meta property=\"og:locale\" content=\"fr_FR\" \/>\n<meta property=\"og:type\" content=\"article\" \/>\n<meta property=\"og:title\" content=\"Comit\u00e9 d&#039;appel et de discipline - \u00c9chographie Canada\" \/>\n<meta property=\"og:description\" content=\"Les objectifs du comit\u00e9 d&#8217;appel et de discipline du Conseil sont les suivants&nbsp;: d\u00e9terminer les mesures disciplinaires \u00e0 prendre contre un membre en cas de violation pr\u00e9sum\u00e9e du Code de d\u00e9ontologie ou du Code de conduite de la Soci\u00e9t\u00e9, de n\u00e9gligence ou de tout autre acte jug\u00e9 contraire \u00e0 l&#8217;int\u00e9r\u00eat public; entendre les appels des [&hellip;]\" \/>\n<meta property=\"og:url\" content=\"https:\/\/sonographycanada.ca\/fr\/adhesion\/comites\/comite-appel-discipline\" \/>\n<meta property=\"og:site_name\" content=\"\u00c9chographie Canada\" \/>\n<meta property=\"article:modified_time\" content=\"2023-04-05T22:29:54+00:00\" \/>\n<meta name=\"twitter:card\" content=\"summary_large_image\" \/>\n<meta name=\"twitter:label1\" content=\"Est. reading time\" \/>\n\t<meta name=\"twitter:data1\" content=\"1 minute\" \/>\n<script type=\"application\/ld+json\" class=\"yoast-schema-graph\">{\"@context\":\"https:\/\/schema.org\",\"@graph\":[{\"@type\":\"WebPage\",\"@id\":\"https:\/\/sonographycanada.ca\/fr\/adhesion\/comites\/comite-appel-discipline\",\"url\":\"https:\/\/sonographycanada.ca\/fr\/adhesion\/comites\/comite-appel-discipline\",\"name\":\"Comit\u00e9 d'appel et de discipline - \u00c9chographie Canada\",\"isPartOf\":{\"@id\":\"https:\/\/sonographycanada.ca\/#website\"},\"datePublished\":\"2019-02-28T19:05:32+00:00\",\"dateModified\":\"2023-04-05T22:29:54+00:00\",\"breadcrumb\":{\"@id\":\"https:\/\/sonographycanada.ca\/fr\/adhesion\/comites\/comite-appel-discipline#breadcrumb\"},\"inLanguage\":\"fr-FR\",\"potentialAction\":[{\"@type\":\"ReadAction\",\"target\":[\"https:\/\/sonographycanada.ca\/fr\/adhesion\/comites\/comite-appel-discipline\"]}]},{\"@type\":\"BreadcrumbList\",\"@id\":\"https:\/\/sonographycanada.ca\/fr\/adhesion\/comites\/comite-appel-discipline#breadcrumb\",\"itemListElement\":[{\"@type\":\"ListItem\",\"position\":1,\"name\":\"Accueil\",\"item\":\"https:\/\/sonographycanada.ca\/fr\"},{\"@type\":\"ListItem\",\"position\":2,\"name\":\"Adh\u00e9sion\",\"item\":\"https:\/\/sonographycanada.ca\/fr\/adhesion\"},{\"@type\":\"ListItem\",\"position\":3,\"name\":\"Comit\u00e9s\",\"item\":\"https:\/\/sonographycanada.ca\/fr\/adhesion\/comites\"},{\"@type\":\"ListItem\",\"position\":4,\"name\":\"Comit\u00e9 d&#8217;appel et de discipline\"}]},{\"@type\":\"WebSite\",\"@id\":\"https:\/\/sonographycanada.ca\/#website\",\"url\":\"https:\/\/sonographycanada.ca\/\",\"name\":\"\u00c9chographie Canada\",\"description\":\"La voix des \u00e9chographistes m\u00e9dicaux diagnostiques au Canada\",\"potentialAction\":[{\"@type\":\"SearchAction\",\"target\":{\"@type\":\"EntryPoint\",\"urlTemplate\":\"https:\/\/sonographycanada.ca\/?s={search_term_string}\"},\"query-input\":{\"@type\":\"PropertyValueSpecification\",\"valueRequired\":true,\"valueName\":\"search_term_string\"}}],\"inLanguage\":\"fr-FR\"}]}<\/script>\n<!-- \/ Yoast SEO plugin. -->","yoast_head_json":{"title":"Comit\u00e9 d'appel et de discipline - \u00c9chographie Canada","robots":{"index":"index","follow":"follow","max-snippet":"max-snippet:-1","max-image-preview":"max-image-preview:large","max-video-preview":"max-video-preview:-1"},"canonical":"https:\/\/sonographycanada.ca\/fr\/adhesion\/comites\/comite-appel-discipline","og_locale":"fr_FR","og_type":"article","og_title":"Comit\u00e9 d'appel et de discipline - \u00c9chographie Canada","og_description":"Les objectifs du comit\u00e9 d&#8217;appel et de discipline du Conseil sont les suivants&nbsp;: d\u00e9terminer les mesures disciplinaires \u00e0 prendre contre un membre en cas de violation pr\u00e9sum\u00e9e du Code de d\u00e9ontologie ou du Code de conduite de la Soci\u00e9t\u00e9, de n\u00e9gligence ou de tout autre acte jug\u00e9 contraire \u00e0 l&#8217;int\u00e9r\u00eat public; entendre les appels des [&hellip;]","og_url":"https:\/\/sonographycanada.ca\/fr\/adhesion\/comites\/comite-appel-discipline","og_site_name":"\u00c9chographie Canada","article_modified_time":"2023-04-05T22:29:54+00:00","twitter_card":"summary_large_image","twitter_misc":{"Est. reading time":"1 minute"},"schema":{"@context":"https:\/\/schema.org","@graph":[{"@type":"WebPage","@id":"https:\/\/sonographycanada.ca\/fr\/adhesion\/comites\/comite-appel-discipline","url":"https:\/\/sonographycanada.ca\/fr\/adhesion\/comites\/comite-appel-discipline","name":"Comit\u00e9 d'appel et de discipline - \u00c9chographie Canada","isPartOf":{"@id":"https:\/\/sonographycanada.ca\/#website"},"datePublished":"2019-02-28T19:05:32+00:00","dateModified":"2023-04-05T22:29:54+00:00","breadcrumb":{"@id":"https:\/\/sonographycanada.ca\/fr\/adhesion\/comites\/comite-appel-discipline#breadcrumb"},"inLanguage":"fr-FR","potentialAction":[{"@type":"ReadAction","target":["https:\/\/sonographycanada.ca\/fr\/adhesion\/comites\/comite-appel-discipline"]}]},{"@type":"BreadcrumbList","@id":"https:\/\/sonographycanada.ca\/fr\/adhesion\/comites\/comite-appel-discipline#breadcrumb","itemListElement":[{"@type":"ListItem","position":1,"name":"Accueil","item":"https:\/\/sonographycanada.ca\/fr"},{"@type":"ListItem","position":2,"name":"Adh\u00e9sion","item":"https:\/\/sonographycanada.ca\/fr\/adhesion"},{"@type":"ListItem","position":3,"name":"Comit\u00e9s","item":"https:\/\/sonographycanada.ca\/fr\/adhesion\/comites"},{"@type":"ListItem","position":4,"name":"Comit\u00e9 d&#8217;appel et de discipline"}]},{"@type":"WebSite","@id":"https:\/\/sonographycanada.ca\/#website","url":"https:\/\/sonographycanada.ca\/","name":"\u00c9chographie Canada","description":"La voix des \u00e9chographistes m\u00e9dicaux diagnostiques au Canada","potentialAction":[{"@type":"SearchAction","target":{"@type":"EntryPoint","urlTemplate":"https:\/\/sonographycanada.ca\/?s={search_term_string}"},"query-input":{"@type":"PropertyValueSpecification","valueRequired":true,"valueName":"search_term_string"}}],"inLanguage":"fr-FR"}]}},"coauthors":[],"author_meta":{"author_link":"https:\/\/sonographycanada.ca\/fr\/author\/admin","display_name":"Kevin Andrews"},"relative_dates":{"created":"Publi\u00e9 7 years il y a","modified":"Mis \u00e0 jour 3 years il y a"},"absolute_dates":{"created":"Publi\u00e9 le f\u00e9vrier 28, 2019","modified":"Mise \u00e0 jour le avril 5, 2023"},"absolute_dates_time":{"created":"Publi\u00e9 le f\u00e9vrier 28, 2019 7:05 pm","modified":"Mise \u00e0 jour le avril 5, 2023 6:29 pm"},"featured_img_caption":"","featured_img":false,"series_order":"","_links":{"self":[{"href":"https:\/\/sonographycanada.ca\/fr\/wp-json\/wp\/v2\/pages\/457"}],"collection":[{"href":"https:\/\/sonographycanada.ca\/fr\/wp-json\/wp\/v2\/pages"}],"about":[{"href":"https:\/\/sonographycanada.ca\/fr\/wp-json\/wp\/v2\/types\/page"}],"author":[{"embeddable":true,"href":"https:\/\/sonographycanada.ca\/fr\/wp-json\/wp\/v2\/users\/1"}],"replies":[{"embeddable":true,"href":"https:\/\/sonographycanada.ca\/fr\/wp-json\/wp\/v2\/comments?post=457"}],"version-history":[{"count":9,"href":"https:\/\/sonographycanada.ca\/fr\/wp-json\/wp\/v2\/pages\/457\/revisions"}],"predecessor-version":[{"id":175632,"href":"https:\/\/sonographycanada.ca\/fr\/wp-json\/wp\/v2\/pages\/457\/revisions\/175632"}],"up":[{"embeddable":true,"href":"https:\/\/sonographycanada.ca\/fr\/wp-json\/wp\/v2\/pages\/455"}],"wp:attachment":[{"href":"https:\/\/sonographycanada.ca\/fr\/wp-json\/wp\/v2\/media?parent=457"}],"curies":[{"name":"wp","href":"https:\/\/api.w.org\/{rel}","templated":true}]}}